{"id":5906,"date":"2021-07-09T10:45:56","date_gmt":"2021-07-09T02:45:56","guid":{"rendered":"https:\/\/richarms.com\/?post_type=product&#038;p=5906"},"modified":"2025-02-23T22:52:42","modified_gmt":"2025-02-23T14:52:42","slug":"magnetic-name-badge","status":"publish","type":"product","link":"https:\/\/richarms.com\/fr\/product\/magnetic-name-badge","title":{"rendered":"Badge magn\u00e9tique"},"content":{"rendered":"<h1 data-start=\"1686\" data-end=\"1968\">Badge magn\u00e9tique<\/h1>\n<p data-start=\"1686\" data-end=\"1968\">Notre <strong data-start=\"1690\" data-end=\"1713\">Badge magn\u00e9tique<\/strong> est une option polyvalente et de haute qualit\u00e9 pour les particuliers et les entreprises. Il s'agit d'un badge rectangulaire en plastique avec <strong data-start=\"1828\" data-end=\"1851\">trois aimants ronds<\/strong> attach\u00e9e au dos, cette <strong data-start=\"1879\" data-end=\"1900\">badge magn\u00e9tique<\/strong> assure un maintien solide, emp\u00eachant l'\u00e9tiquette de se d\u00e9placer pendant l'utilisation.<\/p>\n<ul data-start=\"1970\" data-end=\"2198\">\n<li data-start=\"1970\" data-end=\"2043\"><strong data-start=\"1972\" data-end=\"1987\">Dimensions :<\/strong> Forme rectangulaire avec beaucoup d'espace pour la personnalisation.<\/li>\n<li data-start=\"2044\" data-end=\"2139\"><strong data-start=\"2046\" data-end=\"2059\">La force :<\/strong> Comprend <strong data-start=\"2069\" data-end=\"2092\">trois aimants ronds<\/strong> et un <strong data-start=\"2099\" data-end=\"2117\">feuille magn\u00e9tique<\/strong> pour plus de s\u00e9curit\u00e9.<\/li>\n<li data-start=\"2140\" data-end=\"2198\"><strong data-start=\"2142\" data-end=\"2155\">Mat\u00e9riau :<\/strong> Plastique durable avec <strong data-start=\"2177\" data-end=\"2197\">support magn\u00e9tique<\/strong>.<\/li>\n<\/ul>\n<p data-start=\"2200\" data-end=\"2427\">Parfait pour <strong data-start=\"2212\" data-end=\"2225\">employ\u00e9s<\/strong>, <strong data-start=\"2227\" data-end=\"2242\">conventions<\/strong>et <strong data-start=\"2248\" data-end=\"2267\">\u00e9v\u00e9nements professionnels<\/strong>, ce <strong data-start=\"2274\" data-end=\"2297\">badge magn\u00e9tique<\/strong> permet une fixation facile aux v\u00eatements sans \u00e9pingles ni clips, ce qui en fait une option plus confortable et plus professionnelle pour les badges.<\/p>\n<p data-start=\"1529\" data-end=\"1649\">Pour plus d'options, consultez notre <a href=\"https:\/\/richarms.com\/fr\/categorie-produit\/magnetic-name-tag\/\" target=\"_new\" rel=\"noopener\" data-start=\"1561\" data-end=\"1648\">Collection de badges magn\u00e9tiques<\/a>.<\/p>\n<p data-start=\"1529\" data-end=\"1649\">Pour les commandes d'\u00e9chantillons, veuillez<a href=\"http:\/\/richarmshardware.com\/\"> acheter ici<\/a><\/p>\n<p data-start=\"1529\" data-end=\"1649\">Pour des applications innovantes, veuillez consulter notre <a href=\"https:\/\/www.pinterest.com\/richarmsaccessoriesgroups\/\">canal pinterest.<\/a><\/p>\n<p data-start=\"784\" data-end=\"805\">","protected":false},"excerpt":{"rendered":"<div class=\"post-content woocommerce-product-details__short-description\">\n<div class=\"sr-txt-title\">\n<p class=\"sr-txt-h2\">Type : Porte-nom magn\u00e9tique Badge<br \/>\nMat\u00e9riau : Plastique, aimant NdFeB, pi\u00e8ce m\u00e9tallique et ruban adh\u00e9sif 3M<br \/>\nNum\u00e9ro de mod\u00e8le : RC-MNT<br \/>\nLogo : peut \u00eatre costum\u00e9<br \/>\nLa taille et la forme peuvent \u00eatre personnalis\u00e9es<br \/>\nCouleur : acier brut (lisse ou bross\u00e9), et autres couleurs disponibles<br \/>\nEmballage : bo\u00eete et carton<br \/>\nExp\u00e9dition : LCL\/ DHL \/ FedEx \/ TNT \/ Autre<\/p>\n<\/div>\n<\/div>","protected":false},"featured_media":5893,"template":"","meta":[],"product_brand":[],"product_cat":[64],"product_tag":[],"class_list":{"0":"post-5906","1":"product","2":"type-product","3":"status-publish","4":"has-post-thumbnail","6":"product_cat-magnetic-name-tag","8":"first","9":"instock","10":"shipping-taxable","11":"product-type-simple"},"aioseo_notices":[],"_links":{"self":[{"href":"https:\/\/richarms.com\/fr\/wp-json\/wp\/v2\/product\/5906","targetHints":{"allow":["GET"]}}],"collection":[{"href":"https:\/\/richarms.com\/fr\/wp-json\/wp\/v2\/product"}],"about":[{"href":"https:\/\/richarms.com\/fr\/wp-json\/wp\/v2\/types\/product"}],"wp:featuredmedia":[{"embeddable":true,"href":"https:\/\/richarms.com\/fr\/wp-json\/wp\/v2\/media\/5893"}],"wp:attachment":[{"href":"https:\/\/richarms.com\/fr\/wp-json\/wp\/v2\/media?parent=5906"}],"wp:term":[{"taxonomy":"product_brand","embeddable":true,"href":"https:\/\/richarms.com\/fr\/wp-json\/wp\/v2\/product_brand?post=5906"},{"taxonomy":"product_cat","embeddable":true,"href":"https:\/\/richarms.com\/fr\/wp-json\/wp\/v2\/product_cat?post=5906"},{"taxonomy":"product_tag","embeddable":true,"href":"https:\/\/richarms.com\/fr\/wp-json\/wp\/v2\/product_tag?post=5906"}],"curies":[{"name":"wp","href":"https:\/\/api.w.org\/{rel}","templated":true}]}}