{"id":6036,"date":"2021-07-05T15:05:53","date_gmt":"2021-07-05T07:05:53","guid":{"rendered":"https:\/\/richarms.com\/?post_type=product&#038;p=6036"},"modified":"2025-02-06T15:04:52","modified_gmt":"2025-02-06T07:04:52","slug":"stainless-steel-money-clip","status":"publish","type":"product","link":"https:\/\/richarms.com\/fr\/product\/stainless-steel-money-clip","title":{"rendered":"Pince \u00e0 billets en acier inoxydable"},"content":{"rendered":"<h2>Pince \u00e0 billets en m\u00e9tal inoxydable avec logo personnalis\u00e9<\/h2>\n<table class=\"hight-light-first-column all magic-5\">\n<tbody>\n<tr>\n<td colspan=\"1\" rowspan=\"1\">\n<div class=\"magic-6\">\n<div class=\"magic-7\" data-spm-anchor-id=\"0.0.0.i3.146a4f052OphY4\">Nom du produit<\/div>\n<\/div>\n<\/td>\n<td colspan=\"3\" rowspan=\"1\">\n<div class=\"magic-8\">\n<div class=\"magic-9\" data-spm-anchor-id=\"0.0.0.i47.146a4f05NgRyFa\">Pince \u00e0 billets en m\u00e9tal inoxydable avec logo personnalis\u00e9<\/div>\n<\/div>\n<\/td>\n<\/tr>\n<tr>\n<td colspan=\"1\" rowspan=\"1\">\n<div class=\"magic-13\">\n<div class=\"magic-7\">Mat\u00e9riau<\/div>\n<\/div>\n<\/td>\n<td colspan=\"3\" rowspan=\"1\">\n<div class=\"magic-14\">Stainless steel<\/div>\n<\/td>\n<\/tr>\n<tr>\n<td colspan=\"1\" rowspan=\"1\">\n<div class=\"magic-13\">\n<div class=\"magic-7\">Dossier r\u00e9gional<\/div>\n<\/div>\n<\/td>\n<td colspan=\"3\" rowspan=\"1\">\n<div class=\"magic-14\">Global<\/div>\n<\/td>\n<\/tr>\n<tr>\n<td colspan=\"1\" rowspan=\"1\">\n<div class=\"magic-13\">\n<div class=\"magic-7\">Utilisation<\/div>\n<\/div>\n<\/td>\n<td colspan=\"3\" rowspan=\"1\">\n<div class=\"magic-14\">Decoration, Art &amp;Collectible,Souvenir, commemorative, promotion, business gift, etc<\/div>\n<\/td>\n<\/tr>\n<tr>\n<td colspan=\"1\" rowspan=\"1\">\n<div class=\"magic-6\">\n<div class=\"magic-7\" data-spm-anchor-id=\"0.0.0.i8.146a4f052OphY4\">Taille de l'article<\/div>\n<\/div>\n<\/td>\n<td colspan=\"3\" rowspan=\"1\">\n<div class=\"magic-8\">\n<div class=\"magic-9\" data-spm-anchor-id=\"0.0.0.i46.146a4f05NgRyFa\">45&#215;15, 50&#215;20, 50&#215;15, 55&#215;20, 70&#215;17, 70x20mm<\/div>\n<\/div>\n<\/td>\n<\/tr>\n<tr>\n<td colspan=\"1\" rowspan=\"1\">\n<div class=\"magic-6\">\n<div class=\"magic-7\" data-spm-anchor-id=\"0.0.0.i19.146a4f052OphY4\">Logo<\/div>\n<\/div>\n<\/td>\n<td colspan=\"3\" rowspan=\"1\">\n<div class=\"magic-8\">Customized Logo<\/div>\n<\/td>\n<\/tr>\n<tr>\n<td colspan=\"1\" rowspan=\"1\">\n<div class=\"magic-13\">\n<div class=\"magic-7\">Technique<\/div>\n<\/div>\n<\/td>\n<td colspan=\"3\" rowspan=\"1\">\n<div class=\"magic-14\">printing, embossed, etch<\/div>\n<\/td>\n<\/tr>\n<tr>\n<td colspan=\"1\" rowspan=\"1\">\n<div class=\"magic-6\">\n<div class=\"magic-7\" data-spm-anchor-id=\"0.0.0.i20.146a4f052OphY4\">Couleur<\/div>\n<\/div>\n<\/td>\n<td colspan=\"3\" rowspan=\"1\">\n<div class=\"magic-8\">Brush Silver, Brush Gold<\/div>\n<\/td>\n<\/tr>\n<\/tbody>\n<\/table>","protected":false},"excerpt":{"rendered":"<p>Pince \u00e0 billets en acier inoxydable<br \/>\nMat\u00e9riau : Acier inoxydable<br \/>\nType de produit : Pince \u00e0 billets<br \/>\nTechnique : Impression, laser<br \/>\nUtilisation : Cadeau d'affaires<br \/>\nProcessus : Impression, laser, gravure<br \/>\nConception : OEM&amp;ODM, dessin gratuit<\/p>","protected":false},"featured_media":6037,"template":"","meta":[],"product_brand":[],"product_cat":[74],"product_tag":[],"class_list":{"0":"post-6036","1":"product","2":"type-product","3":"status-publish","4":"has-post-thumbnail","6":"product_cat-dollar-holder","8":"first","9":"instock","10":"shipping-taxable","11":"product-type-simple"},"aioseo_notices":[],"_links":{"self":[{"href":"https:\/\/richarms.com\/fr\/wp-json\/wp\/v2\/product\/6036","targetHints":{"allow":["GET"]}}],"collection":[{"href":"https:\/\/richarms.com\/fr\/wp-json\/wp\/v2\/product"}],"about":[{"href":"https:\/\/richarms.com\/fr\/wp-json\/wp\/v2\/types\/product"}],"wp:featuredmedia":[{"embeddable":true,"href":"https:\/\/richarms.com\/fr\/wp-json\/wp\/v2\/media\/6037"}],"wp:attachment":[{"href":"https:\/\/richarms.com\/fr\/wp-json\/wp\/v2\/media?parent=6036"}],"wp:term":[{"taxonomy":"product_brand","embeddable":true,"href":"https:\/\/richarms.com\/fr\/wp-json\/wp\/v2\/product_brand?post=6036"},{"taxonomy":"product_cat","embeddable":true,"href":"https:\/\/richarms.com\/fr\/wp-json\/wp\/v2\/product_cat?post=6036"},{"taxonomy":"product_tag","embeddable":true,"href":"https:\/\/richarms.com\/fr\/wp-json\/wp\/v2\/product_tag?post=6036"}],"curies":[{"name":"wp","href":"https:\/\/api.w.org\/{rel}","templated":true}]}}