{"id":6052,"date":"2021-07-05T15:10:59","date_gmt":"2021-07-05T07:10:59","guid":{"rendered":"https:\/\/richarms.com\/?post_type=product&#038;p=6052"},"modified":"2025-02-22T11:31:23","modified_gmt":"2025-02-22T03:31:23","slug":"stainless-steel-money-clip-dollar-shape","status":"publish","type":"product","link":"https:\/\/richarms.com\/fr\/product\/stainless-steel-money-clip-dollar-shape","title":{"rendered":"Pince \u00e0 billets personnalis\u00e9e"},"content":{"rendered":"<h1 data-start=\"0\" data-end=\"95\"><strong data-start=\"4\" data-end=\"95\">Sur mesure <\/strong><strong data-start=\"4\" data-end=\"95\">Pince \u00e0 billets - <\/strong><strong data-start=\"4\" data-end=\"95\">Logo <\/strong><strong data-start=\"4\" data-end=\"95\">Cadeau d'affaires \u00e9l\u00e9gant et pratique<\/strong><\/h1>\n<table class=\"hight-light-first-column all magic-5\">\n<tbody>\n<tr>\n<td colspan=\"1\" rowspan=\"1\">\n<div class=\"magic-6\">\n<div class=\"magic-7\" data-spm-anchor-id=\"0.0.0.i3.146a4f052OphY4\">Nom du produit<\/div>\n<\/div>\n<\/td>\n<td colspan=\"3\" rowspan=\"1\">\n<div class=\"magic-8\">\n<div class=\"magic-9\" data-spm-anchor-id=\"0.0.0.i47.146a4f05NgRyFa\">Pince \u00e0 billets en m\u00e9tal inoxydable avec logo personnalis\u00e9<\/div>\n<\/div>\n<\/td>\n<\/tr>\n<tr>\n<td colspan=\"1\" rowspan=\"1\">\n<div class=\"magic-13\">\n<div class=\"magic-7\">Mat\u00e9riau<\/div>\n<\/div>\n<\/td>\n<td colspan=\"3\" rowspan=\"1\">\n<div class=\"magic-14\">Fabriqu\u00e9 \u00e0 partir de mat\u00e9riaux de haute qualit\u00e9 <strong data-start=\"209\" data-end=\"228\">acier inoxydable<\/strong>La structure de l'appareil est en acier inoxydable, ce qui garantit la durabilit\u00e9 et une finition \u00e9l\u00e9gante.<\/div>\n<\/td>\n<\/tr>\n<tr>\n<td colspan=\"1\" rowspan=\"1\">\n<div class=\"magic-13\">\n<div class=\"magic-7\">Dossier r\u00e9gional<\/div>\n<\/div>\n<\/td>\n<td colspan=\"3\" rowspan=\"1\">\n<div class=\"magic-14\">Parfait pour une utilisation globale, il pr\u00e9sente un attrait universel.<\/div>\n<\/td>\n<\/tr>\n<tr>\n<td colspan=\"1\" rowspan=\"1\">\n<div class=\"magic-13\">\n<div class=\"magic-7\">Utilisation<\/div>\n<\/div>\n<\/td>\n<td colspan=\"3\" rowspan=\"1\">\n<div class=\"magic-14\">Id\u00e9al pour <strong data-start=\"371\" data-end=\"385\">d\u00e9coration<\/strong>, <strong data-start=\"387\" data-end=\"409\">art et objets de collection<\/strong>, <strong data-start=\"411\" data-end=\"424\">souvenirs<\/strong>, <strong data-start=\"426\" data-end=\"449\">cadeaux comm\u00e9moratifs<\/strong>, <strong data-start=\"451\" data-end=\"465\">promotions<\/strong>et <strong data-start=\"471\" data-end=\"489\">cadeaux d'affaires<\/strong>. Les <strong data-start=\"495\" data-end=\"516\">pince \u00e0 billets personnalis\u00e9e<\/strong> est un cadeau d'entreprise, un souvenir ou un article promotionnel parfait, ajoutant une touche de style \u00e0 toute occasion.<\/div>\n<\/td>\n<\/tr>\n<tr>\n<td colspan=\"1\" rowspan=\"1\">\n<div class=\"magic-6\">\n<div class=\"magic-7\" data-spm-anchor-id=\"0.0.0.i8.146a4f052OphY4\">Taille de l'article<\/div>\n<\/div>\n<\/td>\n<td colspan=\"3\" rowspan=\"1\">\n<div class=\"magic-8\">\n<div class=\"magic-9\" data-spm-anchor-id=\"0.0.0.i46.146a4f05NgRyFa\">50\u00d720, compact et pratique pour un transport ais\u00e9.<\/div>\n<\/div>\n<\/td>\n<\/tr>\n<tr>\n<td colspan=\"1\" rowspan=\"1\">\n<div class=\"magic-6\">\n<div class=\"magic-7\" data-spm-anchor-id=\"0.0.0.i19.146a4f052OphY4\">Logo<\/div>\n<\/div>\n<\/td>\n<td colspan=\"3\" rowspan=\"1\">\n<div class=\"magic-8\">Personnalisez-le avec votre logo pour une touche personnelle. <strong data-start=\"756\" data-end=\"778\">Pinces \u00e0 billets personnalis\u00e9es<\/strong> peuvent \u00eatre grav\u00e9s, gaufr\u00e9s ou imprim\u00e9s avec votre marque.<\/div>\n<\/td>\n<\/tr>\n<tr>\n<td colspan=\"1\" rowspan=\"1\">\n<div class=\"magic-13\">\n<div class=\"magic-7\">Technique<\/div>\n<\/div>\n<\/td>\n<td colspan=\"3\" rowspan=\"1\">\n<div class=\"magic-14\">Disponible dans une vari\u00e9t\u00e9 de techniques, y compris <strong data-start=\"900\" data-end=\"912\">l'impression<\/strong>, <strong data-start=\"914\" data-end=\"926\">gaufr\u00e9<\/strong>et <strong data-start=\"932\" data-end=\"943\">gravure<\/strong> pour cr\u00e9er un design professionnel et durable qui se d\u00e9marquera.<\/div>\n<\/td>\n<\/tr>\n<tr>\n<td colspan=\"1\" rowspan=\"1\">\n<div class=\"magic-6\">\n<div class=\"magic-7\" data-spm-anchor-id=\"0.0.0.i20.146a4f052OphY4\">Couleur<\/div>\n<\/div>\n<\/td>\n<td colspan=\"3\" rowspan=\"1\">\n<div class=\"magic-8\">Choisissez entre <strong data-start=\"1038\" data-end=\"1054\">Argent bross\u00e9<\/strong> ou <strong data-start=\"1058\" data-end=\"1072\">Pinceau d'or<\/strong> pour r\u00e9pondre \u00e0 vos besoins en mati\u00e8re de style et d'image de marque, ou des couleurs personnalis\u00e9es sont disponibles.<\/div>\n<\/td>\n<\/tr>\n<\/tbody>\n<\/table>\n<p data-start=\"1123\" data-end=\"1509\">Le pr\u00e9sent <strong data-start=\"1128\" data-end=\"1149\">pince \u00e0 billets personnalis\u00e9e<\/strong> allie fonctionnalit\u00e9 et style. Ses <strong data-start=\"1189\" data-end=\"1211\">conception l\u00e9g\u00e8re<\/strong> Il est facile \u00e0 transporter et constitue un excellent outil de travail. <strong data-start=\"1261\" data-end=\"1281\">article promotionnel<\/strong> ou <strong data-start=\"1285\" data-end=\"1302\">cadeau d'affaires<\/strong>. Vous pouvez <strong data-start=\"1312\" data-end=\"1343\">personnalisez votre pince \u00e0 billets<\/strong> avec un logo personnalis\u00e9 pour rehausser votre marque. Ce design simple et \u00e9l\u00e9gant convient parfaitement aux cadeaux d'entreprise ou aux souvenirs, ce qui en fait un choix id\u00e9al pour toutes les occasions.<\/p>\n<p data-start=\"1511\" data-end=\"1657\">Pour les commandes en gros ou les conceptions personnalis\u00e9es, visitez notre <a href=\"https:\/\/richarmshardware.com\" target=\"_new\" rel=\"noopener\" data-start=\"1556\" data-end=\"1600\">Boutique en ligne Richarms<\/a> ou nous contacter \u00e0 l'adresse suivante <strong data-start=\"1618\" data-end=\"1639\"><a rel=\"noopener\" data-start=\"1620\" data-end=\"1637\">info@richarms.com<\/a><\/strong> pour plus de d\u00e9tails.<\/p>","protected":false},"excerpt":{"rendered":"<p>Pince \u00e0 billets en acier inoxydable<br \/>\nMat\u00e9riau : Acier inoxydable<br \/>\nType de produit : Pince \u00e0 billets<br \/>\nTechnique : Impression, laser<br \/>\nUtilisation : Cadeau d'affaires<br \/>\nProcessus : Impression, laser, gravure<br \/>\nConception : OEM&amp;ODM, dessin gratuit<\/p>","protected":false},"featured_media":6045,"template":"","meta":[],"product_brand":[],"product_cat":[74],"product_tag":[],"class_list":{"0":"post-6052","1":"product","2":"type-product","3":"status-publish","4":"has-post-thumbnail","6":"product_cat-dollar-holder","8":"first","9":"instock","10":"shipping-taxable","11":"product-type-simple"},"aioseo_notices":[],"_links":{"self":[{"href":"https:\/\/richarms.com\/fr\/wp-json\/wp\/v2\/product\/6052","targetHints":{"allow":["GET"]}}],"collection":[{"href":"https:\/\/richarms.com\/fr\/wp-json\/wp\/v2\/product"}],"about":[{"href":"https:\/\/richarms.com\/fr\/wp-json\/wp\/v2\/types\/product"}],"wp:featuredmedia":[{"embeddable":true,"href":"https:\/\/richarms.com\/fr\/wp-json\/wp\/v2\/media\/6045"}],"wp:attachment":[{"href":"https:\/\/richarms.com\/fr\/wp-json\/wp\/v2\/media?parent=6052"}],"wp:term":[{"taxonomy":"product_brand","embeddable":true,"href":"https:\/\/richarms.com\/fr\/wp-json\/wp\/v2\/product_brand?post=6052"},{"taxonomy":"product_cat","embeddable":true,"href":"https:\/\/richarms.com\/fr\/wp-json\/wp\/v2\/product_cat?post=6052"},{"taxonomy":"product_tag","embeddable":true,"href":"https:\/\/richarms.com\/fr\/wp-json\/wp\/v2\/product_tag?post=6052"}],"curies":[{"name":"wp","href":"https:\/\/api.w.org\/{rel}","templated":true}]}}