{"id":6136,"date":"2021-07-11T13:10:17","date_gmt":"2021-07-11T05:10:17","guid":{"rendered":"https:\/\/richarms.com\/?post_type=product&#038;p=6136"},"modified":"2026-01-06T17:43:42","modified_gmt":"2026-01-06T09:43:42","slug":"zn-alloy-single-rivet-magnetic-snaps-fastener","status":"publish","type":"product","link":"https:\/\/richarms.com\/fr\/product\/zn-alloy-single-rivet-magnetic-snaps-fastener","title":{"rendered":"Fermeture magn\u00e9tique \u00e0 double rivet - Capuchon en alliage de zinc"},"content":{"rendered":"<h1>Extra Thin Double Rivet Magnetic Snaps \u2013 Zn Alloy Cap<\/h1>\n<p>Double Rivet Magnetic Snaps \u2013 Zn Alloy Cap content high-powered magnet; can attach to washer on decorative caps.<br \/>\nShown with Male and Female with rivet cap (optional on all our magnetic snaps).<\/p>\n<p><strong><b>Code et taille :<br \/>\n<\/b><\/strong><\/p>\n<table style=\"height: 264px;\" width=\"772\">\n<tbody>\n<tr>\n<td width=\"87\">Code<\/td>\n<td width=\"62\">Taille<\/td>\n<td width=\"89\">Coup de poing f\u00e9minin<br \/>\nTH<\/td>\n<td width=\"47\">Pression<br \/>\nL<\/td>\n<td width=\"52\">Aimant<br \/>\nTaille<\/td>\n<td width=\"58\">Cap\u00a0 \u00a0 \u00a0 \u00a0 \u00a0 \u00a0 \u00a0 Size<\/td>\n<td width=\"228\">Description<\/td>\n<\/tr>\n<tr>\n<td width=\"87\">RC-ZSR1420<\/td>\n<td width=\"62\">14 mm<\/td>\n<td width=\"89\">2mm<\/td>\n<td width=\"47\">7,6 mm<\/td>\n<td width=\"52\">11 mm<\/td>\n<td width=\"58\">12 mm<\/td>\n<td width=\"228\">Corps mince. R\u00e9sistance standard.<br \/>\nDes boutons-pression \u00e9l\u00e9gants et tr\u00e8s tendance pour les sacs \u00e0 main, les bagages et les \u00e9tuis.<\/td>\n<\/tr>\n<tr>\n<td width=\"87\">RC-ZSR1820<\/td>\n<td width=\"62\">18mm<\/td>\n<td width=\"89\">2mm<\/td>\n<td width=\"47\">9 mm<\/td>\n<td width=\"52\">12 mm<\/td>\n<td width=\"58\">12 mm<\/td>\n<td width=\"228\">Corps fin avec un grand pouvoir de r\u00e9tention.<br \/>\nPour les sacs \u00e0 main, les bagages, les sacs \u00e0 dos, l'automobile et l'a\u00e9rospatiale.<\/td>\n<\/tr>\n<\/tbody>\n<\/table>\n<p>Cap Size: Standard size is 8mm, 9mm, 12mm, 14mm, customized available<\/p>\n<p>Female with cap<\/p>\n<p><img decoding=\"async\" class=\"lazyload wp-image-7268\" src=\"https:\/\/richarms.com\/wp-content\/uploads\/2021\/07\/\u56fe\u724714.png\" data-orig-src=\"https:\/\/richarms.com\/wp-content\/uploads\/2021\/07\/\u56fe\u724714.png\" alt=\"Double Rivet Magnetic Snaps Wholesale\" width=\"143\" height=\"127\" srcset=\"data:image\/svg+xml,%3Csvg%20xmlns%3D%27http%3A%2F%2Fwww.w3.org%2F2000%2Fsvg%27%20width%3D%27143%27%20height%3D%27127%27%20viewBox%3D%270%200%20143%20127%27%3E%3Crect%20width%3D%27143%27%20height%3D%27127%27%20fill-opacity%3D%220%22%2F%3E%3C%2Fsvg%3E\" data-srcset=\"https:\/\/richarms.com\/wp-content\/uploads\/2021\/07\/\u56fe\u724714-200x176.png 200w, https:\/\/richarms.com\/wp-content\/uploads\/2021\/07\/\u56fe\u724714-300x264.png 300w, https:\/\/richarms.com\/wp-content\/uploads\/2021\/07\/\u56fe\u724714.png 356w\" data-sizes=\"auto\" data-orig-sizes=\"(max-width: 143px) 100vw, 143px\" \/><\/p>\n<p><img decoding=\"async\" class=\"lazyload alignnone wp-image-7269\" src=\"https:\/\/richarms.com\/wp-content\/uploads\/2021\/07\/\u56fe\u724715.png\" data-orig-src=\"https:\/\/richarms.com\/wp-content\/uploads\/2021\/07\/\u56fe\u724715.png\" alt=\"\" width=\"176\" height=\"155\" srcset=\"data:image\/svg+xml,%3Csvg%20xmlns%3D%27http%3A%2F%2Fwww.w3.org%2F2000%2Fsvg%27%20width%3D%27176%27%20height%3D%27155%27%20viewBox%3D%270%200%20176%20155%27%3E%3Crect%20width%3D%27176%27%20height%3D%27155%27%20fill-opacity%3D%220%22%2F%3E%3C%2Fsvg%3E\" data-srcset=\"https:\/\/richarms.com\/wp-content\/uploads\/2021\/07\/\u56fe\u724715-200x176.png 200w, https:\/\/richarms.com\/wp-content\/uploads\/2021\/07\/\u56fe\u724715-300x264.png 300w, https:\/\/richarms.com\/wp-content\/uploads\/2021\/07\/\u56fe\u724715.png 354w\" data-sizes=\"auto\" data-orig-sizes=\"(max-width: 176px) 100vw, 176px\" \/><\/p>\n<p>Male with cap<\/p>\n<p><img decoding=\"async\" class=\"lazyload alignnone wp-image-7253\" src=\"https:\/\/richarms.com\/wp-content\/uploads\/2021\/07\/\u950c\u5408\u91d13.jpg\" data-orig-src=\"https:\/\/richarms.com\/wp-content\/uploads\/2021\/07\/\u950c\u5408\u91d13.jpg\" alt=\"\" width=\"115\" height=\"121\" srcset=\"data:image\/svg+xml,%3Csvg%20xmlns%3D%27http%3A%2F%2Fwww.w3.org%2F2000%2Fsvg%27%20width%3D%27115%27%20height%3D%27121%27%20viewBox%3D%270%200%20115%20121%27%3E%3Crect%20width%3D%27115%27%20height%3D%27121%27%20fill-opacity%3D%220%22%2F%3E%3C%2Fsvg%3E\" data-srcset=\"https:\/\/richarms.com\/wp-content\/uploads\/2021\/07\/\u950c\u5408\u91d13-200x210.jpg 200w, https:\/\/richarms.com\/wp-content\/uploads\/2021\/07\/\u950c\u5408\u91d13.jpg 244w\" data-sizes=\"auto\" data-orig-sizes=\"(max-width: 115px) 100vw, 115px\" \/>\u00a0 \u00a0 \u00a0 \u00a0 \u00a0 \u00a0<img decoding=\"async\" class=\"lazyload alignnone wp-image-7254\" src=\"https:\/\/richarms.com\/wp-content\/uploads\/2021\/07\/\u950c\u5408\u91d14.jpg\" data-orig-src=\"https:\/\/richarms.com\/wp-content\/uploads\/2021\/07\/\u950c\u5408\u91d14.jpg\" alt=\"\" width=\"141\" height=\"148\" srcset=\"data:image\/svg+xml,%3Csvg%20xmlns%3D%27http%3A%2F%2Fwww.w3.org%2F2000%2Fsvg%27%20width%3D%27141%27%20height%3D%27148%27%20viewBox%3D%270%200%20141%20148%27%3E%3Crect%20width%3D%27141%27%20height%3D%27148%27%20fill-opacity%3D%220%22%2F%3E%3C%2Fsvg%3E\" data-srcset=\"https:\/\/richarms.com\/wp-content\/uploads\/2021\/07\/\u950c\u5408\u91d14-200x210.jpg 200w, https:\/\/richarms.com\/wp-content\/uploads\/2021\/07\/\u950c\u5408\u91d14.jpg 244w\" data-sizes=\"auto\" data-orig-sizes=\"(max-width: 141px) 100vw, 141px\" \/><\/p>\n<p><strong>Mat\u00e9riau :<\/strong><br \/>\nCapsule femelle :  Fer, laiton commun ou laiton \u00e9cologique disponibles<br \/>\nG\u00e9lule m\u00e2le : Fer<br \/>\nRivet Cap: Zn Alloy<\/p>\n<p><img decoding=\"async\" class=\"lazyload alignnone wp-image-7161\" src=\"https:\/\/richarms.com\/wp-content\/uploads\/2020\/03\/materials-e1626143269166.png\" data-orig-src=\"https:\/\/richarms.com\/wp-content\/uploads\/2020\/03\/materials-e1626143269166.png\" alt=\"\" width=\"446\" height=\"199\" srcset=\"data:image\/svg+xml,%3Csvg%20xmlns%3D%27http%3A%2F%2Fwww.w3.org%2F2000%2Fsvg%27%20width%3D%27446%27%20height%3D%27199%27%20viewBox%3D%270%200%20446%20199%27%3E%3Crect%20width%3D%27446%27%20height%3D%27199%27%20fill-opacity%3D%220%22%2F%3E%3C%2Fsvg%3E\" data-srcset=\"https:\/\/richarms.com\/wp-content\/uploads\/2020\/03\/materials-e1626143269166-200x89.png 200w, https:\/\/richarms.com\/wp-content\/uploads\/2020\/03\/materials-e1626143269166-300x134.png 300w, https:\/\/richarms.com\/wp-content\/uploads\/2020\/03\/materials-e1626143269166-400x178.png 400w, https:\/\/richarms.com\/wp-content\/uploads\/2020\/03\/materials-e1626143269166-500x223.png 500w, https:\/\/richarms.com\/wp-content\/uploads\/2020\/03\/materials-e1626143269166.png 511w\" data-sizes=\"auto\" data-orig-sizes=\"(max-width: 446px) 100vw, 446px\" \/><\/p>\n<p>Aimant int\u00e9rieur : Aimant permanent en n\u00e9odyme.<strong><br \/>\n<\/strong>La puissance de l'aimant d\u00e9pend de la taille et de la qualit\u00e9 de l'aimant.<\/p>\n<p><img decoding=\"async\" class=\"lazyload alignnone wp-image-7163\" src=\"https:\/\/richarms.com\/wp-content\/uploads\/2020\/03\/\u8d85\u8584\u78c1\u529b-e1626186192975.png\" data-orig-src=\"https:\/\/richarms.com\/wp-content\/uploads\/2020\/03\/\u8d85\u8584\u78c1\u529b-e1626186192975.png\" alt=\"\" width=\"449\" height=\"131\" srcset=\"data:image\/svg+xml,%3Csvg%20xmlns%3D%27http%3A%2F%2Fwww.w3.org%2F2000%2Fsvg%27%20width%3D%27449%27%20height%3D%27131%27%20viewBox%3D%270%200%20449%20131%27%3E%3Crect%20width%3D%27449%27%20height%3D%27131%27%20fill-opacity%3D%220%22%2F%3E%3C%2Fsvg%3E\" data-srcset=\"https:\/\/richarms.com\/wp-content\/uploads\/2020\/03\/\u8d85\u8584\u78c1\u529b-e1626186192975-200x58.png 200w, https:\/\/richarms.com\/wp-content\/uploads\/2020\/03\/\u8d85\u8584\u78c1\u529b-e1626186192975-300x87.png 300w, https:\/\/richarms.com\/wp-content\/uploads\/2020\/03\/\u8d85\u8584\u78c1\u529b-e1626186192975-400x117.png 400w, https:\/\/richarms.com\/wp-content\/uploads\/2020\/03\/\u8d85\u8584\u78c1\u529b-e1626186192975-500x146.png 500w, https:\/\/richarms.com\/wp-content\/uploads\/2020\/03\/\u8d85\u8584\u78c1\u529b-e1626186192975-600x175.png 600w, https:\/\/richarms.com\/wp-content\/uploads\/2020\/03\/\u8d85\u8584\u78c1\u529b-e1626186192975-700x204.png 700w, https:\/\/richarms.com\/wp-content\/uploads\/2020\/03\/\u8d85\u8584\u78c1\u529b-e1626186192975-768x224.png 768w, https:\/\/richarms.com\/wp-content\/uploads\/2020\/03\/\u8d85\u8584\u78c1\u529b-e1626186192975-800x233.png 800w, https:\/\/richarms.com\/wp-content\/uploads\/2020\/03\/\u8d85\u8584\u78c1\u529b-e1626186192975.png 885w\" data-sizes=\"auto\" data-orig-sizes=\"(max-width: 449px) 100vw, 449px\" \/><\/p>\n<p><img decoding=\"async\" class=\"lazyload alignnone wp-image-7168\" src=\"https:\/\/richarms.com\/wp-content\/uploads\/2020\/03\/\u5fae\u4fe1\u622a\u56fe_20210712175853.png\" data-orig-src=\"https:\/\/richarms.com\/wp-content\/uploads\/2020\/03\/\u5fae\u4fe1\u622a\u56fe_20210712175853.png\" alt=\"\" width=\"503\" height=\"745\" srcset=\"data:image\/svg+xml,%3Csvg%20xmlns%3D%27http%3A%2F%2Fwww.w3.org%2F2000%2Fsvg%27%20width%3D%27503%27%20height%3D%27745%27%20viewBox%3D%270%200%20503%20745%27%3E%3Crect%20width%3D%27503%27%20height%3D%27745%27%20fill-opacity%3D%220%22%2F%3E%3C%2Fsvg%3E\" data-srcset=\"https:\/\/richarms.com\/wp-content\/uploads\/2020\/03\/\u5fae\u4fe1\u622a\u56fe_20210712175853-200x296.png 200w, https:\/\/richarms.com\/wp-content\/uploads\/2020\/03\/\u5fae\u4fe1\u622a\u56fe_20210712175853-203x300.png 203w, https:\/\/richarms.com\/wp-content\/uploads\/2020\/03\/\u5fae\u4fe1\u622a\u56fe_20210712175853-400x592.png 400w, https:\/\/richarms.com\/wp-content\/uploads\/2020\/03\/\u5fae\u4fe1\u622a\u56fe_20210712175853-500x740.png 500w, https:\/\/richarms.com\/wp-content\/uploads\/2020\/03\/\u5fae\u4fe1\u622a\u56fe_20210712175853.png 531w\" data-sizes=\"auto\" data-orig-sizes=\"(max-width: 503px) 100vw, 503px\" \/><\/p>\n<p><strong><b>F<\/b><\/strong><strong><b>inish :<br \/>\n<\/b><\/strong>Snap femelle : uni, motif, logo<strong><br \/>\n<\/strong><img decoding=\"async\" class=\"lazyload alignnone wp-image-7166\" src=\"data:image\/svg+xml,%3Csvg%20xmlns%3D%27http%3A%2F%2Fwww.w3.org%2F2000%2Fsvg%27%20width%3D%27288%27%20height%3D%27135%27%20viewBox%3D%270%200%20288%20135%27%3E%3Crect%20width%3D%27288%27%20height%3D%27135%27%20fill-opacity%3D%220%22%2F%3E%3C%2Fsvg%3E\" data-orig-src=\"https:\/\/richarms.com\/wp-content\/uploads\/2020\/03\/\u56fe\u72473.jpg\" alt=\"\" width=\"288\" height=\"135\" \/><strong><br \/>\n<\/strong>Coup de poing masculin : uni, texte, logo<strong><br \/>\n<\/strong><img decoding=\"async\" class=\"lazyload alignnone wp-image-7180\" src=\"https:\/\/richarms.com\/wp-content\/uploads\/2020\/03\/\u56fe\u72474.jpg\" data-orig-src=\"https:\/\/richarms.com\/wp-content\/uploads\/2020\/03\/\u56fe\u72474.jpg\" alt=\"\" width=\"306\" height=\"123\" srcset=\"data:image\/svg+xml,%3Csvg%20xmlns%3D%27http%3A%2F%2Fwww.w3.org%2F2000%2Fsvg%27%20width%3D%27306%27%20height%3D%27123%27%20viewBox%3D%270%200%20306%20123%27%3E%3Crect%20width%3D%27306%27%20height%3D%27123%27%20fill-opacity%3D%220%22%2F%3E%3C%2Fsvg%3E\" data-srcset=\"https:\/\/richarms.com\/wp-content\/uploads\/2020\/03\/\u56fe\u72474-200x80.jpg 200w, https:\/\/richarms.com\/wp-content\/uploads\/2020\/03\/\u56fe\u72474-300x120.jpg 300w, https:\/\/richarms.com\/wp-content\/uploads\/2020\/03\/\u56fe\u72474-400x160.jpg 400w, https:\/\/richarms.com\/wp-content\/uploads\/2020\/03\/\u56fe\u72474-500x200.jpg 500w, https:\/\/richarms.com\/wp-content\/uploads\/2020\/03\/\u56fe\u72474-600x241.jpg 600w, https:\/\/richarms.com\/wp-content\/uploads\/2020\/03\/\u56fe\u72474.jpg 651w\" data-sizes=\"auto\" data-orig-sizes=\"(max-width: 306px) 100vw, 306px\" \/><\/p>\n<p>Cap: Plain, Logo<\/p>\n<p><img decoding=\"async\" class=\"lazyload alignnone wp-image-7256\" src=\"https:\/\/richarms.com\/wp-content\/uploads\/2021\/07\/\u56fe\u724721-\u526f\u672c.png\" data-orig-src=\"https:\/\/richarms.com\/wp-content\/uploads\/2021\/07\/\u56fe\u724721-\u526f\u672c.png\" alt=\"\" width=\"267\" height=\"145\" srcset=\"data:image\/svg+xml,%3Csvg%20xmlns%3D%27http%3A%2F%2Fwww.w3.org%2F2000%2Fsvg%27%20width%3D%27267%27%20height%3D%27145%27%20viewBox%3D%270%200%20267%20145%27%3E%3Crect%20width%3D%27267%27%20height%3D%27145%27%20fill-opacity%3D%220%22%2F%3E%3C%2Fsvg%3E\" data-srcset=\"https:\/\/richarms.com\/wp-content\/uploads\/2021\/07\/\u56fe\u724721-\u526f\u672c-200x108.png 200w, https:\/\/richarms.com\/wp-content\/uploads\/2021\/07\/\u56fe\u724721-\u526f\u672c-300x163.png 300w, https:\/\/richarms.com\/wp-content\/uploads\/2021\/07\/\u56fe\u724721-\u526f\u672c-400x217.png 400w, https:\/\/richarms.com\/wp-content\/uploads\/2021\/07\/\u56fe\u724721-\u526f\u672c-500x271.png 500w, https:\/\/richarms.com\/wp-content\/uploads\/2021\/07\/\u56fe\u724721-\u526f\u672c.png 528w\" data-sizes=\"auto\" data-orig-sizes=\"(max-width: 267px) 100vw, 267px\" \/><\/p>\n<p><strong><b>Pack\uff1a<\/b><\/strong><strong><b><br \/>\n<\/b><\/strong>Tous ces produits peuvent \u00eatre fournis avec des pieds, des tiges ou des rivets.<br \/>\n1 set = 1 Male, 1 Female, 1 Rivet cap, 1 Washers<br \/>\n14mm : 200 jeux\/bo\u00eete, 20 bo\u00eetes\/carton<br \/>\n18mm : 100 jeux\/bo\u00eete, 20 bo\u00eetes\/carton<\/p>\n<p><img decoding=\"async\" class=\"lazyload alignnone size-full wp-image-7280\" src=\"https:\/\/richarms.com\/wp-content\/uploads\/2021\/07\/\u5355\u649e\u4ecb\u7ecd\u542b\u6c34\u5370_\u526f\u672c.jpg\" data-orig-src=\"https:\/\/richarms.com\/wp-content\/uploads\/2021\/07\/\u5355\u649e\u4ecb\u7ecd\u542b\u6c34\u5370_\u526f\u672c.jpg\" alt=\"\" width=\"300\" height=\"290\" srcset=\"data:image\/svg+xml,%3Csvg%20xmlns%3D%27http%3A%2F%2Fwww.w3.org%2F2000%2Fsvg%27%20width%3D%27300%27%20height%3D%27290%27%20viewBox%3D%270%200%20300%20290%27%3E%3Crect%20width%3D%27300%27%20height%3D%27290%27%20fill-opacity%3D%220%22%2F%3E%3C%2Fsvg%3E\" data-srcset=\"https:\/\/richarms.com\/wp-content\/uploads\/2021\/07\/\u5355\u649e\u4ecb\u7ecd\u542b\u6c34\u5370_\u526f\u672c-200x193.jpg 200w, https:\/\/richarms.com\/wp-content\/uploads\/2021\/07\/\u5355\u649e\u4ecb\u7ecd\u542b\u6c34\u5370_\u526f\u672c.jpg 300w\" data-sizes=\"auto\" data-orig-sizes=\"(max-width: 300px) 100vw, 300px\" \/><\/p>\n<p><strong>Finitions\uff1a<br \/>\n<\/strong>Standard finish is PLAIN female snap, and PLAIN or WORDING male snap, PLAIN cap, \u00a0logo customized available<br \/>\nRegular color are listed below. Custom finishes are also available to meet your requirements.<\/p>\n<p><img decoding=\"async\" class=\"lazyload alignnone size-full wp-image-5392\" src=\"https:\/\/richarms.com\/wp-content\/uploads\/2018\/07\/RICHARMS-COLOT-DIS.jpg\" data-orig-src=\"https:\/\/richarms.com\/wp-content\/uploads\/2018\/07\/RICHARMS-COLOT-DIS.jpg\" alt=\"\" width=\"651\" height=\"457\" srcset=\"data:image\/svg+xml,%3Csvg%20xmlns%3D%27http%3A%2F%2Fwww.w3.org%2F2000%2Fsvg%27%20width%3D%27651%27%20height%3D%27457%27%20viewBox%3D%270%200%20651%20457%27%3E%3Crect%20width%3D%27651%27%20height%3D%27457%27%20fill-opacity%3D%220%22%2F%3E%3C%2Fsvg%3E\" data-srcset=\"https:\/\/richarms.com\/wp-content\/uploads\/2018\/07\/RICHARMS-COLOT-DIS-200x140.jpg 200w, https:\/\/richarms.com\/wp-content\/uploads\/2018\/07\/RICHARMS-COLOT-DIS-300x211.jpg 300w, https:\/\/richarms.com\/wp-content\/uploads\/2018\/07\/RICHARMS-COLOT-DIS-400x281.jpg 400w, https:\/\/richarms.com\/wp-content\/uploads\/2018\/07\/RICHARMS-COLOT-DIS-500x351.jpg 500w, https:\/\/richarms.com\/wp-content\/uploads\/2018\/07\/RICHARMS-COLOT-DIS-600x421.jpg 600w, https:\/\/richarms.com\/wp-content\/uploads\/2018\/07\/RICHARMS-COLOT-DIS.jpg 651w\" data-sizes=\"auto\" data-orig-sizes=\"(max-width: 651px) 100vw, 651px\" \/><\/p>\n<p data-start=\"1078\" data-end=\"1103\"><strong data-start=\"1078\" data-end=\"1103\">Options de personnalisation<\/strong><\/p>\n<p data-start=\"1105\" data-end=\"1188\">We support flexible customization based on your design and functional requirements:<\/p>\n<ul>\n<li data-start=\"1192\" data-end=\"1235\"><strong data-start=\"1192\" data-end=\"1202\">Forme :<\/strong> round, heart, or custom design<\/li>\n<li data-start=\"1238\" data-end=\"1285\"><strong data-start=\"1238\" data-end=\"1247\">Taille :<\/strong> customizable diameter and thickness<\/li>\n<li data-start=\"1288\" data-end=\"1338\"><strong data-start=\"1288\" data-end=\"1299\">Finish:<\/strong> electroplated or spray-coated colors<\/li>\n<li data-start=\"1341\" data-end=\"1405\"><strong data-start=\"1341\" data-end=\"1364\">Surface processing:<\/strong> fabric cover, velvet cover, laser logo<\/li>\n<li data-start=\"1408\" data-end=\"1447\"><strong data-start=\"1408\" data-end=\"1425\">Installation:<\/strong> double rivet fixation<\/li>\n<\/ul>\n<p data-start=\"1449\" data-end=\"1507\">Small MOQ is accepted for sampling and development stages.<\/p>\n<div class=\"video-shortcode\"><iframe title=\"Rivet Cap Magnetic Snaps | Custom Shapes, Surface Finishing &amp; Small MOQ\" width=\"563\" height=\"1000\" src=\"https:\/\/www.youtube.com\/embed\/3uLvNp4I9-k?feature=oembed\" frameborder=\"0\" allow=\"accelerometer; autoplay; clipboard-write; encrypted-media; gyroscope; picture-in-picture; web-share\" referrerpolicy=\"strict-origin-when-cross-origin\" allowfullscreen><\/iframe><\/div>\n<p><strong><b>Application\uff1a<br \/>\n<\/b><\/strong><img decoding=\"async\" class=\"lazyload alignnone wp-image-7160\" src=\"https:\/\/richarms.com\/wp-content\/uploads\/2020\/03\/application.png\" data-orig-src=\"https:\/\/richarms.com\/wp-content\/uploads\/2020\/03\/application.png\" alt=\"\" width=\"474\" height=\"443\" srcset=\"data:image\/svg+xml,%3Csvg%20xmlns%3D%27http%3A%2F%2Fwww.w3.org%2F2000%2Fsvg%27%20width%3D%27474%27%20height%3D%27443%27%20viewBox%3D%270%200%20474%20443%27%3E%3Crect%20width%3D%27474%27%20height%3D%27443%27%20fill-opacity%3D%220%22%2F%3E%3C%2Fsvg%3E\" data-srcset=\"https:\/\/richarms.com\/wp-content\/uploads\/2020\/03\/application-200x187.png 200w, https:\/\/richarms.com\/wp-content\/uploads\/2020\/03\/application-300x280.png 300w, https:\/\/richarms.com\/wp-content\/uploads\/2020\/03\/application-400x374.png 400w, https:\/\/richarms.com\/wp-content\/uploads\/2020\/03\/application-500x467.png 500w, https:\/\/richarms.com\/wp-content\/uploads\/2020\/03\/application.png 598w\" data-sizes=\"auto\" data-orig-sizes=\"(max-width: 474px) 100vw, 474px\" \/><\/p>\n<p>&nbsp;<\/p>\n<p>Looking for a stable magnetic snap solution for your project?<br data-start=\"2123\" data-end=\"2126\" \/>\ud83d\udce9 <a href=\"https:\/\/richarms.com\/fr\/contact\/\">Contact us by email<\/a> to discuss customization<br data-start=\"2173\" data-end=\"2176\" \/>\ud83d\udce6<a href=\"https:\/\/www.richarmshardware.com\/products\/14x3-5mm-single-rivet-magnetic-snaps?_pos=6&amp;_sid=5fdba7a3f&amp;_ss=r\"> Get samples<\/a> for evaluation and testing<\/p>","protected":false},"excerpt":{"rendered":"<p>Type: Double Magnetic Snaps Fastener<br \/>\nMaterial: Brass, iron, Magnet<br \/>\nModel Number: RC-ZSR1420\/1820<br \/>\nLogo personnalis\u00e9 disponible : Laser, Gravure, Outillage<br \/>\nTaille : 14 mm, 18 mm<br \/>\nCouleur : Or \/ Nickel \/ Gun \/ Rose Gold \/Brush Ant \/ Autre<br \/>\nEmballage : bo\u00eete et carton<br \/>\nExp\u00e9dition : LCL\/ DHL \/ FedEx \/ TNT \/ Autre<\/p>","protected":false},"featured_media":6137,"template":"","meta":[],"product_brand":[],"product_cat":[15],"product_tag":[],"class_list":{"0":"post-6136","1":"product","2":"type-product","3":"status-publish","4":"has-post-thumbnail","6":"product_cat-magnetic-snaps","8":"first","9":"instock","10":"shipping-taxable","11":"product-type-simple"},"aioseo_notices":[],"_links":{"self":[{"href":"https:\/\/richarms.com\/fr\/wp-json\/wp\/v2\/product\/6136","targetHints":{"allow":["GET"]}}],"collection":[{"href":"https:\/\/richarms.com\/fr\/wp-json\/wp\/v2\/product"}],"about":[{"href":"https:\/\/richarms.com\/fr\/wp-json\/wp\/v2\/types\/product"}],"wp:featuredmedia":[{"embeddable":true,"href":"https:\/\/richarms.com\/fr\/wp-json\/wp\/v2\/media\/6137"}],"wp:attachment":[{"href":"https:\/\/richarms.com\/fr\/wp-json\/wp\/v2\/media?parent=6136"}],"wp:term":[{"taxonomy":"product_brand","embeddable":true,"href":"https:\/\/richarms.com\/fr\/wp-json\/wp\/v2\/product_brand?post=6136"},{"taxonomy":"product_cat","embeddable":true,"href":"https:\/\/richarms.com\/fr\/wp-json\/wp\/v2\/product_cat?post=6136"},{"taxonomy":"product_tag","embeddable":true,"href":"https:\/\/richarms.com\/fr\/wp-json\/wp\/v2\/product_tag?post=6136"}],"curies":[{"name":"wp","href":"https:\/\/api.w.org\/{rel}","templated":true}]}}