{"id":6138,"date":"2021-07-11T08:45:23","date_gmt":"2021-07-11T00:45:23","guid":{"rendered":"https:\/\/richarms.com\/?post_type=product&#038;p=6138"},"modified":"2025-03-29T17:03:21","modified_gmt":"2025-03-29T09:03:21","slug":"sew-on-round-magnetic-snaps-fastener","status":"publish","type":"product","link":"https:\/\/richarms.com\/fr\/product\/sew-on-round-magnetic-snaps-fastener","title":{"rendered":"Fermeture \u00e0 boutons-pression magn\u00e9tiques ronds \u00e0 coudre"},"content":{"rendered":"<h1 data-pm-slice=\"1 1 []\">Premium Sew-On Round Magnetic Snaps Fastener | Richarms<\/h1>\n<p>Richarms&#8217; sew-on round magnetic snaps fastener is an innovative improvement on traditional sewing snaps. Ideal for wool coats, cashmere jackets, and other premium garments, this specialized snap closure combines ease of use and elegant aesthetics, enhancing both function and design.<\/p>\n<h3>Product Details<\/h3>\n<p>These magnetic snap fasteners incorporate an internal magnetic closure mechanism, making them significantly easier to open and close compared to conventional sew-on snaps. The smooth, effortless action provides excellent convenience, making it particularly suitable for high-quality outerwear, fashion clothing, and designer garments.<\/p>\n<ul>\n<li><strong>Sizes Available:<\/strong> Commonly available in standard garment sizes; customized sizes upon request.<\/li>\n<li><strong>Material Options:<\/strong> Brass, Stainless Steel, Zinc Alloy.<\/li>\n<li><strong>Colors Available:<\/strong> Customizable including silver, gold, antique brass, matte black, and bespoke finishes.<\/li>\n<\/ul>\n<p>Standard finish is PLAIN female snap, and PLAIN male snap, \u00a0logo customized available<br \/>\nRegular color are listed below. Custom finishes are also available to meet your requirements.<\/p>\n<p><img decoding=\"async\" class=\"lazyload alignnone size-full wp-image-5392\" src=\"https:\/\/richarms.com\/wp-content\/uploads\/2018\/07\/RICHARMS-COLOT-DIS.jpg\" data-orig-src=\"https:\/\/richarms.com\/wp-content\/uploads\/2018\/07\/RICHARMS-COLOT-DIS.jpg\" alt=\"\" width=\"651\" height=\"457\" srcset=\"data:image\/svg+xml,%3Csvg%20xmlns%3D%27http%3A%2F%2Fwww.w3.org%2F2000%2Fsvg%27%20width%3D%27651%27%20height%3D%27457%27%20viewBox%3D%270%200%20651%20457%27%3E%3Crect%20width%3D%27651%27%20height%3D%27457%27%20fill-opacity%3D%220%22%2F%3E%3C%2Fsvg%3E\" data-srcset=\"https:\/\/richarms.com\/wp-content\/uploads\/2018\/07\/RICHARMS-COLOT-DIS-200x140.jpg 200w, https:\/\/richarms.com\/wp-content\/uploads\/2018\/07\/RICHARMS-COLOT-DIS-300x211.jpg 300w, https:\/\/richarms.com\/wp-content\/uploads\/2018\/07\/RICHARMS-COLOT-DIS-400x281.jpg 400w, https:\/\/richarms.com\/wp-content\/uploads\/2018\/07\/RICHARMS-COLOT-DIS-500x351.jpg 500w, https:\/\/richarms.com\/wp-content\/uploads\/2018\/07\/RICHARMS-COLOT-DIS-600x421.jpg 600w, https:\/\/richarms.com\/wp-content\/uploads\/2018\/07\/RICHARMS-COLOT-DIS.jpg 651w\" data-sizes=\"auto\" data-orig-sizes=\"(max-width: 651px) 100vw, 651px\" \/><\/p>\n<p><strong><b>Taille :<\/b><\/strong><\/p>\n<table style=\"height: 195px;\" width=\"365\">\n<tbody>\n<tr>\n<td width=\"174\">Coup de poing f\u00e9minin<br \/>\nTH<\/td>\n<td width=\"176\">Coup de poing f\u00e9minin<br \/>\nDIA<\/td>\n<\/tr>\n<tr>\n<td width=\"174\">2mm<\/td>\n<td width=\"176\">14 mm<\/td>\n<\/tr>\n<tr>\n<td width=\"174\">3,5 mm<\/td>\n<td width=\"176\">14 mm<\/td>\n<\/tr>\n<tr>\n<td width=\"174\">2mm<\/td>\n<td width=\"176\">18mm<\/td>\n<\/tr>\n<tr>\n<td width=\"174\">4.2mm<\/td>\n<td width=\"176\">18mm<\/td>\n<\/tr>\n<\/tbody>\n<\/table>\n<div id=\"attachment_6140\" style=\"width: 352px\" class=\"wp-caption alignnone\"><img decoding=\"async\" aria-describedby=\"caption-attachment-6140\" class=\"lazyload wp-image-6140\" src=\"https:\/\/richarms.com\/wp-content\/uploads\/2019\/07\/\u5fae\u4fe1\u622a\u56fe_20190723184638.png\" data-orig-src=\"https:\/\/richarms.com\/wp-content\/uploads\/2019\/07\/\u5fae\u4fe1\u622a\u56fe_20190723184638.png\" alt=\"Wholesale High-quality Sew-On Round Magnetic Snaps Fastener, designed for easy sewing application and strong magnetic closure in bags, wallets, and leather goods.\" width=\"342\" height=\"342\" srcset=\"data:image\/svg+xml,%3Csvg%20xmlns%3D%27http%3A%2F%2Fwww.w3.org%2F2000%2Fsvg%27%20width%3D%27342%27%20height%3D%27342%27%20viewBox%3D%270%200%20342%20342%27%3E%3Crect%20width%3D%27342%27%20height%3D%27342%27%20fill-opacity%3D%220%22%2F%3E%3C%2Fsvg%3E\" data-srcset=\"https:\/\/richarms.com\/wp-content\/uploads\/2019\/07\/\u5fae\u4fe1\u622a\u56fe_20190723184638-66x66.png 66w, https:\/\/richarms.com\/wp-content\/uploads\/2019\/07\/\u5fae\u4fe1\u622a\u56fe_20190723184638-100x100.png 100w, https:\/\/richarms.com\/wp-content\/uploads\/2019\/07\/\u5fae\u4fe1\u622a\u56fe_20190723184638-150x150.png 150w, https:\/\/richarms.com\/wp-content\/uploads\/2019\/07\/\u5fae\u4fe1\u622a\u56fe_20190723184638-200x200.png 200w, https:\/\/richarms.com\/wp-content\/uploads\/2019\/07\/\u5fae\u4fe1\u622a\u56fe_20190723184638-300x300.png 300w, https:\/\/richarms.com\/wp-content\/uploads\/2019\/07\/\u5fae\u4fe1\u622a\u56fe_20190723184638-400x400.png 400w, https:\/\/richarms.com\/wp-content\/uploads\/2019\/07\/\u5fae\u4fe1\u622a\u56fe_20190723184638-500x500.png 500w, https:\/\/richarms.com\/wp-content\/uploads\/2019\/07\/\u5fae\u4fe1\u622a\u56fe_20190723184638-600x600.png 600w, https:\/\/richarms.com\/wp-content\/uploads\/2019\/07\/\u5fae\u4fe1\u622a\u56fe_20190723184638.png 647w\" data-sizes=\"auto\" data-orig-sizes=\"(max-width: 342px) 100vw, 342px\" \/><p id=\"caption-attachment-6140\" class=\"wp-caption-text\">Wholesale High-quality Sew-On Round Magnetic Snaps Fastener, designed for easy sewing application and strong magnetic closure in bags, wallets, and leather goods.<\/p><\/div>\n<p><strong><b>Pack\uff1a<\/b><\/strong><br \/>\n1 set = 1 Male, 1 Female<br \/>\n14mm : 200 jeux\/bo\u00eete, 20 bo\u00eetes\/carton<br \/>\n18mm : 100 jeux\/bo\u00eete, 20 bo\u00eetes\/carton<\/p>\n<h3 data-pm-slice=\"1 1 []\">Applications<\/h3>\n<p>Richarms&#8217; sew-on round magnetic snaps fasteners are perfect for a wide array of garments, including:<\/p>\n<ul>\n<li>Wool coats and cashmere jackets<\/li>\n<li>Designer overcoats and trench coats<\/li>\n<li>Fashion capes and shawls<\/li>\n<li>High-end clothing accessories<\/li>\n<li>Leather clothing and accessories<\/li>\n<li>for more inspiration, pls check <a href=\"https:\/\/www.pinterest.com\/richarmsaccessoriesgroups\">our pinterest<\/a>.<\/li>\n<\/ul>\n<p>These snaps elevate both the practicality and perceived value of your garment, delivering a smooth and satisfying closure experience for end-users.<\/p>\n<h3 data-pm-slice=\"1 1 []\">Services de personnalisation<\/h3>\n<p>We understand every brand has its unique design needs. At Richarms, we provide comprehensive customization services to match your exact specifications:<\/p>\n<ul>\n<li><strong><a href=\"https:\/\/richarms.com\/fr\/7952html\/certified-excellence-your-trusted-china-magnetic-snap-button-factory-richarms\/\">Custom Logos<\/a>:<\/strong> Laser engraving or mold embossing available.<\/li>\n<li><strong>Color Matching:<\/strong> Pantone matching service ensures consistency with your brand or design palette.<\/li>\n<li><strong>Packaging Customization:<\/strong> Specialized packaging solutions to complement your branding strategy.<\/li>\n<\/ul>\n<h3>Installation facile<\/h3>\n<p>Richarms&#8217; sew-on round magnetic snaps fastener features a simple sew-on attachment method. No complicated tools or machinery required:<\/p>\n<ul>\n<li>Position snap fastener on desired garment location.<\/li>\n<li>Easily sew around provided sew-on loops using standard sewing equipment.<\/li>\n<\/ul>\n<p>Ideal for DIY users and garment manufacturers alike\u2014seamlessly integrate magnetic functionality without additional production complexity.<\/p>\n<h3>Pourquoi choisir Richarms ?<\/h3>\n<ul>\n<li><strong>Factory Wholesale Rate:<\/strong> Competitive B2B pricing, eliminating middlemen costs.<\/li>\n<li><strong>Expertise:<\/strong> Years of specialized experience with magnetic hardware solutions.<\/li>\n<li><strong>Customization:<\/strong> Dedicated to fulfilling unique customer requirements.<\/li>\n<li><strong>Reliable Delivery:<\/strong> Consistent quality and prompt order fulfillment.<\/li>\n<\/ul>\n<p><a>Contact our experts<\/a> today to discuss your customization needs and receive a personalized quotation for sew-on round magnetic snaps fasteners.<\/p>\n<p>D\u00e9couvrez nos <a>magnetic fastener collection<\/a> for other specialized closures.<\/p>","protected":false},"excerpt":{"rendered":"<p>Type: Sew-On Round Magnetic Snaps Fastener<br \/>\nMaterial: Brass, Iron, Magnet<br \/>\nLogo: Without, can be costumed<br \/>\nSize: 14mm 18mm<br \/>\nCouleur : Or \/ Nickel \/ Gun \/ Rose Gold \/Brush Ant \/ Autre<br \/>\nEmballage : bo\u00eete et carton<br \/>\nExp\u00e9dition : LCL\/ DHL \/ FedEx \/ TNT \/ Autre<\/p>","protected":false},"featured_media":6198,"template":"","meta":[],"product_brand":[],"product_cat":[15],"product_tag":[],"class_list":{"0":"post-6138","1":"product","2":"type-product","3":"status-publish","4":"has-post-thumbnail","6":"product_cat-magnetic-snaps","8":"first","9":"instock","10":"shipping-taxable","11":"product-type-simple"},"aioseo_notices":[],"_links":{"self":[{"href":"https:\/\/richarms.com\/fr\/wp-json\/wp\/v2\/product\/6138","targetHints":{"allow":["GET"]}}],"collection":[{"href":"https:\/\/richarms.com\/fr\/wp-json\/wp\/v2\/product"}],"about":[{"href":"https:\/\/richarms.com\/fr\/wp-json\/wp\/v2\/types\/product"}],"wp:featuredmedia":[{"embeddable":true,"href":"https:\/\/richarms.com\/fr\/wp-json\/wp\/v2\/media\/6198"}],"wp:attachment":[{"href":"https:\/\/richarms.com\/fr\/wp-json\/wp\/v2\/media?parent=6138"}],"wp:term":[{"taxonomy":"product_brand","embeddable":true,"href":"https:\/\/richarms.com\/fr\/wp-json\/wp\/v2\/product_brand?post=6138"},{"taxonomy":"product_cat","embeddable":true,"href":"https:\/\/richarms.com\/fr\/wp-json\/wp\/v2\/product_cat?post=6138"},{"taxonomy":"product_tag","embeddable":true,"href":"https:\/\/richarms.com\/fr\/wp-json\/wp\/v2\/product_tag?post=6138"}],"curies":[{"name":"wp","href":"https:\/\/api.w.org\/{rel}","templated":true}]}}