{"id":6200,"date":"2021-07-11T09:31:43","date_gmt":"2021-07-11T01:31:43","guid":{"rendered":"https:\/\/richarms.com\/?post_type=product&#038;p=6200"},"modified":"2025-03-29T12:07:18","modified_gmt":"2025-03-29T04:07:18","slug":"spring-magnetic-snaps-button","status":"publish","type":"product","link":"https:\/\/richarms.com\/fr\/product\/spring-magnetic-snaps-button","title":{"rendered":"Bouton magn\u00e9tique \u00e0 ressort"},"content":{"rendered":"<h1 data-pm-slice=\"1 1 []\">Bouton magn\u00e9tique \u00e0 ressort - Vente en gros de boutons pression sur mesure | Richarms<\/h1>\n<p data-pm-slice=\"1 1 []\">Le bouton Spring Magnetic Snaps est une am\u00e9lioration innovante des boutons-pression traditionnels, int\u00e9grant de mani\u00e8re unique un syst\u00e8me magn\u00e9tique cach\u00e9. Cette am\u00e9lioration permet une ouverture sans effort et une fermeture s\u00e9curis\u00e9e, ce qui am\u00e9liore consid\u00e9rablement le confort d'utilisation. Id\u00e9al pour les cr\u00e9ateurs de v\u00eatements et d'accessoires, ces boutons-pression simplifient l'utilisation quotidienne pour les consommateurs, en particulier les enfants et les personnes \u00e2g\u00e9es.<\/p>\n<h2>Fonctionnalit\u00e9 am\u00e9lior\u00e9e et facilit\u00e9 d'utilisation<\/h2>\n<p>Contrairement aux boutons-pression standard, nos boutons-pression magn\u00e9tiques \u00e0 ressort int\u00e8grent un puissant aimant interne, ce qui permet d'obtenir un claquement en douceur. Cette caract\u00e9ristique facilite consid\u00e9rablement l'ouverture et la fermeture des v\u00eatements ou des accessoires, ce qui en fait un excellent choix pour les articles \u00e0 usage quotidien :<\/p>\n<ul>\n<li>Vestes et manteaux<\/li>\n<li>Chemises et chemisiers<\/li>\n<li>Sacs \u00e0 main et porte-monnaie<\/li>\n<li>V\u00eatements pour enfants<\/li>\n<li>Mat\u00e9riel de plein air\n<p><div id=\"attachment_8249\" style=\"width: 1034px\" class=\"wp-caption alignnone\"><img decoding=\"async\" aria-describedby=\"caption-attachment-8249\" class=\"lazyload wp-image-8249 size-large\" src=\"https:\/\/richarms.com\/wp-content\/uploads\/2021\/07\/application-1024x298.jpg\" data-orig-src=\"https:\/\/richarms.com\/wp-content\/uploads\/2021\/07\/application-1024x298.jpg\" alt=\"Magnetic snap buttons applied to down coat, U-shaped pillow, and outdoor jacket for easy closure\" width=\"1024\" height=\"298\" srcset=\"data:image\/svg+xml,%3Csvg%20xmlns%3D%27http%3A%2F%2Fwww.w3.org%2F2000%2Fsvg%27%20width%3D%271024%27%20height%3D%27298%27%20viewBox%3D%270%200%201024%20298%27%3E%3Crect%20width%3D%271024%27%20height%3D%27298%27%20fill-opacity%3D%220%22%2F%3E%3C%2Fsvg%3E\" data-srcset=\"https:\/\/richarms.com\/wp-content\/uploads\/2021\/07\/application-200x58.jpg 200w, https:\/\/richarms.com\/wp-content\/uploads\/2021\/07\/application-300x87.jpg 300w, https:\/\/richarms.com\/wp-content\/uploads\/2021\/07\/application-400x116.jpg 400w, https:\/\/richarms.com\/wp-content\/uploads\/2021\/07\/application-500x145.jpg 500w, https:\/\/richarms.com\/wp-content\/uploads\/2021\/07\/application-600x175.jpg 600w, https:\/\/richarms.com\/wp-content\/uploads\/2021\/07\/application-700x204.jpg 700w, https:\/\/richarms.com\/wp-content\/uploads\/2021\/07\/application-768x223.jpg 768w, https:\/\/richarms.com\/wp-content\/uploads\/2021\/07\/application-800x233.jpg 800w, https:\/\/richarms.com\/wp-content\/uploads\/2021\/07\/application-1024x298.jpg 1024w, https:\/\/richarms.com\/wp-content\/uploads\/2021\/07\/application.jpg 1124w\" data-sizes=\"auto\" data-orig-sizes=\"(max-width: 1024px) 100vw, 1024px\" \/><p id=\"caption-attachment-8249\" class=\"wp-caption-text\">Boutons-pression magn\u00e9tiques \u00e0 ressort polyvalents pour v\u00eatements et accessoires\u00a0<\/p><\/div><\/li>\n<\/ul>\n<h2 data-pm-slice=\"1 3 []\">Personnalisez votre marque<\/h2>\n<p>Richarms propose des options de personnalisation \u00e9tendues pour que vos boutons-pression magn\u00e9tiques correspondent parfaitement \u00e0 votre image de marque :<\/p>\n<ul>\n<li><strong>Personnalisation du logo<\/strong>: Pr\u00e9sentez clairement votre marque en imprimant ou en gravant au laser votre logo sur les boutons-pression.<\/li>\n<li><strong>Options de couleur<\/strong>: Disponible dans les finitions m\u00e9talliques standard, y compris l'or, l'argent, l'or rose, le laiton antique et les couleurs personnalis\u00e9es.<\/li>\n<\/ul>\n<p><img decoding=\"async\" class=\"lazyload alignnone size-full wp-image-5392\" src=\"https:\/\/richarms.com\/wp-content\/uploads\/2018\/07\/RICHARMS-COLOT-DIS.jpg\" data-orig-src=\"https:\/\/richarms.com\/wp-content\/uploads\/2018\/07\/RICHARMS-COLOT-DIS.jpg\" alt=\"\" width=\"651\" height=\"457\" srcset=\"data:image\/svg+xml,%3Csvg%20xmlns%3D%27http%3A%2F%2Fwww.w3.org%2F2000%2Fsvg%27%20width%3D%27651%27%20height%3D%27457%27%20viewBox%3D%270%200%20651%20457%27%3E%3Crect%20width%3D%27651%27%20height%3D%27457%27%20fill-opacity%3D%220%22%2F%3E%3C%2Fsvg%3E\" data-srcset=\"https:\/\/richarms.com\/wp-content\/uploads\/2018\/07\/RICHARMS-COLOT-DIS-200x140.jpg 200w, https:\/\/richarms.com\/wp-content\/uploads\/2018\/07\/RICHARMS-COLOT-DIS-300x211.jpg 300w, https:\/\/richarms.com\/wp-content\/uploads\/2018\/07\/RICHARMS-COLOT-DIS-400x281.jpg 400w, https:\/\/richarms.com\/wp-content\/uploads\/2018\/07\/RICHARMS-COLOT-DIS-500x351.jpg 500w, https:\/\/richarms.com\/wp-content\/uploads\/2018\/07\/RICHARMS-COLOT-DIS-600x421.jpg 600w, https:\/\/richarms.com\/wp-content\/uploads\/2018\/07\/RICHARMS-COLOT-DIS.jpg 651w\" data-sizes=\"auto\" data-orig-sizes=\"(max-width: 651px) 100vw, 651px\" \/><\/p>\n<ul>\n<li><strong>Services de couverture<\/strong>: Optez pour des boutons-pression recouverts de tissu ou de cuir qui s'int\u00e8grent parfaitement au design de votre produit et en am\u00e9liorent l'esth\u00e9tique et l'attrait.<\/li>\n<li><strong>Mat\u00e9riau :<\/strong>\n<ul>\n<li>Capsule femelle : Laiton commun ou laiton environnemental disponible<\/li>\n<li>Capsule m\u00e2le : Laiton commun ou laiton environnemental disponible<\/li>\n<li>Capuchon : fer, laiton, laiton \u00e9cologique et alliage de zinc disponibles<\/li>\n<li>Aimant int\u00e9rieur : Aimant permanent en n\u00e9odyme<\/li>\n<li>Vente de composants flexibles\n<div id=\"attachment_8250\" style=\"width: 810px\" class=\"wp-caption alignnone\"><img decoding=\"async\" aria-describedby=\"caption-attachment-8250\" class=\"lazyload wp-image-8250 size-full\" src=\"https:\/\/richarms.com\/wp-content\/uploads\/2021\/07\/Spring-button-magnetic.jpg\" data-orig-src=\"https:\/\/richarms.com\/wp-content\/uploads\/2021\/07\/Spring-button-magnetic.jpg\" alt=\"Detailed specification of 12.5mm and 15mm magnetic snap buttons in brass, zinc alloy, and stainless steel\" width=\"800\" height=\"1557\" srcset=\"data:image\/svg+xml,%3Csvg%20xmlns%3D%27http%3A%2F%2Fwww.w3.org%2F2000%2Fsvg%27%20width%3D%27800%27%20height%3D%271557%27%20viewBox%3D%270%200%20800%201557%27%3E%3Crect%20width%3D%27800%27%20height%3D%271557%27%20fill-opacity%3D%220%22%2F%3E%3C%2Fsvg%3E\" data-srcset=\"https:\/\/richarms.com\/wp-content\/uploads\/2021\/07\/Spring-button-magnetic-154x300.jpg 154w, https:\/\/richarms.com\/wp-content\/uploads\/2021\/07\/Spring-button-magnetic-200x389.jpg 200w, https:\/\/richarms.com\/wp-content\/uploads\/2021\/07\/Spring-button-magnetic-400x779.jpg 400w, https:\/\/richarms.com\/wp-content\/uploads\/2021\/07\/Spring-button-magnetic-500x973.jpg 500w, https:\/\/richarms.com\/wp-content\/uploads\/2021\/07\/Spring-button-magnetic-526x1024.jpg 526w, https:\/\/richarms.com\/wp-content\/uploads\/2021\/07\/Spring-button-magnetic-600x1168.jpg 600w, https:\/\/richarms.com\/wp-content\/uploads\/2021\/07\/Spring-button-magnetic-700x1362.jpg 700w, https:\/\/richarms.com\/wp-content\/uploads\/2021\/07\/Spring-button-magnetic-768x1495.jpg 768w, https:\/\/richarms.com\/wp-content\/uploads\/2021\/07\/Spring-button-magnetic-789x1536.jpg 789w, https:\/\/richarms.com\/wp-content\/uploads\/2021\/07\/Spring-button-magnetic.jpg 800w\" data-sizes=\"auto\" data-orig-sizes=\"(max-width: 800px) 100vw, 800px\" \/><p id=\"caption-attachment-8250\" class=\"wp-caption-text\">Dimensions et mat\u00e9riaux disponibles pour les boutons magn\u00e9tiques \u00e0 ressort<\/p><\/div><\/dt>\n<\/dl>\n<\/li>\n<\/ul>\n<\/li>\n<li><strong><b>Pack\uff1a<\/b><\/strong><br \/>\n1 jeu = 1 m\u00e2le, 1 femelle, 1 face, 1 fond<br \/>\n15 mm : 400 jeux\/bo\u00eete, 20 bo\u00eetes\/carton<\/li>\n<\/ul>\n<p>Comprenant les besoins uniques de votre entreprise, Richarms propose des ventes flexibles de composants de boutons-pression :<\/p>\n<ul>\n<li><strong>Sets complets (4 pi\u00e8ces)<\/strong>: Achat standard pour l'assemblage complet.<\/li>\n<li><strong>Sets partiels (2-3 pi\u00e8ces)<\/strong>: Disponible pour des besoins sp\u00e9cifiques, r\u00e9duisant les stocks et les co\u00fbts inutiles.<\/li>\n<\/ul>\n<h2 data-pm-slice=\"1 1 []\">Pourquoi choisir Richarms ?<\/h2>\n<p>En tant que fabricant professionnel proposant des tarifs de gros, Richarms est sp\u00e9cialis\u00e9 dans les solutions de boutons-pression magn\u00e9tiques. Notre engagement en faveur de la qualit\u00e9, de la personnalisation et de l'efficacit\u00e9 de la vente en gros fait de nous le partenaire B2B id\u00e9al pour r\u00e9pondre \u00e0 vos besoins en mati\u00e8re de v\u00eatements et d'accessoires.<\/p>\n<ul>\n<li>Prix de gros comp\u00e9titifs<\/li>\n<li>Expertise en mati\u00e8re de technologie de fermeture magn\u00e9tique<\/li>\n<li>Options compl\u00e8tes de personnalisation et d'image de marque<\/li>\n<li>Une \u00e9quipe d'assistance \u00e0 la client\u00e8le d\u00e9di\u00e9e<\/li>\n<\/ul>\n<p>D\u00e9couvrez nos <a href=\"https:\/\/www.richarmshardware.com\/products\/press-button-magnetic-button-50sets?_pos=2&amp;_sid=20c0d9d9d&amp;_ss=r\">Shopify boutique en ligne<\/a> pour des ordres directs ou <a>contacter nos experts<\/a> pour des devis personnalis\u00e9s et des demandes de renseignements compl\u00e9mentaires sur les produits.<\/p>\n<p>Faites l'exp\u00e9rience d'une innovation sans faille avec les boutons-pression magn\u00e9tiques \u00e0 ressort de Richarms, qui transforment la commodit\u00e9 en argument de vente pour votre produit.<\/p>","protected":false},"excerpt":{"rendered":"<p>Type : Bouton magn\u00e9tique \u00e0 ressort<br \/>\nMat\u00e9riau : Laiton, aimant<br \/>\nLogo : Peut \u00eatre personnalis\u00e9<br \/>\nTaille : 15 mm<br \/>\nCouleur : Nickel \/ Pistolet \/ Argent fin \/ Autre<br \/>\nEmballage : bo\u00eete et carton<br \/>\nExp\u00e9dition : LCL\/ DHL \/ FedEx \/ TNT \/ Autre<\/p>","protected":false},"featured_media":6325,"template":"","meta":[],"product_brand":[],"product_cat":[15],"product_tag":[],"class_list":{"0":"post-6200","1":"product","2":"type-product","3":"status-publish","4":"has-post-thumbnail","6":"product_cat-magnetic-snaps","8":"first","9":"instock","10":"shipping-taxable","11":"product-type-simple"},"aioseo_notices":[],"_links":{"self":[{"href":"https:\/\/richarms.com\/fr\/wp-json\/wp\/v2\/product\/6200","targetHints":{"allow":["GET"]}}],"collection":[{"href":"https:\/\/richarms.com\/fr\/wp-json\/wp\/v2\/product"}],"about":[{"href":"https:\/\/richarms.com\/fr\/wp-json\/wp\/v2\/types\/product"}],"wp:featuredmedia":[{"embeddable":true,"href":"https:\/\/richarms.com\/fr\/wp-json\/wp\/v2\/media\/6325"}],"wp:attachment":[{"href":"https:\/\/richarms.com\/fr\/wp-json\/wp\/v2\/media?parent=6200"}],"wp:term":[{"taxonomy":"product_brand","embeddable":true,"href":"https:\/\/richarms.com\/fr\/wp-json\/wp\/v2\/product_brand?post=6200"},{"taxonomy":"product_cat","embeddable":true,"href":"https:\/\/richarms.com\/fr\/wp-json\/wp\/v2\/product_cat?post=6200"},{"taxonomy":"product_tag","embeddable":true,"href":"https:\/\/richarms.com\/fr\/wp-json\/wp\/v2\/product_tag?post=6200"}],"curies":[{"name":"wp","href":"https:\/\/api.w.org\/{rel}","templated":true}]}}