{"id":6897,"date":"2021-07-11T19:00:55","date_gmt":"2021-07-11T11:00:55","guid":{"rendered":"https:\/\/richarms.com\/?post_type=product&#038;p=6897"},"modified":"2025-03-14T16:37:27","modified_gmt":"2025-03-14T08:37:27","slug":"round-magnetic-snaps-rainbow-color","status":"publish","type":"product","link":"https:\/\/richarms.com\/fr\/product\/round-magnetic-snaps-rainbow-color","title":{"rendered":"Boutons-pression magn\u00e9tiques ronds couleur arc-en-ciel"},"content":{"rendered":"<h1>Vente en gros de fermetures magn\u00e9tiques rondes de couleur arc-en-ciel - 14 mm et 18 mm pour sacs<\/h1>\n<p>Ce bouton magn\u00e9tique rond de couleur arc-en-ciel et de syst\u00e8me \u00e0 aimant unique est notre profil classique et de base de fermeture magn\u00e9tique.<br \/>\nLes armes \u00e0 feu offrent une large gamme de couleurs, de forces et de tailles.<\/p>\n<p><strong> Code et taille :<\/strong><\/p>\n<table style=\"height: 409px;\" width=\"805\">\n<tbody>\n<tr>\n<td width=\"79\">Code<\/td>\n<td width=\"48\">Taille<\/td>\n<td width=\"86\">Snap femelle TH<\/td>\n<td width=\"56\">Pression L<\/td>\n<td width=\"56\">Aimant DIA<\/td>\n<td width=\"140\">Photo<\/td>\n<td width=\"266\">Description<\/td>\n<\/tr>\n<tr>\n<td width=\"79\">RC-C1435<\/td>\n<td width=\"48\">14 mm<\/td>\n<td width=\"86\">3,5 mm<\/td>\n<td width=\"56\">7,6 mm<\/td>\n<td width=\"56\">13 mm<\/td>\n<td width=\"140\"><img decoding=\"async\" class=\"lazyload wp-image-7208 aligncenter\" src=\"https:\/\/richarms.com\/wp-content\/uploads\/2020\/03\/\u56fe\u72475-1.png\" data-orig-src=\"https:\/\/richarms.com\/wp-content\/uploads\/2020\/03\/\u56fe\u72475-1.png\" alt=\"\" width=\"129\" height=\"81\" srcset=\"data:image\/svg+xml,%3Csvg%20xmlns%3D%27http%3A%2F%2Fwww.w3.org%2F2000%2Fsvg%27%20width%3D%27129%27%20height%3D%2781%27%20viewBox%3D%270%200%20129%2081%27%3E%3Crect%20width%3D%27129%27%20height%3D%2781%27%20fill-opacity%3D%220%22%2F%3E%3C%2Fsvg%3E\" data-srcset=\"https:\/\/richarms.com\/wp-content\/uploads\/2020\/03\/\u56fe\u72475-1-200x126.png 200w, https:\/\/richarms.com\/wp-content\/uploads\/2020\/03\/\u56fe\u72475-1-300x190.png 300w, https:\/\/richarms.com\/wp-content\/uploads\/2020\/03\/\u56fe\u72475-1-320x202.png 320w, https:\/\/richarms.com\/wp-content\/uploads\/2020\/03\/\u56fe\u72475-1-400x253.png 400w, https:\/\/richarms.com\/wp-content\/uploads\/2020\/03\/\u56fe\u72475-1-500x316.png 500w, https:\/\/richarms.com\/wp-content\/uploads\/2020\/03\/\u56fe\u72475-1-600x379.png 600w, https:\/\/richarms.com\/wp-content\/uploads\/2020\/03\/\u56fe\u72475-1-700x442.png 700w, https:\/\/richarms.com\/wp-content\/uploads\/2020\/03\/\u56fe\u72475-1.png 731w\" data-sizes=\"auto\" data-orig-sizes=\"(max-width: 129px) 100vw, 129px\" \/><\/td>\n<td width=\"266\"><span style=\"color: #ff0000;\">Solution peu co\u00fbteuse.<\/span><br \/>\nMoins puissant, il sera utilis\u00e9 pour de petits objets promotionnels, comme un petit carnet, un porte-carte, un petit sac, un sac de t\u00e9l\u00e9phone portable et les collections correspondantes.<\/td>\n<\/tr>\n<tr>\n<td width=\"79\">RC-C1840<\/td>\n<td width=\"48\">18mm<\/td>\n<td width=\"86\">3,8 mm<\/td>\n<td width=\"56\">9 mm<\/td>\n<td width=\"56\">17 mm<\/td>\n<td width=\"140\"><img decoding=\"async\" class=\"lazyload alignnone size-full wp-image-7210\" src=\"https:\/\/richarms.com\/wp-content\/uploads\/2020\/03\/\u56fe\u72477.png\" data-orig-src=\"https:\/\/richarms.com\/wp-content\/uploads\/2020\/03\/\u56fe\u72477.png\" alt=\"\" width=\"901\" height=\"570\" srcset=\"data:image\/svg+xml,%3Csvg%20xmlns%3D%27http%3A%2F%2Fwww.w3.org%2F2000%2Fsvg%27%20width%3D%27901%27%20height%3D%27570%27%20viewBox%3D%270%200%20901%20570%27%3E%3Crect%20width%3D%27901%27%20height%3D%27570%27%20fill-opacity%3D%220%22%2F%3E%3C%2Fsvg%3E\" data-srcset=\"https:\/\/richarms.com\/wp-content\/uploads\/2020\/03\/\u56fe\u72477-200x127.png 200w, https:\/\/richarms.com\/wp-content\/uploads\/2020\/03\/\u56fe\u72477-300x190.png 300w, https:\/\/richarms.com\/wp-content\/uploads\/2020\/03\/\u56fe\u72477-320x202.png 320w, https:\/\/richarms.com\/wp-content\/uploads\/2020\/03\/\u56fe\u72477-400x253.png 400w, https:\/\/richarms.com\/wp-content\/uploads\/2020\/03\/\u56fe\u72477-500x316.png 500w, https:\/\/richarms.com\/wp-content\/uploads\/2020\/03\/\u56fe\u72477-600x380.png 600w, https:\/\/richarms.com\/wp-content\/uploads\/2020\/03\/\u56fe\u72477-700x443.png 700w, https:\/\/richarms.com\/wp-content\/uploads\/2020\/03\/\u56fe\u72477-768x486.png 768w, https:\/\/richarms.com\/wp-content\/uploads\/2020\/03\/\u56fe\u72477-800x506.png 800w, https:\/\/richarms.com\/wp-content\/uploads\/2020\/03\/\u56fe\u72477.png 901w\" data-sizes=\"auto\" data-orig-sizes=\"(max-width: 901px) 100vw, 901px\" \/><\/td>\n<td width=\"266\"><span style=\"color: #ff0000;\">Solution peu co\u00fbteuse.<\/span><br \/>\nDe r\u00e9sistance moyenne, il est le plus couramment utilis\u00e9 dans l'industrie.<\/td>\n<\/tr>\n<tr>\n<td width=\"79\">RC-C1845<\/td>\n<td width=\"48\">18mm<\/td>\n<td width=\"86\">4,5 mm<\/td>\n<td width=\"56\">9 mm<\/td>\n<td width=\"56\">17 mm<\/td>\n<td width=\"140\"><img decoding=\"async\" class=\"lazyload size-full wp-image-7209 aligncenter\" src=\"https:\/\/richarms.com\/wp-content\/uploads\/2020\/03\/\u56fe\u72476.png\" data-orig-src=\"https:\/\/richarms.com\/wp-content\/uploads\/2020\/03\/\u56fe\u72476.png\" alt=\"\" width=\"901\" height=\"570\" srcset=\"data:image\/svg+xml,%3Csvg%20xmlns%3D%27http%3A%2F%2Fwww.w3.org%2F2000%2Fsvg%27%20width%3D%27901%27%20height%3D%27570%27%20viewBox%3D%270%200%20901%20570%27%3E%3Crect%20width%3D%27901%27%20height%3D%27570%27%20fill-opacity%3D%220%22%2F%3E%3C%2Fsvg%3E\" data-srcset=\"https:\/\/richarms.com\/wp-content\/uploads\/2020\/03\/\u56fe\u72476-200x127.png 200w, https:\/\/richarms.com\/wp-content\/uploads\/2020\/03\/\u56fe\u72476-300x190.png 300w, https:\/\/richarms.com\/wp-content\/uploads\/2020\/03\/\u56fe\u72476-320x202.png 320w, https:\/\/richarms.com\/wp-content\/uploads\/2020\/03\/\u56fe\u72476-400x253.png 400w, https:\/\/richarms.com\/wp-content\/uploads\/2020\/03\/\u56fe\u72476-500x316.png 500w, https:\/\/richarms.com\/wp-content\/uploads\/2020\/03\/\u56fe\u72476-600x380.png 600w, https:\/\/richarms.com\/wp-content\/uploads\/2020\/03\/\u56fe\u72476-700x443.png 700w, https:\/\/richarms.com\/wp-content\/uploads\/2020\/03\/\u56fe\u72476-768x486.png 768w, https:\/\/richarms.com\/wp-content\/uploads\/2020\/03\/\u56fe\u72476-800x506.png 800w, https:\/\/richarms.com\/wp-content\/uploads\/2020\/03\/\u56fe\u72476.png 901w\" data-sizes=\"auto\" data-orig-sizes=\"(max-width: 901px) 100vw, 901px\" \/><\/td>\n<td width=\"266\">Les boutons-pression magn\u00e9tiques extra-\u00e9pais sont notre mod\u00e8le le plus populaire.<br \/>\nMagn\u00e9tique \u00e0 faible co\u00fbt ; r\u00e9sistance standard ; utilis\u00e9 dans des applications moyennes, telles que les sacs, les sacs en cuir, les sacs \u00e0 main, les sacs fourre-tout, les porte-documents et d'autres travaux en cuir.<\/td>\n<\/tr>\n<\/tbody>\n<\/table>\n<p><strong><b>Remarque : Forte puissance magn\u00e9tique disponible<\/b><\/strong><\/p>\n<p>Profil mince de 2 mm d'\u00e9paisseur <a href=\"https:\/\/richarms.com\/fr\/produit\/bzy-2018-m49\/\">boutons-pression magn\u00e9tiques extra-fins<\/a> acheter ici<\/p>\n<p>Exemple de commande <a href=\"https:\/\/www.richarmshardware.com\/products\/18x4-5mm-single-rivet-magnetic-snaps?variant=40967621083307\">acheter ici<\/a><\/p>\n<p style=\"text-align: left;\"><strong>Mat\u00e9riau :<br \/>\n<\/strong>Capsule m\u00e2le : Acier<br \/>\nCapsule femelle :  Acier, laiton ou acier inoxydable<\/p>\n<p><img decoding=\"async\" class=\"lazyload alignnone wp-image-7161\" src=\"https:\/\/richarms.com\/wp-content\/uploads\/2020\/03\/materials-e1626143269166.png\" data-orig-src=\"https:\/\/richarms.com\/wp-content\/uploads\/2020\/03\/materials-e1626143269166.png\" alt=\"\" width=\"446\" height=\"199\" srcset=\"data:image\/svg+xml,%3Csvg%20xmlns%3D%27http%3A%2F%2Fwww.w3.org%2F2000%2Fsvg%27%20width%3D%27446%27%20height%3D%27199%27%20viewBox%3D%270%200%20446%20199%27%3E%3Crect%20width%3D%27446%27%20height%3D%27199%27%20fill-opacity%3D%220%22%2F%3E%3C%2Fsvg%3E\" data-srcset=\"https:\/\/richarms.com\/wp-content\/uploads\/2020\/03\/materials-e1626143269166-200x89.png 200w, https:\/\/richarms.com\/wp-content\/uploads\/2020\/03\/materials-e1626143269166-300x134.png 300w, https:\/\/richarms.com\/wp-content\/uploads\/2020\/03\/materials-e1626143269166-400x178.png 400w, https:\/\/richarms.com\/wp-content\/uploads\/2020\/03\/materials-e1626143269166-500x223.png 500w, https:\/\/richarms.com\/wp-content\/uploads\/2020\/03\/materials-e1626143269166.png 511w\" data-sizes=\"auto\" data-orig-sizes=\"(max-width: 446px) 100vw, 446px\" \/><\/p>\n<p><strong><b>Options de r\u00e9sistance :<br \/>\n<\/b><\/strong>Puissance standard de l'aimant : Aimant permanent en ferrite<br \/>\nPuissance de l'aimant : Ajouter ou remplacer un aimant permanent en n\u00e9odyme puissant<\/p>\n<p><img decoding=\"async\" class=\"lazyload alignnone wp-image-7164\" src=\"https:\/\/richarms.com\/wp-content\/uploads\/2020\/03\/\u78c1\u529b\u5bf9\u6bd4\u56fe.png\" data-orig-src=\"https:\/\/richarms.com\/wp-content\/uploads\/2020\/03\/\u78c1\u529b\u5bf9\u6bd4\u56fe.png\" alt=\"\" width=\"454\" height=\"360\" srcset=\"data:image\/svg+xml,%3Csvg%20xmlns%3D%27http%3A%2F%2Fwww.w3.org%2F2000%2Fsvg%27%20width%3D%27454%27%20height%3D%27360%27%20viewBox%3D%270%200%20454%20360%27%3E%3Crect%20width%3D%27454%27%20height%3D%27360%27%20fill-opacity%3D%220%22%2F%3E%3C%2Fsvg%3E\" data-srcset=\"https:\/\/richarms.com\/wp-content\/uploads\/2020\/03\/\u78c1\u529b\u5bf9\u6bd4\u56fe-200x159.png 200w, https:\/\/richarms.com\/wp-content\/uploads\/2020\/03\/\u78c1\u529b\u5bf9\u6bd4\u56fe-300x238.png 300w, https:\/\/richarms.com\/wp-content\/uploads\/2020\/03\/\u78c1\u529b\u5bf9\u6bd4\u56fe-400x317.png 400w, https:\/\/richarms.com\/wp-content\/uploads\/2020\/03\/\u78c1\u529b\u5bf9\u6bd4\u56fe-500x397.png 500w, https:\/\/richarms.com\/wp-content\/uploads\/2020\/03\/\u78c1\u529b\u5bf9\u6bd4\u56fe-600x476.png 600w, https:\/\/richarms.com\/wp-content\/uploads\/2020\/03\/\u78c1\u529b\u5bf9\u6bd4\u56fe-700x555.png 700w, https:\/\/richarms.com\/wp-content\/uploads\/2020\/03\/\u78c1\u529b\u5bf9\u6bd4\u56fe-768x609.png 768w, https:\/\/richarms.com\/wp-content\/uploads\/2020\/03\/\u78c1\u529b\u5bf9\u6bd4\u56fe-800x635.png 800w, https:\/\/richarms.com\/wp-content\/uploads\/2020\/03\/\u78c1\u529b\u5bf9\u6bd4\u56fe-1024x813.png 1024w, https:\/\/richarms.com\/wp-content\/uploads\/2020\/03\/\u78c1\u529b\u5bf9\u6bd4\u56fe-1200x952.png 1200w, https:\/\/richarms.com\/wp-content\/uploads\/2020\/03\/\u78c1\u529b\u5bf9\u6bd4\u56fe-1536x1219.png 1536w, https:\/\/richarms.com\/wp-content\/uploads\/2020\/03\/\u78c1\u529b\u5bf9\u6bd4\u56fe.png 1661w\" data-sizes=\"auto\" data-orig-sizes=\"(max-width: 454px) 100vw, 454px\" \/><\/p>\n<p>La force de nos boutons magn\u00e9tiques :<\/p>\n<p><img decoding=\"async\" class=\"lazyload alignnone size-full wp-image-7169\" src=\"https:\/\/richarms.com\/wp-content\/uploads\/2020\/03\/\u5fae\u4fe1\u622a\u56fe_20210712180015.png\" data-orig-src=\"https:\/\/richarms.com\/wp-content\/uploads\/2020\/03\/\u5fae\u4fe1\u622a\u56fe_20210712180015.png\" alt=\"\" width=\"488\" height=\"793\" srcset=\"data:image\/svg+xml,%3Csvg%20xmlns%3D%27http%3A%2F%2Fwww.w3.org%2F2000%2Fsvg%27%20width%3D%27488%27%20height%3D%27793%27%20viewBox%3D%270%200%20488%20793%27%3E%3Crect%20width%3D%27488%27%20height%3D%27793%27%20fill-opacity%3D%220%22%2F%3E%3C%2Fsvg%3E\" data-srcset=\"https:\/\/richarms.com\/wp-content\/uploads\/2020\/03\/\u5fae\u4fe1\u622a\u56fe_20210712180015-185x300.png 185w, https:\/\/richarms.com\/wp-content\/uploads\/2020\/03\/\u5fae\u4fe1\u622a\u56fe_20210712180015-200x325.png 200w, https:\/\/richarms.com\/wp-content\/uploads\/2020\/03\/\u5fae\u4fe1\u622a\u56fe_20210712180015-400x650.png 400w, https:\/\/richarms.com\/wp-content\/uploads\/2020\/03\/\u5fae\u4fe1\u622a\u56fe_20210712180015.png 488w\" data-sizes=\"auto\" data-orig-sizes=\"(max-width: 488px) 100vw, 488px\" \/><\/p>\n<p><strong><b>F<\/b><\/strong><strong><b>inish<\/b><\/strong><strong><b>:<br \/>\n<\/b><\/strong>Snap femelle : uni, motif, logo<\/p>\n<p><img decoding=\"async\" class=\"lazyload alignnone wp-image-7166\" src=\"data:image\/svg+xml,%3Csvg%20xmlns%3D%27http%3A%2F%2Fwww.w3.org%2F2000%2Fsvg%27%20width%3D%27288%27%20height%3D%27135%27%20viewBox%3D%270%200%20288%20135%27%3E%3Crect%20width%3D%27288%27%20height%3D%27135%27%20fill-opacity%3D%220%22%2F%3E%3C%2Fsvg%3E\" data-orig-src=\"https:\/\/richarms.com\/wp-content\/uploads\/2020\/03\/\u56fe\u72473.jpg\" alt=\"\" width=\"288\" height=\"135\" \/><br \/>\nCoup de poing masculin : uni, texte, logo<\/p>\n<p><img decoding=\"async\" class=\"lazyload alignnone wp-image-7180\" src=\"https:\/\/richarms.com\/wp-content\/uploads\/2020\/03\/\u56fe\u72474.jpg\" data-orig-src=\"https:\/\/richarms.com\/wp-content\/uploads\/2020\/03\/\u56fe\u72474.jpg\" alt=\"\" width=\"301\" height=\"121\" srcset=\"data:image\/svg+xml,%3Csvg%20xmlns%3D%27http%3A%2F%2Fwww.w3.org%2F2000%2Fsvg%27%20width%3D%27301%27%20height%3D%27121%27%20viewBox%3D%270%200%20301%20121%27%3E%3Crect%20width%3D%27301%27%20height%3D%27121%27%20fill-opacity%3D%220%22%2F%3E%3C%2Fsvg%3E\" data-srcset=\"https:\/\/richarms.com\/wp-content\/uploads\/2020\/03\/\u56fe\u72474-200x80.jpg 200w, https:\/\/richarms.com\/wp-content\/uploads\/2020\/03\/\u56fe\u72474-300x120.jpg 300w, https:\/\/richarms.com\/wp-content\/uploads\/2020\/03\/\u56fe\u72474-400x160.jpg 400w, https:\/\/richarms.com\/wp-content\/uploads\/2020\/03\/\u56fe\u72474-500x200.jpg 500w, https:\/\/richarms.com\/wp-content\/uploads\/2020\/03\/\u56fe\u72474-600x241.jpg 600w, https:\/\/richarms.com\/wp-content\/uploads\/2020\/03\/\u56fe\u72474.jpg 651w\" data-sizes=\"auto\" data-orig-sizes=\"(max-width: 301px) 100vw, 301px\" \/><\/p>\n<p><strong>Emballage<\/strong><strong>:<br \/>\n<\/strong>Tous ces produits peuvent \u00eatre fournis avec des pieds, des tiges ou des rivets.<br \/>\n1 jeu = 1 m\u00e2le, 1 femelle, 2 rondelles<br \/>\n14mm : 200 jeux\/bo\u00eete, 20 bo\u00eetes\/carton<br \/>\n18mm : 100 jeux\/bo\u00eete, 20 bo\u00eetes\/carton<\/p>\n<p><img decoding=\"async\" class=\"lazyload alignnone size-full wp-image-5393\" src=\"https:\/\/richarms.com\/wp-content\/uploads\/2018\/07\/20150702163646_50174.jpg\" data-orig-src=\"https:\/\/richarms.com\/wp-content\/uploads\/2018\/07\/20150702163646_50174.jpg\" alt=\"\" width=\"300\" height=\"290\" srcset=\"data:image\/svg+xml,%3Csvg%20xmlns%3D%27http%3A%2F%2Fwww.w3.org%2F2000%2Fsvg%27%20width%3D%27300%27%20height%3D%27290%27%20viewBox%3D%270%200%20300%20290%27%3E%3Crect%20width%3D%27300%27%20height%3D%27290%27%20fill-opacity%3D%220%22%2F%3E%3C%2Fsvg%3E\" data-srcset=\"https:\/\/richarms.com\/wp-content\/uploads\/2018\/07\/20150702163646_50174-200x193.jpg 200w, https:\/\/richarms.com\/wp-content\/uploads\/2018\/07\/20150702163646_50174.jpg 300w\" data-sizes=\"auto\" data-orig-sizes=\"(max-width: 300px) 100vw, 300px\" \/><b><\/b><b><\/b><\/p>\n<p><strong><b>Solution aux couleurs de l'arc-en-ciel<br \/>\n<\/b><\/strong><\/p>\n<ul>\n<li>Gauche = Top arc-en-ciel + base arc-en-ciel<\/li>\n<li>Droite= Dessus arc-en-ciel + base or<\/li>\n<\/ul>\n<table style=\"border-collapse: collapse; width: 810px; height: 196px;\" border=\"0\" width=\"96\" cellspacing=\"0\" cellpadding=\"0\">\n<tbody>\n<tr style=\"height: 16.80pt;\">\n<td style=\"height: 16.80pt; width: 48.00pt;\" width=\"48\" height=\"16\"><img decoding=\"async\" class=\"lazyload wp-image-6908 size-medium\" src=\"https:\/\/richarms.com\/wp-content\/uploads\/2020\/03\/IMG_1117\u526f\u672c-300x300.jpg\" data-orig-src=\"https:\/\/richarms.com\/wp-content\/uploads\/2020\/03\/IMG_1117\u526f\u672c-300x300.jpg\" alt=\"Round Magnetic Snap rainbow color Female Side Close-up\" width=\"300\" height=\"300\" srcset=\"data:image\/svg+xml,%3Csvg%20xmlns%3D%27http%3A%2F%2Fwww.w3.org%2F2000%2Fsvg%27%20width%3D%27300%27%20height%3D%27300%27%20viewBox%3D%270%200%20300%20300%27%3E%3Crect%20width%3D%27300%27%20height%3D%27300%27%20fill-opacity%3D%220%22%2F%3E%3C%2Fsvg%3E\" data-srcset=\"https:\/\/richarms.com\/wp-content\/uploads\/2020\/03\/IMG_1117\u526f\u672c-66x66.jpg 66w, https:\/\/richarms.com\/wp-content\/uploads\/2020\/03\/IMG_1117\u526f\u672c-100x100.jpg 100w, https:\/\/richarms.com\/wp-content\/uploads\/2020\/03\/IMG_1117\u526f\u672c-150x150.jpg 150w, https:\/\/richarms.com\/wp-content\/uploads\/2020\/03\/IMG_1117\u526f\u672c-200x200.jpg 200w, https:\/\/richarms.com\/wp-content\/uploads\/2020\/03\/IMG_1117\u526f\u672c-300x300.jpg 300w, https:\/\/richarms.com\/wp-content\/uploads\/2020\/03\/IMG_1117\u526f\u672c-400x400.jpg 400w, https:\/\/richarms.com\/wp-content\/uploads\/2020\/03\/IMG_1117\u526f\u672c-500x500.jpg 500w, https:\/\/richarms.com\/wp-content\/uploads\/2020\/03\/IMG_1117\u526f\u672c-600x600.jpg 600w, https:\/\/richarms.com\/wp-content\/uploads\/2020\/03\/IMG_1117\u526f\u672c-700x700.jpg 700w, https:\/\/richarms.com\/wp-content\/uploads\/2020\/03\/IMG_1117\u526f\u672c-768x768.jpg 768w, https:\/\/richarms.com\/wp-content\/uploads\/2020\/03\/IMG_1117\u526f\u672c-800x800.jpg 800w, https:\/\/richarms.com\/wp-content\/uploads\/2020\/03\/IMG_1117\u526f\u672c-1024x1024.jpg 1024w, https:\/\/richarms.com\/wp-content\/uploads\/2020\/03\/IMG_1117\u526f\u672c-1200x1200.jpg 1200w, https:\/\/richarms.com\/wp-content\/uploads\/2020\/03\/IMG_1117\u526f\u672c-1536x1536.jpg 1536w\" data-sizes=\"auto\" data-orig-sizes=\"(max-width: 300px) 100vw, 300px\" \/><\/p>\n<p>Mousqueton magn\u00e9tique rond couleur arc-en-ciel<\/td>\n<td style=\"width: 48.00pt;\" width=\"48\"><img decoding=\"async\" class=\"lazyload wp-image-6909 size-medium\" src=\"https:\/\/richarms.com\/wp-content\/uploads\/2020\/03\/IMG_1118\u526f\u672c-300x300.jpg\" data-orig-src=\"https:\/\/richarms.com\/wp-content\/uploads\/2020\/03\/IMG_1118\u526f\u672c-300x300.jpg\" alt=\"Backside of Round Magnetic Snap rainbow color Female Component\" width=\"300\" height=\"300\" srcset=\"data:image\/svg+xml,%3Csvg%20xmlns%3D%27http%3A%2F%2Fwww.w3.org%2F2000%2Fsvg%27%20width%3D%27300%27%20height%3D%27300%27%20viewBox%3D%270%200%20300%20300%27%3E%3Crect%20width%3D%27300%27%20height%3D%27300%27%20fill-opacity%3D%220%22%2F%3E%3C%2Fsvg%3E\" data-srcset=\"https:\/\/richarms.com\/wp-content\/uploads\/2020\/03\/IMG_1118\u526f\u672c-66x66.jpg 66w, https:\/\/richarms.com\/wp-content\/uploads\/2020\/03\/IMG_1118\u526f\u672c-100x100.jpg 100w, https:\/\/richarms.com\/wp-content\/uploads\/2020\/03\/IMG_1118\u526f\u672c-150x150.jpg 150w, https:\/\/richarms.com\/wp-content\/uploads\/2020\/03\/IMG_1118\u526f\u672c-200x200.jpg 200w, https:\/\/richarms.com\/wp-content\/uploads\/2020\/03\/IMG_1118\u526f\u672c-300x300.jpg 300w, https:\/\/richarms.com\/wp-content\/uploads\/2020\/03\/IMG_1118\u526f\u672c-400x400.jpg 400w, https:\/\/richarms.com\/wp-content\/uploads\/2020\/03\/IMG_1118\u526f\u672c-500x500.jpg 500w, https:\/\/richarms.com\/wp-content\/uploads\/2020\/03\/IMG_1118\u526f\u672c-600x600.jpg 600w, https:\/\/richarms.com\/wp-content\/uploads\/2020\/03\/IMG_1118\u526f\u672c-700x700.jpg 700w, https:\/\/richarms.com\/wp-content\/uploads\/2020\/03\/IMG_1118\u526f\u672c-768x768.jpg 768w, https:\/\/richarms.com\/wp-content\/uploads\/2020\/03\/IMG_1118\u526f\u672c-800x800.jpg 800w, https:\/\/richarms.com\/wp-content\/uploads\/2020\/03\/IMG_1118\u526f\u672c-1024x1024.jpg 1024w, https:\/\/richarms.com\/wp-content\/uploads\/2020\/03\/IMG_1118\u526f\u672c-1200x1200.jpg 1200w, https:\/\/richarms.com\/wp-content\/uploads\/2020\/03\/IMG_1118\u526f\u672c-1536x1536.jpg 1536w\" data-sizes=\"auto\" data-orig-sizes=\"(max-width: 300px) 100vw, 300px\" \/><\/p>\n<p>Mousqueton magn\u00e9tique rond couleur arc-en-ciel<\/td>\n<\/tr>\n<\/tbody>\n<\/table>\n<p>&nbsp;<\/p>\n<p><strong>Autre option de couleur<\/strong><\/p>\n<p><strong><img decoding=\"async\" class=\"lazyload alignnone size-full wp-image-5392\" src=\"https:\/\/richarms.com\/wp-content\/uploads\/2018\/07\/RICHARMS-COLOT-DIS.jpg\" data-orig-src=\"https:\/\/richarms.com\/wp-content\/uploads\/2018\/07\/RICHARMS-COLOT-DIS.jpg\" alt=\"\" width=\"651\" height=\"457\" srcset=\"data:image\/svg+xml,%3Csvg%20xmlns%3D%27http%3A%2F%2Fwww.w3.org%2F2000%2Fsvg%27%20width%3D%27651%27%20height%3D%27457%27%20viewBox%3D%270%200%20651%20457%27%3E%3Crect%20width%3D%27651%27%20height%3D%27457%27%20fill-opacity%3D%220%22%2F%3E%3C%2Fsvg%3E\" data-srcset=\"https:\/\/richarms.com\/wp-content\/uploads\/2018\/07\/RICHARMS-COLOT-DIS-200x140.jpg 200w, https:\/\/richarms.com\/wp-content\/uploads\/2018\/07\/RICHARMS-COLOT-DIS-300x211.jpg 300w, https:\/\/richarms.com\/wp-content\/uploads\/2018\/07\/RICHARMS-COLOT-DIS-400x281.jpg 400w, https:\/\/richarms.com\/wp-content\/uploads\/2018\/07\/RICHARMS-COLOT-DIS-500x351.jpg 500w, https:\/\/richarms.com\/wp-content\/uploads\/2018\/07\/RICHARMS-COLOT-DIS-600x421.jpg 600w, https:\/\/richarms.com\/wp-content\/uploads\/2018\/07\/RICHARMS-COLOT-DIS.jpg 651w\" data-sizes=\"auto\" data-orig-sizes=\"(max-width: 651px) 100vw, 651px\" \/><\/strong><\/p>\n<p>Envoyez un courriel pour obtenir d'autres photos de couleurs, comme Spray Black, Rainbow, Pearl Nkl, Pearl Gold, Brush Nkl, Brush Gold, etc.<\/p>\n<p><strong><b>Quelle est la diff\u00e9rence entre la qualit\u00e9 de suspension et la qualit\u00e9 de roulement ?<\/b><\/strong><\/p>\n<p><img decoding=\"async\" class=\"lazyload alignnone wp-image-7165\" src=\"https:\/\/richarms.com\/wp-content\/uploads\/2020\/03\/\u56fe\u72471.jpg\" data-orig-src=\"https:\/\/richarms.com\/wp-content\/uploads\/2020\/03\/\u56fe\u72471.jpg\" alt=\"\" width=\"176\" height=\"248\" srcset=\"data:image\/svg+xml,%3Csvg%20xmlns%3D%27http%3A%2F%2Fwww.w3.org%2F2000%2Fsvg%27%20width%3D%27176%27%20height%3D%27248%27%20viewBox%3D%270%200%20176%20248%27%3E%3Crect%20width%3D%27176%27%20height%3D%27248%27%20fill-opacity%3D%220%22%2F%3E%3C%2Fsvg%3E\" data-srcset=\"https:\/\/richarms.com\/wp-content\/uploads\/2020\/03\/\u56fe\u72471-200x281.jpg 200w, https:\/\/richarms.com\/wp-content\/uploads\/2020\/03\/\u56fe\u72471-213x300.jpg 213w, https:\/\/richarms.com\/wp-content\/uploads\/2020\/03\/\u56fe\u72471.jpg 349w\" data-sizes=\"auto\" data-orig-sizes=\"(max-width: 176px) 100vw, 176px\" \/><\/p>\n<p><strong><b>Application<\/b><\/strong><\/p>\n<p><img decoding=\"async\" class=\"lazyload alignnone wp-image-7160\" src=\"https:\/\/richarms.com\/wp-content\/uploads\/2020\/03\/application.png\" data-orig-src=\"https:\/\/richarms.com\/wp-content\/uploads\/2020\/03\/application.png\" alt=\"\" width=\"474\" height=\"443\" srcset=\"data:image\/svg+xml,%3Csvg%20xmlns%3D%27http%3A%2F%2Fwww.w3.org%2F2000%2Fsvg%27%20width%3D%27474%27%20height%3D%27443%27%20viewBox%3D%270%200%20474%20443%27%3E%3Crect%20width%3D%27474%27%20height%3D%27443%27%20fill-opacity%3D%220%22%2F%3E%3C%2Fsvg%3E\" data-srcset=\"https:\/\/richarms.com\/wp-content\/uploads\/2020\/03\/application-200x187.png 200w, https:\/\/richarms.com\/wp-content\/uploads\/2020\/03\/application-300x280.png 300w, https:\/\/richarms.com\/wp-content\/uploads\/2020\/03\/application-400x374.png 400w, https:\/\/richarms.com\/wp-content\/uploads\/2020\/03\/application-500x467.png 500w, https:\/\/richarms.com\/wp-content\/uploads\/2020\/03\/application.png 598w\" data-sizes=\"auto\" data-orig-sizes=\"(max-width: 474px) 100vw, 474px\" \/><\/p>","protected":false},"excerpt":{"rendered":"<p>Type : Standard\/Basique\/Classique Boutons-pression magn\u00e9tiques<strong><br \/>\n<\/strong>Mat\u00e9riau : Laiton, fer, aimant<strong><br \/>\n<\/strong>Num\u00e9ro de mod\u00e8le : RC-C1435\/1840\/1845<strong><br \/>\n<\/strong>Logo personnalis\u00e9 disponible : Laser, Gravure, Outillage<strong><br \/>\n<\/strong>Taille : 14 mm, 18 mm<strong><br \/>\n<\/strong>Couleur : Or \/ Nickel \/ Gun \/ Rose Gold \/Brush Ant \/ Autre<strong><br \/>\n<\/strong>Emballage : bo\u00eete et carton<strong><br \/>\n<\/strong>Exp\u00e9dition : LCL\/ LDP\/ EXPRESS (DHL \/ FedEx \/ TNT \/ Autre)<\/p>","protected":false},"featured_media":6906,"template":"","meta":[],"product_brand":[],"product_cat":[15],"product_tag":[84,85,95,96,97],"class_list":{"0":"post-6897","1":"product","2":"type-product","3":"status-publish","4":"has-post-thumbnail","6":"product_cat-magnetic-snaps","7":"product_tag-18mm","8":"product_tag-14mm","9":"product_tag-rainbow","10":"product_tag-magnetic-snaps","11":"product_tag-thick","13":"first","14":"instock","15":"shipping-taxable","16":"product-type-simple"},"aioseo_notices":[],"_links":{"self":[{"href":"https:\/\/richarms.com\/fr\/wp-json\/wp\/v2\/product\/6897","targetHints":{"allow":["GET"]}}],"collection":[{"href":"https:\/\/richarms.com\/fr\/wp-json\/wp\/v2\/product"}],"about":[{"href":"https:\/\/richarms.com\/fr\/wp-json\/wp\/v2\/types\/product"}],"wp:featuredmedia":[{"embeddable":true,"href":"https:\/\/richarms.com\/fr\/wp-json\/wp\/v2\/media\/6906"}],"wp:attachment":[{"href":"https:\/\/richarms.com\/fr\/wp-json\/wp\/v2\/media?parent=6897"}],"wp:term":[{"taxonomy":"product_brand","embeddable":true,"href":"https:\/\/richarms.com\/fr\/wp-json\/wp\/v2\/product_brand?post=6897"},{"taxonomy":"product_cat","embeddable":true,"href":"https:\/\/richarms.com\/fr\/wp-json\/wp\/v2\/product_cat?post=6897"},{"taxonomy":"product_tag","embeddable":true,"href":"https:\/\/richarms.com\/fr\/wp-json\/wp\/v2\/product_tag?post=6897"}],"curies":[{"name":"wp","href":"https:\/\/api.w.org\/{rel}","templated":true}]}}