{"id":6929,"date":"2021-07-10T09:07:49","date_gmt":"2021-07-10T01:07:49","guid":{"rendered":"https:\/\/richarms.com\/?post_type=product&#038;p=6929"},"modified":"2025-05-21T17:17:57","modified_gmt":"2025-05-21T09:17:57","slug":"magnetic-bag-lock","status":"publish","type":"product","link":"https:\/\/richarms.com\/fr\/product\/magnetic-bag-lock","title":{"rendered":"Serrure magn\u00e9tique pour sacs \u00e0 main"},"content":{"rendered":"<h1 class=\"ma-title\" title=\"Nouveau style de serrure magn\u00e9tique en alliage de zinc en forme de coeur pour sac \u00e0 main serrure m\u00e9tallique pour sac en gros \u00e9chantillon gratuit\" data-spm-anchor-id=\"a2700.wholesale.maonnacta.i1.7dac1ceewoqAeY\">Serrure magn\u00e9tique pour sacs \u00e0 main et sacs \u00e0 dos | Richarms<\/h1>\n<p class=\"ma-title\" title=\"Nouveau style de serrure magn\u00e9tique en alliage de zinc en forme de coeur pour sac \u00e0 main serrure m\u00e9tallique pour sac en gros \u00e9chantillon gratuit\" data-spm-anchor-id=\"a2700.wholesale.maonnacta.i1.7dac1ceewoqAeY\">Couleur : or clair, nickel, or rose, laiton antique, brosse antique et autres couleurs.<br \/>\nMat\u00e9riau : alliage de zinc<br \/>\nUtilisation : fabrication de sacs \u00e0 main, assemblage avec des boutons-pression magn\u00e9tiques<br \/>\nPoids unitaire : 13 g<br \/>\nMOQ : 1000 pcs (m\u00e9lange de 3 couleurs) par envoi<\/p>\n<p title=\"Nouveau style de serrure magn\u00e9tique en alliage de zinc en forme de coeur pour sac \u00e0 main serrure m\u00e9tallique pour sac en gros \u00e9chantillon gratuit\" data-spm-anchor-id=\"a2700.wholesale.maonnacta.i1.7dac1ceewoqAeY\">Les dimensions sont indiqu\u00e9es ci-dessous :<\/p>\n<p title=\"Nouveau style de serrure magn\u00e9tique en alliage de zinc en forme de coeur pour sac \u00e0 main serrure m\u00e9tallique pour sac en gros \u00e9chantillon gratuit\" data-spm-anchor-id=\"a2700.wholesale.maonnacta.i1.7dac1ceewoqAeY\"><img decoding=\"async\" class=\"lazyload alignnone size-full wp-image-6931\" src=\"https:\/\/richarms.com\/wp-content\/uploads\/2020\/09\/star-02.jpg\" data-orig-src=\"https:\/\/richarms.com\/wp-content\/uploads\/2020\/09\/star-02.jpg\" alt=\"\" width=\"750\" height=\"750\" srcset=\"data:image\/svg+xml,%3Csvg%20xmlns%3D%27http%3A%2F%2Fwww.w3.org%2F2000%2Fsvg%27%20width%3D%27750%27%20height%3D%27750%27%20viewBox%3D%270%200%20750%20750%27%3E%3Crect%20width%3D%27750%27%20height%3D%27750%27%20fill-opacity%3D%220%22%2F%3E%3C%2Fsvg%3E\" data-srcset=\"https:\/\/richarms.com\/wp-content\/uploads\/2020\/09\/star-02-66x66.jpg 66w, https:\/\/richarms.com\/wp-content\/uploads\/2020\/09\/star-02-100x100.jpg 100w, https:\/\/richarms.com\/wp-content\/uploads\/2020\/09\/star-02-150x150.jpg 150w, https:\/\/richarms.com\/wp-content\/uploads\/2020\/09\/star-02-200x200.jpg 200w, https:\/\/richarms.com\/wp-content\/uploads\/2020\/09\/star-02-300x300.jpg 300w, https:\/\/richarms.com\/wp-content\/uploads\/2020\/09\/star-02-400x400.jpg 400w, https:\/\/richarms.com\/wp-content\/uploads\/2020\/09\/star-02-500x500.jpg 500w, https:\/\/richarms.com\/wp-content\/uploads\/2020\/09\/star-02-600x600.jpg 600w, https:\/\/richarms.com\/wp-content\/uploads\/2020\/09\/star-02-700x700.jpg 700w, https:\/\/richarms.com\/wp-content\/uploads\/2020\/09\/star-02.jpg 750w\" data-sizes=\"auto\" data-orig-sizes=\"(max-width: 750px) 100vw, 750px\" \/> <img decoding=\"async\" class=\"lazyload alignnone size-full wp-image-6930\" src=\"https:\/\/richarms.com\/wp-content\/uploads\/2020\/09\/star-01.jpg\" data-orig-src=\"https:\/\/richarms.com\/wp-content\/uploads\/2020\/09\/star-01.jpg\" alt=\"\" width=\"800\" height=\"800\" srcset=\"data:image\/svg+xml,%3Csvg%20xmlns%3D%27http%3A%2F%2Fwww.w3.org%2F2000%2Fsvg%27%20width%3D%27800%27%20height%3D%27800%27%20viewBox%3D%270%200%20800%20800%27%3E%3Crect%20width%3D%27800%27%20height%3D%27800%27%20fill-opacity%3D%220%22%2F%3E%3C%2Fsvg%3E\" data-srcset=\"https:\/\/richarms.com\/wp-content\/uploads\/2020\/09\/star-01-66x66.jpg 66w, https:\/\/richarms.com\/wp-content\/uploads\/2020\/09\/star-01-100x100.jpg 100w, https:\/\/richarms.com\/wp-content\/uploads\/2020\/09\/star-01-150x150.jpg 150w, https:\/\/richarms.com\/wp-content\/uploads\/2020\/09\/star-01-200x200.jpg 200w, https:\/\/richarms.com\/wp-content\/uploads\/2020\/09\/star-01-300x300.jpg 300w, https:\/\/richarms.com\/wp-content\/uploads\/2020\/09\/star-01-400x400.jpg 400w, https:\/\/richarms.com\/wp-content\/uploads\/2020\/09\/star-01-500x500.jpg 500w, https:\/\/richarms.com\/wp-content\/uploads\/2020\/09\/star-01-600x600.jpg 600w, https:\/\/richarms.com\/wp-content\/uploads\/2020\/09\/star-01-700x700.jpg 700w, https:\/\/richarms.com\/wp-content\/uploads\/2020\/09\/star-01-768x768.jpg 768w, https:\/\/richarms.com\/wp-content\/uploads\/2020\/09\/star-01.jpg 800w\" data-sizes=\"auto\" data-orig-sizes=\"(max-width: 800px) 100vw, 800px\" \/><\/p>\n<p>&nbsp;<\/p>","protected":false},"excerpt":{"rendered":"<p>Serrure magn\u00e9tique en forme d'\u00e9toile pour sac, sac \u00e0 main et ordinateur portable<\/p>\n<p>Couleur : or clair, nickel, or rose, laiton antique, brosse antique et autres couleurs.<br \/>\nMat\u00e9riau : alliage de zinc<br \/>\nUtilisation : fabrication de sacs \u00e0 main, assemblage avec des boutons-pression magn\u00e9tiques<br \/>\nPoids unitaire : 13 g<br \/>\nMOQ : 1000 pcs (m\u00e9lange de 3 couleurs) par envoi<\/p>","protected":false},"featured_media":6933,"template":"","meta":[],"product_brand":[],"product_cat":[77],"product_tag":[],"class_list":{"0":"post-6929","1":"product","2":"type-product","3":"status-publish","4":"has-post-thumbnail","6":"product_cat-zinc-alloy-magnetic-lock","8":"first","9":"instock","10":"shipping-taxable","11":"product-type-simple"},"aioseo_notices":[],"_links":{"self":[{"href":"https:\/\/richarms.com\/fr\/wp-json\/wp\/v2\/product\/6929","targetHints":{"allow":["GET"]}}],"collection":[{"href":"https:\/\/richarms.com\/fr\/wp-json\/wp\/v2\/product"}],"about":[{"href":"https:\/\/richarms.com\/fr\/wp-json\/wp\/v2\/types\/product"}],"wp:featuredmedia":[{"embeddable":true,"href":"https:\/\/richarms.com\/fr\/wp-json\/wp\/v2\/media\/6933"}],"wp:attachment":[{"href":"https:\/\/richarms.com\/fr\/wp-json\/wp\/v2\/media?parent=6929"}],"wp:term":[{"taxonomy":"product_brand","embeddable":true,"href":"https:\/\/richarms.com\/fr\/wp-json\/wp\/v2\/product_brand?post=6929"},{"taxonomy":"product_cat","embeddable":true,"href":"https:\/\/richarms.com\/fr\/wp-json\/wp\/v2\/product_cat?post=6929"},{"taxonomy":"product_tag","embeddable":true,"href":"https:\/\/richarms.com\/fr\/wp-json\/wp\/v2\/product_tag?post=6929"}],"curies":[{"name":"wp","href":"https:\/\/api.w.org\/{rel}","templated":true}]}}