{"id":6977,"date":"2021-07-10T11:28:35","date_gmt":"2021-07-10T03:28:35","guid":{"rendered":"https:\/\/richarms.com\/?post_type=product&#038;p=6977"},"modified":"2025-03-13T15:57:10","modified_gmt":"2025-03-13T07:57:10","slug":"magnetic-closure-round","status":"publish","type":"product","link":"https:\/\/richarms.com\/fr\/product\/magnetic-closure-round","title":{"rendered":"Serrure magn\u00e9tique \u00e0 disque rond - Quincaillerie personnalis\u00e9e en alliage de zinc"},"content":{"rendered":"<h1 data-start=\"298\" data-end=\"364\"><strong data-start=\"300\" data-end=\"364\">Serrure magn\u00e9tique \u00e0 disque rond - Une fermeture \u00e9l\u00e9gante pour les sacs et bien plus encore<\/strong><\/h1>\n<p data-start=\"366\" data-end=\"876\">Lorsqu'il s'agit de cr\u00e9er un sac ou un accessoire remarquable, chaque d\u00e9tail compte. Les <strong data-start=\"447\" data-end=\"475\">Serrure magn\u00e9tique \u00e0 disque rond<\/strong> offre \u00e0 la fois un attrait visuel et une fonctionnalit\u00e9 fiable, ce qui en fait un choix populaire pour les marques cherchant \u00e0 rehausser leur gamme de produits. Fabriqu\u00e9e en alliage de zinc durable, cette fermeture pr\u00e9sente un design circulaire \u00e9pur\u00e9 qui s'adapte parfaitement au rabat d'un sac \u00e0 main, d'une couverture d'ordinateur portable ou d'un coffret cadeau. Facile \u00e0 assembler, elle \u00e9met un \"clic\" net \u00e0 chaque fois qu'elle se referme, un gage de qualit\u00e9 que les clients appr\u00e9cient.<\/p>\n<hr data-start=\"878\" data-end=\"881\" \/>\n<h2 data-start=\"883\" data-end=\"933\"><strong data-start=\"886\" data-end=\"933\">Pourquoi opter pour une serrure magn\u00e9tique \u00e0 disque rond ?<\/strong><\/h2>\n<h3 data-start=\"935\" data-end=\"974\"><strong data-start=\"939\" data-end=\"974\">Attrayante et fonctionnelle<\/strong><\/h3>\n<p data-start=\"976\" data-end=\"1327\">La forme ronde du disque capte magnifiquement la lumi\u00e8re, cr\u00e9ant ainsi un point de mire sur votre sac ou votre ordinateur portable. Contrairement aux fermetures plus encombrantes, cette serrure magn\u00e9tique s'int\u00e8gre parfaitement au mat\u00e9riau, pr\u00e9servant ainsi une silhouette \u00e9l\u00e9gante. Le m\u00e9canisme est simple mais efficace : un disque m\u00e9tallique \u00e0 l'ext\u00e9rieur et un composant int\u00e9rieur magn\u00e9tis\u00e9 qui maintient le tout bien en place.<\/p>\n<div id=\"attachment_8233\" style=\"width: 1288px\" class=\"wp-caption alignnone\"><img decoding=\"async\" aria-describedby=\"caption-attachment-8233\" class=\"lazyload wp-image-8233 size-full\" src=\"https:\/\/richarms.com\/wp-content\/uploads\/2021\/07\/41881741852255_.pic_.jpg\" data-orig-src=\"https:\/\/richarms.com\/wp-content\/uploads\/2021\/07\/41881741852255_.pic_.jpg\" alt=\"Round disc magnetic lock on a vibrant handheld leather purse, showcasing convenience and style.\" width=\"1278\" height=\"1704\" srcset=\"data:image\/svg+xml,%3Csvg%20xmlns%3D%27http%3A%2F%2Fwww.w3.org%2F2000%2Fsvg%27%20width%3D%271278%27%20height%3D%271704%27%20viewBox%3D%270%200%201278%201704%27%3E%3Crect%20width%3D%271278%27%20height%3D%271704%27%20fill-opacity%3D%220%22%2F%3E%3C%2Fsvg%3E\" data-srcset=\"https:\/\/richarms.com\/wp-content\/uploads\/2021\/07\/41881741852255_.pic_-200x267.jpg 200w, https:\/\/richarms.com\/wp-content\/uploads\/2021\/07\/41881741852255_.pic_-225x300.jpg 225w, https:\/\/richarms.com\/wp-content\/uploads\/2021\/07\/41881741852255_.pic_-400x533.jpg 400w, https:\/\/richarms.com\/wp-content\/uploads\/2021\/07\/41881741852255_.pic_-500x667.jpg 500w, https:\/\/richarms.com\/wp-content\/uploads\/2021\/07\/41881741852255_.pic_-600x800.jpg 600w, https:\/\/richarms.com\/wp-content\/uploads\/2021\/07\/41881741852255_.pic_-700x933.jpg 700w, https:\/\/richarms.com\/wp-content\/uploads\/2021\/07\/41881741852255_.pic_-768x1024.jpg 768w, https:\/\/richarms.com\/wp-content\/uploads\/2021\/07\/41881741852255_.pic_-800x1067.jpg 800w, https:\/\/richarms.com\/wp-content\/uploads\/2021\/07\/41881741852255_.pic_-1152x1536.jpg 1152w, https:\/\/richarms.com\/wp-content\/uploads\/2021\/07\/41881741852255_.pic_-1200x1600.jpg 1200w, https:\/\/richarms.com\/wp-content\/uploads\/2021\/07\/41881741852255_.pic_.jpg 1278w\" data-sizes=\"auto\" data-orig-sizes=\"(max-width: 1278px) 100vw, 1278px\" \/><p id=\"caption-attachment-8233\" class=\"wp-caption-text\">Cette image montre notre serrure magn\u00e9tique appliqu\u00e9e sur un sac \u00e0 main en cuir, offrant une fermeture s\u00fbre et pratique avec une finition vibrante qui attire l'attention.<\/p><\/div>\n<h3 data-start=\"1329\" data-end=\"1371\"><strong data-start=\"1333\" data-end=\"1371\">Construction robuste en alliage de zinc<\/strong><\/h3>\n<p data-start=\"1373\" data-end=\"1749\">\u00c9tant donn\u00e9 que cette serrure est principalement fabriqu\u00e9e \u00e0 partir de <strong data-start=\"1414\" data-end=\"1428\">alliage de zinc<\/strong>Il offre un bon \u00e9quilibre entre r\u00e9sistance et poids. Le m\u00e9tal r\u00e9siste \u00e0 la corrosion, ce qui permet de l'utiliser au quotidien dans les sacs \u00e0 main, les portefeuilles de voyage et m\u00eame les emballages personnalis\u00e9s. Un support en fer et un <strong data-start=\"1622\" data-end=\"1642\">aimant en n\u00e9odyme<\/strong> ajoutent une s\u00e9curit\u00e9 suppl\u00e9mentaire, garantissant que la serrure peut supporter des ouvertures et des fermetures r\u00e9guli\u00e8res sans perdre son emprise.<\/p>\n<h3 data-start=\"1751\" data-end=\"1786\"><strong data-start=\"1755\" data-end=\"1786\">Id\u00e9al pour le commerce de gros B2B<\/strong><\/h3>\n<p data-start=\"1788\" data-end=\"2159\">Notre serrure magn\u00e9tique \u00e0 disque rond est con\u00e7ue avec <strong data-start=\"1834\" data-end=\"1858\">B2B vente en gros sur mesure<\/strong> \u00e0 l'esprit. Avec une quantit\u00e9 minimale de commande de 1 000 pi\u00e8ces - pouvant \u00eatre m\u00e9lang\u00e9e en trois couleurs - ce mat\u00e9riel est accessible aux marques \u00e9tablies comme aux labels \u00e9mergents. Le processus de production privil\u00e9gie la coh\u00e9rence, ce qui vous permet de compter sur les m\u00eames r\u00e9sultats de premier ordre pour les commandes importantes ou r\u00e9p\u00e9t\u00e9es.<\/p>\n<p data-start=\"1788\" data-end=\"2159\"><a href=\"https:\/\/richarms.com\/fr\/produit\/magnetic-closure-half-moon\/\">Serrure de pleine lune <\/a>acheter ici<\/p>\n<hr data-start=\"2161\" data-end=\"2164\" \/>\n<h2 data-start=\"2166\" data-end=\"2202\"><strong data-start=\"2169\" data-end=\"2202\">D\u00e9tails techniques et sp\u00e9cifications<\/strong><\/h2>\n<p data-start=\"2204\" data-end=\"2259\">Vous trouverez ci-dessous un aper\u00e7u rapide des caract\u00e9ristiques de la serrure :<\/p>\n<div class=\"overflow-x-auto contain-inline-size\">\n<table data-start=\"2261\" data-end=\"3387\">\n<thead data-start=\"2261\" data-end=\"2386\">\n<tr data-start=\"2261\" data-end=\"2386\">\n<th data-start=\"2261\" data-end=\"2291\"><strong data-start=\"2263\" data-end=\"2271\">Objet<\/strong><\/th>\n<th data-start=\"2291\" data-end=\"2386\"><strong data-start=\"2293\" data-end=\"2304\">D\u00e9tails<\/strong><\/th>\n<\/tr>\n<\/thead>\n<tbody data-start=\"2512\" data-end=\"3387\">\n<tr data-start=\"2512\" data-end=\"2636\">\n<td><strong data-start=\"2514\" data-end=\"2526\">Mat\u00e9riau<\/strong><\/td>\n<td>Alliage de zinc, fer, aimant en n\u00e9odyme<\/td>\n<\/tr>\n<tr data-start=\"2637\" data-end=\"2761\">\n<td><strong data-start=\"2639\" data-end=\"2648\">Forme<\/strong><\/td>\n<td>Disque rond, offrant une grande surface pour le marquage<\/td>\n<\/tr>\n<tr data-start=\"2762\" data-end=\"2887\">\n<td><strong data-start=\"2764\" data-end=\"2774\">Poids<\/strong><\/td>\n<td>Environ <strong data-start=\"2807\" data-end=\"2815\">15 g<\/strong>La taille peut varier en fonction de la taille finale.<\/td>\n<\/tr>\n<tr data-start=\"2888\" data-end=\"3012\">\n<td><strong data-start=\"2890\" data-end=\"2902\">Finitions<\/strong><\/td>\n<td><strong data-start=\"2919\" data-end=\"2968\">Or clair, nickel, or rose, laiton antique,<\/strong> et plus<\/td>\n<\/tr>\n<tr data-start=\"3013\" data-end=\"3136\">\n<td><strong data-start=\"3015\" data-end=\"3022\">MOQ<\/strong><\/td>\n<td><strong data-start=\"3044\" data-end=\"3056\">1000 pi\u00e8ces<\/strong> (3 couleurs m\u00e9lang\u00e9es par envoi)<\/td>\n<\/tr>\n<tr data-start=\"3137\" data-end=\"3261\">\n<td><strong data-start=\"3139\" data-end=\"3155\">Applications<\/strong><\/td>\n<td>Sacs \u00e0 main, porte-monnaie, couvertures d'ordinateurs portables, bo\u00eetes cadeaux et autres accessoires<\/td>\n<\/tr>\n<tr data-start=\"3262\" data-end=\"3387\">\n<td><strong data-start=\"3264\" data-end=\"3281\">Personnalisation<\/strong><\/td>\n<td><strong data-start=\"3293\" data-end=\"3350\">Gravure de logos, ajustements de formes, traitements de surface<\/strong> comme l'\u00e9poxy ou la s\u00e9rigraphie<\/td>\n<\/tr>\n<\/tbody>\n<\/table>\n<\/div>\n<hr data-start=\"3389\" data-end=\"3392\" \/>\n<h2 data-start=\"3394\" data-end=\"3426\"><strong data-start=\"3397\" data-end=\"3426\">Options de personnalisation<\/strong><\/h2>\n<h3 data-start=\"3428\" data-end=\"3455\"><strong data-start=\"3432\" data-end=\"3455\">Conception flexible<\/strong><\/h3>\n<p data-start=\"3457\" data-end=\"3771\">L'une des caract\u00e9ristiques de notre serrure \u00e0 disque rond est son adaptabilit\u00e9. Nous pouvons ajuster le diam\u00e8tre, l'\u00e9paisseur et le profil g\u00e9n\u00e9ral pour r\u00e9pondre aux exigences de votre projet. Que vous ayez besoin d'un cadenas plus compact pour une pochette mince ou d'un disque plus grand pour une d\u00e9claration audacieuse sur un sac de voyage, notre \u00e9quipe de production est \u00e9quip\u00e9e pour y r\u00e9pondre.<\/p>\n<h3 data-start=\"3773\" data-end=\"3810\"><strong data-start=\"3777\" data-end=\"3810\">Variations de couleur et de finition<\/strong><\/h3>\n<p data-start=\"3812\" data-end=\"4191\">Outre les finitions standard telles que <strong data-start=\"3850\" data-end=\"3887\">or clair, nickel et or rose<\/strong>Nous offrons des services plus sp\u00e9cialis\u00e9s tels que <strong data-start=\"3929\" data-end=\"3946\">laiton antique<\/strong> ou une texture bross\u00e9e. Pour les marques qui souhaitent un aspect encore plus distinctif, nous pouvons appliquer de l'\u00e9poxy, de la gravure au laser ou de la peinture \u00e0 l'huile. <strong data-start=\"4067\" data-end=\"4091\">l'impression en s\u00e9rigraphie<\/strong> \u00e0 la surface. Ces am\u00e9liorations facilitent l'int\u00e9gration du mat\u00e9riel dans l'identit\u00e9 visuelle d'une marque.<\/p>\n<h3 data-start=\"4193\" data-end=\"4222\"><strong data-start=\"4197\" data-end=\"4222\">Logo et strat\u00e9gie de marque<\/strong><\/h3>\n<p data-start=\"4224\" data-end=\"4518\">Nous sommes conscients de l'importance d'une image de marque coh\u00e9rente pour l'ensemble de votre gamme de produits. Notre \u00e9quipe peut int\u00e9grer <strong data-start=\"4326\" data-end=\"4342\">logos personnalis\u00e9s<\/strong>-Les \u00e9l\u00e9ments en relief, en retrait ou imprim\u00e9s sont appos\u00e9s directement sur la surface de la serrure. Cette approche garantit que chaque d\u00e9tail, jusqu'\u00e0 la fermeture, refl\u00e8te la personnalit\u00e9 de votre marque.<\/p>\n<hr data-start=\"4520\" data-end=\"4523\" \/>\n<h2 data-start=\"4525\" data-end=\"4593\"><strong data-start=\"4528\" data-end=\"4593\">Renforcez l'attrait de votre produit avec une serrure magn\u00e9tique \u00e0 disque rond<\/strong><\/h2>\n<p data-start=\"4595\" data-end=\"4973\">Une fermeture fiable peut influencer la perception de la qualit\u00e9 par le client, et un design \u00e9l\u00e9gant peut rehausser l'ensemble d'un accessoire. Les <strong data-start=\"4722\" data-end=\"4750\">Serrure magn\u00e9tique \u00e0 disque rond<\/strong> combine ces deux \u00e9l\u00e9ments en offrant un disque m\u00e9tallique attrayant qui s'enclenche solidement. Il s'agit d'un choix pratique pour les sacs de tous les jours, les carnets de notes et les articles cadeaux, tout en renfor\u00e7ant l'image haut de gamme d'une marque.<\/p>\n<p data-start=\"4975\" data-end=\"5333\">Si vous \u00eates \u00e0 la recherche d'un partenaire fiable en mati\u00e8re de mat\u00e9riel informatique, nous sommes l\u00e0 pour vous aider. Notre processus de fabrication rationalis\u00e9, <strong data-start=\"5087\" data-end=\"5123\">Normes de qualit\u00e9 europ\u00e9ennes<\/strong>et <strong data-start=\"5129\" data-end=\"5152\">des prix comp\u00e9titifs<\/strong> de notre usine bas\u00e9e en Chine vous garantissent une valeur optimale. Nous proposons \u00e9galement des d\u00e9lais d'ex\u00e9cution rapides pour tenir compte des calendriers serr\u00e9s - parfaits pour les lancements de produits ou les promotions sp\u00e9ciales.<\/p>\n<hr data-start=\"5335\" data-end=\"5338\" \/>\n<p data-start=\"5340\" data-end=\"5594\" data-is-last-node=\"\" data-is-only-node=\"\"><strong data-start=\"5340\" data-end=\"5395\">Pr\u00eat \u00e0 discuter de votre prochain projet personnalis\u00e9 <a href=\"https:\/\/richarms.com\/fr\/logo-hardware\/\">logo hardware<\/a> projet ?<\/strong> Contactez notre \u00e9quipe pour en savoir plus sur les prix, les d\u00e9lais de production et toute demande sp\u00e9ciale. Nous sommes impatients de vous aider \u00e0 cr\u00e9er une gamme de produits qui se d\u00e9marque sur un march\u00e9 encombr\u00e9. Visitez notre site <a href=\"https:\/\/www.pinterest.com\/richarmsaccessoriesgroups\/\">pinterest<\/a> pour l'inspiration.<\/p>","protected":false},"excerpt":{"rendered":"<p>Serrure magn\u00e9tique ronde pour sac, sac \u00e0 main et ordinateur portable<\/p>\n<p>Couleur : or clair, nickel, or rose, laiton antique, brosse antique et autres couleurs.<br \/>\nMat\u00e9riau : alliage de zinc<br \/>\nUtilisation : fabrication de sacs \u00e0 main, assemblage avec des boutons-pression magn\u00e9tiques<br \/>\nPoids unitaire : 45g<br \/>\nMOQ : 1000 pcs (m\u00e9lange de 3 couleurs) par envoi<\/p>","protected":false},"featured_media":6975,"template":"","meta":[],"product_brand":[],"product_cat":[77],"product_tag":[],"class_list":{"0":"post-6977","1":"product","2":"type-product","3":"status-publish","4":"has-post-thumbnail","6":"product_cat-zinc-alloy-magnetic-lock","8":"first","9":"instock","10":"shipping-taxable","11":"product-type-simple"},"aioseo_notices":[],"_links":{"self":[{"href":"https:\/\/richarms.com\/fr\/wp-json\/wp\/v2\/product\/6977","targetHints":{"allow":["GET"]}}],"collection":[{"href":"https:\/\/richarms.com\/fr\/wp-json\/wp\/v2\/product"}],"about":[{"href":"https:\/\/richarms.com\/fr\/wp-json\/wp\/v2\/types\/product"}],"wp:featuredmedia":[{"embeddable":true,"href":"https:\/\/richarms.com\/fr\/wp-json\/wp\/v2\/media\/6975"}],"wp:attachment":[{"href":"https:\/\/richarms.com\/fr\/wp-json\/wp\/v2\/media?parent=6977"}],"wp:term":[{"taxonomy":"product_brand","embeddable":true,"href":"https:\/\/richarms.com\/fr\/wp-json\/wp\/v2\/product_brand?post=6977"},{"taxonomy":"product_cat","embeddable":true,"href":"https:\/\/richarms.com\/fr\/wp-json\/wp\/v2\/product_cat?post=6977"},{"taxonomy":"product_tag","embeddable":true,"href":"https:\/\/richarms.com\/fr\/wp-json\/wp\/v2\/product_tag?post=6977"}],"curies":[{"name":"wp","href":"https:\/\/api.w.org\/{rel}","templated":true}]}}