{"id":6997,"date":"2021-07-10T12:04:29","date_gmt":"2021-07-10T04:04:29","guid":{"rendered":"https:\/\/richarms.com\/?post_type=product&#038;p=6997"},"modified":"2025-03-11T16:36:44","modified_gmt":"2025-03-11T08:36:44","slug":"magnetic-closure-mickey-mouse","status":"publish","type":"product","link":"https:\/\/richarms.com\/fr\/product\/magnetic-closure-mickey-mouse","title":{"rendered":"Fermeture magn\u00e9tique"},"content":{"rendered":"<h2 class=\"ma-title\" title=\"Nouveau style de serrure magn\u00e9tique en alliage de zinc en forme de coeur pour sac \u00e0 main serrure m\u00e9tallique pour sac en gros \u00e9chantillon gratuit\" data-spm-anchor-id=\"a2700.wholesale.maonnacta.i1.7dac1ceewoqAeY\">New Style Zinc Alloy Mickey Mouse Magnetic Lock For Handbag &amp; Purse<\/h2>\n<p class=\"ma-title\" title=\"Nouveau style de serrure magn\u00e9tique en alliage de zinc en forme de coeur pour sac \u00e0 main serrure m\u00e9tallique pour sac en gros \u00e9chantillon gratuit\" data-spm-anchor-id=\"a2700.wholesale.maonnacta.i1.7dac1ceewoqAeY\">Couleur : or clair, nickel, or rose, laiton antique, brosse antique et autres couleurs.<br \/>\nMat\u00e9riau : alliage de zinc<br \/>\nUtilisation : fabrication de sacs \u00e0 main, assemblage avec des boutons-pression magn\u00e9tiques<br \/>\nUnit weight: 20 g<br \/>\nMOQ : 1000 pcs (m\u00e9lange de 3 couleurs) par envoi<\/p>\n<p title=\"Nouveau style de serrure magn\u00e9tique en alliage de zinc en forme de coeur pour sac \u00e0 main serrure m\u00e9tallique pour sac en gros \u00e9chantillon gratuit\" data-spm-anchor-id=\"a2700.wholesale.maonnacta.i1.7dac1ceewoqAeY\">Les dimensions sont indiqu\u00e9es ci-dessous :<\/p>\n<p>&nbsp;<\/p>\n<p><img decoding=\"async\" class=\"lazyload alignnone wp-image-7000 size-full\" src=\"https:\/\/richarms.com\/wp-content\/uploads\/2020\/09\/IMG_054020200922-144951.jpg\" data-orig-src=\"https:\/\/richarms.com\/wp-content\/uploads\/2020\/09\/IMG_054020200922-144951.jpg\" alt=\"\" width=\"750\" height=\"750\" srcset=\"data:image\/svg+xml,%3Csvg%20xmlns%3D%27http%3A%2F%2Fwww.w3.org%2F2000%2Fsvg%27%20width%3D%27750%27%20height%3D%27750%27%20viewBox%3D%270%200%20750%20750%27%3E%3Crect%20width%3D%27750%27%20height%3D%27750%27%20fill-opacity%3D%220%22%2F%3E%3C%2Fsvg%3E\" data-srcset=\"https:\/\/richarms.com\/wp-content\/uploads\/2020\/09\/IMG_054020200922-144951-66x66.jpg 66w, https:\/\/richarms.com\/wp-content\/uploads\/2020\/09\/IMG_054020200922-144951-100x100.jpg 100w, https:\/\/richarms.com\/wp-content\/uploads\/2020\/09\/IMG_054020200922-144951-150x150.jpg 150w, https:\/\/richarms.com\/wp-content\/uploads\/2020\/09\/IMG_054020200922-144951-200x200.jpg 200w, https:\/\/richarms.com\/wp-content\/uploads\/2020\/09\/IMG_054020200922-144951-300x300.jpg 300w, https:\/\/richarms.com\/wp-content\/uploads\/2020\/09\/IMG_054020200922-144951-400x400.jpg 400w, https:\/\/richarms.com\/wp-content\/uploads\/2020\/09\/IMG_054020200922-144951-500x500.jpg 500w, https:\/\/richarms.com\/wp-content\/uploads\/2020\/09\/IMG_054020200922-144951-600x600.jpg 600w, https:\/\/richarms.com\/wp-content\/uploads\/2020\/09\/IMG_054020200922-144951-700x700.jpg 700w, https:\/\/richarms.com\/wp-content\/uploads\/2020\/09\/IMG_054020200922-144951.jpg 750w\" data-sizes=\"auto\" data-orig-sizes=\"(max-width: 750px) 100vw, 750px\" \/><\/p>","protected":false},"excerpt":{"rendered":"<p>Mickey Mouse Magnetic Lock for Bag, Purse &amp; Notebook<\/p>\n<p>Couleur : or clair, nickel, or rose, laiton antique, brosse antique et autres couleurs.<br \/>\nMat\u00e9riau : alliage de zinc<br \/>\nUtilisation : fabrication de sacs \u00e0 main, assemblage avec des boutons-pression magn\u00e9tiques<br \/>\nUnit weight: 25g<br \/>\nMOQ : 1000 pcs (m\u00e9lange de 3 couleurs) par envoi<\/p>","protected":false},"featured_media":7001,"template":"","meta":[],"product_brand":[],"product_cat":[77],"product_tag":[],"class_list":{"0":"post-6997","1":"product","2":"type-product","3":"status-publish","4":"has-post-thumbnail","6":"product_cat-zinc-alloy-magnetic-lock","8":"first","9":"instock","10":"shipping-taxable","11":"product-type-simple"},"aioseo_notices":[],"_links":{"self":[{"href":"https:\/\/richarms.com\/fr\/wp-json\/wp\/v2\/product\/6997","targetHints":{"allow":["GET"]}}],"collection":[{"href":"https:\/\/richarms.com\/fr\/wp-json\/wp\/v2\/product"}],"about":[{"href":"https:\/\/richarms.com\/fr\/wp-json\/wp\/v2\/types\/product"}],"wp:featuredmedia":[{"embeddable":true,"href":"https:\/\/richarms.com\/fr\/wp-json\/wp\/v2\/media\/7001"}],"wp:attachment":[{"href":"https:\/\/richarms.com\/fr\/wp-json\/wp\/v2\/media?parent=6997"}],"wp:term":[{"taxonomy":"product_brand","embeddable":true,"href":"https:\/\/richarms.com\/fr\/wp-json\/wp\/v2\/product_brand?post=6997"},{"taxonomy":"product_cat","embeddable":true,"href":"https:\/\/richarms.com\/fr\/wp-json\/wp\/v2\/product_cat?post=6997"},{"taxonomy":"product_tag","embeddable":true,"href":"https:\/\/richarms.com\/fr\/wp-json\/wp\/v2\/product_tag?post=6997"}],"curies":[{"name":"wp","href":"https:\/\/api.w.org\/{rel}","templated":true}]}}