{"id":7088,"date":"2021-06-12T14:47:24","date_gmt":"2021-06-12T06:47:24","guid":{"rendered":"https:\/\/richarms.com\/?post_type=product&#038;p=7088"},"modified":"2025-02-18T17:25:11","modified_gmt":"2025-02-18T09:25:11","slug":"hand-tooling-for-double-rivet","status":"publish","type":"product","link":"https:\/\/richarms.com\/fr\/product\/hand-tooling-for-double-rivet","title":{"rendered":"Outillage \u00e0 main pour rivets doubles"},"content":{"rendered":"<h1>Hand Tooling For Double Rivet Magnetic Snaps<\/h1>\n<p><strong>Tailles et codes disponibles<\/strong><\/p>\n<table style=\"height: 275px;\" width=\"733\">\n<tbody>\n<tr>\n<td width=\"108\"><strong><b>Code<\/b><\/strong><\/td>\n<td width=\"74\"><strong><b>Taille<\/b><\/strong><\/td>\n<td width=\"106\"><strong><b>Coup de poing f\u00e9minin\u00a0 \u00a0 \u00a0 \u00a0 \u00a0<\/b><\/strong><strong><b>TH<\/b><\/strong><\/td>\n<td width=\"139\"><strong><b>Female And Male\u00a0 \u00a0 \u00a0 \u00a0 \u00a0 <\/b><\/strong><strong><b>Capuchon <\/b><\/strong><strong><b>Taille<\/b><\/strong><\/td>\n<td width=\"198\"><strong><b>IMAGE<\/b><\/strong><\/td>\n<\/tr>\n<tr>\n<td width=\"108\">RC-DR1420T<\/td>\n<td width=\"74\">14 mm<\/td>\n<td width=\"106\">2mm<\/td>\n<td width=\"139\">12 mm<\/td>\n<td rowspan=\"5\" width=\"198\"><img decoding=\"async\" class=\"lazyload  wp-image-7132 aligncenter\" src=\"https:\/\/richarms.com\/wp-content\/uploads\/2021\/07\/H764ce78cc1a845d0a03c8bd7c02172f7F-e1626084682459.jpg\" data-orig-src=\"https:\/\/richarms.com\/wp-content\/uploads\/2021\/07\/H764ce78cc1a845d0a03c8bd7c02172f7F-e1626084682459.jpg\" alt=\"\" width=\"214\" height=\"196\" srcset=\"data:image\/svg+xml,%3Csvg%20xmlns%3D%27http%3A%2F%2Fwww.w3.org%2F2000%2Fsvg%27%20width%3D%27214%27%20height%3D%27196%27%20viewBox%3D%270%200%20214%20196%27%3E%3Crect%20width%3D%27214%27%20height%3D%27196%27%20fill-opacity%3D%220%22%2F%3E%3C%2Fsvg%3E\" data-srcset=\"https:\/\/richarms.com\/wp-content\/uploads\/2021\/07\/H764ce78cc1a845d0a03c8bd7c02172f7F-e1626084682459-200x184.jpg 200w, https:\/\/richarms.com\/wp-content\/uploads\/2021\/07\/H764ce78cc1a845d0a03c8bd7c02172f7F-e1626084682459-300x276.jpg 300w, https:\/\/richarms.com\/wp-content\/uploads\/2021\/07\/H764ce78cc1a845d0a03c8bd7c02172f7F-e1626084682459-400x368.jpg 400w, https:\/\/richarms.com\/wp-content\/uploads\/2021\/07\/H764ce78cc1a845d0a03c8bd7c02172f7F-e1626084682459-500x460.jpg 500w, https:\/\/richarms.com\/wp-content\/uploads\/2021\/07\/H764ce78cc1a845d0a03c8bd7c02172f7F-e1626084682459-600x552.jpg 600w, https:\/\/richarms.com\/wp-content\/uploads\/2021\/07\/H764ce78cc1a845d0a03c8bd7c02172f7F-e1626084682459-700x644.jpg 700w, https:\/\/richarms.com\/wp-content\/uploads\/2021\/07\/H764ce78cc1a845d0a03c8bd7c02172f7F-e1626084682459-768x706.jpg 768w, https:\/\/richarms.com\/wp-content\/uploads\/2021\/07\/H764ce78cc1a845d0a03c8bd7c02172f7F-e1626084682459-800x736.jpg 800w, https:\/\/richarms.com\/wp-content\/uploads\/2021\/07\/H764ce78cc1a845d0a03c8bd7c02172f7F-e1626084682459.jpg 870w\" data-sizes=\"auto\" data-orig-sizes=\"(max-width: 214px) 100vw, 214px\" \/><\/td>\n<\/tr>\n<tr>\n<td width=\"108\">RC-DR1435T<\/td>\n<td width=\"74\">14 mm<\/td>\n<td width=\"106\">3,5 mm<\/td>\n<td width=\"139\">12 mm<\/td>\n<\/tr>\n<tr>\n<td width=\"108\">RC-DR1820T<\/td>\n<td width=\"74\">18mm<\/td>\n<td width=\"106\">2mm<\/td>\n<td width=\"139\">12 mm<\/td>\n<\/tr>\n<tr>\n<td width=\"108\">RC-DR1840T<\/td>\n<td width=\"74\">18mm<\/td>\n<td width=\"106\">4,0 mm<\/td>\n<td width=\"139\">12 mm<\/td>\n<\/tr>\n<tr>\n<td width=\"108\">RC-DR1845T<\/td>\n<td width=\"74\">18mm<\/td>\n<td width=\"106\">4,5 mm<\/td>\n<td width=\"139\">12 mm<\/td>\n<\/tr>\n<\/tbody>\n<\/table>\n<h4 data-start=\"842\" data-end=\"868\"><strong data-start=\"847\" data-end=\"868\">Options de taille de capuchon :<\/strong><\/h4>\n<p data-start=\"869\" data-end=\"944\">Dimensions standard : 8mm, 9mm, 12mm, 14mm<br data-start=\"905\" data-end=\"908\" \/>Dimensions personnalis\u00e9es disponibles sur demande.<\/p>\n<p data-start=\"869\" data-end=\"944\"><a href=\"https:\/\/richarms.com\/fr\/produit\/hand-tooling-for-single-rivet\/\">Single Rivet Magnetic Snaps Hand Tooling Links<\/a><\/p>\n<p>&nbsp;<\/p>\n<p><strong>Installation<\/strong><\/p>\n<div id=\"attachment_7205\" style=\"width: 702px\" class=\"wp-caption alignnone\"><img decoding=\"async\" aria-describedby=\"caption-attachment-7205\" class=\"lazyload wp-image-7205\" src=\"https:\/\/richarms.com\/wp-content\/uploads\/2021\/07\/\u56fe\u72474.jpg\" data-orig-src=\"https:\/\/richarms.com\/wp-content\/uploads\/2021\/07\/\u56fe\u72474.jpg\" alt=\"Installation guide for Hand Tooling for Single Rivet or double rivet magnetic snap\" width=\"692\" height=\"1330\" srcset=\"data:image\/svg+xml,%3Csvg%20xmlns%3D%27http%3A%2F%2Fwww.w3.org%2F2000%2Fsvg%27%20width%3D%27692%27%20height%3D%271330%27%20viewBox%3D%270%200%20692%201330%27%3E%3Crect%20width%3D%27692%27%20height%3D%271330%27%20fill-opacity%3D%220%22%2F%3E%3C%2Fsvg%3E\" data-srcset=\"https:\/\/richarms.com\/wp-content\/uploads\/2021\/07\/\u56fe\u72474-156x300.jpg 156w, https:\/\/richarms.com\/wp-content\/uploads\/2021\/07\/\u56fe\u72474-200x384.jpg 200w, https:\/\/richarms.com\/wp-content\/uploads\/2021\/07\/\u56fe\u72474-400x769.jpg 400w, https:\/\/richarms.com\/wp-content\/uploads\/2021\/07\/\u56fe\u72474-500x961.jpg 500w, https:\/\/richarms.com\/wp-content\/uploads\/2021\/07\/\u56fe\u72474-533x1024.jpg 533w, https:\/\/richarms.com\/wp-content\/uploads\/2021\/07\/\u56fe\u72474-600x1153.jpg 600w, https:\/\/richarms.com\/wp-content\/uploads\/2021\/07\/\u56fe\u72474-700x1345.jpg 700w, https:\/\/richarms.com\/wp-content\/uploads\/2021\/07\/\u56fe\u72474-768x1476.jpg 768w, https:\/\/richarms.com\/wp-content\/uploads\/2021\/07\/\u56fe\u72474-799x1536.jpg 799w, https:\/\/richarms.com\/wp-content\/uploads\/2021\/07\/\u56fe\u72474-800x1537.jpg 800w, https:\/\/richarms.com\/wp-content\/uploads\/2021\/07\/\u56fe\u72474.jpg 943w\" data-sizes=\"auto\" data-orig-sizes=\"(max-width: 692px) 100vw, 692px\" \/><p id=\"caption-attachment-7205\" class=\"wp-caption-text\">Installation \u00e9tape par \u00e9tape de l'outillage manuel pour l'encliquetage magn\u00e9tique \u00e0 rivet simple ou \u00e0 rivet double, garantissant un ajustement pr\u00e9cis \u00e0 votre produit.<\/p><\/div>\n<p>Pour des instructions d\u00e9taill\u00e9es, consultez notre <a href=\"https:\/\/youtu.be\/P2R2KSB6QS0?feature=shared\" target=\"_new\" rel=\"noopener\" data-start=\"1051\" data-end=\"1092\">tutoriel vid\u00e9o<\/a>.<\/p>","protected":false},"excerpt":{"rendered":"<div class=\"sr-txt-title\">\n<p>Taille : 14 mm, 18 mm<\/p>\n<p>Mat\u00e9riau : Fer<\/p>\n<p>Model Number: RC-DR1420T\/1435T\/1820T\/1840T\/1845T<\/p>\n<p>Emballage : bo\u00eete et carton<\/p>\n<p>Exp\u00e9dition : LCL\/ DHL \/ FedEx \/ TNT \/ Autre<\/p>\n<p>Cat\u00e9gorie : Outillage<\/p>\n<\/div>","protected":false},"featured_media":7097,"template":"","meta":[],"product_brand":[],"product_cat":[79],"product_tag":[],"class_list":{"0":"post-7088","1":"product","2":"type-product","3":"status-publish","4":"has-post-thumbnail","6":"product_cat-tooling","8":"first","9":"instock","10":"shipping-taxable","11":"product-type-simple"},"aioseo_notices":[],"_links":{"self":[{"href":"https:\/\/richarms.com\/fr\/wp-json\/wp\/v2\/product\/7088","targetHints":{"allow":["GET"]}}],"collection":[{"href":"https:\/\/richarms.com\/fr\/wp-json\/wp\/v2\/product"}],"about":[{"href":"https:\/\/richarms.com\/fr\/wp-json\/wp\/v2\/types\/product"}],"wp:featuredmedia":[{"embeddable":true,"href":"https:\/\/richarms.com\/fr\/wp-json\/wp\/v2\/media\/7097"}],"wp:attachment":[{"href":"https:\/\/richarms.com\/fr\/wp-json\/wp\/v2\/media?parent=7088"}],"wp:term":[{"taxonomy":"product_brand","embeddable":true,"href":"https:\/\/richarms.com\/fr\/wp-json\/wp\/v2\/product_brand?post=7088"},{"taxonomy":"product_cat","embeddable":true,"href":"https:\/\/richarms.com\/fr\/wp-json\/wp\/v2\/product_cat?post=7088"},{"taxonomy":"product_tag","embeddable":true,"href":"https:\/\/richarms.com\/fr\/wp-json\/wp\/v2\/product_tag?post=7088"}],"curies":[{"name":"wp","href":"https:\/\/api.w.org\/{rel}","templated":true}]}}