{"id":7599,"date":"2022-04-11T22:33:02","date_gmt":"2022-04-11T14:33:02","guid":{"rendered":"https:\/\/richarms.com\/?post_type=product&#038;p=7599"},"modified":"2025-02-28T15:46:22","modified_gmt":"2025-02-28T07:46:22","slug":"bar-magnets","status":"publish","type":"product","link":"https:\/\/richarms.com\/fr\/product\/bar-magnets","title":{"rendered":"Fournisseur d'aimants en barre"},"content":{"rendered":"<h1 data-start=\"21\" data-end=\"87\">Bar NdFeB Magnet | Custom Industrial Magnets for Strong Closures<\/h1>\n<p><strong data-start=\"77\" data-end=\"98\">Bar NdFeB magnets<\/strong> can be <strong data-start=\"106\" data-end=\"139\">encased in heat-shrink tubing<\/strong>, providing <strong data-start=\"151\" data-end=\"171\">extra protection<\/strong>. This <strong data-start=\"178\" data-end=\"198\">heat-shrink wrap<\/strong> makes the magnets <strong data-start=\"217\" data-end=\"231\">imperm\u00e9able<\/strong>, <strong data-start=\"233\" data-end=\"252\">r\u00e9sistant aux chocs<\/strong>et <strong data-start=\"258\" data-end=\"277\">r\u00e9sistant \u00e0 l'oxydation<\/strong>Les produits de la gamme sont ainsi prot\u00e9g\u00e9s contre l'usure, ce qui leur permet de rester dans un \u00e9tat optimal, m\u00eame dans des environnements hostiles. Cette couche de protection suppl\u00e9mentaire augmente leur <strong data-start=\"396\" data-end=\"410\">la durabilit\u00e9<\/strong> et <strong data-start=\"415\" data-end=\"430\">fiabilit\u00e9<\/strong> pour <strong data-start=\"435\" data-end=\"452\">long-term use<\/strong> in a wide range of applications.<\/p>\n<table style=\"height: 599px;\" width=\"828\">\n<tbody>\n<tr style=\"font-style: inherit; font-weight: inherit;\">\n<td style=\"font-style: inherit;\" width=\"183\">Type<\/td>\n<td style=\"font-style: inherit;\" width=\"504\">Permanent<\/td>\n<\/tr>\n<tr style=\"font-style: inherit; font-weight: inherit;\">\n<td style=\"font-style: inherit;\" width=\"183\" data-spm-anchor-id=\"a2700.details.pronpeci14.i0.41a61526Xi5f7X\">Composite<\/td>\n<td style=\"font-style: inherit;\" width=\"504\">Aimant NdFeB<\/td>\n<\/tr>\n<tr style=\"font-style: inherit; font-weight: inherit;\">\n<td style=\"font-style: inherit;\" rowspan=\"2\" width=\"183\">Forme<\/td>\n<td style=\"font-style: inherit;\" width=\"504\">Disc, <a href=\"https:\/\/richarms.com\/fr\/produit\/cylinder-magnet-wholesale\/\">Cylinder<\/a>, Block, <a href=\"https:\/\/richarms.com\/fr\/produit\/strongest-ring-magnet-neodymium-magnets\/\">Anneau<\/a>, <a href=\"https:\/\/richarms.com\/fr\/produit\/segment-magnet\/\">Segment<\/a>\uff0cCountersunk, Trapezoid<\/td>\n<\/tr>\n<tr>\n<td width=\"504\">Formes irr\u00e9guli\u00e8res et formes plus personnalis\u00e9es<\/td>\n<\/tr>\n<tr style=\"font-style: inherit; font-weight: inherit;\">\n<td style=\"font-style: inherit;\" width=\"183\">Application<\/td>\n<td style=\"font-style: inherit;\" width=\"504\">Aimant industriel<\/td>\n<\/tr>\n<tr style=\"font-style: inherit; font-weight: inherit;\">\n<td style=\"font-style: inherit;\" width=\"183\">Aimanter la direction<\/td>\n<td style=\"font-style: inherit;\" width=\"504\">Sur mesure<\/td>\n<\/tr>\n<tr style=\"font-style: inherit; font-weight: inherit;\">\n<td style=\"font-style: inherit;\" width=\"183\">Taille<\/td>\n<td style=\"font-style: inherit;\" width=\"504\">Sur mesure<\/td>\n<\/tr>\n<tr style=\"font-style: inherit; font-weight: inherit;\">\n<td style=\"font-style: inherit;\" width=\"183\">Rev\u00eatement<\/td>\n<td style=\"font-style: inherit;\" width=\"504\">Ni, Zn, or, argent, cuivre, \u00e9poxy, etc.<\/td>\n<\/tr>\n<tr style=\"font-style: inherit; font-weight: inherit;\">\n<td style=\"font-style: inherit;\" width=\"183\">Tol\u00e9rance<\/td>\n<td style=\"font-style: inherit;\" width=\"504\">+\/-0,03 \u00e0 +\/-0,15<\/td>\n<\/tr>\n<tr style=\"font-style: inherit; font-weight: inherit;\">\n<td style=\"font-style: inherit;\" width=\"183\">Temp\u00e9rature de travail<\/td>\n<td style=\"font-style: inherit;\" width=\"504\">La temp\u00e9rature maximale de fonctionnement est de 230 degr\u00e9s centigrades.<\/td>\n<\/tr>\n<tr style=\"font-style: inherit; font-weight: inherit;\">\n<td style=\"font-style: inherit;\" width=\"183\">Livraison<\/td>\n<td style=\"font-style: inherit;\" width=\"504\">Par voie maritime, a\u00e9rienne ou express<\/td>\n<\/tr>\n<tr style=\"font-style: inherit; font-weight: inherit;\">\n<td style=\"font-style: inherit;\" width=\"183\">Temp\u00e9rature maximale de fonctionnement<\/td>\n<td style=\"font-style: inherit;\" width=\"504\">Grade<\/td>\n<\/tr>\n<tr>\n<td width=\"183\">80\u00b0C<\/td>\n<td width=\"504\">N33-N52<\/td>\n<\/tr>\n<tr>\n<td width=\"183\">100\u00b0C<\/td>\n<td width=\"504\">N35M-N45M<\/td>\n<\/tr>\n<tr>\n<td width=\"183\">120\u00b0C<\/td>\n<td width=\"504\">N33H-N50H<\/td>\n<\/tr>\n<tr>\n<td width=\"183\">150\u00b0C<\/td>\n<td width=\"504\">N33SH-N45SH<\/td>\n<\/tr>\n<tr>\n<td width=\"183\">180\u00b0C<\/td>\n<td width=\"504\">N30UH-N42UH<\/td>\n<\/tr>\n<tr>\n<td width=\"183\">\u00a0200\u00b0C<\/td>\n<td width=\"504\">N30EH-N38EH<\/td>\n<\/tr>\n<tr>\n<td width=\"183\">230\u00b0C<\/td>\n<td width=\"504\">N28AH-N33AH<\/td>\n<\/tr>\n<\/tbody>\n<\/table>\n<div id=\"attachment_5501\" style=\"width: 760px\" class=\"wp-caption alignnone\"><img decoding=\"async\" aria-describedby=\"caption-attachment-5501\" class=\"lazyload wp-image-5501 size-full\" src=\"https:\/\/richarms.com\/wp-content\/uploads\/2018\/12\/permanent-magnets-box-packing.jpg\" data-orig-src=\"https:\/\/richarms.com\/wp-content\/uploads\/2018\/12\/permanent-magnets-box-packing.jpg\" alt=\"Segment NdFeB Magnet carefully packaged in a small white box for safe handling and delivery.\" width=\"750\" height=\"500\" srcset=\"data:image\/svg+xml,%3Csvg%20xmlns%3D%27http%3A%2F%2Fwww.w3.org%2F2000%2Fsvg%27%20width%3D%27750%27%20height%3D%27500%27%20viewBox%3D%270%200%20750%20500%27%3E%3Crect%20width%3D%27750%27%20height%3D%27500%27%20fill-opacity%3D%220%22%2F%3E%3C%2Fsvg%3E\" data-srcset=\"https:\/\/richarms.com\/wp-content\/uploads\/2018\/12\/permanent-magnets-box-packing-200x133.jpg 200w, https:\/\/richarms.com\/wp-content\/uploads\/2018\/12\/permanent-magnets-box-packing-300x200.jpg 300w, https:\/\/richarms.com\/wp-content\/uploads\/2018\/12\/permanent-magnets-box-packing-400x267.jpg 400w, https:\/\/richarms.com\/wp-content\/uploads\/2018\/12\/permanent-magnets-box-packing-500x333.jpg 500w, https:\/\/richarms.com\/wp-content\/uploads\/2018\/12\/permanent-magnets-box-packing-600x400.jpg 600w, https:\/\/richarms.com\/wp-content\/uploads\/2018\/12\/permanent-magnets-box-packing-700x467.jpg 700w, https:\/\/richarms.com\/wp-content\/uploads\/2018\/12\/permanent-magnets-box-packing.jpg 750w\" data-sizes=\"auto\" data-orig-sizes=\"(max-width: 750px) 100vw, 750px\" \/><p id=\"caption-attachment-5501\" class=\"wp-caption-text\">Les aimants NdFeB sont emball\u00e9s en toute s\u00e9curit\u00e9 dans de petites bo\u00eetes blanches, ce qui garantit un transport s\u00fbr et une manipulation ais\u00e9e.<\/p><\/div>\n<p><strong>Emballage :<\/strong><\/p>\n<div id=\"attachment_5515\" style=\"width: 764px\" class=\"wp-caption alignnone\"><img decoding=\"async\" aria-describedby=\"caption-attachment-5515\" class=\"lazyload wp-image-5515 size-full\" src=\"https:\/\/richarms.com\/wp-content\/uploads\/2018\/12\/packaging.png\" data-orig-src=\"https:\/\/richarms.com\/wp-content\/uploads\/2018\/12\/packaging.png\" alt=\"De-magnetization packaging process for NdFeB magnets, showing a multi-layered protection including iron boxes, foam boxes, and paper boxes.\" width=\"754\" height=\"497\" srcset=\"data:image\/svg+xml,%3Csvg%20xmlns%3D%27http%3A%2F%2Fwww.w3.org%2F2000%2Fsvg%27%20width%3D%27754%27%20height%3D%27497%27%20viewBox%3D%270%200%20754%20497%27%3E%3Crect%20width%3D%27754%27%20height%3D%27497%27%20fill-opacity%3D%220%22%2F%3E%3C%2Fsvg%3E\" data-srcset=\"https:\/\/richarms.com\/wp-content\/uploads\/2018\/12\/packaging-200x132.png 200w, https:\/\/richarms.com\/wp-content\/uploads\/2018\/12\/packaging-300x198.png 300w, https:\/\/richarms.com\/wp-content\/uploads\/2018\/12\/packaging-400x264.png 400w, https:\/\/richarms.com\/wp-content\/uploads\/2018\/12\/packaging-500x330.png 500w, https:\/\/richarms.com\/wp-content\/uploads\/2018\/12\/packaging-600x395.png 600w, https:\/\/richarms.com\/wp-content\/uploads\/2018\/12\/packaging-700x461.png 700w, https:\/\/richarms.com\/wp-content\/uploads\/2018\/12\/packaging.png 754w\" data-sizes=\"auto\" data-orig-sizes=\"(max-width: 754px) 100vw, 754px\" \/><p id=\"caption-attachment-5515\" class=\"wp-caption-text\">Les aimants NdFeB font l'objet d'un processus d'emballage de d\u00e9magn\u00e9tisation minutieux, comprenant des couches de bo\u00eetes en fer, de mousse et de bo\u00eetes en papier afin de garantir un transport s\u00e9curis\u00e9.<\/p><\/div>\n<div id=\"attachment_5499\" style=\"width: 710px\" class=\"wp-caption alignnone\"><img decoding=\"async\" aria-describedby=\"caption-attachment-5499\" class=\"lazyload wp-image-5499 size-full\" src=\"https:\/\/richarms.com\/wp-content\/uploads\/2018\/12\/drawing.jpg\" data-orig-src=\"https:\/\/richarms.com\/wp-content\/uploads\/2018\/12\/drawing.jpg\" alt=\"Illustration of two magnetization directions for NdFeB magnets: Thickness Magnetized and Radially Magnetized.\" width=\"700\" height=\"907\" srcset=\"data:image\/svg+xml,%3Csvg%20xmlns%3D%27http%3A%2F%2Fwww.w3.org%2F2000%2Fsvg%27%20width%3D%27700%27%20height%3D%27907%27%20viewBox%3D%270%200%20700%20907%27%3E%3Crect%20width%3D%27700%27%20height%3D%27907%27%20fill-opacity%3D%220%22%2F%3E%3C%2Fsvg%3E\" data-srcset=\"https:\/\/richarms.com\/wp-content\/uploads\/2018\/12\/drawing-200x259.jpg 200w, https:\/\/richarms.com\/wp-content\/uploads\/2018\/12\/drawing-232x300.jpg 232w, https:\/\/richarms.com\/wp-content\/uploads\/2018\/12\/drawing-400x518.jpg 400w, https:\/\/richarms.com\/wp-content\/uploads\/2018\/12\/drawing-500x648.jpg 500w, https:\/\/richarms.com\/wp-content\/uploads\/2018\/12\/drawing-600x777.jpg 600w, https:\/\/richarms.com\/wp-content\/uploads\/2018\/12\/drawing.jpg 700w\" data-sizes=\"auto\" data-orig-sizes=\"(max-width: 700px) 100vw, 700px\" \/><p id=\"caption-attachment-5499\" class=\"wp-caption-text\">Comprendre les deux directions de magn\u00e9tisation des aimants NdFeB : magn\u00e9tisation par l'\u00e9paisseur et magn\u00e9tisation radiale.<\/p><\/div>\n<h3 data-start=\"944\" data-end=\"986\"><strong data-start=\"948\" data-end=\"985\">Key Features of Bar NdFeB Magnets<\/strong>:<\/h3>\n<ul>\n<li data-start=\"990\" data-end=\"1305\"><strong data-start=\"990\" data-end=\"1032\">Customizable for Various Applications:<\/strong> Notre <strong data-start=\"1037\" data-end=\"1058\">Bar NdFeB magnets<\/strong> are <strong data-start=\"1063\" data-end=\"1086\">highly customizable<\/strong> in size, shape, magnetization direction, and coating. Whether you need <strong data-start=\"1158\" data-end=\"1175\">smaller sizes<\/strong> pour <strong data-start=\"1180\" data-end=\"1197\">Blocage de la RFID<\/strong>, <strong data-start=\"1199\" data-end=\"1215\">larger sizes<\/strong> pour <strong data-start=\"1220\" data-end=\"1244\">industrial machinery<\/strong>, or specific magnetization patterns, we can meet your needs.<\/li>\n<li data-start=\"1309\" data-end=\"1528\"><strong data-start=\"1309\" data-end=\"1339\">High-Strength Performance:<\/strong> Ces <strong data-start=\"1346\" data-end=\"1367\">NdFeB bar magnets<\/strong> are known for their <strong data-start=\"1388\" data-end=\"1414\">high magnetic strength<\/strong>, making them ideal for applications like <strong data-start=\"1456\" data-end=\"1472\">bag closures<\/strong>, <strong data-start=\"1474\" data-end=\"1489\">purse clips<\/strong>, <strong data-start=\"1491\" data-end=\"1509\">journal covers<\/strong>et <strong data-start=\"1515\" data-end=\"1527\">IC parts<\/strong>.<\/li>\n<li data-start=\"1532\" data-end=\"1728\"><strong data-start=\"1532\" data-end=\"1557\">Durable and Reliable:<\/strong> With a variety of protective coatings like <strong data-start=\"1601\" data-end=\"1611\">nickel<\/strong> ou <strong data-start=\"1615\" data-end=\"1624\">epoxy<\/strong>, these magnets are designed to last, offering <strong data-start=\"1671\" data-end=\"1695\">long-term durability<\/strong> et <strong data-start=\"1700\" data-end=\"1727\">resistance to corrosion<\/strong>.<\/li>\n<li data-start=\"1732\" data-end=\"1951\"><strong data-start=\"1732\" data-end=\"1755\">Efficient Delivery:<\/strong> We offer flexible <strong data-start=\"1774\" data-end=\"1794\">delivery options<\/strong>, ensuring you receive your <strong data-start=\"1822\" data-end=\"1843\">Bar NdFeB magnets<\/strong> quickly and securely. Choose from <strong data-start=\"1878\" data-end=\"1885\">sea<\/strong>, <strong data-start=\"1887\" data-end=\"1894\">air<\/strong>ou <strong data-start=\"1899\" data-end=\"1910\">express<\/strong> shipping to meet your project deadlines.<\/li>\n<\/ul>\n<h3 data-start=\"1958\" data-end=\"2000\"><strong data-start=\"1962\" data-end=\"2000\">Applications of Bar NdFeB Magnets:<\/strong><\/h3>\n<ul data-start=\"2002\" data-end=\"2472\">\n<li data-start=\"2002\" data-end=\"2147\"><strong data-start=\"2004\" data-end=\"2020\">Bag Closures<\/strong>: Perfect for use in <strong data-start=\"2041\" data-end=\"2062\">fermetures magn\u00e9tiques<\/strong> pour <strong data-start=\"2067\" data-end=\"2075\">bags<\/strong>, <strong data-start=\"2077\" data-end=\"2087\">purses<\/strong>et <strong data-start=\"2093\" data-end=\"2106\">sacs \u00e0 dos<\/strong>, ensuring easy-to-use, secure fastening.<\/li>\n<li data-start=\"2148\" data-end=\"2297\"><strong data-start=\"2150\" data-end=\"2182\">Purse Clips &amp; Journal Covers<\/strong>: These magnets are ideal for securing <strong data-start=\"2221\" data-end=\"2236\">purse clips<\/strong> et <strong data-start=\"2241\" data-end=\"2259\">journal covers<\/strong>, offering a sleek, reliable solution.<\/li>\n<li data-start=\"2298\" data-end=\"2472\"><strong data-start=\"2300\" data-end=\"2312\">IC Parts<\/strong>: With customizable sizes and strength, <strong data-start=\"2352\" data-end=\"2373\">Bar NdFeB magnets<\/strong> are great for use in <strong data-start=\"2395\" data-end=\"2407\">IC parts<\/strong>, ensuring precision and high performance in sensitive equipment.<\/li>\n<\/ul>\n<h3 data-start=\"2479\" data-end=\"2520\"><strong data-start=\"2483\" data-end=\"2520\">Why Choose Our Bar NdFeB Magnets?<\/strong><\/h3>\n<ul data-start=\"2522\" data-end=\"2965\">\n<li data-start=\"2522\" data-end=\"2661\"><strong data-start=\"2524\" data-end=\"2551\">Versatile Customization<\/strong>: Choose the perfect <strong data-start=\"2572\" data-end=\"2580\">size<\/strong>, <strong data-start=\"2582\" data-end=\"2591\">forme<\/strong>et <strong data-start=\"2597\" data-end=\"2624\">magnetization direction<\/strong> for your specific application needs.<\/li>\n<li data-start=\"2662\" data-end=\"2821\"><strong data-start=\"2664\" data-end=\"2685\">Superior Strength<\/strong>: Known for their <strong data-start=\"2703\" data-end=\"2733\">exceptional magnetic power<\/strong>, <strong data-start=\"2735\" data-end=\"2756\">Bar NdFeB magnets<\/strong> offer <strong data-start=\"2763\" data-end=\"2785\">high holding force<\/strong> in various industrial applications.<\/li>\n<li data-start=\"2822\" data-end=\"2965\"><strong data-start=\"2824\" data-end=\"2852\">Cost-Effective Solutions<\/strong>: Get <strong data-start=\"2858\" data-end=\"2886\">high-performance magnets<\/strong> at competitive prices, ideal for <strong data-start=\"2920\" data-end=\"2933\">wholesale<\/strong> orders and <strong data-start=\"2945\" data-end=\"2964\">bulk production<\/strong>.<\/li>\n<\/ul>","protected":false},"excerpt":{"rendered":"<p>Type : Aimants permanents<br \/>\nComposite : Aimant en n\u00e9odyme<br \/>\nForme : sur commande<br \/>\nApplication : Aimant industriel<br \/>\nRev\u00eatements : Ni, Zn, or, argent, cuivre, \u00e9poxy, etc.<br \/>\nTol\u00e9rance : +\/-0,03 \u00e0 +\/-0,15<br \/>\nFormes : Arc\/Disque\/Barre\/Bloc...<br \/>\nGrade: N3N35M-N52M,N35H-N50H,N33SH-N45SH<br \/>\nTailles : sur mesure<br \/>\nsens de l'aimantation : Personnalis\u00e9<br \/>\nlivraison : par voie maritime, a\u00e9rienne ou express<br \/>\nTemp\u00e9rature : La temp\u00e9rature maximale de fonctionnement est de 230 d<\/p>","protected":false},"featured_media":8193,"template":"","meta":[],"product_brand":[],"product_cat":[53],"product_tag":[83,88,89],"class_list":{"0":"post-7599","1":"product","2":"type-product","3":"status-publish","4":"has-post-thumbnail","6":"product_cat-magnets","7":"product_tag-strong","8":"product_tag-magnet","9":"product_tag-hidden-magnet","11":"first","12":"instock","13":"shipping-taxable","14":"product-type-simple"},"aioseo_notices":[],"_links":{"self":[{"href":"https:\/\/richarms.com\/fr\/wp-json\/wp\/v2\/product\/7599","targetHints":{"allow":["GET"]}}],"collection":[{"href":"https:\/\/richarms.com\/fr\/wp-json\/wp\/v2\/product"}],"about":[{"href":"https:\/\/richarms.com\/fr\/wp-json\/wp\/v2\/types\/product"}],"wp:featuredmedia":[{"embeddable":true,"href":"https:\/\/richarms.com\/fr\/wp-json\/wp\/v2\/media\/8193"}],"wp:attachment":[{"href":"https:\/\/richarms.com\/fr\/wp-json\/wp\/v2\/media?parent=7599"}],"wp:term":[{"taxonomy":"product_brand","embeddable":true,"href":"https:\/\/richarms.com\/fr\/wp-json\/wp\/v2\/product_brand?post=7599"},{"taxonomy":"product_cat","embeddable":true,"href":"https:\/\/richarms.com\/fr\/wp-json\/wp\/v2\/product_cat?post=7599"},{"taxonomy":"product_tag","embeddable":true,"href":"https:\/\/richarms.com\/fr\/wp-json\/wp\/v2\/product_tag?post=7599"}],"curies":[{"name":"wp","href":"https:\/\/api.w.org\/{rel}","templated":true}]}}