{"id":7605,"date":"2022-04-11T22:40:16","date_gmt":"2022-04-11T14:40:16","guid":{"rendered":"https:\/\/richarms.com\/?post_type=product&#038;p=7605"},"modified":"2025-02-28T14:43:29","modified_gmt":"2025-02-28T06:43:29","slug":"segment-magnet","status":"publish","type":"product","link":"https:\/\/richarms.com\/fr\/product\/segment-magnet","title":{"rendered":"Segment Magnet Factory"},"content":{"rendered":"<h1>Segment NdFeB Magnet | Custom Industrial Magnets for Diverse Applications<\/h1>\n<p data-start=\"429\" data-end=\"1077\"><strong data-start=\"429\" data-end=\"442\">Mat\u00e9riau :<\/strong> <strong data-start=\"443\" data-end=\"475\">NdFeB (Neodymium)<\/strong><br data-start=\"475\" data-end=\"478\" \/><strong data-start=\"478\" data-end=\"496\">Shape Options:<\/strong> <strong data-start=\"497\" data-end=\"505\">Disc<\/strong>, <strong data-start=\"507\" data-end=\"519\">Cylinder<\/strong>, <strong data-start=\"521\" data-end=\"530\">Bloc<\/strong>, <strong data-start=\"532\" data-end=\"540\">Anneau<\/strong>, <strong data-start=\"542\" data-end=\"557\">Countersunk<\/strong>, <strong data-start=\"559\" data-end=\"570\">Segment<\/strong>, <strong data-start=\"572\" data-end=\"585\">Trapezoid<\/strong>, and more <strong data-start=\"596\" data-end=\"613\">custom shapes<\/strong><br data-start=\"613\" data-end=\"616\" \/><strong data-start=\"616\" data-end=\"644\">Magnetization Direction:<\/strong> <strong data-start=\"645\" data-end=\"669\">Thickness Magnetized<\/strong> ou <strong data-start=\"673\" data-end=\"696\">Radially Magnetized<\/strong> (customizable)<br data-start=\"711\" data-end=\"714\" \/><strong data-start=\"714\" data-end=\"734\">Coating Options:<\/strong> <strong data-start=\"735\" data-end=\"750\">Nickel (Ni)<\/strong>, <strong data-start=\"752\" data-end=\"765\" data-is-only-node=\"\">Zinc (Zn)<\/strong>, <strong data-start=\"767\" data-end=\"775\">Gold<\/strong>, <strong data-start=\"777\" data-end=\"787\">Silver<\/strong>, <strong data-start=\"789\" data-end=\"799\">Copper<\/strong>, <strong data-start=\"801\" data-end=\"810\">Epoxy<\/strong> et plus<br data-start=\"819\" data-end=\"822\" \/><strong data-start=\"822\" data-end=\"845\">Size and Tolerance:<\/strong> <strong data-start=\"846\" data-end=\"862\">Custom sizes<\/strong> with tolerances ranging from <strong data-start=\"892\" data-end=\"918\">+\/-0.03mm to +\/-0.15mm<\/strong><br data-start=\"918\" data-end=\"921\" \/><strong data-start=\"921\" data-end=\"945\">Working Temperature:<\/strong> Maximum operating temperature up to <strong data-start=\"982\" data-end=\"991\">230\u00b0C<\/strong> based on grade<br data-start=\"1006\" data-end=\"1009\" \/><strong data-start=\"1009\" data-end=\"1022\">Livraison :<\/strong> <a href=\"https:\/\/www.richarmshardware.com\/\">Small order<\/a> available, Available by <strong data-start=\"1036\" data-end=\"1043\">sea<\/strong>, <strong data-start=\"1045\" data-end=\"1052\">air<\/strong>ou <strong data-start=\"1057\" data-end=\"1068\">express<\/strong> delivery<\/p>\n<table style=\"height: 599px;\" width=\"828\">\n<tbody>\n<tr style=\"font-style: inherit; font-weight: inherit;\">\n<td style=\"font-style: inherit;\" width=\"183\">Type<\/td>\n<td style=\"font-style: inherit;\" width=\"504\">Permanent<\/td>\n<\/tr>\n<tr style=\"font-style: inherit; font-weight: inherit;\">\n<td style=\"font-style: inherit;\" width=\"183\" data-spm-anchor-id=\"a2700.details.pronpeci14.i0.41a61526Xi5f7X\">Composite<\/td>\n<td style=\"font-style: inherit;\" width=\"504\">Aimant NdFeB<\/td>\n<\/tr>\n<tr style=\"font-style: inherit; font-weight: inherit;\">\n<td style=\"font-style: inherit;\" rowspan=\"2\" width=\"183\">Forme<\/td>\n<td style=\"font-style: inherit;\" width=\"504\">Disc, <a href=\"https:\/\/richarms.com\/fr\/produit\/cylinder-magnet-wholesale\/\">Cylinder<\/a>, <a href=\"https:\/\/richarms.com\/fr\/produit\/strong-block-magnets-in-bulk\/\">Bloc<\/a>, <a href=\"https:\/\/richarms.com\/fr\/produit\/strongest-ring-magnet-neodymium-magnets\/\">Anneau<\/a>\u00e0 t\u00eate frais\u00e9e, trap\u00e9zo\u00efdale<\/td>\n<\/tr>\n<tr>\n<td width=\"504\">Formes irr\u00e9guli\u00e8res et formes plus personnalis\u00e9es<\/td>\n<\/tr>\n<tr style=\"font-style: inherit; font-weight: inherit;\">\n<td style=\"font-style: inherit;\" width=\"183\">Application<\/td>\n<td style=\"font-style: inherit;\" width=\"504\">Aimant industriel<\/td>\n<\/tr>\n<tr style=\"font-style: inherit; font-weight: inherit;\">\n<td style=\"font-style: inherit;\" width=\"183\">Aimanter la direction<\/td>\n<td style=\"font-style: inherit;\" width=\"504\">Sur mesure<\/td>\n<\/tr>\n<tr style=\"font-style: inherit; font-weight: inherit;\">\n<td style=\"font-style: inherit;\" width=\"183\">Taille<\/td>\n<td style=\"font-style: inherit;\" width=\"504\">Sur mesure<\/td>\n<\/tr>\n<tr style=\"font-style: inherit; font-weight: inherit;\">\n<td style=\"font-style: inherit;\" width=\"183\">Rev\u00eatement<\/td>\n<td style=\"font-style: inherit;\" width=\"504\">Ni, Zn, or, argent, cuivre, \u00e9poxy, etc.<\/td>\n<\/tr>\n<tr style=\"font-style: inherit; font-weight: inherit;\">\n<td style=\"font-style: inherit;\" width=\"183\">Tol\u00e9rance<\/td>\n<td style=\"font-style: inherit;\" width=\"504\">+\/-0,03 \u00e0 +\/-0,15<\/td>\n<\/tr>\n<tr style=\"font-style: inherit; font-weight: inherit;\">\n<td style=\"font-style: inherit;\" width=\"183\">Temp\u00e9rature de travail<\/td>\n<td style=\"font-style: inherit;\" width=\"504\">La temp\u00e9rature maximale de fonctionnement est de 230 degr\u00e9s centigrades.<\/td>\n<\/tr>\n<tr style=\"font-style: inherit; font-weight: inherit;\">\n<td style=\"font-style: inherit;\" width=\"183\">Livraison<\/td>\n<td style=\"font-style: inherit;\" width=\"504\">Par voie maritime, a\u00e9rienne ou express<\/td>\n<\/tr>\n<tr style=\"font-style: inherit; font-weight: inherit;\">\n<td style=\"font-style: inherit;\" width=\"183\">Temp\u00e9rature maximale de fonctionnement<\/td>\n<td style=\"font-style: inherit;\" width=\"504\">Grade<\/td>\n<\/tr>\n<tr>\n<td width=\"183\">80\u00b0C<\/td>\n<td width=\"504\">N33-N52<\/td>\n<\/tr>\n<tr>\n<td width=\"183\">100\u00b0C<\/td>\n<td width=\"504\">N35M-N45M<\/td>\n<\/tr>\n<tr>\n<td width=\"183\">120\u00b0C<\/td>\n<td width=\"504\">N33H-N50H<\/td>\n<\/tr>\n<tr>\n<td width=\"183\">150\u00b0C<\/td>\n<td width=\"504\">N33SH-N45SH<\/td>\n<\/tr>\n<tr>\n<td width=\"183\">180\u00b0C<\/td>\n<td width=\"504\">N30UH-N42UH<\/td>\n<\/tr>\n<tr>\n<td width=\"183\">\u00a0200\u00b0C<\/td>\n<td width=\"504\">N30EH-N38EH<\/td>\n<\/tr>\n<tr>\n<td width=\"183\">230\u00b0C<\/td>\n<td width=\"504\">N28AH-N33AH<\/td>\n<\/tr>\n<\/tbody>\n<\/table>\n<div id=\"attachment_5501\" style=\"width: 760px\" class=\"wp-caption alignnone\"><img decoding=\"async\" aria-describedby=\"caption-attachment-5501\" class=\"lazyload wp-image-5501 size-full\" src=\"https:\/\/richarms.com\/wp-content\/uploads\/2018\/12\/permanent-magnets-box-packing.jpg\" data-orig-src=\"https:\/\/richarms.com\/wp-content\/uploads\/2018\/12\/permanent-magnets-box-packing.jpg\" alt=\"Segment NdFeB Magnet carefully packaged in a small white box for safe handling and delivery.\" width=\"750\" height=\"500\" srcset=\"data:image\/svg+xml,%3Csvg%20xmlns%3D%27http%3A%2F%2Fwww.w3.org%2F2000%2Fsvg%27%20width%3D%27750%27%20height%3D%27500%27%20viewBox%3D%270%200%20750%20500%27%3E%3Crect%20width%3D%27750%27%20height%3D%27500%27%20fill-opacity%3D%220%22%2F%3E%3C%2Fsvg%3E\" data-srcset=\"https:\/\/richarms.com\/wp-content\/uploads\/2018\/12\/permanent-magnets-box-packing-200x133.jpg 200w, https:\/\/richarms.com\/wp-content\/uploads\/2018\/12\/permanent-magnets-box-packing-300x200.jpg 300w, https:\/\/richarms.com\/wp-content\/uploads\/2018\/12\/permanent-magnets-box-packing-400x267.jpg 400w, https:\/\/richarms.com\/wp-content\/uploads\/2018\/12\/permanent-magnets-box-packing-500x333.jpg 500w, https:\/\/richarms.com\/wp-content\/uploads\/2018\/12\/permanent-magnets-box-packing-600x400.jpg 600w, https:\/\/richarms.com\/wp-content\/uploads\/2018\/12\/permanent-magnets-box-packing-700x467.jpg 700w, https:\/\/richarms.com\/wp-content\/uploads\/2018\/12\/permanent-magnets-box-packing.jpg 750w\" data-sizes=\"auto\" data-orig-sizes=\"(max-width: 750px) 100vw, 750px\" \/><p id=\"caption-attachment-5501\" class=\"wp-caption-text\">Les aimants NdFeB sont emball\u00e9s en toute s\u00e9curit\u00e9 dans de petites bo\u00eetes blanches, ce qui garantit un transport s\u00fbr et une manipulation ais\u00e9e.<\/p><\/div>\n<p><strong>Emballage :<\/strong><\/p>\n<div id=\"attachment_5515\" style=\"width: 764px\" class=\"wp-caption alignnone\"><img decoding=\"async\" aria-describedby=\"caption-attachment-5515\" class=\"lazyload wp-image-5515 size-full\" src=\"https:\/\/richarms.com\/wp-content\/uploads\/2018\/12\/packaging.png\" data-orig-src=\"https:\/\/richarms.com\/wp-content\/uploads\/2018\/12\/packaging.png\" alt=\"De-magnetization packaging process for NdFeB magnets, showing a multi-layered protection including iron boxes, foam boxes, and paper boxes.\" width=\"754\" height=\"497\" srcset=\"data:image\/svg+xml,%3Csvg%20xmlns%3D%27http%3A%2F%2Fwww.w3.org%2F2000%2Fsvg%27%20width%3D%27754%27%20height%3D%27497%27%20viewBox%3D%270%200%20754%20497%27%3E%3Crect%20width%3D%27754%27%20height%3D%27497%27%20fill-opacity%3D%220%22%2F%3E%3C%2Fsvg%3E\" data-srcset=\"https:\/\/richarms.com\/wp-content\/uploads\/2018\/12\/packaging-200x132.png 200w, https:\/\/richarms.com\/wp-content\/uploads\/2018\/12\/packaging-300x198.png 300w, https:\/\/richarms.com\/wp-content\/uploads\/2018\/12\/packaging-400x264.png 400w, https:\/\/richarms.com\/wp-content\/uploads\/2018\/12\/packaging-500x330.png 500w, https:\/\/richarms.com\/wp-content\/uploads\/2018\/12\/packaging-600x395.png 600w, https:\/\/richarms.com\/wp-content\/uploads\/2018\/12\/packaging-700x461.png 700w, https:\/\/richarms.com\/wp-content\/uploads\/2018\/12\/packaging.png 754w\" data-sizes=\"auto\" data-orig-sizes=\"(max-width: 754px) 100vw, 754px\" \/><p id=\"caption-attachment-5515\" class=\"wp-caption-text\">Les aimants NdFeB font l'objet d'un processus d'emballage de d\u00e9magn\u00e9tisation minutieux, comprenant des couches de bo\u00eetes en fer, de mousse et de bo\u00eetes en papier afin de garantir un transport s\u00e9curis\u00e9.<\/p><\/div>\n<div id=\"attachment_5499\" style=\"width: 710px\" class=\"wp-caption alignnone\"><img decoding=\"async\" aria-describedby=\"caption-attachment-5499\" class=\"lazyload wp-image-5499 size-full\" src=\"https:\/\/richarms.com\/wp-content\/uploads\/2018\/12\/drawing.jpg\" data-orig-src=\"https:\/\/richarms.com\/wp-content\/uploads\/2018\/12\/drawing.jpg\" alt=\"Illustration of two magnetization directions for NdFeB magnets: Thickness Magnetized and Radially Magnetized.\" width=\"700\" height=\"907\" srcset=\"data:image\/svg+xml,%3Csvg%20xmlns%3D%27http%3A%2F%2Fwww.w3.org%2F2000%2Fsvg%27%20width%3D%27700%27%20height%3D%27907%27%20viewBox%3D%270%200%20700%20907%27%3E%3Crect%20width%3D%27700%27%20height%3D%27907%27%20fill-opacity%3D%220%22%2F%3E%3C%2Fsvg%3E\" data-srcset=\"https:\/\/richarms.com\/wp-content\/uploads\/2018\/12\/drawing-200x259.jpg 200w, https:\/\/richarms.com\/wp-content\/uploads\/2018\/12\/drawing-232x300.jpg 232w, https:\/\/richarms.com\/wp-content\/uploads\/2018\/12\/drawing-400x518.jpg 400w, https:\/\/richarms.com\/wp-content\/uploads\/2018\/12\/drawing-500x648.jpg 500w, https:\/\/richarms.com\/wp-content\/uploads\/2018\/12\/drawing-600x777.jpg 600w, https:\/\/richarms.com\/wp-content\/uploads\/2018\/12\/drawing.jpg 700w\" data-sizes=\"auto\" data-orig-sizes=\"(max-width: 700px) 100vw, 700px\" \/><p id=\"caption-attachment-5499\" class=\"wp-caption-text\">Comprendre les deux directions de magn\u00e9tisation des aimants NdFeB : magn\u00e9tisation par l'\u00e9paisseur et magn\u00e9tisation radiale.<\/p><\/div>\n<p><strong>Magnetization Direction:<br \/>\n<\/strong>Thickness Magnetized<br \/>\nRadially Magnetized<strong><br \/>\n<\/strong><\/p>\n<h2 data-start=\"1084\" data-end=\"1130\"><strong data-start=\"1088\" data-end=\"1129\">Key Features of Segment NdFeB Magnets<\/strong>:<\/h2>\n<ul>\n<li data-start=\"1134\" data-end=\"1405\"><strong data-start=\"1134\" data-end=\"1179\">Customizable for Industrial Applications:<\/strong> Notre <strong data-start=\"1184\" data-end=\"1209\">Segment NdFeB magnets<\/strong> are highly versatile and can be <strong data-start=\"1242\" data-end=\"1256\">customized<\/strong> in terms of size, shape, magnetization direction, and coating. They are designed to meet your specific application needs in <strong data-start=\"1381\" data-end=\"1404\">industrial settings<\/strong>.<\/li>\n<li data-start=\"1409\" data-end=\"1723\"><strong data-start=\"1409\" data-end=\"1457\">High-Performance and Temperature Resistance:<\/strong> These magnets offer exceptional <strong data-start=\"1490\" data-end=\"1511\">magnetic strength<\/strong> and can withstand a wide range of temperatures, with certain grades reaching up to <strong data-start=\"1595\" data-end=\"1604\">230\u00b0C<\/strong> en <strong data-start=\"1608\" data-end=\"1641\">high-temperature environments<\/strong>. Perfect for applications in <strong data-start=\"1671\" data-end=\"1681\">motors<\/strong>, <strong data-start=\"1683\" data-end=\"1694\">sensors<\/strong>et <strong data-start=\"1700\" data-end=\"1722\">electronic devices<\/strong>.<\/li>\n<li data-start=\"1727\" data-end=\"2021\"><strong data-start=\"1727\" data-end=\"1759\">Available in Various Shapes:<\/strong> Choose from a wide range of shapes such as <strong data-start=\"1803\" data-end=\"1812\">discs<\/strong>, <strong data-start=\"1814\" data-end=\"1827\">cylinders<\/strong>, <strong data-start=\"1829\" data-end=\"1839\">blocks<\/strong>et <strong data-start=\"1845\" data-end=\"1857\">segments<\/strong>, with <strong data-start=\"1864\" data-end=\"1882\">custom designs<\/strong> available for more specialized requirements. Whether you need a <strong data-start=\"1947\" data-end=\"1960\">trapezoid<\/strong>, <strong data-start=\"1962\" data-end=\"1970\">ring<\/strong>ou <strong data-start=\"1975\" data-end=\"1990\">countersunk<\/strong> magnet, we\u2019ve got you covered.<\/li>\n<li data-start=\"2025\" data-end=\"2184\"><strong data-start=\"2025\" data-end=\"2048\">Efficient Delivery:<\/strong> With flexible delivery options, we ensure timely shipping via <strong data-start=\"2111\" data-end=\"2118\">sea<\/strong>, <strong data-start=\"2120\" data-end=\"2127\">air<\/strong>ou <strong data-start=\"2132\" data-end=\"2143\">express<\/strong> services to meet your project timelines.<\/li>\n<\/ul>\n<h2 data-start=\"2191\" data-end=\"2236\"><strong data-start=\"2195\" data-end=\"2236\">Why Choose Our Segment NdFeB Magnets?<\/strong><\/h2>\n<ul>\n<li data-start=\"2240\" data-end=\"2430\"><strong data-start=\"2240\" data-end=\"2265\">Custom Magnetization:<\/strong> Notre <strong data-start=\"2270\" data-end=\"2295\">Segment NdFeB magnets<\/strong> can be <strong data-start=\"2303\" data-end=\"2317\">magnetized<\/strong> in different directions, including <strong data-start=\"2353\" data-end=\"2366\">l'\u00e9paisseur<\/strong> ou <strong data-start=\"2370\" data-end=\"2394\">radial magnetization<\/strong>, to suit your specific application.<\/li>\n<li data-start=\"2434\" data-end=\"2623\"><strong data-start=\"2434\" data-end=\"2459\">Durable and Reliable:<\/strong> With a variety of coatings such as <strong data-start=\"2495\" data-end=\"2505\">nickel<\/strong>, <strong data-start=\"2507\" data-end=\"2515\">zinc<\/strong>, <strong data-start=\"2517\" data-end=\"2525\">l'or<\/strong>et <strong data-start=\"2531\" data-end=\"2540\">epoxy<\/strong>, these magnets are protected against corrosion, ensuring <strong data-start=\"2598\" data-end=\"2622\">long-term durability<\/strong>.<\/li>\n<li data-start=\"2627\" data-end=\"2873\"><strong data-start=\"2627\" data-end=\"2664\">Superior Strength and Efficiency:<\/strong> Known for their <strong data-start=\"2681\" data-end=\"2711\">strong magnetic properties<\/strong>, <strong data-start=\"2713\" data-end=\"2730\">NdFeB magnets<\/strong> provide excellent performance across a wide range of industries, including <strong data-start=\"2806\" data-end=\"2821\">\u00e9lectronique<\/strong>, <strong data-start=\"2823\" data-end=\"2837\">automotive<\/strong>, <strong data-start=\"2839\" data-end=\"2856\">manufacturing<\/strong>et <strong data-start=\"2862\" data-end=\"2872\">energy<\/strong>.<\/li>\n<\/ul>","protected":false},"excerpt":{"rendered":"<p>Type : Aimants permanents<br \/>\nComposite : Aimant en n\u00e9odyme<br \/>\nForme : sur commande<br \/>\nApplication : Aimant industriel<br \/>\nRev\u00eatements : Ni, Zn, or, argent, cuivre, \u00e9poxy, etc.<br \/>\nTol\u00e9rance : +\/-0,03 \u00e0 +\/-0,15<br \/>\nFormes : Arc\/Disque\/Barre\/Bloc...<br \/>\nGrade: N3N35M-N52M,N35H-N50H,N33SH-N45SH<br \/>\nTailles : sur mesure<br \/>\nsens de l'aimantation : Personnalis\u00e9<br \/>\nlivraison : par voie maritime, a\u00e9rienne ou express<br \/>\nTemp\u00e9rature : La temp\u00e9rature maximale de fonctionnement est de 230 d<\/p>","protected":false},"featured_media":7610,"template":"","meta":[],"product_brand":[],"product_cat":[53],"product_tag":[83,88,89],"class_list":{"0":"post-7605","1":"product","2":"type-product","3":"status-publish","4":"has-post-thumbnail","6":"product_cat-magnets","7":"product_tag-strong","8":"product_tag-magnet","9":"product_tag-hidden-magnet","11":"first","12":"instock","13":"shipping-taxable","14":"product-type-simple"},"aioseo_notices":[],"_links":{"self":[{"href":"https:\/\/richarms.com\/fr\/wp-json\/wp\/v2\/product\/7605","targetHints":{"allow":["GET"]}}],"collection":[{"href":"https:\/\/richarms.com\/fr\/wp-json\/wp\/v2\/product"}],"about":[{"href":"https:\/\/richarms.com\/fr\/wp-json\/wp\/v2\/types\/product"}],"wp:featuredmedia":[{"embeddable":true,"href":"https:\/\/richarms.com\/fr\/wp-json\/wp\/v2\/media\/7610"}],"wp:attachment":[{"href":"https:\/\/richarms.com\/fr\/wp-json\/wp\/v2\/media?parent=7605"}],"wp:term":[{"taxonomy":"product_brand","embeddable":true,"href":"https:\/\/richarms.com\/fr\/wp-json\/wp\/v2\/product_brand?post=7605"},{"taxonomy":"product_cat","embeddable":true,"href":"https:\/\/richarms.com\/fr\/wp-json\/wp\/v2\/product_cat?post=7605"},{"taxonomy":"product_tag","embeddable":true,"href":"https:\/\/richarms.com\/fr\/wp-json\/wp\/v2\/product_tag?post=7605"}],"curies":[{"name":"wp","href":"https:\/\/api.w.org\/{rel}","templated":true}]}}