{"id":7677,"date":"2022-08-25T11:38:52","date_gmt":"2022-08-25T03:38:52","guid":{"rendered":"https:\/\/richarms.com\/?post_type=product&#038;p=7677"},"modified":"2026-01-29T15:44:43","modified_gmt":"2026-01-29T07:44:43","slug":"magnetic-snap-bag-clip","status":"publish","type":"product","link":"https:\/\/richarms.com\/fr\/product\/magnetic-snap-bag-clip","title":{"rendered":"Clip magn\u00e9tique pour sac \u00e0 main"},"content":{"rendered":"<h3>Fermoir magn\u00e9tique pour la mode et la maison<\/h3>\n<p>Notre <strong>Fermoir magn\u00e9tique \u00e0 pince<\/strong> est une solution polyvalente et facile \u00e0 installer pour diverses applications telles que les v\u00eatements, les sacs, les fourre-tout \u00e9cologiques, les rideaux, etc. Con\u00e7u pour \u00eatre pratique, ce fermoir peut \u00eatre install\u00e9 sans trous ni machines. Il suffit de le fixer \u00e0 l'aide d'une pince, ce qui en fait un choix id\u00e9al pour les projets professionnels et les projets de bricolage.<\/p>\n<div id=\"attachment_7989\" style=\"width: 310px\" class=\"wp-caption alignnone\"><img decoding=\"async\" aria-describedby=\"caption-attachment-7989\" class=\"lazyload size-medium wp-image-7989\" src=\"https:\/\/richarms.com\/wp-content\/uploads\/2022\/08\/34141728729110_.pic_-300x300.jpg\" data-orig-src=\"https:\/\/richarms.com\/wp-content\/uploads\/2022\/08\/34141728729110_.pic_-300x300.jpg\" alt=\"China Wholesale Clamp-On Magnetic Clasp for Fashion and Home Use\" width=\"300\" height=\"300\" srcset=\"data:image\/svg+xml,%3Csvg%20xmlns%3D%27http%3A%2F%2Fwww.w3.org%2F2000%2Fsvg%27%20width%3D%27300%27%20height%3D%27300%27%20viewBox%3D%270%200%20300%20300%27%3E%3Crect%20width%3D%27300%27%20height%3D%27300%27%20fill-opacity%3D%220%22%2F%3E%3C%2Fsvg%3E\" data-srcset=\"https:\/\/richarms.com\/wp-content\/uploads\/2022\/08\/34141728729110_.pic_-66x66.jpg 66w, https:\/\/richarms.com\/wp-content\/uploads\/2022\/08\/34141728729110_.pic_-100x100.jpg 100w, https:\/\/richarms.com\/wp-content\/uploads\/2022\/08\/34141728729110_.pic_-150x150.jpg 150w, https:\/\/richarms.com\/wp-content\/uploads\/2022\/08\/34141728729110_.pic_-200x200.jpg 200w, https:\/\/richarms.com\/wp-content\/uploads\/2022\/08\/34141728729110_.pic_-300x300.jpg 300w, https:\/\/richarms.com\/wp-content\/uploads\/2022\/08\/34141728729110_.pic_-400x400.jpg 400w, https:\/\/richarms.com\/wp-content\/uploads\/2022\/08\/34141728729110_.pic_-500x500.jpg 500w, https:\/\/richarms.com\/wp-content\/uploads\/2022\/08\/34141728729110_.pic_-600x600.jpg 600w, https:\/\/richarms.com\/wp-content\/uploads\/2022\/08\/34141728729110_.pic_-700x700.jpg 700w, https:\/\/richarms.com\/wp-content\/uploads\/2022\/08\/34141728729110_.pic_-768x768.jpg 768w, https:\/\/richarms.com\/wp-content\/uploads\/2022\/08\/34141728729110_.pic_.jpg 800w\" data-sizes=\"auto\" data-orig-sizes=\"(max-width: 300px) 100vw, 300px\" \/><p id=\"caption-attachment-7989\" class=\"wp-caption-text\">Fermoir magn\u00e9tique en gros de Chine pour la mode et l'usage domestique<\/p><\/div>\n<div class=\"video-shortcode\"><iframe title=\"Magnetic Clip Closure | Turn Open Pockets into Magnetic Pockets\" width=\"563\" height=\"1000\" src=\"https:\/\/www.youtube.com\/embed\/MCy9qKwt4Cc?feature=oembed\" frameborder=\"0\" allow=\"accelerometer; autoplay; clipboard-write; encrypted-media; gyroscope; picture-in-picture; web-share\" referrerpolicy=\"strict-origin-when-cross-origin\" allowfullscreen><\/iframe><\/div>\n<ul>\n<li><strong>Installation par serrage<\/strong>: Facile \u00e0 installer avec des pinces, pas besoin de trous ou de machines.<\/li>\n<li><strong>Compact mais solide<\/strong>: Petite taille 20x14mm avec une force magn\u00e9tique puissante (8N, 9N, 10N, 12N).<\/li>\n<li><strong>Construction m\u00e9tallique durable<\/strong>: R\u00e9sistant \u00e0 l'usure et \u00e0 la corrosion, parfait pour une utilisation quotidienne.<\/li>\n<li><a href=\"https:\/\/www.pinterest.com\/richarmsaccessoriesgroups\/magnetic-snaps-for-everyday-convenience\/\"><strong>Applications polyvalentes<\/strong><\/a>: Id\u00e9al pour les v\u00eatements, les sacs, les rideaux et les accessoires de maison.<\/li>\n<li><strong>Couleurs et forces personnalisables<\/strong>: Disponible en or, argent, laiton antique, bronze, etc.<\/li>\n<\/ul>\n<p><strong>Conception compacte mais puissante<\/strong>: La partie femelle ronde ne mesure que 20 x 14 mm, ce qui la rend compacte mais suffisamment solide pour assurer une prise s\u00fbre. Malgr\u00e9 sa petite taille, elle offre une force magn\u00e9tique \u00e9lev\u00e9e, capable de fournir une force de traction de 8N, 9N, 10N et m\u00eame 12N. Pour les projets n\u00e9cessitant une force magn\u00e9tique plus importante ou personnalis\u00e9e, nous pouvons <a href=\"http:\/\/richarms.com\/fr\/rich\/\">tailleur<\/a> le produit \u00e0 vos besoins.<\/p>\n<p><strong>Construction m\u00e9tallique de haute qualit\u00e9<\/strong>: Fabriqu\u00e9 \u00e0 partir de mat\u00e9riaux de premi\u00e8re qualit\u00e9, ce fermoir magn\u00e9tique pr\u00e9sente une durabilit\u00e9 et une r\u00e9sistance \u00e0 l'usure exceptionnelles. Le design sans couture ajoute une touche sophistiqu\u00e9e, rehaussant l'aspect des sacs \u00e0 main, des v\u00eatements et d'autres accessoires.<\/p>\n<p><strong>Fermeture magn\u00e9tique forte<\/strong>: La forte traction magn\u00e9tique garantit que le fermoir reste fermement en place, \u00e9vitant ainsi les ouvertures accidentelles. Qu'il s'agisse de mode ou d'utilit\u00e9, ces fermoirs garantissent la s\u00e9curit\u00e9 de vos articles.<\/p>\n<p><strong>Installation facile<\/strong>: Aucun outil ou proc\u00e9dure complexe n'est n\u00e9cessaire. Il suffit de fixer le bouton magn\u00e9tique sur le tissu ou d'autres mat\u00e9riaux \u00e0 l'aide d'une pince. L'installation est rapide et facile, ce qui la rend parfaite pour les fabricants professionnels et les bricoleurs.<\/p>\n<p><strong>Applications polyvalentes<\/strong>: Ces fermoirs magn\u00e9tiques conviennent \u00e0 un large \u00e9ventail d'utilisations, notamment pour les v\u00eatements, les sacs \u00e0 main et la d\u00e9coration int\u00e9rieure. Leur flexibilit\u00e9 leur permet d'\u00eatre utilis\u00e9s dans une vari\u00e9t\u00e9 de projets cr\u00e9atifs, am\u00e9liorant \u00e0 la fois la fonctionnalit\u00e9 et l'esth\u00e9tique.<\/p>\n<p><strong>Large gamme de couleurs et d'intensit\u00e9s<\/strong>: Disponibles dans des finitions standard telles que l'or, l'argent, le laiton antique et le bronze, nos fermoirs magn\u00e9tiques peuvent \u00eatre personnalis\u00e9s pour r\u00e9pondre \u00e0 vos besoins en mati\u00e8re de design. Que vous souhaitiez un look subtil ou saisissant, nous avons la couleur et la finition qui conviennent. Nous proposons \u00e9galement une gamme de forces de traction allant de 8N \u00e0 12N, avec la possibilit\u00e9 de personnaliser pour des applications plus exigeantes.<\/p>\n<p><strong>Mat\u00e9riau :<\/strong><\/p>\n<p>Capsule femelle : Acier, cuivre ou acier inoxydable<br \/>\nCapsule m\u00e2le : Acier<\/p>\n<p><img decoding=\"async\" class=\"lazyload alignnone wp-image-7161\" src=\"https:\/\/richarms.com\/wp-content\/uploads\/2020\/03\/materials-e1626143269166.png\" data-orig-src=\"https:\/\/richarms.com\/wp-content\/uploads\/2020\/03\/materials-e1626143269166.png\" alt=\"\" width=\"446\" height=\"199\" srcset=\"data:image\/svg+xml,%3Csvg%20xmlns%3D%27http%3A%2F%2Fwww.w3.org%2F2000%2Fsvg%27%20width%3D%27446%27%20height%3D%27199%27%20viewBox%3D%270%200%20446%20199%27%3E%3Crect%20width%3D%27446%27%20height%3D%27199%27%20fill-opacity%3D%220%22%2F%3E%3C%2Fsvg%3E\" data-srcset=\"https:\/\/richarms.com\/wp-content\/uploads\/2020\/03\/materials-e1626143269166-200x89.png 200w, https:\/\/richarms.com\/wp-content\/uploads\/2020\/03\/materials-e1626143269166-300x134.png 300w, https:\/\/richarms.com\/wp-content\/uploads\/2020\/03\/materials-e1626143269166-400x178.png 400w, https:\/\/richarms.com\/wp-content\/uploads\/2020\/03\/materials-e1626143269166-500x223.png 500w, https:\/\/richarms.com\/wp-content\/uploads\/2020\/03\/materials-e1626143269166.png 511w\" data-sizes=\"auto\" data-orig-sizes=\"(max-width: 446px) 100vw, 446px\" \/><\/p>\n<p><strong><b>F<\/b><\/strong><strong><b>inish :<\/b><\/strong><strong><br \/>\n<\/strong>Coup de poing masculin : uni, texte, logo<strong><br \/>\n<\/strong><img decoding=\"async\" class=\"lazyload alignnone wp-image-7180\" src=\"https:\/\/richarms.com\/wp-content\/uploads\/2020\/03\/\u56fe\u72474.jpg\" data-orig-src=\"https:\/\/richarms.com\/wp-content\/uploads\/2020\/03\/\u56fe\u72474.jpg\" alt=\"\" width=\"306\" height=\"123\" srcset=\"data:image\/svg+xml,%3Csvg%20xmlns%3D%27http%3A%2F%2Fwww.w3.org%2F2000%2Fsvg%27%20width%3D%27306%27%20height%3D%27123%27%20viewBox%3D%270%200%20306%20123%27%3E%3Crect%20width%3D%27306%27%20height%3D%27123%27%20fill-opacity%3D%220%22%2F%3E%3C%2Fsvg%3E\" data-srcset=\"https:\/\/richarms.com\/wp-content\/uploads\/2020\/03\/\u56fe\u72474-200x80.jpg 200w, https:\/\/richarms.com\/wp-content\/uploads\/2020\/03\/\u56fe\u72474-300x120.jpg 300w, https:\/\/richarms.com\/wp-content\/uploads\/2020\/03\/\u56fe\u72474-400x160.jpg 400w, https:\/\/richarms.com\/wp-content\/uploads\/2020\/03\/\u56fe\u72474-500x200.jpg 500w, https:\/\/richarms.com\/wp-content\/uploads\/2020\/03\/\u56fe\u72474-600x241.jpg 600w, https:\/\/richarms.com\/wp-content\/uploads\/2020\/03\/\u56fe\u72474.jpg 651w\" data-sizes=\"auto\" data-orig-sizes=\"(max-width: 306px) 100vw, 306px\" \/><\/p>\n<p>&nbsp;<\/p>\n<p><strong><b>R\u00e9gulier Couleur r\u00e9pertori\u00e9e <\/b><\/strong><strong>:<br \/>\n<\/strong><strong><img decoding=\"async\" class=\"lazyload alignnone size-full wp-image-5392\" src=\"https:\/\/richarms.com\/wp-content\/uploads\/2018\/07\/RICHARMS-COLOT-DIS.jpg\" data-orig-src=\"https:\/\/richarms.com\/wp-content\/uploads\/2018\/07\/RICHARMS-COLOT-DIS.jpg\" alt=\"\" width=\"651\" height=\"457\" srcset=\"data:image\/svg+xml,%3Csvg%20xmlns%3D%27http%3A%2F%2Fwww.w3.org%2F2000%2Fsvg%27%20width%3D%27651%27%20height%3D%27457%27%20viewBox%3D%270%200%20651%20457%27%3E%3Crect%20width%3D%27651%27%20height%3D%27457%27%20fill-opacity%3D%220%22%2F%3E%3C%2Fsvg%3E\" data-srcset=\"https:\/\/richarms.com\/wp-content\/uploads\/2018\/07\/RICHARMS-COLOT-DIS-200x140.jpg 200w, https:\/\/richarms.com\/wp-content\/uploads\/2018\/07\/RICHARMS-COLOT-DIS-300x211.jpg 300w, https:\/\/richarms.com\/wp-content\/uploads\/2018\/07\/RICHARMS-COLOT-DIS-400x281.jpg 400w, https:\/\/richarms.com\/wp-content\/uploads\/2018\/07\/RICHARMS-COLOT-DIS-500x351.jpg 500w, https:\/\/richarms.com\/wp-content\/uploads\/2018\/07\/RICHARMS-COLOT-DIS-600x421.jpg 600w, https:\/\/richarms.com\/wp-content\/uploads\/2018\/07\/RICHARMS-COLOT-DIS.jpg 651w\" data-sizes=\"auto\" data-orig-sizes=\"(max-width: 651px) 100vw, 651px\" \/><\/strong><\/p>\n<p>Envoyez un courriel pour obtenir d'autres photos de couleurs, comme Spray Black, Rainbow, Pearl Nkl, Pearl Gold, Brush Nkl, Brush Gold, etc.<\/p>\n<p><strong><b>Quelle est la diff\u00e9rence entre la qualit\u00e9 de suspension et la qualit\u00e9 de roulement ?<\/b><\/strong><\/p>\n<p><img decoding=\"async\" class=\"lazyload alignnone wp-image-7165\" src=\"https:\/\/richarms.com\/wp-content\/uploads\/2020\/03\/\u56fe\u72471.jpg\" data-orig-src=\"https:\/\/richarms.com\/wp-content\/uploads\/2020\/03\/\u56fe\u72471.jpg\" alt=\"\" width=\"176\" height=\"248\" srcset=\"data:image\/svg+xml,%3Csvg%20xmlns%3D%27http%3A%2F%2Fwww.w3.org%2F2000%2Fsvg%27%20width%3D%27176%27%20height%3D%27248%27%20viewBox%3D%270%200%20176%20248%27%3E%3Crect%20width%3D%27176%27%20height%3D%27248%27%20fill-opacity%3D%220%22%2F%3E%3C%2Fsvg%3E\" data-srcset=\"https:\/\/richarms.com\/wp-content\/uploads\/2020\/03\/\u56fe\u72471-200x281.jpg 200w, https:\/\/richarms.com\/wp-content\/uploads\/2020\/03\/\u56fe\u72471-213x300.jpg 213w, https:\/\/richarms.com\/wp-content\/uploads\/2020\/03\/\u56fe\u72471.jpg 349w\" data-sizes=\"auto\" data-orig-sizes=\"(max-width: 176px) 100vw, 176px\" \/><b><\/b><\/p>","protected":false},"excerpt":{"rendered":"<p>Type : Clip magn\u00e9tique pour sac<br \/>\nTaille : 20x14mm avec une force magn\u00e9tique puissante (8N, 9N, 10N, 12N).<br \/>\nMat\u00e9riau : Acier<br \/>\nLogo personnalis\u00e9 disponible : Laser, Gravure, Outillage<br \/>\nCouleur : Or \/ Nickel \/ Gun \/ Rose Gold \/Brush Ant \/ Autre<br \/>\nEmballage : bo\u00eete et carton<br \/>\nExp\u00e9dition : LCL\/ DHL \/ FedEx \/ TNT \/ Autre<\/p>","protected":false},"featured_media":7686,"template":"","meta":[],"product_brand":[],"product_cat":[15],"product_tag":[],"class_list":{"0":"post-7677","1":"product","2":"type-product","3":"status-publish","4":"has-post-thumbnail","6":"product_cat-magnetic-snaps","8":"first","9":"instock","10":"shipping-taxable","11":"product-type-simple"},"aioseo_notices":[],"_links":{"self":[{"href":"https:\/\/richarms.com\/fr\/wp-json\/wp\/v2\/product\/7677","targetHints":{"allow":["GET"]}}],"collection":[{"href":"https:\/\/richarms.com\/fr\/wp-json\/wp\/v2\/product"}],"about":[{"href":"https:\/\/richarms.com\/fr\/wp-json\/wp\/v2\/types\/product"}],"wp:featuredmedia":[{"embeddable":true,"href":"https:\/\/richarms.com\/fr\/wp-json\/wp\/v2\/media\/7686"}],"wp:attachment":[{"href":"https:\/\/richarms.com\/fr\/wp-json\/wp\/v2\/media?parent=7677"}],"wp:term":[{"taxonomy":"product_brand","embeddable":true,"href":"https:\/\/richarms.com\/fr\/wp-json\/wp\/v2\/product_brand?post=7677"},{"taxonomy":"product_cat","embeddable":true,"href":"https:\/\/richarms.com\/fr\/wp-json\/wp\/v2\/product_cat?post=7677"},{"taxonomy":"product_tag","embeddable":true,"href":"https:\/\/richarms.com\/fr\/wp-json\/wp\/v2\/product_tag?post=7677"}],"curies":[{"name":"wp","href":"https:\/\/api.w.org\/{rel}","templated":true}]}}