{"id":7874,"date":"2024-02-23T17:42:04","date_gmt":"2024-02-23T09:42:04","guid":{"rendered":"https:\/\/richarms.com\/?post_type=product&#038;p=7874"},"modified":"2024-10-07T12:41:57","modified_gmt":"2024-10-07T04:41:57","slug":"magnetic-snap-buttons","status":"publish","type":"product","link":"https:\/\/richarms.com\/fr\/produit\/magnetic-snap-buttons","title":{"rendered":"Boutons magn\u00e9tiques"},"content":{"rendered":"<h3>Boutons-pression magn\u00e9tiques avec broche en forme de L<\/h3>\n<p>Pr\u00e9sentation de notre <strong>Bouton pression magn\u00e9tique en forme de L<\/strong>Le syst\u00e8me de fixation \u00e0 angle droit est sp\u00e9cialement con\u00e7u pour assurer une fixation fiable dans les sc\u00e9narios d'installation \u00e0 angle droit. Ce syst\u00e8me unique de <strong>bouton pression magn\u00e9tique<\/strong> pr\u00e9sente une forme de broche fixe qui garantit des connexions s\u00fbres dans les espaces restreints.<\/p>\n<p><strong>Taille :<\/strong><\/p>\n<table style=\"border-collapse: collapse; width: 702px; height: 177px;\" border=\"0\" width=\"1099\" cellspacing=\"0\" cellpadding=\"0\">\n<tbody>\n<tr style=\"height: 41.00pt;\">\n<td class=\"et4\" style=\"height: 41.00pt; width: 119.50pt;\" width=\"239\" height=\"82\"><\/td>\n<td class=\"et5\" style=\"width: 146.5pt; text-align: center;\" width=\"293\">90<span class=\"font3\">\u00b0<\/span><span class=\"font2\">Femme<br \/>\n(fond concave)<\/span><\/td>\n<td class=\"et5\" style=\"width: 146.5pt; text-align: center;\" width=\"293\">90<span class=\"font3\">\u00b0<\/span><span class=\"font2\">Femme<br \/>\n(fond plat)<\/span><\/td>\n<td class=\"et5\" style=\"width: 137pt; text-align: center;\" width=\"274\">IMAGE<\/td>\n<\/tr>\n<tr style=\"height: 41.00pt;\">\n<td class=\"et6\" style=\"height: 41.00pt; width: 119.50pt;\" width=\"239\" height=\"82\">Diam\u00e8tre (DIA)<\/td>\n<td class=\"et5\" style=\"width: 146.5pt; text-align: center;\" width=\"293\">8,5 mm<\/td>\n<td class=\"et5\" style=\"width: 146.5pt; text-align: center;\" width=\"293\">8,5 mm<\/td>\n<td class=\"et5\" style=\"width: 137.00pt;\" rowspan=\"3\" width=\"274\">\n<p><div style=\"width: 200px\" class=\"wp-caption alignnone\"><img class=\"lazyload\" decoding=\"async\" src=\"data:image\/svg+xml,%3Csvg%20xmlns%3D%27http%3A%2F%2Fwww.w3.org%2F2000%2Fsvg%27%20width%3D%27190%27%20height%3D%27151%27%20viewBox%3D%270%200%20190%20151%27%3E%3Crect%20width%3D%27190%27%20height%3D%27151%27%20fill-opacity%3D%220%22%2F%3E%3C%2Fsvg%3E\" data-orig-src=\"https:\/\/cdn.shopify.com\/s\/files\/1\/0600\/9123\/6523\/files\/90_480x480.png?v=1708676039\" alt=\"Richarms Magnetic Snap Buttons withL-Shaped Prong\" width=\"190\" height=\"151\" \/><p class=\"wp-caption-text\">Richarms Wholesale Magnetic Snap Buttons withL-Shaped Prong at good rate and quality (boutons-pression magn\u00e9tiques avec broche en forme de L) \u00e0 bon prix et de bonne qualit\u00e9<\/p><\/div><\/td>\n<\/tr>\n<tr style=\"height: 41.00pt;\">\n<td class=\"et6\" style=\"height: 41.00pt; width: 119.50pt;\" width=\"239\" height=\"82\">\u00c9paisseur (T)<\/td>\n<td class=\"et5\" style=\"width: 146.5pt; text-align: center;\" width=\"293\">2,5 mm<\/td>\n<td class=\"et5\" style=\"width: 146.5pt; text-align: center;\" width=\"293\">2mm<\/td>\n<\/tr>\n<tr style=\"height: 41.00pt;\">\n<td class=\"et4\" style=\"height: 41.00pt;\" height=\"82\">Hauteur (H)<\/td>\n<td class=\"et5\" style=\"width: 146.5pt; text-align: center;\" width=\"293\">6,5 mm<\/td>\n<td class=\"et5\" style=\"width: 146.5pt; text-align: center;\" width=\"293\">6,5 mm<\/td>\n<\/tr>\n<\/tbody>\n<\/table>\n<div>\n<ul>\n<li><strong>Conception de la patte fixe<\/strong>: La broche en forme de 7 offre une installation stable, id\u00e9ale pour les environnements o\u00f9 un alignement pr\u00e9cis est crucial. Autres mod\u00e8les \u00e0 v\u00e9rifier <a href=\"https:\/\/richarms.com\/fr\/categorie-produit\/medical-electrical-snap\/\">ici<\/a>.<\/li>\n<li><strong>Installation efficace<\/strong>: Parfaite pour une fixation simple, cette <strong>bouton magn\u00e9tique<\/strong> simplifie le processus d'assemblage et le rend convivial.<\/li>\n<li><strong>Des performances fiables<\/strong>: Con\u00e7us pour durer, nos <strong>boutons-pression magn\u00e9tiques<\/strong> fournissent des solutions de fixation coh\u00e9rentes sur lesquelles vous pouvez compter.<\/li>\n<li><strong>Disponibilit\u00e9 du stock r\u00e9gulier<\/strong>: Ce produit est toujours en stock. Les commandes d'\u00e9chantillons peuvent \u00eatre facilement pass\u00e9es par l'interm\u00e9diaire de <a href=\"https:\/\/www.richarmshardware.com\/collections\/medical-electircal-magnetic-snap\">notre boutique en ligne<\/a>Les prix de gros pour les commandes standard peuvent \u00eatre obtenus aupr\u00e8s de <a href=\"http:\/\/richarms.com\/fr\/contact\/\">contacter notre \u00e9quipe de vente<\/a>.<\/li>\n<\/ul>\n<p><strong>Caract\u00e9ristiques principales<\/strong>:<\/p>\n<ul>\n<li>Pivot en forme de L pour une installation stable \u00e0 angle droit<\/li>\n<li>Int\u00e9gration simplifi\u00e9e avec diff\u00e9rents mat\u00e9riaux<\/li>\n<li>Des performances fiables et durables<\/li>\n<\/ul>\n<p><strong>Mat\u00e9riau :<\/strong><\/p>\n<p>Capsule femelle :  Fer, laiton commun ou laiton \u00e9cologique disponibles<br \/>\nG\u00e9lule m\u00e2le : Fer<\/p>\n<p><img decoding=\"async\" class=\"alignnone wp-image-7161 lazyautosizes ls-is-cached lazyloaded\" src=\"https:\/\/richarms.com\/wp-content\/uploads\/2020\/03\/materials-e1626143269166.png\" sizes=\"446px\" srcset=\"https:\/\/richarms.com\/wp-content\/uploads\/2020\/03\/materials-e1626143269166-200x89.png 200w, https:\/\/richarms.com\/wp-content\/uploads\/2020\/03\/materials-e1626143269166-300x134.png 300w, https:\/\/richarms.com\/wp-content\/uploads\/2020\/03\/materials-e1626143269166-400x178.png 400w, https:\/\/richarms.com\/wp-content\/uploads\/2020\/03\/materials-e1626143269166-500x223.png 500w, https:\/\/richarms.com\/wp-content\/uploads\/2020\/03\/materials-e1626143269166.png 511w\" alt=\"\" width=\"446\" height=\"199\" data-orig-src=\"https:\/\/richarms.com\/wp-content\/uploads\/2020\/03\/materials-e1626143269166.png\" data-srcset=\"https:\/\/richarms.com\/wp-content\/uploads\/2020\/03\/materials-e1626143269166-200x89.png 200w, https:\/\/richarms.com\/wp-content\/uploads\/2020\/03\/materials-e1626143269166-300x134.png 300w, https:\/\/richarms.com\/wp-content\/uploads\/2020\/03\/materials-e1626143269166-400x178.png 400w, https:\/\/richarms.com\/wp-content\/uploads\/2020\/03\/materials-e1626143269166-500x223.png 500w, https:\/\/richarms.com\/wp-content\/uploads\/2020\/03\/materials-e1626143269166.png 511w\" data-sizes=\"auto\" data-orig-sizes=\"(max-width: 446px) 100vw, 446px\" \/><\/p>\n<p>Aimant permanent en n\u00e9odyme. La puissance de l'aimant d\u00e9pend de sa taille et de sa qualit\u00e9.<\/p>\n<p><img decoding=\"async\" class=\"wp-image-7163 lazyautosizes lazyloaded\" title=\"partie magn\u00e9tique des boutons-pression\" src=\"https:\/\/richarms.com\/wp-content\/uploads\/2020\/03\/%E8%B6%85%E8%96%84%E7%A3%81%E5%8A%9B-e1626186192975.png\" sizes=\"449px\" srcset=\"https:\/\/richarms.com\/wp-content\/uploads\/2020\/03\/\u8d85\u8584\u78c1\u529b-e1626186192975-200x58.png 200w, https:\/\/richarms.com\/wp-content\/uploads\/2020\/03\/\u8d85\u8584\u78c1\u529b-e1626186192975-300x87.png 300w, https:\/\/richarms.com\/wp-content\/uploads\/2020\/03\/\u8d85\u8584\u78c1\u529b-e1626186192975-400x117.png 400w, https:\/\/richarms.com\/wp-content\/uploads\/2020\/03\/\u8d85\u8584\u78c1\u529b-e1626186192975-500x146.png 500w, https:\/\/richarms.com\/wp-content\/uploads\/2020\/03\/\u8d85\u8584\u78c1\u529b-e1626186192975-600x175.png 600w, https:\/\/richarms.com\/wp-content\/uploads\/2020\/03\/\u8d85\u8584\u78c1\u529b-e1626186192975-700x204.png 700w, https:\/\/richarms.com\/wp-content\/uploads\/2020\/03\/\u8d85\u8584\u78c1\u529b-e1626186192975-768x224.png 768w, https:\/\/richarms.com\/wp-content\/uploads\/2020\/03\/\u8d85\u8584\u78c1\u529b-e1626186192975-800x233.png 800w, https:\/\/richarms.com\/wp-content\/uploads\/2020\/03\/\u8d85\u8584\u78c1\u529b-e1626186192975.png 885w\" alt=\"\" width=\"449\" height=\"131\" data-orig-src=\"https:\/\/richarms.com\/wp-content\/uploads\/2020\/03\/\u8d85\u8584\u78c1\u529b-e1626186192975.png\" data-srcset=\"https:\/\/richarms.com\/wp-content\/uploads\/2020\/03\/\u8d85\u8584\u78c1\u529b-e1626186192975-200x58.png 200w, https:\/\/richarms.com\/wp-content\/uploads\/2020\/03\/\u8d85\u8584\u78c1\u529b-e1626186192975-300x87.png 300w, https:\/\/richarms.com\/wp-content\/uploads\/2020\/03\/\u8d85\u8584\u78c1\u529b-e1626186192975-400x117.png 400w, https:\/\/richarms.com\/wp-content\/uploads\/2020\/03\/\u8d85\u8584\u78c1\u529b-e1626186192975-500x146.png 500w, https:\/\/richarms.com\/wp-content\/uploads\/2020\/03\/\u8d85\u8584\u78c1\u529b-e1626186192975-600x175.png 600w, https:\/\/richarms.com\/wp-content\/uploads\/2020\/03\/\u8d85\u8584\u78c1\u529b-e1626186192975-700x204.png 700w, https:\/\/richarms.com\/wp-content\/uploads\/2020\/03\/\u8d85\u8584\u78c1\u529b-e1626186192975-768x224.png 768w, https:\/\/richarms.com\/wp-content\/uploads\/2020\/03\/\u8d85\u8584\u78c1\u529b-e1626186192975-800x233.png 800w, https:\/\/richarms.com\/wp-content\/uploads\/2020\/03\/\u8d85\u8584\u78c1\u529b-e1626186192975.png 885w\" data-sizes=\"auto\" data-orig-sizes=\"(max-width: 449px) 100vw, 449px\" \/><\/p>\n<p><strong><b>Pack\uff1a<\/b><\/strong><br \/>\n1 jeu = 1 femelle<br \/>\n8mm\/10mm : 400 jeux\/bo\u00eete, 20 bo\u00eetes\/carton<\/p>\n<\/div>\n<p><strong><b>Application\uff1a<br \/>\n<img decoding=\"async\" class=\"lazyload alignnone size-medium wp-image-7511\" src=\"https:\/\/richarms.com\/wp-content\/uploads\/2021\/10\/IMG_4041-300x300.jpg\" data-orig-src=\"https:\/\/richarms.com\/wp-content\/uploads\/2021\/10\/IMG_4041-300x300.jpg\" alt=\"\" width=\"300\" height=\"300\" srcset=\"data:image\/svg+xml,%3Csvg%20xmlns%3D%27http%3A%2F%2Fwww.w3.org%2F2000%2Fsvg%27%20width%3D%27300%27%20height%3D%27300%27%20viewBox%3D%270%200%20300%20300%27%3E%3Crect%20width%3D%27300%27%20height%3D%27300%27%20fill-opacity%3D%220%22%2F%3E%3C%2Fsvg%3E\" data-srcset=\"https:\/\/richarms.com\/wp-content\/uploads\/2021\/10\/IMG_4041-66x66.jpg 66w, https:\/\/richarms.com\/wp-content\/uploads\/2021\/10\/IMG_4041-100x100.jpg 100w, https:\/\/richarms.com\/wp-content\/uploads\/2021\/10\/IMG_4041-150x150.jpg 150w, https:\/\/richarms.com\/wp-content\/uploads\/2021\/10\/IMG_4041-200x200.jpg 200w, https:\/\/richarms.com\/wp-content\/uploads\/2021\/10\/IMG_4041-300x300.jpg 300w, https:\/\/richarms.com\/wp-content\/uploads\/2021\/10\/IMG_4041-400x400.jpg 400w, https:\/\/richarms.com\/wp-content\/uploads\/2021\/10\/IMG_4041-500x500.jpg 500w, https:\/\/richarms.com\/wp-content\/uploads\/2021\/10\/IMG_4041-600x600.jpg 600w, https:\/\/richarms.com\/wp-content\/uploads\/2021\/10\/IMG_4041-700x700.jpg 700w, https:\/\/richarms.com\/wp-content\/uploads\/2021\/10\/IMG_4041-768x768.jpg 768w, https:\/\/richarms.com\/wp-content\/uploads\/2021\/10\/IMG_4041-800x800.jpg 800w, https:\/\/richarms.com\/wp-content\/uploads\/2021\/10\/IMG_4041.jpg 1000w\" data-sizes=\"auto\" data-orig-sizes=\"(max-width: 300px) 100vw, 300px\" \/><\/b><\/strong>Am\u00e9liorez vos solutions de fixation avec nos boutons-pression magn\u00e9tiques, le choix id\u00e9al pour des connexions efficaces et s\u00fbres, <a href=\"http:\/\/richarms.com\/fr\/contact\/\">demander<\/a>\u00a0pour un \u00e9chantillon ou un devis d\u00e8s aujourd'hui !<strong><b><br \/>\n<\/b><\/strong><\/p>\n<p>Peut-\u00eatre vous inspirerez-vous de notre<a href=\"https:\/\/www.pinterest.com\/richarmsaccessoriesgroups\/innovative-electric-magnetic-snaps-for-all-purpose\/\"> pinterest<\/a>.<\/p>","protected":false},"excerpt":{"rendered":"<p>Type:Boutons magn\u00e9tiques avec broche en forme de L 8mm<br \/>\nMat\u00e9riau : Laiton, fer, aimant<br \/>\nNum\u00e9ro de mod\u00e8le : RC-E900820<br \/>\nTaille : 8x2mm<br \/>\nCouleur : Nickel<br \/>\nEmballage : bo\u00eete et carton<br \/>\nExp\u00e9dition : LCL\/ DHL \/ FedEx \/ TNT \/ Autre<\/p>","protected":false},"featured_media":7876,"template":"","meta":[],"product_brand":[],"product_cat":[110],"product_tag":[],"class_list":{"0":"post-7874","1":"product","2":"type-product","3":"status-publish","4":"has-post-thumbnail","6":"product_cat-medical-electrical-snap","8":"first","9":"instock","10":"shipping-taxable","11":"product-type-simple"},"aioseo_notices":[],"_links":{"self":[{"href":"https:\/\/richarms.com\/fr\/wp-json\/wp\/v2\/product\/7874","targetHints":{"allow":["GET"]}}],"collection":[{"href":"https:\/\/richarms.com\/fr\/wp-json\/wp\/v2\/product"}],"about":[{"href":"https:\/\/richarms.com\/fr\/wp-json\/wp\/v2\/types\/product"}],"wp:featuredmedia":[{"embeddable":true,"href":"https:\/\/richarms.com\/fr\/wp-json\/wp\/v2\/media\/7876"}],"wp:attachment":[{"href":"https:\/\/richarms.com\/fr\/wp-json\/wp\/v2\/media?parent=7874"}],"wp:term":[{"taxonomy":"product_brand","embeddable":true,"href":"https:\/\/richarms.com\/fr\/wp-json\/wp\/v2\/product_brand?post=7874"},{"taxonomy":"product_cat","embeddable":true,"href":"https:\/\/richarms.com\/fr\/wp-json\/wp\/v2\/product_cat?post=7874"},{"taxonomy":"product_tag","embeddable":true,"href":"https:\/\/richarms.com\/fr\/wp-json\/wp\/v2\/product_tag?post=7874"}],"curies":[{"name":"wp","href":"https:\/\/api.w.org\/{rel}","templated":true}]}}