{"id":7892,"date":"2024-02-27T15:59:05","date_gmt":"2024-02-27T07:59:05","guid":{"rendered":"https:\/\/richarms.com\/?post_type=product&#038;p=7892"},"modified":"2024-10-07T12:24:02","modified_gmt":"2024-10-07T04:24:02","slug":"magnetic-snap-button","status":"publish","type":"product","link":"https:\/\/richarms.com\/fr\/produit\/magnetic-snap-button","title":{"rendered":"Bouton magn\u00e9tique"},"content":{"rendered":"<h2>Bouton magn\u00e9tique \u00e0 broche r\u00e9glable<\/h2>\n<p>Bouton magn\u00e9tique Dimension<\/p>\n<div style=\"width: 387px\" class=\"wp-caption aligncenter\"><img class=\"lazyload\" decoding=\"async\" src=\"data:image\/svg+xml,%3Csvg%20xmlns%3D%27http%3A%2F%2Fwww.w3.org%2F2000%2Fsvg%27%20width%3D%27377%27%20height%3D%27227%27%20viewBox%3D%270%200%20377%20227%27%3E%3Crect%20width%3D%27377%27%20height%3D%27227%27%20fill-opacity%3D%220%22%2F%3E%3C%2Fsvg%3E\" data-orig-src=\"https:\/\/cdn.shopify.com\/s\/files\/1\/0600\/9123\/6523\/files\/9d03223752bd12913f6d1542b1453f3a_480x480.png?v=1709023551\" alt=\"Richarms Magnetic Snap Button with Adjustable Prong Wholesale \" width=\"377\" height=\"227\" \/><p class=\"wp-caption-text\">Bouton magn\u00e9tique Richarms avec broche ajustable Vente en gros dans diff\u00e9rentes couleurs, tailles et montants.<\/p><\/div>\n<p>&nbsp;<\/p>\n<p>&nbsp;<\/p>\n<table style=\"border-collapse: collapse; width: 752px; height: 218px;\" border=\"0\" width=\"1471\" cellspacing=\"0\" cellpadding=\"0\">\n<tbody>\n<tr style=\"height: 41.00pt;\">\n<td class=\"et4\" style=\"height: 41.00pt; width: 125.50pt;\" width=\"251\" height=\"82\"><\/td>\n<td class=\"et5\" style=\"width: 74pt; text-align: center;\" width=\"148\">8mm<br \/>\nFemme<\/td>\n<td class=\"et5\" style=\"width: 74pt; text-align: center;\" width=\"148\">8mm<br \/>\nHomme<\/td>\n<td class=\"et5\" style=\"width: 74pt; text-align: center;\" width=\"148\">10 mm<br \/>\nFemme<\/td>\n<td class=\"et5\" style=\"width: 97.5pt; text-align: center;\" width=\"195\">10 mm m\u00e2le<br \/>\n(R\u00e9guli\u00e8re)<\/td>\n<td class=\"et5\" style=\"width: 97.5pt; text-align: center;\" width=\"195\">10 mm m\u00e2le<br \/>\n(Court)<\/td>\n<td class=\"et5\" style=\"width: 97.5pt; text-align: center;\" width=\"195\">10 mm m\u00e2le<br \/>\n(Longueur)<\/td>\n<td class=\"et5\" style=\"width: 95.5pt; text-align: center;\" width=\"191\">Rondelle 8mm\/10mm<\/td>\n<\/tr>\n<tr style=\"height: 41.00pt;\">\n<td class=\"et4\" style=\"height: 41.00pt;\" height=\"82\">Diam\u00e8tre (DIA)<\/td>\n<td class=\"et5\" style=\"width: 74pt; text-align: center;\" width=\"148\">8,5 mm<\/td>\n<td class=\"et5\" style=\"width: 74pt; text-align: center;\" width=\"148\">8mm<\/td>\n<td class=\"et5\" style=\"width: 74pt; text-align: center;\" width=\"148\">10,5 mm<\/td>\n<td class=\"et5\" style=\"width: 97.5pt; text-align: center;\" width=\"195\">10 mm<\/td>\n<td class=\"et5\" style=\"width: 97.5pt; text-align: center;\" width=\"195\">10 mm<\/td>\n<td class=\"et5\" style=\"width: 97.5pt; text-align: center;\" width=\"195\">10 mm<\/td>\n<td class=\"et5\" style=\"width: 95.5pt; text-align: center;\" width=\"191\">10,5 mm<\/td>\n<\/tr>\n<tr style=\"height: 41.00pt;\">\n<td class=\"et4\" style=\"height: 41.00pt;\" height=\"82\">\u00c9paisseur (T)<\/td>\n<td class=\"et5\" style=\"width: 74pt; text-align: center;\" width=\"148\">2mm<\/td>\n<td class=\"et5\" style=\"width: 74pt; text-align: center;\" width=\"148\">2mm<\/td>\n<td class=\"et5\" style=\"width: 74pt; text-align: center;\" width=\"148\">2mm<\/td>\n<td class=\"et5\" style=\"width: 97.5pt; text-align: center;\" width=\"195\">0,6 mm<\/td>\n<td class=\"et5\" style=\"width: 97.5pt; text-align: center;\" width=\"195\">0,6 mm<\/td>\n<td class=\"et5\" style=\"width: 97.5pt; text-align: center;\" width=\"195\">0,6 mm<\/td>\n<td class=\"et5\" style=\"width: 95.5pt; text-align: center;\" width=\"191\">0,2 mm<\/td>\n<\/tr>\n<tr style=\"height: 41.00pt;\">\n<td class=\"et4\" style=\"height: 41.00pt;\" height=\"82\">Hauteur des broches (H)<\/td>\n<td class=\"et5\" style=\"width: 74pt; text-align: center;\" width=\"148\">6 mm<\/td>\n<td class=\"et5\" style=\"width: 74pt; text-align: center;\" width=\"148\">6 mm<\/td>\n<td class=\"et5\" style=\"width: 74pt; text-align: center;\" width=\"148\">6 mm<\/td>\n<td class=\"et5\" style=\"width: 97.5pt; text-align: center;\" width=\"195\">6 mm<\/td>\n<td class=\"et5\" style=\"width: 97.5pt; text-align: center;\" width=\"195\">4mm<\/td>\n<td class=\"et5\" style=\"width: 97.5pt; text-align: center;\" width=\"195\">10 mm<\/td>\n<td class=\"et5\" style=\"width: 95.5pt; text-align: center;\" width=\"191\">&#8211;<\/td>\n<\/tr>\n<\/tbody>\n<\/table>\n<p>Pr\u00e9sentation de notre <strong>bouton pression aimant\u00e9 \u00e0 patte r\u00e9glable<\/strong>Ce syst\u00e8me est con\u00e7u pour une fixation polyvalente et fiable dans de nombreuses applications. Ce syst\u00e8me innovant de <strong>bouton pression magn\u00e9tique<\/strong> dispose de dents r\u00e9glables, ce qui permet de personnaliser l'angle pour une installation optimale sur les panneaux ou les tissus.<\/p>\n<ul>\n<li><strong>Conception polyvalente des dents<\/strong>: Les broches peuvent \u00eatre ajust\u00e9es pour s'adapter \u00e0 diff\u00e9rentes surfaces, garantissant ainsi une connexion s\u00fbre et adapt\u00e9e \u00e0 chaque fois.<\/li>\n<li><strong>Facile \u00e0 installer<\/strong>: Sp\u00e9cialement con\u00e7u pour une fixation rapide sur divers mat\u00e9riaux, ce syst\u00e8me de fixation est un outil d'aide \u00e0 la d\u00e9cision. <strong>bouton magn\u00e9tique<\/strong> rend l'installation simple et efficace.<\/li>\n<li><strong>Remplacement pratique<\/strong>: La conception permet un d\u00e9montage facile, ce qui facilite le remplacement de la cartouche. <strong>boutons-pression magn\u00e9tiques<\/strong> si n\u00e9cessaire.<\/li>\n<li><strong>Disponibilit\u00e9 du stock r\u00e9gulier<\/strong>: Ce produit est constamment en stock. Les commandes d'\u00e9chantillons peuvent \u00eatre pass\u00e9es par l'interm\u00e9diaire de notre <a href=\"https:\/\/www.richarmshardware.com\/collections\/medical-electircal-magnetic-snap\">boutique en ligne<\/a>Les prix de gros pour les commandes standard peuvent \u00eatre obtenus en s'adressant \u00e0 <a href=\"http:\/\/richarms.com\/fr\/contact\/\">notre \u00e9quipe de vente<\/a>.<\/li>\n<\/ul>\n<p><strong>Caract\u00e9ristiques principales<\/strong>:<\/p>\n<ul>\n<li>Pointes r\u00e9glables pour un ajustement personnalis\u00e9<\/li>\n<li>Int\u00e9gration transparente avec de multiples surfaces<\/li>\n<li>Remplacement et entretien faciles<\/li>\n<\/ul>\n<p>Am\u00e9liorez vos projets avec notre <strong>boutons-pression aimant\u00e9s<\/strong> pour un service fiable et <a href=\"https:\/\/www.pinterest.com\/richarmsaccessoriesgroups\/innovative-electric-magnetic-snaps-for-all-purpose\/\">fermetures \u00e9l\u00e9gantes<\/a> qui s'adaptent \u00e0 vos besoins.<\/p>\n<p><strong>Mat\u00e9riau :<\/strong><\/p>\n<p>Capsule femelle : Fer, laiton commun ou laiton \u00e9cologique disponibles<br \/>\nG\u00e9lule m\u00e2le : Fer<\/p>\n<p><img decoding=\"async\" class=\"alignnone wp-image-7161 lazyautosizes ls-is-cached lazyloaded\" src=\"https:\/\/richarms.com\/wp-content\/uploads\/2020\/03\/materials-e1626143269166.png\" sizes=\"446px\" srcset=\"https:\/\/richarms.com\/wp-content\/uploads\/2020\/03\/materials-e1626143269166-200x89.png 200w, https:\/\/richarms.com\/wp-content\/uploads\/2020\/03\/materials-e1626143269166-300x134.png 300w, https:\/\/richarms.com\/wp-content\/uploads\/2020\/03\/materials-e1626143269166-400x178.png 400w, https:\/\/richarms.com\/wp-content\/uploads\/2020\/03\/materials-e1626143269166-500x223.png 500w, https:\/\/richarms.com\/wp-content\/uploads\/2020\/03\/materials-e1626143269166.png 511w\" alt=\"\" width=\"446\" height=\"199\" data-orig-src=\"https:\/\/richarms.com\/wp-content\/uploads\/2020\/03\/materials-e1626143269166.png\" data-srcset=\"https:\/\/richarms.com\/wp-content\/uploads\/2020\/03\/materials-e1626143269166-200x89.png 200w, https:\/\/richarms.com\/wp-content\/uploads\/2020\/03\/materials-e1626143269166-300x134.png 300w, https:\/\/richarms.com\/wp-content\/uploads\/2020\/03\/materials-e1626143269166-400x178.png 400w, https:\/\/richarms.com\/wp-content\/uploads\/2020\/03\/materials-e1626143269166-500x223.png 500w, https:\/\/richarms.com\/wp-content\/uploads\/2020\/03\/materials-e1626143269166.png 511w\" data-sizes=\"auto\" data-orig-sizes=\"(max-width: 446px) 100vw, 446px\" \/><\/p>\n<p>Aimant permanent en n\u00e9odyme. La puissance de l'aimant d\u00e9pend de sa taille et de sa qualit\u00e9.<\/p>\n<p><img decoding=\"async\" class=\"wp-image-7163 lazyautosizes lazyloaded\" title=\"partie magn\u00e9tique des boutons-pression\" src=\"https:\/\/richarms.com\/wp-content\/uploads\/2020\/03\/%E8%B6%85%E8%96%84%E7%A3%81%E5%8A%9B-e1626186192975.png\" sizes=\"449px\" srcset=\"https:\/\/richarms.com\/wp-content\/uploads\/2020\/03\/\u8d85\u8584\u78c1\u529b-e1626186192975-200x58.png 200w, https:\/\/richarms.com\/wp-content\/uploads\/2020\/03\/\u8d85\u8584\u78c1\u529b-e1626186192975-300x87.png 300w, https:\/\/richarms.com\/wp-content\/uploads\/2020\/03\/\u8d85\u8584\u78c1\u529b-e1626186192975-400x117.png 400w, https:\/\/richarms.com\/wp-content\/uploads\/2020\/03\/\u8d85\u8584\u78c1\u529b-e1626186192975-500x146.png 500w, https:\/\/richarms.com\/wp-content\/uploads\/2020\/03\/\u8d85\u8584\u78c1\u529b-e1626186192975-600x175.png 600w, https:\/\/richarms.com\/wp-content\/uploads\/2020\/03\/\u8d85\u8584\u78c1\u529b-e1626186192975-700x204.png 700w, https:\/\/richarms.com\/wp-content\/uploads\/2020\/03\/\u8d85\u8584\u78c1\u529b-e1626186192975-768x224.png 768w, https:\/\/richarms.com\/wp-content\/uploads\/2020\/03\/\u8d85\u8584\u78c1\u529b-e1626186192975-800x233.png 800w, https:\/\/richarms.com\/wp-content\/uploads\/2020\/03\/\u8d85\u8584\u78c1\u529b-e1626186192975.png 885w\" alt=\"\" width=\"449\" height=\"131\" data-orig-src=\"https:\/\/richarms.com\/wp-content\/uploads\/2020\/03\/\u8d85\u8584\u78c1\u529b-e1626186192975.png\" data-srcset=\"https:\/\/richarms.com\/wp-content\/uploads\/2020\/03\/\u8d85\u8584\u78c1\u529b-e1626186192975-200x58.png 200w, https:\/\/richarms.com\/wp-content\/uploads\/2020\/03\/\u8d85\u8584\u78c1\u529b-e1626186192975-300x87.png 300w, https:\/\/richarms.com\/wp-content\/uploads\/2020\/03\/\u8d85\u8584\u78c1\u529b-e1626186192975-400x117.png 400w, https:\/\/richarms.com\/wp-content\/uploads\/2020\/03\/\u8d85\u8584\u78c1\u529b-e1626186192975-500x146.png 500w, https:\/\/richarms.com\/wp-content\/uploads\/2020\/03\/\u8d85\u8584\u78c1\u529b-e1626186192975-600x175.png 600w, https:\/\/richarms.com\/wp-content\/uploads\/2020\/03\/\u8d85\u8584\u78c1\u529b-e1626186192975-700x204.png 700w, https:\/\/richarms.com\/wp-content\/uploads\/2020\/03\/\u8d85\u8584\u78c1\u529b-e1626186192975-768x224.png 768w, https:\/\/richarms.com\/wp-content\/uploads\/2020\/03\/\u8d85\u8584\u78c1\u529b-e1626186192975-800x233.png 800w, https:\/\/richarms.com\/wp-content\/uploads\/2020\/03\/\u8d85\u8584\u78c1\u529b-e1626186192975.png 885w\" data-sizes=\"auto\" data-orig-sizes=\"(max-width: 449px) 100vw, 449px\" \/><\/p>\n<p><strong><b>Pack\uff1a<\/b><\/strong><br \/>\n1 jeu = 1 m\u00e2le, 1 femelle, 2 laveurs<br \/>\n8mm\/10mm : 400 jeux\/bo\u00eete, 20 bo\u00eetes\/carton<\/p>\n<p><strong><b>Application\uff1a<br \/>\n<img decoding=\"async\" class=\"lazyload alignnone size-medium wp-image-7511\" src=\"https:\/\/richarms.com\/wp-content\/uploads\/2021\/10\/IMG_4041-300x300.jpg\" data-orig-src=\"https:\/\/richarms.com\/wp-content\/uploads\/2021\/10\/IMG_4041-300x300.jpg\" alt=\"\" width=\"300\" height=\"300\" srcset=\"data:image\/svg+xml,%3Csvg%20xmlns%3D%27http%3A%2F%2Fwww.w3.org%2F2000%2Fsvg%27%20width%3D%27300%27%20height%3D%27300%27%20viewBox%3D%270%200%20300%20300%27%3E%3Crect%20width%3D%27300%27%20height%3D%27300%27%20fill-opacity%3D%220%22%2F%3E%3C%2Fsvg%3E\" data-srcset=\"https:\/\/richarms.com\/wp-content\/uploads\/2021\/10\/IMG_4041-66x66.jpg 66w, https:\/\/richarms.com\/wp-content\/uploads\/2021\/10\/IMG_4041-100x100.jpg 100w, https:\/\/richarms.com\/wp-content\/uploads\/2021\/10\/IMG_4041-150x150.jpg 150w, https:\/\/richarms.com\/wp-content\/uploads\/2021\/10\/IMG_4041-200x200.jpg 200w, https:\/\/richarms.com\/wp-content\/uploads\/2021\/10\/IMG_4041-300x300.jpg 300w, https:\/\/richarms.com\/wp-content\/uploads\/2021\/10\/IMG_4041-400x400.jpg 400w, https:\/\/richarms.com\/wp-content\/uploads\/2021\/10\/IMG_4041-500x500.jpg 500w, https:\/\/richarms.com\/wp-content\/uploads\/2021\/10\/IMG_4041-600x600.jpg 600w, https:\/\/richarms.com\/wp-content\/uploads\/2021\/10\/IMG_4041-700x700.jpg 700w, https:\/\/richarms.com\/wp-content\/uploads\/2021\/10\/IMG_4041-768x768.jpg 768w, https:\/\/richarms.com\/wp-content\/uploads\/2021\/10\/IMG_4041-800x800.jpg 800w, https:\/\/richarms.com\/wp-content\/uploads\/2021\/10\/IMG_4041.jpg 1000w\" data-sizes=\"auto\" data-orig-sizes=\"(max-width: 300px) 100vw, 300px\" \/><br \/>\n<\/b><\/strong><\/p>","protected":false},"excerpt":{"rendered":"<p>Type:Bouton magn\u00e9tique<br \/>\nMat\u00e9riau : Laiton, fer, aimant<br \/>\nNum\u00e9ro de mod\u00e8le : RC-EP0820\/1020\/1020S\/1020L<br \/>\nTaille : 8x2mm, 10x2mm<br \/>\nCouleur : Nickel<br \/>\nEmballage : bo\u00eete et carton<br \/>\nExp\u00e9dition : LCL\/ DHL \/ FedEx \/ TNT \/ Autre<\/p>","protected":false},"featured_media":7897,"template":"","meta":[],"product_brand":[],"product_cat":[110],"product_tag":[],"class_list":{"0":"post-7892","1":"product","2":"type-product","3":"status-publish","4":"has-post-thumbnail","6":"product_cat-medical-electrical-snap","8":"first","9":"instock","10":"shipping-taxable","11":"product-type-simple"},"aioseo_notices":[],"_links":{"self":[{"href":"https:\/\/richarms.com\/fr\/wp-json\/wp\/v2\/product\/7892","targetHints":{"allow":["GET"]}}],"collection":[{"href":"https:\/\/richarms.com\/fr\/wp-json\/wp\/v2\/product"}],"about":[{"href":"https:\/\/richarms.com\/fr\/wp-json\/wp\/v2\/types\/product"}],"wp:featuredmedia":[{"embeddable":true,"href":"https:\/\/richarms.com\/fr\/wp-json\/wp\/v2\/media\/7897"}],"wp:attachment":[{"href":"https:\/\/richarms.com\/fr\/wp-json\/wp\/v2\/media?parent=7892"}],"wp:term":[{"taxonomy":"product_brand","embeddable":true,"href":"https:\/\/richarms.com\/fr\/wp-json\/wp\/v2\/product_brand?post=7892"},{"taxonomy":"product_cat","embeddable":true,"href":"https:\/\/richarms.com\/fr\/wp-json\/wp\/v2\/product_cat?post=7892"},{"taxonomy":"product_tag","embeddable":true,"href":"https:\/\/richarms.com\/fr\/wp-json\/wp\/v2\/product_tag?post=7892"}],"curies":[{"name":"wp","href":"https:\/\/api.w.org\/{rel}","templated":true}]}}