{"id":8036,"date":"2024-10-23T09:31:03","date_gmt":"2024-10-23T01:31:03","guid":{"rendered":"https:\/\/richarms.com\/?post_type=product&#038;p=8036"},"modified":"2025-04-29T16:05:00","modified_gmt":"2025-04-29T08:05:00","slug":"magnetic-pin-backs","status":"publish","type":"product","link":"https:\/\/richarms.com\/fr\/product\/magnetic-pin-backs","title":{"rendered":"Supports d'\u00e9pingles magn\u00e9tiques"},"content":{"rendered":"<h1>Supports d'\u00e9pingles magn\u00e9tiques en gros - Transformez vos \u00e9pingles pr\u00e9f\u00e9r\u00e9es en aimants de r\u00e9frig\u00e9rateur !<\/h1>\n<p>Transformez vos \u00e9pingles en \u00e9mail avec notre <strong>Supports d'\u00e9pingles magn\u00e9tiques<\/strong>Les dos magn\u00e9tiques pour \u00e9pingles sont con\u00e7us pour transformer facilement votre collection d'\u00e9pingles bien-aim\u00e9es en aimants de r\u00e9frig\u00e9rateur \u00e9l\u00e9gants. Gr\u00e2ce \u00e0 des aimants puissants et \u00e0 une fixation s\u00fbre, ces dos d'\u00e9pingle magn\u00e9tiques sont la solution id\u00e9ale pour pr\u00e9senter des \u00e9pingles qui perdent souvent leur dos d'origine. Ils restent ainsi fermement en place tout en apportant une touche d\u00e9corative \u00e0 votre int\u00e9rieur.<\/p>\n<p>Dos d'\u00e9pingles magn\u00e9tiques Dimension :<br \/>\nTaille : D 11.05mm x H 8.6mm<br \/>\nPoids : 3,2 g<\/p>\n<p><img decoding=\"async\" class=\"lazyload size-medium wp-image-8042\" src=\"https:\/\/richarms.com\/wp-content\/uploads\/2024\/10\/IMG_4812-300x217.jpg\" data-orig-src=\"https:\/\/richarms.com\/wp-content\/uploads\/2024\/10\/IMG_4812-300x217.jpg\" alt=\"Wholesale magnetic pin backs from a trusted China hardware factory, available in various colors. Perfect for securing enamel pins or converting them into magnets.\" width=\"300\" height=\"217\" srcset=\"data:image\/svg+xml,%3Csvg%20xmlns%3D%27http%3A%2F%2Fwww.w3.org%2F2000%2Fsvg%27%20width%3D%27300%27%20height%3D%27217%27%20viewBox%3D%270%200%20300%20217%27%3E%3Crect%20width%3D%27300%27%20height%3D%27217%27%20fill-opacity%3D%220%22%2F%3E%3C%2Fsvg%3E\" data-srcset=\"https:\/\/richarms.com\/wp-content\/uploads\/2024\/10\/IMG_4812-200x145.jpg 200w, https:\/\/richarms.com\/wp-content\/uploads\/2024\/10\/IMG_4812-300x217.jpg 300w, https:\/\/richarms.com\/wp-content\/uploads\/2024\/10\/IMG_4812-400x290.jpg 400w, https:\/\/richarms.com\/wp-content\/uploads\/2024\/10\/IMG_4812-500x362.jpg 500w, https:\/\/richarms.com\/wp-content\/uploads\/2024\/10\/IMG_4812-600x435.jpg 600w, https:\/\/richarms.com\/wp-content\/uploads\/2024\/10\/IMG_4812-700x507.jpg 700w, https:\/\/richarms.com\/wp-content\/uploads\/2024\/10\/IMG_4812-768x557.jpg 768w, https:\/\/richarms.com\/wp-content\/uploads\/2024\/10\/IMG_4812.jpg 799w\" data-sizes=\"auto\" data-orig-sizes=\"(max-width: 300px) 100vw, 300px\" \/><\/p>\n<p><img decoding=\"async\" class=\"lazyload size-medium wp-image-8047\" src=\"https:\/\/richarms.com\/wp-content\/uploads\/2024\/10\/IMG_4816-300x261.jpg\" data-orig-src=\"https:\/\/richarms.com\/wp-content\/uploads\/2024\/10\/IMG_4816-300x261.jpg\" alt=\"Wholesale magnetic pin backs from a trusted China hardware factory, available in various colors. Perfect for securing enamel pins or converting them into magnets.\" width=\"300\" height=\"261\" srcset=\"data:image\/svg+xml,%3Csvg%20xmlns%3D%27http%3A%2F%2Fwww.w3.org%2F2000%2Fsvg%27%20width%3D%27300%27%20height%3D%27261%27%20viewBox%3D%270%200%20300%20261%27%3E%3Crect%20width%3D%27300%27%20height%3D%27261%27%20fill-opacity%3D%220%22%2F%3E%3C%2Fsvg%3E\" data-srcset=\"https:\/\/richarms.com\/wp-content\/uploads\/2024\/10\/IMG_4816-200x174.jpg 200w, https:\/\/richarms.com\/wp-content\/uploads\/2024\/10\/IMG_4816-300x261.jpg 300w, https:\/\/richarms.com\/wp-content\/uploads\/2024\/10\/IMG_4816-400x349.jpg 400w, https:\/\/richarms.com\/wp-content\/uploads\/2024\/10\/IMG_4816-500x436.jpg 500w, https:\/\/richarms.com\/wp-content\/uploads\/2024\/10\/IMG_4816-600x523.jpg 600w, https:\/\/richarms.com\/wp-content\/uploads\/2024\/10\/IMG_4816-700x610.jpg 700w, https:\/\/richarms.com\/wp-content\/uploads\/2024\/10\/IMG_4816-768x669.jpg 768w, https:\/\/richarms.com\/wp-content\/uploads\/2024\/10\/IMG_4816.jpg 800w\" data-sizes=\"auto\" data-orig-sizes=\"(max-width: 300px) 100vw, 300px\" \/><\/p>\n<h4><strong>Caract\u00e9ristiques principales :<\/strong><\/h4>\n<ul>\n<li><strong>Aimants puissants et fixation s\u00fbre :<\/strong> Notre <strong>supports magn\u00e9tiques pour \u00e9pingles<\/strong> offrent une solution fiable pour mettre en valeur vos \u00e9pingles en \u00e9mail sur des surfaces m\u00e9talliques, telles que les r\u00e9frig\u00e9rateurs ou les tableaux d'affichage. La force magn\u00e9tique robuste garantit que vos \u00e9pingles restent solidement fix\u00e9es, les emp\u00eachant de glisser ou de tomber.<br \/>\n<img decoding=\"async\" class=\"lazyload size-medium wp-image-8046\" src=\"https:\/\/richarms.com\/wp-content\/uploads\/2024\/10\/IMG_4819-300x300.jpg\" data-orig-src=\"https:\/\/richarms.com\/wp-content\/uploads\/2024\/10\/IMG_4819-300x300.jpg\" alt=\"Our magnetic backs for pins offer a reliable solution for showcasing your enamel pins on metal surfaces, such as refrigerators or bulletin boards\" width=\"300\" height=\"300\" srcset=\"data:image\/svg+xml,%3Csvg%20xmlns%3D%27http%3A%2F%2Fwww.w3.org%2F2000%2Fsvg%27%20width%3D%27300%27%20height%3D%27300%27%20viewBox%3D%270%200%20300%20300%27%3E%3Crect%20width%3D%27300%27%20height%3D%27300%27%20fill-opacity%3D%220%22%2F%3E%3C%2Fsvg%3E\" data-srcset=\"https:\/\/richarms.com\/wp-content\/uploads\/2024\/10\/IMG_4819-66x66.jpg 66w, https:\/\/richarms.com\/wp-content\/uploads\/2024\/10\/IMG_4819-100x100.jpg 100w, https:\/\/richarms.com\/wp-content\/uploads\/2024\/10\/IMG_4819-150x150.jpg 150w, https:\/\/richarms.com\/wp-content\/uploads\/2024\/10\/IMG_4819-200x200.jpg 200w, https:\/\/richarms.com\/wp-content\/uploads\/2024\/10\/IMG_4819-300x300.jpg 300w, https:\/\/richarms.com\/wp-content\/uploads\/2024\/10\/IMG_4819-400x400.jpg 400w, https:\/\/richarms.com\/wp-content\/uploads\/2024\/10\/IMG_4819-500x500.jpg 500w, https:\/\/richarms.com\/wp-content\/uploads\/2024\/10\/IMG_4819-600x600.jpg 600w, https:\/\/richarms.com\/wp-content\/uploads\/2024\/10\/IMG_4819-700x700.jpg 700w, https:\/\/richarms.com\/wp-content\/uploads\/2024\/10\/IMG_4819-768x768.jpg 768w, https:\/\/richarms.com\/wp-content\/uploads\/2024\/10\/IMG_4819.jpg 800w\" data-sizes=\"auto\" data-orig-sizes=\"(max-width: 300px) 100vw, 300px\" \/><img decoding=\"async\" class=\"lazyload size-medium wp-image-8045\" src=\"https:\/\/richarms.com\/wp-content\/uploads\/2024\/10\/IMG_4813-300x254.jpg\" data-orig-src=\"https:\/\/richarms.com\/wp-content\/uploads\/2024\/10\/IMG_4813-300x254.jpg\" alt=\"Our magnetic backs for pins offer a reliable solution for showcasing your enamel pins on metal surfaces, such as refrigerators or bulletin boards\" width=\"300\" height=\"254\" srcset=\"data:image\/svg+xml,%3Csvg%20xmlns%3D%27http%3A%2F%2Fwww.w3.org%2F2000%2Fsvg%27%20width%3D%27300%27%20height%3D%27254%27%20viewBox%3D%270%200%20300%20254%27%3E%3Crect%20width%3D%27300%27%20height%3D%27254%27%20fill-opacity%3D%220%22%2F%3E%3C%2Fsvg%3E\" data-srcset=\"https:\/\/richarms.com\/wp-content\/uploads\/2024\/10\/IMG_4813-200x169.jpg 200w, https:\/\/richarms.com\/wp-content\/uploads\/2024\/10\/IMG_4813-300x254.jpg 300w, https:\/\/richarms.com\/wp-content\/uploads\/2024\/10\/IMG_4813-400x338.jpg 400w, https:\/\/richarms.com\/wp-content\/uploads\/2024\/10\/IMG_4813-500x423.jpg 500w, https:\/\/richarms.com\/wp-content\/uploads\/2024\/10\/IMG_4813-600x508.jpg 600w, https:\/\/richarms.com\/wp-content\/uploads\/2024\/10\/IMG_4813-700x592.jpg 700w, https:\/\/richarms.com\/wp-content\/uploads\/2024\/10\/IMG_4813-768x650.jpg 768w, https:\/\/richarms.com\/wp-content\/uploads\/2024\/10\/IMG_4813.jpg 799w\" data-sizes=\"auto\" data-orig-sizes=\"(max-width: 300px) 100vw, 300px\" \/><\/li>\n<li><strong>Facile \u00e0 utiliser :<\/strong> La conversion de vos \u00e9pingles est un jeu d'enfant ! Il suffit de retirer le dos de l'\u00e9pingle d'origine et de glisser notre <strong>dos d'\u00e9pingle \u00e0 aimant<\/strong> sur l'\u00e9pingle. Placez-les sur n'importe quelle surface magn\u00e9tique pour une pr\u00e9sentation accrocheuse, \u00e0 la fois pratique et \u00e9l\u00e9gante.<br \/>\n<img decoding=\"async\" class=\"lazyload size-medium wp-image-8044\" src=\"https:\/\/richarms.com\/wp-content\/uploads\/2024\/10\/IMG_4814-300x236.jpg\" data-orig-src=\"https:\/\/richarms.com\/wp-content\/uploads\/2024\/10\/IMG_4814-300x236.jpg\" alt=\"Easy to Use: Converting your pins is a breeze! Simply remove the original pin back and slide our magnet pin backs over the pin\" width=\"300\" height=\"236\" srcset=\"data:image\/svg+xml,%3Csvg%20xmlns%3D%27http%3A%2F%2Fwww.w3.org%2F2000%2Fsvg%27%20width%3D%27300%27%20height%3D%27236%27%20viewBox%3D%270%200%20300%20236%27%3E%3Crect%20width%3D%27300%27%20height%3D%27236%27%20fill-opacity%3D%220%22%2F%3E%3C%2Fsvg%3E\" data-srcset=\"https:\/\/richarms.com\/wp-content\/uploads\/2024\/10\/IMG_4814-200x157.jpg 200w, https:\/\/richarms.com\/wp-content\/uploads\/2024\/10\/IMG_4814-300x236.jpg 300w, https:\/\/richarms.com\/wp-content\/uploads\/2024\/10\/IMG_4814-400x315.jpg 400w, https:\/\/richarms.com\/wp-content\/uploads\/2024\/10\/IMG_4814-500x394.jpg 500w, https:\/\/richarms.com\/wp-content\/uploads\/2024\/10\/IMG_4814-600x472.jpg 600w, https:\/\/richarms.com\/wp-content\/uploads\/2024\/10\/IMG_4814-700x551.jpg 700w, https:\/\/richarms.com\/wp-content\/uploads\/2024\/10\/IMG_4814-768x605.jpg 768w, https:\/\/richarms.com\/wp-content\/uploads\/2024\/10\/IMG_4814.jpg 799w\" data-sizes=\"auto\" data-orig-sizes=\"(max-width: 300px) 100vw, 300px\" \/><\/p>\n<p><div id=\"attachment_8043\" style=\"width: 310px\" class=\"wp-caption alignnone\"><img decoding=\"async\" aria-describedby=\"caption-attachment-8043\" class=\"lazyload size-medium wp-image-8043\" src=\"https:\/\/richarms.com\/wp-content\/uploads\/2024\/10\/IMG_4810-300x300.jpg\" data-orig-src=\"https:\/\/richarms.com\/wp-content\/uploads\/2024\/10\/IMG_4810-300x300.jpg\" alt=\"Easy to Use: Converting your pins is a breeze! Simply remove the original pin back and slide our magnet pin backs over the pin\" width=\"300\" height=\"300\" srcset=\"data:image\/svg+xml,%3Csvg%20xmlns%3D%27http%3A%2F%2Fwww.w3.org%2F2000%2Fsvg%27%20width%3D%27300%27%20height%3D%27300%27%20viewBox%3D%270%200%20300%20300%27%3E%3Crect%20width%3D%27300%27%20height%3D%27300%27%20fill-opacity%3D%220%22%2F%3E%3C%2Fsvg%3E\" data-srcset=\"https:\/\/richarms.com\/wp-content\/uploads\/2024\/10\/IMG_4810-66x66.jpg 66w, https:\/\/richarms.com\/wp-content\/uploads\/2024\/10\/IMG_4810-100x100.jpg 100w, https:\/\/richarms.com\/wp-content\/uploads\/2024\/10\/IMG_4810-150x150.jpg 150w, https:\/\/richarms.com\/wp-content\/uploads\/2024\/10\/IMG_4810-200x200.jpg 200w, https:\/\/richarms.com\/wp-content\/uploads\/2024\/10\/IMG_4810-300x300.jpg 300w, https:\/\/richarms.com\/wp-content\/uploads\/2024\/10\/IMG_4810-400x400.jpg 400w, https:\/\/richarms.com\/wp-content\/uploads\/2024\/10\/IMG_4810-500x500.jpg 500w, https:\/\/richarms.com\/wp-content\/uploads\/2024\/10\/IMG_4810-600x600.jpg 600w, https:\/\/richarms.com\/wp-content\/uploads\/2024\/10\/IMG_4810-700x700.jpg 700w, https:\/\/richarms.com\/wp-content\/uploads\/2024\/10\/IMG_4810-768x768.jpg 768w, https:\/\/richarms.com\/wp-content\/uploads\/2024\/10\/IMG_4810-800x800.jpg 800w, https:\/\/richarms.com\/wp-content\/uploads\/2024\/10\/IMG_4810-1024x1024.jpg 1024w, https:\/\/richarms.com\/wp-content\/uploads\/2024\/10\/IMG_4810-1200x1200.jpg 1200w, https:\/\/richarms.com\/wp-content\/uploads\/2024\/10\/IMG_4810-1536x1536.jpg 1536w, https:\/\/richarms.com\/wp-content\/uploads\/2024\/10\/IMG_4810.jpg 1920w\" data-sizes=\"auto\" data-orig-sizes=\"(max-width: 300px) 100vw, 300px\" \/><p id=\"caption-attachment-8043\" class=\"wp-caption-text\">Facile \u00e0 utiliser : Convertir vos \u00e9pingles est un jeu d'enfant ! Il suffit d'enlever le dos de l'\u00e9pingle d'origine et de glisser nos dos d'\u00e9pingle aimant\u00e9s sur l'\u00e9pingle.<\/p><\/div><\/li>\n<li><strong>Excellente id\u00e9e de cadeau :<\/strong> Ces <strong>support magn\u00e9tique pour \u00e9pingles<\/strong> sont parfaites pour les collectionneurs d'\u00e9pingles qui souhaitent conserver leurs \u00e9pingles pr\u00e9f\u00e9r\u00e9es dans leurs tiroirs et les exposer. Que vous ayez collectionn\u00e9 des pin's sp\u00e9ciaux de Disney ou de boutiques locales, ces convertisseurs sont un cadeau hautement recommand\u00e9 pour tous les passionn\u00e9s.<\/li>\n<li><strong>Mat\u00e9riau durable :<\/strong> Fabriqu\u00e9s en m\u00e9tal de haute qualit\u00e9, nos <strong>dos d'\u00e9pingle magn\u00e9tique<\/strong> sont con\u00e7us pour r\u00e9sister \u00e0 une utilisation quotidienne sans endommager vos \u00e9pingles. Lorsqu'ils sont utilis\u00e9s correctement, ils pr\u00e9servent l'\u00e9tat impeccable de vos pin's en \u00e9mail, ce qui vous permet d'en profiter en toute tranquillit\u00e9.<\/li>\n<li><strong>Quantit\u00e9 g\u00e9n\u00e9reuse :<\/strong> Chaque paquet comprend 50 <strong>dos d'\u00e9pingle \u00e0 aimant<\/strong>Cette quantit\u00e9 est suffisante pour la majorit\u00e9 de votre collection d'\u00e9pingles en \u00e9mail. Gr\u00e2ce \u00e0 cette quantit\u00e9 g\u00e9n\u00e9reuse, vous pouvez facilement remplacer vos pin's au fur et \u00e0 mesure que votre collection s'agrandit !<\/li>\n<\/ul>\n<p>Pour obtenir des \u00e9chantillons, visitez notre <a href=\"http:\/\/richarmshardware.com\">boutique en ligne<\/a> pour passer directement une commande. Pour les commandes en gros, n'h\u00e9sitez pas \u00e0 contacter <a href=\"http:\/\/richarms.com\/fr\/contact\/\">notre \u00e9quipe de vente<\/a> pour des prix de gros comp\u00e9titifs.<\/p>\n<p>Am\u00e9liorez votre collection d'\u00e9pingles avec notre <strong>meilleurs dos d'\u00e9pingles magn\u00e9tiques<\/strong> aujourd'hui !<\/p>","protected":false},"excerpt":{"rendered":"<p><strong>Fabrique de dos d'\u00e9pingles magn\u00e9tiques en gros<br \/>\n<\/strong><strong>Taille<\/strong>: D 11.05mm x H 8.6mm<br \/>\n<strong>Poids<\/strong>: 3.2g<br \/>\nMaintient solidement les \u00e9pingles en \u00e9mail sans endommager le tissu<br \/>\nTransforme les \u00e9pingles en aimants de r\u00e9frig\u00e9rateur<br \/>\nMat\u00e9riau m\u00e9tallique durable<br \/>\nDisponible en diff\u00e9rentes couleurs<br \/>\nLes commandes en gros sont les bienvenues pour les prix de gros<\/p>","protected":false},"featured_media":8037,"template":"","meta":[],"product_brand":[],"product_cat":[64],"product_tag":[],"class_list":{"0":"post-8036","1":"product","2":"type-product","3":"status-publish","4":"has-post-thumbnail","6":"product_cat-magnetic-name-tag","8":"first","9":"instock","10":"shipping-taxable","11":"product-type-simple"},"aioseo_notices":[],"_links":{"self":[{"href":"https:\/\/richarms.com\/fr\/wp-json\/wp\/v2\/product\/8036","targetHints":{"allow":["GET"]}}],"collection":[{"href":"https:\/\/richarms.com\/fr\/wp-json\/wp\/v2\/product"}],"about":[{"href":"https:\/\/richarms.com\/fr\/wp-json\/wp\/v2\/types\/product"}],"wp:featuredmedia":[{"embeddable":true,"href":"https:\/\/richarms.com\/fr\/wp-json\/wp\/v2\/media\/8037"}],"wp:attachment":[{"href":"https:\/\/richarms.com\/fr\/wp-json\/wp\/v2\/media?parent=8036"}],"wp:term":[{"taxonomy":"product_brand","embeddable":true,"href":"https:\/\/richarms.com\/fr\/wp-json\/wp\/v2\/product_brand?post=8036"},{"taxonomy":"product_cat","embeddable":true,"href":"https:\/\/richarms.com\/fr\/wp-json\/wp\/v2\/product_cat?post=8036"},{"taxonomy":"product_tag","embeddable":true,"href":"https:\/\/richarms.com\/fr\/wp-json\/wp\/v2\/product_tag?post=8036"}],"curies":[{"name":"wp","href":"https:\/\/api.w.org\/{rel}","templated":true}]}}