{"id":8234,"date":"2025-03-13T16:32:06","date_gmt":"2025-03-13T08:32:06","guid":{"rendered":"https:\/\/richarms.com\/?post_type=product&#038;p=8234"},"modified":"2025-03-13T17:10:08","modified_gmt":"2025-03-13T09:10:08","slug":"handshake-magnetic-bracelet-clasp","status":"publish","type":"product","link":"https:\/\/richarms.com\/fr\/product\/handshake-magnetic-bracelet-clasp","title":{"rendered":"Fermoir magn\u00e9tique pour bracelet Handshake - Zn Alloy Lock"},"content":{"rendered":"<h1 data-start=\"304\" data-end=\"372\"><strong data-start=\"306\" data-end=\"372\">Poign\u00e9e de main magn\u00e9tique : Symbole d'unit\u00e9 et de style<\/strong><\/h1>\n<p data-start=\"374\" data-end=\"848\">Si vous souhaitez un bijou qui va au-del\u00e0 de la simple esth\u00e9tique, le <strong data-start=\"445\" data-end=\"482\">Poign\u00e9e de main Bracelet magn\u00e9tique Fermoir<\/strong> offre \u00e0 la fois un attrait visuel et un symbolisme significatif. Fabriqu\u00e9 en alliage de zinc hypoallerg\u00e9nique, ce fermoir pr\u00e9sente deux mains imbriqu\u00e9es qui s'embo\u00eetent gr\u00e2ce \u00e0 des aimants cach\u00e9s, formant ainsi un motif de poign\u00e9e de main m\u00e9morable. Que vous conceviez des bracelets pour l'amiti\u00e9, les liens familiaux ou les cadeaux d'entreprise, ce fermoir ajoute une touche personnelle qui se d\u00e9marque sur le march\u00e9.<\/p>\n<hr data-start=\"850\" data-end=\"853\" \/>\n<h2 data-start=\"855\" data-end=\"892\"><strong data-start=\"858\" data-end=\"892\">Un fermoir qui raconte une histoire<\/strong><\/h2>\n<h3 data-start=\"894\" data-end=\"928\"><strong data-start=\"898\" data-end=\"928\">Forme unique de la poign\u00e9e de main<\/strong><\/h3>\n<p data-start=\"930\" data-end=\"1331\">Le clou de ce fermoir est son design distinctif de poign\u00e9e de main. Chaque main contient un aimant et, lorsqu'elles sont r\u00e9unies, elles se verrouillent solidement en place, comme une poign\u00e9e de main ferme dans la vie r\u00e9elle. Ce geste \u00e9voque l'unit\u00e9, la confiance et la collaboration, ce qui le rend id\u00e9al pour les bijoux \u00e0 th\u00e8me c\u00e9l\u00e9brant les partenariats, le travail d'\u00e9quipe ou les occasions sp\u00e9ciales telles que les mariages, les anniversaires ou les \u00e9v\u00e9nements marquants de l'entreprise.<\/p>\n<table style=\"border-collapse: collapse; width: 763px; height: 325px;\" border=\"0\" width=\"96\" cellspacing=\"0\" cellpadding=\"0\">\n<tbody>\n<tr style=\"height: 16.80pt;\">\n<td style=\"height: 16.80pt; width: 48.00pt;\" width=\"48\" height=\"16\">\n<p><div id=\"attachment_8236\" style=\"width: 303px\" class=\"wp-caption alignnone\"><img decoding=\"async\" aria-describedby=\"caption-attachment-8236\" class=\"lazyload wp-image-8236\" src=\"https:\/\/richarms.com\/wp-content\/uploads\/2025\/03\/41941741853964_.pic_.jpg\" data-orig-src=\"https:\/\/richarms.com\/wp-content\/uploads\/2025\/03\/41941741853964_.pic_.jpg\" alt=\"Close-up of handshake magnetic clasp on a pearl bracelet, showing how the hands interlock.\" width=\"293\" height=\"293\" srcset=\"data:image\/svg+xml,%3Csvg%20xmlns%3D%27http%3A%2F%2Fwww.w3.org%2F2000%2Fsvg%27%20width%3D%27293%27%20height%3D%27293%27%20viewBox%3D%270%200%20293%20293%27%3E%3Crect%20width%3D%27293%27%20height%3D%27293%27%20fill-opacity%3D%220%22%2F%3E%3C%2Fsvg%3E\" data-srcset=\"https:\/\/richarms.com\/wp-content\/uploads\/2025\/03\/41941741853964_.pic_-66x66.jpg 66w, https:\/\/richarms.com\/wp-content\/uploads\/2025\/03\/41941741853964_.pic_-100x100.jpg 100w, https:\/\/richarms.com\/wp-content\/uploads\/2025\/03\/41941741853964_.pic_-150x150.jpg 150w, https:\/\/richarms.com\/wp-content\/uploads\/2025\/03\/41941741853964_.pic_-200x200.jpg 200w, https:\/\/richarms.com\/wp-content\/uploads\/2025\/03\/41941741853964_.pic_-300x300.jpg 300w, https:\/\/richarms.com\/wp-content\/uploads\/2025\/03\/41941741853964_.pic_-400x400.jpg 400w, https:\/\/richarms.com\/wp-content\/uploads\/2025\/03\/41941741853964_.pic_-500x500.jpg 500w, https:\/\/richarms.com\/wp-content\/uploads\/2025\/03\/41941741853964_.pic_-600x600.jpg 600w, https:\/\/richarms.com\/wp-content\/uploads\/2025\/03\/41941741853964_.pic_-700x700.jpg 700w, https:\/\/richarms.com\/wp-content\/uploads\/2025\/03\/41941741853964_.pic_-768x768.jpg 768w, https:\/\/richarms.com\/wp-content\/uploads\/2025\/03\/41941741853964_.pic_.jpg 800w\" data-sizes=\"auto\" data-orig-sizes=\"(max-width: 293px) 100vw, 293px\" \/><p id=\"caption-attachment-8236\" class=\"wp-caption-text\">Un regard plus attentif sur les aiguilles qui s'embo\u00eetent les unes dans les autres, d\u00e9montrant une fermeture magn\u00e9tique fiable et d\u00e9corative.<\/p><\/div><\/td>\n<td style=\"width: 48.00pt;\" width=\"48\">\n<p><div id=\"attachment_8235\" style=\"width: 298px\" class=\"wp-caption alignnone\"><img decoding=\"async\" aria-describedby=\"caption-attachment-8235\" class=\"lazyload wp-image-8235\" src=\"https:\/\/richarms.com\/wp-content\/uploads\/2025\/03\/41931741853963_.pic_.jpg\" data-orig-src=\"https:\/\/richarms.com\/wp-content\/uploads\/2025\/03\/41931741853963_.pic_.jpg\" alt=\"Handshake magnetic clasp attached to a pearl bracelet, showcasing a secure closure.\" width=\"288\" height=\"288\" srcset=\"data:image\/svg+xml,%3Csvg%20xmlns%3D%27http%3A%2F%2Fwww.w3.org%2F2000%2Fsvg%27%20width%3D%27288%27%20height%3D%27288%27%20viewBox%3D%270%200%20288%20288%27%3E%3Crect%20width%3D%27288%27%20height%3D%27288%27%20fill-opacity%3D%220%22%2F%3E%3C%2Fsvg%3E\" data-srcset=\"https:\/\/richarms.com\/wp-content\/uploads\/2025\/03\/41931741853963_.pic_-66x66.jpg 66w, https:\/\/richarms.com\/wp-content\/uploads\/2025\/03\/41931741853963_.pic_-100x100.jpg 100w, https:\/\/richarms.com\/wp-content\/uploads\/2025\/03\/41931741853963_.pic_-150x150.jpg 150w, https:\/\/richarms.com\/wp-content\/uploads\/2025\/03\/41931741853963_.pic_-200x200.jpg 200w, https:\/\/richarms.com\/wp-content\/uploads\/2025\/03\/41931741853963_.pic_-300x300.jpg 300w, https:\/\/richarms.com\/wp-content\/uploads\/2025\/03\/41931741853963_.pic_-400x400.jpg 400w, https:\/\/richarms.com\/wp-content\/uploads\/2025\/03\/41931741853963_.pic_-500x500.jpg 500w, https:\/\/richarms.com\/wp-content\/uploads\/2025\/03\/41931741853963_.pic_-600x600.jpg 600w, https:\/\/richarms.com\/wp-content\/uploads\/2025\/03\/41931741853963_.pic_-700x700.jpg 700w, https:\/\/richarms.com\/wp-content\/uploads\/2025\/03\/41931741853963_.pic_-768x768.jpg 768w, https:\/\/richarms.com\/wp-content\/uploads\/2025\/03\/41931741853963_.pic_.jpg 800w\" data-sizes=\"auto\" data-orig-sizes=\"(max-width: 288px) 100vw, 288px\" \/><p id=\"caption-attachment-8235\" class=\"wp-caption-text\">Un fermoir \u00e9l\u00e9gant en forme de deux mains se verrouillant l'une l'autre, ajoutant \u00e0 la fois fonctionnalit\u00e9 et sentiment au bracelet de perles.<\/p><\/div><\/td>\n<\/tr>\n<\/tbody>\n<\/table>\n<h3 data-start=\"1333\" data-end=\"1368\"><strong data-start=\"1337\" data-end=\"1368\">Fermeture magn\u00e9tique forte<\/strong><\/h3>\n<p data-start=\"1370\" data-end=\"1716\">Outre sa valeur symbolique, le fermoir est dot\u00e9 d'un aimant robuste qui emp\u00eache le bracelet de se d\u00e9faire au quotidien. Les <strong data-start=\"1507\" data-end=\"1543\">Fermeture magn\u00e9tique en alliage de zinc<\/strong> garantit une fixation fiable sans avoir recours \u00e0 des m\u00e9canismes encombrants ou compliqu\u00e9s. Les utilisateurs peuvent attacher ou retirer le bracelet rapidement, en profitant d'un m\u00e9lange de style et de commodit\u00e9.<\/p>\n<div id=\"attachment_8240\" style=\"width: 810px\" class=\"wp-caption alignnone\"><img decoding=\"async\" aria-describedby=\"caption-attachment-8240\" class=\"lazyload wp-image-8240 size-full\" src=\"https:\/\/richarms.com\/wp-content\/uploads\/2025\/03\/41901741853198_.pic_.jpg\" data-orig-src=\"https:\/\/richarms.com\/wp-content\/uploads\/2025\/03\/41901741853198_.pic_.jpg\" alt=\"Stainless steel chain bracelet featuring a handshake magnetic clasp for secure closure.\" width=\"800\" height=\"800\" srcset=\"data:image\/svg+xml,%3Csvg%20xmlns%3D%27http%3A%2F%2Fwww.w3.org%2F2000%2Fsvg%27%20width%3D%27800%27%20height%3D%27800%27%20viewBox%3D%270%200%20800%20800%27%3E%3Crect%20width%3D%27800%27%20height%3D%27800%27%20fill-opacity%3D%220%22%2F%3E%3C%2Fsvg%3E\" data-srcset=\"https:\/\/richarms.com\/wp-content\/uploads\/2025\/03\/41901741853198_.pic_-66x66.jpg 66w, https:\/\/richarms.com\/wp-content\/uploads\/2025\/03\/41901741853198_.pic_-100x100.jpg 100w, https:\/\/richarms.com\/wp-content\/uploads\/2025\/03\/41901741853198_.pic_-150x150.jpg 150w, https:\/\/richarms.com\/wp-content\/uploads\/2025\/03\/41901741853198_.pic_-200x200.jpg 200w, https:\/\/richarms.com\/wp-content\/uploads\/2025\/03\/41901741853198_.pic_-300x300.jpg 300w, https:\/\/richarms.com\/wp-content\/uploads\/2025\/03\/41901741853198_.pic_-400x400.jpg 400w, https:\/\/richarms.com\/wp-content\/uploads\/2025\/03\/41901741853198_.pic_-500x500.jpg 500w, https:\/\/richarms.com\/wp-content\/uploads\/2025\/03\/41901741853198_.pic_-600x600.jpg 600w, https:\/\/richarms.com\/wp-content\/uploads\/2025\/03\/41901741853198_.pic_-700x700.jpg 700w, https:\/\/richarms.com\/wp-content\/uploads\/2025\/03\/41901741853198_.pic_-768x768.jpg 768w, https:\/\/richarms.com\/wp-content\/uploads\/2025\/03\/41901741853198_.pic_.jpg 800w\" data-sizes=\"auto\" data-orig-sizes=\"(max-width: 800px) 100vw, 800px\" \/><p id=\"caption-attachment-8240\" class=\"wp-caption-text\">Une cha\u00eene en acier poli compl\u00e9t\u00e9e par un fermoir magn\u00e9tique s\u00e9curis\u00e9, alliant style et symbolisme.<\/p><\/div>\n<hr data-start=\"1718\" data-end=\"1721\" \/>\n<h2 data-start=\"1723\" data-end=\"1775\"><strong data-start=\"1726\" data-end=\"1775\">Construction \u00e9cologique en alliage de zinc<\/strong><\/h2>\n<p data-start=\"1777\" data-end=\"1938\">Le choix du bon mat\u00e9riau est crucial pour le confort, la durabilit\u00e9 et la qualit\u00e9 globale. Notre fermoir pour poign\u00e9e de main est fabriqu\u00e9 en <strong data-start=\"1895\" data-end=\"1927\">alliage de zinc respectueux de l'environnement<\/strong>, qui est :<\/p>\n<ul data-start=\"1940\" data-end=\"2218\">\n<li data-start=\"1940\" data-end=\"2019\"><strong data-start=\"1942\" data-end=\"1959\">Sans allerg\u00e8nes :<\/strong> Sans danger pour les peaux sensibles, r\u00e9duisant le risque d'irritation.<\/li>\n<li data-start=\"2020\" data-end=\"2112\"><strong data-start=\"2022\" data-end=\"2046\">R\u00e9sistant \u00e0 la corrosion :<\/strong> Con\u00e7u pour r\u00e9sister \u00e0 l'humidit\u00e9 et \u00e0 une utilisation r\u00e9guli\u00e8re sans rouiller.<\/li>\n<li data-start=\"2113\" data-end=\"2218\"><strong data-start=\"2115\" data-end=\"2138\">Surface polissable :<\/strong> Permet d'obtenir facilement une finition brillante ou mate, en fonction de vos pr\u00e9f\u00e9rences en mati\u00e8re de design.<\/li>\n<\/ul>\n<p data-start=\"2220\" data-end=\"2351\">Cela signifie que vous pouvez offrir en toute confiance un produit de qualit\u00e9 \u00e0 vos clients, en sachant qu'il conservera son aspect et sa fonction au fil du temps.<\/p>\n<hr data-start=\"2353\" data-end=\"2356\" \/>\n<h2 data-start=\"2358\" data-end=\"2402\"><strong data-start=\"2361\" data-end=\"2402\">Sur mesure pour B2B Custom Wholesale<\/strong><\/h2>\n<p data-start=\"2404\" data-end=\"2504\">Nous comprenons les exigences uniques des acheteurs en gros, c'est pourquoi notre fermoir est largement personnalisable :<\/p>\n<ol data-start=\"2506\" data-end=\"3111\">\n<li data-start=\"2506\" data-end=\"2651\"><strong data-start=\"2509\" data-end=\"2529\">Plusieurs couleurs :<\/strong> Les finitions standard comprennent le gun metal, l'or, l'or rose, l'argent, le rouge, l'arc-en-ciel et la personnalisation. Si vous avez besoin d'autres nuances, il vous suffit de nous le faire savoir.<\/li>\n<li data-start=\"2652\" data-end=\"2827\"><strong data-start=\"2655\" data-end=\"2672\">Options de taille :<\/strong> Le fermoir mesure g\u00e9n\u00e9ralement environ 32 \u00d7 7 \u00d7 12 mm, 5 g par pi\u00e8ce, avec un trou de 2 mm, mais nous pouvons ajuster ces dimensions pour les adapter \u00e0 des mod\u00e8les de bracelets sp\u00e9cifiques.<\/li>\n<li data-start=\"2828\" data-end=\"2959\"><strong data-start=\"2831\" data-end=\"2852\">Image de marque et logos :<\/strong> Incorporez le nom de votre entreprise, votre slogan ou votre \u0153uvre d'art par le biais de <strong data-start=\"2911\" data-end=\"2930\">gravure au laser<\/strong> ou <strong data-start=\"2934\" data-end=\"2956\">conception de moules sur mesure<\/strong>.<\/li>\n<li data-start=\"2960\" data-end=\"3111\"><strong data-start=\"2963\" data-end=\"2987\">Solutions d'emballage :<\/strong> Nous proposons des emballages sp\u00e9cialis\u00e9s, du simple sac en poly\u00e9thyl\u00e8ne \u00e0 la bo\u00eete cadeau de marque, afin que votre produit soit pr\u00eat \u00e0 \u00eatre vendu imm\u00e9diatement.<\/li>\n<\/ol>\n<div class=\"overflow-x-auto contain-inline-size\">\n<table data-start=\"3113\" data-end=\"3701\">\n<thead data-start=\"3113\" data-end=\"3183\">\n<tr data-start=\"3113\" data-end=\"3183\">\n<th data-start=\"3113\" data-end=\"3141\"><strong data-start=\"3115\" data-end=\"3126\">Fonctionnalit\u00e9<\/strong><\/th>\n<th data-start=\"3141\" data-end=\"3183\"><strong data-start=\"3143\" data-end=\"3154\">D\u00e9tails<\/strong><\/th>\n<\/tr>\n<\/thead>\n<tbody data-start=\"3255\" data-end=\"3701\">\n<tr data-start=\"3255\" data-end=\"3325\">\n<td><strong data-start=\"3257\" data-end=\"3274\">Mat\u00e9riau principal<\/strong><\/td>\n<td>Alliage de Zn (sans allergie)<\/td>\n<\/tr>\n<tr data-start=\"3326\" data-end=\"3408\">\n<td><strong data-start=\"3328\" data-end=\"3345\">Options de couleur<\/strong><\/td>\n<td>m\u00e9tal arm\u00e9, or, or rose et argent, rouge, arc-en-ciel et personnalisation<\/td>\n<\/tr>\n<tr data-start=\"3409\" data-end=\"3479\">\n<td><strong data-start=\"3411\" data-end=\"3433\">Dimensions approximatives<\/strong><\/td>\n<td>32\u00d77\u00d712 mm (5g)<\/td>\n<\/tr>\n<tr data-start=\"3480\" data-end=\"3550\">\n<td><strong data-start=\"3482\" data-end=\"3503\">M\u00e9canisme de fermeture<\/strong><\/td>\n<td>Aimants cach\u00e9s puissants<\/td>\n<\/tr>\n<tr data-start=\"3551\" data-end=\"3621\">\n<td><strong data-start=\"3553\" data-end=\"3570\">Personnalisation<\/strong><\/td>\n<td>Gravure de logos, conception de moules, emballage<\/td>\n<\/tr>\n<tr data-start=\"3622\" data-end=\"3701\">\n<td><strong data-start=\"3624\" data-end=\"3631\">MOQ<\/strong><\/td>\n<td>Flexible pour le B2B (petites commandes via la boutique en ligne)<\/td>\n<\/tr>\n<\/tbody>\n<\/table>\n<\/div>\n<hr data-start=\"3703\" data-end=\"3706\" \/>\n<h2 data-start=\"3708\" data-end=\"3760\"><strong data-start=\"3711\" data-end=\"3760\">Applications polyvalentes pour des th\u00e8mes particuliers<\/strong><\/h2>\n<p data-start=\"3762\" data-end=\"3894\">L'un des principaux avantages du fermoir \u00e0 poign\u00e9e de main est sa polyvalence. Au-del\u00e0 des bracelets de mode standard, il s'int\u00e8gre parfaitement dans les :<\/p>\n<ul data-start=\"3896\" data-end=\"4283\">\n<li data-start=\"3896\" data-end=\"3968\"><strong data-start=\"3898\" data-end=\"3932\">Bijoux d'amiti\u00e9 et de famille :<\/strong> C\u00e9l\u00e9brez les liens et l'unit\u00e9.<\/li>\n<li data-start=\"3969\" data-end=\"4063\"><strong data-start=\"3971\" data-end=\"3993\">Cadeaux d'entreprise :<\/strong> Id\u00e9al pour reconna\u00eetre les partenariats r\u00e9ussis ou les r\u00e9alisations d'une \u00e9quipe.<\/li>\n<li data-start=\"4064\" data-end=\"4147\"><strong data-start=\"4066\" data-end=\"4089\">Occasions romantiques :<\/strong> Utilisez-le dans les bracelets de couple pour signifier l'unit\u00e9 et l'amour.<\/li>\n<li data-start=\"4148\" data-end=\"4283\"><strong data-start=\"4150\" data-end=\"4176\">Campagnes promotionnelles :<\/strong> Am\u00e9liorez la visibilit\u00e9 de votre marque gr\u00e2ce \u00e0 un fermoir qui attire l'attention et r\u00e9sonne avec les valeurs de confiance et de collaboration.<\/li>\n<\/ul>\n<hr data-start=\"4285\" data-end=\"4288\" \/>\n<h2 data-start=\"4290\" data-end=\"4353\"><strong data-start=\"4293\" data-end=\"4353\">Partenaire de Richarms pour votre prochaine <a href=\"https:\/\/richarms.com\/fr\/necklace-clasp-types\/\">Fermoir de collier<\/a> Projet<\/strong><\/h2>\n<p data-start=\"4355\" data-end=\"4746\">Chez Richarms, nous sommes sp\u00e9cialis\u00e9s dans la fourniture de fermetures magn\u00e9tiques de haute qualit\u00e9 qui allient l'innovation en mati\u00e8re de design \u00e0 une fonction pratique. En choisissant notre fermoir \u00e0 poign\u00e9e de main, vous n'ajoutez pas seulement un \u00e9l\u00e9ment d\u00e9coratif, vous racontez une histoire d'unit\u00e9 et de coop\u00e9ration. Notre \u00e9quipe propose <strong data-start=\"4623\" data-end=\"4649\">prix direct usine<\/strong> pour vous aider \u00e0 rester comp\u00e9titif, ainsi que des <strong data-start=\"4700\" data-end=\"4719\">le contr\u00f4le de la qualit\u00e9<\/strong> \u00e0 chaque \u00e9tape de la production.<\/p>\n<p data-start=\"4748\" data-end=\"4766\"><strong data-start=\"4748\" data-end=\"4766\">Pourquoi nous choisir ?<\/strong><\/p>\n<ul data-start=\"4768\" data-end=\"5030\">\n<li data-start=\"4768\" data-end=\"4853\"><strong data-start=\"4770\" data-end=\"4795\">Prix direct d'usine :<\/strong> En \u00e9vitant les interm\u00e9diaires, vous b\u00e9n\u00e9ficiez d'une structure de co\u00fbts plus avantageuse.<\/li>\n<li data-start=\"4854\" data-end=\"4929\"><strong data-start=\"4856\" data-end=\"4878\">Production sur mesure :<\/strong> Nous fabriquons selon vos dessins ou concepts.<\/li>\n<li data-start=\"4930\" data-end=\"5030\"><strong data-start=\"4932\" data-end=\"4959\">Contr\u00f4le strict de la qualit\u00e9 :<\/strong> De l'approvisionnement en mat\u00e9riaux \u00e0 l'emballage final, nous appliquons des normes \u00e9lev\u00e9es.<\/li>\n<\/ul>\n<p data-start=\"5032\" data-end=\"5359\">Si vous avez un design ou une taille sp\u00e9cifique en t\u00eate, nos repr\u00e9sentants commerciaux sont pr\u00eats \u00e0 vous aider. Nous pouvons discuter de la cr\u00e9ation de moules, de la correspondance des couleurs, de l'emplacement du logo et des solutions d'emballage adapt\u00e9es \u00e0 l'identit\u00e9 de votre marque. Pour les commandes inf\u00e9rieures \u00e0 50 jeux, nos <a href=\"https:\/\/www.richarmshardware.com\/\">boutique en ligne<\/a> est un moyen facile de tester de nouveaux concepts sans co\u00fbts initiaux importants.<\/p>\n<p data-start=\"5361\" data-end=\"5610\" data-is-last-node=\"\" data-is-only-node=\"\">Faites ressortir votre ligne de bijoux avec un fermoir qui repr\u00e9sente vraiment le partenariat, la collaboration et le succ\u00e8s partag\u00e9. Contactez-nous d\u00e8s aujourd'hui pour d\u00e9couvrir tout le potentiel de notre gamme de fermoirs. <strong data-start=\"5531\" data-end=\"5568\">Poign\u00e9e de main Bracelet magn\u00e9tique Fermoir<\/strong> pour votre prochaine commande en gros personnalis\u00e9e B2B.<\/p>","protected":false},"excerpt":{"rendered":"<p>Handshake Magnetic Bracelet Clasp: Symbolizing Unity and Style When you want a piece of jewelry that goes beyond mere aesthetics, the Handshake Magnetic Bracelet Clasp delivers both visual appeal and meaningful symbolism. Crafted from hypoallergenic zn alloy, this clasp features two interlocking hands that snap together via hidden magnets, forming a memorable handshake motif. Whether you\u2019re designing bracelets for friendship, family ties, or corporate gifts, this clasp adds a personal touch that stands out in the market. A Clasp That Tells a Story Unique Handshake Shape The highlight of this clasp is its distinctive handshake design. Each hand contains a [&hellip;]<\/p>\n","protected":false},"featured_media":8237,"template":"","meta":[],"product_brand":[],"product_cat":[72],"product_tag":[],"class_list":{"0":"post-8234","1":"product","2":"type-product","3":"status-publish","4":"has-post-thumbnail","6":"product_cat-bracelet-magnetic-clasp","8":"first","9":"instock","10":"shipping-taxable","11":"product-type-simple"},"aioseo_notices":[],"_links":{"self":[{"href":"https:\/\/richarms.com\/fr\/wp-json\/wp\/v2\/product\/8234","targetHints":{"allow":["GET"]}}],"collection":[{"href":"https:\/\/richarms.com\/fr\/wp-json\/wp\/v2\/product"}],"about":[{"href":"https:\/\/richarms.com\/fr\/wp-json\/wp\/v2\/types\/product"}],"wp:featuredmedia":[{"embeddable":true,"href":"https:\/\/richarms.com\/fr\/wp-json\/wp\/v2\/media\/8237"}],"wp:attachment":[{"href":"https:\/\/richarms.com\/fr\/wp-json\/wp\/v2\/media?parent=8234"}],"wp:term":[{"taxonomy":"product_brand","embeddable":true,"href":"https:\/\/richarms.com\/fr\/wp-json\/wp\/v2\/product_brand?post=8234"},{"taxonomy":"product_cat","embeddable":true,"href":"https:\/\/richarms.com\/fr\/wp-json\/wp\/v2\/product_cat?post=8234"},{"taxonomy":"product_tag","embeddable":true,"href":"https:\/\/richarms.com\/fr\/wp-json\/wp\/v2\/product_tag?post=8234"}],"curies":[{"name":"wp","href":"https:\/\/api.w.org\/{rel}","templated":true}]}}