{"id":2469,"date":"2021-07-11T09:13:50","date_gmt":"2021-07-11T01:13:50","guid":{"rendered":"https:\/\/www.bangzhiyou.com\/?post_type=product&#038;p=2469"},"modified":"2022-06-17T16:54:53","modified_gmt":"2022-06-17T08:54:53","slug":"bzy-2018-m51","status":"publish","type":"product","link":"https:\/\/richarms.com\/it\/prodotto\/bzy-2018-m51","title":{"rendered":"Chiusura a scatto magnetica da cucire"},"content":{"rendered":"<p><strong>Chiusura a scatto magnetica da cucire\u00a0<\/strong><\/p>\n<p>I bottoni magnetici da cucire Plum Blossom sono privi di punte e possono essere cuciti sulla superficie di un indumento o di una borsa.<\/p>\n<p>Si pu\u00f2 utilizzare su qualsiasi tipo di indumento e di borsa.<br \/>\nPosizionatene uno alla base del lembo di una borsa in tessuto, un altro nella parte superiore della vostra shopping tote, in modo che siano facilmente afferrabili.<br \/>\nIn realt\u00e0, \u00e8 pi\u00f9 utilizzato per gli indumenti che per le borse. Troverete i bottoni magnetici cuciti su cappotti, giacche e grembiuli.<\/p>\n<p><strong>Materiale:<\/strong><br \/>\nCapsula femmina:  Ferro, ottone comune o ottone ambientale disponibile<br \/>\nCapsula maschile: Ferro<br \/>\nMagnete interno: Magnete permanente in ferrite, magnete permanente al neodimio o entrambi.<\/p>\n<p><strong>Tre misure regolari: 10 mm, 14 mm e 18 mm.<\/strong><\/p>\n<table style=\"height: 308px;\" width=\"484\">\n<tbody>\n<tr>\n<td width=\"90\">Codice<\/td>\n<td width=\"123\">Femmina a scatto TH<\/td>\n<td width=\"124\">Femmina a scatto DIA<\/td>\n<\/tr>\n<tr>\n<td width=\"90\">RC-PB1420<\/td>\n<td width=\"123\">2 mm<\/td>\n<td width=\"124\">14 mm<\/td>\n<\/tr>\n<tr>\n<td width=\"90\">RC-PB1435<\/td>\n<td width=\"123\">3,5 mm<\/td>\n<td width=\"124\">14 mm<\/td>\n<\/tr>\n<tr>\n<td width=\"90\">RC-PB1820<\/td>\n<td width=\"123\">2 mm<\/td>\n<td width=\"124\">18 mm<\/td>\n<\/tr>\n<tr>\n<td width=\"90\">RC-PB1835<\/td>\n<td width=\"123\">3,5 mm<\/td>\n<td width=\"124\">18 mm<\/td>\n<\/tr>\n<tr>\n<td width=\"90\">RC-PB1020<\/td>\n<td width=\"123\">2 mm<\/td>\n<td width=\"124\">10 mm<\/td>\n<\/tr>\n<\/tbody>\n<\/table>\n<p><strong>Pacchetto: pacchetto<br \/>\n<\/strong>Tutti questi elementi possono essere dotati di gambe, steli o rivetti.<br \/>\n1 set = 1 maschio, 1 femmina, 2 rondelle<br \/>\n10 mm: 400 set\/scatola, 20 scatole\/cartone<br \/>\n14 mm: 200 set\/scatola, 20 scatole\/cartone<br \/>\n18 mm: 100 set\/scatola, 20 scatole\/cartone<br \/>\n<img decoding=\"async\" class=\"lazyload wp-image-5403 size-medium alignnone\" src=\"data:image\/svg+xml,%3Csvg%20xmlns%3D%27http%3A%2F%2Fwww.w3.org%2F2000%2Fsvg%27%20width%3D%27300%27%20height%3D%27300%27%20viewBox%3D%270%200%20300%20300%27%3E%3Crect%20width%3D%27300%27%20height%3D%27300%27%20fill-opacity%3D%220%22%2F%3E%3C%2Fsvg%3E\" data-orig-src=\"https:\/\/richarms.com\/wp-content\/uploads\/2018\/07\/sew-on-magnetic-snaps-button-3-300x300.jpg\" alt=\"\" width=\"300\" height=\"300\" \/><\/p>\n<p><strong>Finiture: finiture<br \/>\n<\/strong>Sono disponibili tutti i colori pi\u00f9 diffusi: ottone anticato, canna di fucile, oro, argento e altri ancora, come da display a disco colorato.<strong><br \/>\n<\/strong>La finitura standard \u00e8 lo scatto femmina PLAIN e lo scatto maschio PLAIN, logo personalizzato disponibile<br \/>\nI colori normali sono elencati di seguito. Sono disponibili anche finiture personalizzate per soddisfare le vostre esigenze.<\/p>\n<p><strong><img decoding=\"async\" class=\"lazyload alignnone size-full wp-image-5392\" src=\"https:\/\/richarms.com\/wp-content\/uploads\/2018\/07\/RICHARMS-COLOT-DIS.jpg\" data-orig-src=\"https:\/\/richarms.com\/wp-content\/uploads\/2018\/07\/RICHARMS-COLOT-DIS.jpg\" alt=\"\" width=\"651\" height=\"457\" srcset=\"data:image\/svg+xml,%3Csvg%20xmlns%3D%27http%3A%2F%2Fwww.w3.org%2F2000%2Fsvg%27%20width%3D%27651%27%20height%3D%27457%27%20viewBox%3D%270%200%20651%20457%27%3E%3Crect%20width%3D%27651%27%20height%3D%27457%27%20fill-opacity%3D%220%22%2F%3E%3C%2Fsvg%3E\" data-srcset=\"https:\/\/richarms.com\/wp-content\/uploads\/2018\/07\/RICHARMS-COLOT-DIS-200x140.jpg 200w, https:\/\/richarms.com\/wp-content\/uploads\/2018\/07\/RICHARMS-COLOT-DIS-300x211.jpg 300w, https:\/\/richarms.com\/wp-content\/uploads\/2018\/07\/RICHARMS-COLOT-DIS-400x281.jpg 400w, https:\/\/richarms.com\/wp-content\/uploads\/2018\/07\/RICHARMS-COLOT-DIS-500x351.jpg 500w, https:\/\/richarms.com\/wp-content\/uploads\/2018\/07\/RICHARMS-COLOT-DIS-600x421.jpg 600w, https:\/\/richarms.com\/wp-content\/uploads\/2018\/07\/RICHARMS-COLOT-DIS.jpg 651w\" data-sizes=\"auto\" data-orig-sizes=\"(max-width: 651px) 100vw, 651px\" \/><\/strong><\/p>","protected":false},"excerpt":{"rendered":"<p>Tipo: Chiusura a scatto magnetica da cucire<br \/>\nMateriale: Ottone, ferro, magnete<br \/>\nNumero di modello: RC-PB1020\/1420\/1435\/1820\/1835\/1845<br \/>\nLogo: Senza, personalizzabile<br \/>\nDimensioni: 10 mm 14 mm 18 mm<br \/>\nColore: Oro \/ Nichel \/ Pistola \/ Oro rosa \/ Formica \/ Altro<br \/>\nImballaggio: scatola e cartone<br \/>\nSpedizione: LCL \/ DHL \/ FedEx \/ TNT \/ Altro<\/p>","protected":false},"featured_media":6453,"template":"","meta":[],"product_brand":[],"product_cat":[15],"product_tag":[],"class_list":{"0":"post-2469","1":"product","2":"type-product","3":"status-publish","4":"has-post-thumbnail","6":"product_cat-magnetic-snaps","8":"first","9":"instock","10":"shipping-taxable","11":"product-type-simple"},"aioseo_notices":[],"_links":{"self":[{"href":"https:\/\/richarms.com\/it\/wp-json\/wp\/v2\/product\/2469","targetHints":{"allow":["GET"]}}],"collection":[{"href":"https:\/\/richarms.com\/it\/wp-json\/wp\/v2\/product"}],"about":[{"href":"https:\/\/richarms.com\/it\/wp-json\/wp\/v2\/types\/product"}],"wp:featuredmedia":[{"embeddable":true,"href":"https:\/\/richarms.com\/it\/wp-json\/wp\/v2\/media\/6453"}],"wp:attachment":[{"href":"https:\/\/richarms.com\/it\/wp-json\/wp\/v2\/media?parent=2469"}],"wp:term":[{"taxonomy":"product_brand","embeddable":true,"href":"https:\/\/richarms.com\/it\/wp-json\/wp\/v2\/product_brand?post=2469"},{"taxonomy":"product_cat","embeddable":true,"href":"https:\/\/richarms.com\/it\/wp-json\/wp\/v2\/product_cat?post=2469"},{"taxonomy":"product_tag","embeddable":true,"href":"https:\/\/richarms.com\/it\/wp-json\/wp\/v2\/product_tag?post=2469"}],"curies":[{"name":"wp","href":"https:\/\/api.w.org\/{rel}","templated":true}]}}