{"id":2483,"date":"2021-07-12T16:14:21","date_gmt":"2021-07-12T08:14:21","guid":{"rendered":"https:\/\/www.bangzhiyou.com\/?post_type=product&#038;p=2483"},"modified":"2025-04-02T11:03:57","modified_gmt":"2025-04-02T03:03:57","slug":"bzy-2018-m49","status":"publish","type":"product","link":"https:\/\/richarms.com\/it\/product\/bzy-2018-m49","title":{"rendered":"Moschettoni magnetici extra sottili"},"content":{"rendered":"<h2>Moschettoni magnetici rotondi extra sottili da 10 mm 12 mm 14 mm 18 mm per borsa, borsellino e diario<\/h2>\n<p>I bottoni automatici magnetici in ottone sono estremamente sottili e resistenti, in modo da essere posizionati a filo con il materiale. Lo spessore \u00e8 di 2 mm, il diametro \u00e8 di 10 mm, 12 mm, 14 mm, 18 mm e 8 mm pu\u00f2 essere personalizzato, <a href=\"https:\/\/richarms.com\/it\/prodotto\/bzy-aqx01\/\">20 mm<\/a> in un'altra struttura.<br \/>\nSono la scelta perfetta per le applicazioni in cui l'aspetto \u00e8 importante e si preferisce una tenuta forte, come borse in pelle, tote, borse a mano, copridiari, mini massaggi, zaini, shopping bag.<br \/>\nIl corpo del magnete \u00e8 incastonato nello spessore della pelle, lasciando una sottile flangia esterna a filo con la superficie della borsa.<\/p>\n<p>Richiesta di tariffa per ordini in blocco <a href=\"https:\/\/richarms.com\/it\/contact\/\">contattaci &gt;&gt;&gt;&gt;<\/a><br \/>\nPiccoli ordini si trasferiscono al nostro <a href=\"https:\/\/www.richarmshardware.com\/\">negozio online &gt;&gt;&gt;<\/a><\/p>\n<p><!--more--><\/p>\n<h4 style=\"text-align: left;\"><strong>Elenco delle dimensioni dei bottoni automatici magnetici extra sottili<\/strong><\/h4>\n<table style=\"height: 571px;\" width=\"757\">\n<tbody>\n<tr>\n<td width=\"79\">Codice<\/td>\n<td width=\"70\">Dimensione<\/td>\n<td width=\"83\">Scatto femminile<br \/>\nTH<\/td>\n<td width=\"57\">Punta<br \/>\nL<\/td>\n<td width=\"69\">Magnete<br \/>\nDimensione<\/td>\n<td width=\"113\">Immagine<\/td>\n<td width=\"243\">Descrizione<\/td>\n<\/tr>\n<tr>\n<td width=\"79\">RC-E1020<\/td>\n<td width=\"70\">Moschettone magnetico da 10 mm<\/td>\n<td width=\"83\">2 mm<\/td>\n<td width=\"57\">6,2 mm<\/td>\n<td width=\"69\">9,8 mm<\/td>\n<td width=\"113\">\n<p><div id=\"attachment_7188\" style=\"width: 91px\" class=\"wp-caption aligncenter\"><img decoding=\"async\" aria-describedby=\"caption-attachment-7188\" class=\"lazyload wp-image-7188\" title=\"Moschettoni magnetici da 10 mm\" src=\"https:\/\/richarms.com\/wp-content\/uploads\/2020\/03\/10X2.png\" data-orig-src=\"https:\/\/richarms.com\/wp-content\/uploads\/2020\/03\/10X2.png\" alt=\"\" width=\"81\" height=\"76\" srcset=\"data:image\/svg+xml,%3Csvg%20xmlns%3D%27http%3A%2F%2Fwww.w3.org%2F2000%2Fsvg%27%20width%3D%2781%27%20height%3D%2776%27%20viewBox%3D%270%200%2081%2076%27%3E%3Crect%20width%3D%2781%27%20height%3D%2776%27%20fill-opacity%3D%220%22%2F%3E%3C%2Fsvg%3E\" data-srcset=\"https:\/\/richarms.com\/wp-content\/uploads\/2020\/03\/10X2-200x188.png 200w, https:\/\/richarms.com\/wp-content\/uploads\/2020\/03\/10X2-300x283.png 300w, https:\/\/richarms.com\/wp-content\/uploads\/2020\/03\/10X2.png 330w\" data-sizes=\"auto\" data-orig-sizes=\"(max-width: 81px) 100vw, 81px\" \/><p id=\"caption-attachment-7188\" class=\"wp-caption-text\">Moschettoni magnetici extra sottili da 10 mm<\/p><\/div><\/td>\n<td width=\"243\">Un magnete potente in un formato molto piccolo.<br \/>\nPer piccole borse in pelle, mini portafogli, custodie per occhiali, giocattoli e connessioni elettroniche per piccoli dispositivi come il massaggiatore per gli occhi.<\/td>\n<\/tr>\n<tr>\n<td width=\"79\">RC-E1220<\/td>\n<td width=\"70\">Moschettone magnetico da 12 mm<\/td>\n<td width=\"83\">2 mm<\/td>\n<td width=\"57\">7,6 mm<\/td>\n<td width=\"69\">11,5 mm<\/td>\n<td width=\"113\">\n<p><div id=\"attachment_7214\" style=\"width: 106px\" class=\"wp-caption aligncenter\"><img decoding=\"async\" aria-describedby=\"caption-attachment-7214\" class=\"lazyload wp-image-7214\" title=\"Moschettoni magnetici da 12 mm\" src=\"https:\/\/richarms.com\/wp-content\/uploads\/2018\/08\/12X2.png\" data-orig-src=\"https:\/\/richarms.com\/wp-content\/uploads\/2018\/08\/12X2.png\" alt=\"\" width=\"96\" height=\"94\" srcset=\"data:image\/svg+xml,%3Csvg%20xmlns%3D%27http%3A%2F%2Fwww.w3.org%2F2000%2Fsvg%27%20width%3D%2796%27%20height%3D%2794%27%20viewBox%3D%270%200%2096%2094%27%3E%3Crect%20width%3D%2796%27%20height%3D%2794%27%20fill-opacity%3D%220%22%2F%3E%3C%2Fsvg%3E\" data-srcset=\"https:\/\/richarms.com\/wp-content\/uploads\/2018\/08\/12X2-66x66.png 66w, https:\/\/richarms.com\/wp-content\/uploads\/2018\/08\/12X2-200x197.png 200w, https:\/\/richarms.com\/wp-content\/uploads\/2018\/08\/12X2-300x295.png 300w, https:\/\/richarms.com\/wp-content\/uploads\/2018\/08\/12X2.png 396w\" data-sizes=\"auto\" data-orig-sizes=\"(max-width: 96px) 100vw, 96px\" \/><p id=\"caption-attachment-7214\" class=\"wp-caption-text\">Moschettoni magnetici extra sottili da 12 mm<\/p><\/div><\/td>\n<td width=\"243\">Ideale per piccole borse, portafogli e confezioni.<br \/>\nFaccia a vista e diametro ridotto.<\/td>\n<\/tr>\n<tr>\n<td width=\"79\">RC-E1420<\/td>\n<td width=\"70\">Moschettone magnetico da 14 mm<\/td>\n<td width=\"83\">2 mm<\/td>\n<td width=\"57\">7,6 mm<\/td>\n<td width=\"69\">11 mm<\/td>\n<td width=\"113\">\n<p><div id=\"attachment_7215\" style=\"width: 115px\" class=\"wp-caption aligncenter\"><img decoding=\"async\" aria-describedby=\"caption-attachment-7215\" class=\"lazyload wp-image-7215\" title=\"Moschettoni magnetici da 14 mm\" src=\"https:\/\/richarms.com\/wp-content\/uploads\/2018\/08\/14X2.png\" data-orig-src=\"https:\/\/richarms.com\/wp-content\/uploads\/2018\/08\/14X2.png\" alt=\"\" width=\"105\" height=\"102\" srcset=\"data:image\/svg+xml,%3Csvg%20xmlns%3D%27http%3A%2F%2Fwww.w3.org%2F2000%2Fsvg%27%20width%3D%27105%27%20height%3D%27102%27%20viewBox%3D%270%200%20105%20102%27%3E%3Crect%20width%3D%27105%27%20height%3D%27102%27%20fill-opacity%3D%220%22%2F%3E%3C%2Fsvg%3E\" data-srcset=\"https:\/\/richarms.com\/wp-content\/uploads\/2018\/08\/14X2-200x194.png 200w, https:\/\/richarms.com\/wp-content\/uploads\/2018\/08\/14X2-300x291.png 300w, https:\/\/richarms.com\/wp-content\/uploads\/2018\/08\/14X2-400x389.png 400w, https:\/\/richarms.com\/wp-content\/uploads\/2018\/08\/14X2-500x486.png 500w, https:\/\/richarms.com\/wp-content\/uploads\/2018\/08\/14X2.png 526w\" data-sizes=\"auto\" data-orig-sizes=\"(max-width: 105px) 100vw, 105px\" \/><p id=\"caption-attachment-7215\" class=\"wp-caption-text\">Moschettoni magnetici extra sottili da 14 mm<\/p><\/div><\/td>\n<td width=\"243\">Corpo sottile. Resistenza standard.<br \/>\nScatto elegante e di alta moda per borse, borsette, bagagli, astucci e copertine di diari.<\/td>\n<\/tr>\n<tr>\n<td width=\"79\">RC-E1820<\/td>\n<td width=\"70\">Moschettone magnetico da 18 mm<\/td>\n<td width=\"83\">2 mm<\/td>\n<td width=\"57\">9 mm<\/td>\n<td width=\"69\">12 mm<\/td>\n<td width=\"113\">\n<p><div id=\"attachment_7192\" style=\"width: 131px\" class=\"wp-caption alignnone\"><img decoding=\"async\" aria-describedby=\"caption-attachment-7192\" class=\"lazyload wp-image-7192\" title=\"Scatti magnetici da 18 mm\" src=\"https:\/\/richarms.com\/wp-content\/uploads\/2020\/03\/18X2.png\" data-orig-src=\"https:\/\/richarms.com\/wp-content\/uploads\/2020\/03\/18X2.png\" alt=\"\" width=\"121\" height=\"118\" srcset=\"data:image\/svg+xml,%3Csvg%20xmlns%3D%27http%3A%2F%2Fwww.w3.org%2F2000%2Fsvg%27%20width%3D%27121%27%20height%3D%27118%27%20viewBox%3D%270%200%20121%20118%27%3E%3Crect%20width%3D%27121%27%20height%3D%27118%27%20fill-opacity%3D%220%22%2F%3E%3C%2Fsvg%3E\" data-srcset=\"https:\/\/richarms.com\/wp-content\/uploads\/2020\/03\/18X2-200x194.png 200w, https:\/\/richarms.com\/wp-content\/uploads\/2020\/03\/18X2-300x291.png 300w, https:\/\/richarms.com\/wp-content\/uploads\/2020\/03\/18X2-400x388.png 400w, https:\/\/richarms.com\/wp-content\/uploads\/2020\/03\/18X2-500x485.png 500w, https:\/\/richarms.com\/wp-content\/uploads\/2020\/03\/18X2-600x582.png 600w, https:\/\/richarms.com\/wp-content\/uploads\/2020\/03\/18X2.png 627w\" data-sizes=\"auto\" data-orig-sizes=\"(max-width: 121px) 100vw, 121px\" \/><p id=\"caption-attachment-7192\" class=\"wp-caption-text\">Scatto magnetico extra sottile da 18 mm<\/p><\/div><\/td>\n<td width=\"243\">Corpo sottile con grande capacit\u00e0 di tenuta.<br \/>\nPer borse, tote, bagagli, zaini, imballaggi, settore automobilistico e aerospaziale.<\/td>\n<\/tr>\n<\/tbody>\n<\/table>\n<p><!--more--><\/p>\n<h4><strong><b>Richarms offre diversi tipi di magneti per tutte le soluzioni di mercato.<\/b><\/strong><\/h4>\n<p>La potenza di uno scatto magnetico \u00e8 determinata dalle dimensioni e dalla forza del magnete utilizzato nella sua costruzione. I magneti pi\u00f9 grandi, con una maggiore forza magnetica, garantiscono una chiusura pi\u00f9 forte, mentre quelli pi\u00f9 piccoli la rendono pi\u00f9 debole. Alcuni bottoni magnetici sono anche regolabili e consentono di adattare la potenza della chiusura alle proprie preferenze.<\/p>\n<p>Richarms offre la sua soluzione professionale per tote, zaini, borse, copertine di giornali, confezioni regalo e molti altri scopi.<\/p>\n<div id=\"attachment_7346\" style=\"width: 428px\" class=\"wp-caption alignnone\"><img decoding=\"async\" aria-describedby=\"caption-attachment-7346\" class=\"lazyload wp-image-7346 size-full\" src=\"https:\/\/richarms.com\/wp-content\/uploads\/2021\/07\/\u5fae\u4fe1\u622a\u56fe_20210824111345.png\" data-orig-src=\"https:\/\/richarms.com\/wp-content\/uploads\/2021\/07\/\u5fae\u4fe1\u622a\u56fe_20210824111345.png\" alt=\"Richarms, the Chinese Wholesale Professional Magnetic Snaps Factory has different strength option for thin or thick magnetic snaps, standard solution is from 0.5kg - 5kg, customized strength solution available.The image is showing our standard Strength: 18mm Thick (1.5kg \/ 3kg) 14mm Thick (0.5kg \/ 1.5kg) \" width=\"418\" height=\"682\" srcset=\"data:image\/svg+xml,%3Csvg%20xmlns%3D%27http%3A%2F%2Fwww.w3.org%2F2000%2Fsvg%27%20width%3D%27418%27%20height%3D%27682%27%20viewBox%3D%270%200%20418%20682%27%3E%3Crect%20width%3D%27418%27%20height%3D%27682%27%20fill-opacity%3D%220%22%2F%3E%3C%2Fsvg%3E\" data-srcset=\"https:\/\/richarms.com\/wp-content\/uploads\/2021\/07\/\u5fae\u4fe1\u622a\u56fe_20210824111345-184x300.png 184w, https:\/\/richarms.com\/wp-content\/uploads\/2021\/07\/\u5fae\u4fe1\u622a\u56fe_20210824111345-200x326.png 200w, https:\/\/richarms.com\/wp-content\/uploads\/2021\/07\/\u5fae\u4fe1\u622a\u56fe_20210824111345-400x653.png 400w, https:\/\/richarms.com\/wp-content\/uploads\/2021\/07\/\u5fae\u4fe1\u622a\u56fe_20210824111345.png 418w\" data-sizes=\"auto\" data-orig-sizes=\"(max-width: 418px) 100vw, 418px\" \/><p id=\"caption-attachment-7346\" class=\"wp-caption-text\">Richarms, la fabbrica cinese di snap magnetici professionali all'ingrosso, ha diverse opzioni di forza per gli snap magnetici sottili o spessi, la soluzione standard \u00e8 da 0,5 kg - 5 kg, soluzione di forza personalizzata disponibile.<br \/>L'immagine mostra la nostra Forza standard:<br \/>Spessore 18 mm (1,5 kg \/ 3 kg)<br \/>Spessore 14 mm (0,5 kg \/ 1,5 kg)<\/p><\/div>\n<p><!--more--><\/p>\n<h4>Come si producono gli snap magnetici?<\/h4>\n<p>La parte femmina di uno snap magnetico contiene tipicamente il magnete, mentre la parte maschio contiene un materiale ferromagnetico che viene attratto dal magnete, come il ferro o l'acciaio, e viene magnetizzato.<\/p>\n<p><img decoding=\"async\" class=\"lazyload wp-image-7163\" title=\"parte a scatto magnetico\" src=\"https:\/\/richarms.com\/wp-content\/uploads\/2020\/03\/\u8d85\u8584\u78c1\u529b-e1626186192975.png\" data-orig-src=\"https:\/\/richarms.com\/wp-content\/uploads\/2020\/03\/\u8d85\u8584\u78c1\u529b-e1626186192975.png\" alt=\"\" width=\"449\" height=\"131\" srcset=\"data:image\/svg+xml,%3Csvg%20xmlns%3D%27http%3A%2F%2Fwww.w3.org%2F2000%2Fsvg%27%20width%3D%27449%27%20height%3D%27131%27%20viewBox%3D%270%200%20449%20131%27%3E%3Crect%20width%3D%27449%27%20height%3D%27131%27%20fill-opacity%3D%220%22%2F%3E%3C%2Fsvg%3E\" data-srcset=\"https:\/\/richarms.com\/wp-content\/uploads\/2020\/03\/\u8d85\u8584\u78c1\u529b-e1626186192975-200x58.png 200w, https:\/\/richarms.com\/wp-content\/uploads\/2020\/03\/\u8d85\u8584\u78c1\u529b-e1626186192975-300x87.png 300w, https:\/\/richarms.com\/wp-content\/uploads\/2020\/03\/\u8d85\u8584\u78c1\u529b-e1626186192975-400x117.png 400w, https:\/\/richarms.com\/wp-content\/uploads\/2020\/03\/\u8d85\u8584\u78c1\u529b-e1626186192975-500x146.png 500w, https:\/\/richarms.com\/wp-content\/uploads\/2020\/03\/\u8d85\u8584\u78c1\u529b-e1626186192975-600x175.png 600w, https:\/\/richarms.com\/wp-content\/uploads\/2020\/03\/\u8d85\u8584\u78c1\u529b-e1626186192975-700x204.png 700w, https:\/\/richarms.com\/wp-content\/uploads\/2020\/03\/\u8d85\u8584\u78c1\u529b-e1626186192975-768x224.png 768w, https:\/\/richarms.com\/wp-content\/uploads\/2020\/03\/\u8d85\u8584\u78c1\u529b-e1626186192975-800x233.png 800w, https:\/\/richarms.com\/wp-content\/uploads\/2020\/03\/\u8d85\u8584\u78c1\u529b-e1626186192975.png 885w\" data-sizes=\"auto\" data-orig-sizes=\"(max-width: 449px) 100vw, 449px\" \/><\/p>\n<p><img decoding=\"async\" class=\"lazyload wp-image-7161\" title=\"materiale dei bottoni magnetici\" src=\"https:\/\/richarms.com\/wp-content\/uploads\/2020\/03\/materials-e1626143269166.png\" data-orig-src=\"https:\/\/richarms.com\/wp-content\/uploads\/2020\/03\/materials-e1626143269166.png\" alt=\"\" width=\"446\" height=\"199\" srcset=\"data:image\/svg+xml,%3Csvg%20xmlns%3D%27http%3A%2F%2Fwww.w3.org%2F2000%2Fsvg%27%20width%3D%27446%27%20height%3D%27199%27%20viewBox%3D%270%200%20446%20199%27%3E%3Crect%20width%3D%27446%27%20height%3D%27199%27%20fill-opacity%3D%220%22%2F%3E%3C%2Fsvg%3E\" data-srcset=\"https:\/\/richarms.com\/wp-content\/uploads\/2020\/03\/materials-e1626143269166-200x89.png 200w, https:\/\/richarms.com\/wp-content\/uploads\/2020\/03\/materials-e1626143269166-300x134.png 300w, https:\/\/richarms.com\/wp-content\/uploads\/2020\/03\/materials-e1626143269166-400x178.png 400w, https:\/\/richarms.com\/wp-content\/uploads\/2020\/03\/materials-e1626143269166-500x223.png 500w, https:\/\/richarms.com\/wp-content\/uploads\/2020\/03\/materials-e1626143269166.png 511w\" data-sizes=\"auto\" data-orig-sizes=\"(max-width: 446px) 100vw, 446px\" \/><\/p>\n<p><!--more--><\/p>\n<h4>Quale dettaglio vorremmo confermarvi quando avete bisogno di una soluzione perfetta per la vostra borsa e il vostro borsellino, per l'abbigliamento o per un mini dispositivo elettrico?<\/h4>\n<p style=\"text-align: left;\"><strong>Passo 1: scegliere il materiale<br \/>\n<\/strong>Capsula femmina:  Ferro, ottone comune o ottone ambientale disponibile<strong><br \/>\n<\/strong>Capsula maschile: Ferro<\/p>\n<p><strong><b>Fase 2: Scegliere F<\/b><\/strong><strong><b>tipi di finitura<\/b><\/strong><strong><b><br \/>\n<\/b><\/strong>Scatto femminile: Tinta unita, motivo, logo<\/p>\n<p><img decoding=\"async\" class=\"lazyload wp-image-7166\" title=\"bottoni magnetici finitura femmina\" src=\"data:image\/svg+xml,%3Csvg%20xmlns%3D%27http%3A%2F%2Fwww.w3.org%2F2000%2Fsvg%27%20width%3D%27288%27%20height%3D%27135%27%20viewBox%3D%270%200%20288%20135%27%3E%3Crect%20width%3D%27288%27%20height%3D%27135%27%20fill-opacity%3D%220%22%2F%3E%3C%2Fsvg%3E\" data-orig-src=\"https:\/\/richarms.com\/wp-content\/uploads\/2020\/03\/\u56fe\u72473.jpg\" alt=\"\" width=\"288\" height=\"135\" \/><\/p>\n<p>Scatto maschile: Liscio, con scritte, con logo<strong><br \/>\n<\/strong><\/p>\n<p><img decoding=\"async\" class=\"lazyload wp-image-7180\" title=\"bottoni magnetici finitura maschio\" src=\"https:\/\/richarms.com\/wp-content\/uploads\/2020\/03\/\u56fe\u72474.jpg\" data-orig-src=\"https:\/\/richarms.com\/wp-content\/uploads\/2020\/03\/\u56fe\u72474.jpg\" alt=\"\" width=\"301\" height=\"121\" srcset=\"data:image\/svg+xml,%3Csvg%20xmlns%3D%27http%3A%2F%2Fwww.w3.org%2F2000%2Fsvg%27%20width%3D%27301%27%20height%3D%27121%27%20viewBox%3D%270%200%20301%20121%27%3E%3Crect%20width%3D%27301%27%20height%3D%27121%27%20fill-opacity%3D%220%22%2F%3E%3C%2Fsvg%3E\" data-srcset=\"https:\/\/richarms.com\/wp-content\/uploads\/2020\/03\/\u56fe\u72474-200x80.jpg 200w, https:\/\/richarms.com\/wp-content\/uploads\/2020\/03\/\u56fe\u72474-300x120.jpg 300w, https:\/\/richarms.com\/wp-content\/uploads\/2020\/03\/\u56fe\u72474-400x160.jpg 400w, https:\/\/richarms.com\/wp-content\/uploads\/2020\/03\/\u56fe\u72474-500x200.jpg 500w, https:\/\/richarms.com\/wp-content\/uploads\/2020\/03\/\u56fe\u72474-600x241.jpg 600w, https:\/\/richarms.com\/wp-content\/uploads\/2020\/03\/\u56fe\u72474.jpg 651w\" data-sizes=\"auto\" data-orig-sizes=\"(max-width: 301px) 100vw, 301px\" \/><\/p>\n<p><strong><b>Fase 3: scegliere il colore dei bottoni automatici magnetici<\/b><\/strong><\/p>\n<div id=\"attachment_5392\" style=\"width: 661px\" class=\"wp-caption alignnone\"><img decoding=\"async\" aria-describedby=\"caption-attachment-5392\" class=\"lazyload wp-image-5392 size-full\" title=\"colore dei bottoni magnetici\" src=\"https:\/\/richarms.com\/wp-content\/uploads\/2018\/07\/RICHARMS-COLOT-DIS.jpg\" data-orig-src=\"https:\/\/richarms.com\/wp-content\/uploads\/2018\/07\/RICHARMS-COLOT-DIS.jpg\" alt=\"\" width=\"651\" height=\"457\" srcset=\"data:image\/svg+xml,%3Csvg%20xmlns%3D%27http%3A%2F%2Fwww.w3.org%2F2000%2Fsvg%27%20width%3D%27651%27%20height%3D%27457%27%20viewBox%3D%270%200%20651%20457%27%3E%3Crect%20width%3D%27651%27%20height%3D%27457%27%20fill-opacity%3D%220%22%2F%3E%3C%2Fsvg%3E\" data-srcset=\"https:\/\/richarms.com\/wp-content\/uploads\/2018\/07\/RICHARMS-COLOT-DIS-200x140.jpg 200w, https:\/\/richarms.com\/wp-content\/uploads\/2018\/07\/RICHARMS-COLOT-DIS-300x211.jpg 300w, https:\/\/richarms.com\/wp-content\/uploads\/2018\/07\/RICHARMS-COLOT-DIS-400x281.jpg 400w, https:\/\/richarms.com\/wp-content\/uploads\/2018\/07\/RICHARMS-COLOT-DIS-500x351.jpg 500w, https:\/\/richarms.com\/wp-content\/uploads\/2018\/07\/RICHARMS-COLOT-DIS-600x421.jpg 600w, https:\/\/richarms.com\/wp-content\/uploads\/2018\/07\/RICHARMS-COLOT-DIS.jpg 651w\" data-sizes=\"auto\" data-orig-sizes=\"(max-width: 651px) 100vw, 651px\" \/><p id=\"caption-attachment-5392\" class=\"wp-caption-text\"><span style=\"font-size: 16px;\">Inviate un'e-mail per ulteriori opzioni di colore, come nero spray, nero epossidico, arcobaleno, nichel perlato (nichel opaco), oro perlato, nichel spazzolato, oro spazzolato, argento antico, nero antico, ecc.<\/span><\/p><\/div>\n<p><strong><b>Qual \u00e8 la differenza tra i bottoni magnetici appesi e i bottoni magnetici rotanti?<\/b><\/strong><\/p>\n<p>La galvanotecnica si divide in galvanotecnica a sospensione, galvanotecnica a rullo, galvanotecnica continua e galvanotecnica a spazzola, principalmente in base alle dimensioni e al lotto dei pezzi da placcare.<\/p>\n<p>La placcatura a sospensione e la placcatura a rullo sono due metodi diversi di galvanizzazione, un processo in cui un sottile strato di metallo viene depositato sulla superficie di un materiale conduttivo. La placcatura a sospensione prevede la sospensione dell'oggetto da placcare in una soluzione di ioni metallici desiderati, utilizzando un filo o un altro meccanismo di sospensione. In questo modo, l'intera superficie dell'oggetto viene rivestita in modo uniforme con il metallo. La placcatura a rullo, invece, consiste nel far passare l'oggetto da placcare attraverso una soluzione degli ioni metallici desiderati utilizzando un rullo o un nastro trasportatore. Questo metodo \u00e8 pi\u00f9 efficiente per la placcatura di oggetti grandi o complessi, ma pu\u00f2 causare una copertura non uniforme o aree mancanti.<\/p>\n<p><img decoding=\"async\" class=\"lazyload wp-image-7165\" title=\"finitura con bottoni magnetici\" src=\"https:\/\/richarms.com\/wp-content\/uploads\/2020\/03\/\u56fe\u72471.jpg\" data-orig-src=\"https:\/\/richarms.com\/wp-content\/uploads\/2020\/03\/\u56fe\u72471.jpg\" alt=\"\" width=\"176\" height=\"248\" srcset=\"data:image\/svg+xml,%3Csvg%20xmlns%3D%27http%3A%2F%2Fwww.w3.org%2F2000%2Fsvg%27%20width%3D%27176%27%20height%3D%27248%27%20viewBox%3D%270%200%20176%20248%27%3E%3Crect%20width%3D%27176%27%20height%3D%27248%27%20fill-opacity%3D%220%22%2F%3E%3C%2Fsvg%3E\" data-srcset=\"https:\/\/richarms.com\/wp-content\/uploads\/2020\/03\/\u56fe\u72471-200x281.jpg 200w, https:\/\/richarms.com\/wp-content\/uploads\/2020\/03\/\u56fe\u72471-213x300.jpg 213w, https:\/\/richarms.com\/wp-content\/uploads\/2020\/03\/\u56fe\u72471.jpg 349w\" data-sizes=\"auto\" data-orig-sizes=\"(max-width: 176px) 100vw, 176px\" \/><\/p>\n<p><strong>I nostri imballaggi per diversi tipi di chiusure per borsellini<br \/>\n<\/strong>Tutti i formati di scatto magnetico possono essere forniti con gambe, steli o rivetti.<strong><br \/>\n<\/strong>1 set = 1 maschio, 1 femmina, 2 rondelle<strong><br \/>\n<\/strong>Chiusure magnetiche da 10 mm: 400 set\/scatola, 20 o 30 scatole\/cartone<strong><br \/>\n<\/strong>Chiusure magnetiche da 12 mm: 200 set\/scatola, 20 o 30 scatole\/cartone<strong><br \/>\n<\/strong>Chiusure magnetiche da 14 mm: 200 set\/scatola, 20 o 30 scatole\/cartone<strong><br \/>\n<\/strong>Chiusure magnetiche da 18 mm: 100 set\/scatola, 20 o 30 scatole\/cartone<\/p>\n<p><img decoding=\"async\" class=\"lazyload wp-image-5393 size-full\" title=\"set completo di bottoni magnetici\" src=\"https:\/\/richarms.com\/wp-content\/uploads\/2018\/07\/20150702163646_50174.jpg\" data-orig-src=\"https:\/\/richarms.com\/wp-content\/uploads\/2018\/07\/20150702163646_50174.jpg\" alt=\"\" width=\"300\" height=\"290\" srcset=\"data:image\/svg+xml,%3Csvg%20xmlns%3D%27http%3A%2F%2Fwww.w3.org%2F2000%2Fsvg%27%20width%3D%27300%27%20height%3D%27290%27%20viewBox%3D%270%200%20300%20290%27%3E%3Crect%20width%3D%27300%27%20height%3D%27290%27%20fill-opacity%3D%220%22%2F%3E%3C%2Fsvg%3E\" data-srcset=\"https:\/\/richarms.com\/wp-content\/uploads\/2018\/07\/20150702163646_50174-200x193.jpg 200w, https:\/\/richarms.com\/wp-content\/uploads\/2018\/07\/20150702163646_50174.jpg 300w\" data-sizes=\"auto\" data-orig-sizes=\"(max-width: 300px) 100vw, 300px\" \/><\/p>\n<p>&nbsp;<\/p>\n<h4><!--more-->Cos'\u00e8 il Magnetic Snaps?<\/h4>\n<p>I bottoni automatici magnetici sono piccoli magneti che vengono spesso utilizzati nei capi di abbigliamento e negli accessori, come borse e borsette, per chiudere in modo sicuro l'articolo. Quando due bottoni magnetici sono posizionati l'uno vicino all'altro, i magneti si attraggono e scattano insieme, mantenendo l'articolo chiuso. Sono un'alternativa comoda e facile da usare alle chiusure tradizionali, come bottoni o cerniere.<\/p>\n<h4><strong>Studio di caso<\/strong><\/h4>\n<p><img decoding=\"async\" class=\"lazyload wp-image-7160\" title=\"Applicazione dei bottoni magnetici\" src=\"https:\/\/richarms.com\/wp-content\/uploads\/2020\/03\/application.png\" data-orig-src=\"https:\/\/richarms.com\/wp-content\/uploads\/2020\/03\/application.png\" alt=\"\" width=\"474\" height=\"443\" srcset=\"data:image\/svg+xml,%3Csvg%20xmlns%3D%27http%3A%2F%2Fwww.w3.org%2F2000%2Fsvg%27%20width%3D%27474%27%20height%3D%27443%27%20viewBox%3D%270%200%20474%20443%27%3E%3Crect%20width%3D%27474%27%20height%3D%27443%27%20fill-opacity%3D%220%22%2F%3E%3C%2Fsvg%3E\" data-srcset=\"https:\/\/richarms.com\/wp-content\/uploads\/2020\/03\/application-200x187.png 200w, https:\/\/richarms.com\/wp-content\/uploads\/2020\/03\/application-300x280.png 300w, https:\/\/richarms.com\/wp-content\/uploads\/2020\/03\/application-400x374.png 400w, https:\/\/richarms.com\/wp-content\/uploads\/2020\/03\/application-500x467.png 500w, https:\/\/richarms.com\/wp-content\/uploads\/2020\/03\/application.png 598w\" data-sizes=\"auto\" data-orig-sizes=\"(max-width: 474px) 100vw, 474px\" \/><\/p>","protected":false},"excerpt":{"rendered":"<div class=\"post-content woocommerce-product-details__short-description\">\n<p><strong>Moschettoni magnetici rotondi extra sottili<\/strong><\/p>\n<p>Tipo: Standard\/Basic\/Classical\/Round\/Extra Thin\/ Slim Scatti magnetici standard\/Basic\/Classical\/Round\/Extra Thin\/ Slim<br \/>\nMateriale: Ottone, ferro, magnete<br \/>\nNumero di modello: RC-E1020\/1220\/1420\/1820<br \/>\nLogo personalizzato disponibile: Laser, Incavo, Utensili<br \/>\nDimensioni: 10 mm, 12 mm, 14 mm, 18 mm<br \/>\nResistenza: da 0,5 kg a 3 kg, e resistenza personalizzata disponibile<br \/>\nColore: Oro \/ Nichel \/ Pistola \/ Oro rosa \/ Formica \/ Altro<br \/>\nImballaggio: scatola e cartone<br \/>\nSpedizione: LCL\/ LDP\/DHL \/ FedEx \/ TNT \/ Altro<\/p>\n<\/div>","protected":false},"featured_media":6443,"template":"","meta":[],"product_brand":[],"product_cat":[15],"product_tag":[81,82,83,84,85,86,87],"class_list":{"0":"post-2483","1":"product","2":"type-product","3":"status-publish","4":"has-post-thumbnail","6":"product_cat-magnetic-snaps","7":"product_tag-extra-thin","8":"product_tag-slim","9":"product_tag-strong","10":"product_tag-18mm","11":"product_tag-14mm","12":"product_tag-12mm","13":"product_tag-10mm","15":"first","16":"instock","17":"shipping-taxable","18":"product-type-simple"},"aioseo_notices":[],"_links":{"self":[{"href":"https:\/\/richarms.com\/it\/wp-json\/wp\/v2\/product\/2483","targetHints":{"allow":["GET"]}}],"collection":[{"href":"https:\/\/richarms.com\/it\/wp-json\/wp\/v2\/product"}],"about":[{"href":"https:\/\/richarms.com\/it\/wp-json\/wp\/v2\/types\/product"}],"wp:featuredmedia":[{"embeddable":true,"href":"https:\/\/richarms.com\/it\/wp-json\/wp\/v2\/media\/6443"}],"wp:attachment":[{"href":"https:\/\/richarms.com\/it\/wp-json\/wp\/v2\/media?parent=2483"}],"wp:term":[{"taxonomy":"product_brand","embeddable":true,"href":"https:\/\/richarms.com\/it\/wp-json\/wp\/v2\/product_brand?post=2483"},{"taxonomy":"product_cat","embeddable":true,"href":"https:\/\/richarms.com\/it\/wp-json\/wp\/v2\/product_cat?post=2483"},{"taxonomy":"product_tag","embeddable":true,"href":"https:\/\/richarms.com\/it\/wp-json\/wp\/v2\/product_tag?post=2483"}],"curies":[{"name":"wp","href":"https:\/\/api.w.org\/{rel}","templated":true}]}}