{"id":5534,"date":"2021-05-09T16:20:24","date_gmt":"2021-05-09T08:20:24","guid":{"rendered":"https:\/\/richarms.com\/?post_type=product&#038;p=5534"},"modified":"2025-04-01T17:36:49","modified_gmt":"2025-04-01T09:36:49","slug":"strongest-magnet-neodymium-magnets-%e5%a4%8d%e5%88%b6","status":"publish","type":"product","link":"https:\/\/richarms.com\/ko\/product\/strongest-magnet-neodymium-magnets-%E5%A4%8D%E5%88%B6","title":{"rendered":"\uc228\uaca8\uc9c4 \uc790\uc11d\uc73c\ub85c \uc7ac\ubd09"},"content":{"rendered":"<h1 data-spm-anchor-id=\"a2700.details.pronpeci14.i0.747f30e780Y6sC\">\uc228\uaca8\uc9c4 \uc790\uc11d\uc73c\ub85c \uc7ac\ubd09\ud558\uae30 | \ub0b4\uad6c\uc131, \ubc29\uc218 \uc7ac\ubd09 \uc790\uc11d | \ub9ac\uce58\uc554\uc2a4<\/h1>\n<p class=\"\" data-start=\"436\" data-end=\"777\">\ub9ac\uce58\uc554\uc988\ub294 \ud601\uc2e0\uc801\uc778 <strong data-start=\"463\" data-end=\"488\">\uc228\uaca8\uc9c4 \uc790\uc11d \uc7ac\ubd09<\/strong>\ub294 \ub0b4\uad6c\uc131\uc774 \ub6f0\uc5b4\ub09c PVC\uc640 \uc720\uc5f0\ud558\uace0 \ubd80\ub4dc\ub7ec\uc6b4 \ucd09\uac10\uc758 TPR\uc744 \ud3ec\ud568\ud55c \ubc29\uc218 \ud50c\ub77c\uc2a4\ud2f1 \ucf00\uc774\uc2a4 \uc548\uc5d0 \uace0\uc131\ub2a5 \ub2e8\uadf9 \uc790\uc11d\uc744 \ub2e8\ub2e8\ud788 \ubc00\ubd09\ud558\uc5ec \uc804\ubb38\uc801\uc73c\ub85c \uc124\uacc4\ub418\uc5c8\uc2b5\ub2c8\ub2e4. \uc774 \ub2e4\uc6a9\ub3c4 \ud788\ub4e0 \uc790\uc11d\uc740 \uc9c1\ubb3c\uc5d0 \ub9e4\ub044\ub7fd\uac8c \ud1b5\ud569\ub418\uc5b4 \ub208\uc5d0 \ub744\uc9c0 \uc54a\uc73c\uba74\uc11c\ub3c4 \uacac\uace0\ud55c \uc790\uc11d \uc7a0\uae08 \uc194\ub8e8\uc158\uc744 \ubcf4\uc7a5\ud569\ub2c8\ub2e4.<\/p>\n<p class=\"\" data-start=\"779\" data-end=\"1158\">\ud3b8\ub9ac\ud568, \uc6b0\uc544\ud568, \uc2e0\ub8b0\uc131\uc744 \ubaa8\ub450 \uac16\ucd98 \uc18c\ub2c8\uc758 \uc7ac\ubd09 \uac00\ub2a5\ud55c \ud788\ub4e0 \ub9c8\uadf8\ub137. \uac15\ub825\ud55c \ub124\uc624\ub514\ubbb4 \uc790\uc11d\uc744 \ubc29\uc218 \ubc0f \uc0b0\ud654 \ubc29\uc9c0 PVC \ub610\ub294 TPR \ud544\ub984\uc73c\ub85c \uac10\uc2f8 \uc790\uc11d\uc758 \uc218\uba85\uc744 \uc5f0\uc7a5\ud558\uace0 \uc548\uc804\uc131\uc744 \uac15\ud654\ud558\uc5ec \uc790\uc11d\uc774 \ud30c\uc190\ub418\ub354\ub77c\ub3c4 \uc190\uc0c1\ub418\uc9c0 \uc54a\uace0 \uae30\ub2a5\uc744 \uc720\uc9c0\ud569\ub2c8\ub2e4. \uc790\uc11d \ud30c\ud3b8\uc774 \ud769\uc5b4\uc9c0\uc9c0 \uc54a\uc544 \uc790\ub825\uacfc \uc81c\ud488 \ubb34\uacb0\uc131\uc744 \ubcf4\uc874\ud560 \uc218 \uc788\uc2b5\ub2c8\ub2e4.<\/p>\n<p class=\"\" data-start=\"1160\" data-end=\"1192\"><strong data-start=\"1160\" data-end=\"1192\">\uc77c\ubc18\uc801\uc778 \uc751\uc6a9 \ud504\ub85c\uadf8\ub7a8\uc5d0\ub294 \ub2e4\uc74c\uc774 \ud3ec\ud568\ub429\ub2c8\ub2e4:<\/strong><\/p>\n<ul>\n<li data-start=\"1195\" data-end=\"1294\"><strong data-start=\"1195\" data-end=\"1218\">\ud578\ub4dc\ubc31 \ubc0f \uc9c0\uac11:<\/strong> \ub9e4\ub044\ub7fd\uac8c \uc228\uaca8\uc9c4 \ub9c8\uadf8\ub124\ud2f1 \ud074\ub85c\uc800\ub85c \uc138\ub828\ub41c \ubbf8\ud559\uc744 \uc720\uc9c0\ud569\ub2c8\ub2e4.<\/li>\n<li data-start=\"1297\" data-end=\"1380\"><strong data-start=\"1297\" data-end=\"1324\">\uac00\uc8fd \uc800\ub110 \ucee4\ubc84:<\/strong> \ud558\ub4dc\uc6e8\uc5b4\uac00 \ubcf4\uc774\uc9c0 \uc54a\ub294 \uace0\uae09\uc2a4\ub7ec\uc6b4 \ub290\ub08c\uacfc \uac04\ud3b8\ud55c \uc7a0\uae08 \uc7a5\uce58.<\/li>\n<li data-start=\"1383\" data-end=\"1466\"><strong data-start=\"1383\" data-end=\"1407\">\uc758\ub958 \ubc0f \uc544\uc6b0\ud130\uc6e8\uc5b4:<\/strong> \uc7ac\ud0b7, \ucf54\ud2b8, \uc8fc\uba38\ub2c8\uc5d0 \ub531 \ub9de\ub294 \ub208\uc5d0 \ub744\uc9c0 \uc54a\ub294 \uc5ec\ub2eb\uc774\uc785\ub2c8\ub2e4.<\/li>\n<li data-start=\"1469\" data-end=\"1561\"><strong data-start=\"1469\" data-end=\"1490\">\uc120\ubb3c \ubc0f \ud3ec\uc7a5:<\/strong> \ud504\ub9ac\ubbf8\uc5c4 \uc120\ubb3c \uc0c1\uc790 \ubc0f \ud3ec\uc7a5 \ub514\uc790\uc778\uc744 \uc704\ud55c \uc138\ub828\ub418\uace0 \uc548\uc804\ud55c \uc7a0\uae08 \uc7a5\uce58.<\/li>\n<\/ul>\n<p class=\"\" data-start=\"1563\" data-end=\"1767\">\uc228\uaca8\uc9c4 \uc790\uc11d\uc744 \ub9de\ucda4 \uc81c\uc791\ud558\ub294 \ubc29\ubc95\uc740 \uac04\ub2e8\ud569\ub2c8\ub2e4. \ub9ac\uce58\uc554\uc988\ub294 \uad11\ubc94\uc704\ud55c \uc720\uc5f0\uc131\uc744 \uc81c\uacf5\ud558\uc5ec \uc790\uae30 \uac15\ub3c4, \uc815\ud655\ud55c \uce58\uc218 \ubc0f \ubaa8\uc591\uc744 \uc120\ud0dd\ud558\uc5ec \uc815\ud655\ud55c \uc694\uad6c \uc0ac\ud56d\uc744 \ucda9\uc871\ud560 \uc218 \uc788\uc2b5\ub2c8\ub2e4.<\/p>\n<p class=\"\" data-start=\"1769\" data-end=\"2050\">\ub9de\ucda4\ud615 \ud504\ub85c\uc81d\ud2b8\ub97c \uc9c4\ud589\ud558\ub294 DIY \uc560\ud638\uac00\ub4e0, \ub300\ub7c9 \uc194\ub8e8\uc158\uc744 \ucc3e\ub294 \uc81c\uc870\uc5c5\uccb4\ub4e0, \uc800\ud76c\ub294 \uc5ec\ub7ec\ubd84\uc744 \uc9c0\uc6d0\ud569\ub2c8\ub2e4. DIY \uc0ac\uc6a9\uc790\ub294 \uc790\uc11d\uc744 \uc9c1\uc811 \uc27d\uac8c \uaff0\ub9ec \uc218 \uc788\uc9c0\ub9cc, \uc804\ubb38 \uc81c\uc870\uc5c5\uccb4\ub294 \uc6d0\ud65c\ud558\uace0 \ud6a8\uc728\uc801\uc778 \ub300\ub7c9 \uc0dd\uc0b0\uc744 \uc704\ud574 \uc804\ubb38 \uc7a5\ube44\ub97c \uc120\ud638\ud560 \uc218 \uc788\uc2b5\ub2c8\ub2e4.<\/p>\n<p class=\"\" data-start=\"2052\" data-end=\"2232\">\ub9de\ucda4\ud615 \uc194\ub8e8\uc158\uc774 \ud544\uc694\ud558\uba74 \ub2e4\uc74c \uc5f0\ub77d\ucc98\ub85c \ubb38\uc758\ud558\uc138\uc694. <strong data-start=\"2094\" data-end=\"2111\">\uc624\ub298\ub0a0\uc758 \uc804\ubb38\uac00<\/strong> \ub97c \ud1b5\ud574 \ub9de\ucda4 \uacac\uc801\uc744 \ubc1b\uac70\ub098 \ud3b8\ub9ac\ud558\uac8c \uc9c1\uc811 \uc8fc\ubb38\ud560 \uc218 \uc788\uc2b5\ub2c8\ub2e4. <a class=\"\" href=\"https:\/\/www.richarmshardware.com\/products\/invisible-sew-magnet-round-shape\" target=\"_new\" rel=\"noopener\" data-start=\"2181\" data-end=\"2230\">Shopify \uc2a4\ud1a0\uc5b4<\/a>.<\/p>\n<p class=\"\" data-start=\"2234\" data-end=\"2401\">\ud45c\uc900\uacfc \uac19\uc740 \uad00\ub828 \uc81c\ud488 \uc0b4\ud3b4\ubcf4\uae30 <a class=\"\" href=\"https:\/\/richarms.com\/ko\/product\/high-performance-neodymium-single-pole-magnet\/\" target=\"_new\" rel=\"noopener\" data-start=\"2277\" data-end=\"2373\">\ub2e8\uadf9 \uc790\uc11d<\/a> \ub97c \uc0ac\uc6a9\ud558\uba74 \ub354\uc6b1 \ub2e4\uc591\ud55c \uae30\ub2a5\uc744 \ud65c\uc6a9\ud560 \uc218 \uc788\uc2b5\ub2c8\ub2e4.<\/p>\n<p><strong>\uc7ac\uace0 \uc0ac\uc774\uc988\ub294 3\uc77c \uc774\ub0b4\uc5d0 \ubc30\uc1a1\ub429\ub2c8\ub2e4.<br \/>\n<\/strong>\ub514\uc2a4\ud06c \ubaa8\uc591(mm): 8\u00d72, 10\u00d72, 12\u00d72, 15\u00d72, 15\u00d73, 17\u00d72, 17\u00d73, 18\u00d72, 18\u00d73, 20\u00d72, 20\u00d73, 22\u00d73, 25\u00d73<br \/>\n\uc9c1\uc0ac\uac01\ud615 \ubaa8\uc591(mm): 20x10x2,27x8x3<\/p>\n<p>\uae30\ud0c0 \uc0ac\uc6a9\uc790 \uc9c0\uc815 \uce58\uc218 \ub9ac\ub4dc \ud0c0\uc784\uc740 15~20\uc77c\uc785\ub2c8\ub2e4.<\/p>\n<p><strong>\ud329\uff1a\uff1a<\/strong><\/p>\n<p>1\uc138\ud2b8 = 1 \"+\", 1 \"-\" \ub610\ub294 \uace0\uac1d\uc740 1\uadf9\ub9cc \uc8fc\ubb38\ud560 \uc218 \uc788\uc2b5\ub2c8\ub2e4.<\/p>\n<p><strong>\ub4f1\uae09:<\/strong><br \/>\nN30 N35M-N52M, N35H-N50H, N33SH-N45SH<\/p>\n<p><strong>\ub9c8\ubb34\ub9ac : \ub9c8\ubb34\ub9ac<br \/>\n<\/strong>\ud45c\uc900 \ub9c8\uac10\uc740 \uc77c\ubc18 \uae08\uc18d \ucea1, \uc77c\ubc18 \ub610\ub294 \ud328\ud134 \ud50c\ub77c\uc2a4\ud2f1 \ucee4\ubc84, \ub85c\uace0 \ub9de\ucda4 \uc81c\uc791 \uac00\ub2a5.<br \/>\n\uc77c\ubc18 \uc0c9\uc0c1\uc740 Zn\uc785\ub2c8\ub2e4. \uc694\uad6c \uc0ac\ud56d\uc744 \ucda9\uc871\ud558\ub294 \ub9de\ucda4\ud615 \ub9c8\uac10\ub3c4 \uac00\ub2a5\ud569\ub2c8\ub2e4.<\/p>\n<p><strong>\uc2e0\uccad: \uc2e0\uccad<br \/>\n<\/strong><img decoding=\"async\" class=\"lazyload alignnone wp-image-7332\" src=\"https:\/\/richarms.com\/wp-content\/uploads\/2021\/07\/\u56fe\u72472-3-e1626857824256.jpg\" data-orig-src=\"https:\/\/richarms.com\/wp-content\/uploads\/2021\/07\/\u56fe\u72472-3-e1626857824256.jpg\" alt=\"\" width=\"395\" height=\"316\" srcset=\"data:image\/svg+xml,%3Csvg%20xmlns%3D%27http%3A%2F%2Fwww.w3.org%2F2000%2Fsvg%27%20width%3D%27395%27%20height%3D%27316%27%20viewBox%3D%270%200%20395%20316%27%3E%3Crect%20width%3D%27395%27%20height%3D%27316%27%20fill-opacity%3D%220%22%2F%3E%3C%2Fsvg%3E\" data-srcset=\"https:\/\/richarms.com\/wp-content\/uploads\/2021\/07\/\u56fe\u72472-3-e1626857824256-177x142.jpg 177w, https:\/\/richarms.com\/wp-content\/uploads\/2021\/07\/\u56fe\u72472-3-e1626857824256-200x160.jpg 200w, https:\/\/richarms.com\/wp-content\/uploads\/2021\/07\/\u56fe\u72472-3-e1626857824256-300x241.jpg 300w, https:\/\/richarms.com\/wp-content\/uploads\/2021\/07\/\u56fe\u72472-3-e1626857824256-400x321.jpg 400w, https:\/\/richarms.com\/wp-content\/uploads\/2021\/07\/\u56fe\u72472-3-e1626857824256-500x401.jpg 500w, https:\/\/richarms.com\/wp-content\/uploads\/2021\/07\/\u56fe\u72472-3-e1626857824256-600x481.jpg 600w, https:\/\/richarms.com\/wp-content\/uploads\/2021\/07\/\u56fe\u72472-3-e1626857824256-700x562.jpg 700w, https:\/\/richarms.com\/wp-content\/uploads\/2021\/07\/\u56fe\u72472-3-e1626857824256-768x616.jpg 768w, https:\/\/richarms.com\/wp-content\/uploads\/2021\/07\/\u56fe\u72472-3-e1626857824256-800x642.jpg 800w, https:\/\/richarms.com\/wp-content\/uploads\/2021\/07\/\u56fe\u72472-3-e1626857824256.jpg 936w\" data-sizes=\"auto\" data-orig-sizes=\"(max-width: 395px) 100vw, 395px\" \/><\/p>","protected":false},"excerpt":{"rendered":"<p>\uc720\ud615: \ud50c\ub77c\uc2a4\ud2f1 \ucee4\ubc84\uac00 \uc788\ub294 \ubc29\uc218 \ubcf4\uc774\uc9c0 \uc54a\ub294 \uc790\uc11d \uc2a4\ub0c5 \uc7ac\ubd09\ud2c0<br \/>\n\ubcf5\ud569\uc7ac: \ub124\uc624\ub514\ubbb4 \uc790\uc11d, \ucca0\uc81c \ucea1, PVC \ucee4\ubc84<br \/>\n\ubaa8\uc591: \uc8fc\ubb38\ub300\ub85c \ub9cc\ub4e4\uae30<br \/>\n\ud5c8\uc6a9 \uc624\ucc28: \ud5c8\uc6a9 \uc624\ucc28: +\/-0.03 ~ +\/-0.15<br \/>\nGrade: N3N35M-N52M,N35H-N50H,N33SH-N45SH<br \/>\n\ud06c\uae30: \uc0ac\uc6a9\uc790 \uc9c0\uc815<br \/>\n\ubc29\ud5a5\uc744 \uc790\ud654\ud569\ub2c8\ub2e4: \uc0ac\uc6a9\uc790 \uc9c0\uc815<br \/>\n\ubc30\uc1a1: \ud574\uc0c1, \ud56d\uacf5 \ub610\ub294 \ud2b9\uae09 \ubc30\uc1a1<br \/>\n\uc628\ub3c4: \ucd5c\ub300 \uc791\ub3d9 \uc628\ub3c4\ub294 \ucd5c\ub300 230\ub3c4\uc785\ub2c8\ub2e4.<\/p>","protected":false},"featured_media":5536,"template":"","meta":[],"product_brand":[],"product_cat":[15,53],"product_tag":[],"class_list":{"0":"post-5534","1":"product","2":"type-product","3":"status-publish","4":"has-post-thumbnail","6":"product_cat-magnetic-snaps","7":"product_cat-magnets","9":"first","10":"instock","11":"featured","12":"shipping-taxable","13":"product-type-simple"},"aioseo_notices":[],"_links":{"self":[{"href":"https:\/\/richarms.com\/ko\/wp-json\/wp\/v2\/product\/5534","targetHints":{"allow":["GET"]}}],"collection":[{"href":"https:\/\/richarms.com\/ko\/wp-json\/wp\/v2\/product"}],"about":[{"href":"https:\/\/richarms.com\/ko\/wp-json\/wp\/v2\/types\/product"}],"wp:featuredmedia":[{"embeddable":true,"href":"https:\/\/richarms.com\/ko\/wp-json\/wp\/v2\/media\/5536"}],"wp:attachment":[{"href":"https:\/\/richarms.com\/ko\/wp-json\/wp\/v2\/media?parent=5534"}],"wp:term":[{"taxonomy":"product_brand","embeddable":true,"href":"https:\/\/richarms.com\/ko\/wp-json\/wp\/v2\/product_brand?post=5534"},{"taxonomy":"product_cat","embeddable":true,"href":"https:\/\/richarms.com\/ko\/wp-json\/wp\/v2\/product_cat?post=5534"},{"taxonomy":"product_tag","embeddable":true,"href":"https:\/\/richarms.com\/ko\/wp-json\/wp\/v2\/product_tag?post=5534"}],"curies":[{"name":"wp","href":"https:\/\/api.w.org\/{rel}","templated":true}]}}