{"id":5534,"date":"2021-05-09T16:20:24","date_gmt":"2021-05-09T08:20:24","guid":{"rendered":"https:\/\/richarms.com\/?post_type=product&#038;p=5534"},"modified":"2025-04-01T17:36:49","modified_gmt":"2025-04-01T09:36:49","slug":"strongest-magnet-neodymium-magnets-%e5%a4%8d%e5%88%b6","status":"publish","type":"product","link":"https:\/\/richarms.com\/nl\/product\/strongest-magnet-neodymium-magnets-%E5%A4%8D%E5%88%B6","title":{"rendered":"Innaaien Verborgen Magneet"},"content":{"rendered":"<h1 data-spm-anchor-id=\"a2700.details.pronpeci14.i0.747f30e780Y6sC\">Naai in verborgen magneet | Duurzame, Waterdichte Naaibare Magneten | Richarms<\/h1>\n<p class=\"\" data-start=\"436\" data-end=\"777\">Richarms biedt innovatieve <strong data-start=\"463\" data-end=\"488\">Verborgen magneten innaaien<\/strong>Deskundig ontworpen met een hoogwaardige enkelpolige magneet die veilig is ingebed in waterdichte kunststof omhulsels, waaronder duurzaam PVC en flexibel, zacht aanvoelend TPR. Deze veelzijdige verborgen magneten integreren naadloos in stoffen en zorgen voor een discrete maar robuuste magnetische sluitoplossing.<\/p>\n<p class=\"\" data-start=\"779\" data-end=\"1158\">Onze opnaaibare verborgen magneten combineren gemak, elegantie en betrouwbaarheid. Het omhullen van de krachtige neodymiummagneten in een waterdichte, oxidatiebestendige PVC- of TPR-folie zorgt voor een langere levensduur van de magneet en een verbeterde veiligheid - zelfs als een magneet breekt, blijft hij intact en behoudt hij zijn functionaliteit. De magneetfragmenten zullen niet uiteenvallen, waardoor de magnetische kracht en productintegriteit behouden blijven.<\/p>\n<p class=\"\" data-start=\"1160\" data-end=\"1192\"><strong data-start=\"1160\" data-end=\"1192\">Gebruikelijke toepassingen zijn onder andere:<\/strong><\/p>\n<ul>\n<li data-start=\"1195\" data-end=\"1294\"><strong data-start=\"1195\" data-end=\"1218\">Handtassen &amp; Portemonnees:<\/strong> Naadloos verborgen magnetische sluitingen die een verfijnde esthetiek behouden.<\/li>\n<li data-start=\"1297\" data-end=\"1380\"><strong data-start=\"1297\" data-end=\"1324\">Leren journaalcovers:<\/strong> Premium gevoel en gemakkelijke sluiting zonder zichtbare hardware.<\/li>\n<li data-start=\"1383\" data-end=\"1466\"><strong data-start=\"1383\" data-end=\"1407\">Kleding &amp; bovenkleding:<\/strong> Discrete sluitingen, perfect voor jassen, jacks en zakken.<\/li>\n<li data-start=\"1469\" data-end=\"1561\"><strong data-start=\"1469\" data-end=\"1490\">Geschenk &amp; verpakking:<\/strong> Verfijnde, veilige sluitingen voor hoogwaardige geschenkdozen en verpakkingsontwerpen.<\/li>\n<\/ul>\n<p class=\"\" data-start=\"1563\" data-end=\"1767\">Het aanpassen van je ingenaaide verborgen magneet is eenvoudig. Richarms biedt uitgebreide flexibiliteit, zodat je de magneetsterkte, precieze afmetingen en vorm kunt kiezen om precies aan je eisen te voldoen.<\/p>\n<p class=\"\" data-start=\"1769\" data-end=\"2050\">Of je nu een doe-het-zelver bent die aan aangepaste projecten werkt of een fabrikant die op zoek is naar oplossingen voor grote volumes, bij ons zit je goed. Doe-het-zelvers kunnen magneten eenvoudig rechtstreeks innaaien, terwijl professionele fabrikanten wellicht de voorkeur geven aan gespecialiseerde apparatuur voor naadloze, effici\u00ebnte massaproductie.<\/p>\n<p class=\"\" data-start=\"2052\" data-end=\"2232\">Neem voor een oplossing op maat contact op met onze <strong data-start=\"2094\" data-end=\"2111\">experts vandaag<\/strong> voor een persoonlijke offerte, of bestel gemakkelijk direct via onze <a class=\"\" href=\"https:\/\/www.richarmshardware.com\/products\/invisible-sew-magnet-round-shape\" target=\"_new\" rel=\"noopener\" data-start=\"2181\" data-end=\"2230\">Shopify-winkel<\/a>.<\/p>\n<p class=\"\" data-start=\"2234\" data-end=\"2401\">Ontdek verwante producten zoals onze standaard <a class=\"\" href=\"https:\/\/richarms.com\/nl\/product\/high-performance-neodymium-single-pole-magnet\/\" target=\"_new\" rel=\"noopener\" data-start=\"2277\" data-end=\"2373\">enkelpolige magneet<\/a> voor extra veelzijdigheid.<\/p>\n<p><strong>Ons voorraadformaat wordt binnen 3 dagen geleverd<br \/>\n<\/strong>Schijfvorm (mm): 8\u00d72, 10\u00d72, 12\u00d72, 15\u00d72, 15\u00d73, 17\u00d72, 17\u00d73, 18\u00d72, 18\u00d73, 20\u00d72, 20\u00d73, 22\u00d73, 25\u00d73<br \/>\nRechthoekige vorm (mm): 20x10x2,27x8x3<\/p>\n<p>Andere aangepaste dimensie doorlooptijd is 15-20 dagen<\/p>\n<p><strong>Verpakking\uff1a<\/strong><\/p>\n<p>1 set = 1 \"+\", 1 \"-\", of klant kan slechts 1 pool bestellen<\/p>\n<p><strong>Rang:<\/strong><br \/>\nN30 N35M-N52M, N35H-N50H, N33SH-N45SH<\/p>\n<p><strong>Afwerkingen\uff1a<br \/>\n<\/strong>Standaard afwerking is PLAIN metalen kap, PLAIN of PATTERN kunststof deksel, logo op maat beschikbaar<br \/>\nDe standaardkleur is Zn. Afwerkingen op maat zijn ook beschikbaar om aan uw eisen te voldoen.<\/p>\n<p><strong>Toepassing\uff1a<br \/>\n<\/strong><img decoding=\"async\" class=\"lazyload alignnone wp-image-7332\" src=\"https:\/\/richarms.com\/wp-content\/uploads\/2021\/07\/\u56fe\u72472-3-e1626857824256.jpg\" data-orig-src=\"https:\/\/richarms.com\/wp-content\/uploads\/2021\/07\/\u56fe\u72472-3-e1626857824256.jpg\" alt=\"\" width=\"395\" height=\"316\" srcset=\"data:image\/svg+xml,%3Csvg%20xmlns%3D%27http%3A%2F%2Fwww.w3.org%2F2000%2Fsvg%27%20width%3D%27395%27%20height%3D%27316%27%20viewBox%3D%270%200%20395%20316%27%3E%3Crect%20width%3D%27395%27%20height%3D%27316%27%20fill-opacity%3D%220%22%2F%3E%3C%2Fsvg%3E\" data-srcset=\"https:\/\/richarms.com\/wp-content\/uploads\/2021\/07\/\u56fe\u72472-3-e1626857824256-177x142.jpg 177w, https:\/\/richarms.com\/wp-content\/uploads\/2021\/07\/\u56fe\u72472-3-e1626857824256-200x160.jpg 200w, https:\/\/richarms.com\/wp-content\/uploads\/2021\/07\/\u56fe\u72472-3-e1626857824256-300x241.jpg 300w, https:\/\/richarms.com\/wp-content\/uploads\/2021\/07\/\u56fe\u72472-3-e1626857824256-400x321.jpg 400w, https:\/\/richarms.com\/wp-content\/uploads\/2021\/07\/\u56fe\u72472-3-e1626857824256-500x401.jpg 500w, https:\/\/richarms.com\/wp-content\/uploads\/2021\/07\/\u56fe\u72472-3-e1626857824256-600x481.jpg 600w, https:\/\/richarms.com\/wp-content\/uploads\/2021\/07\/\u56fe\u72472-3-e1626857824256-700x562.jpg 700w, https:\/\/richarms.com\/wp-content\/uploads\/2021\/07\/\u56fe\u72472-3-e1626857824256-768x616.jpg 768w, https:\/\/richarms.com\/wp-content\/uploads\/2021\/07\/\u56fe\u72472-3-e1626857824256-800x642.jpg 800w, https:\/\/richarms.com\/wp-content\/uploads\/2021\/07\/\u56fe\u72472-3-e1626857824256.jpg 936w\" data-sizes=\"auto\" data-orig-sizes=\"(max-width: 395px) 100vw, 395px\" \/><\/p>","protected":false},"excerpt":{"rendered":"<p>Type: Waterdicht Onzichtbaar Innaaien Magnetische Snaps met Plastic Dekking<br \/>\nSamenstelling: Neodymium magneet, ijzeren kap, PVC omhulsel<br \/>\nVorm: maak als bestelling<br \/>\nTolerantie: +\/-0,03 tot +\/-0,15<br \/>\nGrade: N3N35M-N52M,N35H-N50H,N33SH-N45SH<br \/>\nMaten: aangepast<br \/>\nrichting magnetiseren: Aangepast<br \/>\nlevering: over zee, door de lucht of per expresse<br \/>\nTemperatuur: De maximale bedrijfstemperatuur is maximaal 230 d<\/p>","protected":false},"featured_media":5536,"template":"","meta":[],"product_brand":[],"product_cat":[15,53],"product_tag":[],"class_list":{"0":"post-5534","1":"product","2":"type-product","3":"status-publish","4":"has-post-thumbnail","6":"product_cat-magnetic-snaps","7":"product_cat-magnets","9":"first","10":"instock","11":"featured","12":"shipping-taxable","13":"product-type-simple"},"aioseo_notices":[],"_links":{"self":[{"href":"https:\/\/richarms.com\/nl\/wp-json\/wp\/v2\/product\/5534","targetHints":{"allow":["GET"]}}],"collection":[{"href":"https:\/\/richarms.com\/nl\/wp-json\/wp\/v2\/product"}],"about":[{"href":"https:\/\/richarms.com\/nl\/wp-json\/wp\/v2\/types\/product"}],"wp:featuredmedia":[{"embeddable":true,"href":"https:\/\/richarms.com\/nl\/wp-json\/wp\/v2\/media\/5536"}],"wp:attachment":[{"href":"https:\/\/richarms.com\/nl\/wp-json\/wp\/v2\/media?parent=5534"}],"wp:term":[{"taxonomy":"product_brand","embeddable":true,"href":"https:\/\/richarms.com\/nl\/wp-json\/wp\/v2\/product_brand?post=5534"},{"taxonomy":"product_cat","embeddable":true,"href":"https:\/\/richarms.com\/nl\/wp-json\/wp\/v2\/product_cat?post=5534"},{"taxonomy":"product_tag","embeddable":true,"href":"https:\/\/richarms.com\/nl\/wp-json\/wp\/v2\/product_tag?post=5534"}],"curies":[{"name":"wp","href":"https:\/\/api.w.org\/{rel}","templated":true}]}}