{"id":2419,"date":"2021-07-11T13:06:07","date_gmt":"2021-07-11T05:06:07","guid":{"rendered":"https:\/\/www.bangzhiyou.com\/?post_type=product&#038;p=2419"},"modified":"2025-02-15T10:25:31","modified_gmt":"2025-02-15T02:25:31","slug":"bzy-aqx02","status":"publish","type":"product","link":"https:\/\/richarms.com\/pt\/product\/bzy-aqx02","title":{"rendered":"Snaps magn\u00e9ticos de cobertura total"},"content":{"rendered":"<h1><strong>14mm 18mm Round Thick Full Cover \/ Lip Magnetic Snaps, Fastener, Closures<\/strong><\/h1>\n<p>Os fechos magn\u00e9ticos de l\u00e1bio grosso podem impedir o deslizamento em todas as dire\u00e7\u00f5es, para maior seguran\u00e7a. Isso \u00e9 comumente usado em pastas.<\/p>\n<p><strong>Tamanho e c\u00f3digo:<\/strong><\/p>\n<table style=\"border-collapse: collapse; width: 761px; height: 413px;\" border=\"0\" width=\"996\" cellspacing=\"0\" cellpadding=\"0\">\n<tbody>\n<tr style=\"height: 31.20pt;\">\n<td class=\"et3\" style=\"height: 31.20pt; width: 87.45pt;\" width=\"145\" height=\"52\">C\u00f3digo<\/td>\n<td class=\"et3\" style=\"width: 54.80pt;\" width=\"91\">Tamanho<\/td>\n<td class=\"et3\" style=\"width: 78.60pt;\" width=\"131\">TH de encaixe f\u00eamea<\/td>\n<td class=\"et4\" style=\"width: 60.00pt;\" width=\"100\">\u00cdm\u00e3<br \/>\nDIA<\/td>\n<td class=\"et4\" style=\"width: 54.80pt;\" width=\"91\">Pronga<br \/>\nL<\/td>\n<td class=\"et4\" style=\"width: 97.70pt;\" width=\"162\">Imagem<\/td>\n<td class=\"et3\" style=\"width: 164.55pt;\" width=\"274\">Descri\u00e7\u00e3o<\/td>\n<\/tr>\n<tr style=\"height: 124.80pt;\">\n<td class=\"et3\" style=\"height: 124.80pt; width: 87.45pt;\" width=\"145\" height=\"208\">RC-FC1435<\/td>\n<td class=\"et4\" style=\"width: 54.80pt;\" width=\"91\">14 mm<\/td>\n<td class=\"et3\" style=\"width: 78.60pt;\" width=\"131\">3,5 mm<\/td>\n<td class=\"et3\" style=\"width: 60.00pt;\" width=\"100\">14 mm<\/td>\n<td class=\"et3\" style=\"width: 54.80pt;\" width=\"91\">7,6 mm<\/td>\n<td><img decoding=\"async\" class=\"lazyload wp-image-7299 aligncenter\" src=\"https:\/\/richarms.com\/wp-content\/uploads\/2021\/07\/143.5.jpg\" data-orig-src=\"https:\/\/richarms.com\/wp-content\/uploads\/2021\/07\/143.5.jpg\" alt=\"\" width=\"108\" height=\"86\" srcset=\"data:image\/svg+xml,%3Csvg%20xmlns%3D%27http%3A%2F%2Fwww.w3.org%2F2000%2Fsvg%27%20width%3D%27108%27%20height%3D%2786%27%20viewBox%3D%270%200%20108%2086%27%3E%3Crect%20width%3D%27108%27%20height%3D%2786%27%20fill-opacity%3D%220%22%2F%3E%3C%2Fsvg%3E\" data-srcset=\"https:\/\/richarms.com\/wp-content\/uploads\/2021\/07\/143.5-177x142.jpg 177w, https:\/\/richarms.com\/wp-content\/uploads\/2021\/07\/143.5-200x159.jpg 200w, https:\/\/richarms.com\/wp-content\/uploads\/2021\/07\/143.5-300x238.jpg 300w, https:\/\/richarms.com\/wp-content\/uploads\/2021\/07\/143.5-400x317.jpg 400w, https:\/\/richarms.com\/wp-content\/uploads\/2021\/07\/143.5.jpg 458w\" data-sizes=\"auto\" data-orig-sizes=\"(max-width: 108px) 100vw, 108px\" \/><\/td>\n<td class=\"et3\" style=\"width: 164.55pt;\" width=\"274\">Solu\u00e7\u00e3o de baixo custo.<br \/>\nCom menor pot\u00eancia, ser\u00e1 usado em pequenos itens promocionais, como cadernos pequenos, porta-cart\u00f5es, bolsas pequenas, bolsas para celulares e cole\u00e7\u00f5es relevantes.<\/td>\n<\/tr>\n<tr style=\"height: 62.40pt;\">\n<td class=\"et3\" style=\"height: 62.40pt; width: 87.45pt;\" width=\"145\" height=\"104\">RC-FC1840<\/td>\n<td class=\"et4\" style=\"width: 54.80pt;\" width=\"91\">18 mm<\/td>\n<td class=\"et3\" style=\"width: 78.60pt;\" width=\"131\">4 mm<\/td>\n<td class=\"et3\" style=\"width: 60.00pt;\" width=\"100\">18 mm<\/td>\n<td class=\"et3\" style=\"width: 54.80pt;\" width=\"91\">9 mm<\/td>\n<td><img decoding=\"async\" class=\"lazyload size-full wp-image-7296 aligncenter\" src=\"https:\/\/richarms.com\/wp-content\/uploads\/2021\/07\/\u56fe\u724724.png\" data-orig-src=\"https:\/\/richarms.com\/wp-content\/uploads\/2021\/07\/\u56fe\u724724.png\" alt=\"\" width=\"436\" height=\"345\" srcset=\"data:image\/svg+xml,%3Csvg%20xmlns%3D%27http%3A%2F%2Fwww.w3.org%2F2000%2Fsvg%27%20width%3D%27436%27%20height%3D%27345%27%20viewBox%3D%270%200%20436%20345%27%3E%3Crect%20width%3D%27436%27%20height%3D%27345%27%20fill-opacity%3D%220%22%2F%3E%3C%2Fsvg%3E\" data-srcset=\"https:\/\/richarms.com\/wp-content\/uploads\/2021\/07\/\u56fe\u724724-200x158.png 200w, https:\/\/richarms.com\/wp-content\/uploads\/2021\/07\/\u56fe\u724724-300x237.png 300w, https:\/\/richarms.com\/wp-content\/uploads\/2021\/07\/\u56fe\u724724-400x317.png 400w, https:\/\/richarms.com\/wp-content\/uploads\/2021\/07\/\u56fe\u724724.png 436w\" data-sizes=\"auto\" data-orig-sizes=\"(max-width: 436px) 100vw, 436px\" \/><\/td>\n<td class=\"et3\" style=\"width: 164.55pt;\" width=\"274\">Solu\u00e7\u00e3o de baixo custo.<br \/>\nDe resist\u00eancia m\u00e9dia e mais comumente usado no setor.<\/td>\n<\/tr>\n<tr style=\"height: 109.20pt;\">\n<td class=\"et3\" style=\"height: 109.20pt; width: 87.45pt;\" width=\"145\" height=\"182\">RC-FC1845<\/td>\n<td class=\"et4\" style=\"width: 54.80pt;\" width=\"91\">18 mm<\/td>\n<td class=\"et3\" style=\"width: 78.60pt;\" width=\"131\">4,5 mm<\/td>\n<td class=\"et3\" style=\"width: 60.00pt;\" width=\"100\">18 mm<\/td>\n<td class=\"et3\" style=\"width: 54.80pt;\" width=\"91\">9 mm<\/td>\n<td><img decoding=\"async\" class=\"lazyload size-full wp-image-7294 aligncenter\" src=\"https:\/\/richarms.com\/wp-content\/uploads\/2021\/07\/\u56fe\u724722.png\" data-orig-src=\"https:\/\/richarms.com\/wp-content\/uploads\/2021\/07\/\u56fe\u724722.png\" alt=\"\" width=\"462\" height=\"344\" srcset=\"data:image\/svg+xml,%3Csvg%20xmlns%3D%27http%3A%2F%2Fwww.w3.org%2F2000%2Fsvg%27%20width%3D%27462%27%20height%3D%27344%27%20viewBox%3D%270%200%20462%20344%27%3E%3Crect%20width%3D%27462%27%20height%3D%27344%27%20fill-opacity%3D%220%22%2F%3E%3C%2Fsvg%3E\" data-srcset=\"https:\/\/richarms.com\/wp-content\/uploads\/2021\/07\/\u56fe\u724722-200x149.png 200w, https:\/\/richarms.com\/wp-content\/uploads\/2021\/07\/\u56fe\u724722-300x223.png 300w, https:\/\/richarms.com\/wp-content\/uploads\/2021\/07\/\u56fe\u724722-400x298.png 400w, https:\/\/richarms.com\/wp-content\/uploads\/2021\/07\/\u56fe\u724722.png 462w\" data-sizes=\"auto\" data-orig-sizes=\"(max-width: 462px) 100vw, 462px\" \/><\/td>\n<td class=\"et3\" style=\"width: 164.55pt;\" width=\"274\">Os fechos magn\u00e9ticos extra grossos s\u00e3o nosso estilo mais popular.<br \/>\nMagn\u00e9tico de baixo custo; resist\u00eancia padr\u00e3o; usado em aplica\u00e7\u00f5es comuns, por exemplo, pasta, mochila, sacola.<\/td>\n<\/tr>\n<\/tbody>\n<\/table>\n<p><strong><b>Observa\u00e7\u00f5es: Forte poder do \u00edm\u00e3 Dispon\u00edvel<\/b><\/strong><\/p>\n<p style=\"text-align: left;\"><strong>Material:<br \/>\n<\/strong>C\u00e1psula masculina: Ferro<br \/>\nC\u00e1psula f\u00eamea:  Ferro, lat\u00e3o comum ou lat\u00e3o ambiental dispon\u00edvel<\/p>\n<p><img decoding=\"async\" class=\"lazyload alignnone wp-image-7161\" src=\"https:\/\/richarms.com\/wp-content\/uploads\/2020\/03\/materials-e1626143269166.png\" data-orig-src=\"https:\/\/richarms.com\/wp-content\/uploads\/2020\/03\/materials-e1626143269166.png\" alt=\"\" width=\"446\" height=\"199\" srcset=\"data:image\/svg+xml,%3Csvg%20xmlns%3D%27http%3A%2F%2Fwww.w3.org%2F2000%2Fsvg%27%20width%3D%27446%27%20height%3D%27199%27%20viewBox%3D%270%200%20446%20199%27%3E%3Crect%20width%3D%27446%27%20height%3D%27199%27%20fill-opacity%3D%220%22%2F%3E%3C%2Fsvg%3E\" data-srcset=\"https:\/\/richarms.com\/wp-content\/uploads\/2020\/03\/materials-e1626143269166-200x89.png 200w, https:\/\/richarms.com\/wp-content\/uploads\/2020\/03\/materials-e1626143269166-300x134.png 300w, https:\/\/richarms.com\/wp-content\/uploads\/2020\/03\/materials-e1626143269166-400x178.png 400w, https:\/\/richarms.com\/wp-content\/uploads\/2020\/03\/materials-e1626143269166-500x223.png 500w, https:\/\/richarms.com\/wp-content\/uploads\/2020\/03\/materials-e1626143269166.png 511w\" data-sizes=\"auto\" data-orig-sizes=\"(max-width: 446px) 100vw, 446px\" \/><\/p>\n<p>\u00cdm\u00e3 interno:<strong><b><br \/>\n<\/b><\/strong>Pot\u00eancia do \u00edm\u00e3 padr\u00e3o: \u00cdm\u00e3 permanente de ferrite<br \/>\nForte pot\u00eancia do \u00edm\u00e3: \u00cdm\u00e3 permanente de ferrite e neod\u00edmio<\/p>\n<p><img decoding=\"async\" class=\"lazyload alignnone wp-image-7164\" src=\"https:\/\/richarms.com\/wp-content\/uploads\/2020\/03\/\u78c1\u529b\u5bf9\u6bd4\u56fe.png\" data-orig-src=\"https:\/\/richarms.com\/wp-content\/uploads\/2020\/03\/\u78c1\u529b\u5bf9\u6bd4\u56fe.png\" alt=\"\" width=\"454\" height=\"360\" srcset=\"data:image\/svg+xml,%3Csvg%20xmlns%3D%27http%3A%2F%2Fwww.w3.org%2F2000%2Fsvg%27%20width%3D%27454%27%20height%3D%27360%27%20viewBox%3D%270%200%20454%20360%27%3E%3Crect%20width%3D%27454%27%20height%3D%27360%27%20fill-opacity%3D%220%22%2F%3E%3C%2Fsvg%3E\" data-srcset=\"https:\/\/richarms.com\/wp-content\/uploads\/2020\/03\/\u78c1\u529b\u5bf9\u6bd4\u56fe-200x159.png 200w, https:\/\/richarms.com\/wp-content\/uploads\/2020\/03\/\u78c1\u529b\u5bf9\u6bd4\u56fe-300x238.png 300w, https:\/\/richarms.com\/wp-content\/uploads\/2020\/03\/\u78c1\u529b\u5bf9\u6bd4\u56fe-400x317.png 400w, https:\/\/richarms.com\/wp-content\/uploads\/2020\/03\/\u78c1\u529b\u5bf9\u6bd4\u56fe-500x397.png 500w, https:\/\/richarms.com\/wp-content\/uploads\/2020\/03\/\u78c1\u529b\u5bf9\u6bd4\u56fe-600x476.png 600w, https:\/\/richarms.com\/wp-content\/uploads\/2020\/03\/\u78c1\u529b\u5bf9\u6bd4\u56fe-700x555.png 700w, https:\/\/richarms.com\/wp-content\/uploads\/2020\/03\/\u78c1\u529b\u5bf9\u6bd4\u56fe-768x609.png 768w, https:\/\/richarms.com\/wp-content\/uploads\/2020\/03\/\u78c1\u529b\u5bf9\u6bd4\u56fe-800x635.png 800w, https:\/\/richarms.com\/wp-content\/uploads\/2020\/03\/\u78c1\u529b\u5bf9\u6bd4\u56fe-1024x813.png 1024w, https:\/\/richarms.com\/wp-content\/uploads\/2020\/03\/\u78c1\u529b\u5bf9\u6bd4\u56fe-1200x952.png 1200w, https:\/\/richarms.com\/wp-content\/uploads\/2020\/03\/\u78c1\u529b\u5bf9\u6bd4\u56fe-1536x1219.png 1536w, https:\/\/richarms.com\/wp-content\/uploads\/2020\/03\/\u78c1\u529b\u5bf9\u6bd4\u56fe.png 1661w\" data-sizes=\"auto\" data-orig-sizes=\"(max-width: 454px) 100vw, 454px\" \/><\/p>\n<p><img decoding=\"async\" class=\"lazyload alignnone size-full wp-image-7169\" src=\"https:\/\/richarms.com\/wp-content\/uploads\/2020\/03\/\u5fae\u4fe1\u622a\u56fe_20210712180015.png\" data-orig-src=\"https:\/\/richarms.com\/wp-content\/uploads\/2020\/03\/\u5fae\u4fe1\u622a\u56fe_20210712180015.png\" alt=\"\" width=\"488\" height=\"793\" srcset=\"data:image\/svg+xml,%3Csvg%20xmlns%3D%27http%3A%2F%2Fwww.w3.org%2F2000%2Fsvg%27%20width%3D%27488%27%20height%3D%27793%27%20viewBox%3D%270%200%20488%20793%27%3E%3Crect%20width%3D%27488%27%20height%3D%27793%27%20fill-opacity%3D%220%22%2F%3E%3C%2Fsvg%3E\" data-srcset=\"https:\/\/richarms.com\/wp-content\/uploads\/2020\/03\/\u5fae\u4fe1\u622a\u56fe_20210712180015-185x300.png 185w, https:\/\/richarms.com\/wp-content\/uploads\/2020\/03\/\u5fae\u4fe1\u622a\u56fe_20210712180015-200x325.png 200w, https:\/\/richarms.com\/wp-content\/uploads\/2020\/03\/\u5fae\u4fe1\u622a\u56fe_20210712180015-400x650.png 400w, https:\/\/richarms.com\/wp-content\/uploads\/2020\/03\/\u5fae\u4fe1\u622a\u56fe_20210712180015.png 488w\" data-sizes=\"auto\" data-orig-sizes=\"(max-width: 488px) 100vw, 488px\" \/><\/p>\n<p><strong><b>F<\/b><\/strong><strong><b>inish<\/b><\/strong><strong><b>\uff1a<br \/>\n<\/b><\/strong>Estampa feminina: Liso, com padr\u00e3o, com logotipo<\/p>\n<p><img decoding=\"async\" class=\"lazyload alignnone wp-image-7166\" src=\"data:image\/svg+xml,%3Csvg%20xmlns%3D%27http%3A%2F%2Fwww.w3.org%2F2000%2Fsvg%27%20width%3D%27288%27%20height%3D%27135%27%20viewBox%3D%270%200%20288%20135%27%3E%3Crect%20width%3D%27288%27%20height%3D%27135%27%20fill-opacity%3D%220%22%2F%3E%3C%2Fsvg%3E\" data-orig-src=\"https:\/\/richarms.com\/wp-content\/uploads\/2020\/03\/\u56fe\u72473.jpg\" alt=\"\" width=\"288\" height=\"135\" \/><\/p>\n<p>Snap masculino: Simples, com texto, com logotipo<\/p>\n<p><img decoding=\"async\" class=\"lazyload alignnone wp-image-7180\" src=\"https:\/\/richarms.com\/wp-content\/uploads\/2020\/03\/\u56fe\u72474.jpg\" data-orig-src=\"https:\/\/richarms.com\/wp-content\/uploads\/2020\/03\/\u56fe\u72474.jpg\" alt=\"\" width=\"301\" height=\"121\" srcset=\"data:image\/svg+xml,%3Csvg%20xmlns%3D%27http%3A%2F%2Fwww.w3.org%2F2000%2Fsvg%27%20width%3D%27301%27%20height%3D%27121%27%20viewBox%3D%270%200%20301%20121%27%3E%3Crect%20width%3D%27301%27%20height%3D%27121%27%20fill-opacity%3D%220%22%2F%3E%3C%2Fsvg%3E\" data-srcset=\"https:\/\/richarms.com\/wp-content\/uploads\/2020\/03\/\u56fe\u72474-200x80.jpg 200w, https:\/\/richarms.com\/wp-content\/uploads\/2020\/03\/\u56fe\u72474-300x120.jpg 300w, https:\/\/richarms.com\/wp-content\/uploads\/2020\/03\/\u56fe\u72474-400x160.jpg 400w, https:\/\/richarms.com\/wp-content\/uploads\/2020\/03\/\u56fe\u72474-500x200.jpg 500w, https:\/\/richarms.com\/wp-content\/uploads\/2020\/03\/\u56fe\u72474-600x241.jpg 600w, https:\/\/richarms.com\/wp-content\/uploads\/2020\/03\/\u56fe\u72474.jpg 651w\" data-sizes=\"auto\" data-orig-sizes=\"(max-width: 301px) 100vw, 301px\" \/><\/p>\n<p><strong>Embalagem<\/strong><strong>\uff1a<br \/>\n<\/strong><\/p>\n<p>Todos eles podem ser fornecidos com pernas, hastes ou rebites.<br \/>\n1 conjunto = 1 macho, 1 f\u00eamea, 2 arruelas<br \/>\n14 mm: 200 conjuntos\/caixa, 20 caixas\/caixa de papel\u00e3o<br \/>\n18 mm: 100 conjuntos\/caixa, 20 caixas\/caixa de papel\u00e3o<\/p>\n<p><img decoding=\"async\" class=\"lazyload alignnone size-full wp-image-5484\" src=\"https:\/\/richarms.com\/wp-content\/uploads\/2018\/07\/Cover-magnetic-snaps.jpg\" data-orig-src=\"https:\/\/richarms.com\/wp-content\/uploads\/2018\/07\/Cover-magnetic-snaps.jpg\" alt=\"\" width=\"290\" height=\"270\" srcset=\"data:image\/svg+xml,%3Csvg%20xmlns%3D%27http%3A%2F%2Fwww.w3.org%2F2000%2Fsvg%27%20width%3D%27290%27%20height%3D%27270%27%20viewBox%3D%270%200%20290%20270%27%3E%3Crect%20width%3D%27290%27%20height%3D%27270%27%20fill-opacity%3D%220%22%2F%3E%3C%2Fsvg%3E\" data-srcset=\"https:\/\/richarms.com\/wp-content\/uploads\/2018\/07\/Cover-magnetic-snaps-200x186.jpg 200w, https:\/\/richarms.com\/wp-content\/uploads\/2018\/07\/Cover-magnetic-snaps.jpg 290w\" data-sizes=\"auto\" data-orig-sizes=\"(max-width: 290px) 100vw, 290px\" \/><\/p>\n<p><strong><b>Diferen\u00e7a entre pendurar e enrolar<\/b><\/strong><\/p>\n<p><img decoding=\"async\" class=\"lazyload alignnone wp-image-7165\" src=\"https:\/\/richarms.com\/wp-content\/uploads\/2020\/03\/\u56fe\u72471.jpg\" data-orig-src=\"https:\/\/richarms.com\/wp-content\/uploads\/2020\/03\/\u56fe\u72471.jpg\" alt=\"\" width=\"176\" height=\"248\" srcset=\"data:image\/svg+xml,%3Csvg%20xmlns%3D%27http%3A%2F%2Fwww.w3.org%2F2000%2Fsvg%27%20width%3D%27176%27%20height%3D%27248%27%20viewBox%3D%270%200%20176%20248%27%3E%3Crect%20width%3D%27176%27%20height%3D%27248%27%20fill-opacity%3D%220%22%2F%3E%3C%2Fsvg%3E\" data-srcset=\"https:\/\/richarms.com\/wp-content\/uploads\/2020\/03\/\u56fe\u72471-200x281.jpg 200w, https:\/\/richarms.com\/wp-content\/uploads\/2020\/03\/\u56fe\u72471-213x300.jpg 213w, https:\/\/richarms.com\/wp-content\/uploads\/2020\/03\/\u56fe\u72471.jpg 349w\" data-sizes=\"auto\" data-orig-sizes=\"(max-width: 176px) 100vw, 176px\" \/><\/p>\n<p><strong><b>Regular Cor listada<br \/>\n<\/b><\/strong><strong><img decoding=\"async\" class=\"lazyload alignnone size-full wp-image-5392\" src=\"https:\/\/richarms.com\/wp-content\/uploads\/2018\/07\/RICHARMS-COLOT-DIS.jpg\" data-orig-src=\"https:\/\/richarms.com\/wp-content\/uploads\/2018\/07\/RICHARMS-COLOT-DIS.jpg\" alt=\"\" width=\"651\" height=\"457\" srcset=\"data:image\/svg+xml,%3Csvg%20xmlns%3D%27http%3A%2F%2Fwww.w3.org%2F2000%2Fsvg%27%20width%3D%27651%27%20height%3D%27457%27%20viewBox%3D%270%200%20651%20457%27%3E%3Crect%20width%3D%27651%27%20height%3D%27457%27%20fill-opacity%3D%220%22%2F%3E%3C%2Fsvg%3E\" data-srcset=\"https:\/\/richarms.com\/wp-content\/uploads\/2018\/07\/RICHARMS-COLOT-DIS-200x140.jpg 200w, https:\/\/richarms.com\/wp-content\/uploads\/2018\/07\/RICHARMS-COLOT-DIS-300x211.jpg 300w, https:\/\/richarms.com\/wp-content\/uploads\/2018\/07\/RICHARMS-COLOT-DIS-400x281.jpg 400w, https:\/\/richarms.com\/wp-content\/uploads\/2018\/07\/RICHARMS-COLOT-DIS-500x351.jpg 500w, https:\/\/richarms.com\/wp-content\/uploads\/2018\/07\/RICHARMS-COLOT-DIS-600x421.jpg 600w, https:\/\/richarms.com\/wp-content\/uploads\/2018\/07\/RICHARMS-COLOT-DIS.jpg 651w\" data-sizes=\"auto\" data-orig-sizes=\"(max-width: 651px) 100vw, 651px\" \/><\/strong><\/p>\n<p><strong><b>Aplicativo<\/b><\/strong><\/p>\n<p>Esses fechos magn\u00e9ticos s\u00e3o perfeitos para uso em artigos de papelaria, bolsas e embalagens para presentes, com op\u00e7\u00f5es personaliz\u00e1veis dispon\u00edveis para setores especializados, como o de dispositivos m\u00e9dicos.<\/p>\n<ul>\n<li>Os fechos magn\u00e9ticos da Richarms s\u00e3o projetados para fechos de alta qualidade com op\u00e7\u00f5es personaliz\u00e1veis para atender \u00e0s suas necessidades exatas, fornecendo uma solu\u00e7\u00e3o confi\u00e1vel para acess\u00f3rios de moda, bolsas e muito mais.<\/li>\n<\/ul>\n<p><strong><b><br \/>\n<\/b><\/strong><a href=\"https:\/\/www.pinterest.com\/richarmsaccessoriesgroups\/innovative-uses-of-magnetic-snaps-in-home-decor\/\"><img decoding=\"async\" class=\"lazyload alignnone wp-image-7160\" src=\"https:\/\/richarms.com\/wp-content\/uploads\/2020\/03\/application.png\" data-orig-src=\"https:\/\/richarms.com\/wp-content\/uploads\/2020\/03\/application.png\" alt=\"\" width=\"474\" height=\"443\" srcset=\"data:image\/svg+xml,%3Csvg%20xmlns%3D%27http%3A%2F%2Fwww.w3.org%2F2000%2Fsvg%27%20width%3D%27474%27%20height%3D%27443%27%20viewBox%3D%270%200%20474%20443%27%3E%3Crect%20width%3D%27474%27%20height%3D%27443%27%20fill-opacity%3D%220%22%2F%3E%3C%2Fsvg%3E\" data-srcset=\"https:\/\/richarms.com\/wp-content\/uploads\/2020\/03\/application-200x187.png 200w, https:\/\/richarms.com\/wp-content\/uploads\/2020\/03\/application-300x280.png 300w, https:\/\/richarms.com\/wp-content\/uploads\/2020\/03\/application-400x374.png 400w, https:\/\/richarms.com\/wp-content\/uploads\/2020\/03\/application-500x467.png 500w, https:\/\/richarms.com\/wp-content\/uploads\/2020\/03\/application.png 598w\" data-sizes=\"auto\" data-orig-sizes=\"(max-width: 474px) 100vw, 474px\" \/><\/a><\/p>\n<h3 data-start=\"3739\" data-end=\"3775\"><strong data-start=\"3743\" data-end=\"3775\"><a href=\"https:\/\/richarms.com\/pt\/6566.html\/\">Personaliza\u00e7\u00e3o de encaixe magn\u00e9tico<\/a>:<\/strong><\/h3>\n<p data-start=\"3777\" data-end=\"4070\">Em <strong data-start=\"3780\" data-end=\"3792\">Armas ricas<\/strong>oferecemos <strong data-start=\"3803\" data-end=\"3827\">solu\u00e7\u00f5es personalizadas<\/strong> para atender \u00e0s suas necessidades espec\u00edficas, seja para <strong data-start=\"3874\" data-end=\"3889\">tamanho do \u00edm\u00e3<\/strong>, <strong data-start=\"3891\" data-end=\"3911\">op\u00e7\u00f5es de materiais<\/strong>ou <strong data-start=\"3916\" data-end=\"3936\">varia\u00e7\u00f5es de cores<\/strong>. Nossos <strong data-start=\"3942\" data-end=\"3971\">fechos magn\u00e9ticos de cobertura total<\/strong> s\u00e3o cuidadosamente elaborados para oferecer <strong data-start=\"4003\" data-end=\"4022\">durabilidade de ambos<\/strong> e <strong data-start=\"4027\" data-end=\"4036\">estilo<\/strong> para uma ampla gama de aplica\u00e7\u00f5es.<\/p>\n<p>&nbsp;<\/p>","protected":false},"excerpt":{"rendered":"<p>Tipo: Snaps magn\u00e9ticos padr\u00e3o\/b\u00e1sicos\/cl\u00e1ssicos<br \/>\nMaterial: Lat\u00e3o, ferro, \u00edm\u00e3<br \/>\nN\u00famero do modelo: RC-C1435\/1835\/1845<br \/>\nLogotipo personalizado dispon\u00edvel: Laser, Caved, Tooling<br \/>\nTamanho: 14 mm, 18 mm<br \/>\nCor: Ouro \/ N\u00edquel \/ Pistola \/ Ouro Rosa \/ Formiga Escovada \/ Outra<br \/>\nEmbalagem: caixa e caixa de papel\u00e3o<br \/>\nEnvio: LCL\/ DHL \/ FedEx \/ TNT \/ Outros<\/p>","protected":false},"featured_media":6452,"template":"","meta":[],"product_brand":[],"product_cat":[15],"product_tag":[],"class_list":{"0":"post-2419","1":"product","2":"type-product","3":"status-publish","4":"has-post-thumbnail","6":"product_cat-magnetic-snaps","8":"first","9":"instock","10":"shipping-taxable","11":"product-type-simple"},"aioseo_notices":[],"_links":{"self":[{"href":"https:\/\/richarms.com\/pt\/wp-json\/wp\/v2\/product\/2419","targetHints":{"allow":["GET"]}}],"collection":[{"href":"https:\/\/richarms.com\/pt\/wp-json\/wp\/v2\/product"}],"about":[{"href":"https:\/\/richarms.com\/pt\/wp-json\/wp\/v2\/types\/product"}],"wp:featuredmedia":[{"embeddable":true,"href":"https:\/\/richarms.com\/pt\/wp-json\/wp\/v2\/media\/6452"}],"wp:attachment":[{"href":"https:\/\/richarms.com\/pt\/wp-json\/wp\/v2\/media?parent=2419"}],"wp:term":[{"taxonomy":"product_brand","embeddable":true,"href":"https:\/\/richarms.com\/pt\/wp-json\/wp\/v2\/product_brand?post=2419"},{"taxonomy":"product_cat","embeddable":true,"href":"https:\/\/richarms.com\/pt\/wp-json\/wp\/v2\/product_cat?post=2419"},{"taxonomy":"product_tag","embeddable":true,"href":"https:\/\/richarms.com\/pt\/wp-json\/wp\/v2\/product_tag?post=2419"}],"curies":[{"name":"wp","href":"https:\/\/api.w.org\/{rel}","templated":true}]}}