{"id":2434,"date":"2021-07-10T14:56:32","date_gmt":"2021-07-10T06:56:32","guid":{"rendered":"https:\/\/www.bangzhiyou.com\/?post_type=product&#038;p=2434"},"modified":"2025-04-01T16:56:14","modified_gmt":"2025-04-01T08:56:14","slug":"bzy-2018-m52","status":"publish","type":"product","link":"https:\/\/richarms.com\/pt\/product\/bzy-2018-m52","title":{"rendered":"Snap magn\u00e9tico quadrado"},"content":{"rendered":"<h1 data-pm-slice=\"1 1 []\">Fecho magn\u00e9tico quadrado ultrafino - Solu\u00e7\u00e3o de fechamento elegante e pr\u00e1tica<\/h1>\n<h2>Design diferenciado com funcionalidade excepcional<\/h2>\n<p>O Square Magnetic Snap da Richarms oferece eleg\u00e2ncia e desempenho superior em um design compacto e elegante. Combinando a confiabilidade e a for\u00e7a magn\u00e9tica de nossos populares <a href=\"https:\/\/richarms.com\/pt\/produto\/bzy-2018-m49\/\">fechos redondos extrafinos<\/a>Com a tecnologia de encaixe magn\u00e9tico, esses fechos quadrados d\u00e3o um toque diferenciado aos seus produtos premium. Fabricados meticulosamente, esses fechos magn\u00e9ticos garantem a abertura sem esfor\u00e7o e o fechamento seguro, aprimorando significativamente a experi\u00eancia do usu\u00e1rio.<\/p>\n<h2>Aplica\u00e7\u00f5es vers\u00e1teis para uso di\u00e1rio<\/h2>\n<p>Nosso Square Magnetic Snap \u00e9 perfeito para v\u00e1rias aplica\u00e7\u00f5es, como:<\/p>\n<ul>\n<li>Bolsas de m\u00e3o e bolsas<\/li>\n<li>Capas de jornal em couro<\/li>\n<li>Caixas de embalagem premium<\/li>\n<li>Carteiras e clutches<\/li>\n<li>Projetos DIY personalizados<\/li>\n<\/ul>\n<p>Seja voc\u00ea um fabricante profissional ou um entusiasta do fa\u00e7a-voc\u00ea-mesmo, esses fechos garantem uma solu\u00e7\u00e3o de fixa\u00e7\u00e3o elegante, segura e f\u00e1cil de usar.<\/p>\n<h2>Personaliza\u00e7\u00e3o abrangente para suas necessidades<\/h2>\n<p>Na Richarms, oferecemos amplas op\u00e7\u00f5es de personaliza\u00e7\u00e3o adaptadas exatamente \u00e0s suas necessidades:<\/p>\n<ul>\n<li><strong>C\u00f3digo e tamanho\uff1a<\/strong><\/li>\n<\/ul>\n<table style=\"height: 353px;\" width=\"858\">\n<tbody>\n<tr>\n<td width=\"129\">C\u00f3digo<\/td>\n<td width=\"76\">Tamanho<\/td>\n<td width=\"137\">TH de encaixe f\u00eamea<\/td>\n<td width=\"94\">\u00cdm\u00e3<br \/>\nDIA<\/td>\n<td width=\"88\">Pronga<br \/>\nL<\/td>\n<td width=\"178\">Imagem<\/td>\n<td width=\"301\">Descri\u00e7\u00e3o<\/td>\n<\/tr>\n<tr>\n<td width=\"129\"><\/td>\n<td width=\"76\"><\/td>\n<td width=\"137\"><\/td>\n<td width=\"94\"><\/td>\n<td width=\"88\"><\/td>\n<td width=\"178\"><\/td>\n<td width=\"301\"><\/td>\n<\/tr>\n<tr>\n<td width=\"129\">RC-ES1420<\/td>\n<td width=\"76\">14 mm<\/td>\n<td width=\"137\">2 mm<\/td>\n<td width=\"94\">11 mm<\/td>\n<td width=\"88\">7,6 mm<\/td>\n<td width=\"178\"><img decoding=\"async\" class=\"lazyload wp-image-7273 aligncenter\" src=\"https:\/\/richarms.com\/wp-content\/uploads\/2021\/07\/\u56fe\u724719.png\" data-orig-src=\"https:\/\/richarms.com\/wp-content\/uploads\/2021\/07\/\u56fe\u724719.png\" alt=\"\" width=\"122\" height=\"88\" srcset=\"data:image\/svg+xml,%3Csvg%20xmlns%3D%27http%3A%2F%2Fwww.w3.org%2F2000%2Fsvg%27%20width%3D%27122%27%20height%3D%2788%27%20viewBox%3D%270%200%20122%2088%27%3E%3Crect%20width%3D%27122%27%20height%3D%2788%27%20fill-opacity%3D%220%22%2F%3E%3C%2Fsvg%3E\" data-srcset=\"https:\/\/richarms.com\/wp-content\/uploads\/2021\/07\/\u56fe\u724719-200x143.png 200w, https:\/\/richarms.com\/wp-content\/uploads\/2021\/07\/\u56fe\u724719-300x214.png 300w, https:\/\/richarms.com\/wp-content\/uploads\/2021\/07\/\u56fe\u724719-400x285.png 400w, https:\/\/richarms.com\/wp-content\/uploads\/2021\/07\/\u56fe\u724719-500x356.png 500w, https:\/\/richarms.com\/wp-content\/uploads\/2021\/07\/\u56fe\u724719.png 505w\" data-sizes=\"auto\" data-orig-sizes=\"(max-width: 122px) 100vw, 122px\" \/><\/td>\n<td width=\"301\">Corpo fino. Resist\u00eancia padr\u00e3o.<br \/>\nFechos elegantes e de alta qualidade para bolsas, malas e estojos.<\/td>\n<\/tr>\n<tr>\n<td width=\"129\">RC-ES1820<\/td>\n<td width=\"76\">18 mm<\/td>\n<td width=\"137\">2 mm<\/td>\n<td width=\"94\">12 mm<\/td>\n<td width=\"88\">9 mm<\/td>\n<td width=\"178\"><img decoding=\"async\" class=\"lazyload alignnone size-full wp-image-7272\" src=\"https:\/\/richarms.com\/wp-content\/uploads\/2021\/07\/\u56fe\u724718.png\" data-orig-src=\"https:\/\/richarms.com\/wp-content\/uploads\/2021\/07\/\u56fe\u724718.png\" alt=\"\" width=\"505\" height=\"360\" srcset=\"data:image\/svg+xml,%3Csvg%20xmlns%3D%27http%3A%2F%2Fwww.w3.org%2F2000%2Fsvg%27%20width%3D%27505%27%20height%3D%27360%27%20viewBox%3D%270%200%20505%20360%27%3E%3Crect%20width%3D%27505%27%20height%3D%27360%27%20fill-opacity%3D%220%22%2F%3E%3C%2Fsvg%3E\" data-srcset=\"https:\/\/richarms.com\/wp-content\/uploads\/2021\/07\/\u56fe\u724718-200x143.png 200w, https:\/\/richarms.com\/wp-content\/uploads\/2021\/07\/\u56fe\u724718-300x214.png 300w, https:\/\/richarms.com\/wp-content\/uploads\/2021\/07\/\u56fe\u724718-400x285.png 400w, https:\/\/richarms.com\/wp-content\/uploads\/2021\/07\/\u56fe\u724718-500x356.png 500w, https:\/\/richarms.com\/wp-content\/uploads\/2021\/07\/\u56fe\u724718.png 505w\" data-sizes=\"auto\" data-orig-sizes=\"(max-width: 505px) 100vw, 505px\" \/><\/td>\n<td width=\"301\">Corpo fino com grande poder de reten\u00e7\u00e3o.<br \/>\nPara bolsas, bagagens, mochilas, ind\u00fastria automotiva e aeroespacial.<\/td>\n<\/tr>\n<\/tbody>\n<\/table>\n<p>&nbsp;<\/p>\n<ul>\n<li>Material:<\/li>\n<\/ul>\n<p style=\"text-align: left;\">C\u00e1psula f\u00eamea:  A\u00e7o, cobre, a\u00e7o inoxid\u00e1vel<strong><br \/>\n<\/strong>C\u00e1psula masculina: A\u00e7o<strong><br \/>\n<\/strong><img decoding=\"async\" class=\"lazyload alignnone wp-image-7161\" src=\"https:\/\/richarms.com\/wp-content\/uploads\/2020\/03\/materials-e1626143269166.png\" data-orig-src=\"https:\/\/richarms.com\/wp-content\/uploads\/2020\/03\/materials-e1626143269166.png\" alt=\"\" width=\"446\" height=\"199\" srcset=\"data:image\/svg+xml,%3Csvg%20xmlns%3D%27http%3A%2F%2Fwww.w3.org%2F2000%2Fsvg%27%20width%3D%27446%27%20height%3D%27199%27%20viewBox%3D%270%200%20446%20199%27%3E%3Crect%20width%3D%27446%27%20height%3D%27199%27%20fill-opacity%3D%220%22%2F%3E%3C%2Fsvg%3E\" data-srcset=\"https:\/\/richarms.com\/wp-content\/uploads\/2020\/03\/materials-e1626143269166-200x89.png 200w, https:\/\/richarms.com\/wp-content\/uploads\/2020\/03\/materials-e1626143269166-300x134.png 300w, https:\/\/richarms.com\/wp-content\/uploads\/2020\/03\/materials-e1626143269166-400x178.png 400w, https:\/\/richarms.com\/wp-content\/uploads\/2020\/03\/materials-e1626143269166-500x223.png 500w, https:\/\/richarms.com\/wp-content\/uploads\/2020\/03\/materials-e1626143269166.png 511w\" data-sizes=\"auto\" data-orig-sizes=\"(max-width: 446px) 100vw, 446px\" \/><\/p>\n<p>&nbsp;<\/p>\n<ul>\n<li>For\u00e7a magn\u00e9tica: Escolha entre v\u00e1rios n\u00edveis para atender \u00e0s necessidades espec\u00edficas de seu projeto.<\/li>\n<\/ul>\n<p>\u00cdm\u00e3 interno : \u00cdm\u00e3 permanente de neod\u00edmio.<strong><br \/>\n<\/strong>A pot\u00eancia do \u00edm\u00e3 depende do tamanho do \u00edm\u00e3 e da classe do \u00edm\u00e3<\/p>\n<p><img decoding=\"async\" class=\"lazyload alignnone wp-image-7163\" src=\"https:\/\/richarms.com\/wp-content\/uploads\/2020\/03\/\u8d85\u8584\u78c1\u529b-e1626186192975.png\" data-orig-src=\"https:\/\/richarms.com\/wp-content\/uploads\/2020\/03\/\u8d85\u8584\u78c1\u529b-e1626186192975.png\" alt=\"\" width=\"449\" height=\"131\" srcset=\"data:image\/svg+xml,%3Csvg%20xmlns%3D%27http%3A%2F%2Fwww.w3.org%2F2000%2Fsvg%27%20width%3D%27449%27%20height%3D%27131%27%20viewBox%3D%270%200%20449%20131%27%3E%3Crect%20width%3D%27449%27%20height%3D%27131%27%20fill-opacity%3D%220%22%2F%3E%3C%2Fsvg%3E\" data-srcset=\"https:\/\/richarms.com\/wp-content\/uploads\/2020\/03\/\u8d85\u8584\u78c1\u529b-e1626186192975-200x58.png 200w, https:\/\/richarms.com\/wp-content\/uploads\/2020\/03\/\u8d85\u8584\u78c1\u529b-e1626186192975-300x87.png 300w, https:\/\/richarms.com\/wp-content\/uploads\/2020\/03\/\u8d85\u8584\u78c1\u529b-e1626186192975-400x117.png 400w, https:\/\/richarms.com\/wp-content\/uploads\/2020\/03\/\u8d85\u8584\u78c1\u529b-e1626186192975-500x146.png 500w, https:\/\/richarms.com\/wp-content\/uploads\/2020\/03\/\u8d85\u8584\u78c1\u529b-e1626186192975-600x175.png 600w, https:\/\/richarms.com\/wp-content\/uploads\/2020\/03\/\u8d85\u8584\u78c1\u529b-e1626186192975-700x204.png 700w, https:\/\/richarms.com\/wp-content\/uploads\/2020\/03\/\u8d85\u8584\u78c1\u529b-e1626186192975-768x224.png 768w, https:\/\/richarms.com\/wp-content\/uploads\/2020\/03\/\u8d85\u8584\u78c1\u529b-e1626186192975-800x233.png 800w, https:\/\/richarms.com\/wp-content\/uploads\/2020\/03\/\u8d85\u8584\u78c1\u529b-e1626186192975.png 885w\" data-sizes=\"auto\" data-orig-sizes=\"(max-width: 449px) 100vw, 449px\" \/><\/p>\n<ul>\n<li>Cores e acabamentos: Uma ampla variedade de op\u00e7\u00f5es de revestimento, como ouro, prata, lat\u00e3o antigo e cores personalizadas para combinar com sua marca.<\/li>\n<\/ul>\n<p><strong><b>F<\/b><\/strong><strong><b>inish<\/b><\/strong><strong><b>:<br \/>\n<\/b><\/strong>Estampa feminina: Liso, com padr\u00e3o, com logotipo<strong><br \/>\n<\/strong><img decoding=\"async\" class=\"lazyload alignnone wp-image-7166\" src=\"data:image\/svg+xml,%3Csvg%20xmlns%3D%27http%3A%2F%2Fwww.w3.org%2F2000%2Fsvg%27%20width%3D%27288%27%20height%3D%27135%27%20viewBox%3D%270%200%20288%20135%27%3E%3Crect%20width%3D%27288%27%20height%3D%27135%27%20fill-opacity%3D%220%22%2F%3E%3C%2Fsvg%3E\" data-orig-src=\"https:\/\/richarms.com\/wp-content\/uploads\/2020\/03\/\u56fe\u72473.jpg\" alt=\"\" width=\"288\" height=\"135\" \/><strong><br \/>\n<\/strong>Snap masculino: Simples, com texto, com logotipo<strong><br \/>\n<\/strong><img decoding=\"async\" class=\"lazyload alignnone wp-image-7180\" src=\"https:\/\/richarms.com\/wp-content\/uploads\/2020\/03\/\u56fe\u72474.jpg\" data-orig-src=\"https:\/\/richarms.com\/wp-content\/uploads\/2020\/03\/\u56fe\u72474.jpg\" alt=\"\" width=\"301\" height=\"121\" srcset=\"data:image\/svg+xml,%3Csvg%20xmlns%3D%27http%3A%2F%2Fwww.w3.org%2F2000%2Fsvg%27%20width%3D%27301%27%20height%3D%27121%27%20viewBox%3D%270%200%20301%20121%27%3E%3Crect%20width%3D%27301%27%20height%3D%27121%27%20fill-opacity%3D%220%22%2F%3E%3C%2Fsvg%3E\" data-srcset=\"https:\/\/richarms.com\/wp-content\/uploads\/2020\/03\/\u56fe\u72474-200x80.jpg 200w, https:\/\/richarms.com\/wp-content\/uploads\/2020\/03\/\u56fe\u72474-300x120.jpg 300w, https:\/\/richarms.com\/wp-content\/uploads\/2020\/03\/\u56fe\u72474-400x160.jpg 400w, https:\/\/richarms.com\/wp-content\/uploads\/2020\/03\/\u56fe\u72474-500x200.jpg 500w, https:\/\/richarms.com\/wp-content\/uploads\/2020\/03\/\u56fe\u72474-600x241.jpg 600w, https:\/\/richarms.com\/wp-content\/uploads\/2020\/03\/\u56fe\u72474.jpg 651w\" data-sizes=\"auto\" data-orig-sizes=\"(max-width: 301px) 100vw, 301px\" \/><\/p>\n<p><strong><b>Regular Cor listada <\/b><\/strong><\/p>\n<p><strong><img decoding=\"async\" class=\"lazyload alignnone size-full wp-image-5392\" src=\"https:\/\/richarms.com\/wp-content\/uploads\/2018\/07\/RICHARMS-COLOT-DIS.jpg\" data-orig-src=\"https:\/\/richarms.com\/wp-content\/uploads\/2018\/07\/RICHARMS-COLOT-DIS.jpg\" alt=\"\" width=\"651\" height=\"457\" srcset=\"data:image\/svg+xml,%3Csvg%20xmlns%3D%27http%3A%2F%2Fwww.w3.org%2F2000%2Fsvg%27%20width%3D%27651%27%20height%3D%27457%27%20viewBox%3D%270%200%20651%20457%27%3E%3Crect%20width%3D%27651%27%20height%3D%27457%27%20fill-opacity%3D%220%22%2F%3E%3C%2Fsvg%3E\" data-srcset=\"https:\/\/richarms.com\/wp-content\/uploads\/2018\/07\/RICHARMS-COLOT-DIS-200x140.jpg 200w, https:\/\/richarms.com\/wp-content\/uploads\/2018\/07\/RICHARMS-COLOT-DIS-300x211.jpg 300w, https:\/\/richarms.com\/wp-content\/uploads\/2018\/07\/RICHARMS-COLOT-DIS-400x281.jpg 400w, https:\/\/richarms.com\/wp-content\/uploads\/2018\/07\/RICHARMS-COLOT-DIS-500x351.jpg 500w, https:\/\/richarms.com\/wp-content\/uploads\/2018\/07\/RICHARMS-COLOT-DIS-600x421.jpg 600w, https:\/\/richarms.com\/wp-content\/uploads\/2018\/07\/RICHARMS-COLOT-DIS.jpg 651w\" data-sizes=\"auto\" data-orig-sizes=\"(max-width: 651px) 100vw, 651px\" \/><\/strong><\/p>\n<p><strong><b>Qual \u00e9 a diferen\u00e7a entre a qualidade de pendurar e enrolar?<\/b><\/strong><\/p>\n<p><img decoding=\"async\" class=\"lazyload alignnone wp-image-7165\" src=\"https:\/\/richarms.com\/wp-content\/uploads\/2020\/03\/\u56fe\u72471.jpg\" data-orig-src=\"https:\/\/richarms.com\/wp-content\/uploads\/2020\/03\/\u56fe\u72471.jpg\" alt=\"\" width=\"176\" height=\"248\" srcset=\"data:image\/svg+xml,%3Csvg%20xmlns%3D%27http%3A%2F%2Fwww.w3.org%2F2000%2Fsvg%27%20width%3D%27176%27%20height%3D%27248%27%20viewBox%3D%270%200%20176%20248%27%3E%3Crect%20width%3D%27176%27%20height%3D%27248%27%20fill-opacity%3D%220%22%2F%3E%3C%2Fsvg%3E\" data-srcset=\"https:\/\/richarms.com\/wp-content\/uploads\/2020\/03\/\u56fe\u72471-200x281.jpg 200w, https:\/\/richarms.com\/wp-content\/uploads\/2020\/03\/\u56fe\u72471-213x300.jpg 213w, https:\/\/richarms.com\/wp-content\/uploads\/2020\/03\/\u56fe\u72471.jpg 349w\" data-sizes=\"auto\" data-orig-sizes=\"(max-width: 176px) 100vw, 176px\" \/><\/p>\n<ul>\n<li>Solu\u00e7\u00f5es de embalagem: Op\u00e7\u00f5es de embalagem sob medida para varejistas e compradores a granel.<\/li>\n<\/ul>\n<p>Todos eles podem ser fornecidos com pernas, hastes ou rebites.<br \/>\n1 conjunto = 1 macho, 1 f\u00eamea, 2 arruelas<br \/>\n12 mm: 200 conjuntos\/caixa, 20 caixas\/caixa de papel\u00e3o<br \/>\n14 mm: 200 conjuntos\/caixa, 20 caixas\/caixa de papel\u00e3o<br \/>\n18 mm: 100 conjuntos\/caixa, 20 caixas\/caixa de papel\u00e3o<\/p>\n<p><img decoding=\"async\" class=\"lazyload alignnone size-full wp-image-7282\" src=\"https:\/\/richarms.com\/wp-content\/uploads\/2021\/07\/\u56db\u65b9\u6c34\u5370_\u526f\u672c.jpg\" data-orig-src=\"https:\/\/richarms.com\/wp-content\/uploads\/2021\/07\/\u56db\u65b9\u6c34\u5370_\u526f\u672c.jpg\" alt=\"\" width=\"300\" height=\"290\" srcset=\"data:image\/svg+xml,%3Csvg%20xmlns%3D%27http%3A%2F%2Fwww.w3.org%2F2000%2Fsvg%27%20width%3D%27300%27%20height%3D%27290%27%20viewBox%3D%270%200%20300%20290%27%3E%3Crect%20width%3D%27300%27%20height%3D%27290%27%20fill-opacity%3D%220%22%2F%3E%3C%2Fsvg%3E\" data-srcset=\"https:\/\/richarms.com\/wp-content\/uploads\/2021\/07\/\u56db\u65b9\u6c34\u5370_\u526f\u672c-200x193.jpg 200w, https:\/\/richarms.com\/wp-content\/uploads\/2021\/07\/\u56db\u65b9\u6c34\u5370_\u526f\u672c.jpg 300w\" data-sizes=\"auto\" data-orig-sizes=\"(max-width: 300px) 100vw, 300px\" \/><\/p>\n<p>Nosso fecho magn\u00e9tico quadrado tamb\u00e9m pode ser marcado com seu logotipo personalizado, aumentando ainda mais a exclusividade do seu produto.<\/p>\n<h3>F\u00e1cil instala\u00e7\u00e3o - Adequado para bricolagem e produ\u00e7\u00e3o em massa<\/h3>\n<p>A instala\u00e7\u00e3o de nosso fecho magn\u00e9tico quadrado \u00e9 simples:<\/p>\n<ul>\n<li>Marque e corte duas pequenas fendas em seu tecido ou couro.<\/li>\n<li>Insira os pinos nas aberturas.<\/li>\n<li>Dobre os pinos para fora com firmeza para prender os fechos.<\/li>\n<\/ul>\n<p>Os usu\u00e1rios de bricolagem podem realizar essa tarefa de forma conveniente com uma tesoura dom\u00e9stica. Para os fabricantes de grande porte, a Richarms fornece ferramentas especializadas de corte de furos e ferramentas de fixa\u00e7\u00e3o de encaixe, simplificando significativamente o processo de produ\u00e7\u00e3o.<\/p>\n<p><img decoding=\"async\" class=\"lazyload alignnone wp-image-7160\" src=\"https:\/\/richarms.com\/wp-content\/uploads\/2020\/03\/application.png\" data-orig-src=\"https:\/\/richarms.com\/wp-content\/uploads\/2020\/03\/application.png\" alt=\"\" width=\"474\" height=\"443\" srcset=\"data:image\/svg+xml,%3Csvg%20xmlns%3D%27http%3A%2F%2Fwww.w3.org%2F2000%2Fsvg%27%20width%3D%27474%27%20height%3D%27443%27%20viewBox%3D%270%200%20474%20443%27%3E%3Crect%20width%3D%27474%27%20height%3D%27443%27%20fill-opacity%3D%220%22%2F%3E%3C%2Fsvg%3E\" data-srcset=\"https:\/\/richarms.com\/wp-content\/uploads\/2020\/03\/application-200x187.png 200w, https:\/\/richarms.com\/wp-content\/uploads\/2020\/03\/application-300x280.png 300w, https:\/\/richarms.com\/wp-content\/uploads\/2020\/03\/application-400x374.png 400w, https:\/\/richarms.com\/wp-content\/uploads\/2020\/03\/application-500x467.png 500w, https:\/\/richarms.com\/wp-content\/uploads\/2020\/03\/application.png 598w\" data-sizes=\"auto\" data-orig-sizes=\"(max-width: 474px) 100vw, 474px\" \/><\/p>\n<h3>Por que escolher a Richarms?<\/h3>\n<p>A Richarms oferece taxas competitivas de atacado de f\u00e1brica, garantindo produtos de alta qualidade a pre\u00e7os atraentes. Como especialistas do setor, garantimos uma experi\u00eancia de compra tranquila, envio r\u00e1pido e servi\u00e7o p\u00f3s-venda excepcional.<\/p>\n<p>Explore nossas op\u00e7\u00f5es de estoque ultrafino:<\/p>\n<ul>\n<li><a href=\"https:\/\/www.richarmshardware.com\/products\/18x2mm-square-magnetic-snaps\">Snap magn\u00e9tico quadrado de 18x2 mm<\/a><\/li>\n<li><a href=\"https:\/\/www.richarmshardware.com\/products\/14x2mm-square-magnetic-snaps\">Snap magn\u00e9tico quadrado de 14x2 mm<\/a><\/li>\n<\/ul>\n<p>Entre em contato com nossos especialistas hoje mesmo para obter pre\u00e7os personalizados para pedidos em massa. Melhore seus produtos com o Square Magnetic Snap da Richarms hoje mesmo!<\/p>","protected":false},"excerpt":{"rendered":"<p>Tipo: Snaps magn\u00e9ticos quadrados extrafinos<br \/>\nMaterial: Cobre, a\u00e7o, a\u00e7o inoxid\u00e1vel<br \/>\nN\u00famero do modelo: RC-ES1220\/1420\/1820<br \/>\nLogotipo personalizado dispon\u00edvel: Laser, Caved, Tooling<br \/>\nTamanho: 12 mm, 14 mm, 18 mm<br \/>\nCor: Ouro \/ N\u00edquel \/ Pistola \/ Ouro Rosa \/ Formiga Escovada \/ Outra<br \/>\nEmbalagem: caixa e caixa de papel\u00e3o<br \/>\nEnvio: LCL\/ DHL \/ FedEx \/ TNT \/ Outros<\/p>","protected":false},"featured_media":6446,"template":"","meta":[],"product_brand":[],"product_cat":[15],"product_tag":[],"class_list":{"0":"post-2434","1":"product","2":"type-product","3":"status-publish","4":"has-post-thumbnail","6":"product_cat-magnetic-snaps","8":"first","9":"instock","10":"shipping-taxable","11":"product-type-simple"},"aioseo_notices":[],"_links":{"self":[{"href":"https:\/\/richarms.com\/pt\/wp-json\/wp\/v2\/product\/2434","targetHints":{"allow":["GET"]}}],"collection":[{"href":"https:\/\/richarms.com\/pt\/wp-json\/wp\/v2\/product"}],"about":[{"href":"https:\/\/richarms.com\/pt\/wp-json\/wp\/v2\/types\/product"}],"wp:featuredmedia":[{"embeddable":true,"href":"https:\/\/richarms.com\/pt\/wp-json\/wp\/v2\/media\/6446"}],"wp:attachment":[{"href":"https:\/\/richarms.com\/pt\/wp-json\/wp\/v2\/media?parent=2434"}],"wp:term":[{"taxonomy":"product_brand","embeddable":true,"href":"https:\/\/richarms.com\/pt\/wp-json\/wp\/v2\/product_brand?post=2434"},{"taxonomy":"product_cat","embeddable":true,"href":"https:\/\/richarms.com\/pt\/wp-json\/wp\/v2\/product_cat?post=2434"},{"taxonomy":"product_tag","embeddable":true,"href":"https:\/\/richarms.com\/pt\/wp-json\/wp\/v2\/product_tag?post=2434"}],"curies":[{"name":"wp","href":"https:\/\/api.w.org\/{rel}","templated":true}]}}