{"id":2476,"date":"2021-07-11T18:59:17","date_gmt":"2021-07-11T10:59:17","guid":{"rendered":"https:\/\/www.bangzhiyou.com\/?post_type=product&#038;p=2476"},"modified":"2025-03-28T14:06:56","modified_gmt":"2025-03-28T06:06:56","slug":"bzy-2018-m50","status":"publish","type":"product","link":"https:\/\/richarms.com\/pt\/product\/bzy-2018-m50","title":{"rendered":"Snaps magn\u00e9ticos b\u00e1sicos"},"content":{"rendered":"<h1>Basic Magnetic Snap \u2013 Versatile and Reliable Closure Solution<\/h1>\n<h2 class=\"\" data-start=\"443\" data-end=\"481\">Why Choose Our Basic Magnetic Snap?<\/h2>\n<p class=\"\" data-start=\"483\" data-end=\"818\">Our basic magnetic snap is designed for those seeking a reliable, cost-effective closure solution for a wide array of products, including bags, leather journal covers, and premium packaging. Combining ease of installation, security, and elegance, these magnetic snaps significantly enhance your products&#8217; overall quality and usability.<\/p>\n<p class=\"\" data-start=\"820\" data-end=\"998\">Whether you&#8217;re a DIY enthusiast creating handmade leather accessories or a manufacturer producing large-scale fashion collections, our magnetic snaps deliver optimal performance.<\/p>\n<p data-start=\"820\" data-end=\"998\">Sample order or small order can placed on <a href=\"https:\/\/www.richarmshardware.com\/products\/18x4-5mm-single-rivet-magnetic-snaps\">our Shopify<\/a> directly.<\/p>\n<h2 class=\"\" data-start=\"1000\" data-end=\"1031\">Detailed Product Information<\/h2>\n<ul>\n<li data-start=\"1035\" data-end=\"1057\"><strong data-start=\"1035\" data-end=\"1055\">Tamanhos dispon\u00edveis:<\/strong>\n<ul>\n<li data-start=\"1062\" data-end=\"1173\">Standard sizes: <strong data-start=\"1078\" data-end=\"1095\">14mm and 18mm<\/strong>, perfect for a variety of applications from small wallets to larger handbags.<\/li>\n<\/ul>\n<\/li>\n<\/ul>\n<table style=\"height: 409px;\" width=\"805\">\n<tbody>\n<tr>\n<td width=\"79\">C\u00f3digo<\/td>\n<td width=\"48\">Tamanho<\/td>\n<td width=\"86\">TH de encaixe f\u00eamea<\/td>\n<td width=\"56\">Prong L<\/td>\n<td width=\"56\">Di\u00e2metro do \u00edm\u00e3<\/td>\n<td width=\"140\">Imagem<\/td>\n<td width=\"266\">Descri\u00e7\u00e3o<\/td>\n<\/tr>\n<tr>\n<td width=\"79\">RC-C1435<\/td>\n<td width=\"48\">14 mm<\/td>\n<td width=\"86\">3,5 mm<\/td>\n<td width=\"56\">7,6 mm<\/td>\n<td width=\"56\">13 mm<\/td>\n<td width=\"140\">\n<p><div id=\"attachment_7208\" style=\"width: 152px\" class=\"wp-caption alignnone\"><img decoding=\"async\" aria-describedby=\"caption-attachment-7208\" class=\"lazyload wp-image-7208\" src=\"https:\/\/richarms.com\/wp-content\/uploads\/2020\/03\/\u56fe\u72475-1-300x190.png\" data-orig-src=\"https:\/\/richarms.com\/wp-content\/uploads\/2020\/03\/\u56fe\u72475-1-300x190.png\" alt=\"Size chart for Basic Magnetic Snap, showing diameter and thickness dimensions.\" width=\"142\" height=\"90\" srcset=\"data:image\/svg+xml,%3Csvg%20xmlns%3D%27http%3A%2F%2Fwww.w3.org%2F2000%2Fsvg%27%20width%3D%27142%27%20height%3D%2790%27%20viewBox%3D%270%200%20142%2090%27%3E%3Crect%20width%3D%27142%27%20height%3D%2790%27%20fill-opacity%3D%220%22%2F%3E%3C%2Fsvg%3E\" data-srcset=\"https:\/\/richarms.com\/wp-content\/uploads\/2020\/03\/\u56fe\u72475-1-200x126.png 200w, https:\/\/richarms.com\/wp-content\/uploads\/2020\/03\/\u56fe\u72475-1-300x190.png 300w, https:\/\/richarms.com\/wp-content\/uploads\/2020\/03\/\u56fe\u72475-1-320x202.png 320w, https:\/\/richarms.com\/wp-content\/uploads\/2020\/03\/\u56fe\u72475-1-400x253.png 400w, https:\/\/richarms.com\/wp-content\/uploads\/2020\/03\/\u56fe\u72475-1-460x295.png 460w, https:\/\/richarms.com\/wp-content\/uploads\/2020\/03\/\u56fe\u72475-1-500x316.png 500w, https:\/\/richarms.com\/wp-content\/uploads\/2020\/03\/\u56fe\u72475-1-600x379.png 600w, https:\/\/richarms.com\/wp-content\/uploads\/2020\/03\/\u56fe\u72475-1-700x442.png 700w, https:\/\/richarms.com\/wp-content\/uploads\/2020\/03\/\u56fe\u72475-1.png 731w\" data-sizes=\"auto\" data-orig-sizes=\"(max-width: 142px) 100vw, 142px\" \/><p id=\"caption-attachment-7208\" class=\"wp-caption-text\">Detailed size information for Richarms Basic Magnetic Snap.<\/p><\/div><\/td>\n<td width=\"266\"><span style=\"color: #ff0000;\">Solu\u00e7\u00e3o de baixo custo.<\/span><br \/>\nLower power, and will be used in little promotional items, like small notebook, card holder, small bags, mobile phone bag, eyeglass bag and the relevant collections.<\/td>\n<\/tr>\n<tr>\n<td width=\"79\">RC-C1840<\/td>\n<td width=\"48\">18 mm<\/td>\n<td width=\"86\">3,8 mm<\/td>\n<td width=\"56\">9 mm<\/td>\n<td width=\"56\">17 mm<\/td>\n<td width=\"140\">\n<p><div id=\"attachment_7210\" style=\"width: 160px\" class=\"wp-caption alignnone\"><img decoding=\"async\" aria-describedby=\"caption-attachment-7210\" class=\"lazyload wp-image-7210\" src=\"https:\/\/richarms.com\/wp-content\/uploads\/2020\/03\/\u56fe\u72477-300x190.png\" data-orig-src=\"https:\/\/richarms.com\/wp-content\/uploads\/2020\/03\/\u56fe\u72477-300x190.png\" alt=\"Dimensions illustration for Richarms basic magnetic snaps, indicating male and female snap measurements.\" width=\"150\" height=\"95\" srcset=\"data:image\/svg+xml,%3Csvg%20xmlns%3D%27http%3A%2F%2Fwww.w3.org%2F2000%2Fsvg%27%20width%3D%27150%27%20height%3D%2795%27%20viewBox%3D%270%200%20150%2095%27%3E%3Crect%20width%3D%27150%27%20height%3D%2795%27%20fill-opacity%3D%220%22%2F%3E%3C%2Fsvg%3E\" data-srcset=\"https:\/\/richarms.com\/wp-content\/uploads\/2020\/03\/\u56fe\u72477-200x127.png 200w, https:\/\/richarms.com\/wp-content\/uploads\/2020\/03\/\u56fe\u72477-300x190.png 300w, https:\/\/richarms.com\/wp-content\/uploads\/2020\/03\/\u56fe\u72477-320x202.png 320w, https:\/\/richarms.com\/wp-content\/uploads\/2020\/03\/\u56fe\u72477-400x253.png 400w, https:\/\/richarms.com\/wp-content\/uploads\/2020\/03\/\u56fe\u72477-460x295.png 460w, https:\/\/richarms.com\/wp-content\/uploads\/2020\/03\/\u56fe\u72477-500x316.png 500w, https:\/\/richarms.com\/wp-content\/uploads\/2020\/03\/\u56fe\u72477-600x380.png 600w, https:\/\/richarms.com\/wp-content\/uploads\/2020\/03\/\u56fe\u72477-700x443.png 700w, https:\/\/richarms.com\/wp-content\/uploads\/2020\/03\/\u56fe\u72477-768x486.png 768w, https:\/\/richarms.com\/wp-content\/uploads\/2020\/03\/\u56fe\u72477-800x506.png 800w, https:\/\/richarms.com\/wp-content\/uploads\/2020\/03\/\u56fe\u72477.png 901w\" data-sizes=\"auto\" data-orig-sizes=\"(max-width: 150px) 100vw, 150px\" \/><p id=\"caption-attachment-7210\" class=\"wp-caption-text\">Accurate measurement details for Richarms Basic Magnetic Snaps.<\/p><\/div><\/td>\n<td width=\"266\"><span style=\"color: #ff0000;\">Solu\u00e7\u00e3o de baixo custo.<\/span><br \/>\nDe resist\u00eancia m\u00e9dia e mais comumente usado no setor.<\/td>\n<\/tr>\n<tr>\n<td width=\"79\">RC-C1845<\/td>\n<td width=\"48\">18 mm<\/td>\n<td width=\"86\">4,5 mm<\/td>\n<td width=\"56\">9 mm<\/td>\n<td width=\"56\">17 mm<\/td>\n<td width=\"140\">\n<p><div id=\"attachment_7209\" style=\"width: 165px\" class=\"wp-caption alignnone\"><img decoding=\"async\" aria-describedby=\"caption-attachment-7209\" class=\"lazyload wp-image-7209\" src=\"https:\/\/richarms.com\/wp-content\/uploads\/2020\/03\/\u56fe\u72476-300x190.png\" data-orig-src=\"https:\/\/richarms.com\/wp-content\/uploads\/2020\/03\/\u56fe\u72476-300x190.png\" alt=\"Detailed dimension guide for magnetic snap washers by Richarms.\" width=\"155\" height=\"98\" srcset=\"data:image\/svg+xml,%3Csvg%20xmlns%3D%27http%3A%2F%2Fwww.w3.org%2F2000%2Fsvg%27%20width%3D%27155%27%20height%3D%2798%27%20viewBox%3D%270%200%20155%2098%27%3E%3Crect%20width%3D%27155%27%20height%3D%2798%27%20fill-opacity%3D%220%22%2F%3E%3C%2Fsvg%3E\" data-srcset=\"https:\/\/richarms.com\/wp-content\/uploads\/2020\/03\/\u56fe\u72476-200x127.png 200w, https:\/\/richarms.com\/wp-content\/uploads\/2020\/03\/\u56fe\u72476-300x190.png 300w, https:\/\/richarms.com\/wp-content\/uploads\/2020\/03\/\u56fe\u72476-320x202.png 320w, https:\/\/richarms.com\/wp-content\/uploads\/2020\/03\/\u56fe\u72476-400x253.png 400w, https:\/\/richarms.com\/wp-content\/uploads\/2020\/03\/\u56fe\u72476-460x295.png 460w, https:\/\/richarms.com\/wp-content\/uploads\/2020\/03\/\u56fe\u72476-500x316.png 500w, https:\/\/richarms.com\/wp-content\/uploads\/2020\/03\/\u56fe\u72476-600x380.png 600w, https:\/\/richarms.com\/wp-content\/uploads\/2020\/03\/\u56fe\u72476-700x443.png 700w, https:\/\/richarms.com\/wp-content\/uploads\/2020\/03\/\u56fe\u72476-768x486.png 768w, https:\/\/richarms.com\/wp-content\/uploads\/2020\/03\/\u56fe\u72476-800x506.png 800w, https:\/\/richarms.com\/wp-content\/uploads\/2020\/03\/\u56fe\u72476.png 901w\" data-sizes=\"auto\" data-orig-sizes=\"(max-width: 155px) 100vw, 155px\" \/><p id=\"caption-attachment-7209\" class=\"wp-caption-text\">Washer size specifications for Richarms Basic Magnetic Snaps.<\/p><\/div><\/td>\n<td width=\"266\">Os fechos magn\u00e9ticos extra grossos s\u00e3o nosso estilo mais popular.<br \/>\nMagn\u00e9tico de baixo custo; resist\u00eancia padr\u00e3o; usado em aplica\u00e7\u00f5es comuns, como bolsas, bolsas de couro, bolsas de m\u00e3o, sacolas, pastas e outros trabalhos em couro.<\/td>\n<\/tr>\n<\/tbody>\n<\/table>\n<ul>\n<li style=\"list-style-type: none;\">\n<ul>\n<li style=\"list-style-type: none\">\n<ul>If you are looking for extra thin option for your design, pls shop our<\/ul>\n<\/li>\n<\/ul>\n<p><a href=\"https:\/\/richarms.com\/pt\/produto\/bzy-2018-m49\/\">Snaps magn\u00e9ticos extrafinos<\/a><\/li>\n<\/ul>\n<p>&nbsp;<\/p>\n<ul>\n<li data-start=\"1177\" data-end=\"1309\"><strong data-start=\"1177\" data-end=\"1203\">Material &amp; Durability:<\/strong><br data-start=\"1203\" data-end=\"1206\" \/>Crafted with durable metal components, ensuring longevity and consistent performance in everyday use.\n<p style=\"text-align: left;\">C\u00e1psula masculina: A\u00e7o<br \/>\nC\u00e1psula f\u00eamea:  A\u00e7o, lat\u00e3o ou a\u00e7o inoxid\u00e1vel<\/p>\n<p><img decoding=\"async\" class=\"lazyload alignnone wp-image-7161\" src=\"https:\/\/richarms.com\/wp-content\/uploads\/2020\/03\/materials-e1626143269166.png\" data-orig-src=\"https:\/\/richarms.com\/wp-content\/uploads\/2020\/03\/materials-e1626143269166.png\" alt=\"\" width=\"446\" height=\"199\" srcset=\"data:image\/svg+xml,%3Csvg%20xmlns%3D%27http%3A%2F%2Fwww.w3.org%2F2000%2Fsvg%27%20width%3D%27446%27%20height%3D%27199%27%20viewBox%3D%270%200%20446%20199%27%3E%3Crect%20width%3D%27446%27%20height%3D%27199%27%20fill-opacity%3D%220%22%2F%3E%3C%2Fsvg%3E\" data-srcset=\"https:\/\/richarms.com\/wp-content\/uploads\/2020\/03\/materials-e1626143269166-200x89.png 200w, https:\/\/richarms.com\/wp-content\/uploads\/2020\/03\/materials-e1626143269166-300x134.png 300w, https:\/\/richarms.com\/wp-content\/uploads\/2020\/03\/materials-e1626143269166-400x178.png 400w, https:\/\/richarms.com\/wp-content\/uploads\/2020\/03\/materials-e1626143269166-500x223.png 500w, https:\/\/richarms.com\/wp-content\/uploads\/2020\/03\/materials-e1626143269166.png 511w\" data-sizes=\"auto\" data-orig-sizes=\"(max-width: 446px) 100vw, 446px\" \/><\/li>\n<li data-start=\"1313\" data-end=\"1502\"><strong data-start=\"1313\" data-end=\"1335\">For\u00e7a magn\u00e9tica:<\/strong><br data-start=\"1335\" data-end=\"1338\" \/>Adjustable magnetic power tailored to your specific requirements. Our stronger magnet options provide enhanced security for heavier materials or high-end designs.<strong><b>Op\u00e7\u00f5es de resist\u00eancia :<br \/>\n<\/b><\/strong>Pot\u00eancia do \u00edm\u00e3 padr\u00e3o: \u00cdm\u00e3 permanente de ferrite<br \/>\nPot\u00eancia de \u00edm\u00e3 forte: Adi\u00e7\u00e3o ou substitui\u00e7\u00e3o de \u00edm\u00e3 permanente de neod\u00edmio forte<\/p>\n<p><img decoding=\"async\" class=\"lazyload alignnone wp-image-7164\" src=\"https:\/\/richarms.com\/wp-content\/uploads\/2020\/03\/\u78c1\u529b\u5bf9\u6bd4\u56fe.png\" data-orig-src=\"https:\/\/richarms.com\/wp-content\/uploads\/2020\/03\/\u78c1\u529b\u5bf9\u6bd4\u56fe.png\" alt=\"\" width=\"454\" height=\"360\" srcset=\"data:image\/svg+xml,%3Csvg%20xmlns%3D%27http%3A%2F%2Fwww.w3.org%2F2000%2Fsvg%27%20width%3D%27454%27%20height%3D%27360%27%20viewBox%3D%270%200%20454%20360%27%3E%3Crect%20width%3D%27454%27%20height%3D%27360%27%20fill-opacity%3D%220%22%2F%3E%3C%2Fsvg%3E\" data-srcset=\"https:\/\/richarms.com\/wp-content\/uploads\/2020\/03\/\u78c1\u529b\u5bf9\u6bd4\u56fe-200x159.png 200w, https:\/\/richarms.com\/wp-content\/uploads\/2020\/03\/\u78c1\u529b\u5bf9\u6bd4\u56fe-300x238.png 300w, https:\/\/richarms.com\/wp-content\/uploads\/2020\/03\/\u78c1\u529b\u5bf9\u6bd4\u56fe-400x317.png 400w, https:\/\/richarms.com\/wp-content\/uploads\/2020\/03\/\u78c1\u529b\u5bf9\u6bd4\u56fe-500x397.png 500w, https:\/\/richarms.com\/wp-content\/uploads\/2020\/03\/\u78c1\u529b\u5bf9\u6bd4\u56fe-600x476.png 600w, https:\/\/richarms.com\/wp-content\/uploads\/2020\/03\/\u78c1\u529b\u5bf9\u6bd4\u56fe-700x555.png 700w, https:\/\/richarms.com\/wp-content\/uploads\/2020\/03\/\u78c1\u529b\u5bf9\u6bd4\u56fe-768x609.png 768w, https:\/\/richarms.com\/wp-content\/uploads\/2020\/03\/\u78c1\u529b\u5bf9\u6bd4\u56fe-800x635.png 800w, https:\/\/richarms.com\/wp-content\/uploads\/2020\/03\/\u78c1\u529b\u5bf9\u6bd4\u56fe-1024x813.png 1024w, https:\/\/richarms.com\/wp-content\/uploads\/2020\/03\/\u78c1\u529b\u5bf9\u6bd4\u56fe-1200x952.png 1200w, https:\/\/richarms.com\/wp-content\/uploads\/2020\/03\/\u78c1\u529b\u5bf9\u6bd4\u56fe-1536x1219.png 1536w, https:\/\/richarms.com\/wp-content\/uploads\/2020\/03\/\u78c1\u529b\u5bf9\u6bd4\u56fe.png 1661w\" data-sizes=\"auto\" data-orig-sizes=\"(max-width: 454px) 100vw, 454px\" \/><\/p>\n<p>A professional domestic test to give you idea how strong Richarms magnetic snaps:<\/p>\n<p><div id=\"attachment_7346\" style=\"width: 428px\" class=\"wp-caption alignnone\"><img decoding=\"async\" aria-describedby=\"caption-attachment-7346\" class=\"lazyload wp-image-7346 size-full\" src=\"https:\/\/richarms.com\/wp-content\/uploads\/2021\/07\/\u5fae\u4fe1\u622a\u56fe_20210824111345.png\" data-orig-src=\"https:\/\/richarms.com\/wp-content\/uploads\/2021\/07\/\u5fae\u4fe1\u622a\u56fe_20210824111345.png\" alt=\"Richarms, the Chinese Wholesale Professional Magnetic Snaps Factory has different strength option for thin or thick magnetic snaps, standard solution is from 0.5kg - 5kg, customized strength solution available. The image is showing our standard Strength: 18mm Thick (1.5kg \/ 3kg) 14mm Thick (0.5kg \/ 1.5kg)\" width=\"418\" height=\"682\" srcset=\"data:image\/svg+xml,%3Csvg%20xmlns%3D%27http%3A%2F%2Fwww.w3.org%2F2000%2Fsvg%27%20width%3D%27418%27%20height%3D%27682%27%20viewBox%3D%270%200%20418%20682%27%3E%3Crect%20width%3D%27418%27%20height%3D%27682%27%20fill-opacity%3D%220%22%2F%3E%3C%2Fsvg%3E\" data-srcset=\"https:\/\/richarms.com\/wp-content\/uploads\/2021\/07\/\u5fae\u4fe1\u622a\u56fe_20210824111345-184x300.png 184w, https:\/\/richarms.com\/wp-content\/uploads\/2021\/07\/\u5fae\u4fe1\u622a\u56fe_20210824111345-200x326.png 200w, https:\/\/richarms.com\/wp-content\/uploads\/2021\/07\/\u5fae\u4fe1\u622a\u56fe_20210824111345-400x653.png 400w, https:\/\/richarms.com\/wp-content\/uploads\/2021\/07\/\u5fae\u4fe1\u622a\u56fe_20210824111345.png 418w\" data-sizes=\"auto\" data-orig-sizes=\"(max-width: 418px) 100vw, 418px\" \/><p id=\"caption-attachment-7346\" class=\"wp-caption-text\">Richarms, the Chinese Wholesale Professional Magnetic Snaps Factory has different strength option for thin or thick magnetic snaps, standard solution is from 0.5kg &#8211; 5kg, customized strength solution available. The image is showing our standard Strength: 18mm Thick (1.5kg \/ 3kg) 14mm Thick (0.5kg \/ 1.5kg)<\/p><\/div><\/li>\n<li data-start=\"1506\" data-end=\"1827\"><strong data-start=\"1506\" data-end=\"1523\">Installation:<\/strong><br data-start=\"1523\" data-end=\"1526\" \/>Easy to install by creating two small prong holes in your chosen fabric or leather. Simply insert the snap, fold prongs outward, and secure it in place. DIY crafters can use common household tools like scissors, while industrial manufacturers benefit from specialized prong tools for rapid assembly.<\/li>\n<\/ul>\n<h2 class=\"\" data-start=\"1829\" data-end=\"1867\">Comprehensive Customization Options<\/h2>\n<p class=\"\" data-start=\"1869\" data-end=\"1990\">We offer comprehensive custom solutions, ensuring our magnetic snaps seamlessly integrate into your unique design vision:<\/p>\n<ul>\n<li data-start=\"1994\" data-end=\"2131\"><strong data-start=\"1994\" data-end=\"2012\">Op\u00e7\u00f5es de cores:<\/strong>Regular Cor listada<strong><b><br \/>\n<\/b><\/strong><strong><img decoding=\"async\" class=\"lazyload alignnone size-full wp-image-5392\" src=\"https:\/\/richarms.com\/wp-content\/uploads\/2018\/07\/RICHARMS-COLOT-DIS.jpg\" data-orig-src=\"https:\/\/richarms.com\/wp-content\/uploads\/2018\/07\/RICHARMS-COLOT-DIS.jpg\" alt=\"\" width=\"651\" height=\"457\" srcset=\"data:image\/svg+xml,%3Csvg%20xmlns%3D%27http%3A%2F%2Fwww.w3.org%2F2000%2Fsvg%27%20width%3D%27651%27%20height%3D%27457%27%20viewBox%3D%270%200%20651%20457%27%3E%3Crect%20width%3D%27651%27%20height%3D%27457%27%20fill-opacity%3D%220%22%2F%3E%3C%2Fsvg%3E\" data-srcset=\"https:\/\/richarms.com\/wp-content\/uploads\/2018\/07\/RICHARMS-COLOT-DIS-200x140.jpg 200w, https:\/\/richarms.com\/wp-content\/uploads\/2018\/07\/RICHARMS-COLOT-DIS-300x211.jpg 300w, https:\/\/richarms.com\/wp-content\/uploads\/2018\/07\/RICHARMS-COLOT-DIS-400x281.jpg 400w, https:\/\/richarms.com\/wp-content\/uploads\/2018\/07\/RICHARMS-COLOT-DIS-500x351.jpg 500w, https:\/\/richarms.com\/wp-content\/uploads\/2018\/07\/RICHARMS-COLOT-DIS-600x421.jpg 600w, https:\/\/richarms.com\/wp-content\/uploads\/2018\/07\/RICHARMS-COLOT-DIS.jpg 651w\" data-sizes=\"auto\" data-orig-sizes=\"(max-width: 651px) 100vw, 651px\" \/><\/strong><\/p>\n<p>Wide selection including gold, nickel, rose gold, antique brass, gunmetal, and customizable finishes upon request.<\/li>\n<li data-start=\"2135\" data-end=\"2294\"><strong data-start=\"2135\" data-end=\"2159\">Solu\u00e7\u00f5es de embalagem:<\/strong><br data-start=\"2159\" data-end=\"2162\" \/>Personalized packaging available to enhance your brand identity and customer experience, ideal for gifting or retail presentation.All of these can be provided with Legs, Stems or Rivets.<br \/>\n1 conjunto = 1 macho, 1 f\u00eamea, 2 arruelas<br \/>\n14 mm: 200 conjuntos\/caixa, 20 caixas\/caixa de papel\u00e3o<br \/>\n18 mm: 100 conjuntos\/caixa, 20 caixas\/caixa de papel\u00e3o<\/p>\n<p><div id=\"attachment_5393\" style=\"width: 310px\" class=\"wp-caption alignnone\"><img decoding=\"async\" aria-describedby=\"caption-attachment-5393\" class=\"lazyload wp-image-5393 size-medium\" src=\"https:\/\/richarms.com\/wp-content\/uploads\/2018\/07\/20150702163646_50174-300x290.jpg\" data-orig-src=\"https:\/\/richarms.com\/wp-content\/uploads\/2018\/07\/20150702163646_50174-300x290.jpg\" alt=\"Basic magnetic snap set including male snap, female snap, and two metal washers.\" width=\"300\" height=\"290\" srcset=\"data:image\/svg+xml,%3Csvg%20xmlns%3D%27http%3A%2F%2Fwww.w3.org%2F2000%2Fsvg%27%20width%3D%27300%27%20height%3D%27290%27%20viewBox%3D%270%200%20300%20290%27%3E%3Crect%20width%3D%27300%27%20height%3D%27290%27%20fill-opacity%3D%220%22%2F%3E%3C%2Fsvg%3E\" data-srcset=\"https:\/\/richarms.com\/wp-content\/uploads\/2018\/07\/20150702163646_50174-200x193.jpg 200w, https:\/\/richarms.com\/wp-content\/uploads\/2018\/07\/20150702163646_50174.jpg 300w\" data-sizes=\"auto\" data-orig-sizes=\"(max-width: 300px) 100vw, 300px\" \/><p id=\"caption-attachment-5393\" class=\"wp-caption-text\">Complete basic magnetic snap set featuring male, female snaps, and washers for secure installation.<\/p><\/div><\/li>\n<li data-start=\"2298\" data-end=\"2472\"><strong data-start=\"2298\" data-end=\"2321\">Personaliza\u00e7\u00e3o do logotipo:<\/strong><br data-start=\"2321\" data-end=\"2324\" \/>Add your distinctive logo or branding through laser engraving, stamping, or custom molding, enhancing your product&#8217;s appeal and brand recognition.\n<ul>\n<li>Estampa feminina: Liso, com padr\u00e3o, com logotipo\n<p><div id=\"attachment_7166\" style=\"width: 298px\" class=\"wp-caption alignnone\"><img decoding=\"async\" aria-describedby=\"caption-attachment-7166\" class=\"lazyload wp-image-7166\" title=\"Custom Finishes for Basic Magnetic Snap Female Caps\" src=\"data:image\/svg+xml,%3Csvg%20xmlns%3D%27http%3A%2F%2Fwww.w3.org%2F2000%2Fsvg%27%20width%3D%27288%27%20height%3D%27135%27%20viewBox%3D%270%200%20288%20135%27%3E%3Crect%20width%3D%27288%27%20height%3D%27135%27%20fill-opacity%3D%220%22%2F%3E%3C%2Fsvg%3E\" data-orig-src=\"https:\/\/richarms.com\/wp-content\/uploads\/2020\/03\/\u56fe\u72473.jpg\" alt=\"Basic magnetic snap female caps with three custom finishes: plain, patterned, and laser logo.\" width=\"288\" height=\"135\" \/><p id=\"caption-attachment-7166\" class=\"wp-caption-text\">Personalize your basic magnetic snaps with plain, patterned, or laser-engraved logo finishes.<\/p><\/div><\/li>\n<li>Snap masculino: Simples, com texto, com logotipo\n<p><div id=\"attachment_7180\" style=\"width: 311px\" class=\"wp-caption alignnone\"><img decoding=\"async\" aria-describedby=\"caption-attachment-7180\" class=\"lazyload wp-image-7180\" title=\"Male Cap Finishes for Basic Magnetic Snaps\" src=\"https:\/\/richarms.com\/wp-content\/uploads\/2020\/03\/\u56fe\u72474.jpg\" data-orig-src=\"https:\/\/richarms.com\/wp-content\/uploads\/2020\/03\/\u56fe\u72474.jpg\" alt=\"Basic magnetic snap male caps showing three finish options: plain, molded wording, and laser-engraved logo.\" width=\"301\" height=\"121\" srcset=\"data:image\/svg+xml,%3Csvg%20xmlns%3D%27http%3A%2F%2Fwww.w3.org%2F2000%2Fsvg%27%20width%3D%27301%27%20height%3D%27121%27%20viewBox%3D%270%200%20301%20121%27%3E%3Crect%20width%3D%27301%27%20height%3D%27121%27%20fill-opacity%3D%220%22%2F%3E%3C%2Fsvg%3E\" data-srcset=\"https:\/\/richarms.com\/wp-content\/uploads\/2020\/03\/\u56fe\u72474-200x80.jpg 200w, https:\/\/richarms.com\/wp-content\/uploads\/2020\/03\/\u56fe\u72474-300x120.jpg 300w, https:\/\/richarms.com\/wp-content\/uploads\/2020\/03\/\u56fe\u72474-400x160.jpg 400w, https:\/\/richarms.com\/wp-content\/uploads\/2020\/03\/\u56fe\u72474-500x200.jpg 500w, https:\/\/richarms.com\/wp-content\/uploads\/2020\/03\/\u56fe\u72474-600x241.jpg 600w, https:\/\/richarms.com\/wp-content\/uploads\/2020\/03\/\u56fe\u72474.jpg 651w\" data-sizes=\"auto\" data-orig-sizes=\"(max-width: 301px) 100vw, 301px\" \/><p id=\"caption-attachment-7180\" class=\"wp-caption-text\">Choose plain, molded wording, or laser logo finishes for your basic magnetic snap male caps.<\/p><\/div><\/li>\n<\/ul>\n<\/li>\n<\/ul>\n<p><strong><b>Qual \u00e9 a diferen\u00e7a entre a qualidade de pendurar e enrolar?<\/b><\/strong><\/p>\n<div id=\"attachment_7165\" style=\"width: 227px\" class=\"wp-caption alignnone\"><img decoding=\"async\" aria-describedby=\"caption-attachment-7165\" class=\"lazyload wp-image-7165\" src=\"https:\/\/richarms.com\/wp-content\/uploads\/2020\/03\/\u56fe\u72471.jpg\" data-orig-src=\"https:\/\/richarms.com\/wp-content\/uploads\/2020\/03\/\u56fe\u72471.jpg\" alt=\"Comparison of hanging electroplating and rolling electroplating colors for RICHARMS magnetic snaps, with additional customizable colors available.\" width=\"217\" height=\"305\" srcset=\"data:image\/svg+xml,%3Csvg%20xmlns%3D%27http%3A%2F%2Fwww.w3.org%2F2000%2Fsvg%27%20width%3D%27217%27%20height%3D%27305%27%20viewBox%3D%270%200%20217%20305%27%3E%3Crect%20width%3D%27217%27%20height%3D%27305%27%20fill-opacity%3D%220%22%2F%3E%3C%2Fsvg%3E\" data-srcset=\"https:\/\/richarms.com\/wp-content\/uploads\/2020\/03\/\u56fe\u72471-200x281.jpg 200w, https:\/\/richarms.com\/wp-content\/uploads\/2020\/03\/\u56fe\u72471-213x300.jpg 213w, https:\/\/richarms.com\/wp-content\/uploads\/2020\/03\/\u56fe\u72471.jpg 349w\" data-sizes=\"auto\" data-orig-sizes=\"(max-width: 217px) 100vw, 217px\" \/><p id=\"caption-attachment-7165\" class=\"wp-caption-text\">Side-by-side comparison of hanging electroplating and rolling electroplating finishes for RICHARMS magnetic snaps, offering different color effects. Custom colors are available upon request.<\/p><\/div>\n<p><strong><b>Aplicativo<\/b><\/strong><\/p>\n<div id=\"attachment_7160\" style=\"width: 385px\" class=\"wp-caption alignnone\"><img decoding=\"async\" aria-describedby=\"caption-attachment-7160\" class=\"lazyload wp-image-7160\" src=\"https:\/\/richarms.com\/wp-content\/uploads\/2020\/03\/application.png\" data-orig-src=\"https:\/\/richarms.com\/wp-content\/uploads\/2020\/03\/application.png\" alt=\"RICHARMS magnetic snaps used in various applications, including stationery, bags, and gift packaging, with other applications such as medical devices available upon request.\" width=\"375\" height=\"351\" srcset=\"data:image\/svg+xml,%3Csvg%20xmlns%3D%27http%3A%2F%2Fwww.w3.org%2F2000%2Fsvg%27%20width%3D%27375%27%20height%3D%27351%27%20viewBox%3D%270%200%20375%20351%27%3E%3Crect%20width%3D%27375%27%20height%3D%27351%27%20fill-opacity%3D%220%22%2F%3E%3C%2Fsvg%3E\" data-srcset=\"https:\/\/richarms.com\/wp-content\/uploads\/2020\/03\/application-200x187.png 200w, https:\/\/richarms.com\/wp-content\/uploads\/2020\/03\/application-300x280.png 300w, https:\/\/richarms.com\/wp-content\/uploads\/2020\/03\/application-400x374.png 400w, https:\/\/richarms.com\/wp-content\/uploads\/2020\/03\/application-500x467.png 500w, https:\/\/richarms.com\/wp-content\/uploads\/2020\/03\/application.png 598w\" data-sizes=\"auto\" data-orig-sizes=\"(max-width: 375px) 100vw, 375px\" \/><p id=\"caption-attachment-7160\" class=\"wp-caption-text\">RICHARMS magnetic snaps applied in stationery, bags, and gift packaging, with other customization options available for industries like medical devices.<\/p><\/div>\n<p>For more inspiration, <a href=\"https:\/\/www.pinterest.com\/richarmsaccessoriesgroups\/custom-magnetic-clasps-for-product-designers\/\">click here<\/a>.<\/p>","protected":false},"excerpt":{"rendered":"<p>Tipo: Snaps magn\u00e9ticos padr\u00e3o\/b\u00e1sicos\/cl\u00e1ssicos<br \/>\nMaterial: Brass, Steel, Magnet<br \/>\nN\u00famero do modelo: RC-C1435\/1840\/1845<br \/>\nLogotipo personalizado dispon\u00edvel: Laser, Caved, Tooling<br \/>\nTamanho: 14 mm, 18 mm<br \/>\nCor: Ouro \/ N\u00edquel \/ Pistola \/ Ouro Rosa \/ Formiga Escovada \/ Outra<br \/>\nEmbalagem: caixa e caixa de papel\u00e3o<br \/>\nEnvio: LCL\/ DHL \/ FedEx \/ TNT \/ Outros<\/p>","protected":false},"featured_media":6419,"template":"","meta":[],"product_brand":[],"product_cat":[15],"product_tag":[],"class_list":{"0":"post-2476","1":"product","2":"type-product","3":"status-publish","4":"has-post-thumbnail","6":"product_cat-magnetic-snaps","8":"first","9":"instock","10":"shipping-taxable","11":"product-type-simple"},"aioseo_notices":[],"_links":{"self":[{"href":"https:\/\/richarms.com\/pt\/wp-json\/wp\/v2\/product\/2476","targetHints":{"allow":["GET"]}}],"collection":[{"href":"https:\/\/richarms.com\/pt\/wp-json\/wp\/v2\/product"}],"about":[{"href":"https:\/\/richarms.com\/pt\/wp-json\/wp\/v2\/types\/product"}],"wp:featuredmedia":[{"embeddable":true,"href":"https:\/\/richarms.com\/pt\/wp-json\/wp\/v2\/media\/6419"}],"wp:attachment":[{"href":"https:\/\/richarms.com\/pt\/wp-json\/wp\/v2\/media?parent=2476"}],"wp:term":[{"taxonomy":"product_brand","embeddable":true,"href":"https:\/\/richarms.com\/pt\/wp-json\/wp\/v2\/product_brand?post=2476"},{"taxonomy":"product_cat","embeddable":true,"href":"https:\/\/richarms.com\/pt\/wp-json\/wp\/v2\/product_cat?post=2476"},{"taxonomy":"product_tag","embeddable":true,"href":"https:\/\/richarms.com\/pt\/wp-json\/wp\/v2\/product_tag?post=2476"}],"curies":[{"name":"wp","href":"https:\/\/api.w.org\/{rel}","templated":true}]}}