{"id":2483,"date":"2021-07-12T16:14:21","date_gmt":"2021-07-12T08:14:21","guid":{"rendered":"https:\/\/www.bangzhiyou.com\/?post_type=product&#038;p=2483"},"modified":"2025-04-02T11:03:57","modified_gmt":"2025-04-02T03:03:57","slug":"bzy-2018-m49","status":"publish","type":"product","link":"https:\/\/richarms.com\/pt\/product\/bzy-2018-m49","title":{"rendered":"Snaps magn\u00e9ticos extrafinos"},"content":{"rendered":"<h2>10mm 12mm 14mm 18mm Snaps magn\u00e9ticos redondos extrafinos para bolsas, carteiras e di\u00e1rios<\/h2>\n<p>Esses fechos magn\u00e9ticos de lat\u00e3o s\u00e3o extremamente finos e resistentes, de modo que ficam nivelados com o material. A espessura \u00e9 de 2 mm, o di\u00e2metro \u00e9 de 10 mm, 12 mm, 14 mm, 18 mm e 8 mm podem ser personalizados, <a href=\"https:\/\/richarms.com\/pt\/produto\/bzy-aqx01\/\">20 mm<\/a> em outra estrutura.<br \/>\nEles s\u00e3o a escolha perfeita para aplica\u00e7\u00f5es em que a apar\u00eancia \u00e9 importante e uma fixa\u00e7\u00e3o forte \u00e9 prefer\u00edvel, como bolsas de couro, sacolas, bolsas de m\u00e3o, capas de jornais, mini-massagens, mochilas e sacolas de compras.<br \/>\nO corpo do \u00edm\u00e3 \u00e9 ajustado na espessura do couro, deixando um flange externo fino para ficar nivelado com a superf\u00edcie da bolsa de couro.<\/p>\n<p>Solicita\u00e7\u00e3o de taxa de pedido em massa <a href=\"https:\/\/richarms.com\/pt\/contact\/\">Entre em contato conosco &gt;&gt;&gt;&gt;<\/a><br \/>\nPedidos pequenos, por favor, dirijam-se ao nosso <a href=\"https:\/\/www.richarmshardware.com\/\">loja on-line &gt;&gt;&gt;<\/a><\/p>\n<p><!--more--><\/p>\n<h4 style=\"text-align: left;\"><strong>Lista de tamanhos de Snaps magn\u00e9ticos extrafinos<\/strong><\/h4>\n<table style=\"height: 571px;\" width=\"757\">\n<tbody>\n<tr>\n<td width=\"79\">C\u00f3digo<\/td>\n<td width=\"70\">Tamanho<\/td>\n<td width=\"83\">Estalo feminino<br \/>\nTH<\/td>\n<td width=\"57\">Pronga<br \/>\nL<\/td>\n<td width=\"69\">\u00cdm\u00e3<br \/>\nTamanho<\/td>\n<td width=\"113\">Imagem<\/td>\n<td width=\"243\">Descri\u00e7\u00e3o<\/td>\n<\/tr>\n<tr>\n<td width=\"79\">RC-E1020<\/td>\n<td width=\"70\">Fecho magn\u00e9tico de 10 mm<\/td>\n<td width=\"83\">2 mm<\/td>\n<td width=\"57\">6,2 mm<\/td>\n<td width=\"69\">9,8 mm<\/td>\n<td width=\"113\">\n<p><div id=\"attachment_7188\" style=\"width: 91px\" class=\"wp-caption aligncenter\"><img decoding=\"async\" aria-describedby=\"caption-attachment-7188\" class=\"lazyload wp-image-7188\" title=\"Fechos magn\u00e9ticos de 10 mm\" src=\"https:\/\/richarms.com\/wp-content\/uploads\/2020\/03\/10X2.png\" data-orig-src=\"https:\/\/richarms.com\/wp-content\/uploads\/2020\/03\/10X2.png\" alt=\"\" width=\"81\" height=\"76\" srcset=\"data:image\/svg+xml,%3Csvg%20xmlns%3D%27http%3A%2F%2Fwww.w3.org%2F2000%2Fsvg%27%20width%3D%2781%27%20height%3D%2776%27%20viewBox%3D%270%200%2081%2076%27%3E%3Crect%20width%3D%2781%27%20height%3D%2776%27%20fill-opacity%3D%220%22%2F%3E%3C%2Fsvg%3E\" data-srcset=\"https:\/\/richarms.com\/wp-content\/uploads\/2020\/03\/10X2-200x188.png 200w, https:\/\/richarms.com\/wp-content\/uploads\/2020\/03\/10X2-300x283.png 300w, https:\/\/richarms.com\/wp-content\/uploads\/2020\/03\/10X2.png 330w\" data-sizes=\"auto\" data-orig-sizes=\"(max-width: 81px) 100vw, 81px\" \/><p id=\"caption-attachment-7188\" class=\"wp-caption-text\">Fechos magn\u00e9ticos extrafinos de 10 mm<\/p><\/div><\/td>\n<td width=\"243\">Um \u00edm\u00e3 poderoso em um tamanho muito pequeno.<br \/>\nPara bolsas de couro pequenas, mini carteiras, estojos de \u00f3culos, brinquedos e conex\u00e3o eletr\u00f4nica para dispositivos pequenos, como massageador ocular<\/td>\n<\/tr>\n<tr>\n<td width=\"79\">RC-E1220<\/td>\n<td width=\"70\">Fecho magn\u00e9tico de 12 mm<\/td>\n<td width=\"83\">2 mm<\/td>\n<td width=\"57\">7,6 mm<\/td>\n<td width=\"69\">11,5 mm<\/td>\n<td width=\"113\">\n<p><div id=\"attachment_7214\" style=\"width: 106px\" class=\"wp-caption aligncenter\"><img decoding=\"async\" aria-describedby=\"caption-attachment-7214\" class=\"lazyload wp-image-7214\" title=\"Fechos magn\u00e9ticos de 12 mm\" src=\"https:\/\/richarms.com\/wp-content\/uploads\/2018\/08\/12X2.png\" data-orig-src=\"https:\/\/richarms.com\/wp-content\/uploads\/2018\/08\/12X2.png\" alt=\"\" width=\"96\" height=\"94\" srcset=\"data:image\/svg+xml,%3Csvg%20xmlns%3D%27http%3A%2F%2Fwww.w3.org%2F2000%2Fsvg%27%20width%3D%2796%27%20height%3D%2794%27%20viewBox%3D%270%200%2096%2094%27%3E%3Crect%20width%3D%2796%27%20height%3D%2794%27%20fill-opacity%3D%220%22%2F%3E%3C%2Fsvg%3E\" data-srcset=\"https:\/\/richarms.com\/wp-content\/uploads\/2018\/08\/12X2-66x66.png 66w, https:\/\/richarms.com\/wp-content\/uploads\/2018\/08\/12X2-200x197.png 200w, https:\/\/richarms.com\/wp-content\/uploads\/2018\/08\/12X2-300x295.png 300w, https:\/\/richarms.com\/wp-content\/uploads\/2018\/08\/12X2.png 396w\" data-sizes=\"auto\" data-orig-sizes=\"(max-width: 96px) 100vw, 96px\" \/><p id=\"caption-attachment-7214\" class=\"wp-caption-text\">Fechos magn\u00e9ticos extrafinos de 12 mm<\/p><\/div><\/td>\n<td width=\"243\">\u00d3timo para bolsas pequenas, carteiras de bolso frontal e embalagens.<br \/>\nFace nivelada e di\u00e2metro pequeno.<\/td>\n<\/tr>\n<tr>\n<td width=\"79\">RC-E1420<\/td>\n<td width=\"70\">Fecho magn\u00e9tico de 14 mm<\/td>\n<td width=\"83\">2 mm<\/td>\n<td width=\"57\">7,6 mm<\/td>\n<td width=\"69\">11 mm<\/td>\n<td width=\"113\">\n<p><div id=\"attachment_7215\" style=\"width: 115px\" class=\"wp-caption aligncenter\"><img decoding=\"async\" aria-describedby=\"caption-attachment-7215\" class=\"lazyload wp-image-7215\" title=\"Fechos magn\u00e9ticos de 14 mm\" src=\"https:\/\/richarms.com\/wp-content\/uploads\/2018\/08\/14X2.png\" data-orig-src=\"https:\/\/richarms.com\/wp-content\/uploads\/2018\/08\/14X2.png\" alt=\"\" width=\"105\" height=\"102\" srcset=\"data:image\/svg+xml,%3Csvg%20xmlns%3D%27http%3A%2F%2Fwww.w3.org%2F2000%2Fsvg%27%20width%3D%27105%27%20height%3D%27102%27%20viewBox%3D%270%200%20105%20102%27%3E%3Crect%20width%3D%27105%27%20height%3D%27102%27%20fill-opacity%3D%220%22%2F%3E%3C%2Fsvg%3E\" data-srcset=\"https:\/\/richarms.com\/wp-content\/uploads\/2018\/08\/14X2-200x194.png 200w, https:\/\/richarms.com\/wp-content\/uploads\/2018\/08\/14X2-300x291.png 300w, https:\/\/richarms.com\/wp-content\/uploads\/2018\/08\/14X2-400x389.png 400w, https:\/\/richarms.com\/wp-content\/uploads\/2018\/08\/14X2-500x486.png 500w, https:\/\/richarms.com\/wp-content\/uploads\/2018\/08\/14X2.png 526w\" data-sizes=\"auto\" data-orig-sizes=\"(max-width: 105px) 100vw, 105px\" \/><p id=\"caption-attachment-7215\" class=\"wp-caption-text\">Fechos magn\u00e9ticos extrafinos de 14 mm<\/p><\/div><\/td>\n<td width=\"243\">Corpo fino. Resist\u00eancia padr\u00e3o.<br \/>\nFechos elegantes e modernos para bolsas, sacolas, malas, estojos e capas de jornais.<\/td>\n<\/tr>\n<tr>\n<td width=\"79\">RC-E1820<\/td>\n<td width=\"70\">Fecho magn\u00e9tico de 18 mm<\/td>\n<td width=\"83\">2 mm<\/td>\n<td width=\"57\">9 mm<\/td>\n<td width=\"69\">12 mm<\/td>\n<td width=\"113\">\n<p><div id=\"attachment_7192\" style=\"width: 131px\" class=\"wp-caption alignnone\"><img decoding=\"async\" aria-describedby=\"caption-attachment-7192\" class=\"lazyload wp-image-7192\" title=\"Fechos magn\u00e9ticos de 18 mm\" src=\"https:\/\/richarms.com\/wp-content\/uploads\/2020\/03\/18X2.png\" data-orig-src=\"https:\/\/richarms.com\/wp-content\/uploads\/2020\/03\/18X2.png\" alt=\"\" width=\"121\" height=\"118\" srcset=\"data:image\/svg+xml,%3Csvg%20xmlns%3D%27http%3A%2F%2Fwww.w3.org%2F2000%2Fsvg%27%20width%3D%27121%27%20height%3D%27118%27%20viewBox%3D%270%200%20121%20118%27%3E%3Crect%20width%3D%27121%27%20height%3D%27118%27%20fill-opacity%3D%220%22%2F%3E%3C%2Fsvg%3E\" data-srcset=\"https:\/\/richarms.com\/wp-content\/uploads\/2020\/03\/18X2-200x194.png 200w, https:\/\/richarms.com\/wp-content\/uploads\/2020\/03\/18X2-300x291.png 300w, https:\/\/richarms.com\/wp-content\/uploads\/2020\/03\/18X2-400x388.png 400w, https:\/\/richarms.com\/wp-content\/uploads\/2020\/03\/18X2-500x485.png 500w, https:\/\/richarms.com\/wp-content\/uploads\/2020\/03\/18X2-600x582.png 600w, https:\/\/richarms.com\/wp-content\/uploads\/2020\/03\/18X2.png 627w\" data-sizes=\"auto\" data-orig-sizes=\"(max-width: 121px) 100vw, 121px\" \/><p id=\"caption-attachment-7192\" class=\"wp-caption-text\">Fechos magn\u00e9ticos extrafinos de 18 mm<\/p><\/div><\/td>\n<td width=\"243\">Corpo fino com grande poder de reten\u00e7\u00e3o.<br \/>\nPara bolsas, sacolas, malas, mochilas, embalagens, ind\u00fastria automotiva e aeroespacial.<\/td>\n<\/tr>\n<\/tbody>\n<\/table>\n<p><!--more--><\/p>\n<h4><strong><b>A Richarms oferece diferentes resist\u00eancias de \u00edm\u00e3 para todas as solu\u00e7\u00f5es de mercado<\/b><\/strong><\/h4>\n<p>A pot\u00eancia de um fecho magn\u00e9tico \u00e9 determinada pelo tamanho e pela for\u00e7a do \u00edm\u00e3 usado em sua constru\u00e7\u00e3o. \u00cdm\u00e3s maiores com maior for\u00e7a magn\u00e9tica proporcionar\u00e3o um fecho mais forte, enquanto \u00edm\u00e3s menores proporcionar\u00e3o um fecho mais fraco. Alguns fechos magn\u00e9ticos tamb\u00e9m s\u00e3o ajust\u00e1veis, permitindo que os usu\u00e1rios ajustem a for\u00e7a do fecho de acordo com sua prefer\u00eancia.<\/p>\n<p>A Richarms oferecer\u00e1 nossa solu\u00e7\u00e3o profissional para bolsas, mochilas, bolsas de m\u00e3o, capas de jornais, caixas de presente e muitas outras finalidades.<\/p>\n<div id=\"attachment_7346\" style=\"width: 428px\" class=\"wp-caption alignnone\"><img decoding=\"async\" aria-describedby=\"caption-attachment-7346\" class=\"lazyload wp-image-7346 size-full\" src=\"https:\/\/richarms.com\/wp-content\/uploads\/2021\/07\/\u5fae\u4fe1\u622a\u56fe_20210824111345.png\" data-orig-src=\"https:\/\/richarms.com\/wp-content\/uploads\/2021\/07\/\u5fae\u4fe1\u622a\u56fe_20210824111345.png\" alt=\"Richarms, the Chinese Wholesale Professional Magnetic Snaps Factory has different strength option for thin or thick magnetic snaps, standard solution is from 0.5kg - 5kg, customized strength solution available.The image is showing our standard Strength: 18mm Thick (1.5kg \/ 3kg) 14mm Thick (0.5kg \/ 1.5kg) \" width=\"418\" height=\"682\" srcset=\"data:image\/svg+xml,%3Csvg%20xmlns%3D%27http%3A%2F%2Fwww.w3.org%2F2000%2Fsvg%27%20width%3D%27418%27%20height%3D%27682%27%20viewBox%3D%270%200%20418%20682%27%3E%3Crect%20width%3D%27418%27%20height%3D%27682%27%20fill-opacity%3D%220%22%2F%3E%3C%2Fsvg%3E\" data-srcset=\"https:\/\/richarms.com\/wp-content\/uploads\/2021\/07\/\u5fae\u4fe1\u622a\u56fe_20210824111345-184x300.png 184w, https:\/\/richarms.com\/wp-content\/uploads\/2021\/07\/\u5fae\u4fe1\u622a\u56fe_20210824111345-200x326.png 200w, https:\/\/richarms.com\/wp-content\/uploads\/2021\/07\/\u5fae\u4fe1\u622a\u56fe_20210824111345-400x653.png 400w, https:\/\/richarms.com\/wp-content\/uploads\/2021\/07\/\u5fae\u4fe1\u622a\u56fe_20210824111345.png 418w\" data-sizes=\"auto\" data-orig-sizes=\"(max-width: 418px) 100vw, 418px\" \/><p id=\"caption-attachment-7346\" class=\"wp-caption-text\">A Richarms, a f\u00e1brica chinesa de snaps magn\u00e9ticos profissionais por atacado, tem diferentes op\u00e7\u00f5es de for\u00e7a para snaps magn\u00e9ticos finos ou grossos, a solu\u00e7\u00e3o padr\u00e3o \u00e9 de 0,5 kg a 5 kg, e h\u00e1 solu\u00e7\u00f5es de for\u00e7a personalizadas dispon\u00edveis.<br \/>A imagem mostra nossa for\u00e7a padr\u00e3o:<br \/>18 mm de espessura (1,5 kg \/ 3 kg)<br \/>14 mm de espessura (0,5 kg \/ 1,5 kg)<\/p><\/div>\n<p><!--more--><\/p>\n<h4>Como os snaps magn\u00e9ticos s\u00e3o produzidos?<\/h4>\n<p>A parte f\u00eamea de um snap magn\u00e9tico normalmente cont\u00e9m o \u00edm\u00e3, enquanto a parte macho cont\u00e9m um material ferromagn\u00e9tico que \u00e9 atra\u00eddo pelo \u00edm\u00e3, como ferro ou a\u00e7o, e \u00e9 magnetizado.<\/p>\n<p><img decoding=\"async\" class=\"lazyload wp-image-7163\" title=\"pe\u00e7a de encaixe magn\u00e9tico\" src=\"https:\/\/richarms.com\/wp-content\/uploads\/2020\/03\/\u8d85\u8584\u78c1\u529b-e1626186192975.png\" data-orig-src=\"https:\/\/richarms.com\/wp-content\/uploads\/2020\/03\/\u8d85\u8584\u78c1\u529b-e1626186192975.png\" alt=\"\" width=\"449\" height=\"131\" srcset=\"data:image\/svg+xml,%3Csvg%20xmlns%3D%27http%3A%2F%2Fwww.w3.org%2F2000%2Fsvg%27%20width%3D%27449%27%20height%3D%27131%27%20viewBox%3D%270%200%20449%20131%27%3E%3Crect%20width%3D%27449%27%20height%3D%27131%27%20fill-opacity%3D%220%22%2F%3E%3C%2Fsvg%3E\" data-srcset=\"https:\/\/richarms.com\/wp-content\/uploads\/2020\/03\/\u8d85\u8584\u78c1\u529b-e1626186192975-200x58.png 200w, https:\/\/richarms.com\/wp-content\/uploads\/2020\/03\/\u8d85\u8584\u78c1\u529b-e1626186192975-300x87.png 300w, https:\/\/richarms.com\/wp-content\/uploads\/2020\/03\/\u8d85\u8584\u78c1\u529b-e1626186192975-400x117.png 400w, https:\/\/richarms.com\/wp-content\/uploads\/2020\/03\/\u8d85\u8584\u78c1\u529b-e1626186192975-500x146.png 500w, https:\/\/richarms.com\/wp-content\/uploads\/2020\/03\/\u8d85\u8584\u78c1\u529b-e1626186192975-600x175.png 600w, https:\/\/richarms.com\/wp-content\/uploads\/2020\/03\/\u8d85\u8584\u78c1\u529b-e1626186192975-700x204.png 700w, https:\/\/richarms.com\/wp-content\/uploads\/2020\/03\/\u8d85\u8584\u78c1\u529b-e1626186192975-768x224.png 768w, https:\/\/richarms.com\/wp-content\/uploads\/2020\/03\/\u8d85\u8584\u78c1\u529b-e1626186192975-800x233.png 800w, https:\/\/richarms.com\/wp-content\/uploads\/2020\/03\/\u8d85\u8584\u78c1\u529b-e1626186192975.png 885w\" data-sizes=\"auto\" data-orig-sizes=\"(max-width: 449px) 100vw, 449px\" \/><\/p>\n<p><img decoding=\"async\" class=\"lazyload wp-image-7161\" title=\"Material dos fechos magn\u00e9ticos\" src=\"https:\/\/richarms.com\/wp-content\/uploads\/2020\/03\/materials-e1626143269166.png\" data-orig-src=\"https:\/\/richarms.com\/wp-content\/uploads\/2020\/03\/materials-e1626143269166.png\" alt=\"\" width=\"446\" height=\"199\" srcset=\"data:image\/svg+xml,%3Csvg%20xmlns%3D%27http%3A%2F%2Fwww.w3.org%2F2000%2Fsvg%27%20width%3D%27446%27%20height%3D%27199%27%20viewBox%3D%270%200%20446%20199%27%3E%3Crect%20width%3D%27446%27%20height%3D%27199%27%20fill-opacity%3D%220%22%2F%3E%3C%2Fsvg%3E\" data-srcset=\"https:\/\/richarms.com\/wp-content\/uploads\/2020\/03\/materials-e1626143269166-200x89.png 200w, https:\/\/richarms.com\/wp-content\/uploads\/2020\/03\/materials-e1626143269166-300x134.png 300w, https:\/\/richarms.com\/wp-content\/uploads\/2020\/03\/materials-e1626143269166-400x178.png 400w, https:\/\/richarms.com\/wp-content\/uploads\/2020\/03\/materials-e1626143269166-500x223.png 500w, https:\/\/richarms.com\/wp-content\/uploads\/2020\/03\/materials-e1626143269166.png 511w\" data-sizes=\"auto\" data-orig-sizes=\"(max-width: 446px) 100vw, 446px\" \/><\/p>\n<p><!--more--><\/p>\n<h4>Que detalhe gostar\u00edamos de confirmar com voc\u00ea quando precisar de uma solu\u00e7\u00e3o perfeita para sua bolsa e mala, roupas ou mini dispositivo el\u00e9trico?<\/h4>\n<p style=\"text-align: left;\"><strong>Etapa 1: Escolha o material<br \/>\n<\/strong>C\u00e1psula f\u00eamea:  Ferro, lat\u00e3o comum ou lat\u00e3o ambiental dispon\u00edvel<strong><br \/>\n<\/strong>C\u00e1psula masculina: Ferro<\/p>\n<p><strong><b>Etapa 2: Escolha F<\/b><\/strong><strong><b>tipos de acabamento<\/b><\/strong><strong><b><br \/>\n<\/b><\/strong>Estampa feminina: Liso, com padr\u00e3o, com logotipo<\/p>\n<p><img decoding=\"async\" class=\"lazyload wp-image-7166\" title=\"fechos magn\u00e9ticos acabamento f\u00eamea\" src=\"data:image\/svg+xml,%3Csvg%20xmlns%3D%27http%3A%2F%2Fwww.w3.org%2F2000%2Fsvg%27%20width%3D%27288%27%20height%3D%27135%27%20viewBox%3D%270%200%20288%20135%27%3E%3Crect%20width%3D%27288%27%20height%3D%27135%27%20fill-opacity%3D%220%22%2F%3E%3C%2Fsvg%3E\" data-orig-src=\"https:\/\/richarms.com\/wp-content\/uploads\/2020\/03\/\u56fe\u72473.jpg\" alt=\"\" width=\"288\" height=\"135\" \/><\/p>\n<p>Snap masculino: Simples, com texto, com logotipo<strong><br \/>\n<\/strong><\/p>\n<p><img decoding=\"async\" class=\"lazyload wp-image-7180\" title=\"Acabamento macho com fechos magn\u00e9ticos\" src=\"https:\/\/richarms.com\/wp-content\/uploads\/2020\/03\/\u56fe\u72474.jpg\" data-orig-src=\"https:\/\/richarms.com\/wp-content\/uploads\/2020\/03\/\u56fe\u72474.jpg\" alt=\"\" width=\"301\" height=\"121\" srcset=\"data:image\/svg+xml,%3Csvg%20xmlns%3D%27http%3A%2F%2Fwww.w3.org%2F2000%2Fsvg%27%20width%3D%27301%27%20height%3D%27121%27%20viewBox%3D%270%200%20301%20121%27%3E%3Crect%20width%3D%27301%27%20height%3D%27121%27%20fill-opacity%3D%220%22%2F%3E%3C%2Fsvg%3E\" data-srcset=\"https:\/\/richarms.com\/wp-content\/uploads\/2020\/03\/\u56fe\u72474-200x80.jpg 200w, https:\/\/richarms.com\/wp-content\/uploads\/2020\/03\/\u56fe\u72474-300x120.jpg 300w, https:\/\/richarms.com\/wp-content\/uploads\/2020\/03\/\u56fe\u72474-400x160.jpg 400w, https:\/\/richarms.com\/wp-content\/uploads\/2020\/03\/\u56fe\u72474-500x200.jpg 500w, https:\/\/richarms.com\/wp-content\/uploads\/2020\/03\/\u56fe\u72474-600x241.jpg 600w, https:\/\/richarms.com\/wp-content\/uploads\/2020\/03\/\u56fe\u72474.jpg 651w\" data-sizes=\"auto\" data-orig-sizes=\"(max-width: 301px) 100vw, 301px\" \/><\/p>\n<p><strong><b>Etapa 3: Escolha a cor dos snaps magn\u00e9ticos<\/b><\/strong><\/p>\n<div id=\"attachment_5392\" style=\"width: 661px\" class=\"wp-caption alignnone\"><img decoding=\"async\" aria-describedby=\"caption-attachment-5392\" class=\"lazyload wp-image-5392 size-full\" title=\"cor dos fechos magn\u00e9ticos\" src=\"https:\/\/richarms.com\/wp-content\/uploads\/2018\/07\/RICHARMS-COLOT-DIS.jpg\" data-orig-src=\"https:\/\/richarms.com\/wp-content\/uploads\/2018\/07\/RICHARMS-COLOT-DIS.jpg\" alt=\"\" width=\"651\" height=\"457\" srcset=\"data:image\/svg+xml,%3Csvg%20xmlns%3D%27http%3A%2F%2Fwww.w3.org%2F2000%2Fsvg%27%20width%3D%27651%27%20height%3D%27457%27%20viewBox%3D%270%200%20651%20457%27%3E%3Crect%20width%3D%27651%27%20height%3D%27457%27%20fill-opacity%3D%220%22%2F%3E%3C%2Fsvg%3E\" data-srcset=\"https:\/\/richarms.com\/wp-content\/uploads\/2018\/07\/RICHARMS-COLOT-DIS-200x140.jpg 200w, https:\/\/richarms.com\/wp-content\/uploads\/2018\/07\/RICHARMS-COLOT-DIS-300x211.jpg 300w, https:\/\/richarms.com\/wp-content\/uploads\/2018\/07\/RICHARMS-COLOT-DIS-400x281.jpg 400w, https:\/\/richarms.com\/wp-content\/uploads\/2018\/07\/RICHARMS-COLOT-DIS-500x351.jpg 500w, https:\/\/richarms.com\/wp-content\/uploads\/2018\/07\/RICHARMS-COLOT-DIS-600x421.jpg 600w, https:\/\/richarms.com\/wp-content\/uploads\/2018\/07\/RICHARMS-COLOT-DIS.jpg 651w\" data-sizes=\"auto\" data-orig-sizes=\"(max-width: 651px) 100vw, 651px\" \/><p id=\"caption-attachment-5392\" class=\"wp-caption-text\"><span style=\"font-size: 16px;\">Envie um e-mail para obter mais op\u00e7\u00f5es de cores, como Spray Black, Epoxy Black, Rainbow, Pearl Nickel (Matt Nickel), Pearl Gold, Brush Nickel, Brush Gold, Antique Silver, Antique Black, etc.<\/span><\/p><\/div>\n<p><strong><b>Qual \u00e9 a diferen\u00e7a entre os fechos magn\u00e9ticos suspensos e os fechos magn\u00e9ticos rolantes?<\/b><\/strong><\/p>\n<p>A galvanoplastia \u00e9 dividida em galvaniza\u00e7\u00e3o suspensa, galvaniza\u00e7\u00e3o por rolo, galvaniza\u00e7\u00e3o cont\u00ednua e galvaniza\u00e7\u00e3o por escova, principalmente em fun\u00e7\u00e3o do tamanho e do lote de pe\u00e7as a serem galvanizadas.<\/p>\n<p>A galvaniza\u00e7\u00e3o suspensa e a galvaniza\u00e7\u00e3o em rolo s\u00e3o dois m\u00e9todos diferentes de galvaniza\u00e7\u00e3o, um processo no qual uma fina camada de metal \u00e9 depositada na superf\u00edcie de um material condutor. A galvaniza\u00e7\u00e3o suspensa envolve a suspens\u00e3o do objeto a ser galvanizado em uma solu\u00e7\u00e3o dos \u00edons met\u00e1licos desejados, usando um fio ou outro mecanismo de suspens\u00e3o. Isso permite que toda a superf\u00edcie do objeto seja uniformemente revestida com o metal. O revestimento por rolo, por outro lado, envolve a passagem do objeto a ser revestido por uma solu\u00e7\u00e3o dos \u00edons met\u00e1licos desejados usando um rolo ou uma correia transportadora. Esse m\u00e9todo \u00e9 mais eficiente para o revestimento de objetos grandes ou complexos, mas pode resultar em uma cobertura desigual ou em \u00e1reas ausentes.<\/p>\n<p><img decoding=\"async\" class=\"lazyload wp-image-7165\" title=\"acabamento com fechos magn\u00e9ticos\" src=\"https:\/\/richarms.com\/wp-content\/uploads\/2020\/03\/\u56fe\u72471.jpg\" data-orig-src=\"https:\/\/richarms.com\/wp-content\/uploads\/2020\/03\/\u56fe\u72471.jpg\" alt=\"\" width=\"176\" height=\"248\" srcset=\"data:image\/svg+xml,%3Csvg%20xmlns%3D%27http%3A%2F%2Fwww.w3.org%2F2000%2Fsvg%27%20width%3D%27176%27%20height%3D%27248%27%20viewBox%3D%270%200%20176%20248%27%3E%3Crect%20width%3D%27176%27%20height%3D%27248%27%20fill-opacity%3D%220%22%2F%3E%3C%2Fsvg%3E\" data-srcset=\"https:\/\/richarms.com\/wp-content\/uploads\/2020\/03\/\u56fe\u72471-200x281.jpg 200w, https:\/\/richarms.com\/wp-content\/uploads\/2020\/03\/\u56fe\u72471-213x300.jpg 213w, https:\/\/richarms.com\/wp-content\/uploads\/2020\/03\/\u56fe\u72471.jpg 349w\" data-sizes=\"auto\" data-orig-sizes=\"(max-width: 176px) 100vw, 176px\" \/><\/p>\n<p><strong>Nossas embalagens para diferentes tipos de fechos de bolsas<br \/>\n<\/strong>Todos os tamanhos de snap magn\u00e9tico podem ser fornecidos com pernas, hastes ou rebites.<strong><br \/>\n<\/strong>1 conjunto = 1 macho, 1 f\u00eamea, 2 arruelas<strong><br \/>\n<\/strong>Fechos magn\u00e9ticos de 10 mm: 400 conjuntos\/caixa, 20 ou 30 caixas\/caixa<strong><br \/>\n<\/strong>Fechos magn\u00e9ticos de 12 mm: 200 conjuntos\/caixa, 20 ou 30 caixas\/caixa<strong><br \/>\n<\/strong>Fechos magn\u00e9ticos de 14 mm: 200 conjuntos\/caixa, 20 ou 30 caixas\/caixa<strong><br \/>\n<\/strong>Fechos magn\u00e9ticos de 18 mm: 100 conjuntos\/caixa, 20 ou 30 caixas\/caixa<\/p>\n<p><img decoding=\"async\" class=\"lazyload wp-image-5393 size-full\" title=\"conjunto completo de fechos magn\u00e9ticos\" src=\"https:\/\/richarms.com\/wp-content\/uploads\/2018\/07\/20150702163646_50174.jpg\" data-orig-src=\"https:\/\/richarms.com\/wp-content\/uploads\/2018\/07\/20150702163646_50174.jpg\" alt=\"\" width=\"300\" height=\"290\" srcset=\"data:image\/svg+xml,%3Csvg%20xmlns%3D%27http%3A%2F%2Fwww.w3.org%2F2000%2Fsvg%27%20width%3D%27300%27%20height%3D%27290%27%20viewBox%3D%270%200%20300%20290%27%3E%3Crect%20width%3D%27300%27%20height%3D%27290%27%20fill-opacity%3D%220%22%2F%3E%3C%2Fsvg%3E\" data-srcset=\"https:\/\/richarms.com\/wp-content\/uploads\/2018\/07\/20150702163646_50174-200x193.jpg 200w, https:\/\/richarms.com\/wp-content\/uploads\/2018\/07\/20150702163646_50174.jpg 300w\" data-sizes=\"auto\" data-orig-sizes=\"(max-width: 300px) 100vw, 300px\" \/><\/p>\n<p>&nbsp;<\/p>\n<h4><!--more-->O que \u00e9 o Magnetic Snaps?<\/h4>\n<p>Os fechos magn\u00e9ticos s\u00e3o pequenos \u00edm\u00e3s que costumam ser usados em roupas e acess\u00f3rios, como bolsas e sacolas, para prender com seguran\u00e7a o item fechado. Quando dois fechos magn\u00e9ticos s\u00e3o colocados pr\u00f3ximos um do outro, os \u00edm\u00e3s se atraem e se encaixam, mantendo o item fechado. Eles s\u00e3o uma alternativa conveniente e f\u00e1cil de usar aos fechos tradicionais, como bot\u00f5es ou z\u00edperes.<\/p>\n<h4><strong>Estudo de caso<\/strong><\/h4>\n<p><img decoding=\"async\" class=\"lazyload wp-image-7160\" title=\"Aplica\u00e7\u00e3o de snaps magn\u00e9ticos\" src=\"https:\/\/richarms.com\/wp-content\/uploads\/2020\/03\/application.png\" data-orig-src=\"https:\/\/richarms.com\/wp-content\/uploads\/2020\/03\/application.png\" alt=\"\" width=\"474\" height=\"443\" srcset=\"data:image\/svg+xml,%3Csvg%20xmlns%3D%27http%3A%2F%2Fwww.w3.org%2F2000%2Fsvg%27%20width%3D%27474%27%20height%3D%27443%27%20viewBox%3D%270%200%20474%20443%27%3E%3Crect%20width%3D%27474%27%20height%3D%27443%27%20fill-opacity%3D%220%22%2F%3E%3C%2Fsvg%3E\" data-srcset=\"https:\/\/richarms.com\/wp-content\/uploads\/2020\/03\/application-200x187.png 200w, https:\/\/richarms.com\/wp-content\/uploads\/2020\/03\/application-300x280.png 300w, https:\/\/richarms.com\/wp-content\/uploads\/2020\/03\/application-400x374.png 400w, https:\/\/richarms.com\/wp-content\/uploads\/2020\/03\/application-500x467.png 500w, https:\/\/richarms.com\/wp-content\/uploads\/2020\/03\/application.png 598w\" data-sizes=\"auto\" data-orig-sizes=\"(max-width: 474px) 100vw, 474px\" \/><\/p>","protected":false},"excerpt":{"rendered":"<div class=\"post-content woocommerce-product-details__short-description\">\n<p><strong>Snaps magn\u00e9ticos redondos extrafinos<\/strong><\/p>\n<p>Tipo: Snaps magn\u00e9ticos padr\u00e3o\/b\u00e1sico\/cl\u00e1ssico\/redondo\/extrafino\/fino<br \/>\nMaterial: Lat\u00e3o, ferro, \u00edm\u00e3<br \/>\nN\u00famero do modelo: RC-E1020\/1220\/1420\/1820<br \/>\nLogotipo personalizado dispon\u00edvel: Laser, Caved, Tooling<br \/>\nTamanho: 10 mm, 12 mm, 14 mm, 18 mm<br \/>\nResist\u00eancia: de 0,5 kg a 3 kg, e resist\u00eancia personalizada dispon\u00edvel<br \/>\nCor: Ouro \/ N\u00edquel \/ Pistola \/ Ouro Rosa \/ Formiga Escovada \/ Outra<br \/>\nEmbalagem: caixa e caixa de papel\u00e3o<br \/>\nRemessa: LCL\/ LDP\/DHL \/ FedEx \/ TNT \/ Outros<\/p>\n<\/div>","protected":false},"featured_media":6443,"template":"","meta":[],"product_brand":[],"product_cat":[15],"product_tag":[81,82,83,84,85,86,87],"class_list":{"0":"post-2483","1":"product","2":"type-product","3":"status-publish","4":"has-post-thumbnail","6":"product_cat-magnetic-snaps","7":"product_tag-extra-thin","8":"product_tag-slim","9":"product_tag-strong","10":"product_tag-18mm","11":"product_tag-14mm","12":"product_tag-12mm","13":"product_tag-10mm","15":"first","16":"instock","17":"shipping-taxable","18":"product-type-simple"},"aioseo_notices":[],"_links":{"self":[{"href":"https:\/\/richarms.com\/pt\/wp-json\/wp\/v2\/product\/2483","targetHints":{"allow":["GET"]}}],"collection":[{"href":"https:\/\/richarms.com\/pt\/wp-json\/wp\/v2\/product"}],"about":[{"href":"https:\/\/richarms.com\/pt\/wp-json\/wp\/v2\/types\/product"}],"wp:featuredmedia":[{"embeddable":true,"href":"https:\/\/richarms.com\/pt\/wp-json\/wp\/v2\/media\/6443"}],"wp:attachment":[{"href":"https:\/\/richarms.com\/pt\/wp-json\/wp\/v2\/media?parent=2483"}],"wp:term":[{"taxonomy":"product_brand","embeddable":true,"href":"https:\/\/richarms.com\/pt\/wp-json\/wp\/v2\/product_brand?post=2483"},{"taxonomy":"product_cat","embeddable":true,"href":"https:\/\/richarms.com\/pt\/wp-json\/wp\/v2\/product_cat?post=2483"},{"taxonomy":"product_tag","embeddable":true,"href":"https:\/\/richarms.com\/pt\/wp-json\/wp\/v2\/product_tag?post=2483"}],"curies":[{"name":"wp","href":"https:\/\/api.w.org\/{rel}","templated":true}]}}