{"id":5495,"date":"2021-07-09T16:23:59","date_gmt":"2021-07-09T08:23:59","guid":{"rendered":"https:\/\/richarms.com\/?post_type=product&#038;p=5495"},"modified":"2025-03-11T16:55:13","modified_gmt":"2025-03-11T08:55:13","slug":"strong-block-magnets-in-bulk","status":"publish","type":"product","link":"https:\/\/richarms.com\/pt\/product\/strong-block-magnets-in-bulk","title":{"rendered":"\u00cdm\u00e3s de NdFeB de alto desempenho"},"content":{"rendered":"<h1>\u00cdm\u00e3s NdFeB de alto desempenho - formatos e classes personalizados<\/h1>\n<table width=\"687\">\n<tbody>\n<tr style=\"font-style: inherit; font-weight: inherit;\">\n<td style=\"font-style: inherit;\" width=\"183\">Tipo<\/td>\n<td style=\"font-style: inherit;\" width=\"504\">Permanente<\/td>\n<\/tr>\n<tr style=\"font-style: inherit; font-weight: inherit;\">\n<td style=\"font-style: inherit;\" width=\"183\" data-spm-anchor-id=\"a2700.details.pronpeci14.i0.41a61526Xi5f7X\">Composto<\/td>\n<td style=\"font-style: inherit;\" width=\"504\">\u00cdm\u00e3 NdFeB<\/td>\n<\/tr>\n<tr style=\"font-style: inherit; font-weight: inherit;\">\n<td style=\"font-style: inherit;\" rowspan=\"2\" width=\"183\">Forma<\/td>\n<td style=\"font-style: inherit;\" width=\"504\">Disco, Cilindro, Bloco, Anel, Escareado, Segmento, Trapezoidal,<\/td>\n<\/tr>\n<tr>\n<td width=\"504\">Formas irregulares e mais formas personalizadas<\/td>\n<\/tr>\n<tr style=\"font-style: inherit; font-weight: inherit;\">\n<td style=\"font-style: inherit;\" width=\"183\">Aplicativo<\/td>\n<td style=\"font-style: inherit;\" width=\"504\">\u00cdm\u00e3 industrial<\/td>\n<\/tr>\n<tr style=\"font-style: inherit; font-weight: inherit;\">\n<td style=\"font-style: inherit;\" width=\"183\">Dire\u00e7\u00e3o de magnetiza\u00e7\u00e3o<\/td>\n<td style=\"font-style: inherit;\" width=\"504\">Personalizado<\/td>\n<\/tr>\n<tr style=\"font-style: inherit; font-weight: inherit;\">\n<td style=\"font-style: inherit;\" width=\"183\">Tamanho<\/td>\n<td style=\"font-style: inherit;\" width=\"504\">Personalizado<\/td>\n<\/tr>\n<tr style=\"font-style: inherit; font-weight: inherit;\">\n<td style=\"font-style: inherit;\" width=\"183\">Revestimento<\/td>\n<td style=\"font-style: inherit;\" width=\"504\">Ni, Zn, ouro, prata, cobre, ep\u00f3xi, etc.<\/td>\n<\/tr>\n<tr style=\"font-style: inherit; font-weight: inherit;\">\n<td style=\"font-style: inherit;\" width=\"183\">Toler\u00e2ncia<\/td>\n<td style=\"font-style: inherit;\" width=\"504\">+\/-0,03 a +\/-0,15<\/td>\n<\/tr>\n<tr style=\"font-style: inherit; font-weight: inherit;\">\n<td style=\"font-style: inherit;\" width=\"183\">Temperatura de trabalho<\/td>\n<td style=\"font-style: inherit;\" width=\"504\">A temperatura m\u00e1xima de opera\u00e7\u00e3o \u00e9 de at\u00e9 230 graus cent\u00edgrados<\/td>\n<\/tr>\n<tr style=\"font-style: inherit; font-weight: inherit;\">\n<td style=\"font-style: inherit;\" width=\"183\">Entrega<\/td>\n<td style=\"font-style: inherit;\" width=\"504\">Por via mar\u00edtima, a\u00e9rea ou expressa<\/td>\n<\/tr>\n<tr style=\"font-style: inherit; font-weight: inherit;\">\n<td style=\"font-style: inherit;\" width=\"183\">M\u00e1ximo<\/td>\n<td style=\"font-style: inherit;\" width=\"504\">Grau<\/td>\n<\/tr>\n<tr>\n<td width=\"183\">Trabalho<\/td>\n<td width=\"504\">N33-N52 80\u00b0C<\/td>\n<\/tr>\n<tr>\n<td width=\"183\">Temperat ura<\/td>\n<td width=\"504\">N35M-N45M 100\u00b0C<\/td>\n<\/tr>\n<tr>\n<td width=\"183\"><\/td>\n<td width=\"504\">N33H-N50H 120\u00b0C<\/td>\n<\/tr>\n<tr>\n<td width=\"183\"><\/td>\n<td width=\"504\">N33SH-N45SH 150\u00b0C<\/td>\n<\/tr>\n<tr>\n<td width=\"183\"><\/td>\n<td width=\"504\">N30UH-N42UH 180\u00b0C<\/td>\n<\/tr>\n<tr>\n<td width=\"183\"><\/td>\n<td width=\"504\">N30EH-N38EH 200\u00b0C<\/td>\n<\/tr>\n<tr>\n<td width=\"183\"><\/td>\n<td width=\"504\">N28AH-N33AH 230\u00b0C<\/td>\n<\/tr>\n<\/tbody>\n<\/table>\n<p><strong>Embalagem:<\/strong><br \/>\n<img decoding=\"async\" class=\"lazyload alignnone size-full wp-image-5501\" src=\"https:\/\/richarms.com\/wp-content\/uploads\/2018\/12\/permanent-magnets-box-packing.jpg\" data-orig-src=\"https:\/\/richarms.com\/wp-content\/uploads\/2018\/12\/permanent-magnets-box-packing.jpg\" alt=\"\" width=\"750\" height=\"500\" srcset=\"data:image\/svg+xml,%3Csvg%20xmlns%3D%27http%3A%2F%2Fwww.w3.org%2F2000%2Fsvg%27%20width%3D%27750%27%20height%3D%27500%27%20viewBox%3D%270%200%20750%20500%27%3E%3Crect%20width%3D%27750%27%20height%3D%27500%27%20fill-opacity%3D%220%22%2F%3E%3C%2Fsvg%3E\" data-srcset=\"https:\/\/richarms.com\/wp-content\/uploads\/2018\/12\/permanent-magnets-box-packing-200x133.jpg 200w, https:\/\/richarms.com\/wp-content\/uploads\/2018\/12\/permanent-magnets-box-packing-300x200.jpg 300w, https:\/\/richarms.com\/wp-content\/uploads\/2018\/12\/permanent-magnets-box-packing-400x267.jpg 400w, https:\/\/richarms.com\/wp-content\/uploads\/2018\/12\/permanent-magnets-box-packing-500x333.jpg 500w, https:\/\/richarms.com\/wp-content\/uploads\/2018\/12\/permanent-magnets-box-packing-600x400.jpg 600w, https:\/\/richarms.com\/wp-content\/uploads\/2018\/12\/permanent-magnets-box-packing-700x467.jpg 700w, https:\/\/richarms.com\/wp-content\/uploads\/2018\/12\/permanent-magnets-box-packing.jpg 750w\" data-sizes=\"auto\" data-orig-sizes=\"(max-width: 750px) 100vw, 750px\" \/><\/p>\n<p><img decoding=\"async\" class=\"lazyload alignnone size-full wp-image-5515\" src=\"https:\/\/richarms.com\/wp-content\/uploads\/2018\/12\/packaging.png\" data-orig-src=\"https:\/\/richarms.com\/wp-content\/uploads\/2018\/12\/packaging.png\" alt=\"\" width=\"754\" height=\"497\" srcset=\"data:image\/svg+xml,%3Csvg%20xmlns%3D%27http%3A%2F%2Fwww.w3.org%2F2000%2Fsvg%27%20width%3D%27754%27%20height%3D%27497%27%20viewBox%3D%270%200%20754%20497%27%3E%3Crect%20width%3D%27754%27%20height%3D%27497%27%20fill-opacity%3D%220%22%2F%3E%3C%2Fsvg%3E\" data-srcset=\"https:\/\/richarms.com\/wp-content\/uploads\/2018\/12\/packaging-200x132.png 200w, https:\/\/richarms.com\/wp-content\/uploads\/2018\/12\/packaging-300x198.png 300w, https:\/\/richarms.com\/wp-content\/uploads\/2018\/12\/packaging-400x264.png 400w, https:\/\/richarms.com\/wp-content\/uploads\/2018\/12\/packaging-500x330.png 500w, https:\/\/richarms.com\/wp-content\/uploads\/2018\/12\/packaging-600x395.png 600w, https:\/\/richarms.com\/wp-content\/uploads\/2018\/12\/packaging-700x461.png 700w, https:\/\/richarms.com\/wp-content\/uploads\/2018\/12\/packaging.png 754w\" data-sizes=\"auto\" data-orig-sizes=\"(max-width: 754px) 100vw, 754px\" \/><\/p>\n<p><strong>Dire\u00e7\u00e3o da magnetiza\u00e7\u00e3o<br \/>\n<img decoding=\"async\" class=\"lazyload alignnone size-full wp-image-5499\" src=\"https:\/\/richarms.com\/wp-content\/uploads\/2018\/12\/drawing.jpg\" data-orig-src=\"https:\/\/richarms.com\/wp-content\/uploads\/2018\/12\/drawing.jpg\" alt=\"\" width=\"700\" height=\"907\" srcset=\"data:image\/svg+xml,%3Csvg%20xmlns%3D%27http%3A%2F%2Fwww.w3.org%2F2000%2Fsvg%27%20width%3D%27700%27%20height%3D%27907%27%20viewBox%3D%270%200%20700%20907%27%3E%3Crect%20width%3D%27700%27%20height%3D%27907%27%20fill-opacity%3D%220%22%2F%3E%3C%2Fsvg%3E\" data-srcset=\"https:\/\/richarms.com\/wp-content\/uploads\/2018\/12\/drawing-200x259.jpg 200w, https:\/\/richarms.com\/wp-content\/uploads\/2018\/12\/drawing-232x300.jpg 232w, https:\/\/richarms.com\/wp-content\/uploads\/2018\/12\/drawing-400x518.jpg 400w, https:\/\/richarms.com\/wp-content\/uploads\/2018\/12\/drawing-500x648.jpg 500w, https:\/\/richarms.com\/wp-content\/uploads\/2018\/12\/drawing-600x777.jpg 600w, https:\/\/richarms.com\/wp-content\/uploads\/2018\/12\/drawing.jpg 700w\" data-sizes=\"auto\" data-orig-sizes=\"(max-width: 700px) 100vw, 700px\" \/><br \/>\n<\/strong><\/p>","protected":false},"excerpt":{"rendered":"<p>Tipo: \u00cdm\u00e3s permanentes<br \/>\nComposto: \u00cdm\u00e3 de neod\u00edmio<br \/>\nForma: fabricado conforme o pedido<br \/>\nAplica\u00e7\u00e3o: \u00cdm\u00e3 industrial<br \/>\nRevestimentos: Ni, Zn, ouro, prata, cobre, ep\u00f3xi, etc.<br \/>\nToler\u00e2ncia: +\/-0,03 a +\/-0,15<br \/>\nFormas: Arco\/Disco\/Barra\/Bloco...<br \/>\nGrade: N3N35M-N52M,N35H-N50H,N33SH-N45SH<br \/>\nTamanhos: personalizados<br \/>\ndire\u00e7\u00e3o de magnetiza\u00e7\u00e3o: Personalizado<br \/>\nentrega: por via mar\u00edtima, a\u00e9rea ou expressa<br \/>\nTemperatura: A temperatura m\u00e1xima de opera\u00e7\u00e3o \u00e9 de at\u00e9 230 d<\/p>","protected":false},"featured_media":5498,"template":"","meta":[],"product_brand":[],"product_cat":[53],"product_tag":[],"class_list":{"0":"post-5495","1":"product","2":"type-product","3":"status-publish","4":"has-post-thumbnail","6":"product_cat-magnets","8":"first","9":"instock","10":"shipping-taxable","11":"product-type-simple"},"aioseo_notices":[],"_links":{"self":[{"href":"https:\/\/richarms.com\/pt\/wp-json\/wp\/v2\/product\/5495","targetHints":{"allow":["GET"]}}],"collection":[{"href":"https:\/\/richarms.com\/pt\/wp-json\/wp\/v2\/product"}],"about":[{"href":"https:\/\/richarms.com\/pt\/wp-json\/wp\/v2\/types\/product"}],"wp:featuredmedia":[{"embeddable":true,"href":"https:\/\/richarms.com\/pt\/wp-json\/wp\/v2\/media\/5498"}],"wp:attachment":[{"href":"https:\/\/richarms.com\/pt\/wp-json\/wp\/v2\/media?parent=5495"}],"wp:term":[{"taxonomy":"product_brand","embeddable":true,"href":"https:\/\/richarms.com\/pt\/wp-json\/wp\/v2\/product_brand?post=5495"},{"taxonomy":"product_cat","embeddable":true,"href":"https:\/\/richarms.com\/pt\/wp-json\/wp\/v2\/product_cat?post=5495"},{"taxonomy":"product_tag","embeddable":true,"href":"https:\/\/richarms.com\/pt\/wp-json\/wp\/v2\/product_tag?post=5495"}],"curies":[{"name":"wp","href":"https:\/\/api.w.org\/{rel}","templated":true}]}}