{"id":5517,"date":"2021-07-09T16:25:25","date_gmt":"2021-07-09T08:25:25","guid":{"rendered":"https:\/\/richarms.com\/?post_type=product&#038;p=5517"},"modified":"2025-03-10T17:23:05","modified_gmt":"2025-03-10T09:23:05","slug":"cylinder-magnet-wholesale","status":"publish","type":"product","link":"https:\/\/richarms.com\/pt\/product\/cylinder-magnet-wholesale","title":{"rendered":"Cilindro magn\u00e9tico"},"content":{"rendered":"<h1 data-start=\"0\" data-end=\"80\">Wholesale Encapsulated Strong Cylinder Magnet \u2013 NdFeB + ABS<\/h1>\n<p><strong>Cylinder magnet<\/strong>\u00a0can be encased in heat-shrink tubing, providing extra protection. This heat-shrink wrap makes the magnets <strong>waterproof<\/strong>, <strong>shock-resistant<\/strong>e <strong>oxidation-proof<\/strong>, ensuring they remain in optimal condition even in harsh environments. This added layer of protection increases their <strong>durabilidade<\/strong> e <strong>reliability<\/strong> for long-term use in a wide range of applications.<\/p>\n<div id=\"attachment_5513\" style=\"width: 310px\" class=\"wp-caption alignnone\"><img decoding=\"async\" aria-describedby=\"caption-attachment-5513\" class=\"lazyload size-medium wp-image-5513\" src=\"https:\/\/richarms.com\/wp-content\/uploads\/2018\/12\/neodymium-magnet-11-300x300.jpg\" data-orig-src=\"https:\/\/richarms.com\/wp-content\/uploads\/2018\/12\/neodymium-magnet-11-300x300.jpg\" alt=\"Raw strong cylinder magnet with NdFeB core, uncoated and ready for customization.\" width=\"300\" height=\"300\" srcset=\"data:image\/svg+xml,%3Csvg%20xmlns%3D%27http%3A%2F%2Fwww.w3.org%2F2000%2Fsvg%27%20width%3D%27300%27%20height%3D%27300%27%20viewBox%3D%270%200%20300%20300%27%3E%3Crect%20width%3D%27300%27%20height%3D%27300%27%20fill-opacity%3D%220%22%2F%3E%3C%2Fsvg%3E\" data-srcset=\"https:\/\/richarms.com\/wp-content\/uploads\/2018\/12\/neodymium-magnet-11-66x66.jpg 66w, https:\/\/richarms.com\/wp-content\/uploads\/2018\/12\/neodymium-magnet-11-100x100.jpg 100w, https:\/\/richarms.com\/wp-content\/uploads\/2018\/12\/neodymium-magnet-11-150x150.jpg 150w, https:\/\/richarms.com\/wp-content\/uploads\/2018\/12\/neodymium-magnet-11-200x200.jpg 200w, https:\/\/richarms.com\/wp-content\/uploads\/2018\/12\/neodymium-magnet-11-300x300.jpg 300w, https:\/\/richarms.com\/wp-content\/uploads\/2018\/12\/neodymium-magnet-11-400x400.jpg 400w, https:\/\/richarms.com\/wp-content\/uploads\/2018\/12\/neodymium-magnet-11-500x500.jpg 500w, https:\/\/richarms.com\/wp-content\/uploads\/2018\/12\/neodymium-magnet-11-600x600.jpg 600w, https:\/\/richarms.com\/wp-content\/uploads\/2018\/12\/neodymium-magnet-11-700x700.jpg 700w, https:\/\/richarms.com\/wp-content\/uploads\/2018\/12\/neodymium-magnet-11-768x768.jpg 768w, https:\/\/richarms.com\/wp-content\/uploads\/2018\/12\/neodymium-magnet-11-800x800.jpg 800w, https:\/\/richarms.com\/wp-content\/uploads\/2018\/12\/neodymium-magnet-11.jpg 1000w\" data-sizes=\"auto\" data-orig-sizes=\"(max-width: 300px) 100vw, 300px\" \/><p id=\"caption-attachment-5513\" class=\"wp-caption-text\">Uncoated raw strong cylinder magnet showcasing its robust NdFeB core for custom applications.<\/p><\/div>\n<table style=\"height: 599px;\" width=\"828\">\n<tbody>\n<tr style=\"font-style: inherit; font-weight: inherit;\">\n<td style=\"font-style: inherit;\" width=\"183\">Tipo<\/td>\n<td style=\"font-style: inherit;\" width=\"504\">Permanente<\/td>\n<\/tr>\n<tr style=\"font-style: inherit; font-weight: inherit;\">\n<td style=\"font-style: inherit;\" width=\"183\" data-spm-anchor-id=\"a2700.details.pronpeci14.i0.41a61526Xi5f7X\">Composto<\/td>\n<td style=\"font-style: inherit;\" width=\"504\">\u00cdm\u00e3 NdFeB<\/td>\n<\/tr>\n<tr style=\"font-style: inherit; font-weight: inherit;\">\n<td style=\"font-style: inherit;\" rowspan=\"2\" width=\"183\">Forma<\/td>\n<td style=\"font-style: inherit;\" width=\"504\">Disc, Cylinder, <a href=\"https:\/\/richarms.com\/pt\/produto\/strong-block-magnets-in-bulk\/\">Bloqueio<\/a>, <a href=\"https:\/\/richarms.com\/pt\/produto\/strongest-ring-magnet-neodymium-magnets\/\">Anel<\/a>, <a href=\"https:\/\/richarms.com\/pt\/produto\/segment-magnet\/\">Segmento<\/a>\uff0c<a href=\"https:\/\/richarms.com\/pt\/produto\/bar-magnets\/\">bar<\/a>, Countersunk, Trapezoidal<\/td>\n<\/tr>\n<tr>\n<td width=\"504\">Formas irregulares e mais formas personalizadas<\/td>\n<\/tr>\n<tr style=\"font-style: inherit; font-weight: inherit;\">\n<td style=\"font-style: inherit;\" width=\"183\">Aplicativo<\/td>\n<td style=\"font-style: inherit;\" width=\"504\">\u00cdm\u00e3 industrial<\/td>\n<\/tr>\n<tr style=\"font-style: inherit; font-weight: inherit;\">\n<td style=\"font-style: inherit;\" width=\"183\">Dire\u00e7\u00e3o de magnetiza\u00e7\u00e3o<\/td>\n<td style=\"font-style: inherit;\" width=\"504\">Personalizado<\/td>\n<\/tr>\n<tr style=\"font-style: inherit; font-weight: inherit;\">\n<td style=\"font-style: inherit;\" width=\"183\">Tamanho<\/td>\n<td style=\"font-style: inherit;\" width=\"504\">Personalizado<\/td>\n<\/tr>\n<tr style=\"font-style: inherit; font-weight: inherit;\">\n<td style=\"font-style: inherit;\" width=\"183\">Revestimento<\/td>\n<td style=\"font-style: inherit;\" width=\"504\">Ni, Zn, ouro, prata, cobre, ep\u00f3xi, etc.<\/td>\n<\/tr>\n<tr style=\"font-style: inherit; font-weight: inherit;\">\n<td style=\"font-style: inherit;\" width=\"183\">Toler\u00e2ncia<\/td>\n<td style=\"font-style: inherit;\" width=\"504\">+\/-0,03 a +\/-0,15<\/td>\n<\/tr>\n<tr style=\"font-style: inherit; font-weight: inherit;\">\n<td style=\"font-style: inherit;\" width=\"183\">Temperatura de trabalho<\/td>\n<td style=\"font-style: inherit;\" width=\"504\">A temperatura m\u00e1xima de opera\u00e7\u00e3o \u00e9 de at\u00e9 230 graus cent\u00edgrados<\/td>\n<\/tr>\n<tr style=\"font-style: inherit; font-weight: inherit;\">\n<td style=\"font-style: inherit;\" width=\"183\">Entrega<\/td>\n<td style=\"font-style: inherit;\" width=\"504\">Por via mar\u00edtima, a\u00e9rea ou expressa<\/td>\n<\/tr>\n<tr style=\"font-style: inherit; font-weight: inherit;\">\n<td style=\"font-style: inherit;\" width=\"183\">Temperatura m\u00e1xima de trabalho<\/td>\n<td style=\"font-style: inherit;\" width=\"504\">Grau<\/td>\n<\/tr>\n<tr>\n<td width=\"183\">80\u00b0C<\/td>\n<td width=\"504\">N33-N52<\/td>\n<\/tr>\n<tr>\n<td width=\"183\">100\u00b0C<\/td>\n<td width=\"504\">N35M-N45M<\/td>\n<\/tr>\n<tr>\n<td width=\"183\">120\u00b0C<\/td>\n<td width=\"504\">N33H-N50H<\/td>\n<\/tr>\n<tr>\n<td width=\"183\">150\u00b0C<\/td>\n<td width=\"504\">N33SH-N45SH<\/td>\n<\/tr>\n<tr>\n<td width=\"183\">180\u00b0C<\/td>\n<td width=\"504\">N30UH-N42UH<\/td>\n<\/tr>\n<tr>\n<td width=\"183\">\u00a0200\u00b0C<\/td>\n<td width=\"504\">N30EH-N38EH<\/td>\n<\/tr>\n<tr>\n<td width=\"183\">230\u00b0C<\/td>\n<td width=\"504\">N28AH-N33AH<\/td>\n<\/tr>\n<\/tbody>\n<\/table>\n<p><strong>Embalagem:<\/strong><\/p>\n<div id=\"attachment_5501\" style=\"width: 760px\" class=\"wp-caption alignnone\"><img decoding=\"async\" aria-describedby=\"caption-attachment-5501\" class=\"lazyload wp-image-5501 size-full\" src=\"https:\/\/richarms.com\/wp-content\/uploads\/2018\/12\/permanent-magnets-box-packing.jpg\" data-orig-src=\"https:\/\/richarms.com\/wp-content\/uploads\/2018\/12\/permanent-magnets-box-packing.jpg\" alt=\"Segment NdFeB Magnet carefully packaged in a small white box for safe handling and delivery.\" width=\"750\" height=\"500\" srcset=\"data:image\/svg+xml,%3Csvg%20xmlns%3D%27http%3A%2F%2Fwww.w3.org%2F2000%2Fsvg%27%20width%3D%27750%27%20height%3D%27500%27%20viewBox%3D%270%200%20750%20500%27%3E%3Crect%20width%3D%27750%27%20height%3D%27500%27%20fill-opacity%3D%220%22%2F%3E%3C%2Fsvg%3E\" data-srcset=\"https:\/\/richarms.com\/wp-content\/uploads\/2018\/12\/permanent-magnets-box-packing-200x133.jpg 200w, https:\/\/richarms.com\/wp-content\/uploads\/2018\/12\/permanent-magnets-box-packing-300x200.jpg 300w, https:\/\/richarms.com\/wp-content\/uploads\/2018\/12\/permanent-magnets-box-packing-400x267.jpg 400w, https:\/\/richarms.com\/wp-content\/uploads\/2018\/12\/permanent-magnets-box-packing-500x333.jpg 500w, https:\/\/richarms.com\/wp-content\/uploads\/2018\/12\/permanent-magnets-box-packing-600x400.jpg 600w, https:\/\/richarms.com\/wp-content\/uploads\/2018\/12\/permanent-magnets-box-packing-700x467.jpg 700w, https:\/\/richarms.com\/wp-content\/uploads\/2018\/12\/permanent-magnets-box-packing.jpg 750w\" data-sizes=\"auto\" data-orig-sizes=\"(max-width: 750px) 100vw, 750px\" \/><p id=\"caption-attachment-5501\" class=\"wp-caption-text\">Os \u00edm\u00e3s de NdFeB s\u00e3o embalados com seguran\u00e7a em pequenas caixas brancas, garantindo transporte seguro e f\u00e1cil manuseio.<\/p><\/div>\n<p>&nbsp;<\/p>\n<div id=\"attachment_5515\" style=\"width: 764px\" class=\"wp-caption alignnone\"><img decoding=\"async\" aria-describedby=\"caption-attachment-5515\" class=\"lazyload wp-image-5515 size-full\" src=\"https:\/\/richarms.com\/wp-content\/uploads\/2018\/12\/packaging.png\" data-orig-src=\"https:\/\/richarms.com\/wp-content\/uploads\/2018\/12\/packaging.png\" alt=\"De-magnetization packaging process for NdFeB magnets, showing a multi-layered protection including iron boxes, foam boxes, and paper boxes.\" width=\"754\" height=\"497\" srcset=\"data:image\/svg+xml,%3Csvg%20xmlns%3D%27http%3A%2F%2Fwww.w3.org%2F2000%2Fsvg%27%20width%3D%27754%27%20height%3D%27497%27%20viewBox%3D%270%200%20754%20497%27%3E%3Crect%20width%3D%27754%27%20height%3D%27497%27%20fill-opacity%3D%220%22%2F%3E%3C%2Fsvg%3E\" data-srcset=\"https:\/\/richarms.com\/wp-content\/uploads\/2018\/12\/packaging-200x132.png 200w, https:\/\/richarms.com\/wp-content\/uploads\/2018\/12\/packaging-300x198.png 300w, https:\/\/richarms.com\/wp-content\/uploads\/2018\/12\/packaging-400x264.png 400w, https:\/\/richarms.com\/wp-content\/uploads\/2018\/12\/packaging-500x330.png 500w, https:\/\/richarms.com\/wp-content\/uploads\/2018\/12\/packaging-600x395.png 600w, https:\/\/richarms.com\/wp-content\/uploads\/2018\/12\/packaging-700x461.png 700w, https:\/\/richarms.com\/wp-content\/uploads\/2018\/12\/packaging.png 754w\" data-sizes=\"auto\" data-orig-sizes=\"(max-width: 754px) 100vw, 754px\" \/><p id=\"caption-attachment-5515\" class=\"wp-caption-text\">Os \u00edm\u00e3s de NdFeB passam por um cuidadoso processo de embalagem de desmagnetiza\u00e7\u00e3o, que envolve camadas de caixas de ferro, espuma e caixas de papel para garantir um transporte seguro.<\/p><\/div>\n<div id=\"attachment_5499\" style=\"width: 710px\" class=\"wp-caption alignnone\"><img decoding=\"async\" aria-describedby=\"caption-attachment-5499\" class=\"lazyload wp-image-5499 size-full\" src=\"https:\/\/richarms.com\/wp-content\/uploads\/2018\/12\/drawing.jpg\" data-orig-src=\"https:\/\/richarms.com\/wp-content\/uploads\/2018\/12\/drawing.jpg\" alt=\"Illustration of two magnetization directions for NdFeB magnets: Thickness Magnetized and Radially Magnetized.\" width=\"700\" height=\"907\" srcset=\"data:image\/svg+xml,%3Csvg%20xmlns%3D%27http%3A%2F%2Fwww.w3.org%2F2000%2Fsvg%27%20width%3D%27700%27%20height%3D%27907%27%20viewBox%3D%270%200%20700%20907%27%3E%3Crect%20width%3D%27700%27%20height%3D%27907%27%20fill-opacity%3D%220%22%2F%3E%3C%2Fsvg%3E\" data-srcset=\"https:\/\/richarms.com\/wp-content\/uploads\/2018\/12\/drawing-200x259.jpg 200w, https:\/\/richarms.com\/wp-content\/uploads\/2018\/12\/drawing-232x300.jpg 232w, https:\/\/richarms.com\/wp-content\/uploads\/2018\/12\/drawing-400x518.jpg 400w, https:\/\/richarms.com\/wp-content\/uploads\/2018\/12\/drawing-500x648.jpg 500w, https:\/\/richarms.com\/wp-content\/uploads\/2018\/12\/drawing-600x777.jpg 600w, https:\/\/richarms.com\/wp-content\/uploads\/2018\/12\/drawing.jpg 700w\" data-sizes=\"auto\" data-orig-sizes=\"(max-width: 700px) 100vw, 700px\" \/><p id=\"caption-attachment-5499\" class=\"wp-caption-text\">Entendendo as duas dire\u00e7\u00f5es de magnetiza\u00e7\u00e3o dos \u00edm\u00e3s de NdFeB: Magnetizado por espessura e magnetizado radialmente.<\/p><\/div>\n<p data-start=\"820\" data-end=\"835\"><strong data-start=\"820\" data-end=\"833\">Principais recursos:<\/strong><\/p>\n<ul data-start=\"836\" data-end=\"1316\">\n<li data-start=\"836\" data-end=\"942\"><strong data-start=\"838\" data-end=\"853\">Waterproof:<\/strong> The ABS coating provides reliable water resistance for outdoor and harsh environments.<\/li>\n<li data-start=\"943\" data-end=\"1050\"><strong data-start=\"945\" data-end=\"976\">Shatter-Proof &amp; Rust-Proof:<\/strong> Durable encapsulation protects the magnet against impact and corrosion.<\/li>\n<li data-start=\"1051\" data-end=\"1203\"><strong data-start=\"1053\" data-end=\"1071\">Versatile Use:<\/strong> Suitable as a raw magnet or as an encapsulated solution for hidden magnet applications in bag hardware and other custom products.<\/li>\n<li data-start=\"1204\" data-end=\"1316\"><strong data-start=\"1206\" data-end=\"1223\">Eco-Friendly:<\/strong> Made with environmentally conscious ABS material, ensuring a sustainable and robust product.<\/li>\n<\/ul>\n<p data-start=\"1318\" data-end=\"1799\"><strong data-start=\"1318\" data-end=\"1331\">Overview:<\/strong><br data-start=\"1331\" data-end=\"1334\" \/>Our Encapsulated Strong Magnet Cylinder offers exceptional magnetic strength in a compact design. Engineered from premium NdFeB and encapsulated in eco-friendly ABS, this magnet is designed to withstand water, impacts, and corrosion. Its sleek finish\u2014available in standard black or white, with custom color options\u2014makes it perfect for a wide range of applications including hidden magnet systems, bag hardware, and various industrial uses.<\/p>\n<p data-start=\"1801\" data-end=\"1826\"><strong data-start=\"1801\" data-end=\"1824\">Ideal Applications:<\/strong><\/p>\n<ul data-start=\"1827\" data-end=\"2025\">\n<li data-start=\"1827\" data-end=\"1880\">Hidden magnet applications in custom bag hardware<\/li>\n<li data-start=\"1881\" data-end=\"1953\">Industrial and consumer products requiring robust magnetic solutions<\/li>\n<li data-start=\"1954\" data-end=\"2025\">Accessories and components where a sleek, durable magnet is essential<\/li>\n<\/ul>\n<p data-start=\"2027\" data-end=\"2270\">Ready to integrate this high-performance magnet into your product designs? Contact us at <a rel=\"noopener\" data-start=\"2138\" data-end=\"2183\">info@richarms.com<\/a> or visit <a href=\"https:\/\/richarmshardware.com\" target=\"_new\" rel=\"noopener\" data-start=\"2193\" data-end=\"2229\">Loja on-line da Richarms<\/a> to place your order or request a sample.<\/p>","protected":false},"excerpt":{"rendered":"<p>Tipo: \u00cdm\u00e3s permanentes<br \/>\nComposto: \u00cdm\u00e3 de neod\u00edmio<br \/>\nForma: fabricado conforme o pedido<br \/>\nAplica\u00e7\u00e3o: \u00cdm\u00e3 industrial<br \/>\nRevestimentos: Ni, Zn, ouro, prata, cobre, ep\u00f3xi, etc.<br \/>\nToler\u00e2ncia: +\/-0,03 a +\/-0,15<br \/>\nFormas: Arco\/Disco\/Barra\/Bloco...<br \/>\nGrade: N3N35M-N52M,N35H-N50H,N33SH-N45SH<br \/>\nTamanhos: personalizados<br \/>\ndire\u00e7\u00e3o de magnetiza\u00e7\u00e3o: Personalizado<br \/>\nentrega: por via mar\u00edtima, a\u00e9rea ou expressa<br \/>\nTemperatura: A temperatura m\u00e1xima de opera\u00e7\u00e3o \u00e9 de at\u00e9 230 d<\/p>","protected":false},"featured_media":5513,"template":"","meta":[],"product_brand":[],"product_cat":[53],"product_tag":[],"class_list":{"0":"post-5517","1":"product","2":"type-product","3":"status-publish","4":"has-post-thumbnail","6":"product_cat-magnets","8":"first","9":"instock","10":"shipping-taxable","11":"product-type-simple"},"aioseo_notices":[],"_links":{"self":[{"href":"https:\/\/richarms.com\/pt\/wp-json\/wp\/v2\/product\/5517","targetHints":{"allow":["GET"]}}],"collection":[{"href":"https:\/\/richarms.com\/pt\/wp-json\/wp\/v2\/product"}],"about":[{"href":"https:\/\/richarms.com\/pt\/wp-json\/wp\/v2\/types\/product"}],"wp:featuredmedia":[{"embeddable":true,"href":"https:\/\/richarms.com\/pt\/wp-json\/wp\/v2\/media\/5513"}],"wp:attachment":[{"href":"https:\/\/richarms.com\/pt\/wp-json\/wp\/v2\/media?parent=5517"}],"wp:term":[{"taxonomy":"product_brand","embeddable":true,"href":"https:\/\/richarms.com\/pt\/wp-json\/wp\/v2\/product_brand?post=5517"},{"taxonomy":"product_cat","embeddable":true,"href":"https:\/\/richarms.com\/pt\/wp-json\/wp\/v2\/product_cat?post=5517"},{"taxonomy":"product_tag","embeddable":true,"href":"https:\/\/richarms.com\/pt\/wp-json\/wp\/v2\/product_tag?post=5517"}],"curies":[{"name":"wp","href":"https:\/\/api.w.org\/{rel}","templated":true}]}}