{"id":5530,"date":"2021-07-09T17:25:54","date_gmt":"2021-07-09T09:25:54","guid":{"rendered":"https:\/\/richarms.com\/?post_type=product&#038;p=5530"},"modified":"2025-03-11T16:50:34","modified_gmt":"2025-03-11T08:50:34","slug":"round-ferrite-permanent-magnet","status":"publish","type":"product","link":"https:\/\/richarms.com\/pt\/product\/round-ferrite-permanent-magnet","title":{"rendered":"\u00cdm\u00e3 de ferrite personalizado"},"content":{"rendered":"<h1>Custom Ferrite Magnets \u2013 Round, Ring, Arc &amp; More<\/h1>\n<table width=\"699\">\n<tbody>\n<tr>\n<td style=\"font-style: inherit;\" width=\"118\"><span style=\"font-style: inherit; font-weight: inherit;\">Nome do produto<\/span><\/td>\n<td style=\"font-style: inherit;\" colspan=\"4\" width=\"581\"><span style=\"font-style: inherit; font-weight: inherit;\">\u00cdm\u00e3 de ferrite<\/span><\/td>\n<\/tr>\n<tr>\n<td style=\"font-style: inherit;\" width=\"118\"><span style=\"font-style: inherit; font-weight: inherit;\">Material<\/span><\/td>\n<td style=\"font-style: inherit;\" colspan=\"4\" width=\"581\"><span style=\"font-style: inherit; font-weight: inherit;\">Fe2O3, SrCo3, etc.<\/span><\/td>\n<\/tr>\n<tr>\n<td style=\"font-style: inherit;\" width=\"118\"><span style=\"font-style: inherit; font-weight: inherit;\">Tamanho<\/span><\/td>\n<td style=\"font-style: inherit;\" colspan=\"4\" width=\"581\"><span style=\"font-style: inherit; font-weight: inherit;\">Personalizar<\/span><\/td>\n<\/tr>\n<tr>\n<td style=\"font-style: inherit;\" width=\"118\"><span style=\"font-style: inherit; font-weight: inherit;\">Forma<\/span><\/td>\n<td style=\"font-style: inherit;\" colspan=\"4\" width=\"581\"><span style=\"font-style: inherit; font-weight: inherit;\">Retangular, redondo, anel, arco, etc.<\/span><\/td>\n<\/tr>\n<tr>\n<td style=\"font-style: inherit;\" width=\"118\"><span style=\"font-style: inherit; font-weight: inherit;\">Densidade<\/span><\/td>\n<td style=\"font-style: inherit;\" colspan=\"4\" width=\"581\">4,9g\/cm\u00b3<\/td>\n<\/tr>\n<tr>\n<td style=\"font-style: inherit;\" width=\"118\"><span style=\"font-style: inherit; font-weight: inherit;\">Embalagem<\/span><\/td>\n<td style=\"font-style: inherit;\" colspan=\"4\" width=\"581\"><span style=\"font-style: inherit; font-weight: inherit;\">Embalagem padr\u00e3o mar\u00edtima ou a\u00e9rea, como caixa de papel\u00e3o, ferro, caixa de madeira, etc.<\/span><\/td>\n<\/tr>\n<tr>\n<td style=\"font-style: inherit;\" width=\"118\"><span style=\"font-style: inherit; font-weight: inherit;\">Data de entrega<\/span><\/td>\n<td style=\"font-style: inherit;\" colspan=\"4\" width=\"581\" data-spm-anchor-id=\"a2700.details.pronpeci14.i1.50021a53af7EeO\"><span style=\"font-style: inherit; font-weight: inherit;\">7 dias para amostras; 20 a 25 dias para produtos em massa.<\/span><\/td>\n<\/tr>\n<\/tbody>\n<\/table>","protected":false},"excerpt":{"rendered":"<p>Nome do produto: \u00cdm\u00e3 de ferrite<br \/>\nMaterial: Fe2O3, SrCo3, etc<br \/>\nTamanho: Personalizar<br \/>\nForma: retangular, redonda, anel, arco, etc.<\/p>","protected":false},"featured_media":5528,"template":"","meta":[],"product_brand":[],"product_cat":[53],"product_tag":[],"class_list":{"0":"post-5530","1":"product","2":"type-product","3":"status-publish","4":"has-post-thumbnail","6":"product_cat-magnets","8":"first","9":"instock","10":"shipping-taxable","11":"product-type-simple"},"aioseo_notices":[],"_links":{"self":[{"href":"https:\/\/richarms.com\/pt\/wp-json\/wp\/v2\/product\/5530","targetHints":{"allow":["GET"]}}],"collection":[{"href":"https:\/\/richarms.com\/pt\/wp-json\/wp\/v2\/product"}],"about":[{"href":"https:\/\/richarms.com\/pt\/wp-json\/wp\/v2\/types\/product"}],"wp:featuredmedia":[{"embeddable":true,"href":"https:\/\/richarms.com\/pt\/wp-json\/wp\/v2\/media\/5528"}],"wp:attachment":[{"href":"https:\/\/richarms.com\/pt\/wp-json\/wp\/v2\/media?parent=5530"}],"wp:term":[{"taxonomy":"product_brand","embeddable":true,"href":"https:\/\/richarms.com\/pt\/wp-json\/wp\/v2\/product_brand?post=5530"},{"taxonomy":"product_cat","embeddable":true,"href":"https:\/\/richarms.com\/pt\/wp-json\/wp\/v2\/product_cat?post=5530"},{"taxonomy":"product_tag","embeddable":true,"href":"https:\/\/richarms.com\/pt\/wp-json\/wp\/v2\/product_tag?post=5530"}],"curies":[{"name":"wp","href":"https:\/\/api.w.org\/{rel}","templated":true}]}}