{"id":5678,"date":"2021-07-11T10:55:48","date_gmt":"2021-07-11T02:55:48","guid":{"rendered":"https:\/\/richarms.com\/?post_type=product&#038;p=5678"},"modified":"2025-02-15T10:28:38","modified_gmt":"2025-02-15T02:28:38","slug":"full-lip-magnetic-snaps","status":"publish","type":"product","link":"https:\/\/richarms.com\/pt\/product\/full-lip-magnetic-snaps","title":{"rendered":"Fechos magn\u00e9ticos para l\u00e1bios inteiros"},"content":{"rendered":"<h1 data-start=\"177\" data-end=\"262\"><strong data-start=\"181\" data-end=\"262\">14mm &amp; 18mm Round Extra Thin Full Lip Magnetic Snaps | Fasteners and Closures<\/strong><\/h1>\n<p data-start=\"264\" data-end=\"571\"><strong data-start=\"264\" data-end=\"302\">Snaps magn\u00e9ticos para l\u00e1bios inteiros extrafinos<\/strong> s\u00e3o projetados para evitar o deslizamento n\u00e3o intencional, oferecendo <strong data-start=\"359\" data-end=\"377\">seguran\u00e7a extra<\/strong>. Esses <strong data-start=\"385\" data-end=\"411\">fixadores de alta qualidade<\/strong> s\u00e3o comumente usados em <strong data-start=\"433\" data-end=\"447\">pastas<\/strong>, <strong data-start=\"449\" data-end=\"461\">Bolsas de m\u00e3o<\/strong>, <strong data-start=\"463\" data-end=\"474\">bagagem<\/strong>e <strong data-start=\"480\" data-end=\"493\">aeroespacial<\/strong> fornecendo tampas confi\u00e1veis e dur\u00e1veis para uma variedade de setores.<\/p>\n<p><strong>C\u00f3digo e tamanho:<\/strong><\/p>\n<table style=\"border-collapse: collapse; width: 597.63pt;\" border=\"0\" width=\"996\" cellspacing=\"0\" cellpadding=\"0\">\n<tbody>\n<tr style=\"height: 31.20pt;\">\n<td class=\"et2\" style=\"height: 31.20pt; width: 87.45pt;\" width=\"145\" height=\"52\">C\u00f3digo<\/td>\n<td class=\"et2\" style=\"width: 54.80pt;\" width=\"91\">Tamanho<\/td>\n<td class=\"et2\" style=\"width: 78.60pt;\" width=\"131\">TH de encaixe f\u00eamea<\/td>\n<td class=\"et3\" style=\"width: 60.00pt;\" width=\"100\">\u00cdm\u00e3<br \/>\nDIA<\/td>\n<td class=\"et3\" style=\"width: 54.80pt;\" width=\"91\">Pronga<br \/>\nL<\/td>\n<td class=\"et3\" style=\"width: 97.70pt;\" width=\"162\">Imagem<\/td>\n<td class=\"et2\" style=\"width: 164.55pt;\" width=\"274\">Descri\u00e7\u00e3o<\/td>\n<\/tr>\n<tr style=\"height: 78.00pt;\">\n<td class=\"et2\" style=\"height: 78.00pt; width: 87.45pt;\" width=\"145\" height=\"130\">RC-FC1420<\/td>\n<td class=\"et2\" style=\"width: 54.80pt;\" width=\"91\">14 mm<\/td>\n<td class=\"et2\" style=\"width: 78.60pt;\" width=\"131\">2 mm<\/td>\n<td class=\"et2\" style=\"width: 60.00pt;\" width=\"100\">14 mm<\/td>\n<td class=\"et2\" style=\"width: 54.80pt;\" width=\"91\">7,6 mm<\/td>\n<td class=\"et2\" style=\"width: 97.70pt;\" width=\"162\"><img decoding=\"async\" class=\"lazyload wp-image-7298 aligncenter\" src=\"https:\/\/richarms.com\/wp-content\/uploads\/2021\/07\/14x2d.jpg\" data-orig-src=\"https:\/\/richarms.com\/wp-content\/uploads\/2021\/07\/14x2d.jpg\" alt=\"\" width=\"112\" height=\"83\" srcset=\"data:image\/svg+xml,%3Csvg%20xmlns%3D%27http%3A%2F%2Fwww.w3.org%2F2000%2Fsvg%27%20width%3D%27112%27%20height%3D%2783%27%20viewBox%3D%270%200%20112%2083%27%3E%3Crect%20width%3D%27112%27%20height%3D%2783%27%20fill-opacity%3D%220%22%2F%3E%3C%2Fsvg%3E\" data-srcset=\"https:\/\/richarms.com\/wp-content\/uploads\/2021\/07\/14x2d-200x147.jpg 200w, https:\/\/richarms.com\/wp-content\/uploads\/2021\/07\/14x2d-300x221.jpg 300w, https:\/\/richarms.com\/wp-content\/uploads\/2021\/07\/14x2d-400x294.jpg 400w, https:\/\/richarms.com\/wp-content\/uploads\/2021\/07\/14x2d.jpg 469w\" data-sizes=\"auto\" data-orig-sizes=\"(max-width: 112px) 100vw, 112px\" \/><\/td>\n<td class=\"et2\" style=\"width: 164.55pt;\" width=\"274\"><strong data-start=\"829\" data-end=\"848\">Corpo ultrafino<\/strong> com <strong data-start=\"854\" data-end=\"875\">resist\u00eancia padr\u00e3o<\/strong>. Ideal para <strong data-start=\"887\" data-end=\"910\">elegante, de alta moda<\/strong> designs como <strong data-start=\"924\" data-end=\"936\">Bolsas de m\u00e3o<\/strong>, <strong data-start=\"938\" data-end=\"949\">bagagem<\/strong>e <strong data-start=\"955\" data-end=\"964\">casos<\/strong>.<\/td>\n<\/tr>\n<tr style=\"height: 78.00pt;\">\n<td class=\"et2\" style=\"height: 78.00pt; width: 87.45pt;\" width=\"145\" height=\"130\">RC-FC1820<\/td>\n<td class=\"et2\" style=\"width: 54.80pt;\" width=\"91\">18 mm<\/td>\n<td class=\"et2\" style=\"width: 78.60pt;\" width=\"131\">2 mm<\/td>\n<td class=\"et2\" style=\"width: 60.00pt;\" width=\"100\">18 mm<\/td>\n<td class=\"et2\" style=\"width: 54.80pt;\" width=\"91\">9 mm<\/td>\n<td class=\"et2\" style=\"width: 97.70pt;\" width=\"162\"><img decoding=\"async\" class=\"lazyload alignnone size-full wp-image-7297\" src=\"https:\/\/richarms.com\/wp-content\/uploads\/2021\/07\/18x2d.jpg\" data-orig-src=\"https:\/\/richarms.com\/wp-content\/uploads\/2021\/07\/18x2d.jpg\" alt=\"\" width=\"469\" height=\"345\" srcset=\"data:image\/svg+xml,%3Csvg%20xmlns%3D%27http%3A%2F%2Fwww.w3.org%2F2000%2Fsvg%27%20width%3D%27469%27%20height%3D%27345%27%20viewBox%3D%270%200%20469%20345%27%3E%3Crect%20width%3D%27469%27%20height%3D%27345%27%20fill-opacity%3D%220%22%2F%3E%3C%2Fsvg%3E\" data-srcset=\"https:\/\/richarms.com\/wp-content\/uploads\/2021\/07\/18x2d-200x147.jpg 200w, https:\/\/richarms.com\/wp-content\/uploads\/2021\/07\/18x2d-300x221.jpg 300w, https:\/\/richarms.com\/wp-content\/uploads\/2021\/07\/18x2d-400x294.jpg 400w, https:\/\/richarms.com\/wp-content\/uploads\/2021\/07\/18x2d.jpg 469w\" data-sizes=\"auto\" data-orig-sizes=\"(max-width: 469px) 100vw, 469px\" \/><\/td>\n<td class=\"et2\" style=\"width: 164.55pt;\" width=\"274\"><strong data-start=\"1145\" data-end=\"1164\">Corpo extrafino<\/strong> com <strong data-start=\"1170\" data-end=\"1193\">grande poder de reten\u00e7\u00e3o<\/strong>perfeito para <strong data-start=\"1207\" data-end=\"1219\">Bolsas de m\u00e3o<\/strong>, <strong data-start=\"1221\" data-end=\"1232\">bagagem<\/strong>, <strong data-start=\"1234\" data-end=\"1247\">mochilas<\/strong>e <strong data-start=\"1253\" data-end=\"1281\">automotivo e aeroespacial<\/strong> aplicativos.<\/td>\n<\/tr>\n<\/tbody>\n<\/table>\n<p><strong><b>Observa\u00e7\u00f5es: Forte poder do \u00edm\u00e3 Dispon\u00edvel<\/b><\/strong><\/p>\n<p style=\"text-align: left;\"><strong>Material:<br \/>\n<\/strong>C\u00e1psula masculina: Ferro<br \/>\nC\u00e1psula f\u00eamea:  Ferro, lat\u00e3o comum ou lat\u00e3o ambiental dispon\u00edvel<\/p>\n<p><img decoding=\"async\" class=\"lazyload alignnone wp-image-7161\" src=\"https:\/\/richarms.com\/wp-content\/uploads\/2020\/03\/materials-e1626143269166.png\" data-orig-src=\"https:\/\/richarms.com\/wp-content\/uploads\/2020\/03\/materials-e1626143269166.png\" alt=\"\" width=\"446\" height=\"199\" srcset=\"data:image\/svg+xml,%3Csvg%20xmlns%3D%27http%3A%2F%2Fwww.w3.org%2F2000%2Fsvg%27%20width%3D%27446%27%20height%3D%27199%27%20viewBox%3D%270%200%20446%20199%27%3E%3Crect%20width%3D%27446%27%20height%3D%27199%27%20fill-opacity%3D%220%22%2F%3E%3C%2Fsvg%3E\" data-srcset=\"https:\/\/richarms.com\/wp-content\/uploads\/2020\/03\/materials-e1626143269166-200x89.png 200w, https:\/\/richarms.com\/wp-content\/uploads\/2020\/03\/materials-e1626143269166-300x134.png 300w, https:\/\/richarms.com\/wp-content\/uploads\/2020\/03\/materials-e1626143269166-400x178.png 400w, https:\/\/richarms.com\/wp-content\/uploads\/2020\/03\/materials-e1626143269166-500x223.png 500w, https:\/\/richarms.com\/wp-content\/uploads\/2020\/03\/materials-e1626143269166.png 511w\" data-sizes=\"auto\" data-orig-sizes=\"(max-width: 446px) 100vw, 446px\" \/><\/p>\n<p>\u00cdm\u00e3 interno:<strong><b><br \/>\n<\/b><\/strong>Pot\u00eancia do \u00edm\u00e3 padr\u00e3o: \u00cdm\u00e3 permanente de ferrite<br \/>\nForte pot\u00eancia do \u00edm\u00e3: \u00cdm\u00e3 permanente de ferrite e neod\u00edmio<\/p>\n<p><img decoding=\"async\" class=\"lazyload alignnone wp-image-7164\" src=\"https:\/\/richarms.com\/wp-content\/uploads\/2020\/03\/\u78c1\u529b\u5bf9\u6bd4\u56fe.png\" data-orig-src=\"https:\/\/richarms.com\/wp-content\/uploads\/2020\/03\/\u78c1\u529b\u5bf9\u6bd4\u56fe.png\" alt=\"\" width=\"454\" height=\"360\" srcset=\"data:image\/svg+xml,%3Csvg%20xmlns%3D%27http%3A%2F%2Fwww.w3.org%2F2000%2Fsvg%27%20width%3D%27454%27%20height%3D%27360%27%20viewBox%3D%270%200%20454%20360%27%3E%3Crect%20width%3D%27454%27%20height%3D%27360%27%20fill-opacity%3D%220%22%2F%3E%3C%2Fsvg%3E\" data-srcset=\"https:\/\/richarms.com\/wp-content\/uploads\/2020\/03\/\u78c1\u529b\u5bf9\u6bd4\u56fe-200x159.png 200w, https:\/\/richarms.com\/wp-content\/uploads\/2020\/03\/\u78c1\u529b\u5bf9\u6bd4\u56fe-300x238.png 300w, https:\/\/richarms.com\/wp-content\/uploads\/2020\/03\/\u78c1\u529b\u5bf9\u6bd4\u56fe-400x317.png 400w, https:\/\/richarms.com\/wp-content\/uploads\/2020\/03\/\u78c1\u529b\u5bf9\u6bd4\u56fe-500x397.png 500w, https:\/\/richarms.com\/wp-content\/uploads\/2020\/03\/\u78c1\u529b\u5bf9\u6bd4\u56fe-600x476.png 600w, https:\/\/richarms.com\/wp-content\/uploads\/2020\/03\/\u78c1\u529b\u5bf9\u6bd4\u56fe-700x555.png 700w, https:\/\/richarms.com\/wp-content\/uploads\/2020\/03\/\u78c1\u529b\u5bf9\u6bd4\u56fe-768x609.png 768w, https:\/\/richarms.com\/wp-content\/uploads\/2020\/03\/\u78c1\u529b\u5bf9\u6bd4\u56fe-800x635.png 800w, https:\/\/richarms.com\/wp-content\/uploads\/2020\/03\/\u78c1\u529b\u5bf9\u6bd4\u56fe-1024x813.png 1024w, https:\/\/richarms.com\/wp-content\/uploads\/2020\/03\/\u78c1\u529b\u5bf9\u6bd4\u56fe-1200x952.png 1200w, https:\/\/richarms.com\/wp-content\/uploads\/2020\/03\/\u78c1\u529b\u5bf9\u6bd4\u56fe-1536x1219.png 1536w, https:\/\/richarms.com\/wp-content\/uploads\/2020\/03\/\u78c1\u529b\u5bf9\u6bd4\u56fe.png 1661w\" data-sizes=\"auto\" data-orig-sizes=\"(max-width: 454px) 100vw, 454px\" \/><\/p>\n<p><img decoding=\"async\" class=\"lazyload alignnone size-full wp-image-7169\" src=\"https:\/\/richarms.com\/wp-content\/uploads\/2020\/03\/\u5fae\u4fe1\u622a\u56fe_20210712180015.png\" data-orig-src=\"https:\/\/richarms.com\/wp-content\/uploads\/2020\/03\/\u5fae\u4fe1\u622a\u56fe_20210712180015.png\" alt=\"\" width=\"488\" height=\"793\" srcset=\"data:image\/svg+xml,%3Csvg%20xmlns%3D%27http%3A%2F%2Fwww.w3.org%2F2000%2Fsvg%27%20width%3D%27488%27%20height%3D%27793%27%20viewBox%3D%270%200%20488%20793%27%3E%3Crect%20width%3D%27488%27%20height%3D%27793%27%20fill-opacity%3D%220%22%2F%3E%3C%2Fsvg%3E\" data-srcset=\"https:\/\/richarms.com\/wp-content\/uploads\/2020\/03\/\u5fae\u4fe1\u622a\u56fe_20210712180015-185x300.png 185w, https:\/\/richarms.com\/wp-content\/uploads\/2020\/03\/\u5fae\u4fe1\u622a\u56fe_20210712180015-200x325.png 200w, https:\/\/richarms.com\/wp-content\/uploads\/2020\/03\/\u5fae\u4fe1\u622a\u56fe_20210712180015-400x650.png 400w, https:\/\/richarms.com\/wp-content\/uploads\/2020\/03\/\u5fae\u4fe1\u622a\u56fe_20210712180015.png 488w\" data-sizes=\"auto\" data-orig-sizes=\"(max-width: 488px) 100vw, 488px\" \/><\/p>\n<p><strong><b>F<\/b><\/strong><strong><b>inish<\/b><\/strong><strong><b>\uff1a<br \/>\n<\/b><\/strong>Estampa feminina: Liso, com padr\u00e3o, com logotipo<\/p>\n<p><img decoding=\"async\" class=\"lazyload alignnone wp-image-7166\" src=\"data:image\/svg+xml,%3Csvg%20xmlns%3D%27http%3A%2F%2Fwww.w3.org%2F2000%2Fsvg%27%20width%3D%27288%27%20height%3D%27135%27%20viewBox%3D%270%200%20288%20135%27%3E%3Crect%20width%3D%27288%27%20height%3D%27135%27%20fill-opacity%3D%220%22%2F%3E%3C%2Fsvg%3E\" data-orig-src=\"https:\/\/richarms.com\/wp-content\/uploads\/2020\/03\/\u56fe\u72473.jpg\" alt=\"\" width=\"288\" height=\"135\" \/><\/p>\n<p>Snap masculino: Simples, com texto, com logotipo<\/p>\n<p><img decoding=\"async\" class=\"lazyload alignnone wp-image-7180\" src=\"https:\/\/richarms.com\/wp-content\/uploads\/2020\/03\/\u56fe\u72474.jpg\" data-orig-src=\"https:\/\/richarms.com\/wp-content\/uploads\/2020\/03\/\u56fe\u72474.jpg\" alt=\"\" width=\"301\" height=\"121\" srcset=\"data:image\/svg+xml,%3Csvg%20xmlns%3D%27http%3A%2F%2Fwww.w3.org%2F2000%2Fsvg%27%20width%3D%27301%27%20height%3D%27121%27%20viewBox%3D%270%200%20301%20121%27%3E%3Crect%20width%3D%27301%27%20height%3D%27121%27%20fill-opacity%3D%220%22%2F%3E%3C%2Fsvg%3E\" data-srcset=\"https:\/\/richarms.com\/wp-content\/uploads\/2020\/03\/\u56fe\u72474-200x80.jpg 200w, https:\/\/richarms.com\/wp-content\/uploads\/2020\/03\/\u56fe\u72474-300x120.jpg 300w, https:\/\/richarms.com\/wp-content\/uploads\/2020\/03\/\u56fe\u72474-400x160.jpg 400w, https:\/\/richarms.com\/wp-content\/uploads\/2020\/03\/\u56fe\u72474-500x200.jpg 500w, https:\/\/richarms.com\/wp-content\/uploads\/2020\/03\/\u56fe\u72474-600x241.jpg 600w, https:\/\/richarms.com\/wp-content\/uploads\/2020\/03\/\u56fe\u72474.jpg 651w\" data-sizes=\"auto\" data-orig-sizes=\"(max-width: 301px) 100vw, 301px\" \/><\/p>\n<p><strong>Embalagem<\/strong><strong>\uff1a<br \/>\n<\/strong><\/p>\n<p>Todos eles podem ser fornecidos com pernas, hastes ou rebites.<br \/>\n1 conjunto = 1 macho, 1 f\u00eamea, 2 arruelas<br \/>\n14 mm: 200 conjuntos\/caixa, 20 caixas\/caixa de papel\u00e3o<br \/>\n18 mm: 100 conjuntos\/caixa, 20 caixas\/caixa de papel\u00e3o<\/p>\n<p><img decoding=\"async\" class=\"lazyload alignnone size-full wp-image-5484\" src=\"https:\/\/richarms.com\/wp-content\/uploads\/2018\/07\/Cover-magnetic-snaps.jpg\" data-orig-src=\"https:\/\/richarms.com\/wp-content\/uploads\/2018\/07\/Cover-magnetic-snaps.jpg\" alt=\"\" width=\"290\" height=\"270\" srcset=\"data:image\/svg+xml,%3Csvg%20xmlns%3D%27http%3A%2F%2Fwww.w3.org%2F2000%2Fsvg%27%20width%3D%27290%27%20height%3D%27270%27%20viewBox%3D%270%200%20290%20270%27%3E%3Crect%20width%3D%27290%27%20height%3D%27270%27%20fill-opacity%3D%220%22%2F%3E%3C%2Fsvg%3E\" data-srcset=\"https:\/\/richarms.com\/wp-content\/uploads\/2018\/07\/Cover-magnetic-snaps-200x186.jpg 200w, https:\/\/richarms.com\/wp-content\/uploads\/2018\/07\/Cover-magnetic-snaps.jpg 290w\" data-sizes=\"auto\" data-orig-sizes=\"(max-width: 290px) 100vw, 290px\" \/><\/p>\n<p><strong><b>Diferen\u00e7a entre pendurar e enrolar<\/b><\/strong><\/p>\n<p><img decoding=\"async\" class=\"lazyload alignnone wp-image-7165\" src=\"https:\/\/richarms.com\/wp-content\/uploads\/2020\/03\/\u56fe\u72471.jpg\" data-orig-src=\"https:\/\/richarms.com\/wp-content\/uploads\/2020\/03\/\u56fe\u72471.jpg\" alt=\"\" width=\"176\" height=\"248\" srcset=\"data:image\/svg+xml,%3Csvg%20xmlns%3D%27http%3A%2F%2Fwww.w3.org%2F2000%2Fsvg%27%20width%3D%27176%27%20height%3D%27248%27%20viewBox%3D%270%200%20176%20248%27%3E%3Crect%20width%3D%27176%27%20height%3D%27248%27%20fill-opacity%3D%220%22%2F%3E%3C%2Fsvg%3E\" data-srcset=\"https:\/\/richarms.com\/wp-content\/uploads\/2020\/03\/\u56fe\u72471-200x281.jpg 200w, https:\/\/richarms.com\/wp-content\/uploads\/2020\/03\/\u56fe\u72471-213x300.jpg 213w, https:\/\/richarms.com\/wp-content\/uploads\/2020\/03\/\u56fe\u72471.jpg 349w\" data-sizes=\"auto\" data-orig-sizes=\"(max-width: 176px) 100vw, 176px\" \/><\/p>\n<p><strong><b>Regular Cor listada<br \/>\n<\/b><\/strong><strong><img decoding=\"async\" class=\"lazyload alignnone size-full wp-image-5392\" src=\"https:\/\/richarms.com\/wp-content\/uploads\/2018\/07\/RICHARMS-COLOT-DIS.jpg\" data-orig-src=\"https:\/\/richarms.com\/wp-content\/uploads\/2018\/07\/RICHARMS-COLOT-DIS.jpg\" alt=\"\" width=\"651\" height=\"457\" srcset=\"data:image\/svg+xml,%3Csvg%20xmlns%3D%27http%3A%2F%2Fwww.w3.org%2F2000%2Fsvg%27%20width%3D%27651%27%20height%3D%27457%27%20viewBox%3D%270%200%20651%20457%27%3E%3Crect%20width%3D%27651%27%20height%3D%27457%27%20fill-opacity%3D%220%22%2F%3E%3C%2Fsvg%3E\" data-srcset=\"https:\/\/richarms.com\/wp-content\/uploads\/2018\/07\/RICHARMS-COLOT-DIS-200x140.jpg 200w, https:\/\/richarms.com\/wp-content\/uploads\/2018\/07\/RICHARMS-COLOT-DIS-300x211.jpg 300w, https:\/\/richarms.com\/wp-content\/uploads\/2018\/07\/RICHARMS-COLOT-DIS-400x281.jpg 400w, https:\/\/richarms.com\/wp-content\/uploads\/2018\/07\/RICHARMS-COLOT-DIS-500x351.jpg 500w, https:\/\/richarms.com\/wp-content\/uploads\/2018\/07\/RICHARMS-COLOT-DIS-600x421.jpg 600w, https:\/\/richarms.com\/wp-content\/uploads\/2018\/07\/RICHARMS-COLOT-DIS.jpg 651w\" data-sizes=\"auto\" data-orig-sizes=\"(max-width: 651px) 100vw, 651px\" \/><\/strong><\/p>\n<p><strong><b>Aplicativo<\/b><\/strong><\/p>\n<p>Esses fechos magn\u00e9ticos s\u00e3o perfeitos para uso em artigos de papelaria, bolsas e embalagens para presentes, com op\u00e7\u00f5es personaliz\u00e1veis dispon\u00edveis para setores especializados, como o de dispositivos m\u00e9dicos.<\/p>\n<ul>\n<li>Os fechos magn\u00e9ticos da Richarms s\u00e3o projetados para fechos de alta qualidade com op\u00e7\u00f5es personaliz\u00e1veis para atender \u00e0s suas necessidades exatas, fornecendo uma solu\u00e7\u00e3o confi\u00e1vel para acess\u00f3rios de moda, bolsas e muito mais.<\/li>\n<\/ul>\n<div id=\"attachment_7301\" style=\"width: 310px\" class=\"wp-caption alignnone\"><img decoding=\"async\" aria-describedby=\"caption-attachment-7301\" class=\"lazyload wp-image-7301 size-medium\" src=\"https:\/\/richarms.com\/wp-content\/uploads\/2021\/07\/\u5fae\u4fe1\u56fe\u7247_202107151115501-300x210.jpg\" data-orig-src=\"https:\/\/richarms.com\/wp-content\/uploads\/2021\/07\/\u5fae\u4fe1\u56fe\u7247_202107151115501-300x210.jpg\" alt=\"Full Lip Magnetic Snaps used in women's flap handbags, offering secure and stylish closure for fashion accessories.\" width=\"300\" height=\"210\" srcset=\"data:image\/svg+xml,%3Csvg%20xmlns%3D%27http%3A%2F%2Fwww.w3.org%2F2000%2Fsvg%27%20width%3D%27300%27%20height%3D%27210%27%20viewBox%3D%270%200%20300%20210%27%3E%3Crect%20width%3D%27300%27%20height%3D%27210%27%20fill-opacity%3D%220%22%2F%3E%3C%2Fsvg%3E\" data-srcset=\"https:\/\/richarms.com\/wp-content\/uploads\/2021\/07\/\u5fae\u4fe1\u56fe\u7247_202107151115501-200x140.jpg 200w, https:\/\/richarms.com\/wp-content\/uploads\/2021\/07\/\u5fae\u4fe1\u56fe\u7247_202107151115501-300x210.jpg 300w, https:\/\/richarms.com\/wp-content\/uploads\/2021\/07\/\u5fae\u4fe1\u56fe\u7247_202107151115501-400x280.jpg 400w, https:\/\/richarms.com\/wp-content\/uploads\/2021\/07\/\u5fae\u4fe1\u56fe\u7247_202107151115501.jpg 500w\" data-sizes=\"auto\" data-orig-sizes=\"(max-width: 300px) 100vw, 300px\" \/><p id=\"caption-attachment-7301\" class=\"wp-caption-text\">Snaps magn\u00e9ticos de l\u00e1bio inteiro de alta qualidade usados em bolsas femininas com aba, proporcionando um fechamento seguro e elegante para designs modernos.<\/p><\/div>\n<p><strong><b><br \/>\n<\/b><\/strong><a href=\"https:\/\/www.pinterest.com\/richarmsaccessoriesgroups\/innovative-uses-of-magnetic-snaps-in-home-decor\/\"><img decoding=\"async\" class=\"lazyload alignnone wp-image-7160\" src=\"https:\/\/richarms.com\/wp-content\/uploads\/2020\/03\/application.png\" data-orig-src=\"https:\/\/richarms.com\/wp-content\/uploads\/2020\/03\/application.png\" alt=\"\" width=\"474\" height=\"443\" srcset=\"data:image\/svg+xml,%3Csvg%20xmlns%3D%27http%3A%2F%2Fwww.w3.org%2F2000%2Fsvg%27%20width%3D%27474%27%20height%3D%27443%27%20viewBox%3D%270%200%20474%20443%27%3E%3Crect%20width%3D%27474%27%20height%3D%27443%27%20fill-opacity%3D%220%22%2F%3E%3C%2Fsvg%3E\" data-srcset=\"https:\/\/richarms.com\/wp-content\/uploads\/2020\/03\/application-200x187.png 200w, https:\/\/richarms.com\/wp-content\/uploads\/2020\/03\/application-300x280.png 300w, https:\/\/richarms.com\/wp-content\/uploads\/2020\/03\/application-400x374.png 400w, https:\/\/richarms.com\/wp-content\/uploads\/2020\/03\/application-500x467.png 500w, https:\/\/richarms.com\/wp-content\/uploads\/2020\/03\/application.png 598w\" data-sizes=\"auto\" data-orig-sizes=\"(max-width: 474px) 100vw, 474px\" \/><\/a><\/p>\n<h3 data-start=\"3739\" data-end=\"3775\"><strong data-start=\"3743\" data-end=\"3775\"><a href=\"https:\/\/richarms.com\/pt\/6566.html\/\">Personaliza\u00e7\u00e3o de encaixe magn\u00e9tico<\/a>:<\/strong><\/h3>\n<p data-start=\"3777\" data-end=\"4070\">Em <strong data-start=\"3780\" data-end=\"3792\">Armas ricas<\/strong>oferecemos <strong data-start=\"3803\" data-end=\"3827\">solu\u00e7\u00f5es personalizadas<\/strong> para atender \u00e0s suas necessidades espec\u00edficas, seja para <strong data-start=\"3874\" data-end=\"3889\">tamanho do \u00edm\u00e3<\/strong>, <strong data-start=\"3891\" data-end=\"3911\">op\u00e7\u00f5es de materiais<\/strong>ou <strong data-start=\"3916\" data-end=\"3936\">varia\u00e7\u00f5es de cores<\/strong>. Nossos <strong data-start=\"3942\" data-end=\"3971\">fechos magn\u00e9ticos de cobertura total<\/strong> s\u00e3o cuidadosamente elaborados para oferecer <strong data-start=\"4003\" data-end=\"4022\">durabilidade de ambos<\/strong> e <strong data-start=\"4027\" data-end=\"4036\">estilo<\/strong> para uma ampla gama de aplica\u00e7\u00f5es.<\/p>\n<p><strong><b>\u00a0<\/b><\/strong><\/p>\n<p><strong>\u00a0<\/strong><\/p>\n<p>&nbsp;<\/p>","protected":false},"excerpt":{"rendered":"<p>Tipo: Snaps magn\u00e9ticos de l\u00e1bio inteiro<br \/>\nMaterial: Lat\u00e3o, ferro, \u00edm\u00e3<br \/>\nN\u00famero do modelo: RC-C1420\/1820<br \/>\nLogotipo personalizado dispon\u00edvel: Laser, Caved, Tooling<br \/>\nTamanho: 14 mm, 18 mm<br \/>\nCor: Ouro \/ N\u00edquel \/ Pistola \/ Ouro Rosa \/ Formiga Escovada \/ Outra<br \/>\nEmbalagem: caixa e caixa de papel\u00e3o<br \/>\nEnvio: LCL\/ DHL \/ FedEx \/ TNT \/ Outros<\/p>","protected":false},"featured_media":6451,"template":"","meta":[],"product_brand":[],"product_cat":[15],"product_tag":[],"class_list":{"0":"post-5678","1":"product","2":"type-product","3":"status-publish","4":"has-post-thumbnail","6":"product_cat-magnetic-snaps","8":"first","9":"instock","10":"shipping-taxable","11":"product-type-simple"},"aioseo_notices":[],"_links":{"self":[{"href":"https:\/\/richarms.com\/pt\/wp-json\/wp\/v2\/product\/5678","targetHints":{"allow":["GET"]}}],"collection":[{"href":"https:\/\/richarms.com\/pt\/wp-json\/wp\/v2\/product"}],"about":[{"href":"https:\/\/richarms.com\/pt\/wp-json\/wp\/v2\/types\/product"}],"wp:featuredmedia":[{"embeddable":true,"href":"https:\/\/richarms.com\/pt\/wp-json\/wp\/v2\/media\/6451"}],"wp:attachment":[{"href":"https:\/\/richarms.com\/pt\/wp-json\/wp\/v2\/media?parent=5678"}],"wp:term":[{"taxonomy":"product_brand","embeddable":true,"href":"https:\/\/richarms.com\/pt\/wp-json\/wp\/v2\/product_brand?post=5678"},{"taxonomy":"product_cat","embeddable":true,"href":"https:\/\/richarms.com\/pt\/wp-json\/wp\/v2\/product_cat?post=5678"},{"taxonomy":"product_tag","embeddable":true,"href":"https:\/\/richarms.com\/pt\/wp-json\/wp\/v2\/product_tag?post=5678"}],"curies":[{"name":"wp","href":"https:\/\/api.w.org\/{rel}","templated":true}]}}