{"id":5680,"date":"2021-07-11T13:08:41","date_gmt":"2021-07-11T05:08:41","guid":{"rendered":"https:\/\/richarms.com\/?post_type=product&#038;p=5680"},"modified":"2025-02-14T16:23:16","modified_gmt":"2025-02-14T08:23:16","slug":"half-cover-magnetic-snaps","status":"publish","type":"product","link":"https:\/\/richarms.com\/pt\/product\/half-cover-magnetic-snaps","title":{"rendered":"Snaps magn\u00e9ticos de meio l\u00e1bio"},"content":{"rendered":"<h1>Snaps magn\u00e9ticos de meio l\u00e1bio redondos de 14 mm e 18 mm | Fixadores e fechos<\/h1>\n<p>Os fechos magn\u00e9ticos de meia tampa (l\u00e1bio parcial) s\u00e3o projetados para evitar a abertura acidental quando s\u00e3o puxados em uma dire\u00e7\u00e3o, oferecendo maior seguran\u00e7a. S\u00e3o ideais para uso nas abas de v\u00e1rios itens, como bolsas, bolsas de computador, pastas com laterais macias, estojos de bin\u00f3culos, estojos de c\u00e2meras, mochilas e bagagens.<\/p>\n<h2><strong>Snaps magn\u00e9ticos de meia tampa C\u00f3digo e tamanho:<\/strong><\/h2>\n<table style=\"border-collapse: collapse; width: 771px; height: 554px;\" border=\"0\" width=\"1137\" cellspacing=\"0\" cellpadding=\"0\">\n<tbody>\n<tr style=\"height: 31.20pt;\">\n<td class=\"et3\" style=\"height: 31.20pt; width: 98.55pt;\" width=\"164\" height=\"52\">C\u00f3digo<\/td>\n<td class=\"et3\" style=\"width: 54.80pt;\" width=\"91\">Tamanho<\/td>\n<td class=\"et3\" style=\"width: 78.60pt;\" width=\"131\">TH de encaixe f\u00eamea<\/td>\n<td class=\"et4\" style=\"width: 78.60pt;\" width=\"131\">\u00cdm\u00e3<br \/>\nDIA<\/td>\n<td class=\"et3\" style=\"width: 54.80pt;\" width=\"91\">Pronga L<\/td>\n<td class=\"et4\" style=\"width: 144.85pt;\" width=\"241\">Imagem<\/td>\n<td class=\"et3\" style=\"width: 172.25pt;\" width=\"287\">Descri\u00e7\u00e3o<\/td>\n<\/tr>\n<tr style=\"height: 109.20pt;\">\n<td class=\"et3\" style=\"height: 109.20pt; width: 98.55pt;\" width=\"164\" height=\"182\">RC-HC1435<\/td>\n<td class=\"et3\" style=\"width: 54.80pt;\" width=\"91\">14 mm<\/td>\n<td class=\"et3\" style=\"width: 78.60pt;\" width=\"131\">3,5 mm<\/td>\n<td class=\"et4\" style=\"width: 78.60pt;\" width=\"131\">13<\/td>\n<td class=\"et3\" style=\"width: 54.80pt;\" width=\"91\">7,6 mm<\/td>\n<td class=\"et4\" style=\"width: 144.85pt;\" width=\"241\"><img decoding=\"async\" class=\"lazyload wp-image-7285\" src=\"https:\/\/richarms.com\/wp-content\/uploads\/2021\/07\/\u56fe\u724717-300x220.jpg\" data-orig-src=\"https:\/\/richarms.com\/wp-content\/uploads\/2021\/07\/\u56fe\u724717-300x220.jpg\" alt=\"Close-up of Half Cover Magnetic Snaps by Richarms, silver color, 14mm diameter, featuring a 3.8mm thick female part and male top with 1\/4 lip for secure closure.\" width=\"96\" height=\"70\" srcset=\"data:image\/svg+xml,%3Csvg%20xmlns%3D%27http%3A%2F%2Fwww.w3.org%2F2000%2Fsvg%27%20width%3D%2796%27%20height%3D%2770%27%20viewBox%3D%270%200%2096%2070%27%3E%3Crect%20width%3D%2796%27%20height%3D%2770%27%20fill-opacity%3D%220%22%2F%3E%3C%2Fsvg%3E\" data-srcset=\"https:\/\/richarms.com\/wp-content\/uploads\/2021\/07\/\u56fe\u724717-200x147.jpg 200w, https:\/\/richarms.com\/wp-content\/uploads\/2021\/07\/\u56fe\u724717-300x220.jpg 300w, https:\/\/richarms.com\/wp-content\/uploads\/2021\/07\/\u56fe\u724717-400x294.jpg 400w, https:\/\/richarms.com\/wp-content\/uploads\/2021\/07\/\u56fe\u724717.jpg 497w\" data-sizes=\"auto\" data-orig-sizes=\"(max-width: 96px) 100vw, 96px\" \/><\/td>\n<td class=\"et3\" style=\"width: 172.25pt;\" width=\"287\">Solu\u00e7\u00e3o de baixo custo, ideal para itens promocionais pequenos, como cadernos, porta-cart\u00f5es, bolsas pequenas e bolsas para celular. Esse tamanho oferece uma for\u00e7a de tra\u00e7\u00e3o menor e \u00e9 comumente usado para aplica\u00e7\u00f5es leves.<\/td>\n<\/tr>\n<tr style=\"height: 62.40pt;\">\n<td class=\"et3\" style=\"height: 62.40pt; width: 98.55pt;\" width=\"164\" height=\"104\">RC-HC1840<\/td>\n<td class=\"et3\" style=\"width: 54.80pt;\" width=\"91\">18 mm<\/td>\n<td class=\"et3\" style=\"width: 78.60pt;\" width=\"131\">4 mm<\/td>\n<td class=\"et4\" style=\"width: 78.60pt;\" width=\"131\">17<\/td>\n<td class=\"et3\" style=\"width: 54.80pt;\" width=\"91\">9 mm<\/td>\n<td class=\"et4\" style=\"width: 144.85pt;\" width=\"241\"><img decoding=\"async\" class=\"lazyload wp-image-7284\" title=\"Snaps magn\u00e9ticos de meia tampa de 18 mm - prata, espessura feminina de 4 mm, atacado da Richarms\" src=\"https:\/\/richarms.com\/wp-content\/uploads\/2021\/07\/\u56fe\u724714-300x220.jpg\" data-orig-src=\"https:\/\/richarms.com\/wp-content\/uploads\/2021\/07\/\u56fe\u724714-300x220.jpg\" alt=\"Close-up of 18mm Half Cover Magnetic Snaps by Richarms, silver color, featuring a 4mm thick female part and male top with 1\/4 lip, ideal for secure closures.\" width=\"114\" height=\"83\" srcset=\"data:image\/svg+xml,%3Csvg%20xmlns%3D%27http%3A%2F%2Fwww.w3.org%2F2000%2Fsvg%27%20width%3D%27114%27%20height%3D%2783%27%20viewBox%3D%270%200%20114%2083%27%3E%3Crect%20width%3D%27114%27%20height%3D%2783%27%20fill-opacity%3D%220%22%2F%3E%3C%2Fsvg%3E\" data-srcset=\"https:\/\/richarms.com\/wp-content\/uploads\/2021\/07\/\u56fe\u724714-200x147.jpg 200w, https:\/\/richarms.com\/wp-content\/uploads\/2021\/07\/\u56fe\u724714-300x220.jpg 300w, https:\/\/richarms.com\/wp-content\/uploads\/2021\/07\/\u56fe\u724714-400x294.jpg 400w, https:\/\/richarms.com\/wp-content\/uploads\/2021\/07\/\u56fe\u724714.jpg 497w\" data-sizes=\"auto\" data-orig-sizes=\"(max-width: 114px) 100vw, 114px\" \/><\/td>\n<td class=\"et3\" style=\"width: 172.25pt;\" width=\"287\">Uma solu\u00e7\u00e3o de resist\u00eancia m\u00e9dia mais comumente usada no setor. Esse tamanho \u00e9 adequado para fechos padr\u00e3o, como os encontrados em bolsas, mochilas e bagagens.<\/td>\n<\/tr>\n<tr style=\"height: 93.60pt;\">\n<td class=\"et3\" style=\"height: 93.60pt; width: 98.55pt;\" width=\"164\" height=\"156\">RC-HC1845<\/td>\n<td class=\"et3\" style=\"width: 54.80pt;\" width=\"91\">18 mm<\/td>\n<td class=\"et3\" style=\"width: 78.60pt;\" width=\"131\">4,5 mm<\/td>\n<td class=\"et4\" style=\"width: 78.60pt;\" width=\"131\">17<\/td>\n<td class=\"et3\" style=\"width: 54.80pt;\" width=\"91\">9 mm<\/td>\n<td class=\"et4\" style=\"width: 144.85pt;\" width=\"241\"><img decoding=\"async\" class=\"lazyload wp-image-7283\" src=\"https:\/\/richarms.com\/wp-content\/uploads\/2021\/07\/\u56fe\u724711-300x213.jpg\" data-orig-src=\"https:\/\/richarms.com\/wp-content\/uploads\/2021\/07\/\u56fe\u724711-300x213.jpg\" alt=\"Close-up of 18mm Half Cover Magnetic Snaps by Richarms, silver color, with a 4.5mm thick female part and male top with 1\/4 lip, offering a strong magnetic closure.\" width=\"128\" height=\"91\" srcset=\"data:image\/svg+xml,%3Csvg%20xmlns%3D%27http%3A%2F%2Fwww.w3.org%2F2000%2Fsvg%27%20width%3D%27128%27%20height%3D%2791%27%20viewBox%3D%270%200%20128%2091%27%3E%3Crect%20width%3D%27128%27%20height%3D%2791%27%20fill-opacity%3D%220%22%2F%3E%3C%2Fsvg%3E\" data-srcset=\"https:\/\/richarms.com\/wp-content\/uploads\/2021\/07\/\u56fe\u724711-200x142.jpg 200w, https:\/\/richarms.com\/wp-content\/uploads\/2021\/07\/\u56fe\u724711-300x214.jpg 300w, https:\/\/richarms.com\/wp-content\/uploads\/2021\/07\/\u56fe\u724711-400x284.jpg 400w, https:\/\/richarms.com\/wp-content\/uploads\/2021\/07\/\u56fe\u724711-500x355.jpg 500w, https:\/\/richarms.com\/wp-content\/uploads\/2021\/07\/\u56fe\u724711.jpg 514w\" data-sizes=\"auto\" data-orig-sizes=\"(max-width: 128px) 100vw, 128px\" \/><\/td>\n<td class=\"et3\" style=\"width: 172.25pt;\" width=\"287\">Esse fecho magn\u00e9tico extra grosso \u00e9 o estilo mais popular da Richarms, oferecendo resist\u00eancia padr\u00e3o e sendo usado em aplica\u00e7\u00f5es comuns, como pastas, mochilas e sacolas. Op\u00e7\u00e3o de baixo custo para uso di\u00e1rio.<\/td>\n<\/tr>\n<\/tbody>\n<\/table>\n<h2 style=\"text-align: left;\"><strong>Meia tampa Snaps magn\u00e9ticos Material:<\/strong><\/h2>\n<p style=\"text-align: left;\">C\u00e1psula masculina: Ferro<br \/>\nC\u00e1psula f\u00eamea:  Ferro, lat\u00e3o comum ou lat\u00e3o ambiental dispon\u00edvel<\/p>\n<div id=\"attachment_7161\" style=\"width: 521px\" class=\"wp-caption alignnone\"><img decoding=\"async\" aria-describedby=\"caption-attachment-7161\" class=\"lazyload wp-image-7161 size-full\" src=\"https:\/\/richarms.com\/wp-content\/uploads\/2020\/03\/materials-e1626143269166.png\" data-orig-src=\"https:\/\/richarms.com\/wp-content\/uploads\/2020\/03\/materials-e1626143269166.png\" alt=\"High-quality magnetic snaps material used by Richarms, showcasing smooth, reflective surfaces made from iron, stainless steel, or brass for female capsule, and iron for the male part.\" width=\"511\" height=\"228\" srcset=\"data:image\/svg+xml,%3Csvg%20xmlns%3D%27http%3A%2F%2Fwww.w3.org%2F2000%2Fsvg%27%20width%3D%27511%27%20height%3D%27228%27%20viewBox%3D%270%200%20511%20228%27%3E%3Crect%20width%3D%27511%27%20height%3D%27228%27%20fill-opacity%3D%220%22%2F%3E%3C%2Fsvg%3E\" data-srcset=\"https:\/\/richarms.com\/wp-content\/uploads\/2020\/03\/materials-e1626143269166-200x89.png 200w, https:\/\/richarms.com\/wp-content\/uploads\/2020\/03\/materials-e1626143269166-300x134.png 300w, https:\/\/richarms.com\/wp-content\/uploads\/2020\/03\/materials-e1626143269166-400x178.png 400w, https:\/\/richarms.com\/wp-content\/uploads\/2020\/03\/materials-e1626143269166-500x223.png 500w, https:\/\/richarms.com\/wp-content\/uploads\/2020\/03\/materials-e1626143269166.png 511w\" data-sizes=\"auto\" data-orig-sizes=\"(max-width: 511px) 100vw, 511px\" \/><p id=\"caption-attachment-7161\" class=\"wp-caption-text\">A rigorosa sele\u00e7\u00e3o de materiais da Richarms garante superf\u00edcies lisas e reflexivas para os snaps magn\u00e9ticos, com c\u00e1psulas f\u00eameas feitas de ferro, a\u00e7o inoxid\u00e1vel ou lat\u00e3o e pe\u00e7as macho de ferro.<\/p><\/div>\n<p>\u00cdm\u00e3 interno:<strong><b><br \/>\n<\/b><\/strong>Pot\u00eancia do \u00edm\u00e3 padr\u00e3o: \u00cdm\u00e3 permanente de ferrite<br \/>\nForte pot\u00eancia do \u00edm\u00e3: \u00cdm\u00e3 permanente de ferrite e neod\u00edmio<\/p>\n<p><img decoding=\"async\" class=\"lazyload wp-image-7164\" src=\"https:\/\/richarms.com\/wp-content\/uploads\/2020\/03\/\u78c1\u529b\u5bf9\u6bd4\u56fe-1024x813.png\" data-orig-src=\"https:\/\/richarms.com\/wp-content\/uploads\/2020\/03\/\u78c1\u529b\u5bf9\u6bd4\u56fe-1024x813.png\" alt=\"Components of the female part of magnetic snaps: brass, iron, or stainless steel capsule, inner magnet, and iron base, all assembled for strong and secure closure.\" width=\"507\" height=\"402\" srcset=\"data:image\/svg+xml,%3Csvg%20xmlns%3D%27http%3A%2F%2Fwww.w3.org%2F2000%2Fsvg%27%20width%3D%27507%27%20height%3D%27402%27%20viewBox%3D%270%200%20507%20402%27%3E%3Crect%20width%3D%27507%27%20height%3D%27402%27%20fill-opacity%3D%220%22%2F%3E%3C%2Fsvg%3E\" data-srcset=\"https:\/\/richarms.com\/wp-content\/uploads\/2020\/03\/\u78c1\u529b\u5bf9\u6bd4\u56fe-200x159.png 200w, https:\/\/richarms.com\/wp-content\/uploads\/2020\/03\/\u78c1\u529b\u5bf9\u6bd4\u56fe-300x238.png 300w, https:\/\/richarms.com\/wp-content\/uploads\/2020\/03\/\u78c1\u529b\u5bf9\u6bd4\u56fe-400x317.png 400w, https:\/\/richarms.com\/wp-content\/uploads\/2020\/03\/\u78c1\u529b\u5bf9\u6bd4\u56fe-500x397.png 500w, https:\/\/richarms.com\/wp-content\/uploads\/2020\/03\/\u78c1\u529b\u5bf9\u6bd4\u56fe-600x476.png 600w, https:\/\/richarms.com\/wp-content\/uploads\/2020\/03\/\u78c1\u529b\u5bf9\u6bd4\u56fe-700x555.png 700w, https:\/\/richarms.com\/wp-content\/uploads\/2020\/03\/\u78c1\u529b\u5bf9\u6bd4\u56fe-768x609.png 768w, https:\/\/richarms.com\/wp-content\/uploads\/2020\/03\/\u78c1\u529b\u5bf9\u6bd4\u56fe-800x635.png 800w, https:\/\/richarms.com\/wp-content\/uploads\/2020\/03\/\u78c1\u529b\u5bf9\u6bd4\u56fe-1024x813.png 1024w, https:\/\/richarms.com\/wp-content\/uploads\/2020\/03\/\u78c1\u529b\u5bf9\u6bd4\u56fe-1200x952.png 1200w, https:\/\/richarms.com\/wp-content\/uploads\/2020\/03\/\u78c1\u529b\u5bf9\u6bd4\u56fe-1536x1219.png 1536w, https:\/\/richarms.com\/wp-content\/uploads\/2020\/03\/\u78c1\u529b\u5bf9\u6bd4\u56fe.png 1661w\" data-sizes=\"auto\" data-orig-sizes=\"(max-width: 507px) 100vw, 507px\" \/><\/p>\n<div id=\"attachment_7169\" style=\"width: 350px\" class=\"wp-caption alignnone\"><img decoding=\"async\" aria-describedby=\"caption-attachment-7169\" class=\"lazyload wp-image-7169\" src=\"https:\/\/richarms.com\/wp-content\/uploads\/2020\/03\/\u5fae\u4fe1\u622a\u56fe_20210712180015.png\" data-orig-src=\"https:\/\/richarms.com\/wp-content\/uploads\/2020\/03\/\u5fae\u4fe1\u622a\u56fe_20210712180015.png\" alt=\"Different materials for inner magnets in magnetic snaps, showcasing how size and material affect the pull force, with examples of 18x4.5mm and 14x3.5mm magnets.\" width=\"340\" height=\"553\" srcset=\"data:image\/svg+xml,%3Csvg%20xmlns%3D%27http%3A%2F%2Fwww.w3.org%2F2000%2Fsvg%27%20width%3D%27340%27%20height%3D%27553%27%20viewBox%3D%270%200%20340%20553%27%3E%3Crect%20width%3D%27340%27%20height%3D%27553%27%20fill-opacity%3D%220%22%2F%3E%3C%2Fsvg%3E\" data-srcset=\"https:\/\/richarms.com\/wp-content\/uploads\/2020\/03\/\u5fae\u4fe1\u622a\u56fe_20210712180015-185x300.png 185w, https:\/\/richarms.com\/wp-content\/uploads\/2020\/03\/\u5fae\u4fe1\u622a\u56fe_20210712180015-200x325.png 200w, https:\/\/richarms.com\/wp-content\/uploads\/2020\/03\/\u5fae\u4fe1\u622a\u56fe_20210712180015-400x650.png 400w, https:\/\/richarms.com\/wp-content\/uploads\/2020\/03\/\u5fae\u4fe1\u622a\u56fe_20210712180015.png 488w\" data-sizes=\"auto\" data-orig-sizes=\"(max-width: 340px) 100vw, 340px\" \/><p id=\"caption-attachment-7169\" class=\"wp-caption-text\">Compara\u00e7\u00e3o de \u00edm\u00e3s internos em fechos magn\u00e9ticos, com \u00edm\u00e3s de 18\u00d74,5 mm fornecendo uma for\u00e7a de tra\u00e7\u00e3o de 1,5KG a 3KG e \u00edm\u00e3s de 14\u00d73,5 mm oferecendo uma for\u00e7a de tra\u00e7\u00e3o de 0,5KG a 1,5KG.<\/p><\/div>\n<h2 style=\"text-align: left;\"><strong>Snaps magn\u00e9ticos de meia tampa <\/strong><strong><b>F<\/b><\/strong><strong><b>inish<\/b><\/strong><strong><b>\uff1a<\/b><\/strong><\/h2>\n<h3 style=\"text-align: left;\">Acabamento de ferramentas<\/h3>\n<ul>\n<li style=\"text-align: left;\">Estampa feminina: Liso, com padr\u00e3o, com logotipo<\/li>\n<\/ul>\n<p><img decoding=\"async\" class=\"lazyload wp-image-7166\" title=\"Snaps femininos personaliz\u00e1veis: Acabamentos lisos, com padr\u00e3o e com logotipo dispon\u00edveis&quot;\" src=\"data:image\/svg+xml,%3Csvg%20xmlns%3D%27http%3A%2F%2Fwww.w3.org%2F2000%2Fsvg%27%20width%3D%27288%27%20height%3D%27135%27%20viewBox%3D%270%200%20288%20135%27%3E%3Crect%20width%3D%27288%27%20height%3D%27135%27%20fill-opacity%3D%220%22%2F%3E%3C%2Fsvg%3E\" data-orig-src=\"https:\/\/richarms.com\/wp-content\/uploads\/2020\/03\/\u56fe\u72473.jpg\" alt=\"Different finishes for Female Snaps: Plain, Pattern, and Logo finishes, with three available options for customizing magnetic snaps.\" width=\"288\" height=\"135\" \/><\/p>\n<ul>\n<li>Snap masculino: Simples, com texto, com logotipo<\/li>\n<\/ul>\n<p><img decoding=\"async\" class=\"lazyload alignnone wp-image-7180\" src=\"https:\/\/richarms.com\/wp-content\/uploads\/2020\/03\/\u56fe\u72474.jpg\" data-orig-src=\"https:\/\/richarms.com\/wp-content\/uploads\/2020\/03\/\u56fe\u72474.jpg\" alt=\"Different finishes for Male Snaps: Plain, Wording, and Logo options, providing versatile customization for magnetic snaps.\" width=\"297\" height=\"119\" srcset=\"data:image\/svg+xml,%3Csvg%20xmlns%3D%27http%3A%2F%2Fwww.w3.org%2F2000%2Fsvg%27%20width%3D%27297%27%20height%3D%27119%27%20viewBox%3D%270%200%20297%20119%27%3E%3Crect%20width%3D%27297%27%20height%3D%27119%27%20fill-opacity%3D%220%22%2F%3E%3C%2Fsvg%3E\" data-srcset=\"https:\/\/richarms.com\/wp-content\/uploads\/2020\/03\/\u56fe\u72474-200x80.jpg 200w, https:\/\/richarms.com\/wp-content\/uploads\/2020\/03\/\u56fe\u72474-300x120.jpg 300w, https:\/\/richarms.com\/wp-content\/uploads\/2020\/03\/\u56fe\u72474-400x160.jpg 400w, https:\/\/richarms.com\/wp-content\/uploads\/2020\/03\/\u56fe\u72474-500x200.jpg 500w, https:\/\/richarms.com\/wp-content\/uploads\/2020\/03\/\u56fe\u72474-600x241.jpg 600w, https:\/\/richarms.com\/wp-content\/uploads\/2020\/03\/\u56fe\u72474.jpg 651w\" data-sizes=\"auto\" data-orig-sizes=\"(max-width: 297px) 100vw, 297px\" \/><\/p>\n<p><strong><b>Regular Cor listada<\/b><\/strong><\/p>\n<div id=\"attachment_5392\" style=\"width: 661px\" class=\"wp-caption alignnone\"><img decoding=\"async\" aria-describedby=\"caption-attachment-5392\" class=\"lazyload wp-image-5392 size-full\" src=\"https:\/\/richarms.com\/wp-content\/uploads\/2018\/07\/RICHARMS-COLOT-DIS.jpg\" data-orig-src=\"https:\/\/richarms.com\/wp-content\/uploads\/2018\/07\/RICHARMS-COLOT-DIS.jpg\" alt=\"Standard color palette for RICHARMS magnetic snaps, with customizable colors available beyond the listed options.\" width=\"651\" height=\"457\" srcset=\"data:image\/svg+xml,%3Csvg%20xmlns%3D%27http%3A%2F%2Fwww.w3.org%2F2000%2Fsvg%27%20width%3D%27651%27%20height%3D%27457%27%20viewBox%3D%270%200%20651%20457%27%3E%3Crect%20width%3D%27651%27%20height%3D%27457%27%20fill-opacity%3D%220%22%2F%3E%3C%2Fsvg%3E\" data-srcset=\"https:\/\/richarms.com\/wp-content\/uploads\/2018\/07\/RICHARMS-COLOT-DIS-200x140.jpg 200w, https:\/\/richarms.com\/wp-content\/uploads\/2018\/07\/RICHARMS-COLOT-DIS-300x211.jpg 300w, https:\/\/richarms.com\/wp-content\/uploads\/2018\/07\/RICHARMS-COLOT-DIS-400x281.jpg 400w, https:\/\/richarms.com\/wp-content\/uploads\/2018\/07\/RICHARMS-COLOT-DIS-500x351.jpg 500w, https:\/\/richarms.com\/wp-content\/uploads\/2018\/07\/RICHARMS-COLOT-DIS-600x421.jpg 600w, https:\/\/richarms.com\/wp-content\/uploads\/2018\/07\/RICHARMS-COLOT-DIS.jpg 651w\" data-sizes=\"auto\" data-orig-sizes=\"(max-width: 651px) 100vw, 651px\" \/><p id=\"caption-attachment-5392\" class=\"wp-caption-text\">Explore a paleta de cores padr\u00e3o dos fechos magn\u00e9ticos RICHARMS, com cores personalizadas adicionais dispon\u00edveis mediante solicita\u00e7\u00e3o para atender \u00e0s suas necessidades de design.<\/p><\/div>\n<h4><strong><b>Diferen\u00e7a entre pendurar e enrolar<\/b><\/strong><\/h4>\n<p><img decoding=\"async\" class=\"lazyload wp-image-7165 size-medium\" src=\"https:\/\/richarms.com\/wp-content\/uploads\/2020\/03\/\u56fe\u72471-213x300.jpg\" data-orig-src=\"https:\/\/richarms.com\/wp-content\/uploads\/2020\/03\/\u56fe\u72471-213x300.jpg\" alt=\"Comparison of hanging electroplating and rolling electroplating colors for RICHARMS magnetic snaps, with additional customizable colors available.\" width=\"213\" height=\"300\" srcset=\"data:image\/svg+xml,%3Csvg%20xmlns%3D%27http%3A%2F%2Fwww.w3.org%2F2000%2Fsvg%27%20width%3D%27213%27%20height%3D%27300%27%20viewBox%3D%270%200%20213%20300%27%3E%3Crect%20width%3D%27213%27%20height%3D%27300%27%20fill-opacity%3D%220%22%2F%3E%3C%2Fsvg%3E\" data-srcset=\"https:\/\/richarms.com\/wp-content\/uploads\/2020\/03\/\u56fe\u72471-200x281.jpg 200w, https:\/\/richarms.com\/wp-content\/uploads\/2020\/03\/\u56fe\u72471-213x300.jpg 213w, https:\/\/richarms.com\/wp-content\/uploads\/2020\/03\/\u56fe\u72471.jpg 349w\" data-sizes=\"auto\" data-orig-sizes=\"(max-width: 213px) 100vw, 213px\" \/><\/p>\n<h2><strong>Embalagem<\/strong><strong>\uff1a<br \/>\n<\/strong><\/h2>\n<p>Todos eles podem ser fornecidos com pernas, hastes ou rebites.<br \/>\n1 conjunto = 1 macho, 1 f\u00eamea, 2 arruelas<br \/>\n14 mm: 200 conjuntos\/caixa, 20 caixas\/caixa de papel\u00e3o<br \/>\n18 mm: 100 conjuntos\/caixa, 20 caixas\/caixa de papel\u00e3o<\/p>\n<div id=\"attachment_5484\" style=\"width: 300px\" class=\"wp-caption alignnone\"><img decoding=\"async\" aria-describedby=\"caption-attachment-5484\" class=\"lazyload wp-image-5484 size-full\" src=\"https:\/\/richarms.com\/wp-content\/uploads\/2018\/07\/Cover-magnetic-snaps.jpg\" data-orig-src=\"https:\/\/richarms.com\/wp-content\/uploads\/2018\/07\/Cover-magnetic-snaps.jpg\" alt=\"RICHARMS full lip magnetic snaps, showcasing their durable design with a secure and stylish closure for bags and accessories.\" width=\"290\" height=\"270\" srcset=\"data:image\/svg+xml,%3Csvg%20xmlns%3D%27http%3A%2F%2Fwww.w3.org%2F2000%2Fsvg%27%20width%3D%27290%27%20height%3D%27270%27%20viewBox%3D%270%200%20290%20270%27%3E%3Crect%20width%3D%27290%27%20height%3D%27270%27%20fill-opacity%3D%220%22%2F%3E%3C%2Fsvg%3E\" data-srcset=\"https:\/\/richarms.com\/wp-content\/uploads\/2018\/07\/Cover-magnetic-snaps-200x186.jpg 200w, https:\/\/richarms.com\/wp-content\/uploads\/2018\/07\/Cover-magnetic-snaps.jpg 290w\" data-sizes=\"auto\" data-orig-sizes=\"(max-width: 290px) 100vw, 290px\" \/><p id=\"caption-attachment-5484\" class=\"wp-caption-text\">Os fechos magn\u00e9ticos de l\u00e1bio inteiro de alta qualidade da RICHARMS, projetados para fechos seguros com um acabamento elegante, s\u00e3o perfeitos para bolsas e acess\u00f3rios.<\/p><\/div>\n<h2><strong><b>Aplicativo<\/b><\/strong><\/h2>\n<p><img decoding=\"async\" class=\"lazyload wp-image-7160\" src=\"https:\/\/richarms.com\/wp-content\/uploads\/2020\/03\/application.png\" data-orig-src=\"https:\/\/richarms.com\/wp-content\/uploads\/2020\/03\/application.png\" alt=\"RICHARMS magnetic snaps used in various applications, including stationery, bags, and gift packaging, with other applications such as medical devices available upon request.\" width=\"367\" height=\"343\" srcset=\"data:image\/svg+xml,%3Csvg%20xmlns%3D%27http%3A%2F%2Fwww.w3.org%2F2000%2Fsvg%27%20width%3D%27367%27%20height%3D%27343%27%20viewBox%3D%270%200%20367%20343%27%3E%3Crect%20width%3D%27367%27%20height%3D%27343%27%20fill-opacity%3D%220%22%2F%3E%3C%2Fsvg%3E\" data-srcset=\"https:\/\/richarms.com\/wp-content\/uploads\/2020\/03\/application-200x187.png 200w, https:\/\/richarms.com\/wp-content\/uploads\/2020\/03\/application-300x280.png 300w, https:\/\/richarms.com\/wp-content\/uploads\/2020\/03\/application-400x374.png 400w, https:\/\/richarms.com\/wp-content\/uploads\/2020\/03\/application-500x467.png 500w, https:\/\/richarms.com\/wp-content\/uploads\/2020\/03\/application.png 598w\" data-sizes=\"auto\" data-orig-sizes=\"(max-width: 367px) 100vw, 367px\" \/><\/p>\n<p>Esses fechos magn\u00e9ticos s\u00e3o perfeitos para uso em artigos de papelaria, bolsas e embalagens para presentes, com op\u00e7\u00f5es personaliz\u00e1veis dispon\u00edveis para setores especializados, como o de dispositivos m\u00e9dicos.<\/p>\n<ul>\n<li>Os fechos magn\u00e9ticos da Richarms s\u00e3o projetados para fechos de alta qualidade com op\u00e7\u00f5es personaliz\u00e1veis para atender \u00e0s suas necessidades exatas, fornecendo uma solu\u00e7\u00e3o confi\u00e1vel para acess\u00f3rios de moda, bolsas e muito mais.<\/li>\n<\/ul>\n<p><strong><b>\u00a0<\/b><\/strong><\/p>\n<h2>Personaliza\u00e7\u00e3o de encaixe magn\u00e9tico<\/h2>\n<p>Na Richarms, oferecemos solu\u00e7\u00f5es personalizadas para atender \u00e0s suas necessidades espec\u00edficas, seja em rela\u00e7\u00e3o ao tamanho do \u00edm\u00e3, \u00e0s op\u00e7\u00f5es de materiais ou \u00e0s varia\u00e7\u00f5es de cores. Nossos snaps magn\u00e9ticos s\u00e3o cuidadosamente elaborados para oferecer durabilidade e estilo para uma ampla gama de aplica\u00e7\u00f5es.<\/p>\n<p><strong>\u00a0<\/strong><\/p>\n<p>&nbsp;<\/p>","protected":false},"excerpt":{"rendered":"<p>Tipo: Tampa completa redonda \/ L\u00e1bio Snaps magn\u00e9ticos, fixadores, fechos<br \/>\nMaterial: Lat\u00e3o, ferro, \u00edm\u00e3<br \/>\nN\u00famero do modelo: RC-HC1435\/1835\/1845<br \/>\nLogotipo personalizado dispon\u00edvel: Laser, Caved, Tooling<br \/>\nTamanho: 14 mm, 18 mm<br \/>\nCor: Ouro \/ N\u00edquel \/ Pistola \/ Ouro Rosa \/ Formiga Escovada \/ Outra<br \/>\nEmbalagem: caixa e caixa de papel\u00e3o<br \/>\nEnvio: LCL\/ DHL \/ FedEx \/ TNT \/ Outros<\/p>","protected":false},"featured_media":6447,"template":"","meta":[],"product_brand":[],"product_cat":[15],"product_tag":[],"class_list":{"0":"post-5680","1":"product","2":"type-product","3":"status-publish","4":"has-post-thumbnail","6":"product_cat-magnetic-snaps","8":"first","9":"instock","10":"shipping-taxable","11":"product-type-simple"},"aioseo_notices":[],"_links":{"self":[{"href":"https:\/\/richarms.com\/pt\/wp-json\/wp\/v2\/product\/5680","targetHints":{"allow":["GET"]}}],"collection":[{"href":"https:\/\/richarms.com\/pt\/wp-json\/wp\/v2\/product"}],"about":[{"href":"https:\/\/richarms.com\/pt\/wp-json\/wp\/v2\/types\/product"}],"wp:featuredmedia":[{"embeddable":true,"href":"https:\/\/richarms.com\/pt\/wp-json\/wp\/v2\/media\/6447"}],"wp:attachment":[{"href":"https:\/\/richarms.com\/pt\/wp-json\/wp\/v2\/media?parent=5680"}],"wp:term":[{"taxonomy":"product_brand","embeddable":true,"href":"https:\/\/richarms.com\/pt\/wp-json\/wp\/v2\/product_brand?post=5680"},{"taxonomy":"product_cat","embeddable":true,"href":"https:\/\/richarms.com\/pt\/wp-json\/wp\/v2\/product_cat?post=5680"},{"taxonomy":"product_tag","embeddable":true,"href":"https:\/\/richarms.com\/pt\/wp-json\/wp\/v2\/product_tag?post=5680"}],"curies":[{"name":"wp","href":"https:\/\/api.w.org\/{rel}","templated":true}]}}