{"id":5686,"date":"2021-07-11T13:53:33","date_gmt":"2021-07-11T05:53:33","guid":{"rendered":"https:\/\/richarms.com\/?post_type=product&#038;p=5686"},"modified":"2026-01-06T17:18:29","modified_gmt":"2026-01-06T09:18:29","slug":"double-rivet-magnetic-snaps-fastener","status":"publish","type":"product","link":"https:\/\/richarms.com\/pt\/product\/double-rivet-magnetic-snaps-fastener","title":{"rendered":"Fecho magn\u00e9tico de rebite duplo"},"content":{"rendered":"<h3>Double Rivet Magnetic Snaps \u2013 Stable Structure for Secure Applications<\/h3>\n<p>O <strong>Extra Thin Double Rivet Magnetic Snaps Fastener<\/strong> is a versatile, high-powered magnetic snap designed for use in single-layer fabrics. Its ultra-thin design is perfect for applications in bags, leather goods, non-woven fabric eco-bags, clothing, stationery cases, document pouches, and file boxes. The magnetic snap features rivet-style prongs on the back, which are paired with rivet caps for secure installation.<\/p>\n<p><strong>C\u00f3digo e tamanho:<\/strong><\/p>\n<table style=\"height: 611px;\" width=\"814\">\n<tbody>\n<tr>\n<td width=\"87\">C\u00f3digo<\/td>\n<td width=\"62\">Tamanho<\/td>\n<td width=\"89\">Estalo feminino<br \/>\nTH<\/td>\n<td width=\"47\">Pronga<br \/>\nL<\/td>\n<td width=\"52\">\u00cdm\u00e3<br \/>\nTamanho<\/td>\n<td width=\"58\">Cap\u00a0 \u00a0 \u00a0 \u00a0 \u00a0 \u00a0 Size<\/td>\n<td width=\"140\">Imagem<\/td>\n<td width=\"174\">Descri\u00e7\u00e3o<\/td>\n<\/tr>\n<tr>\n<td width=\"87\">RC-DR1020<\/td>\n<td width=\"62\">10 mm<\/td>\n<td width=\"89\">2 mm<\/td>\n<td width=\"47\">6,2 mm<\/td>\n<td width=\"52\">9,8 mm<\/td>\n<td width=\"58\">9 mm<\/td>\n<td width=\"140\"><img decoding=\"async\" class=\"lazyload wp-image-7238\" src=\"https:\/\/richarms.com\/wp-content\/uploads\/2021\/07\/10X222-e1626246618705.jpg\" data-orig-src=\"https:\/\/richarms.com\/wp-content\/uploads\/2021\/07\/10X222-e1626246618705.jpg\" alt=\"China Magnetic Snaps Factory Wholesale Double Rivet Magnetic Snaps Fastener at good rate, different color, size and strength\" width=\"95\" height=\"77\" srcset=\"data:image\/svg+xml,%3Csvg%20xmlns%3D%27http%3A%2F%2Fwww.w3.org%2F2000%2Fsvg%27%20width%3D%2795%27%20height%3D%2777%27%20viewBox%3D%270%200%2095%2077%27%3E%3Crect%20width%3D%2795%27%20height%3D%2777%27%20fill-opacity%3D%220%22%2F%3E%3C%2Fsvg%3E\" data-srcset=\"https:\/\/richarms.com\/wp-content\/uploads\/2021\/07\/10X222-e1626246618705-177x142.jpg 177w, https:\/\/richarms.com\/wp-content\/uploads\/2021\/07\/10X222-e1626246618705-200x162.jpg 200w, https:\/\/richarms.com\/wp-content\/uploads\/2021\/07\/10X222-e1626246618705.jpg 247w\" data-sizes=\"auto\" data-orig-sizes=\"(max-width: 95px) 100vw, 95px\" \/><\/td>\n<td width=\"174\">Um \u00edm\u00e3 poderoso em um tamanho muito pequeno.<br \/>\nFor small leather goods, eyeglass cases, toys<\/td>\n<\/tr>\n<tr>\n<td width=\"87\">RC-DR1220<\/td>\n<td width=\"62\">12 mm<\/td>\n<td width=\"89\">2 mm<\/td>\n<td width=\"47\">7,6 mm<\/td>\n<td width=\"52\">11,5 mm<\/td>\n<td width=\"58\">9 mm<\/td>\n<td width=\"140\"><img decoding=\"async\" class=\"lazyload aligncenter wp-image-7242\" src=\"https:\/\/richarms.com\/wp-content\/uploads\/2021\/07\/122.png\" data-orig-src=\"https:\/\/richarms.com\/wp-content\/uploads\/2021\/07\/122.png\" alt=\"China Magnetic Snaps Factory Wholesale Double Rivet Magnetic Snaps Fastener at good rate, different color, size and strength\" width=\"128\" height=\"96\" srcset=\"data:image\/svg+xml,%3Csvg%20xmlns%3D%27http%3A%2F%2Fwww.w3.org%2F2000%2Fsvg%27%20width%3D%27128%27%20height%3D%2796%27%20viewBox%3D%270%200%20128%2096%27%3E%3Crect%20width%3D%27128%27%20height%3D%2796%27%20fill-opacity%3D%220%22%2F%3E%3C%2Fsvg%3E\" data-srcset=\"https:\/\/richarms.com\/wp-content\/uploads\/2021\/07\/122-200x150.png 200w, https:\/\/richarms.com\/wp-content\/uploads\/2021\/07\/122.png 282w\" data-sizes=\"auto\" data-orig-sizes=\"(max-width: 128px) 100vw, 128px\" \/><\/td>\n<td width=\"174\">Great for pockets and packaging.<br \/>\nFace nivelada e di\u00e2metro pequeno.<\/td>\n<\/tr>\n<tr>\n<td width=\"87\">RC-DR1420<\/td>\n<td width=\"62\">14 mm<\/td>\n<td width=\"89\">2 mm<\/td>\n<td width=\"47\">7,6 mm<\/td>\n<td width=\"52\">11 mm<\/td>\n<td width=\"58\">12 mm<\/td>\n<td width=\"140\"><img decoding=\"async\" class=\"lazyload aligncenter wp-image-7243\" src=\"https:\/\/richarms.com\/wp-content\/uploads\/2021\/07\/142.png\" data-orig-src=\"https:\/\/richarms.com\/wp-content\/uploads\/2021\/07\/142.png\" alt=\"China Magnetic Snaps Factory Wholesale Double Rivet Magnetic Snaps Fastener at good rate, different color, size and strength\" width=\"134\" height=\"101\" srcset=\"data:image\/svg+xml,%3Csvg%20xmlns%3D%27http%3A%2F%2Fwww.w3.org%2F2000%2Fsvg%27%20width%3D%27134%27%20height%3D%27101%27%20viewBox%3D%270%200%20134%20101%27%3E%3Crect%20width%3D%27134%27%20height%3D%27101%27%20fill-opacity%3D%220%22%2F%3E%3C%2Fsvg%3E\" data-srcset=\"https:\/\/richarms.com\/wp-content\/uploads\/2021\/07\/142-200x151.png 200w, https:\/\/richarms.com\/wp-content\/uploads\/2021\/07\/142.png 282w\" data-sizes=\"auto\" data-orig-sizes=\"(max-width: 134px) 100vw, 134px\" \/><\/td>\n<td width=\"174\">Corpo fino. Resist\u00eancia padr\u00e3o.<br \/>\nFechos elegantes e de alta qualidade para bolsas, malas e estojos.<\/td>\n<\/tr>\n<tr>\n<td width=\"87\">RC-DR1820<\/td>\n<td width=\"62\">18 mm<\/td>\n<td width=\"89\">2 mm<\/td>\n<td width=\"47\">9 mm<\/td>\n<td width=\"52\">12 mm<\/td>\n<td width=\"58\">12 mm<\/td>\n<td width=\"140\"><img decoding=\"async\" class=\"lazyload alignnone wp-image-7244 size-full\" src=\"https:\/\/richarms.com\/wp-content\/uploads\/2021\/07\/182.png\" data-orig-src=\"https:\/\/richarms.com\/wp-content\/uploads\/2021\/07\/182.png\" alt=\"China Magnetic Snaps Factory Wholesale Double Rivet Magnetic Snaps Fastener at good rate, different color, size and strength\" width=\"282\" height=\"213\" srcset=\"data:image\/svg+xml,%3Csvg%20xmlns%3D%27http%3A%2F%2Fwww.w3.org%2F2000%2Fsvg%27%20width%3D%27282%27%20height%3D%27213%27%20viewBox%3D%270%200%20282%20213%27%3E%3Crect%20width%3D%27282%27%20height%3D%27213%27%20fill-opacity%3D%220%22%2F%3E%3C%2Fsvg%3E\" data-srcset=\"https:\/\/richarms.com\/wp-content\/uploads\/2021\/07\/182-200x151.png 200w, https:\/\/richarms.com\/wp-content\/uploads\/2021\/07\/182.png 282w\" data-sizes=\"auto\" data-orig-sizes=\"(max-width: 282px) 100vw, 282px\" \/><\/td>\n<td width=\"174\">Corpo fino com grande poder de reten\u00e7\u00e3o.<br \/>\nPara bolsas, bagagens, mochilas, ind\u00fastria automotiva e aeroespacial.<\/td>\n<\/tr>\n<\/tbody>\n<\/table>\n<p>Tamanho da tampa: O tamanho padr\u00e3o \u00e9 de 8 mm, 9 mm, 12 mm, 14 mm, dispon\u00edvel sob encomenda<\/p>\n<p>The standard rivet length is 6mm, but we also offer shorter 4mm options and longer custom prongs for thicker materials. For best results, we recommend punching a 1\/8&#8243; hole in the fabric before inserting the rivet prongs and installing the rivet cap. Tools are required for installation, with options available for both <a href=\"https:\/\/richarms.com\/pt\/produto\/machine-tooling-for-double-rivet\/\">m\u00e1quinas de prensagem<\/a> e <a href=\"https:\/\/richarms.com\/pt\/produto\/hand-tooling-for-double-rivet\/\">manual hammering<\/a>.<\/p>\n<p>Isso <strong>Double Rivet Magnetic Snap<\/strong> comes with high-powered magnets capable of attaching securely to washers or decorative caps. We also offer customization for caps, including various shapes and finishes in <a href=\"https:\/\/richarms.com\/pt\/produto\/zn-alloy-single-rivet-magnetic-snaps-fastener\/\">liga de zinco<\/a> for added aesthetic appeal. <a href=\"http:\/\/richarms.com\/pt\/contact\/\">Contato<\/a> our experts for customization service.<\/p>\n<p>The snap set includes both male and female components, along with optional rivet caps for enhanced versatility.<\/p>\n<p><strong>Material:<br \/>\n<\/strong>C\u00e1psula f\u00eamea:  Ferro, lat\u00e3o comum ou lat\u00e3o ambiental dispon\u00edvel<br \/>\nC\u00e1psula masculina: Ferro<br \/>\nTampa do rebite: ferro, lat\u00e3o comum ou lat\u00e3o ambiental dispon\u00edvel<\/p>\n<p><img decoding=\"async\" class=\"lazyload alignnone wp-image-7161\" src=\"https:\/\/richarms.com\/wp-content\/uploads\/2020\/03\/materials-e1626143269166.png\" data-orig-src=\"https:\/\/richarms.com\/wp-content\/uploads\/2020\/03\/materials-e1626143269166.png\" alt=\"\" width=\"446\" height=\"199\" srcset=\"data:image\/svg+xml,%3Csvg%20xmlns%3D%27http%3A%2F%2Fwww.w3.org%2F2000%2Fsvg%27%20width%3D%27446%27%20height%3D%27199%27%20viewBox%3D%270%200%20446%20199%27%3E%3Crect%20width%3D%27446%27%20height%3D%27199%27%20fill-opacity%3D%220%22%2F%3E%3C%2Fsvg%3E\" data-srcset=\"https:\/\/richarms.com\/wp-content\/uploads\/2020\/03\/materials-e1626143269166-200x89.png 200w, https:\/\/richarms.com\/wp-content\/uploads\/2020\/03\/materials-e1626143269166-300x134.png 300w, https:\/\/richarms.com\/wp-content\/uploads\/2020\/03\/materials-e1626143269166-400x178.png 400w, https:\/\/richarms.com\/wp-content\/uploads\/2020\/03\/materials-e1626143269166-500x223.png 500w, https:\/\/richarms.com\/wp-content\/uploads\/2020\/03\/materials-e1626143269166.png 511w\" data-sizes=\"auto\" data-orig-sizes=\"(max-width: 446px) 100vw, 446px\" \/><\/p>\n<p><strong><b>\u00cdm\u00e3 interno : <\/b><\/strong>Neodymium\u00a0permanent magnet.<\/p>\n<p>A pot\u00eancia do \u00edm\u00e3 depende do tamanho do \u00edm\u00e3 e da classe do \u00edm\u00e3<\/p>\n<p><img decoding=\"async\" class=\"lazyload alignnone wp-image-7163\" src=\"https:\/\/richarms.com\/wp-content\/uploads\/2020\/03\/\u8d85\u8584\u78c1\u529b-e1626186192975.png\" data-orig-src=\"https:\/\/richarms.com\/wp-content\/uploads\/2020\/03\/\u8d85\u8584\u78c1\u529b-e1626186192975.png\" alt=\"\" width=\"449\" height=\"131\" srcset=\"data:image\/svg+xml,%3Csvg%20xmlns%3D%27http%3A%2F%2Fwww.w3.org%2F2000%2Fsvg%27%20width%3D%27449%27%20height%3D%27131%27%20viewBox%3D%270%200%20449%20131%27%3E%3Crect%20width%3D%27449%27%20height%3D%27131%27%20fill-opacity%3D%220%22%2F%3E%3C%2Fsvg%3E\" data-srcset=\"https:\/\/richarms.com\/wp-content\/uploads\/2020\/03\/\u8d85\u8584\u78c1\u529b-e1626186192975-200x58.png 200w, https:\/\/richarms.com\/wp-content\/uploads\/2020\/03\/\u8d85\u8584\u78c1\u529b-e1626186192975-300x87.png 300w, https:\/\/richarms.com\/wp-content\/uploads\/2020\/03\/\u8d85\u8584\u78c1\u529b-e1626186192975-400x117.png 400w, https:\/\/richarms.com\/wp-content\/uploads\/2020\/03\/\u8d85\u8584\u78c1\u529b-e1626186192975-500x146.png 500w, https:\/\/richarms.com\/wp-content\/uploads\/2020\/03\/\u8d85\u8584\u78c1\u529b-e1626186192975-600x175.png 600w, https:\/\/richarms.com\/wp-content\/uploads\/2020\/03\/\u8d85\u8584\u78c1\u529b-e1626186192975-700x204.png 700w, https:\/\/richarms.com\/wp-content\/uploads\/2020\/03\/\u8d85\u8584\u78c1\u529b-e1626186192975-768x224.png 768w, https:\/\/richarms.com\/wp-content\/uploads\/2020\/03\/\u8d85\u8584\u78c1\u529b-e1626186192975-800x233.png 800w, https:\/\/richarms.com\/wp-content\/uploads\/2020\/03\/\u8d85\u8584\u78c1\u529b-e1626186192975.png 885w\" data-sizes=\"auto\" data-orig-sizes=\"(max-width: 449px) 100vw, 449px\" \/><\/p>\n<div id=\"attachment_7346\" style=\"width: 428px\" class=\"wp-caption alignnone\"><img decoding=\"async\" aria-describedby=\"caption-attachment-7346\" class=\"lazyload wp-image-7346 size-full\" src=\"https:\/\/richarms.com\/wp-content\/uploads\/2021\/07\/\u5fae\u4fe1\u622a\u56fe_20210824111345.png\" data-orig-src=\"https:\/\/richarms.com\/wp-content\/uploads\/2021\/07\/\u5fae\u4fe1\u622a\u56fe_20210824111345.png\" alt=\"Richarms, the Chinese Wholesale Professional Magnetic Snaps Factory has different strength option for thin or thick magnetic snaps, standard solution is from 0.5kg - 5kg, customized strength solution available. The image is showing our standard Strength: 18mm Thick (1.5kg \/ 3kg) 14mm Thick (0.5kg \/ 1.5kg)\" width=\"418\" height=\"682\" srcset=\"data:image\/svg+xml,%3Csvg%20xmlns%3D%27http%3A%2F%2Fwww.w3.org%2F2000%2Fsvg%27%20width%3D%27418%27%20height%3D%27682%27%20viewBox%3D%270%200%20418%20682%27%3E%3Crect%20width%3D%27418%27%20height%3D%27682%27%20fill-opacity%3D%220%22%2F%3E%3C%2Fsvg%3E\" data-srcset=\"https:\/\/richarms.com\/wp-content\/uploads\/2021\/07\/\u5fae\u4fe1\u622a\u56fe_20210824111345-184x300.png 184w, https:\/\/richarms.com\/wp-content\/uploads\/2021\/07\/\u5fae\u4fe1\u622a\u56fe_20210824111345-200x326.png 200w, https:\/\/richarms.com\/wp-content\/uploads\/2021\/07\/\u5fae\u4fe1\u622a\u56fe_20210824111345-400x653.png 400w, https:\/\/richarms.com\/wp-content\/uploads\/2021\/07\/\u5fae\u4fe1\u622a\u56fe_20210824111345.png 418w\" data-sizes=\"auto\" data-orig-sizes=\"(max-width: 418px) 100vw, 418px\" \/><p id=\"caption-attachment-7346\" class=\"wp-caption-text\">A Richarms, a f\u00e1brica chinesa de snaps magn\u00e9ticos profissionais por atacado, tem diferentes op\u00e7\u00f5es de for\u00e7a para snaps magn\u00e9ticos finos ou grossos, a solu\u00e7\u00e3o padr\u00e3o \u00e9 de 0,5 kg a 5 kg, e h\u00e1 solu\u00e7\u00f5es de for\u00e7a personalizadas dispon\u00edveis.<br \/>A imagem mostra nossa for\u00e7a padr\u00e3o:<br \/>18 mm de espessura (1,5 kg \/ 3 kg)<br \/>14 mm de espessura (0,5 kg \/ 1,5 kg)<\/p><\/div>\n<p><strong><b>F<\/b><\/strong><strong><b>inish<\/b><\/strong><strong><b>\uff1a<\/b><\/strong><\/p>\n<p>Estampa feminina: Liso, com padr\u00e3o, com logotipo<\/p>\n<p><img decoding=\"async\" class=\"lazyload alignnone wp-image-7166\" src=\"data:image\/svg+xml,%3Csvg%20xmlns%3D%27http%3A%2F%2Fwww.w3.org%2F2000%2Fsvg%27%20width%3D%27288%27%20height%3D%27135%27%20viewBox%3D%270%200%20288%20135%27%3E%3Crect%20width%3D%27288%27%20height%3D%27135%27%20fill-opacity%3D%220%22%2F%3E%3C%2Fsvg%3E\" data-orig-src=\"https:\/\/richarms.com\/wp-content\/uploads\/2020\/03\/\u56fe\u72473.jpg\" alt=\"\" width=\"288\" height=\"135\" \/><\/p>\n<p>Snap masculino: Simples, com texto, com logotipo<\/p>\n<p><img decoding=\"async\" class=\"lazyload alignnone wp-image-7180\" src=\"https:\/\/richarms.com\/wp-content\/uploads\/2020\/03\/\u56fe\u72474.jpg\" data-orig-src=\"https:\/\/richarms.com\/wp-content\/uploads\/2020\/03\/\u56fe\u72474.jpg\" alt=\"\" width=\"306\" height=\"123\" srcset=\"data:image\/svg+xml,%3Csvg%20xmlns%3D%27http%3A%2F%2Fwww.w3.org%2F2000%2Fsvg%27%20width%3D%27306%27%20height%3D%27123%27%20viewBox%3D%270%200%20306%20123%27%3E%3Crect%20width%3D%27306%27%20height%3D%27123%27%20fill-opacity%3D%220%22%2F%3E%3C%2Fsvg%3E\" data-srcset=\"https:\/\/richarms.com\/wp-content\/uploads\/2020\/03\/\u56fe\u72474-200x80.jpg 200w, https:\/\/richarms.com\/wp-content\/uploads\/2020\/03\/\u56fe\u72474-300x120.jpg 300w, https:\/\/richarms.com\/wp-content\/uploads\/2020\/03\/\u56fe\u72474-400x160.jpg 400w, https:\/\/richarms.com\/wp-content\/uploads\/2020\/03\/\u56fe\u72474-500x200.jpg 500w, https:\/\/richarms.com\/wp-content\/uploads\/2020\/03\/\u56fe\u72474-600x241.jpg 600w, https:\/\/richarms.com\/wp-content\/uploads\/2020\/03\/\u56fe\u72474.jpg 651w\" data-sizes=\"auto\" data-orig-sizes=\"(max-width: 306px) 100vw, 306px\" \/><\/p>\n<p><strong>Embalagem<\/strong><strong>\uff1a<\/strong><\/p>\n<p>Todos eles podem ser fornecidos com pernas, hastes ou rebites.<br \/>\n1 set = 1 Male, 1 Female, 2 Rivet cap<br \/>\n10mm:\u00a0400 sets\/box, 20 boxes\/carton<br \/>\n12mm, 14mm: 200 sets\/box, 20 boxes\/carton<br \/>\n18 mm: 100 conjuntos\/caixa, 20 caixas\/caixa de papel\u00e3o<\/p>\n<p><img decoding=\"async\" class=\"lazyload alignnone size-full wp-image-7281\" src=\"https:\/\/richarms.com\/wp-content\/uploads\/2021\/07\/\u53cc\u649e\u4ecb\u7ecd\u542b\u6c34\u5370_\u526f\u672c.jpg\" data-orig-src=\"https:\/\/richarms.com\/wp-content\/uploads\/2021\/07\/\u53cc\u649e\u4ecb\u7ecd\u542b\u6c34\u5370_\u526f\u672c.jpg\" alt=\"\" width=\"300\" height=\"286\" srcset=\"data:image\/svg+xml,%3Csvg%20xmlns%3D%27http%3A%2F%2Fwww.w3.org%2F2000%2Fsvg%27%20width%3D%27300%27%20height%3D%27286%27%20viewBox%3D%270%200%20300%20286%27%3E%3Crect%20width%3D%27300%27%20height%3D%27286%27%20fill-opacity%3D%220%22%2F%3E%3C%2Fsvg%3E\" data-srcset=\"https:\/\/richarms.com\/wp-content\/uploads\/2021\/07\/\u53cc\u649e\u4ecb\u7ecd\u542b\u6c34\u5370_\u526f\u672c-200x191.jpg 200w, https:\/\/richarms.com\/wp-content\/uploads\/2021\/07\/\u53cc\u649e\u4ecb\u7ecd\u542b\u6c34\u5370_\u526f\u672c.jpg 300w\" data-sizes=\"auto\" data-orig-sizes=\"(max-width: 300px) 100vw, 300px\" \/><\/p>\n<p><strong>Principais recursos:<\/strong><\/p>\n<ul>\n<li><strong>Extra-Thin Design:<\/strong> Ideal for single-layer fabrics, ensuring a seamless, low-profile appearance.<\/li>\n<li><strong>High-Powered Magnets:<\/strong> Strong magnetic attraction ensures a secure hold, perfect for leather goods, bags, and clothing.<\/li>\n<li><strong>Multiple Rivet Lengths:<\/strong> Standard 6mm, with customizable 4mm or longer options for thicker materials.<\/li>\n<li><strong>Bon\u00e9s personaliz\u00e1veis:<\/strong> Optional decorative caps available in various shapes and finishes for unique designs.<\/li>\n<li><strong>Easy Installation:<\/strong> Requires 1\/8&#8243; hole punch; compatible with press machine or manual hammering tools.<\/li>\n<li><strong>Aplica\u00e7\u00f5es vers\u00e1teis:<\/strong> Suitable for use in bags, leather goods, eco-friendly products, clothing, stationery, and more.<\/li>\n<li><a href=\"https:\/\/www.richarmshardware.com\/products\/18x2mm-double-rivet-magnetic-snaps?_pos=6&amp;_sid=77c4f6ab2&amp;_ss=r\">Aceitamos pedidos pequenos<\/a><\/li>\n<\/ul>\n<p>This magnetic fastener is a durable, reliable choice for designers and manufacturers looking to create innovative products with secure closures.<\/p>\n<p data-start=\"1078\" data-end=\"1103\"><strong data-start=\"1078\" data-end=\"1103\">Op\u00e7\u00f5es de personaliza\u00e7\u00e3o<\/strong><\/p>\n<div class=\"video-shortcode\"><iframe title=\"Rivet Cap Magnetic Snaps | Custom Shapes, Surface Finishing &amp; Small MOQ\" width=\"563\" height=\"1000\" src=\"https:\/\/www.youtube.com\/embed\/3uLvNp4I9-k?feature=oembed\" frameborder=\"0\" allow=\"accelerometer; autoplay; clipboard-write; encrypted-media; gyroscope; picture-in-picture; web-share\" referrerpolicy=\"strict-origin-when-cross-origin\" allowfullscreen><\/iframe><\/div>\n<p data-start=\"1105\" data-end=\"1188\">We support flexible customization based on your design and functional requirements:<\/p>\n<ul>\n<li data-start=\"1192\" data-end=\"1235\"><strong data-start=\"1192\" data-end=\"1202\">Forma:<\/strong> round, heart, or custom design<\/li>\n<li data-start=\"1238\" data-end=\"1285\"><strong data-start=\"1238\" data-end=\"1247\">Tamanho:<\/strong> customizable diameter and thickness<\/li>\n<li data-start=\"1288\" data-end=\"1338\"><strong data-start=\"1288\" data-end=\"1299\">Finish:<\/strong> electroplated or spray-coated colors<\/li>\n<li data-start=\"1341\" data-end=\"1405\"><strong data-start=\"1341\" data-end=\"1364\">Surface processing:<\/strong> fabric cover, velvet cover, laser logo<\/li>\n<li data-start=\"1408\" data-end=\"1447\"><strong data-start=\"1408\" data-end=\"1425\">Installation:<\/strong> double rivet fixation<\/li>\n<\/ul>\n<p data-start=\"1449\" data-end=\"1507\">Small MOQ is accepted for sampling and development stages.<\/p>\n<p><strong><b>Diferen\u00e7a entre pendurar e enrolar<\/b><\/strong><\/p>\n<p><img decoding=\"async\" class=\"lazyload alignnone wp-image-7165\" src=\"https:\/\/richarms.com\/wp-content\/uploads\/2020\/03\/\u56fe\u72471.jpg\" data-orig-src=\"https:\/\/richarms.com\/wp-content\/uploads\/2020\/03\/\u56fe\u72471.jpg\" alt=\"\" width=\"176\" height=\"248\" srcset=\"data:image\/svg+xml,%3Csvg%20xmlns%3D%27http%3A%2F%2Fwww.w3.org%2F2000%2Fsvg%27%20width%3D%27176%27%20height%3D%27248%27%20viewBox%3D%270%200%20176%20248%27%3E%3Crect%20width%3D%27176%27%20height%3D%27248%27%20fill-opacity%3D%220%22%2F%3E%3C%2Fsvg%3E\" data-srcset=\"https:\/\/richarms.com\/wp-content\/uploads\/2020\/03\/\u56fe\u72471-200x281.jpg 200w, https:\/\/richarms.com\/wp-content\/uploads\/2020\/03\/\u56fe\u72471-213x300.jpg 213w, https:\/\/richarms.com\/wp-content\/uploads\/2020\/03\/\u56fe\u72471.jpg 349w\" data-sizes=\"auto\" data-orig-sizes=\"(max-width: 176px) 100vw, 176px\" \/><\/p>\n<p><strong><b>Regular Cor listada<\/b><\/strong><br \/>\n<strong><br \/>\n<img decoding=\"async\" class=\"lazyload alignnone size-full wp-image-5392\" src=\"https:\/\/richarms.com\/wp-content\/uploads\/2018\/07\/RICHARMS-COLOT-DIS.jpg\" data-orig-src=\"https:\/\/richarms.com\/wp-content\/uploads\/2018\/07\/RICHARMS-COLOT-DIS.jpg\" alt=\"\" width=\"651\" height=\"457\" srcset=\"data:image\/svg+xml,%3Csvg%20xmlns%3D%27http%3A%2F%2Fwww.w3.org%2F2000%2Fsvg%27%20width%3D%27651%27%20height%3D%27457%27%20viewBox%3D%270%200%20651%20457%27%3E%3Crect%20width%3D%27651%27%20height%3D%27457%27%20fill-opacity%3D%220%22%2F%3E%3C%2Fsvg%3E\" data-srcset=\"https:\/\/richarms.com\/wp-content\/uploads\/2018\/07\/RICHARMS-COLOT-DIS-200x140.jpg 200w, https:\/\/richarms.com\/wp-content\/uploads\/2018\/07\/RICHARMS-COLOT-DIS-300x211.jpg 300w, https:\/\/richarms.com\/wp-content\/uploads\/2018\/07\/RICHARMS-COLOT-DIS-400x281.jpg 400w, https:\/\/richarms.com\/wp-content\/uploads\/2018\/07\/RICHARMS-COLOT-DIS-500x351.jpg 500w, https:\/\/richarms.com\/wp-content\/uploads\/2018\/07\/RICHARMS-COLOT-DIS-600x421.jpg 600w, https:\/\/richarms.com\/wp-content\/uploads\/2018\/07\/RICHARMS-COLOT-DIS.jpg 651w\" data-sizes=\"auto\" data-orig-sizes=\"(max-width: 651px) 100vw, 651px\" \/><\/strong><\/p>\n<p><a href=\"https:\/\/richarms.com\/pt\/produto\/round-magnetic-snaps-rainbow-color\/\">Cor do arco-\u00edris<\/a> e <a href=\"http:\/\/richarms.com\/pt\/rich\/\">Cor personalizada<\/a> Dispon\u00edvel.<\/p>\n<p><strong><b>Aplicativo<\/b><\/strong><\/p>\n<ul>\n<li data-start=\"1557\" data-end=\"1585\">Handbags and leather goods<\/li>\n<li data-start=\"1588\" data-end=\"1609\">Fashion accessories<\/li>\n<li data-start=\"1612\" data-end=\"1633\">Decorative closures<\/li>\n<li data-start=\"1636\" data-end=\"1696\">Custom hardware projects requiring stable magnetic fastening<\/li>\n<\/ul>\n<p><img decoding=\"async\" class=\"lazyload alignnone wp-image-7160\" src=\"https:\/\/richarms.com\/wp-content\/uploads\/2020\/03\/application.png\" data-orig-src=\"https:\/\/richarms.com\/wp-content\/uploads\/2020\/03\/application.png\" alt=\"\" width=\"474\" height=\"443\" srcset=\"data:image\/svg+xml,%3Csvg%20xmlns%3D%27http%3A%2F%2Fwww.w3.org%2F2000%2Fsvg%27%20width%3D%27474%27%20height%3D%27443%27%20viewBox%3D%270%200%20474%20443%27%3E%3Crect%20width%3D%27474%27%20height%3D%27443%27%20fill-opacity%3D%220%22%2F%3E%3C%2Fsvg%3E\" data-srcset=\"https:\/\/richarms.com\/wp-content\/uploads\/2020\/03\/application-200x187.png 200w, https:\/\/richarms.com\/wp-content\/uploads\/2020\/03\/application-300x280.png 300w, https:\/\/richarms.com\/wp-content\/uploads\/2020\/03\/application-400x374.png 400w, https:\/\/richarms.com\/wp-content\/uploads\/2020\/03\/application-500x467.png 500w, https:\/\/richarms.com\/wp-content\/uploads\/2020\/03\/application.png 598w\" data-sizes=\"auto\" data-orig-sizes=\"(max-width: 474px) 100vw, 474px\" \/><\/p>\n<p>&nbsp;<\/p>\n<p>Looking for a stable magnetic snap solution for your project?<br data-start=\"2123\" data-end=\"2126\" \/>\ud83d\udce9 Contact us by email\uff1ainfo@Richarms.com to discuss customization<br data-start=\"2173\" data-end=\"2176\" \/>\ud83d\udce6 <a href=\"https:\/\/www.richarmshardware.com\/products\/18x4-5mm-double-rivet-magnetic-snaps?_pos=3&amp;_sid=5fdba7a3f&amp;_ss=r\">Get samples<\/a> for evaluation and testing<\/p>","protected":false},"excerpt":{"rendered":"<div class=\"sr-txt-title\">\n<p class=\"sr-txt-h2\">Type: Extra Thin Double Rivet Magnetic Snaps Fastener<br \/>\nMaterial: Lat\u00e3o, ferro, \u00edm\u00e3<br \/>\nModel Number: RC-DR1020\/1220\/1420\/1820<br \/>\nLogotipo: Sem, pode ser fantasiado<br \/>\nTamanho: 10 mm, 12 mm, 14 mm, 18 mm<br \/>\nCor: Ouro \/ N\u00edquel \/ Pistola \/ Ouro Rosa \/ Formiga Escovada \/ Outra<br \/>\nEmbalagem: caixa e caixa de papel\u00e3o<br \/>\nEnvio: LCL\/ DHL \/ FedEx \/ TNT \/ Outros<\/p>\n<\/div>","protected":false},"featured_media":6421,"template":"","meta":[],"product_brand":[],"product_cat":[15],"product_tag":[],"class_list":{"0":"post-5686","1":"product","2":"type-product","3":"status-publish","4":"has-post-thumbnail","6":"product_cat-magnetic-snaps","8":"first","9":"instock","10":"shipping-taxable","11":"product-type-simple"},"aioseo_notices":[],"_links":{"self":[{"href":"https:\/\/richarms.com\/pt\/wp-json\/wp\/v2\/product\/5686","targetHints":{"allow":["GET"]}}],"collection":[{"href":"https:\/\/richarms.com\/pt\/wp-json\/wp\/v2\/product"}],"about":[{"href":"https:\/\/richarms.com\/pt\/wp-json\/wp\/v2\/types\/product"}],"wp:featuredmedia":[{"embeddable":true,"href":"https:\/\/richarms.com\/pt\/wp-json\/wp\/v2\/media\/6421"}],"wp:attachment":[{"href":"https:\/\/richarms.com\/pt\/wp-json\/wp\/v2\/media?parent=5686"}],"wp:term":[{"taxonomy":"product_brand","embeddable":true,"href":"https:\/\/richarms.com\/pt\/wp-json\/wp\/v2\/product_brand?post=5686"},{"taxonomy":"product_cat","embeddable":true,"href":"https:\/\/richarms.com\/pt\/wp-json\/wp\/v2\/product_cat?post=5686"},{"taxonomy":"product_tag","embeddable":true,"href":"https:\/\/richarms.com\/pt\/wp-json\/wp\/v2\/product_tag?post=5686"}],"curies":[{"name":"wp","href":"https:\/\/api.w.org\/{rel}","templated":true}]}}