{"id":5692,"date":"2021-07-11T09:46:57","date_gmt":"2021-07-11T01:46:57","guid":{"rendered":"https:\/\/richarms.com\/?post_type=product&#038;p=5692"},"modified":"2025-03-11T22:57:05","modified_gmt":"2025-03-11T14:57:05","slug":"magnetic-grommet-snaps-2","status":"publish","type":"product","link":"https:\/\/richarms.com\/pt\/product\/magnetic-grommet-snaps-2","title":{"rendered":"Fechos de ilh\u00f3s magn\u00e9ticos de lat\u00e3o em forma de flor"},"content":{"rendered":"<h1>Brass Made Flower-Shaped Brass Magnetic Eyelet Snaps (fechos magn\u00e9ticos de lat\u00e3o em forma de flor)<\/h1>\n<p>O Magnetic Grommet Snap \u00e9 o \u00fanico ilh\u00f3 magn\u00e9tico no mercado atual que combina um fecho de press\u00e3o muito forte com a est\u00e9tica de design de um fecho de \"pino e furo\".<br \/>\nA face do anel isolante oferece uma superf\u00edcie adequada para um logotipo ou gr\u00e1fico. Os designers gostam da apar\u00eancia do pino central que preenche o orif\u00edcio do anel isolante.<br \/>\nO pino central pode ter um acabamento que combine com o ilh\u00f3s ou uma cor contrastante.<br \/>\nDispon\u00edvel em uma variedade de tamanhos, pode ser usado como fecho para uma roupa externa, bolsa, pasta ou mala de m\u00e3o.<br \/>\n* Os ilh\u00f3s refor\u00e7am os furos no material para que ele n\u00e3o rache ou rasgue.<\/p>\n<p><strong>C\u00f3digo e tamanho:<\/strong><\/p>\n<table width=\"578\">\n<tbody>\n<tr>\n<td width=\"133\">C\u00f3digo<\/td>\n<td width=\"89\">Snap masculino<br \/>\nDIA<\/td>\n<td width=\"89\">Snap masculino<br \/>\nTH<\/td>\n<td width=\"89\">Ilh\u00f3s<br \/>\nOD<\/td>\n<td width=\"89\">Ilh\u00f3s<br \/>\nTH<\/td>\n<td width=\"89\">Pronga<br \/>\nL<\/td>\n<\/tr>\n<tr>\n<td width=\"133\">RC-GM1020 F<\/td>\n<td width=\"89\">10 mm<\/td>\n<td width=\"89\">2 mm<\/td>\n<td width=\"89\">12 mm<\/td>\n<td width=\"89\">7 mm<\/td>\n<td width=\"89\">8 mm<\/td>\n<\/tr>\n<tr>\n<td width=\"133\">RC-GM1420 F<\/td>\n<td width=\"89\">14 mm<\/td>\n<td width=\"89\">2 mm<\/td>\n<td width=\"89\">17 mm<\/td>\n<td width=\"89\">8 mm<\/td>\n<td width=\"89\">8 mm<\/td>\n<\/tr>\n<tr>\n<td width=\"133\">RC-GM2020 F<\/td>\n<td width=\"89\">20 mm<\/td>\n<td width=\"89\">2 mm<\/td>\n<td width=\"89\">20 mm<\/td>\n<td width=\"89\">8 mm<\/td>\n<td width=\"89\">8 mm<\/td>\n<\/tr>\n<\/tbody>\n<\/table>\n<p style=\"text-align: left;\"><strong>Material:<br \/>\n<\/strong>Olhal\/anel isolante: Ferro, lat\u00e3o comum ou lat\u00e3o ambiental dispon\u00edvel<strong><br \/>\n<\/strong>C\u00e1psula macho: Ferro, lat\u00e3o comum ou lat\u00e3o ambiental dispon\u00edvel<\/p>\n<p style=\"text-align: left;\"><img decoding=\"async\" class=\"lazyload alignnone wp-image-7161\" src=\"https:\/\/richarms.com\/wp-content\/uploads\/2020\/03\/materials-e1626143269166.png\" data-orig-src=\"https:\/\/richarms.com\/wp-content\/uploads\/2020\/03\/materials-e1626143269166.png\" alt=\"\" width=\"446\" height=\"199\" srcset=\"data:image\/svg+xml,%3Csvg%20xmlns%3D%27http%3A%2F%2Fwww.w3.org%2F2000%2Fsvg%27%20width%3D%27446%27%20height%3D%27199%27%20viewBox%3D%270%200%20446%20199%27%3E%3Crect%20width%3D%27446%27%20height%3D%27199%27%20fill-opacity%3D%220%22%2F%3E%3C%2Fsvg%3E\" data-srcset=\"https:\/\/richarms.com\/wp-content\/uploads\/2020\/03\/materials-e1626143269166-200x89.png 200w, https:\/\/richarms.com\/wp-content\/uploads\/2020\/03\/materials-e1626143269166-300x134.png 300w, https:\/\/richarms.com\/wp-content\/uploads\/2020\/03\/materials-e1626143269166-400x178.png 400w, https:\/\/richarms.com\/wp-content\/uploads\/2020\/03\/materials-e1626143269166-500x223.png 500w, https:\/\/richarms.com\/wp-content\/uploads\/2020\/03\/materials-e1626143269166.png 511w\" data-sizes=\"auto\" data-orig-sizes=\"(max-width: 446px) 100vw, 446px\" \/><strong><br \/>\n<\/strong>\u00cdm\u00e3 interno : \u00cdm\u00e3 permanente de neod\u00edmio.<strong><br \/>\n<\/strong>A pot\u00eancia do \u00edm\u00e3 depende do tamanho do \u00edm\u00e3 e da classe do \u00edm\u00e3<\/p>\n<p><strong>Embalagem<\/strong><strong>\uff1a<br \/>\n<\/strong>Todos eles podem ser fornecidos com pernas, hastes ou rebites.<br \/>\n1 conjunto = 1 macho, 1 f\u00eamea, 2 arruelas<br \/>\n17 mm: 100 conjuntos\/caixa, 20 caixas\/caixa de papel\u00e3o<\/p>\n<p><img decoding=\"async\" class=\"lazyload alignnone size-medium wp-image-7488\" src=\"https:\/\/richarms.com\/wp-content\/uploads\/2021\/07\/Grommet-magnetic-snap-300x290.jpg\" data-orig-src=\"https:\/\/richarms.com\/wp-content\/uploads\/2021\/07\/Grommet-magnetic-snap-300x290.jpg\" alt=\"\" width=\"300\" height=\"290\" srcset=\"data:image\/svg+xml,%3Csvg%20xmlns%3D%27http%3A%2F%2Fwww.w3.org%2F2000%2Fsvg%27%20width%3D%27300%27%20height%3D%27290%27%20viewBox%3D%270%200%20300%20290%27%3E%3Crect%20width%3D%27300%27%20height%3D%27290%27%20fill-opacity%3D%220%22%2F%3E%3C%2Fsvg%3E\" data-srcset=\"https:\/\/richarms.com\/wp-content\/uploads\/2021\/07\/Grommet-magnetic-snap-200x194.jpg 200w, https:\/\/richarms.com\/wp-content\/uploads\/2021\/07\/Grommet-magnetic-snap-300x290.jpg 300w, https:\/\/richarms.com\/wp-content\/uploads\/2021\/07\/Grommet-magnetic-snap-400x387.jpg 400w, https:\/\/richarms.com\/wp-content\/uploads\/2021\/07\/Grommet-magnetic-snap-500x484.jpg 500w, https:\/\/richarms.com\/wp-content\/uploads\/2021\/07\/Grommet-magnetic-snap-600x581.jpg 600w, https:\/\/richarms.com\/wp-content\/uploads\/2021\/07\/Grommet-magnetic-snap-700x678.jpg 700w, https:\/\/richarms.com\/wp-content\/uploads\/2021\/07\/Grommet-magnetic-snap.jpg 722w\" data-sizes=\"auto\" data-orig-sizes=\"(max-width: 300px) 100vw, 300px\" \/><\/p>\n<p><strong><b>Diferen\u00e7a entre pendurar e enrolar<\/b><\/strong><\/p>\n<p><img decoding=\"async\" class=\"lazyload alignnone wp-image-7165\" src=\"https:\/\/richarms.com\/wp-content\/uploads\/2020\/03\/\u56fe\u72471.jpg\" data-orig-src=\"https:\/\/richarms.com\/wp-content\/uploads\/2020\/03\/\u56fe\u72471.jpg\" alt=\"\" width=\"176\" height=\"248\" srcset=\"data:image\/svg+xml,%3Csvg%20xmlns%3D%27http%3A%2F%2Fwww.w3.org%2F2000%2Fsvg%27%20width%3D%27176%27%20height%3D%27248%27%20viewBox%3D%270%200%20176%20248%27%3E%3Crect%20width%3D%27176%27%20height%3D%27248%27%20fill-opacity%3D%220%22%2F%3E%3C%2Fsvg%3E\" data-srcset=\"https:\/\/richarms.com\/wp-content\/uploads\/2020\/03\/\u56fe\u72471-200x281.jpg 200w, https:\/\/richarms.com\/wp-content\/uploads\/2020\/03\/\u56fe\u72471-213x300.jpg 213w, https:\/\/richarms.com\/wp-content\/uploads\/2020\/03\/\u56fe\u72471.jpg 349w\" data-sizes=\"auto\" data-orig-sizes=\"(max-width: 176px) 100vw, 176px\" \/><\/p>\n<p><strong><b>Regular Cor listada <\/b><\/strong><\/p>\n<p><strong><img decoding=\"async\" class=\"lazyload alignnone size-full wp-image-5392\" src=\"https:\/\/richarms.com\/wp-content\/uploads\/2018\/07\/RICHARMS-COLOT-DIS.jpg\" data-orig-src=\"https:\/\/richarms.com\/wp-content\/uploads\/2018\/07\/RICHARMS-COLOT-DIS.jpg\" alt=\"\" width=\"651\" height=\"457\" srcset=\"data:image\/svg+xml,%3Csvg%20xmlns%3D%27http%3A%2F%2Fwww.w3.org%2F2000%2Fsvg%27%20width%3D%27651%27%20height%3D%27457%27%20viewBox%3D%270%200%20651%20457%27%3E%3Crect%20width%3D%27651%27%20height%3D%27457%27%20fill-opacity%3D%220%22%2F%3E%3C%2Fsvg%3E\" data-srcset=\"https:\/\/richarms.com\/wp-content\/uploads\/2018\/07\/RICHARMS-COLOT-DIS-200x140.jpg 200w, https:\/\/richarms.com\/wp-content\/uploads\/2018\/07\/RICHARMS-COLOT-DIS-300x211.jpg 300w, https:\/\/richarms.com\/wp-content\/uploads\/2018\/07\/RICHARMS-COLOT-DIS-400x281.jpg 400w, https:\/\/richarms.com\/wp-content\/uploads\/2018\/07\/RICHARMS-COLOT-DIS-500x351.jpg 500w, https:\/\/richarms.com\/wp-content\/uploads\/2018\/07\/RICHARMS-COLOT-DIS-600x421.jpg 600w, https:\/\/richarms.com\/wp-content\/uploads\/2018\/07\/RICHARMS-COLOT-DIS.jpg 651w\" data-sizes=\"auto\" data-orig-sizes=\"(max-width: 651px) 100vw, 651px\" \/><\/strong><\/p>\n<p><strong>Aplicativo<\/strong><\/p>\n<h3><img decoding=\"async\" class=\"lazyload alignnone size-full wp-image-7300\" src=\"https:\/\/richarms.com\/wp-content\/uploads\/2021\/07\/\u5fae\u4fe1\u56fe\u7247_20210715111550.png\" data-orig-src=\"https:\/\/richarms.com\/wp-content\/uploads\/2021\/07\/\u5fae\u4fe1\u56fe\u7247_20210715111550.png\" alt=\"\" width=\"445\" height=\"431\" srcset=\"data:image\/svg+xml,%3Csvg%20xmlns%3D%27http%3A%2F%2Fwww.w3.org%2F2000%2Fsvg%27%20width%3D%27445%27%20height%3D%27431%27%20viewBox%3D%270%200%20445%20431%27%3E%3Crect%20width%3D%27445%27%20height%3D%27431%27%20fill-opacity%3D%220%22%2F%3E%3C%2Fsvg%3E\" data-srcset=\"https:\/\/richarms.com\/wp-content\/uploads\/2021\/07\/\u5fae\u4fe1\u56fe\u7247_20210715111550-200x194.png 200w, https:\/\/richarms.com\/wp-content\/uploads\/2021\/07\/\u5fae\u4fe1\u56fe\u7247_20210715111550-300x291.png 300w, https:\/\/richarms.com\/wp-content\/uploads\/2021\/07\/\u5fae\u4fe1\u56fe\u7247_20210715111550-400x387.png 400w, https:\/\/richarms.com\/wp-content\/uploads\/2021\/07\/\u5fae\u4fe1\u56fe\u7247_20210715111550.png 445w\" data-sizes=\"auto\" data-orig-sizes=\"(max-width: 445px) 100vw, 445px\" \/><\/h3>","protected":false},"excerpt":{"rendered":"<p>Tipo:Zn Alloy Flower Shape Grommet Magnetic Snaps Fastener<br \/>\nMaterial: Lat\u00e3o, ferro, \u00edm\u00e3<br \/>\nN\u00famero do modelo: RC-GM1020 F, RC-GM1420 F, RC-GM2020 F<br \/>\nLogotipo: pode ser personalizado<br \/>\nTamanho: 10 mm, 12 mm, 14 mm, 18 mm, 20 mm<br \/>\nCor: Ouro \/ N\u00edquel \/ Pistola \/ Ouro Rosa \/ Formiga Escovada \/ Outra<br \/>\nEmbalagem: caixa e caixa de papel\u00e3o<br \/>\nEnvio: LCL\/ DHL \/ FedEx \/ TNT \/ Outros<\/p>","protected":false},"featured_media":5703,"template":"","meta":[],"product_brand":[],"product_cat":[15],"product_tag":[],"class_list":{"0":"post-5692","1":"product","2":"type-product","3":"status-publish","4":"has-post-thumbnail","6":"product_cat-magnetic-snaps","8":"first","9":"instock","10":"shipping-taxable","11":"product-type-simple"},"aioseo_notices":[],"_links":{"self":[{"href":"https:\/\/richarms.com\/pt\/wp-json\/wp\/v2\/product\/5692","targetHints":{"allow":["GET"]}}],"collection":[{"href":"https:\/\/richarms.com\/pt\/wp-json\/wp\/v2\/product"}],"about":[{"href":"https:\/\/richarms.com\/pt\/wp-json\/wp\/v2\/types\/product"}],"wp:featuredmedia":[{"embeddable":true,"href":"https:\/\/richarms.com\/pt\/wp-json\/wp\/v2\/media\/5703"}],"wp:attachment":[{"href":"https:\/\/richarms.com\/pt\/wp-json\/wp\/v2\/media?parent=5692"}],"wp:term":[{"taxonomy":"product_brand","embeddable":true,"href":"https:\/\/richarms.com\/pt\/wp-json\/wp\/v2\/product_brand?post=5692"},{"taxonomy":"product_cat","embeddable":true,"href":"https:\/\/richarms.com\/pt\/wp-json\/wp\/v2\/product_cat?post=5692"},{"taxonomy":"product_tag","embeddable":true,"href":"https:\/\/richarms.com\/pt\/wp-json\/wp\/v2\/product_tag?post=5692"}],"curies":[{"name":"wp","href":"https:\/\/api.w.org\/{rel}","templated":true}]}}