{"id":5715,"date":"2021-07-11T09:44:41","date_gmt":"2021-07-11T01:44:41","guid":{"rendered":"https:\/\/richarms.com\/?post_type=product&#038;p=5715"},"modified":"2025-03-11T16:44:40","modified_gmt":"2025-03-11T08:44:40","slug":"magnetic-grommet-snaps-3","status":"publish","type":"product","link":"https:\/\/richarms.com\/pt\/product\/magnetic-grommet-snaps-3","title":{"rendered":"Fechos de ilh\u00f3s magn\u00e9ticos redondos em ep\u00f3xi"},"content":{"rendered":"<h1>Suprimentos para confec\u00e7\u00e3o de bolsas - Fechos de ilh\u00f3s magn\u00e9ticos ep\u00f3xi redondos de lat\u00e3o<\/h1>\n<p>O Round Epoxy Magnetic Eyelet Snaps \u00e9 o \u00fanico ilh\u00f3 magn\u00e9tico no mercado atual que combina um fecho de press\u00e3o muito forte com a est\u00e9tica de design de um fecho de \"pino e furo\".<br \/>\nA face do anel isolante oferece uma superf\u00edcie adequada para um logotipo ou gr\u00e1fico. Os designers gostam da apar\u00eancia do pino central que preenche o orif\u00edcio do anel isolante.<br \/>\nO pino central pode ter um acabamento que combine com o ilh\u00f3s ou uma cor contrastante.<br \/>\nDispon\u00edvel em uma variedade de tamanhos, pode ser usado como fecho para uma roupa externa, bolsa, pasta ou mala de m\u00e3o.<br \/>\n* Os ilh\u00f3s refor\u00e7am os furos no material para que ele n\u00e3o rache ou rasgue.<\/p>\n<p>Fechos de ilh\u00f3s magn\u00e9ticos em ep\u00f3xi brilhante <a href=\"https:\/\/richarms.com\/pt\/produto\/magnetic-grommet-snaps-4\/\">Compre aqui<\/a><\/p>\n<p><strong>C\u00f3digo e tamanho:<\/strong><\/p>\n<table width=\"578\">\n<tbody>\n<tr>\n<td width=\"133\">C\u00f3digo<\/td>\n<td width=\"89\">Snap masculino<br \/>\nDIA<\/td>\n<td width=\"89\">Snap masculino<br \/>\nTH<\/td>\n<td width=\"89\">Ilh\u00f3s<br \/>\nOD<\/td>\n<td width=\"89\">Ilh\u00f3s<br \/>\nTH<\/td>\n<td width=\"89\">Pronga<br \/>\nL<\/td>\n<\/tr>\n<tr>\n<td width=\"133\">RC-GM1020 EP<\/td>\n<td width=\"89\">10 mm<\/td>\n<td width=\"89\">2 mm<\/td>\n<td width=\"89\">12 mm<\/td>\n<td width=\"89\">7 mm<\/td>\n<td width=\"89\">8 mm<\/td>\n<\/tr>\n<tr>\n<td width=\"133\">RC-GM1420 EP<\/td>\n<td width=\"89\">14 mm<\/td>\n<td width=\"89\">2 mm<\/td>\n<td width=\"89\">17 mm<\/td>\n<td width=\"89\">8 mm<\/td>\n<td width=\"89\">8 mm<\/td>\n<\/tr>\n<tr>\n<td width=\"133\">RC-GM2020 EP<\/td>\n<td width=\"89\">20 mm<\/td>\n<td width=\"89\">2 mm<\/td>\n<td width=\"89\">20 mm<\/td>\n<td width=\"89\">8 mm<\/td>\n<td width=\"89\">8 mm<\/td>\n<\/tr>\n<\/tbody>\n<\/table>\n<p><strong>Material:<br \/>\n<\/strong>Olhal\/anel isolante:  Liga de Zn<br \/>\nC\u00e1psula masculina: Lat\u00e3o, ferro<br \/>\n\u00cdm\u00e3 interno : \u00cdm\u00e3 permanente de neod\u00edmio.<br \/>\nA pot\u00eancia do \u00edm\u00e3 depende do tamanho do \u00edm\u00e3 e da classe do \u00edm\u00e3<\/p>\n<p><strong><br \/>\nEmbalagem<\/strong><strong>\uff1a<br \/>\n<\/strong>Todos eles podem ser fornecidos com pernas, hastes ou rebites.<br \/>\n1 conjunto = 1 macho, 1 ilh\u00f3, 1 arruela<\/p>\n<p><img decoding=\"async\" class=\"lazyload alignnone size-medium wp-image-7488\" src=\"https:\/\/richarms.com\/wp-content\/uploads\/2021\/07\/Grommet-magnetic-snap-300x290.jpg\" data-orig-src=\"https:\/\/richarms.com\/wp-content\/uploads\/2021\/07\/Grommet-magnetic-snap-300x290.jpg\" alt=\"\" width=\"300\" height=\"290\" srcset=\"data:image\/svg+xml,%3Csvg%20xmlns%3D%27http%3A%2F%2Fwww.w3.org%2F2000%2Fsvg%27%20width%3D%27300%27%20height%3D%27290%27%20viewBox%3D%270%200%20300%20290%27%3E%3Crect%20width%3D%27300%27%20height%3D%27290%27%20fill-opacity%3D%220%22%2F%3E%3C%2Fsvg%3E\" data-srcset=\"https:\/\/richarms.com\/wp-content\/uploads\/2021\/07\/Grommet-magnetic-snap-200x194.jpg 200w, https:\/\/richarms.com\/wp-content\/uploads\/2021\/07\/Grommet-magnetic-snap-300x290.jpg 300w, https:\/\/richarms.com\/wp-content\/uploads\/2021\/07\/Grommet-magnetic-snap-400x387.jpg 400w, https:\/\/richarms.com\/wp-content\/uploads\/2021\/07\/Grommet-magnetic-snap-500x484.jpg 500w, https:\/\/richarms.com\/wp-content\/uploads\/2021\/07\/Grommet-magnetic-snap-600x581.jpg 600w, https:\/\/richarms.com\/wp-content\/uploads\/2021\/07\/Grommet-magnetic-snap-700x678.jpg 700w, https:\/\/richarms.com\/wp-content\/uploads\/2021\/07\/Grommet-magnetic-snap.jpg 722w\" data-sizes=\"auto\" data-orig-sizes=\"(max-width: 300px) 100vw, 300px\" \/><\/p>\n<p><strong><b>Diferen\u00e7a entre pendurar e enrolar<\/b><\/strong><\/p>\n<p><img decoding=\"async\" class=\"lazyload alignnone wp-image-7165\" src=\"https:\/\/richarms.com\/wp-content\/uploads\/2020\/03\/\u56fe\u72471.jpg\" data-orig-src=\"https:\/\/richarms.com\/wp-content\/uploads\/2020\/03\/\u56fe\u72471.jpg\" alt=\"\" width=\"176\" height=\"248\" srcset=\"data:image\/svg+xml,%3Csvg%20xmlns%3D%27http%3A%2F%2Fwww.w3.org%2F2000%2Fsvg%27%20width%3D%27176%27%20height%3D%27248%27%20viewBox%3D%270%200%20176%20248%27%3E%3Crect%20width%3D%27176%27%20height%3D%27248%27%20fill-opacity%3D%220%22%2F%3E%3C%2Fsvg%3E\" data-srcset=\"https:\/\/richarms.com\/wp-content\/uploads\/2020\/03\/\u56fe\u72471-200x281.jpg 200w, https:\/\/richarms.com\/wp-content\/uploads\/2020\/03\/\u56fe\u72471-213x300.jpg 213w, https:\/\/richarms.com\/wp-content\/uploads\/2020\/03\/\u56fe\u72471.jpg 349w\" data-sizes=\"auto\" data-orig-sizes=\"(max-width: 176px) 100vw, 176px\" \/><\/p>\n<p><strong><b>Regular Cor listada <\/b><\/strong><\/p>\n<p><strong><img decoding=\"async\" class=\"lazyload alignnone size-full wp-image-5392\" src=\"https:\/\/richarms.com\/wp-content\/uploads\/2018\/07\/RICHARMS-COLOT-DIS.jpg\" data-orig-src=\"https:\/\/richarms.com\/wp-content\/uploads\/2018\/07\/RICHARMS-COLOT-DIS.jpg\" alt=\"\" width=\"651\" height=\"457\" srcset=\"data:image\/svg+xml,%3Csvg%20xmlns%3D%27http%3A%2F%2Fwww.w3.org%2F2000%2Fsvg%27%20width%3D%27651%27%20height%3D%27457%27%20viewBox%3D%270%200%20651%20457%27%3E%3Crect%20width%3D%27651%27%20height%3D%27457%27%20fill-opacity%3D%220%22%2F%3E%3C%2Fsvg%3E\" data-srcset=\"https:\/\/richarms.com\/wp-content\/uploads\/2018\/07\/RICHARMS-COLOT-DIS-200x140.jpg 200w, https:\/\/richarms.com\/wp-content\/uploads\/2018\/07\/RICHARMS-COLOT-DIS-300x211.jpg 300w, https:\/\/richarms.com\/wp-content\/uploads\/2018\/07\/RICHARMS-COLOT-DIS-400x281.jpg 400w, https:\/\/richarms.com\/wp-content\/uploads\/2018\/07\/RICHARMS-COLOT-DIS-500x351.jpg 500w, https:\/\/richarms.com\/wp-content\/uploads\/2018\/07\/RICHARMS-COLOT-DIS-600x421.jpg 600w, https:\/\/richarms.com\/wp-content\/uploads\/2018\/07\/RICHARMS-COLOT-DIS.jpg 651w\" data-sizes=\"auto\" data-orig-sizes=\"(max-width: 651px) 100vw, 651px\" \/><\/strong><\/p>\n<p><strong>Aplicativo<\/strong><\/p>\n<h3><img decoding=\"async\" class=\"lazyload alignnone size-full wp-image-7300\" src=\"https:\/\/richarms.com\/wp-content\/uploads\/2021\/07\/\u5fae\u4fe1\u56fe\u7247_20210715111550.png\" data-orig-src=\"https:\/\/richarms.com\/wp-content\/uploads\/2021\/07\/\u5fae\u4fe1\u56fe\u7247_20210715111550.png\" alt=\"\" width=\"445\" height=\"431\" srcset=\"data:image\/svg+xml,%3Csvg%20xmlns%3D%27http%3A%2F%2Fwww.w3.org%2F2000%2Fsvg%27%20width%3D%27445%27%20height%3D%27431%27%20viewBox%3D%270%200%20445%20431%27%3E%3Crect%20width%3D%27445%27%20height%3D%27431%27%20fill-opacity%3D%220%22%2F%3E%3C%2Fsvg%3E\" data-srcset=\"https:\/\/richarms.com\/wp-content\/uploads\/2021\/07\/\u5fae\u4fe1\u56fe\u7247_20210715111550-200x194.png 200w, https:\/\/richarms.com\/wp-content\/uploads\/2021\/07\/\u5fae\u4fe1\u56fe\u7247_20210715111550-300x291.png 300w, https:\/\/richarms.com\/wp-content\/uploads\/2021\/07\/\u5fae\u4fe1\u56fe\u7247_20210715111550-400x387.png 400w, https:\/\/richarms.com\/wp-content\/uploads\/2021\/07\/\u5fae\u4fe1\u56fe\u7247_20210715111550.png 445w\" data-sizes=\"auto\" data-orig-sizes=\"(max-width: 445px) 100vw, 445px\" \/><\/h3>\n<p><strong>\u00a0<\/strong><\/p>","protected":false},"excerpt":{"rendered":"<p>Tipo:Snaps de ilh\u00f3s magn\u00e9ticos polidos com ep\u00f3xi e redondos em liga de Zn<br \/>\nMaterial: Lat\u00e3o, ferro, \u00edm\u00e3<br \/>\nN\u00famero do modelo: RC-GM1020 EP, RC-GM1420 EP, RC-GM2020 EP<br \/>\nLogotipo: pode ser personalizado<br \/>\nTamanho: 10 mm, 12 mm, 14 mm, 18 mm, 20 mm<br \/>\nCor: ep\u00f3xi, suspenso ou rolante<br \/>\nEmbalagem: caixa e caixa de papel\u00e3o<br \/>\nEnvio: LCL\/ DHL \/ FedEx \/ TNT \/ Outros<\/p>","protected":false},"featured_media":5721,"template":"","meta":[],"product_brand":[],"product_cat":[15],"product_tag":[],"class_list":{"0":"post-5715","1":"product","2":"type-product","3":"status-publish","4":"has-post-thumbnail","6":"product_cat-magnetic-snaps","8":"first","9":"instock","10":"shipping-taxable","11":"product-type-simple"},"aioseo_notices":[],"_links":{"self":[{"href":"https:\/\/richarms.com\/pt\/wp-json\/wp\/v2\/product\/5715","targetHints":{"allow":["GET"]}}],"collection":[{"href":"https:\/\/richarms.com\/pt\/wp-json\/wp\/v2\/product"}],"about":[{"href":"https:\/\/richarms.com\/pt\/wp-json\/wp\/v2\/types\/product"}],"wp:featuredmedia":[{"embeddable":true,"href":"https:\/\/richarms.com\/pt\/wp-json\/wp\/v2\/media\/5721"}],"wp:attachment":[{"href":"https:\/\/richarms.com\/pt\/wp-json\/wp\/v2\/media?parent=5715"}],"wp:term":[{"taxonomy":"product_brand","embeddable":true,"href":"https:\/\/richarms.com\/pt\/wp-json\/wp\/v2\/product_brand?post=5715"},{"taxonomy":"product_cat","embeddable":true,"href":"https:\/\/richarms.com\/pt\/wp-json\/wp\/v2\/product_cat?post=5715"},{"taxonomy":"product_tag","embeddable":true,"href":"https:\/\/richarms.com\/pt\/wp-json\/wp\/v2\/product_tag?post=5715"}],"curies":[{"name":"wp","href":"https:\/\/api.w.org\/{rel}","templated":true}]}}