{"id":5888,"date":"2021-07-09T10:44:19","date_gmt":"2021-07-09T02:44:19","guid":{"rendered":"https:\/\/richarms.com\/?post_type=product&#038;p=5888"},"modified":"2025-02-23T22:54:22","modified_gmt":"2025-02-23T14:54:22","slug":"magnetic-name-tag","status":"publish","type":"product","link":"https:\/\/richarms.com\/pt\/product\/magnetic-name-tag","title":{"rendered":"Crach\u00e1 magn\u00e9tico"},"content":{"rendered":"<h1 data-start=\"2553\" data-end=\"2579\"><strong data-start=\"2558\" data-end=\"2579\">Crach\u00e1 magn\u00e9tico<\/strong><\/h1>\n<p data-start=\"2581\" data-end=\"2793\">Nosso <strong data-start=\"2585\" data-end=\"2606\">Crach\u00e1 magn\u00e9tico<\/strong> foi projetado para oferecer uma solu\u00e7\u00e3o de crach\u00e1 segura e confort\u00e1vel. Apresentando <strong data-start=\"2684\" data-end=\"2705\">dois \u00edm\u00e3s redondos<\/strong> e um <strong data-start=\"2712\" data-end=\"2730\">folha magn\u00e9tica<\/strong>O crach\u00e1 de identifica\u00e7\u00e3o, que oferece uma forte ader\u00eancia, mant\u00e9m o crach\u00e1 no lugar.<\/p>\n<ul data-start=\"2795\" data-end=\"3009\">\n<li data-start=\"2795\" data-end=\"2857\"><strong data-start=\"2797\" data-end=\"2807\">Forma:<\/strong> Retangular para facilitar a exibi\u00e7\u00e3o de nomes ou logotipos.<\/li>\n<li data-start=\"2858\" data-end=\"2938\"><strong data-start=\"2860\" data-end=\"2882\">For\u00e7a magn\u00e9tica:<\/strong> <strong data-start=\"2883\" data-end=\"2904\">Dois \u00edm\u00e3s redondos<\/strong> para uma fixa\u00e7\u00e3o forte e confi\u00e1vel.<\/li>\n<li data-start=\"2939\" data-end=\"3009\"><strong data-start=\"2941\" data-end=\"2954\">Material:<\/strong> Metal e \u00edm\u00e3s para maior durabilidade e fixa\u00e7\u00e3o segura.<\/li>\n<\/ul>\n<p data-start=\"3011\" data-end=\"3173\">Isso <strong data-start=\"3016\" data-end=\"3037\">crach\u00e1 magn\u00e9tico<\/strong> \u00e9 ideal para <strong data-start=\"3051\" data-end=\"3067\">uso comercial<\/strong>, <strong data-start=\"3069\" data-end=\"3079\">eventos<\/strong>ou mesmo <strong data-start=\"3089\" data-end=\"3110\">uniformes para funcion\u00e1rios<\/strong>O design do produto \u00e9 muito simples, garantindo uma apar\u00eancia profissional que \u00e9 f\u00e1cil de usar e ajustar.<\/p>\n<p data-start=\"1529\" data-end=\"1649\">Para obter mais op\u00e7\u00f5es, consulte nosso <a href=\"https:\/\/richarms.com\/pt\/categoria-produto\/magnetic-name-tag\/\" target=\"_new\" rel=\"noopener\" data-start=\"1561\" data-end=\"1648\">Cole\u00e7\u00e3o de crach\u00e1s magn\u00e9ticos<\/a>.<\/p>\n<p data-start=\"1529\" data-end=\"1649\">Para pedidos de amostras, por favor<a href=\"http:\/\/richarmshardware.com\/\"> compre aqui<\/a><\/p>\n<p data-start=\"1529\" data-end=\"1649\">Para aplica\u00e7\u00f5es inovadoras, consulte nosso <a href=\"https:\/\/www.pinterest.com\/richarmsaccessoriesgroups\/\">canal do pinterest.<\/a><\/p>","protected":false},"excerpt":{"rendered":"<div class=\"post-content woocommerce-product-details__short-description\">\n<div class=\"sr-txt-title\">\n<p class=\"sr-txt-h2\">Tipo: Crach\u00e1 magn\u00e9tico para crach\u00e1 de identifica\u00e7\u00e3o<br \/>\nMaterial: \u00cdm\u00e3 NdFeB, pe\u00e7a de metal e fita 3M<br \/>\nN\u00famero do modelo: RC-MNT<br \/>\nLogotipo: pode ser fantasiado<br \/>\nO tamanho e a forma podem ser personalizados<br \/>\nCor: a\u00e7o bruto (liso ou escovado) e outras cores dispon\u00edveis<br \/>\nEmbalagem: caixa e caixa de papel\u00e3o<br \/>\nEnvio: LCL\/ DHL \/ FedEx \/ TNT \/ Outros<\/p>\n<\/div>\n<\/div>","protected":false},"featured_media":5902,"template":"","meta":[],"product_brand":[],"product_cat":[64],"product_tag":[],"class_list":{"0":"post-5888","1":"product","2":"type-product","3":"status-publish","4":"has-post-thumbnail","6":"product_cat-magnetic-name-tag","8":"first","9":"instock","10":"shipping-taxable","11":"product-type-simple"},"aioseo_notices":[],"_links":{"self":[{"href":"https:\/\/richarms.com\/pt\/wp-json\/wp\/v2\/product\/5888","targetHints":{"allow":["GET"]}}],"collection":[{"href":"https:\/\/richarms.com\/pt\/wp-json\/wp\/v2\/product"}],"about":[{"href":"https:\/\/richarms.com\/pt\/wp-json\/wp\/v2\/types\/product"}],"wp:featuredmedia":[{"embeddable":true,"href":"https:\/\/richarms.com\/pt\/wp-json\/wp\/v2\/media\/5902"}],"wp:attachment":[{"href":"https:\/\/richarms.com\/pt\/wp-json\/wp\/v2\/media?parent=5888"}],"wp:term":[{"taxonomy":"product_brand","embeddable":true,"href":"https:\/\/richarms.com\/pt\/wp-json\/wp\/v2\/product_brand?post=5888"},{"taxonomy":"product_cat","embeddable":true,"href":"https:\/\/richarms.com\/pt\/wp-json\/wp\/v2\/product_cat?post=5888"},{"taxonomy":"product_tag","embeddable":true,"href":"https:\/\/richarms.com\/pt\/wp-json\/wp\/v2\/product_tag?post=5888"}],"curies":[{"name":"wp","href":"https:\/\/api.w.org\/{rel}","templated":true}]}}