{"id":5906,"date":"2021-07-09T10:45:56","date_gmt":"2021-07-09T02:45:56","guid":{"rendered":"https:\/\/richarms.com\/?post_type=product&#038;p=5906"},"modified":"2025-02-23T22:52:42","modified_gmt":"2025-02-23T14:52:42","slug":"magnetic-name-badge","status":"publish","type":"product","link":"https:\/\/richarms.com\/pt\/product\/magnetic-name-badge","title":{"rendered":"Crach\u00e1 magn\u00e9tico"},"content":{"rendered":"<h1 data-start=\"1686\" data-end=\"1968\">Crach\u00e1 magn\u00e9tico<\/h1>\n<p data-start=\"1686\" data-end=\"1968\">Nosso <strong data-start=\"1690\" data-end=\"1713\">Crach\u00e1 magn\u00e9tico<\/strong> \u00e9 uma op\u00e7\u00e3o vers\u00e1til e de alta qualidade para indiv\u00edduos e empresas. Apresenta um crach\u00e1 retangular de pl\u00e1stico com <strong data-start=\"1828\" data-end=\"1851\">tr\u00eas \u00edm\u00e3s redondos<\/strong> anexado \u00e0 parte traseira, esse <strong data-start=\"1879\" data-end=\"1900\">crach\u00e1 magn\u00e9tico<\/strong> garante uma fixa\u00e7\u00e3o forte, evitando que a etiqueta se desloque durante o uso.<\/p>\n<ul data-start=\"1970\" data-end=\"2198\">\n<li data-start=\"1970\" data-end=\"2043\"><strong data-start=\"1972\" data-end=\"1987\">Dimens\u00f5es:<\/strong> Formato retangular com amplo espa\u00e7o para personaliza\u00e7\u00e3o.<\/li>\n<li data-start=\"2044\" data-end=\"2139\"><strong data-start=\"2046\" data-end=\"2059\">For\u00e7a:<\/strong> Inclui <strong data-start=\"2069\" data-end=\"2092\">tr\u00eas \u00edm\u00e3s redondos<\/strong> e um <strong data-start=\"2099\" data-end=\"2117\">folha magn\u00e9tica<\/strong> para maior seguran\u00e7a.<\/li>\n<li data-start=\"2140\" data-end=\"2198\"><strong data-start=\"2142\" data-end=\"2155\">Material:<\/strong> Pl\u00e1stico dur\u00e1vel com <strong data-start=\"2177\" data-end=\"2197\">suporte magn\u00e9tico<\/strong>.<\/li>\n<\/ul>\n<p data-start=\"2200\" data-end=\"2427\">Perfeito para <strong data-start=\"2212\" data-end=\"2225\">funcion\u00e1rios<\/strong>, <strong data-start=\"2227\" data-end=\"2242\">conven\u00e7\u00f5es<\/strong>e <strong data-start=\"2248\" data-end=\"2267\">eventos de neg\u00f3cios<\/strong>, este <strong data-start=\"2274\" data-end=\"2297\">crach\u00e1 magn\u00e9tico<\/strong> permite a f\u00e1cil fixa\u00e7\u00e3o na roupa sem alfinetes ou clipes, o que o torna uma op\u00e7\u00e3o mais confort\u00e1vel e profissional para crach\u00e1s.<\/p>\n<p data-start=\"1529\" data-end=\"1649\">Para obter mais op\u00e7\u00f5es, consulte nosso <a href=\"https:\/\/richarms.com\/pt\/categoria-produto\/magnetic-name-tag\/\" target=\"_new\" rel=\"noopener\" data-start=\"1561\" data-end=\"1648\">Cole\u00e7\u00e3o de crach\u00e1s magn\u00e9ticos<\/a>.<\/p>\n<p data-start=\"1529\" data-end=\"1649\">Para pedidos de amostras, por favor<a href=\"http:\/\/richarmshardware.com\/\"> compre aqui<\/a><\/p>\n<p data-start=\"1529\" data-end=\"1649\">Para aplica\u00e7\u00f5es inovadoras, consulte nosso <a href=\"https:\/\/www.pinterest.com\/richarmsaccessoriesgroups\/\">canal do pinterest.<\/a><\/p>\n<p data-start=\"784\" data-end=\"805\">","protected":false},"excerpt":{"rendered":"<div class=\"post-content woocommerce-product-details__short-description\">\n<div class=\"sr-txt-title\">\n<p class=\"sr-txt-h2\">Tipo: Crach\u00e1 magn\u00e9tico para crach\u00e1 de identifica\u00e7\u00e3o<br \/>\nMaterial: Pl\u00e1stico, \u00edm\u00e3 NdFeB, pe\u00e7a de metal e fita 3M<br \/>\nN\u00famero do modelo: RC-MNT<br \/>\nLogotipo: pode ser fantasiado<br \/>\nO tamanho e a forma podem ser personalizados<br \/>\nCor: a\u00e7o bruto (liso ou escovado) e outras cores dispon\u00edveis<br \/>\nEmbalagem: caixa e caixa de papel\u00e3o<br \/>\nEnvio: LCL\/ DHL \/ FedEx \/ TNT \/ Outros<\/p>\n<\/div>\n<\/div>","protected":false},"featured_media":5893,"template":"","meta":[],"product_brand":[],"product_cat":[64],"product_tag":[],"class_list":{"0":"post-5906","1":"product","2":"type-product","3":"status-publish","4":"has-post-thumbnail","6":"product_cat-magnetic-name-tag","8":"first","9":"instock","10":"shipping-taxable","11":"product-type-simple"},"aioseo_notices":[],"_links":{"self":[{"href":"https:\/\/richarms.com\/pt\/wp-json\/wp\/v2\/product\/5906","targetHints":{"allow":["GET"]}}],"collection":[{"href":"https:\/\/richarms.com\/pt\/wp-json\/wp\/v2\/product"}],"about":[{"href":"https:\/\/richarms.com\/pt\/wp-json\/wp\/v2\/types\/product"}],"wp:featuredmedia":[{"embeddable":true,"href":"https:\/\/richarms.com\/pt\/wp-json\/wp\/v2\/media\/5893"}],"wp:attachment":[{"href":"https:\/\/richarms.com\/pt\/wp-json\/wp\/v2\/media?parent=5906"}],"wp:term":[{"taxonomy":"product_brand","embeddable":true,"href":"https:\/\/richarms.com\/pt\/wp-json\/wp\/v2\/product_brand?post=5906"},{"taxonomy":"product_cat","embeddable":true,"href":"https:\/\/richarms.com\/pt\/wp-json\/wp\/v2\/product_cat?post=5906"},{"taxonomy":"product_tag","embeddable":true,"href":"https:\/\/richarms.com\/pt\/wp-json\/wp\/v2\/product_tag?post=5906"}],"curies":[{"name":"wp","href":"https:\/\/api.w.org\/{rel}","templated":true}]}}