{"id":6080,"date":"2021-07-05T15:11:51","date_gmt":"2021-07-05T07:11:51","guid":{"rendered":"https:\/\/richarms.com\/?post_type=product&#038;p=6080"},"modified":"2025-03-11T16:35:21","modified_gmt":"2025-03-11T08:35:21","slug":"aluminum-money-clip-card-holder","status":"publish","type":"product","link":"https:\/\/richarms.com\/pt\/product\/aluminum-money-clip-card-holder","title":{"rendered":"Porta-cart\u00f5es com clipe de dinheiro"},"content":{"rendered":"<h2>Aluminum Card Holder with Stain Steel Money Clip, the Best Front Pocket Mini Wallet for Men<\/h2>\n<p>Material: Aluminum Alloy &amp; Stain Steel<br \/>\nSize: 54x86x8mm<br \/>\nWeight: 74g<br \/>\nM\u00e9todo de embalagem: 1 unidade\/saco de papel, 1 saco\/caixa<br \/>\nServi\u00e7o personalizado: Logotipo do cliente, caixa promocional e porta-cart\u00f5es personalizados dispon\u00edveis<br \/>\nColor: Black, Silver, Blue, Pink, Grey, Red, Gold<br \/>\nApplication: Promotional item, promotional gift<\/p>\n<p>&nbsp;<\/p>\n<p>We chose aluminum alloy material for their toughness and, consequently, produced a purse that will last in lifetime.<\/p>\n<p>The mini rigid card holder wallet is RFID BLOCKING, because your cards will certainly be bordered by the aluminum alloy body of this wallet securing them from also the most powerful RFID Chip Viewers.<\/p>\n<p>The slim purse is perfect for bring business cards, credit score as well as debit cards, bills etc. The outdoors notch allows you to push out the cards quickly.<\/p>\n<p>INTEGRATED MONEY band The cash money strap allows you to protect several costs to the outside of your wallet with a proprietary plated-elastic style. The metal plate is created for enhanced protection as well as aesthetic.<\/p>\n<p><img decoding=\"async\" class=\"lazyload alignnone size-full wp-image-6371\" src=\"https:\/\/richarms.com\/wp-content\/uploads\/2019\/07\/IMG_8228.jpg\" data-orig-src=\"https:\/\/richarms.com\/wp-content\/uploads\/2019\/07\/IMG_8228.jpg\" alt=\"\" width=\"750\" height=\"590\" srcset=\"data:image\/svg+xml,%3Csvg%20xmlns%3D%27http%3A%2F%2Fwww.w3.org%2F2000%2Fsvg%27%20width%3D%27750%27%20height%3D%27590%27%20viewBox%3D%270%200%20750%20590%27%3E%3Crect%20width%3D%27750%27%20height%3D%27590%27%20fill-opacity%3D%220%22%2F%3E%3C%2Fsvg%3E\" data-srcset=\"https:\/\/richarms.com\/wp-content\/uploads\/2019\/07\/IMG_8228-200x157.jpg 200w, https:\/\/richarms.com\/wp-content\/uploads\/2019\/07\/IMG_8228-300x236.jpg 300w, https:\/\/richarms.com\/wp-content\/uploads\/2019\/07\/IMG_8228-400x315.jpg 400w, https:\/\/richarms.com\/wp-content\/uploads\/2019\/07\/IMG_8228-500x393.jpg 500w, https:\/\/richarms.com\/wp-content\/uploads\/2019\/07\/IMG_8228-600x472.jpg 600w, https:\/\/richarms.com\/wp-content\/uploads\/2019\/07\/IMG_8228-700x551.jpg 700w, https:\/\/richarms.com\/wp-content\/uploads\/2019\/07\/IMG_8228.jpg 750w\" data-sizes=\"auto\" data-orig-sizes=\"(max-width: 750px) 100vw, 750px\" \/> <img decoding=\"async\" class=\"lazyload alignnone size-full wp-image-6365\" src=\"https:\/\/richarms.com\/wp-content\/uploads\/2019\/07\/IMG_8219.jpg\" data-orig-src=\"https:\/\/richarms.com\/wp-content\/uploads\/2019\/07\/IMG_8219.jpg\" alt=\"\" width=\"750\" height=\"764\" srcset=\"data:image\/svg+xml,%3Csvg%20xmlns%3D%27http%3A%2F%2Fwww.w3.org%2F2000%2Fsvg%27%20width%3D%27750%27%20height%3D%27764%27%20viewBox%3D%270%200%20750%20764%27%3E%3Crect%20width%3D%27750%27%20height%3D%27764%27%20fill-opacity%3D%220%22%2F%3E%3C%2Fsvg%3E\" data-srcset=\"https:\/\/richarms.com\/wp-content\/uploads\/2019\/07\/IMG_8219-66x66.jpg 66w, https:\/\/richarms.com\/wp-content\/uploads\/2019\/07\/IMG_8219-200x204.jpg 200w, https:\/\/richarms.com\/wp-content\/uploads\/2019\/07\/IMG_8219-295x300.jpg 295w, https:\/\/richarms.com\/wp-content\/uploads\/2019\/07\/IMG_8219-400x407.jpg 400w, https:\/\/richarms.com\/wp-content\/uploads\/2019\/07\/IMG_8219-500x509.jpg 500w, https:\/\/richarms.com\/wp-content\/uploads\/2019\/07\/IMG_8219-600x611.jpg 600w, https:\/\/richarms.com\/wp-content\/uploads\/2019\/07\/IMG_8219-700x713.jpg 700w, https:\/\/richarms.com\/wp-content\/uploads\/2019\/07\/IMG_8219.jpg 750w\" data-sizes=\"auto\" data-orig-sizes=\"(max-width: 750px) 100vw, 750px\" \/> <img decoding=\"async\" class=\"lazyload alignnone size-full wp-image-6367\" src=\"https:\/\/richarms.com\/wp-content\/uploads\/2019\/07\/IMG_8220.jpg\" data-orig-src=\"https:\/\/richarms.com\/wp-content\/uploads\/2019\/07\/IMG_8220.jpg\" alt=\"\" width=\"750\" height=\"600\" srcset=\"data:image\/svg+xml,%3Csvg%20xmlns%3D%27http%3A%2F%2Fwww.w3.org%2F2000%2Fsvg%27%20width%3D%27750%27%20height%3D%27600%27%20viewBox%3D%270%200%20750%20600%27%3E%3Crect%20width%3D%27750%27%20height%3D%27600%27%20fill-opacity%3D%220%22%2F%3E%3C%2Fsvg%3E\" data-srcset=\"https:\/\/richarms.com\/wp-content\/uploads\/2019\/07\/IMG_8220-177x142.jpg 177w, https:\/\/richarms.com\/wp-content\/uploads\/2019\/07\/IMG_8220-200x160.jpg 200w, https:\/\/richarms.com\/wp-content\/uploads\/2019\/07\/IMG_8220-300x240.jpg 300w, https:\/\/richarms.com\/wp-content\/uploads\/2019\/07\/IMG_8220-400x320.jpg 400w, https:\/\/richarms.com\/wp-content\/uploads\/2019\/07\/IMG_8220-500x400.jpg 500w, https:\/\/richarms.com\/wp-content\/uploads\/2019\/07\/IMG_8220-600x480.jpg 600w, https:\/\/richarms.com\/wp-content\/uploads\/2019\/07\/IMG_8220-700x560.jpg 700w, https:\/\/richarms.com\/wp-content\/uploads\/2019\/07\/IMG_8220.jpg 750w\" data-sizes=\"auto\" data-orig-sizes=\"(max-width: 750px) 100vw, 750px\" \/><\/p>\n<p><img decoding=\"async\" class=\"lazyload alignnone size-full wp-image-6358\" src=\"https:\/\/richarms.com\/wp-content\/uploads\/2019\/07\/IMG_8233.jpg\" data-orig-src=\"https:\/\/richarms.com\/wp-content\/uploads\/2019\/07\/IMG_8233.jpg\" alt=\"\" width=\"750\" height=\"678\" srcset=\"data:image\/svg+xml,%3Csvg%20xmlns%3D%27http%3A%2F%2Fwww.w3.org%2F2000%2Fsvg%27%20width%3D%27750%27%20height%3D%27678%27%20viewBox%3D%270%200%20750%20678%27%3E%3Crect%20width%3D%27750%27%20height%3D%27678%27%20fill-opacity%3D%220%22%2F%3E%3C%2Fsvg%3E\" data-srcset=\"https:\/\/richarms.com\/wp-content\/uploads\/2019\/07\/IMG_8233-200x181.jpg 200w, https:\/\/richarms.com\/wp-content\/uploads\/2019\/07\/IMG_8233-300x271.jpg 300w, https:\/\/richarms.com\/wp-content\/uploads\/2019\/07\/IMG_8233-400x362.jpg 400w, https:\/\/richarms.com\/wp-content\/uploads\/2019\/07\/IMG_8233-500x452.jpg 500w, https:\/\/richarms.com\/wp-content\/uploads\/2019\/07\/IMG_8233-600x542.jpg 600w, https:\/\/richarms.com\/wp-content\/uploads\/2019\/07\/IMG_8233-700x633.jpg 700w, https:\/\/richarms.com\/wp-content\/uploads\/2019\/07\/IMG_8233.jpg 750w\" data-sizes=\"auto\" data-orig-sizes=\"(max-width: 750px) 100vw, 750px\" \/><\/p>\n<p>We hold over 20 color option of alloy card holder, so that everyone can pick up the fantastic design.<\/p>\n<p><img decoding=\"async\" class=\"lazyload alignnone size-full wp-image-6368\" src=\"https:\/\/richarms.com\/wp-content\/uploads\/2019\/07\/IMG_8223.jpg\" data-orig-src=\"https:\/\/richarms.com\/wp-content\/uploads\/2019\/07\/IMG_8223.jpg\" alt=\"\" width=\"750\" height=\"630\" srcset=\"data:image\/svg+xml,%3Csvg%20xmlns%3D%27http%3A%2F%2Fwww.w3.org%2F2000%2Fsvg%27%20width%3D%27750%27%20height%3D%27630%27%20viewBox%3D%270%200%20750%20630%27%3E%3Crect%20width%3D%27750%27%20height%3D%27630%27%20fill-opacity%3D%220%22%2F%3E%3C%2Fsvg%3E\" data-srcset=\"https:\/\/richarms.com\/wp-content\/uploads\/2019\/07\/IMG_8223-200x168.jpg 200w, https:\/\/richarms.com\/wp-content\/uploads\/2019\/07\/IMG_8223-300x252.jpg 300w, https:\/\/richarms.com\/wp-content\/uploads\/2019\/07\/IMG_8223-400x336.jpg 400w, https:\/\/richarms.com\/wp-content\/uploads\/2019\/07\/IMG_8223-500x420.jpg 500w, https:\/\/richarms.com\/wp-content\/uploads\/2019\/07\/IMG_8223-600x504.jpg 600w, https:\/\/richarms.com\/wp-content\/uploads\/2019\/07\/IMG_8223-700x588.jpg 700w, https:\/\/richarms.com\/wp-content\/uploads\/2019\/07\/IMG_8223.jpg 750w\" data-sizes=\"auto\" data-orig-sizes=\"(max-width: 750px) 100vw, 750px\" \/><\/p>\n<p><img decoding=\"async\" class=\"lazyload alignnone size-full wp-image-6362\" src=\"https:\/\/richarms.com\/wp-content\/uploads\/2019\/07\/IMG_8217.jpg\" data-orig-src=\"https:\/\/richarms.com\/wp-content\/uploads\/2019\/07\/IMG_8217.jpg\" alt=\"\" width=\"750\" height=\"522\" srcset=\"data:image\/svg+xml,%3Csvg%20xmlns%3D%27http%3A%2F%2Fwww.w3.org%2F2000%2Fsvg%27%20width%3D%27750%27%20height%3D%27522%27%20viewBox%3D%270%200%20750%20522%27%3E%3Crect%20width%3D%27750%27%20height%3D%27522%27%20fill-opacity%3D%220%22%2F%3E%3C%2Fsvg%3E\" data-srcset=\"https:\/\/richarms.com\/wp-content\/uploads\/2019\/07\/IMG_8217-200x139.jpg 200w, https:\/\/richarms.com\/wp-content\/uploads\/2019\/07\/IMG_8217-300x209.jpg 300w, https:\/\/richarms.com\/wp-content\/uploads\/2019\/07\/IMG_8217-400x278.jpg 400w, https:\/\/richarms.com\/wp-content\/uploads\/2019\/07\/IMG_8217-500x348.jpg 500w, https:\/\/richarms.com\/wp-content\/uploads\/2019\/07\/IMG_8217-600x418.jpg 600w, https:\/\/richarms.com\/wp-content\/uploads\/2019\/07\/IMG_8217-700x487.jpg 700w, https:\/\/richarms.com\/wp-content\/uploads\/2019\/07\/IMG_8217.jpg 750w\" data-sizes=\"auto\" data-orig-sizes=\"(max-width: 750px) 100vw, 750px\" \/><\/p>\n<p><img decoding=\"async\" class=\"lazyload alignnone size-full wp-image-6372\" src=\"https:\/\/richarms.com\/wp-content\/uploads\/2019\/07\/IMG_8221.jpg\" data-orig-src=\"https:\/\/richarms.com\/wp-content\/uploads\/2019\/07\/IMG_8221.jpg\" alt=\"\" width=\"750\" height=\"534\" srcset=\"data:image\/svg+xml,%3Csvg%20xmlns%3D%27http%3A%2F%2Fwww.w3.org%2F2000%2Fsvg%27%20width%3D%27750%27%20height%3D%27534%27%20viewBox%3D%270%200%20750%20534%27%3E%3Crect%20width%3D%27750%27%20height%3D%27534%27%20fill-opacity%3D%220%22%2F%3E%3C%2Fsvg%3E\" data-srcset=\"https:\/\/richarms.com\/wp-content\/uploads\/2019\/07\/IMG_8221-200x142.jpg 200w, https:\/\/richarms.com\/wp-content\/uploads\/2019\/07\/IMG_8221-300x214.jpg 300w, https:\/\/richarms.com\/wp-content\/uploads\/2019\/07\/IMG_8221-400x285.jpg 400w, https:\/\/richarms.com\/wp-content\/uploads\/2019\/07\/IMG_8221-500x356.jpg 500w, https:\/\/richarms.com\/wp-content\/uploads\/2019\/07\/IMG_8221-600x427.jpg 600w, https:\/\/richarms.com\/wp-content\/uploads\/2019\/07\/IMG_8221-700x498.jpg 700w, https:\/\/richarms.com\/wp-content\/uploads\/2019\/07\/IMG_8221.jpg 750w\" data-sizes=\"auto\" data-orig-sizes=\"(max-width: 750px) 100vw, 750px\" \/><\/p>\n<p>Outro design de carteira de metal <a href=\"https:\/\/richarms.com\/pt\/categoria-produto\/metal-wallet-card-holder\/\">compre aqui<\/a>, Small order pls <a href=\"https:\/\/www.richarmshardware.com\/collections\/metal-wallet-card-holder\">compre aqui<\/a><\/p>","protected":false},"excerpt":{"rendered":"<p><strong>Material:<\/strong> Aluminum Alloy<br \/>\n<strong>Uso:<\/strong> Brinde promocional, porta-cart\u00f5es<br \/>\n<strong>Tamanho:<\/strong> 54x86x8mm<\/p>\n<h4><strong>A carteira de metal substituir\u00e1 a carteira tradicional:<\/strong><\/h4>\n<div><strong>- Tamanho pequeno:<\/strong> F\u00e1cil de colocar no bolso ou em uma mini bolsa popular<\/div>\n<div><strong>- Dur\u00e1vel:<\/strong> O metal \u00e9 resistente e duro, bom o suficiente para resistir a um objeto pontiagudo, como uma chave guardada em sua bolsa ou bolso.<\/div>\n<div><strong>- Bloco RFID:<\/strong> credit card is same keep in the al alloy wallet for al alloy is RFID blocking<\/div>\n<div><strong>- POD dispon\u00edvel:<\/strong> Voc\u00ea pode colocar o seu logotipo para a marca ou o nome do cliente na carteira para presente, facilmente por laser ou serigrafia<\/div>\n<div><strong>- Inovador:<\/strong> Voc\u00ea pode pintar ou borrifar facilmente na parte met\u00e1lica<\/div>","protected":false},"featured_media":6353,"template":"","meta":[],"product_brand":[],"product_cat":[67],"product_tag":[],"class_list":{"0":"post-6080","1":"product","2":"type-product","3":"status-publish","4":"has-post-thumbnail","6":"product_cat-metal-wallet-card-holder","8":"first","9":"instock","10":"shipping-taxable","11":"product-type-simple"},"aioseo_notices":[],"_links":{"self":[{"href":"https:\/\/richarms.com\/pt\/wp-json\/wp\/v2\/product\/6080","targetHints":{"allow":["GET"]}}],"collection":[{"href":"https:\/\/richarms.com\/pt\/wp-json\/wp\/v2\/product"}],"about":[{"href":"https:\/\/richarms.com\/pt\/wp-json\/wp\/v2\/types\/product"}],"wp:featuredmedia":[{"embeddable":true,"href":"https:\/\/richarms.com\/pt\/wp-json\/wp\/v2\/media\/6353"}],"wp:attachment":[{"href":"https:\/\/richarms.com\/pt\/wp-json\/wp\/v2\/media?parent=6080"}],"wp:term":[{"taxonomy":"product_brand","embeddable":true,"href":"https:\/\/richarms.com\/pt\/wp-json\/wp\/v2\/product_brand?post=6080"},{"taxonomy":"product_cat","embeddable":true,"href":"https:\/\/richarms.com\/pt\/wp-json\/wp\/v2\/product_cat?post=6080"},{"taxonomy":"product_tag","embeddable":true,"href":"https:\/\/richarms.com\/pt\/wp-json\/wp\/v2\/product_tag?post=6080"}],"curies":[{"name":"wp","href":"https:\/\/api.w.org\/{rel}","templated":true}]}}