{"id":6098,"date":"2021-07-06T19:08:31","date_gmt":"2021-07-06T11:08:31","guid":{"rendered":"https:\/\/richarms.com\/?post_type=product&#038;p=6098"},"modified":"2026-01-09T10:44:32","modified_gmt":"2026-01-09T02:44:32","slug":"magnetic-bra-closure","status":"publish","type":"product","link":"https:\/\/richarms.com\/pt\/product\/magnetic-bra-closure","title":{"rendered":"Fecho magn\u00e9tico do suti\u00e3"},"content":{"rendered":"<h1 data-pm-slice=\"1 1 []\">Fecho magn\u00e9tico para suti\u00e3 Fecho frontal| Op\u00e7\u00f5es personalizadas e no atacado - Richarms<\/h1>\n<h2 data-pm-slice=\"1 1 []\">Fecho de suti\u00e3 magn\u00e9tico - Solu\u00e7\u00f5es de lingerie pr\u00e1ticas e elegantes<\/h2>\n<p>A Richarms oferece fechos magn\u00e9ticos premium para suti\u00e3s, projetados especificamente para fabricantes de lingerie contempor\u00e2neos. Combinando funcionalidade com um acabamento elegante, esses fechos magn\u00e9ticos frontais garantem fechamentos seguros, confort\u00e1veis e sem esfor\u00e7o para v\u00e1rios estilos de suti\u00e3.<\/p>\n<table style=\"border-collapse: collapse; width: 878px; height: 456px;\" border=\"0\" width=\"96\" cellspacing=\"0\" cellpadding=\"0\">\n<tbody>\n<tr style=\"height: 16.80pt;\">\n<td style=\"height: 16.80pt; width: 48.00pt;\" width=\"48\" height=\"16\">\n<p><div id=\"attachment_8247\" style=\"width: 319px\" class=\"wp-caption alignnone\"><img decoding=\"async\" aria-describedby=\"caption-attachment-8247\" class=\"lazyload wp-image-8247\" src=\"https:\/\/richarms.com\/wp-content\/uploads\/2021\/07\/42171743215415_.pic_-768x1024.jpg\" data-orig-src=\"https:\/\/richarms.com\/wp-content\/uploads\/2021\/07\/42171743215415_.pic_-768x1024.jpg\" alt=\"Elegant lace bras in black and red with magnetic front closures.\" width=\"309\" height=\"412\" srcset=\"data:image\/svg+xml,%3Csvg%20xmlns%3D%27http%3A%2F%2Fwww.w3.org%2F2000%2Fsvg%27%20width%3D%27309%27%20height%3D%27412%27%20viewBox%3D%270%200%20309%20412%27%3E%3Crect%20width%3D%27309%27%20height%3D%27412%27%20fill-opacity%3D%220%22%2F%3E%3C%2Fsvg%3E\" data-srcset=\"https:\/\/richarms.com\/wp-content\/uploads\/2021\/07\/42171743215415_.pic_-200x267.jpg 200w, https:\/\/richarms.com\/wp-content\/uploads\/2021\/07\/42171743215415_.pic_-225x300.jpg 225w, https:\/\/richarms.com\/wp-content\/uploads\/2021\/07\/42171743215415_.pic_-400x534.jpg 400w, https:\/\/richarms.com\/wp-content\/uploads\/2021\/07\/42171743215415_.pic_-500x667.jpg 500w, https:\/\/richarms.com\/wp-content\/uploads\/2021\/07\/42171743215415_.pic_-600x800.jpg 600w, https:\/\/richarms.com\/wp-content\/uploads\/2021\/07\/42171743215415_.pic_-700x934.jpg 700w, https:\/\/richarms.com\/wp-content\/uploads\/2021\/07\/42171743215415_.pic_-768x1025.jpg 768w, https:\/\/richarms.com\/wp-content\/uploads\/2021\/07\/42171743215415_.pic_-800x1067.jpg 800w, https:\/\/richarms.com\/wp-content\/uploads\/2021\/07\/42171743215415_.pic_.jpg 958w\" data-sizes=\"auto\" data-orig-sizes=\"(max-width: 309px) 100vw, 309px\" \/><p id=\"caption-attachment-8247\" class=\"wp-caption-text\">Suti\u00e3s de renda chiques aprimorados com fechos magn\u00e9ticos frontais seguros e discretos.<\/p><\/div><\/td>\n<td style=\"width: 48.00pt;\" width=\"48\">\n<p><div id=\"attachment_8248\" style=\"width: 322px\" class=\"wp-caption alignnone\"><img decoding=\"async\" aria-describedby=\"caption-attachment-8248\" class=\"lazyload wp-image-8248\" src=\"https:\/\/richarms.com\/wp-content\/uploads\/2021\/07\/4216174321541-768x1024.jpg\" data-orig-src=\"https:\/\/richarms.com\/wp-content\/uploads\/2021\/07\/4216174321541-768x1024.jpg\" alt=\"Magnetic front closure on minimalist seamless bra in pastel colors.\" width=\"312\" height=\"416\" srcset=\"data:image\/svg+xml,%3Csvg%20xmlns%3D%27http%3A%2F%2Fwww.w3.org%2F2000%2Fsvg%27%20width%3D%27312%27%20height%3D%27416%27%20viewBox%3D%270%200%20312%20416%27%3E%3Crect%20width%3D%27312%27%20height%3D%27416%27%20fill-opacity%3D%220%22%2F%3E%3C%2Fsvg%3E\" data-srcset=\"https:\/\/richarms.com\/wp-content\/uploads\/2021\/07\/4216174321541-200x267.jpg 200w, https:\/\/richarms.com\/wp-content\/uploads\/2021\/07\/4216174321541-225x300.jpg 225w, https:\/\/richarms.com\/wp-content\/uploads\/2021\/07\/4216174321541-400x533.jpg 400w, https:\/\/richarms.com\/wp-content\/uploads\/2021\/07\/4216174321541-500x667.jpg 500w, https:\/\/richarms.com\/wp-content\/uploads\/2021\/07\/4216174321541-600x800.jpg 600w, https:\/\/richarms.com\/wp-content\/uploads\/2021\/07\/4216174321541-700x933.jpg 700w, https:\/\/richarms.com\/wp-content\/uploads\/2021\/07\/4216174321541-768x1024.jpg 768w, https:\/\/richarms.com\/wp-content\/uploads\/2021\/07\/4216174321541-800x1067.jpg 800w, https:\/\/richarms.com\/wp-content\/uploads\/2021\/07\/4216174321541-1152x1536.jpg 1152w, https:\/\/richarms.com\/wp-content\/uploads\/2021\/07\/4216174321541-1200x1600.jpg 1200w, https:\/\/richarms.com\/wp-content\/uploads\/2021\/07\/4216174321541.jpg 1278w\" data-sizes=\"auto\" data-orig-sizes=\"(max-width: 312px) 100vw, 312px\" \/><p id=\"caption-attachment-8248\" class=\"wp-caption-text\">Suti\u00e3s elegantes sem costura, com pr\u00e1ticos fechos magn\u00e9ticos frontais para facilitar o uso.<\/p><\/div><\/td>\n<\/tr>\n<\/tbody>\n<\/table>\n<div class=\"mceTemp\"><\/div>\n<h2 data-pm-slice=\"1 3 []\">Informa\u00e7\u00f5es e especifica\u00e7\u00f5es do produto<\/h2>\n<p>Nossos fechos magn\u00e9ticos para suti\u00e3s utilizam materiais de alta qualidade e magnetismo de precis\u00e3o, oferecendo conforto e fixa\u00e7\u00e3o confi\u00e1vel.<\/p>\n<div class=\"video-shortcode\"><iframe title=\"Magnetic Front Closure for Bras | Custom Shapes, Finishing &amp; Branding Options\" width=\"563\" height=\"1000\" src=\"https:\/\/www.youtube.com\/embed\/T0xD0pLF3QA?feature=oembed\" frameborder=\"0\" allow=\"accelerometer; autoplay; clipboard-write; encrypted-media; gyroscope; picture-in-picture; web-share\" referrerpolicy=\"strict-origin-when-cross-origin\" allowfullscreen><\/iframe><\/div>\n<ul>\n<li><strong>Material:<\/strong> Metal hipoalerg\u00eanico e dur\u00e1vel (liga de zinco ou a\u00e7o inoxid\u00e1vel)<\/li>\n<li><strong>Tamanhos dispon\u00edveis:<\/strong>\u00a0<strong data-start=\"2208\" data-end=\"2228\">\u00a08 mm, 10 mm, 15 mm, 20 mm<\/strong><br \/>\n<table style=\"border-collapse: collapse; width: 814px; height: 2271px;\" border=\"0\" width=\"266\" cellspacing=\"0\" cellpadding=\"0\">\n<tbody>\n<tr style=\"height: 16.80pt;\">\n<td class=\"et3\" style=\"height: 16.80pt; width: 74.10pt;\" width=\"74\" height=\"16\">Tamanho interno<\/p>\n<p>\/mm<\/td>\n<td class=\"et3\" style=\"width: 92.50pt;\" width=\"92\">Tamanho externo<\/p>\n<p>\/mm<\/td>\n<td class=\"et3\" style=\"width: 99.95pt;\" width=\"99\">Dimens\u00e3o<\/p>\n<p>Imagem<\/td>\n<\/tr>\n<tr style=\"height: 16.80pt;\">\n<td class=\"et3\" style=\"height: 16.80pt;\" height=\"16\">8<\/td>\n<td class=\"et3\">17&#215;11<\/td>\n<td class=\"et3\">\n<p><div style=\"width: 370px\" class=\"wp-caption alignnone\"><img class=\"lazyload\" decoding=\"async\" title=\"Fecho de suti\u00e3 magn\u00e9tico quadrado de 8 mm com dimens\u00f5es\" src=\"data:image\/svg+xml,%3Csvg%20xmlns%3D%27http%3A%2F%2Fwww.w3.org%2F2000%2Fsvg%27%20width%3D%27360%27%20height%3D%27480%27%20viewBox%3D%270%200%20360%20480%27%3E%3Crect%20width%3D%27360%27%20height%3D%27480%27%20fill-opacity%3D%220%22%2F%3E%3C%2Fsvg%3E\" data-orig-src=\"https:\/\/cdn.shopify.com\/s\/files\/1\/0600\/9123\/6523\/files\/QQ_20231109142616_480x480.jpg?v=1699513480\" alt=\"Square 8mm magnetic bra closure with dimensions\" width=\"360\" height=\"480\" \/><p class=\"wp-caption-text\">Fecho de suti\u00e3 magn\u00e9tico quadrado de 8 mm exibido com suas dimens\u00f5es.<\/p><\/div><\/td>\n<\/tr>\n<tr style=\"height: 16.80pt;\">\n<td class=\"et3\" style=\"height: 16.80pt;\" height=\"16\">10<\/td>\n<td class=\"et3\">19&#215;14<\/td>\n<td class=\"et3\">\n<p><div style=\"width: 370px\" class=\"wp-caption alignnone\"><img class=\"lazyload\" decoding=\"async\" title=\"Fecho de suti\u00e3 magn\u00e9tico quadrado de 10 mm com dimens\u00f5es\" src=\"data:image\/svg+xml,%3Csvg%20xmlns%3D%27http%3A%2F%2Fwww.w3.org%2F2000%2Fsvg%27%20width%3D%27360%27%20height%3D%27480%27%20viewBox%3D%270%200%20360%20480%27%3E%3Crect%20width%3D%27360%27%20height%3D%27480%27%20fill-opacity%3D%220%22%2F%3E%3C%2Fsvg%3E\" data-orig-src=\"https:\/\/cdn.shopify.com\/s\/files\/1\/0600\/9123\/6523\/files\/QQ_20231109142559_480x480.jpg?v=1699513396\" alt=\"Square 10mm magnetic bra closure with dimensions\" width=\"360\" height=\"480\" \/><p class=\"wp-caption-text\">Fecho de suti\u00e3 magn\u00e9tico quadrado de 10 mm mostrado com detalhes de tamanho para facilitar a sele\u00e7\u00e3o<\/p><\/div><\/td>\n<\/tr>\n<tr style=\"height: 16.80pt;\">\n<td class=\"et3\" style=\"height: 16.80pt;\" height=\"16\">15<\/td>\n<td class=\"et3\">19&#215;20<\/td>\n<td class=\"et3\">\n<p><div style=\"width: 370px\" class=\"wp-caption alignnone\"><img class=\"lazyload\" decoding=\"async\" title=\"Fecho de suti\u00e3 magn\u00e9tico quadrado de 15 mm com dimens\u00f5es\" src=\"data:image\/svg+xml,%3Csvg%20xmlns%3D%27http%3A%2F%2Fwww.w3.org%2F2000%2Fsvg%27%20width%3D%27360%27%20height%3D%27480%27%20viewBox%3D%270%200%20360%20480%27%3E%3Crect%20width%3D%27360%27%20height%3D%27480%27%20fill-opacity%3D%220%22%2F%3E%3C%2Fsvg%3E\" data-orig-src=\"https:\/\/cdn.shopify.com\/s\/files\/1\/0600\/9123\/6523\/files\/15mm_Bra_480x480.jpg?v=1691550034\" alt=\"15mm square magnetic bra closure with dimensions\" width=\"360\" height=\"480\" data-sanitized-data-mce-fragment=\"1\" data-sanitized-data-mce-src=\"https:\/\/cdn.shopify.com\/s\/files\/1\/0600\/9123\/6523\/files\/15mm_Bra_480x480.jpg?v=1691550034\" \/><p class=\"wp-caption-text\">Fecho de suti\u00e3 magn\u00e9tico quadrado de 15 mm mostrado com suas dimens\u00f5es e design robusto.<\/p><\/div><\/td>\n<\/tr>\n<tr style=\"height: 16.80pt;\">\n<td class=\"et3\" style=\"height: 16.80pt;\" height=\"16\">20<\/td>\n<td class=\"et3\">23&#215;23<\/td>\n<td class=\"et3\">\n<p><div style=\"width: 370px\" class=\"wp-caption alignnone\"><img class=\"lazyload\" decoding=\"async\" title=\"Fecho de suti\u00e3 magn\u00e9tico quadrado de 20 mm com dimens\u00f5es\" src=\"data:image\/svg+xml,%3Csvg%20xmlns%3D%27http%3A%2F%2Fwww.w3.org%2F2000%2Fsvg%27%20width%3D%27360%27%20height%3D%27480%27%20viewBox%3D%270%200%20360%20480%27%3E%3Crect%20width%3D%27360%27%20height%3D%27480%27%20fill-opacity%3D%220%22%2F%3E%3C%2Fsvg%3E\" data-orig-src=\"https:\/\/cdn.shopify.com\/s\/files\/1\/0600\/9123\/6523\/files\/20mm_Bra_4_480x480.jpg?v=1691550013\" alt=\"Square 20mm magnetic bra closure with dimensions\" width=\"360\" height=\"480\" \/><p class=\"wp-caption-text\">Fecho de suti\u00e3 magn\u00e9tico quadrado de 20 mm mostrado com detalhes de tamanho para facilitar a sele\u00e7\u00e3o.\"<\/p><\/div><\/td>\n<\/tr>\n<\/tbody>\n<\/table>\n<\/li>\n<li><strong>Outra forma:<\/strong> <a href=\"https:\/\/richarms.com\/pt\/produto\/round-magnetic-bra-closure\/\">Redondo<\/a><\/li>\n<li><strong>For\u00e7a magn\u00e9tica:<\/strong> Otimizado para fixa\u00e7\u00e3o segura e f\u00e1cil libera\u00e7\u00e3o<\/li>\n<li><strong>Acabamentos:<\/strong> V\u00e1rias cores, como ouro, prata, ouro rosa, bronze, preto fosco e op\u00e7\u00f5es personalizadas<\/li>\n<li data-start=\"2252\" data-end=\"2344\"><strong data-start=\"2254\" data-end=\"2280\">Op\u00e7\u00f5es de personaliza\u00e7\u00e3o:<\/strong> Adicionar um <strong data-start=\"2287\" data-end=\"2302\">logotipo personalizado<\/strong> ou grava\u00e7\u00e3o para um acabamento personalizado.\n<p><div style=\"width: 370px\" class=\"wp-caption alignnone\"><img class=\"lazyload\" decoding=\"async\" title=\"Op\u00e7\u00f5es de personaliza\u00e7\u00e3o do logotipo para fechos magn\u00e9ticos de suti\u00e3s\" src=\"data:image\/svg+xml,%3Csvg%20xmlns%3D%27http%3A%2F%2Fwww.w3.org%2F2000%2Fsvg%27%20width%3D%27360%27%20height%3D%27480%27%20viewBox%3D%270%200%20360%20480%27%3E%3Crect%20width%3D%27360%27%20height%3D%27480%27%20fill-opacity%3D%220%22%2F%3E%3C%2Fsvg%3E\" data-orig-src=\"https:\/\/cdn.shopify.com\/s\/files\/1\/0600\/9123\/6523\/files\/bralogo_480x480.jpg?v=1691551292\" alt=\"Logo engraving options for magnetic bra closures\" width=\"360\" height=\"480\" \/><p class=\"wp-caption-text\">Op\u00e7\u00f5es de grava\u00e7\u00e3o de logotipo personalizado dispon\u00edveis para fechos magn\u00e9ticos de suti\u00e3s, incluindo m\u00e9todos de grava\u00e7\u00e3o e laser.<\/p><\/div><\/li>\n<li data-start=\"2345\" data-end=\"2446\"><strong data-start=\"2347\" data-end=\"2358\">Cores:<\/strong> Escolha entre uma variedade de cores, incluindo <strong data-start=\"2399\" data-end=\"2407\">ouro, ouro rosa<\/strong>, <strong data-start=\"2409\" data-end=\"2419\">prata<\/strong>, <strong data-start=\"2421\" data-end=\"2433\">bronze<\/strong>e muito mais.<\/li>\n<li data-start=\"2345\" data-end=\"2446\"><strong>Embalagem:<\/strong> 100 conjuntos\/caixa, 2000 conjuntos\/caixa<\/li>\n<\/ul>\n<h2 data-pm-slice=\"1 1 []\">Aplica\u00e7\u00f5es vers\u00e1teis<\/h2>\n<p>Os fechos magn\u00e9ticos para suti\u00e3s da Richarms s\u00e3o ideais para:<\/p>\n<ul>\n<li>Suti\u00e3s com fecho frontal<\/li>\n<li>Suti\u00e3s para amamenta\u00e7\u00e3o de f\u00e1cil acesso<\/li>\n<li>Suti\u00e3s esportivos que proporcionam fixa\u00e7\u00e3o segura<\/li>\n<li>Suti\u00e3s p\u00f3s-cir\u00fargicos para maior conforto<\/li>\n<li>Lingerie da moda que requer fechos discretos e elegantes<\/li>\n<li>fechamento lateral da roupa \u00edntima<\/li>\n<\/ul>\n<h2 data-pm-slice=\"1 1 []\">Personalize os fechos de seu suti\u00e3<\/h2>\n<p>A Richarms oferece amplas possibilidades de personaliza\u00e7\u00e3o para atender \u00e0 vis\u00e3o de sua marca:<\/p>\n<ul>\n<li><strong>Personaliza\u00e7\u00e3o do logotipo:<\/strong> Grava\u00e7\u00e3o a laser ou logotipos em relevo para uma marca diferenciada<\/li>\n<li><strong>Personaliza\u00e7\u00e3o de cores:<\/strong> Ampla gama de cores de galvanoplastia para combinar com seus projetos<\/li>\n<li><strong>Embalagem:<\/strong> Op\u00e7\u00f5es de embalagem sob medida para apresenta\u00e7\u00e3o pronta para o varejo<\/li>\n<\/ul>\n<h2 data-pm-slice=\"1 3 []\">Por que escolher a Richarms?<\/h2>\n<p>A Richarms \u00e9 especializada em solu\u00e7\u00f5es de hardware magn\u00e9tico para moda e acess\u00f3rios, garantindo:<\/p>\n<ul>\n<li><strong>Pre\u00e7o de atacado direto da f\u00e1brica:<\/strong> Pre\u00e7os competitivos adaptados para pedidos em massa<\/li>\n<li><strong>Experi\u00eancia profissional:<\/strong> Suporte e orienta\u00e7\u00e3o dedicados de especialistas do setor<\/li>\n<li><strong>Garantia de qualidade:<\/strong> Testes rigorosos que garantem confiabilidade e seguran\u00e7a<\/li>\n<li><strong>Personaliza\u00e7\u00e3o e flexibilidade:<\/strong> Produtos totalmente personalizados para atender \u00e0s suas necessidades exclusivas<\/li>\n<\/ul>\n<h2 data-pm-slice=\"1 1 []\">Guia de instala\u00e7\u00e3o<\/h2>\n<p>Nossos fechos magn\u00e9ticos para suti\u00e3s se integram facilmente ao seu processo de fabrica\u00e7\u00e3o:<\/p>\n<ul>\n<li><strong>F\u00e1cil fixa\u00e7\u00e3o:<\/strong> Basta costurar no lugar ou usar m\u00e9todos de costura adequados.<\/li>\n<li><strong>F\u00e1cil de fazer:<\/strong> Ideal para projetistas de pequena escala ou para produ\u00e7\u00e3o em s\u00e9rie<\/li>\n<li><strong>Produ\u00e7\u00e3o em massa:<\/strong> Compat\u00edvel com equipamentos de costura industrial<\/li>\n<\/ul>\n<h2 data-pm-slice=\"1 1 []\">Entre em contato conosco hoje mesmo!<\/h2>\n<p>Pronto para atualizar sua linha de lingerie com os fechos magn\u00e9ticos para suti\u00e3s da Richarms?<\/p>\n<ul>\n<li><a>Entre em contato com nossos especialistas<\/a> hoje mesmo para receber cota\u00e7\u00f5es personalizadas e assist\u00eancia no projeto.<\/li>\n<li>Para fazer pedidos imediatos, visite nosso conveniente <a href=\"https:\/\/www.richarmshardware.com\/products\/15mm-block-bra-magnetic-button\">Loja da Shopify<\/a>.<\/li>\n<li>Aprimore seus designs de lingerie com nossos fechos magn\u00e9ticos para suti\u00e3s elegantes e seguros - suas clientes apreciar\u00e3o a conveni\u00eancia e o toque premium.<\/li>\n<\/ul>","protected":false},"excerpt":{"rendered":"<p>Item: Fecho magn\u00e9tico para suti\u00e3<br \/>\nMaterial: A\u00e7o inoxid\u00e1vel<br \/>\nLogotipo: Pode ser personalizado<br \/>\nTamanho: 8 mm, 10 mm, 15 mm, 20 mm<br \/>\nCor: ouro\/prata\/ouro rosa\/cor de pistola ou outra<br \/>\nEmbalagem: caixa e caixa de papel\u00e3o<br \/>\nEnvio: LCL\/ DHL \/ FedEx \/ TNT \/ Outros<\/p>","protected":false},"featured_media":6167,"template":"","meta":[],"product_brand":[],"product_cat":[76],"product_tag":[],"class_list":{"0":"post-6098","1":"product","2":"type-product","3":"status-publish","4":"has-post-thumbnail","6":"product_cat-bra-magnetic-closures","8":"first","9":"instock","10":"shipping-taxable","11":"product-type-simple"},"aioseo_notices":[],"_links":{"self":[{"href":"https:\/\/richarms.com\/pt\/wp-json\/wp\/v2\/product\/6098","targetHints":{"allow":["GET"]}}],"collection":[{"href":"https:\/\/richarms.com\/pt\/wp-json\/wp\/v2\/product"}],"about":[{"href":"https:\/\/richarms.com\/pt\/wp-json\/wp\/v2\/types\/product"}],"wp:featuredmedia":[{"embeddable":true,"href":"https:\/\/richarms.com\/pt\/wp-json\/wp\/v2\/media\/6167"}],"wp:attachment":[{"href":"https:\/\/richarms.com\/pt\/wp-json\/wp\/v2\/media?parent=6098"}],"wp:term":[{"taxonomy":"product_brand","embeddable":true,"href":"https:\/\/richarms.com\/pt\/wp-json\/wp\/v2\/product_brand?post=6098"},{"taxonomy":"product_cat","embeddable":true,"href":"https:\/\/richarms.com\/pt\/wp-json\/wp\/v2\/product_cat?post=6098"},{"taxonomy":"product_tag","embeddable":true,"href":"https:\/\/richarms.com\/pt\/wp-json\/wp\/v2\/product_tag?post=6098"}],"curies":[{"name":"wp","href":"https:\/\/api.w.org\/{rel}","templated":true}]}}