{"id":6233,"date":"2021-07-11T07:27:39","date_gmt":"2021-07-10T23:27:39","guid":{"rendered":"https:\/\/richarms.com\/?post_type=product&#038;p=6233"},"modified":"2025-03-28T13:22:48","modified_gmt":"2025-03-28T05:22:48","slug":"square-magnetic-lock","status":"publish","type":"product","link":"https:\/\/richarms.com\/pt\/product\/square-magnetic-lock","title":{"rendered":"Trava magn\u00e9tica quadrada"},"content":{"rendered":"<h1>Trava magn\u00e9tica quadrada - Solu\u00e7\u00e3o vers\u00e1til de fechamento para bolsas e acess\u00f3rios<\/h1>\n<h2 class=\"\" data-start=\"437\" data-end=\"495\">Trava magn\u00e9tica quadrada premium para aplica\u00e7\u00f5es vers\u00e1teis<\/h2>\n<p class=\"\" data-start=\"497\" data-end=\"881\">Nosso fecho magn\u00e9tico quadrado combina funcionalidade com uma est\u00e9tica elegante, o que o torna a escolha ideal para fabricantes e entusiastas de bricolagem. Quer esteja produzindo bolsas de alta qualidade, capas de jornal em couro sofisticadas, embalagens de luxo ou acess\u00f3rios de uso geral, essa trava magn\u00e9tica oferece uma solu\u00e7\u00e3o de fechamento confi\u00e1vel que aprimora o apelo visual e a usabilidade do seu produto.<\/p>\n<h2 class=\"\" data-start=\"883\" data-end=\"930\">Especifica\u00e7\u00f5es do produto e f\u00e1cil instala\u00e7\u00e3o<\/h2>\n<p>Dispon\u00edvel em <strong data-start=\"945\" data-end=\"968\">Tamanhos de 17 mm e 21 mm<\/strong>Com as nossas travas magn\u00e9ticas quadradas, oferecemos flexibilidade para atender \u00e0s suas necessidades de design. O processo de instala\u00e7\u00e3o \u00e9 simples e conveniente, atendendo tanto a usu\u00e1rios de bricolagem quanto a fabricantes de grande porte:<\/p>\n<table style=\"height: 231px;\" width=\"928\">\n<tbody>\n<tr>\n<td style=\"font-weight: 400;\" width=\"51\">Snap feminino<\/td>\n<td style=\"font-weight: 400;\" width=\"51\">Snap feminino<\/td>\n<td style=\"font-weight: 400;\" width=\"51\">Snap feminino<\/td>\n<td style=\"font-weight: 400;\" width=\"51\">Encaixe macho<\/td>\n<td style=\"font-weight: 400;\" width=\"51\">Encaixe macho<\/td>\n<td style=\"font-weight: 400;\" width=\"51\">Pronga<\/td>\n<td style=\"font-weight: 400;\" rowspan=\"2\" width=\"211\">imagem<\/td>\n<td style=\"font-weight: 400;\" rowspan=\"2\" width=\"295\">Descri\u00e7\u00e3o<\/td>\n<\/tr>\n<tr>\n<td style=\"font-weight: 400;\" width=\"51\">TH<\/td>\n<td style=\"font-weight: 400;\" width=\"51\">Comprimento<\/td>\n<td style=\"font-weight: 400;\" width=\"51\">Largura<\/td>\n<td style=\"font-weight: 400;\" width=\"51\">Comprimento<\/td>\n<td style=\"font-weight: 400;\" width=\"51\">Largura<\/td>\n<td style=\"font-weight: 400;\" width=\"51\">Comprimento<\/td>\n<\/tr>\n<tr>\n<td style=\"font-weight: 400;\" width=\"51\">3.4<\/td>\n<td style=\"font-weight: 400;\" width=\"51\">21.2<\/td>\n<td style=\"font-weight: 400;\" width=\"51\">17.1<\/td>\n<td style=\"font-weight: 400;\" width=\"51\">21.2<\/td>\n<td style=\"font-weight: 400;\" width=\"51\">14.5<\/td>\n<td style=\"font-weight: 400;\" width=\"51\">11.6<\/td>\n<td style=\"font-weight: 400;\" width=\"211\"><img decoding=\"async\" class=\"lazyload alignnone size-medium wp-image-7516\" src=\"https:\/\/richarms.com\/wp-content\/uploads\/2021\/07\/richarms-square-magnetic-lock2-1-300x174.png\" data-orig-src=\"https:\/\/richarms.com\/wp-content\/uploads\/2021\/07\/richarms-square-magnetic-lock2-1-300x174.png\" alt=\"\" width=\"300\" height=\"174\" srcset=\"data:image\/svg+xml,%3Csvg%20xmlns%3D%27http%3A%2F%2Fwww.w3.org%2F2000%2Fsvg%27%20width%3D%27300%27%20height%3D%27174%27%20viewBox%3D%270%200%20300%20174%27%3E%3Crect%20width%3D%27300%27%20height%3D%27174%27%20fill-opacity%3D%220%22%2F%3E%3C%2Fsvg%3E\" data-srcset=\"https:\/\/richarms.com\/wp-content\/uploads\/2021\/07\/richarms-square-magnetic-lock2-1-200x116.png 200w, https:\/\/richarms.com\/wp-content\/uploads\/2021\/07\/richarms-square-magnetic-lock2-1-300x174.png 300w, https:\/\/richarms.com\/wp-content\/uploads\/2021\/07\/richarms-square-magnetic-lock2-1-400x232.png 400w, https:\/\/richarms.com\/wp-content\/uploads\/2021\/07\/richarms-square-magnetic-lock2-1-500x289.png 500w, https:\/\/richarms.com\/wp-content\/uploads\/2021\/07\/richarms-square-magnetic-lock2-1-600x347.png 600w, https:\/\/richarms.com\/wp-content\/uploads\/2021\/07\/richarms-square-magnetic-lock2-1-700x405.png 700w, https:\/\/richarms.com\/wp-content\/uploads\/2021\/07\/richarms-square-magnetic-lock2-1-768x445.png 768w, https:\/\/richarms.com\/wp-content\/uploads\/2021\/07\/richarms-square-magnetic-lock2-1-800x463.png 800w, https:\/\/richarms.com\/wp-content\/uploads\/2021\/07\/richarms-square-magnetic-lock2-1-1024x593.png 1024w, https:\/\/richarms.com\/wp-content\/uploads\/2021\/07\/richarms-square-magnetic-lock2-1-1200x695.png 1200w, https:\/\/richarms.com\/wp-content\/uploads\/2021\/07\/richarms-square-magnetic-lock2-1-1536x889.png 1536w\" data-sizes=\"auto\" data-orig-sizes=\"(max-width: 300px) 100vw, 300px\" \/><\/td>\n<td style=\"font-weight: 400;\" width=\"295\">Corpo fino com excelente<\/p>\n<p>poder de reten\u00e7\u00e3o.<\/td>\n<\/tr>\n<tr>\n<td style=\"font-weight: 400;\" width=\"51\">3.4<\/td>\n<td style=\"font-weight: 400;\" width=\"51\">17.1<\/td>\n<td style=\"font-weight: 400;\" width=\"51\">13.1<\/td>\n<td style=\"font-weight: 400;\" width=\"51\">17.1<\/td>\n<td style=\"font-weight: 400;\" width=\"51\">10.3<\/td>\n<td style=\"font-weight: 400;\" width=\"51\">7.3<\/td>\n<td style=\"font-weight: 400;\" width=\"211\"><img decoding=\"async\" class=\"lazyload alignnone size-medium wp-image-7517\" src=\"https:\/\/richarms.com\/wp-content\/uploads\/2021\/07\/richarms-square-magnetic-lock2-2-300x174.jpg\" data-orig-src=\"https:\/\/richarms.com\/wp-content\/uploads\/2021\/07\/richarms-square-magnetic-lock2-2-300x174.jpg\" alt=\"\" width=\"300\" height=\"174\" srcset=\"data:image\/svg+xml,%3Csvg%20xmlns%3D%27http%3A%2F%2Fwww.w3.org%2F2000%2Fsvg%27%20width%3D%27300%27%20height%3D%27174%27%20viewBox%3D%270%200%20300%20174%27%3E%3Crect%20width%3D%27300%27%20height%3D%27174%27%20fill-opacity%3D%220%22%2F%3E%3C%2Fsvg%3E\" data-srcset=\"https:\/\/richarms.com\/wp-content\/uploads\/2021\/07\/richarms-square-magnetic-lock2-2-200x116.jpg 200w, https:\/\/richarms.com\/wp-content\/uploads\/2021\/07\/richarms-square-magnetic-lock2-2-300x174.jpg 300w, https:\/\/richarms.com\/wp-content\/uploads\/2021\/07\/richarms-square-magnetic-lock2-2-400x232.jpg 400w, https:\/\/richarms.com\/wp-content\/uploads\/2021\/07\/richarms-square-magnetic-lock2-2-500x289.jpg 500w, https:\/\/richarms.com\/wp-content\/uploads\/2021\/07\/richarms-square-magnetic-lock2-2-600x347.jpg 600w, https:\/\/richarms.com\/wp-content\/uploads\/2021\/07\/richarms-square-magnetic-lock2-2-700x405.jpg 700w, https:\/\/richarms.com\/wp-content\/uploads\/2021\/07\/richarms-square-magnetic-lock2-2-768x445.jpg 768w, https:\/\/richarms.com\/wp-content\/uploads\/2021\/07\/richarms-square-magnetic-lock2-2-800x463.jpg 800w, https:\/\/richarms.com\/wp-content\/uploads\/2021\/07\/richarms-square-magnetic-lock2-2-1024x593.jpg 1024w, https:\/\/richarms.com\/wp-content\/uploads\/2021\/07\/richarms-square-magnetic-lock2-2-1200x695.jpg 1200w, https:\/\/richarms.com\/wp-content\/uploads\/2021\/07\/richarms-square-magnetic-lock2-2-1536x889.jpg 1536w\" data-sizes=\"auto\" data-orig-sizes=\"(max-width: 300px) 100vw, 300px\" \/><\/td>\n<td style=\"font-weight: 400;\" width=\"295\">Para bolsas de m\u00e3o e bagagens,<\/p>\n<p>mochilas, automotivo<\/p>\n<p>e aeroespacial.<\/td>\n<\/tr>\n<\/tbody>\n<\/table>\n<h2 class=\"\" data-start=\"2323\" data-end=\"2357\"><\/h2>\n<ul>\n<li><strong data-start=\"1164\" data-end=\"1192\">Instala\u00e7\u00e3o simples do tipo \"fa\u00e7a voc\u00ea mesmo\":<\/strong> Os usu\u00e1rios podem instalar sem esfor\u00e7o, marcando e criando dois pequenos orif\u00edcios no material, inserindo a trava magn\u00e9tica e, em seguida, dobrando os pinos. Os entusiastas do fa\u00e7a-voc\u00ea-mesmo podem concluir o processo rapidamente usando ferramentas b\u00e1sicas, como uma tesoura.<\/li>\n<li><strong data-start=\"1434\" data-end=\"1460\">Efici\u00eancia industrial:<\/strong> Para os fabricantes, recomendamos ferramentas especializadas de perfura\u00e7\u00e3o e fixa\u00e7\u00e3o de pinos, que permitem uma aplica\u00e7\u00e3o r\u00e1pida e consistente em linhas de produ\u00e7\u00e3o de alto volume.<\/li>\n<\/ul>\n<h2 class=\"\" data-start=\"1620\" data-end=\"1652\">Personalizado para atender \u00e0s suas necessidades<\/h2>\n<p class=\"\" data-start=\"1654\" data-end=\"1818\">Entendemos a import\u00e2ncia da personaliza\u00e7\u00e3o no mercado competitivo de hoje. Por isso, oferecemos op\u00e7\u00f5es abrangentes de personaliza\u00e7\u00e3o para nossa fechadura magn\u00e9tica quadrada:<\/p>\n<ul>\n<li data-start=\"1822\" data-end=\"1975\"><strong data-start=\"1822\" data-end=\"1844\">For\u00e7a magn\u00e9tica:<\/strong> Adapte o puxador magn\u00e9tico \u00e0s suas especifica\u00e7\u00f5es, garantindo um equil\u00edbrio perfeito entre facilidade de uso e seguran\u00e7a para sua aplica\u00e7\u00e3o.\n<ul>\n<li data-start=\"1822\" data-end=\"1975\"><strong>Qual \u00e9 a for\u00e7a de nossa oferta regular? <\/strong>21 mm \/ 1,1 kg\n<p><div id=\"attachment_7519\" style=\"width: 451px\" class=\"wp-caption alignnone\"><img decoding=\"async\" aria-describedby=\"caption-attachment-7519\" class=\"lazyload wp-image-7519\" src=\"https:\/\/richarms.com\/wp-content\/uploads\/2021\/07\/richarms-magnetic-lock-power-test-1024x1024.jpg\" data-orig-src=\"https:\/\/richarms.com\/wp-content\/uploads\/2021\/07\/richarms-magnetic-lock-power-test-1024x1024.jpg\" alt=\"Square magnetic lock strength test demonstrating 1.1kg vertical pull.\" width=\"441\" height=\"441\" srcset=\"data:image\/svg+xml,%3Csvg%20xmlns%3D%27http%3A%2F%2Fwww.w3.org%2F2000%2Fsvg%27%20width%3D%27441%27%20height%3D%27441%27%20viewBox%3D%270%200%20441%20441%27%3E%3Crect%20width%3D%27441%27%20height%3D%27441%27%20fill-opacity%3D%220%22%2F%3E%3C%2Fsvg%3E\" data-srcset=\"https:\/\/richarms.com\/wp-content\/uploads\/2021\/07\/richarms-magnetic-lock-power-test-66x66.jpg 66w, https:\/\/richarms.com\/wp-content\/uploads\/2021\/07\/richarms-magnetic-lock-power-test-100x100.jpg 100w, https:\/\/richarms.com\/wp-content\/uploads\/2021\/07\/richarms-magnetic-lock-power-test-150x150.jpg 150w, https:\/\/richarms.com\/wp-content\/uploads\/2021\/07\/richarms-magnetic-lock-power-test-200x200.jpg 200w, https:\/\/richarms.com\/wp-content\/uploads\/2021\/07\/richarms-magnetic-lock-power-test-300x300.jpg 300w, https:\/\/richarms.com\/wp-content\/uploads\/2021\/07\/richarms-magnetic-lock-power-test-400x400.jpg 400w, https:\/\/richarms.com\/wp-content\/uploads\/2021\/07\/richarms-magnetic-lock-power-test-500x500.jpg 500w, https:\/\/richarms.com\/wp-content\/uploads\/2021\/07\/richarms-magnetic-lock-power-test-600x600.jpg 600w, https:\/\/richarms.com\/wp-content\/uploads\/2021\/07\/richarms-magnetic-lock-power-test-700x700.jpg 700w, https:\/\/richarms.com\/wp-content\/uploads\/2021\/07\/richarms-magnetic-lock-power-test-768x768.jpg 768w, https:\/\/richarms.com\/wp-content\/uploads\/2021\/07\/richarms-magnetic-lock-power-test-800x800.jpg 800w, https:\/\/richarms.com\/wp-content\/uploads\/2021\/07\/richarms-magnetic-lock-power-test-1024x1024.jpg 1024w, https:\/\/richarms.com\/wp-content\/uploads\/2021\/07\/richarms-magnetic-lock-power-test-1200x1200.jpg 1200w, https:\/\/richarms.com\/wp-content\/uploads\/2021\/07\/richarms-magnetic-lock-power-test-1536x1536.jpg 1536w\" data-sizes=\"auto\" data-orig-sizes=\"(max-width: 441px) 100vw, 441px\" \/><p id=\"caption-attachment-7519\" class=\"wp-caption-text\">A trava magn\u00e9tica Richarms Square foi testada com 1,1 kg de for\u00e7a de tra\u00e7\u00e3o magn\u00e9tica vertical.<\/p><\/div><\/li>\n<\/ul>\n<\/li>\n<\/ul>\n<ul>\n<li data-start=\"1978\" data-end=\"2162\"><strong data-start=\"1978\" data-end=\"1996\">Variedade de cores:<\/strong> Escolha entre uma paleta diversificada que inclui ouro, n\u00edquel, ouro rosa, lat\u00e3o antigo, bronze ou solicite acabamentos de cores personalizados para se alinhar perfeitamente \u00e0 sua linha de produtos.\n<ul>\n<li data-start=\"1978\" data-end=\"2162\">As cores regulares est\u00e3o listadas abaixo. Acabamentos personalizados tamb\u00e9m est\u00e3o dispon\u00edveis para atender \u00e0s suas necessidades.\n<p><div id=\"attachment_5392\" style=\"width: 407px\" class=\"wp-caption alignnone\"><img decoding=\"async\" aria-describedby=\"caption-attachment-5392\" class=\"lazyload wp-image-5392\" src=\"https:\/\/richarms.com\/wp-content\/uploads\/2018\/07\/RICHARMS-COLOT-DIS.jpg\" data-orig-src=\"https:\/\/richarms.com\/wp-content\/uploads\/2018\/07\/RICHARMS-COLOT-DIS.jpg\" alt=\"Standard color palette for RICHARMS magnetic snaps, with customizable colors available beyond the listed options.\" width=\"397\" height=\"279\" srcset=\"data:image\/svg+xml,%3Csvg%20xmlns%3D%27http%3A%2F%2Fwww.w3.org%2F2000%2Fsvg%27%20width%3D%27397%27%20height%3D%27279%27%20viewBox%3D%270%200%20397%20279%27%3E%3Crect%20width%3D%27397%27%20height%3D%27279%27%20fill-opacity%3D%220%22%2F%3E%3C%2Fsvg%3E\" data-srcset=\"https:\/\/richarms.com\/wp-content\/uploads\/2018\/07\/RICHARMS-COLOT-DIS-200x140.jpg 200w, https:\/\/richarms.com\/wp-content\/uploads\/2018\/07\/RICHARMS-COLOT-DIS-300x211.jpg 300w, https:\/\/richarms.com\/wp-content\/uploads\/2018\/07\/RICHARMS-COLOT-DIS-400x281.jpg 400w, https:\/\/richarms.com\/wp-content\/uploads\/2018\/07\/RICHARMS-COLOT-DIS-500x351.jpg 500w, https:\/\/richarms.com\/wp-content\/uploads\/2018\/07\/RICHARMS-COLOT-DIS-600x421.jpg 600w, https:\/\/richarms.com\/wp-content\/uploads\/2018\/07\/RICHARMS-COLOT-DIS.jpg 651w\" data-sizes=\"auto\" data-orig-sizes=\"(max-width: 397px) 100vw, 397px\" \/><p id=\"caption-attachment-5392\" class=\"wp-caption-text\">Explore a paleta de cores padr\u00e3o dos fechos magn\u00e9ticos RICHARMS, com cores personalizadas adicionais dispon\u00edveis mediante solicita\u00e7\u00e3o para atender \u00e0s suas necessidades de design.<\/p><\/div><\/li>\n<\/ul>\n<\/li>\n<\/ul>\n<ul>\n<li data-start=\"2165\" data-end=\"2321\"><strong data-start=\"2165\" data-end=\"2193\">Personaliza\u00e7\u00e3o da embalagem:<\/strong> Aumente o reconhecimento da marca e melhore a experi\u00eancia do cliente com op\u00e7\u00f5es de embalagens personalizadas que apresentam seu logotipo ou design exclusivo.\n<ul>\n<li>1 conjunto = 1 macho, 1 f\u00eamea, 2 arruelas<\/li>\n<li>21 mm, 100 conjuntos\/caixa, 20 caixas\/ctn,<\/li>\n<li>17 mm: 200 conjuntos\/caixa, 20 caixas\/ctn<\/li>\n<\/ul>\n<\/li>\n<li><strong>Material:<\/strong>\n<ul>\n<li>C\u00e1psula f\u00eamea:  Ferro, lat\u00e3o comum ou lat\u00e3o ambiental dispon\u00edvel<\/li>\n<li>C\u00e1psula masculina: Ferro<\/li>\n<li>\u00cdm\u00e3 interno: \u00cdm\u00e3 permanente de neod\u00edmio<\/li>\n<\/ul>\n<\/li>\n<\/ul>\n<h2 class=\"\" data-start=\"2323\" data-end=\"2357\">Ideal para v\u00e1rias aplica\u00e7\u00f5es<\/h2>\n<p class=\"\" data-start=\"2359\" data-end=\"2478\">Nossa fechadura magn\u00e9tica quadrada \u00e9 altamente adapt\u00e1vel e pode ser utilizada com efic\u00e1cia em uma ampla gama de produtos, como:<\/p>\n<div id=\"attachment_6456\" style=\"width: 377px\" class=\"wp-caption alignnone\"><img decoding=\"async\" aria-describedby=\"caption-attachment-6456\" class=\"lazyload wp-image-6456\" src=\"https:\/\/richarms.com\/wp-content\/uploads\/2018\/12\/magnetic-snaps-fasterner-button-on-richarms-2.jpg\" data-orig-src=\"https:\/\/richarms.com\/wp-content\/uploads\/2018\/12\/magnetic-snaps-fasterner-button-on-richarms-2.jpg\" alt=\"Square magnetic lock installed on a luxury leather handbag, demonstrating practical use\" width=\"367\" height=\"367\" srcset=\"data:image\/svg+xml,%3Csvg%20xmlns%3D%27http%3A%2F%2Fwww.w3.org%2F2000%2Fsvg%27%20width%3D%27367%27%20height%3D%27367%27%20viewBox%3D%270%200%20367%20367%27%3E%3Crect%20width%3D%27367%27%20height%3D%27367%27%20fill-opacity%3D%220%22%2F%3E%3C%2Fsvg%3E\" data-srcset=\"https:\/\/richarms.com\/wp-content\/uploads\/2018\/12\/magnetic-snaps-fasterner-button-on-richarms-2-66x66.jpg 66w, https:\/\/richarms.com\/wp-content\/uploads\/2018\/12\/magnetic-snaps-fasterner-button-on-richarms-2-100x100.jpg 100w, https:\/\/richarms.com\/wp-content\/uploads\/2018\/12\/magnetic-snaps-fasterner-button-on-richarms-2-150x150.jpg 150w, https:\/\/richarms.com\/wp-content\/uploads\/2018\/12\/magnetic-snaps-fasterner-button-on-richarms-2-200x200.jpg 200w, https:\/\/richarms.com\/wp-content\/uploads\/2018\/12\/magnetic-snaps-fasterner-button-on-richarms-2-300x300.jpg 300w, https:\/\/richarms.com\/wp-content\/uploads\/2018\/12\/magnetic-snaps-fasterner-button-on-richarms-2-400x400.jpg 400w, https:\/\/richarms.com\/wp-content\/uploads\/2018\/12\/magnetic-snaps-fasterner-button-on-richarms-2-500x500.jpg 500w, https:\/\/richarms.com\/wp-content\/uploads\/2018\/12\/magnetic-snaps-fasterner-button-on-richarms-2-600x600.jpg 600w, https:\/\/richarms.com\/wp-content\/uploads\/2018\/12\/magnetic-snaps-fasterner-button-on-richarms-2-700x700.jpg 700w, https:\/\/richarms.com\/wp-content\/uploads\/2018\/12\/magnetic-snaps-fasterner-button-on-richarms-2-768x768.jpg 768w, https:\/\/richarms.com\/wp-content\/uploads\/2018\/12\/magnetic-snaps-fasterner-button-on-richarms-2.jpg 800w\" data-sizes=\"auto\" data-orig-sizes=\"(max-width: 367px) 100vw, 367px\" \/><p id=\"caption-attachment-6456\" class=\"wp-caption-text\">O elegante fecho magn\u00e9tico quadrado aumenta a funcionalidade e a est\u00e9tica de uma bolsa de luxo.<\/p><\/div>\n<ul>\n<li data-start=\"2482\" data-end=\"2575\"><strong data-start=\"2482\" data-end=\"2504\">Bolsas e bolsas de m\u00e3o:<\/strong> Garante acesso r\u00e1pido e confi\u00e1vel, al\u00e9m de oferecer uma apar\u00eancia elegante.<\/li>\n<li data-start=\"2578\" data-end=\"2684\"><strong data-start=\"2578\" data-end=\"2605\">Capas de couro para di\u00e1rios:<\/strong> Proporciona uma apar\u00eancia profissional e garante o fechamento seguro de documentos ou anota\u00e7\u00f5es.<\/li>\n<li data-start=\"2687\" data-end=\"2798\"><strong data-start=\"2687\" data-end=\"2708\">Embalagem de luxo:<\/strong> Ideal para designs de embalagens de luxo em que a apresenta\u00e7\u00e3o e a facilidade de abertura s\u00e3o fundamentais.<\/li>\n<li data-start=\"2801\" data-end=\"2920\"><strong data-start=\"2801\" data-end=\"2833\">Acess\u00f3rios de uso geral:<\/strong> Flex\u00edvel o suficiente para se adequar a v\u00e1rias aplica\u00e7\u00f5es em que \u00e9 necess\u00e1ria uma trava magn\u00e9tica confi\u00e1vel.<\/li>\n<li data-start=\"2801\" data-end=\"2920\"><a href=\"https:\/\/www.pinterest.com\/richarmsaccessoriesgroups\/elegant-magnetic-closures-for-luxury-bags\/\">Mais inspira\u00e7\u00e3o<\/a>.<\/li>\n<\/ul>\n<h2 class=\"\" data-start=\"2922\" data-end=\"2945\">Por que escolher a Richarms?<\/h2>\n<p class=\"\" data-start=\"2947\" data-end=\"3006\">A parceria com a Richarms lhe oferece vantagens significativas:<\/p>\n<ul>\n<li data-start=\"3010\" data-end=\"3152\"><strong data-start=\"3010\" data-end=\"3037\">Pre\u00e7o direto de f\u00e1brica:<\/strong> Fornecemos diretamente de nossas instala\u00e7\u00f5es de fabrica\u00e7\u00e3o, garantindo pre\u00e7os competitivos sem comprometer a qualidade.<\/li>\n<li data-start=\"3155\" data-end=\"3272\"><strong data-start=\"3155\" data-end=\"3177\">Garantia de qualidade:<\/strong> Nossas fechaduras passam por rigorosos controles de qualidade para garantir desempenho e confiabilidade consistentes.<\/li>\n<li data-start=\"3275\" data-end=\"3418\"><strong data-start=\"3275\" data-end=\"3307\">Suporte ao cliente responsivo:<\/strong> Nossa equipe est\u00e1 pronta para ajud\u00e1-lo em todas as etapas, desde a consulta inicial e a consulta de projeto at\u00e9 a entrega final.<\/li>\n<li data-start=\"3275\" data-end=\"3418\">Mais informa\u00e7\u00f5es <a href=\"https:\/\/richarms.com\/pt\/about\/\">sobre a Richarms<\/a>.<\/li>\n<\/ul>\n<h2 class=\"\" data-start=\"3420\" data-end=\"3445\">Inicie seu pedido hoje mesmo<\/h2>\n<p class=\"\" data-start=\"3447\" data-end=\"3700\">Pronto para aprimorar seus produtos com nossos produtos premium <strong data-start=\"3495\" data-end=\"3519\">fechadura magn\u00e9tica quadrada<\/strong>? Entre em contato com nossos especialistas hoje mesmo para receber uma cota\u00e7\u00e3o personalizada e op\u00e7\u00f5es detalhadas de personaliza\u00e7\u00e3o. Para fazer pedidos imediatos, visite nosso <a href=\"https:\/\/www.richarmshardware.com\/products\/square-magnetic-lock\">Loja da Shopify<\/a> e experimentar transa\u00e7\u00f5es perfeitas.<\/p>","protected":false},"excerpt":{"rendered":"<p>Tipo: Fechadura magn\u00e9tica quadrada<br \/>\nMaterial: Lat\u00e3o, ferro, \u00edm\u00e3<br \/>\nCor: Ouro \/ N\u00edquel \/ Pistola \/ Ouro Rosa \/ Formiga Escovada \/ Outra<br \/>\nEmbalagem: caixa e caixa de papel\u00e3o<br \/>\nEnvio: LCL\/ DHL \/ FedEx \/ TNT \/ Outros<\/p>","protected":false},"featured_media":6237,"template":"","meta":[],"product_brand":[],"product_cat":[15],"product_tag":[],"class_list":{"0":"post-6233","1":"product","2":"type-product","3":"status-publish","4":"has-post-thumbnail","6":"product_cat-magnetic-snaps","8":"first","9":"instock","10":"shipping-taxable","11":"product-type-simple"},"aioseo_notices":[],"_links":{"self":[{"href":"https:\/\/richarms.com\/pt\/wp-json\/wp\/v2\/product\/6233","targetHints":{"allow":["GET"]}}],"collection":[{"href":"https:\/\/richarms.com\/pt\/wp-json\/wp\/v2\/product"}],"about":[{"href":"https:\/\/richarms.com\/pt\/wp-json\/wp\/v2\/types\/product"}],"wp:featuredmedia":[{"embeddable":true,"href":"https:\/\/richarms.com\/pt\/wp-json\/wp\/v2\/media\/6237"}],"wp:attachment":[{"href":"https:\/\/richarms.com\/pt\/wp-json\/wp\/v2\/media?parent=6233"}],"wp:term":[{"taxonomy":"product_brand","embeddable":true,"href":"https:\/\/richarms.com\/pt\/wp-json\/wp\/v2\/product_brand?post=6233"},{"taxonomy":"product_cat","embeddable":true,"href":"https:\/\/richarms.com\/pt\/wp-json\/wp\/v2\/product_cat?post=6233"},{"taxonomy":"product_tag","embeddable":true,"href":"https:\/\/richarms.com\/pt\/wp-json\/wp\/v2\/product_tag?post=6233"}],"curies":[{"name":"wp","href":"https:\/\/api.w.org\/{rel}","templated":true}]}}