{"id":6272,"date":"2021-07-07T16:25:52","date_gmt":"2021-07-07T08:25:52","guid":{"rendered":"https:\/\/richarms.com\/?post_type=product&#038;p=6272"},"modified":"2024-10-05T12:28:17","modified_gmt":"2024-10-05T04:28:17","slug":"hexagonal-magnetic-jewelry-clasps","status":"publish","type":"product","link":"https:\/\/richarms.com\/pt\/produto\/hexagonal-magnetic-jewelry-clasps","title":{"rendered":"Fechos magn\u00e9ticos hexagonais para joias"},"content":{"rendered":"<h2><strong>Hexagonal Magnetic Jewelry Clasps \u2013 Tarnish-Resistant 304 Stainless Steel Bayonet Clasp<\/strong><\/h2>\n<p>Fecho magn\u00e9tico de a\u00e7o inoxid\u00e1vel, livre de alergias!<br \/>\nPersonalizado dispon\u00edvel.<\/p>\n<p>Material: a\u00e7o inoxid\u00e1vel ecologicamente correto<br \/>\nCor: a\u00e7o bruto, ouro, ouro rosa, ouro Champaign e todas as cores dispon\u00edveis<br \/>\nTamanho: Por favor, veja as fotos abaixo<\/p>\n<div id=\"attachment_6273\" style=\"width: 810px\" class=\"wp-caption alignnone\"><img decoding=\"async\" aria-describedby=\"caption-attachment-6273\" class=\"lazyload wp-image-6273 size-full\" src=\"https:\/\/richarms.com\/wp-content\/uploads\/2019\/08\/richarms-magnetic-snaps-for-bracelet-clasp-111-7.jpg\" data-orig-src=\"https:\/\/richarms.com\/wp-content\/uploads\/2019\/08\/richarms-magnetic-snaps-for-bracelet-clasp-111-7.jpg\" alt=\"Hexagonal Magnetic Jewelry Clasps\" width=\"800\" height=\"800\" srcset=\"data:image\/svg+xml,%3Csvg%20xmlns%3D%27http%3A%2F%2Fwww.w3.org%2F2000%2Fsvg%27%20width%3D%27800%27%20height%3D%27800%27%20viewBox%3D%270%200%20800%20800%27%3E%3Crect%20width%3D%27800%27%20height%3D%27800%27%20fill-opacity%3D%220%22%2F%3E%3C%2Fsvg%3E\" data-srcset=\"https:\/\/richarms.com\/wp-content\/uploads\/2019\/08\/richarms-magnetic-snaps-for-bracelet-clasp-111-7-66x66.jpg 66w, https:\/\/richarms.com\/wp-content\/uploads\/2019\/08\/richarms-magnetic-snaps-for-bracelet-clasp-111-7-100x100.jpg 100w, https:\/\/richarms.com\/wp-content\/uploads\/2019\/08\/richarms-magnetic-snaps-for-bracelet-clasp-111-7-150x150.jpg 150w, https:\/\/richarms.com\/wp-content\/uploads\/2019\/08\/richarms-magnetic-snaps-for-bracelet-clasp-111-7-200x200.jpg 200w, https:\/\/richarms.com\/wp-content\/uploads\/2019\/08\/richarms-magnetic-snaps-for-bracelet-clasp-111-7-300x300.jpg 300w, https:\/\/richarms.com\/wp-content\/uploads\/2019\/08\/richarms-magnetic-snaps-for-bracelet-clasp-111-7-400x400.jpg 400w, https:\/\/richarms.com\/wp-content\/uploads\/2019\/08\/richarms-magnetic-snaps-for-bracelet-clasp-111-7-500x500.jpg 500w, https:\/\/richarms.com\/wp-content\/uploads\/2019\/08\/richarms-magnetic-snaps-for-bracelet-clasp-111-7-600x600.jpg 600w, https:\/\/richarms.com\/wp-content\/uploads\/2019\/08\/richarms-magnetic-snaps-for-bracelet-clasp-111-7-700x700.jpg 700w, https:\/\/richarms.com\/wp-content\/uploads\/2019\/08\/richarms-magnetic-snaps-for-bracelet-clasp-111-7-768x768.jpg 768w, https:\/\/richarms.com\/wp-content\/uploads\/2019\/08\/richarms-magnetic-snaps-for-bracelet-clasp-111-7.jpg 800w\" data-sizes=\"auto\" data-orig-sizes=\"(max-width: 800px) 100vw, 800px\" \/><p id=\"caption-attachment-6273\" class=\"wp-caption-text\">Fechos magn\u00e9ticos hexagonais para joias<\/p><\/div>\n<p>&nbsp;<\/p>\n<p>Nosso <strong>Fechos magn\u00e9ticos hexagonais para joias<\/strong> combine a modern, energy-filled design with practical functionality. The unique six-sided shape exudes strength and style, making it ideal for any jewelry piece, whether a bracelet or necklace. Made from <strong>tarnish-resistant 304 stainless steel<\/strong>, these clasps offer durability and elegance. Available in <strong>ouro<\/strong>, <strong>prata<\/strong>e <strong>preto<\/strong>, with custom colors available to suit your vision.<\/p>\n<p>O <strong>strong magnetic closure<\/strong> ensures a secure, fast, and reliable hold that won\u2019t fail, while the eco-friendly, hypoallergenic material is safe for all skin types. With its sleek, hexagonal design, this clasp is perfect for creating standout jewelry with a touch of innovation.<\/p>\n<p>Customization options include <strong>projeto de molde<\/strong>, <strong>logotipos gravados a laser<\/strong>, colors, and packaging. For small orders (50 sets), visit our <a href=\"https:\/\/www.richarmshardware.com\/products\/30pcs-30x6mm-bracelet-magnetic-closures\">Richarms hardware <strong>loja on-line<\/strong><\/a>, or contact our sales team for bulk or custom orders. We also offer a variety of shapes to match your <a href=\"https:\/\/www.pinterest.com\/richarmsaccessoriesgroups\/magnetic-clasps-for-jewelry-designs\/\">creative magnetic jewelry clasps<\/a> needs.<\/p>\n<p>Ideal for <strong>artistas<\/strong> looking for <strong>innovative solutions<\/strong>, these <strong>Fechos magn\u00e9ticos hexagonais para joias<\/strong> are the perfect blend of style and strength.<\/p>\n<p><strong>Principais recursos:<\/strong><\/p>\n<ul>\n<li>Unique <strong>hexagonal design<\/strong> for a modern, energetic look<\/li>\n<li><strong>Strong magnetic clasp<\/strong> for jewelry, ensuring a secure and fast hold<\/li>\n<li>Dispon\u00edvel em <strong>ouro<\/strong>, <strong>prata<\/strong>, <strong>preto<\/strong> (cores personalizadas dispon\u00edveis)<\/li>\n<li><strong>Tarnish-resistant 304 stainless steel<\/strong>, eco-friendly and hypoallergenic<\/li>\n<li>Customizable: mold design, laser logo, color, packaging options<\/li>\n<li>Perfeito para <strong>magnetic jewelry clasps<\/strong>, <strong>fechos magn\u00e9ticos para joias<\/strong>e mais<\/li>\n<\/ul>\n<p>Enhance your designs with these <strong>Fechos magn\u00e9ticos hexagonais para joias<\/strong>, combining security and style.<\/p>\n<p><strong>Why Richarms bracelet magnetic closures?<br \/>\n<\/strong><\/p>\n<p>Pre\u00e7o direto da f\u00e1brica: sem a necessidade de intermedi\u00e1rios, o pre\u00e7o \u00e9 mais favor\u00e1vel.<br \/>\nFeito sob encomenda: servi\u00e7o personalizado fornecido, produzido de acordo com seu desenho<br \/>\nSistemas rigorosos de controle de qualidade: desde a sele\u00e7\u00e3o do material, produ\u00e7\u00e3o, at\u00e9 a embalagem, e n\u00e3o termina antes da entrega<\/p>\n<p><a href=\"https:\/\/richarms.com\/pt\/contact\/\">Contact our expert today!<\/a><\/p>\n<p><strong><img decoding=\"async\" class=\"lazyload alignnone size-full wp-image-6247\" src=\"https:\/\/richarms.com\/wp-content\/uploads\/2019\/08\/IMG_7549.jpg\" data-orig-src=\"https:\/\/richarms.com\/wp-content\/uploads\/2019\/08\/IMG_7549.jpg\" alt=\"\" width=\"750\" height=\"646\" srcset=\"data:image\/svg+xml,%3Csvg%20xmlns%3D%27http%3A%2F%2Fwww.w3.org%2F2000%2Fsvg%27%20width%3D%27750%27%20height%3D%27646%27%20viewBox%3D%270%200%20750%20646%27%3E%3Crect%20width%3D%27750%27%20height%3D%27646%27%20fill-opacity%3D%220%22%2F%3E%3C%2Fsvg%3E\" data-srcset=\"https:\/\/richarms.com\/wp-content\/uploads\/2019\/08\/IMG_7549-200x172.jpg 200w, https:\/\/richarms.com\/wp-content\/uploads\/2019\/08\/IMG_7549-300x258.jpg 300w, https:\/\/richarms.com\/wp-content\/uploads\/2019\/08\/IMG_7549-400x345.jpg 400w, https:\/\/richarms.com\/wp-content\/uploads\/2019\/08\/IMG_7549-500x431.jpg 500w, https:\/\/richarms.com\/wp-content\/uploads\/2019\/08\/IMG_7549-600x517.jpg 600w, https:\/\/richarms.com\/wp-content\/uploads\/2019\/08\/IMG_7549-700x603.jpg 700w, https:\/\/richarms.com\/wp-content\/uploads\/2019\/08\/IMG_7549.jpg 750w\" data-sizes=\"auto\" data-orig-sizes=\"(max-width: 750px) 100vw, 750px\" \/><br \/>\n<\/strong><\/p>\n<p><img decoding=\"async\" class=\"lazyload alignnone size-full wp-image-6250\" src=\"https:\/\/richarms.com\/wp-content\/uploads\/2019\/08\/richarms-magnetic-bracelet-production.jpg\" data-orig-src=\"https:\/\/richarms.com\/wp-content\/uploads\/2019\/08\/richarms-magnetic-bracelet-production.jpg\" alt=\"\" width=\"717\" height=\"1146\" srcset=\"data:image\/svg+xml,%3Csvg%20xmlns%3D%27http%3A%2F%2Fwww.w3.org%2F2000%2Fsvg%27%20width%3D%27717%27%20height%3D%271146%27%20viewBox%3D%270%200%20717%201146%27%3E%3Crect%20width%3D%27717%27%20height%3D%271146%27%20fill-opacity%3D%220%22%2F%3E%3C%2Fsvg%3E\" data-srcset=\"https:\/\/richarms.com\/wp-content\/uploads\/2019\/08\/richarms-magnetic-bracelet-production-188x300.jpg 188w, https:\/\/richarms.com\/wp-content\/uploads\/2019\/08\/richarms-magnetic-bracelet-production-200x320.jpg 200w, https:\/\/richarms.com\/wp-content\/uploads\/2019\/08\/richarms-magnetic-bracelet-production-400x639.jpg 400w, https:\/\/richarms.com\/wp-content\/uploads\/2019\/08\/richarms-magnetic-bracelet-production-500x799.jpg 500w, https:\/\/richarms.com\/wp-content\/uploads\/2019\/08\/richarms-magnetic-bracelet-production-600x959.jpg 600w, https:\/\/richarms.com\/wp-content\/uploads\/2019\/08\/richarms-magnetic-bracelet-production-641x1024.jpg 641w, https:\/\/richarms.com\/wp-content\/uploads\/2019\/08\/richarms-magnetic-bracelet-production-700x1119.jpg 700w, https:\/\/richarms.com\/wp-content\/uploads\/2019\/08\/richarms-magnetic-bracelet-production.jpg 717w\" data-sizes=\"auto\" data-orig-sizes=\"(max-width: 717px) 100vw, 717px\" \/><\/p>","protected":false},"excerpt":{"rendered":"<p>Fechos magn\u00e9ticos para pulseiras de qualidade<\/p>\n<p>Material: a\u00e7o inoxid\u00e1vel ecologicamente correto<br \/>\nCor: a\u00e7o bruto, ouro, ouro rosa, ouro champain e todas as cores dispon\u00edveis<br \/>\nServi\u00e7o personalizado dispon\u00edvel<\/p>","protected":false},"featured_media":6274,"template":"","meta":[],"product_brand":[],"product_cat":[72],"product_tag":[],"class_list":{"0":"post-6272","1":"product","2":"type-product","3":"status-publish","4":"has-post-thumbnail","6":"product_cat-bracelet-magnetic-clasp","8":"first","9":"instock","10":"shipping-taxable","11":"product-type-simple"},"aioseo_notices":[],"_links":{"self":[{"href":"https:\/\/richarms.com\/pt\/wp-json\/wp\/v2\/product\/6272","targetHints":{"allow":["GET"]}}],"collection":[{"href":"https:\/\/richarms.com\/pt\/wp-json\/wp\/v2\/product"}],"about":[{"href":"https:\/\/richarms.com\/pt\/wp-json\/wp\/v2\/types\/product"}],"wp:featuredmedia":[{"embeddable":true,"href":"https:\/\/richarms.com\/pt\/wp-json\/wp\/v2\/media\/6274"}],"wp:attachment":[{"href":"https:\/\/richarms.com\/pt\/wp-json\/wp\/v2\/media?parent=6272"}],"wp:term":[{"taxonomy":"product_brand","embeddable":true,"href":"https:\/\/richarms.com\/pt\/wp-json\/wp\/v2\/product_brand?post=6272"},{"taxonomy":"product_cat","embeddable":true,"href":"https:\/\/richarms.com\/pt\/wp-json\/wp\/v2\/product_cat?post=6272"},{"taxonomy":"product_tag","embeddable":true,"href":"https:\/\/richarms.com\/pt\/wp-json\/wp\/v2\/product_tag?post=6272"}],"curies":[{"name":"wp","href":"https:\/\/api.w.org\/{rel}","templated":true}]}}