{"id":6327,"date":"2021-07-08T16:46:21","date_gmt":"2021-07-08T08:46:21","guid":{"rendered":"https:\/\/richarms.com\/?post_type=product&#038;p=6327"},"modified":"2024-10-05T11:57:24","modified_gmt":"2024-10-05T03:57:24","slug":"curved-magnetic-bracelet-clasp","status":"publish","type":"product","link":"https:\/\/richarms.com\/pt\/produto\/curved-magnetic-bracelet-clasp","title":{"rendered":"Fecho de pulseira magn\u00e9tico curvo"},"content":{"rendered":"<h2>Fecho de pulseira magn\u00e9tica curva no atacado - ajust\u00e1vel e elegante<\/h2>\n<p>Fecho magn\u00e9tico de a\u00e7o inoxid\u00e1vel, livre de alergias!<br \/>\nPersonalizado dispon\u00edvel.<\/p>\n<p>Material: a\u00e7o inoxid\u00e1vel ecologicamente correto<br \/>\nCor: a\u00e7o bruto, ouro, ouro rosa, ouro Champaign e todas as cores dispon\u00edveis<br \/>\nTamanho: Por favor, veja as fotos abaixo<\/p>\n<p>&nbsp;<\/p>\n<div id=\"attachment_6332\" style=\"width: 810px\" class=\"wp-caption alignnone\"><img decoding=\"async\" aria-describedby=\"caption-attachment-6332\" class=\"lazyload wp-image-6332 size-full\" src=\"https:\/\/richarms.com\/wp-content\/uploads\/2019\/09\/magnetic-snaps-for-bracelet-2.jpg\" data-orig-src=\"https:\/\/richarms.com\/wp-content\/uploads\/2019\/09\/magnetic-snaps-for-bracelet-2.jpg\" alt=\"Curved Magnetic Bracelet Clasp Wholesale\u2013 Adjustable and Stylish\" width=\"800\" height=\"800\" srcset=\"data:image\/svg+xml,%3Csvg%20xmlns%3D%27http%3A%2F%2Fwww.w3.org%2F2000%2Fsvg%27%20width%3D%27800%27%20height%3D%27800%27%20viewBox%3D%270%200%20800%20800%27%3E%3Crect%20width%3D%27800%27%20height%3D%27800%27%20fill-opacity%3D%220%22%2F%3E%3C%2Fsvg%3E\" data-srcset=\"https:\/\/richarms.com\/wp-content\/uploads\/2019\/09\/magnetic-snaps-for-bracelet-2-66x66.jpg 66w, https:\/\/richarms.com\/wp-content\/uploads\/2019\/09\/magnetic-snaps-for-bracelet-2-100x100.jpg 100w, https:\/\/richarms.com\/wp-content\/uploads\/2019\/09\/magnetic-snaps-for-bracelet-2-150x150.jpg 150w, https:\/\/richarms.com\/wp-content\/uploads\/2019\/09\/magnetic-snaps-for-bracelet-2-200x200.jpg 200w, https:\/\/richarms.com\/wp-content\/uploads\/2019\/09\/magnetic-snaps-for-bracelet-2-300x300.jpg 300w, https:\/\/richarms.com\/wp-content\/uploads\/2019\/09\/magnetic-snaps-for-bracelet-2-400x400.jpg 400w, https:\/\/richarms.com\/wp-content\/uploads\/2019\/09\/magnetic-snaps-for-bracelet-2-500x500.jpg 500w, https:\/\/richarms.com\/wp-content\/uploads\/2019\/09\/magnetic-snaps-for-bracelet-2-600x600.jpg 600w, https:\/\/richarms.com\/wp-content\/uploads\/2019\/09\/magnetic-snaps-for-bracelet-2-700x700.jpg 700w, https:\/\/richarms.com\/wp-content\/uploads\/2019\/09\/magnetic-snaps-for-bracelet-2-768x768.jpg 768w, https:\/\/richarms.com\/wp-content\/uploads\/2019\/09\/magnetic-snaps-for-bracelet-2.jpg 800w\" data-sizes=\"auto\" data-orig-sizes=\"(max-width: 800px) 100vw, 800px\" \/><p id=\"caption-attachment-6332\" class=\"wp-caption-text\">Fecho de pulseira magn\u00e9tica curva no atacado - ajust\u00e1vel e elegante<\/p><\/div>\n<div id=\"attachment_6333\" style=\"width: 810px\" class=\"wp-caption alignnone\"><img decoding=\"async\" aria-describedby=\"caption-attachment-6333\" class=\"lazyload wp-image-6333 size-full\" src=\"https:\/\/richarms.com\/wp-content\/uploads\/2019\/09\/magnetic-snaps-for-bracelet-3.jpg\" data-orig-src=\"https:\/\/richarms.com\/wp-content\/uploads\/2019\/09\/magnetic-snaps-for-bracelet-3.jpg\" alt=\"Curved Magnetic Bracelet Clasp Wholesale\u2013 Adjustable and Stylish\" width=\"800\" height=\"800\" srcset=\"data:image\/svg+xml,%3Csvg%20xmlns%3D%27http%3A%2F%2Fwww.w3.org%2F2000%2Fsvg%27%20width%3D%27800%27%20height%3D%27800%27%20viewBox%3D%270%200%20800%20800%27%3E%3Crect%20width%3D%27800%27%20height%3D%27800%27%20fill-opacity%3D%220%22%2F%3E%3C%2Fsvg%3E\" data-srcset=\"https:\/\/richarms.com\/wp-content\/uploads\/2019\/09\/magnetic-snaps-for-bracelet-3-66x66.jpg 66w, https:\/\/richarms.com\/wp-content\/uploads\/2019\/09\/magnetic-snaps-for-bracelet-3-100x100.jpg 100w, https:\/\/richarms.com\/wp-content\/uploads\/2019\/09\/magnetic-snaps-for-bracelet-3-150x150.jpg 150w, https:\/\/richarms.com\/wp-content\/uploads\/2019\/09\/magnetic-snaps-for-bracelet-3-200x200.jpg 200w, https:\/\/richarms.com\/wp-content\/uploads\/2019\/09\/magnetic-snaps-for-bracelet-3-300x300.jpg 300w, https:\/\/richarms.com\/wp-content\/uploads\/2019\/09\/magnetic-snaps-for-bracelet-3-400x400.jpg 400w, https:\/\/richarms.com\/wp-content\/uploads\/2019\/09\/magnetic-snaps-for-bracelet-3-500x500.jpg 500w, https:\/\/richarms.com\/wp-content\/uploads\/2019\/09\/magnetic-snaps-for-bracelet-3-600x600.jpg 600w, https:\/\/richarms.com\/wp-content\/uploads\/2019\/09\/magnetic-snaps-for-bracelet-3-700x700.jpg 700w, https:\/\/richarms.com\/wp-content\/uploads\/2019\/09\/magnetic-snaps-for-bracelet-3-768x768.jpg 768w, https:\/\/richarms.com\/wp-content\/uploads\/2019\/09\/magnetic-snaps-for-bracelet-3.jpg 800w\" data-sizes=\"auto\" data-orig-sizes=\"(max-width: 800px) 100vw, 800px\" \/><p id=\"caption-attachment-6333\" class=\"wp-caption-text\">Fecho de pulseira magn\u00e9tica curva no atacado - ajust\u00e1vel e elegante<\/p><\/div>\n<p>Nosso <strong>Fecho de pulseira magn\u00e9tico curvo<\/strong> foi projetado com um formato suave e ligeiramente arqueado que se ajusta confortavelmente \u00e0 curva de seu pulso, oferecendo eleg\u00e2ncia e praticidade para qualquer ocasi\u00e3o. Com comprimento ajust\u00e1vel e linhas elegantes, esse fecho \u00e9 uma op\u00e7\u00e3o vers\u00e1til para uso casual, neg\u00f3cios ou ambientes formais. Dispon\u00edvel na vers\u00e3o cl\u00e1ssica <strong>ouro<\/strong>, <strong>prata<\/strong>e <strong>preto<\/strong> e personaliz\u00e1vel em outras cores para atender \u00e0s suas necessidades, esse fecho garante um fechamento seguro e r\u00e1pido com sua forte for\u00e7a magn\u00e9tica que n\u00e3o se solta facilmente.<\/p>\n<p>Feito de <strong>ecologicamente correto<\/strong> materiais, tanto o fecho quanto a galvanoplastia s\u00e3o <strong>hipoalerg\u00eanico<\/strong>proporcionando conforto e seguran\u00e7a para pessoas com pele sens\u00edvel. As op\u00e7\u00f5es de personaliza\u00e7\u00e3o est\u00e3o dispon\u00edveis, incluindo <strong>projeto de molde<\/strong>, <strong>logotipos gravados a laser<\/strong>cores personalizadas e solu\u00e7\u00f5es de embalagem. Para pedidos menores, de at\u00e9 50 conjuntos, visite nosso <a href=\"https:\/\/www.richarmshardware.com\/products\/arched-shape-bracelet-magnetic-closures\">Hardware Richarms <strong>loja on-line<\/strong><\/a>. Para pedidos maiores ou personalizados, entre em contato com nossa equipe de vendas. Oferecemos <a href=\"https:\/\/richarms.com\/pt\/categoria-produto\/bracelet-magnetic-clasp\/\">uma grande variedade<\/a> de outras formas para combinar com seu <a href=\"https:\/\/www.pinterest.com\/richarmsaccessoriesgroups\/magnetic-clasps-for-jewelry-designs\/\">necessidades de projetos<\/a>.<\/p>\n<p><strong>Uso:<\/strong> Basta aplicar cola nas duas extremidades do fecho e inserir a corda de couro de tamanho adequado. Deixe-a solidificar e sua pulseira personalizada estar\u00e1 pronta.<\/p>\n<p><strong>Aplicativo:<\/strong> Use esse fecho com <strong>couro liso<\/strong> para criar braceletes estilosos em minutos. Essas pulseiras divertidas e modernas <strong>fechos magn\u00e9ticos<\/strong> facilitam a cria\u00e7\u00e3o de joias para artistas criativos.<\/p>\n<p>Se estiver trabalhando com <strong>contas magn\u00e9ticas de hematita<\/strong>, <strong>hematita magn\u00e9tica<\/strong>ou <strong>contas de \u00edm\u00e3<\/strong>Com o nosso fecho, oferecemos uma solu\u00e7\u00e3o elegante e segura. Ideal para <strong>artistas<\/strong> buscando <strong>inova\u00e7\u00e3o<\/strong> em seus <a href=\"https:\/\/www.pinterest.com\/richarmsaccessoriesgroups\/magnetic-clasps-for-jewelry-designs\/\">projetos<\/a>Esse fecho une praticidade e beleza.<\/p>\n<p><strong>Principais recursos:<\/strong><\/p>\n<ul>\n<li>Design curvo para um ajuste confort\u00e1vel no pulso e comprimento ajust\u00e1vel<\/li>\n<li>Dispon\u00edvel em <strong>ouro<\/strong>, <strong>prata<\/strong>e <strong>preto<\/strong> (cores personalizadas dispon\u00edveis)<\/li>\n<li><strong>Ecologicamente correto<\/strong>materiais e revestimentos hipoalerg\u00eanicos<\/li>\n<li>Fecho magn\u00e9tico forte para fixa\u00e7\u00e3o segura<\/li>\n<li>Op\u00e7\u00f5es personalizadas: design do molde, logotipo a laser, cor e embalagem<\/li>\n<li>Adequado para uso com <strong>esferas magn\u00e9ticas de hematita<\/strong>, <strong>hematita magn\u00e9tica<\/strong>e outros materiais<\/li>\n<\/ul>\n<p>Eleve seus designs de joias com nossos <strong>fecho magn\u00e9tico<\/strong> e aproveite a combina\u00e7\u00e3o perfeita de estilo e fun\u00e7\u00e3o.<\/p>\n<p><strong>Por que o fecho magn\u00e9tico para pulseiras da Richarms?<br \/>\n<\/strong><\/p>\n<p>Pre\u00e7o direto da f\u00e1brica: sem a necessidade de intermedi\u00e1rios, o pre\u00e7o \u00e9 mais favor\u00e1vel.<br \/>\nFeito sob encomenda: servi\u00e7o personalizado fornecido, produzido de acordo com seu desenho<br \/>\nSistemas rigorosos de controle de qualidade: desde a sele\u00e7\u00e3o do material, produ\u00e7\u00e3o, at\u00e9 a embalagem, e n\u00e3o termina antes da entrega<\/p>\n<p>&nbsp;<\/p>\n<p><strong><img decoding=\"async\" class=\"lazyload alignnone size-full wp-image-6247\" src=\"https:\/\/richarms.com\/wp-content\/uploads\/2019\/08\/IMG_7549.jpg\" data-orig-src=\"https:\/\/richarms.com\/wp-content\/uploads\/2019\/08\/IMG_7549.jpg\" alt=\"\" width=\"750\" height=\"646\" srcset=\"data:image\/svg+xml,%3Csvg%20xmlns%3D%27http%3A%2F%2Fwww.w3.org%2F2000%2Fsvg%27%20width%3D%27750%27%20height%3D%27646%27%20viewBox%3D%270%200%20750%20646%27%3E%3Crect%20width%3D%27750%27%20height%3D%27646%27%20fill-opacity%3D%220%22%2F%3E%3C%2Fsvg%3E\" data-srcset=\"https:\/\/richarms.com\/wp-content\/uploads\/2019\/08\/IMG_7549-200x172.jpg 200w, https:\/\/richarms.com\/wp-content\/uploads\/2019\/08\/IMG_7549-300x258.jpg 300w, https:\/\/richarms.com\/wp-content\/uploads\/2019\/08\/IMG_7549-400x345.jpg 400w, https:\/\/richarms.com\/wp-content\/uploads\/2019\/08\/IMG_7549-500x431.jpg 500w, https:\/\/richarms.com\/wp-content\/uploads\/2019\/08\/IMG_7549-600x517.jpg 600w, https:\/\/richarms.com\/wp-content\/uploads\/2019\/08\/IMG_7549-700x603.jpg 700w, https:\/\/richarms.com\/wp-content\/uploads\/2019\/08\/IMG_7549.jpg 750w\" data-sizes=\"auto\" data-orig-sizes=\"(max-width: 750px) 100vw, 750px\" \/><br \/>\n<\/strong><\/p>\n<p><img decoding=\"async\" class=\"lazyload alignnone size-full wp-image-6250\" src=\"https:\/\/richarms.com\/wp-content\/uploads\/2019\/08\/richarms-magnetic-bracelet-production.jpg\" data-orig-src=\"https:\/\/richarms.com\/wp-content\/uploads\/2019\/08\/richarms-magnetic-bracelet-production.jpg\" alt=\"\" width=\"717\" height=\"1146\" srcset=\"data:image\/svg+xml,%3Csvg%20xmlns%3D%27http%3A%2F%2Fwww.w3.org%2F2000%2Fsvg%27%20width%3D%27717%27%20height%3D%271146%27%20viewBox%3D%270%200%20717%201146%27%3E%3Crect%20width%3D%27717%27%20height%3D%271146%27%20fill-opacity%3D%220%22%2F%3E%3C%2Fsvg%3E\" data-srcset=\"https:\/\/richarms.com\/wp-content\/uploads\/2019\/08\/richarms-magnetic-bracelet-production-188x300.jpg 188w, https:\/\/richarms.com\/wp-content\/uploads\/2019\/08\/richarms-magnetic-bracelet-production-200x320.jpg 200w, https:\/\/richarms.com\/wp-content\/uploads\/2019\/08\/richarms-magnetic-bracelet-production-400x639.jpg 400w, https:\/\/richarms.com\/wp-content\/uploads\/2019\/08\/richarms-magnetic-bracelet-production-500x799.jpg 500w, https:\/\/richarms.com\/wp-content\/uploads\/2019\/08\/richarms-magnetic-bracelet-production-600x959.jpg 600w, https:\/\/richarms.com\/wp-content\/uploads\/2019\/08\/richarms-magnetic-bracelet-production-641x1024.jpg 641w, https:\/\/richarms.com\/wp-content\/uploads\/2019\/08\/richarms-magnetic-bracelet-production-700x1119.jpg 700w, https:\/\/richarms.com\/wp-content\/uploads\/2019\/08\/richarms-magnetic-bracelet-production.jpg 717w\" data-sizes=\"auto\" data-orig-sizes=\"(max-width: 717px) 100vw, 717px\" \/><\/p>","protected":false},"excerpt":{"rendered":"<p>Fechos magn\u00e9ticos para pulseiras de qualidade<\/p>\n<p>Material: a\u00e7o inoxid\u00e1vel ecologicamente correto<br \/>\nCor: a\u00e7o bruto, ouro, ouro rosa, ouro champain e todas as cores dispon\u00edveis<br \/>\nServi\u00e7o personalizado dispon\u00edvel<\/p>","protected":false},"featured_media":6328,"template":"","meta":[],"product_brand":[],"product_cat":[72],"product_tag":[],"class_list":{"0":"post-6327","1":"product","2":"type-product","3":"status-publish","4":"has-post-thumbnail","6":"product_cat-bracelet-magnetic-clasp","8":"first","9":"instock","10":"shipping-taxable","11":"product-type-simple"},"aioseo_notices":[],"_links":{"self":[{"href":"https:\/\/richarms.com\/pt\/wp-json\/wp\/v2\/product\/6327","targetHints":{"allow":["GET"]}}],"collection":[{"href":"https:\/\/richarms.com\/pt\/wp-json\/wp\/v2\/product"}],"about":[{"href":"https:\/\/richarms.com\/pt\/wp-json\/wp\/v2\/types\/product"}],"wp:featuredmedia":[{"embeddable":true,"href":"https:\/\/richarms.com\/pt\/wp-json\/wp\/v2\/media\/6328"}],"wp:attachment":[{"href":"https:\/\/richarms.com\/pt\/wp-json\/wp\/v2\/media?parent=6327"}],"wp:term":[{"taxonomy":"product_brand","embeddable":true,"href":"https:\/\/richarms.com\/pt\/wp-json\/wp\/v2\/product_brand?post=6327"},{"taxonomy":"product_cat","embeddable":true,"href":"https:\/\/richarms.com\/pt\/wp-json\/wp\/v2\/product_cat?post=6327"},{"taxonomy":"product_tag","embeddable":true,"href":"https:\/\/richarms.com\/pt\/wp-json\/wp\/v2\/product_tag?post=6327"}],"curies":[{"name":"wp","href":"https:\/\/api.w.org\/{rel}","templated":true}]}}