{"id":6427,"date":"2021-07-05T15:12:03","date_gmt":"2021-07-05T07:12:03","guid":{"rendered":"https:\/\/richarms.com\/?post_type=product&#038;p=6427"},"modified":"2025-02-28T11:53:01","modified_gmt":"2025-02-28T03:53:01","slug":"carbon-fiber-mini-wallet","status":"publish","type":"product","link":"https:\/\/richarms.com\/pt\/product\/carbon-fiber-mini-wallet","title":{"rendered":"Melhor porta-cart\u00f5es de fibra de carbono para homens"},"content":{"rendered":"<h2>Porta-cart\u00f5es de fibra de carbono com bloqueio de RFID Bolsa minimalista com clipe de a\u00e7o para dinheiro no bolso frontal Mini carteira para homens<\/h2>\n<p><img decoding=\"async\" class=\"lazyload alignnone size-full wp-image-6439\" src=\"https:\/\/richarms.com\/wp-content\/uploads\/2019\/09\/IMG_8419.jpg\" data-orig-src=\"https:\/\/richarms.com\/wp-content\/uploads\/2019\/09\/IMG_8419.jpg\" alt=\"\" width=\"800\" height=\"801\" srcset=\"data:image\/svg+xml,%3Csvg%20xmlns%3D%27http%3A%2F%2Fwww.w3.org%2F2000%2Fsvg%27%20width%3D%27800%27%20height%3D%27801%27%20viewBox%3D%270%200%20800%20801%27%3E%3Crect%20width%3D%27800%27%20height%3D%27801%27%20fill-opacity%3D%220%22%2F%3E%3C%2Fsvg%3E\" data-srcset=\"https:\/\/richarms.com\/wp-content\/uploads\/2019\/09\/IMG_8419-66x66.jpg 66w, https:\/\/richarms.com\/wp-content\/uploads\/2019\/09\/IMG_8419-100x100.jpg 100w, https:\/\/richarms.com\/wp-content\/uploads\/2019\/09\/IMG_8419-150x150.jpg 150w, https:\/\/richarms.com\/wp-content\/uploads\/2019\/09\/IMG_8419-200x200.jpg 200w, https:\/\/richarms.com\/wp-content\/uploads\/2019\/09\/IMG_8419-300x300.jpg 300w, https:\/\/richarms.com\/wp-content\/uploads\/2019\/09\/IMG_8419-400x401.jpg 400w, https:\/\/richarms.com\/wp-content\/uploads\/2019\/09\/IMG_8419-500x501.jpg 500w, https:\/\/richarms.com\/wp-content\/uploads\/2019\/09\/IMG_8419-600x601.jpg 600w, https:\/\/richarms.com\/wp-content\/uploads\/2019\/09\/IMG_8419-700x701.jpg 700w, https:\/\/richarms.com\/wp-content\/uploads\/2019\/09\/IMG_8419-768x769.jpg 768w, https:\/\/richarms.com\/wp-content\/uploads\/2019\/09\/IMG_8419.jpg 800w\" data-sizes=\"auto\" data-orig-sizes=\"(max-width: 800px) 100vw, 800px\" \/><br \/>\nA New Variation Minimalist Purse \u00e9 feita de material de fibra de carbono, que \u00e9 muito melhor do que a liga de alum\u00ednio. Um corpo fino e leve, apar\u00eancia elegante e pr\u00e1tica, design de prote\u00e7\u00e3o de bloqueio de RFID.<\/p>\n<p><img decoding=\"async\" class=\"lazyload alignnone size-full wp-image-6438\" src=\"https:\/\/richarms.com\/wp-content\/uploads\/2019\/09\/IMG_8418.jpg\" data-orig-src=\"https:\/\/richarms.com\/wp-content\/uploads\/2019\/09\/IMG_8418.jpg\" alt=\"\" width=\"750\" height=\"730\" srcset=\"data:image\/svg+xml,%3Csvg%20xmlns%3D%27http%3A%2F%2Fwww.w3.org%2F2000%2Fsvg%27%20width%3D%27750%27%20height%3D%27730%27%20viewBox%3D%270%200%20750%20730%27%3E%3Crect%20width%3D%27750%27%20height%3D%27730%27%20fill-opacity%3D%220%22%2F%3E%3C%2Fsvg%3E\" data-srcset=\"https:\/\/richarms.com\/wp-content\/uploads\/2019\/09\/IMG_8418-200x195.jpg 200w, https:\/\/richarms.com\/wp-content\/uploads\/2019\/09\/IMG_8418-300x292.jpg 300w, https:\/\/richarms.com\/wp-content\/uploads\/2019\/09\/IMG_8418-400x389.jpg 400w, https:\/\/richarms.com\/wp-content\/uploads\/2019\/09\/IMG_8418-500x487.jpg 500w, https:\/\/richarms.com\/wp-content\/uploads\/2019\/09\/IMG_8418-600x584.jpg 600w, https:\/\/richarms.com\/wp-content\/uploads\/2019\/09\/IMG_8418-700x681.jpg 700w, https:\/\/richarms.com\/wp-content\/uploads\/2019\/09\/IMG_8418.jpg 750w\" data-sizes=\"auto\" data-orig-sizes=\"(max-width: 750px) 100vw, 750px\" \/><\/p>\n<p>Clipe de dinheiro El\u00e1stico<br \/>\nO clipe de dinheiro cl\u00e1ssico \u00e9 feito de a\u00e7o inoxid\u00e1vel e pode ser utilizado para guardar dinheiro \u00e0 m\u00e3o. A cinta flex\u00edvel adapt\u00e1vel aumentou significativamente a capacidade de reten\u00e7\u00e3o de cart\u00f5es, sendo simplesmente apropriada para o porta-cart\u00f5es, porta-cart\u00f5es de d\u00e9bito de dinheiro em alum\u00ednio leve e preto para ser carregada no bolso da frente e de tr\u00e1s da cal\u00e7a.<\/p>\n<p>Carteiras finas e ultraleves para homens, mais finas do que as carteiras convencionais, pesam apenas 2,1 OZ e t\u00eam maior capacidade de armazenamento, com design para at\u00e9 15 cart\u00f5es.<br \/>\n<img decoding=\"async\" class=\"lazyload alignnone size-full wp-image-6371\" src=\"https:\/\/richarms.com\/wp-content\/uploads\/2019\/07\/IMG_8228.jpg\" data-orig-src=\"https:\/\/richarms.com\/wp-content\/uploads\/2019\/07\/IMG_8228.jpg\" alt=\"\" width=\"750\" height=\"590\" srcset=\"data:image\/svg+xml,%3Csvg%20xmlns%3D%27http%3A%2F%2Fwww.w3.org%2F2000%2Fsvg%27%20width%3D%27750%27%20height%3D%27590%27%20viewBox%3D%270%200%20750%20590%27%3E%3Crect%20width%3D%27750%27%20height%3D%27590%27%20fill-opacity%3D%220%22%2F%3E%3C%2Fsvg%3E\" data-srcset=\"https:\/\/richarms.com\/wp-content\/uploads\/2019\/07\/IMG_8228-200x157.jpg 200w, https:\/\/richarms.com\/wp-content\/uploads\/2019\/07\/IMG_8228-300x236.jpg 300w, https:\/\/richarms.com\/wp-content\/uploads\/2019\/07\/IMG_8228-400x315.jpg 400w, https:\/\/richarms.com\/wp-content\/uploads\/2019\/07\/IMG_8228-500x393.jpg 500w, https:\/\/richarms.com\/wp-content\/uploads\/2019\/07\/IMG_8228-600x472.jpg 600w, https:\/\/richarms.com\/wp-content\/uploads\/2019\/07\/IMG_8228-700x551.jpg 700w, https:\/\/richarms.com\/wp-content\/uploads\/2019\/07\/IMG_8228.jpg 750w\" data-sizes=\"auto\" data-orig-sizes=\"(max-width: 750px) 100vw, 750px\" \/><\/p>\n<p><img decoding=\"async\" class=\"lazyload alignnone size-full wp-image-6435\" src=\"https:\/\/richarms.com\/wp-content\/uploads\/2019\/09\/IMG_8421.jpg\" data-orig-src=\"https:\/\/richarms.com\/wp-content\/uploads\/2019\/09\/IMG_8421.jpg\" alt=\"\" width=\"750\" height=\"511\" srcset=\"data:image\/svg+xml,%3Csvg%20xmlns%3D%27http%3A%2F%2Fwww.w3.org%2F2000%2Fsvg%27%20width%3D%27750%27%20height%3D%27511%27%20viewBox%3D%270%200%20750%20511%27%3E%3Crect%20width%3D%27750%27%20height%3D%27511%27%20fill-opacity%3D%220%22%2F%3E%3C%2Fsvg%3E\" data-srcset=\"https:\/\/richarms.com\/wp-content\/uploads\/2019\/09\/IMG_8421-200x136.jpg 200w, https:\/\/richarms.com\/wp-content\/uploads\/2019\/09\/IMG_8421-300x204.jpg 300w, https:\/\/richarms.com\/wp-content\/uploads\/2019\/09\/IMG_8421-400x273.jpg 400w, https:\/\/richarms.com\/wp-content\/uploads\/2019\/09\/IMG_8421-500x341.jpg 500w, https:\/\/richarms.com\/wp-content\/uploads\/2019\/09\/IMG_8421-600x409.jpg 600w, https:\/\/richarms.com\/wp-content\/uploads\/2019\/09\/IMG_8421-700x477.jpg 700w, https:\/\/richarms.com\/wp-content\/uploads\/2019\/09\/IMG_8421.jpg 750w\" data-sizes=\"auto\" data-orig-sizes=\"(max-width: 750px) 100vw, 750px\" \/><\/p>\n<p>Bloqueio de RFID Mantenha seus dados pessoais e seu cart\u00e3o banc\u00e1rio longe das ferramentas de escaneamento dos ladr\u00f5es e garanta a seguran\u00e7a de sua propriedade pessoal. O slide pocketbook mais distante protege seu cart\u00e3o banc\u00e1rio, cart\u00f5es de d\u00e9bito, passaportes e carteiras de motorista.<\/p>\n<p>Excelente alta qualidade Fabricado com revestimento de fibra de carbono de alta qualidade, anticorros\u00e3o, robusto e tamb\u00e9m de f\u00e1cil coloca\u00e7\u00e3o, garante uma longa vida \u00fatil. A estrutura de fibra premium n\u00e3o \u00e9 apenas um tipo de sensa\u00e7\u00e3o de toque, mas tamb\u00e9m um tipo de senso de vis\u00e3o.<\/p>\n<p>Material: Fibra de carbono e a\u00e7o inoxid\u00e1vel<br \/>\nTamanho: 86x54mm<br \/>\nPeso: 80g<br \/>\nM\u00e9todo de embalagem: 1 unidade\/saco de papel, 1 saco\/caixa<br \/>\nServi\u00e7o personalizado: Logotipo do cliente, caixa promocional e porta-cart\u00f5es personalizados dispon\u00edveis<br \/>\nCor: preto<br \/>\nAplica\u00e7\u00e3o: Item promocional, brinde promocional, moda masculina<\/p>\n<p>&nbsp;<\/p>\n<p><img decoding=\"async\" class=\"lazyload alignnone size-full wp-image-6367\" src=\"https:\/\/richarms.com\/wp-content\/uploads\/2019\/07\/IMG_8220.jpg\" data-orig-src=\"https:\/\/richarms.com\/wp-content\/uploads\/2019\/07\/IMG_8220.jpg\" alt=\"\" width=\"750\" height=\"600\" srcset=\"data:image\/svg+xml,%3Csvg%20xmlns%3D%27http%3A%2F%2Fwww.w3.org%2F2000%2Fsvg%27%20width%3D%27750%27%20height%3D%27600%27%20viewBox%3D%270%200%20750%20600%27%3E%3Crect%20width%3D%27750%27%20height%3D%27600%27%20fill-opacity%3D%220%22%2F%3E%3C%2Fsvg%3E\" data-srcset=\"https:\/\/richarms.com\/wp-content\/uploads\/2019\/07\/IMG_8220-177x142.jpg 177w, https:\/\/richarms.com\/wp-content\/uploads\/2019\/07\/IMG_8220-200x160.jpg 200w, https:\/\/richarms.com\/wp-content\/uploads\/2019\/07\/IMG_8220-300x240.jpg 300w, https:\/\/richarms.com\/wp-content\/uploads\/2019\/07\/IMG_8220-400x320.jpg 400w, https:\/\/richarms.com\/wp-content\/uploads\/2019\/07\/IMG_8220-500x400.jpg 500w, https:\/\/richarms.com\/wp-content\/uploads\/2019\/07\/IMG_8220-600x480.jpg 600w, https:\/\/richarms.com\/wp-content\/uploads\/2019\/07\/IMG_8220-700x560.jpg 700w, https:\/\/richarms.com\/wp-content\/uploads\/2019\/07\/IMG_8220.jpg 750w\" data-sizes=\"auto\" data-orig-sizes=\"(max-width: 750px) 100vw, 750px\" \/><\/p>\n<p>Outro design de carteira de metal <a href=\"https:\/\/richarms.com\/pt\/categoria-produto\/metal-wallet-card-holder\/\">compre aqui<\/a>, Small order pls <a href=\"https:\/\/www.richarmshardware.com\/collections\/metal-wallet-card-holder\">compre aqui<\/a><\/p>","protected":false},"excerpt":{"rendered":"<p><strong>Material:<\/strong> Fibra de carbono<br \/>\n<strong>Uso:<\/strong> Brinde promocional, porta-cart\u00f5es<br \/>\n<strong>Tamanho:<\/strong> 54x86x8mm<\/p>\n<h4><strong>A carteira de metal substituir\u00e1 a carteira tradicional:<\/strong><\/h4>\n<div><strong>- Tamanho pequeno:<\/strong> F\u00e1cil de colocar no bolso ou em uma mini bolsa popular<\/div>\n<div><strong>- Dur\u00e1vel:<\/strong> O metal \u00e9 resistente e duro, bom o suficiente para resistir a um objeto pontiagudo, como uma chave guardada em sua bolsa ou bolso.<\/div>\n<div><strong>- Bloco RFID:<\/strong> o cart\u00e3o de cr\u00e9dito \u00e9 seguro para ser mantido na carteira<\/div>\n<div><strong>- POD dispon\u00edvel:<\/strong> Voc\u00ea pode colocar o seu logotipo para a marca ou o nome do cliente na carteira para presente, facilmente por laser ou serigrafia<\/div>\n<div><strong>- Inovador:<\/strong> Voc\u00ea pode pintar ou borrifar facilmente na parte met\u00e1lica<\/div>","protected":false},"featured_media":6428,"template":"","meta":[],"product_brand":[],"product_cat":[67],"product_tag":[],"class_list":{"0":"post-6427","1":"product","2":"type-product","3":"status-publish","4":"has-post-thumbnail","6":"product_cat-metal-wallet-card-holder","8":"first","9":"instock","10":"shipping-taxable","11":"product-type-simple"},"aioseo_notices":[],"_links":{"self":[{"href":"https:\/\/richarms.com\/pt\/wp-json\/wp\/v2\/product\/6427","targetHints":{"allow":["GET"]}}],"collection":[{"href":"https:\/\/richarms.com\/pt\/wp-json\/wp\/v2\/product"}],"about":[{"href":"https:\/\/richarms.com\/pt\/wp-json\/wp\/v2\/types\/product"}],"wp:featuredmedia":[{"embeddable":true,"href":"https:\/\/richarms.com\/pt\/wp-json\/wp\/v2\/media\/6428"}],"wp:attachment":[{"href":"https:\/\/richarms.com\/pt\/wp-json\/wp\/v2\/media?parent=6427"}],"wp:term":[{"taxonomy":"product_brand","embeddable":true,"href":"https:\/\/richarms.com\/pt\/wp-json\/wp\/v2\/product_brand?post=6427"},{"taxonomy":"product_cat","embeddable":true,"href":"https:\/\/richarms.com\/pt\/wp-json\/wp\/v2\/product_cat?post=6427"},{"taxonomy":"product_tag","embeddable":true,"href":"https:\/\/richarms.com\/pt\/wp-json\/wp\/v2\/product_tag?post=6427"}],"curies":[{"name":"wp","href":"https:\/\/api.w.org\/{rel}","templated":true}]}}