{"id":6602,"date":"2021-07-02T16:52:33","date_gmt":"2021-07-02T08:52:33","guid":{"rendered":"https:\/\/richarms.com\/?post_type=product&#038;p=6602"},"modified":"2025-02-23T11:36:20","modified_gmt":"2025-02-23T03:36:20","slug":"spring-loaded-money-clip","status":"publish","type":"product","link":"https:\/\/richarms.com\/pt\/product\/spring-loaded-money-clip","title":{"rendered":"Clipe de dinheiro"},"content":{"rendered":"<h1 class=\"ma-title\" title=\"Clipe de dinheiro com mola de metal personalizado Clipe de dinheiro para acess\u00f3rios de carteira Fabricado na China\">Substitui\u00e7\u00e3o da barra do clipe de dinheiro em lat\u00e3o<\/h1>\n<p data-start=\"133\" data-end=\"262\"><strong data-start=\"133\" data-end=\"146\">Material:<\/strong><br data-start=\"146\" data-end=\"149\" \/>Feito de <strong data-start=\"159\" data-end=\"181\">lat\u00e3o de alta qualidade<\/strong>, <strong data-start=\"183\" data-end=\"192\">a\u00e7o<\/strong>e <strong data-start=\"198\" data-end=\"212\">liga de zinco<\/strong>garantindo durabilidade e um acabamento elegante e moderno.<\/p>\n<p data-start=\"264\" data-end=\"388\"><strong data-start=\"264\" data-end=\"273\">Tamanho:<\/strong><br data-start=\"273\" data-end=\"276\" \/>Dispon\u00edvel em uma variedade de tamanhos para atender \u00e0s suas necessidades:<br data-start=\"324\" data-end=\"327\" \/><strong data-start=\"327\" data-end=\"338\">Comprimento:<\/strong> 65 mm, 70 mm, 75 mm, 80 mm, 85 mm, 90 mm, 100 mm, 105 mm.<\/p>\n<p data-start=\"390\" data-end=\"466\"><strong data-start=\"390\" data-end=\"405\">Peso l\u00edquido:<\/strong><br data-start=\"405\" data-end=\"408\" \/><strong data-start=\"408\" data-end=\"418\">10-15g<\/strong> - Leve e conveniente para facilitar o transporte.<\/p>\n<div id=\"attachment_6603\" style=\"width: 310px\" class=\"wp-caption alignnone\"><img decoding=\"async\" aria-describedby=\"caption-attachment-6603\" class=\"lazyload wp-image-6603 size-medium\" src=\"https:\/\/richarms.com\/wp-content\/uploads\/2019\/11\/bill-holder-cash-clips-richarms-2-300x300.jpg\" data-orig-src=\"https:\/\/richarms.com\/wp-content\/uploads\/2019\/11\/bill-holder-cash-clips-richarms-2-300x300.jpg\" alt=\"Brass money clip bar shown at 90\u00b0 and 180\u00b0 angles for wallet fitting\" width=\"300\" height=\"300\" srcset=\"data:image\/svg+xml,%3Csvg%20xmlns%3D%27http%3A%2F%2Fwww.w3.org%2F2000%2Fsvg%27%20width%3D%27300%27%20height%3D%27300%27%20viewBox%3D%270%200%20300%20300%27%3E%3Crect%20width%3D%27300%27%20height%3D%27300%27%20fill-opacity%3D%220%22%2F%3E%3C%2Fsvg%3E\" data-srcset=\"https:\/\/richarms.com\/wp-content\/uploads\/2019\/11\/bill-holder-cash-clips-richarms-2-66x66.jpg 66w, https:\/\/richarms.com\/wp-content\/uploads\/2019\/11\/bill-holder-cash-clips-richarms-2-100x100.jpg 100w, https:\/\/richarms.com\/wp-content\/uploads\/2019\/11\/bill-holder-cash-clips-richarms-2-150x150.jpg 150w, https:\/\/richarms.com\/wp-content\/uploads\/2019\/11\/bill-holder-cash-clips-richarms-2-200x200.jpg 200w, https:\/\/richarms.com\/wp-content\/uploads\/2019\/11\/bill-holder-cash-clips-richarms-2-300x300.jpg 300w, https:\/\/richarms.com\/wp-content\/uploads\/2019\/11\/bill-holder-cash-clips-richarms-2-400x400.jpg 400w, https:\/\/richarms.com\/wp-content\/uploads\/2019\/11\/bill-holder-cash-clips-richarms-2-500x500.jpg 500w, https:\/\/richarms.com\/wp-content\/uploads\/2019\/11\/bill-holder-cash-clips-richarms-2-600x600.jpg 600w, https:\/\/richarms.com\/wp-content\/uploads\/2019\/11\/bill-holder-cash-clips-richarms-2-700x700.jpg 700w, https:\/\/richarms.com\/wp-content\/uploads\/2019\/11\/bill-holder-cash-clips-richarms-2-768x768.jpg 768w, https:\/\/richarms.com\/wp-content\/uploads\/2019\/11\/bill-holder-cash-clips-richarms-2-800x800.jpg 800w, https:\/\/richarms.com\/wp-content\/uploads\/2019\/11\/bill-holder-cash-clips-richarms-2-1024x1024.jpg 1024w, https:\/\/richarms.com\/wp-content\/uploads\/2019\/11\/bill-holder-cash-clips-richarms-2-1200x1200.jpg 1200w\" data-sizes=\"auto\" data-orig-sizes=\"(max-width: 300px) 100vw, 300px\" \/><p id=\"caption-attachment-6603\" class=\"wp-caption-text\">Vista da barra do clipe de dinheiro em \u00e2ngulos de 90\u00b0 e 180\u00b0, mostrando sua flexibilidade e op\u00e7\u00f5es de encaixe para diferentes tamanhos de carteira.<\/p><\/div>\n<p data-start=\"468\" data-end=\"619\"><strong data-start=\"468\" data-end=\"486\">Op\u00e7\u00f5es de cores:<\/strong><br data-start=\"486\" data-end=\"489\" \/>Escolha entre uma variedade de cores: <strong data-start=\"522\" data-end=\"530\">Ouro<\/strong>, <strong data-start=\"532\" data-end=\"542\">Prata<\/strong>, <strong data-start=\"544\" data-end=\"556\">Gunmetal<\/strong>, <strong data-start=\"558\" data-end=\"575\">Lat\u00e3o antigo<\/strong>e <strong data-start=\"581\" data-end=\"598\">Pincel antigo<\/strong> para combinar com seu estilo.<\/p>\n<p data-start=\"621\" data-end=\"699\"><strong data-start=\"621\" data-end=\"631\">Forma:<\/strong><br data-start=\"631\" data-end=\"634\" \/>Cl\u00e1ssico <strong data-start=\"642\" data-end=\"649\">bar<\/strong> que complementa o design de sua carteira.<\/p>\n<p data-start=\"701\" data-end=\"723\"><strong data-start=\"701\" data-end=\"721\">Op\u00e7\u00f5es de embalagem:<\/strong><\/p>\n<ol data-start=\"724\" data-end=\"875\">\n<li data-start=\"724\" data-end=\"803\">A granel em polybag, saco opp ou saco de artilharia, ou de acordo com suas necessidades.<\/li>\n<li data-start=\"804\" data-end=\"875\">Quantidades adequadas acondicionadas em uma caixa de papel\u00e3o para um transporte seguro.<\/li>\n<\/ol>\n<p data-start=\"877\" data-end=\"923\"><strong data-start=\"877\" data-end=\"885\">MOQ:<\/strong><br data-start=\"885\" data-end=\"888\" \/><strong data-start=\"888\" data-end=\"899\">500 unidades<\/strong> quantidade m\u00ednima do pedido.<\/p>\n<p data-start=\"925\" data-end=\"948\"><strong data-start=\"925\" data-end=\"946\">Prazo de entrega da amostra:<\/strong><\/p>\n<ol data-start=\"949\" data-end=\"1060\">\n<li data-start=\"949\" data-end=\"1001\"><strong data-start=\"952\" data-end=\"972\">Amostras existentes<\/strong> est\u00e3o dispon\u00edveis a qualquer momento.<\/li>\n<li data-start=\"1002\" data-end=\"1060\"><strong data-start=\"1005\" data-end=\"1027\">Amostras personalizadas<\/strong> requer aproximadamente 1-2 semanas.<\/li>\n<\/ol>\n<p data-start=\"1062\" data-end=\"1148\"><strong data-start=\"1062\" data-end=\"1087\">Tempo de produ\u00e7\u00e3o:<\/strong><br data-start=\"1087\" data-end=\"1090\" \/>Normalmente, <strong data-start=\"1101\" data-end=\"1114\">1-2 semanas<\/strong>dependendo da quantidade do pedido.<\/p>\n<p data-start=\"1150\" data-end=\"1272\"><strong data-start=\"1150\" data-end=\"1170\">M\u00e9todo de envio:<\/strong><br data-start=\"1170\" data-end=\"1173\" \/>Dispon\u00edvel via <strong data-start=\"1187\" data-end=\"1194\">Mar<\/strong>, <strong data-start=\"1196\" data-end=\"1203\">Ar<\/strong>ou <strong data-start=\"1208\" data-end=\"1219\">Expresso<\/strong> (FedEx, DHL, UPS ou E-packet) para sua conveni\u00eancia.<\/p>\n<p data-start=\"1274\" data-end=\"1329\"><strong data-start=\"1274\" data-end=\"1290\">Certificado:<\/strong><br data-start=\"1290\" data-end=\"1293\" \/>Certifica\u00e7\u00e3o SGS para garantia de qualidade.<\/p>\n<p data-start=\"1331\" data-end=\"1416\"><strong data-start=\"1331\" data-end=\"1349\">Condi\u00e7\u00f5es de pagamento:<\/strong><br data-start=\"1349\" data-end=\"1352\" \/>Aceitamos <strong data-start=\"1362\" data-end=\"1372\">PayPal<\/strong>, <strong data-start=\"1374\" data-end=\"1391\">Western Union<\/strong>ou <strong data-start=\"1396\" data-end=\"1403\">T\/T<\/strong> para pagamento.<\/p>\n<p data-start=\"1418\" data-end=\"1542\"><strong data-start=\"1418\" data-end=\"1430\">Observa\u00e7\u00f5es:<\/strong><br data-start=\"1430\" data-end=\"1433\" \/><strong data-start=\"1433\" data-end=\"1449\">Servi\u00e7os de OEM<\/strong> s\u00e3o bem-vindos, permitindo que voc\u00ea personalize o <strong data-start=\"1496\" data-end=\"1514\">barra de clipe de dinheiro<\/strong> para atender \u00e0s suas necessidades de marca.<\/p>\n<p data-start=\"1418\" data-end=\"1542\"><strong>Aplicativo<\/strong><\/p>\n<p data-start=\"1418\" data-end=\"1542\">Hardware de clipe de dinheiro para carteiras<\/p>\n<div id=\"attachment_6589\" style=\"width: 310px\" class=\"wp-caption alignnone\"><img decoding=\"async\" aria-describedby=\"caption-attachment-6589\" class=\"lazyload wp-image-6589 size-medium\" src=\"https:\/\/richarms.com\/wp-content\/uploads\/2019\/11\/2019-11-26_155829-300x232.png\" data-orig-src=\"https:\/\/richarms.com\/wp-content\/uploads\/2019\/11\/2019-11-26_155829-300x232.png\" alt=\"Brass money clip bar used in wallet fold as wallet expansion accessory\" width=\"300\" height=\"232\" srcset=\"data:image\/svg+xml,%3Csvg%20xmlns%3D%27http%3A%2F%2Fwww.w3.org%2F2000%2Fsvg%27%20width%3D%27300%27%20height%3D%27232%27%20viewBox%3D%270%200%20300%20232%27%3E%3Crect%20width%3D%27300%27%20height%3D%27232%27%20fill-opacity%3D%220%22%2F%3E%3C%2Fsvg%3E\" data-srcset=\"https:\/\/richarms.com\/wp-content\/uploads\/2019\/11\/2019-11-26_155829-200x155.png 200w, https:\/\/richarms.com\/wp-content\/uploads\/2019\/11\/2019-11-26_155829-300x232.png 300w, https:\/\/richarms.com\/wp-content\/uploads\/2019\/11\/2019-11-26_155829-400x309.png 400w, https:\/\/richarms.com\/wp-content\/uploads\/2019\/11\/2019-11-26_155829-500x387.png 500w, https:\/\/richarms.com\/wp-content\/uploads\/2019\/11\/2019-11-26_155829.png 600w\" data-sizes=\"auto\" data-orig-sizes=\"(max-width: 300px) 100vw, 300px\" \/><p id=\"caption-attachment-6589\" class=\"wp-caption-text\">Barra de clipe de dinheiro aplicada \u00e0 dobra da carteira, acrescentando funcionalidade e op\u00e7\u00f5es de expans\u00e3o para sua carteira.<\/p><\/div>\n<div id=\"attachment_6590\" style=\"width: 310px\" class=\"wp-caption alignnone\"><img decoding=\"async\" aria-describedby=\"caption-attachment-6590\" class=\"lazyload wp-image-6590 size-medium\" src=\"https:\/\/richarms.com\/wp-content\/uploads\/2019\/11\/2019-11-26_155755-300x170.png\" data-orig-src=\"https:\/\/richarms.com\/wp-content\/uploads\/2019\/11\/2019-11-26_155755-300x170.png\" alt=\"Brass money clip bar used in wallet fold, increasing wallet storage capacity\" width=\"300\" height=\"170\" srcset=\"data:image\/svg+xml,%3Csvg%20xmlns%3D%27http%3A%2F%2Fwww.w3.org%2F2000%2Fsvg%27%20width%3D%27300%27%20height%3D%27170%27%20viewBox%3D%270%200%20300%20170%27%3E%3Crect%20width%3D%27300%27%20height%3D%27170%27%20fill-opacity%3D%220%22%2F%3E%3C%2Fsvg%3E\" data-srcset=\"https:\/\/richarms.com\/wp-content\/uploads\/2019\/11\/2019-11-26_155755-200x113.png 200w, https:\/\/richarms.com\/wp-content\/uploads\/2019\/11\/2019-11-26_155755-300x170.png 300w, https:\/\/richarms.com\/wp-content\/uploads\/2019\/11\/2019-11-26_155755-400x226.png 400w, https:\/\/richarms.com\/wp-content\/uploads\/2019\/11\/2019-11-26_155755-500x283.png 500w, https:\/\/richarms.com\/wp-content\/uploads\/2019\/11\/2019-11-26_155755-600x339.png 600w, https:\/\/richarms.com\/wp-content\/uploads\/2019\/11\/2019-11-26_155755-700x396.png 700w, https:\/\/richarms.com\/wp-content\/uploads\/2019\/11\/2019-11-26_155755-768x434.png 768w, https:\/\/richarms.com\/wp-content\/uploads\/2019\/11\/2019-11-26_155755-800x453.png 800w, https:\/\/richarms.com\/wp-content\/uploads\/2019\/11\/2019-11-26_155755.png 838w\" data-sizes=\"auto\" data-orig-sizes=\"(max-width: 300px) 100vw, 300px\" \/><p id=\"caption-attachment-6590\" class=\"wp-caption-text\">Um close-up da barra do clipe de dinheiro usada na dobra da carteira, proporcionando espa\u00e7o extra de armazenamento para seus itens.<\/p><\/div>\n<p>&nbsp;<\/p>\n<p><a href=\"https:\/\/richarms.com\/pt\/produto\/spring-money-clip\/\">Op\u00e7\u00e3o de primavera veja aqui<\/a><\/p>\n<p><a href=\"https:\/\/www.pinterest.com\/richarmsaccessoriesgroups\/innovative-product-applications-for-magnetic-snaps\/\">Mais ideias de inova\u00e7\u00e3o em clipes de dinheiro<\/a><\/p>","protected":false},"excerpt":{"rendered":"<p>Nome do produto:  Barra de grampo para dinheiro<br \/>\nMaterial:  A\u00e7o, lat\u00e3o, liga de Zn<br \/>\nTamanho:  Comprimento: 65\/70\/75\/80\/85\/90\/100\/105 mm<br \/>\nPeso l\u00edquido: 10-15g<br \/>\nCor: ouro, prata, pistola, lat\u00e3o antigo, escova antiga<\/p>","protected":false},"featured_media":6604,"template":"","meta":[],"product_brand":[],"product_cat":[74],"product_tag":[],"class_list":{"0":"post-6602","1":"product","2":"type-product","3":"status-publish","4":"has-post-thumbnail","6":"product_cat-dollar-holder","8":"first","9":"instock","10":"shipping-taxable","11":"product-type-simple"},"aioseo_notices":[],"_links":{"self":[{"href":"https:\/\/richarms.com\/pt\/wp-json\/wp\/v2\/product\/6602","targetHints":{"allow":["GET"]}}],"collection":[{"href":"https:\/\/richarms.com\/pt\/wp-json\/wp\/v2\/product"}],"about":[{"href":"https:\/\/richarms.com\/pt\/wp-json\/wp\/v2\/types\/product"}],"wp:featuredmedia":[{"embeddable":true,"href":"https:\/\/richarms.com\/pt\/wp-json\/wp\/v2\/media\/6604"}],"wp:attachment":[{"href":"https:\/\/richarms.com\/pt\/wp-json\/wp\/v2\/media?parent=6602"}],"wp:term":[{"taxonomy":"product_brand","embeddable":true,"href":"https:\/\/richarms.com\/pt\/wp-json\/wp\/v2\/product_brand?post=6602"},{"taxonomy":"product_cat","embeddable":true,"href":"https:\/\/richarms.com\/pt\/wp-json\/wp\/v2\/product_cat?post=6602"},{"taxonomy":"product_tag","embeddable":true,"href":"https:\/\/richarms.com\/pt\/wp-json\/wp\/v2\/product_tag?post=6602"}],"curies":[{"name":"wp","href":"https:\/\/api.w.org\/{rel}","templated":true}]}}