{"id":6954,"date":"2021-07-10T10:19:26","date_gmt":"2021-07-10T02:19:26","guid":{"rendered":"https:\/\/richarms.com\/?post_type=product&#038;p=6954"},"modified":"2021-07-14T10:17:19","modified_gmt":"2021-07-14T02:17:19","slug":"magnetic-lock-badge","status":"publish","type":"product","link":"https:\/\/richarms.com\/pt\/produto\/magnetic-lock-badge","title":{"rendered":"Trava magn\u00e9tica para notebook"},"content":{"rendered":"<h2 class=\"ma-title\" title=\"Novo estilo de trava magn\u00e9tica em forma de cora\u00e7\u00e3o de liga de zinco para bolsa de metal, amostra gr\u00e1tis no atacado\" data-spm-anchor-id=\"a2700.wholesale.maonnacta.i1.7dac1ceewoqAeY\">New Style Zinc Alloy Badge Shape Magnetic Lock For Handbag &amp; Purse<\/h2>\n<p class=\"ma-title\" title=\"Novo estilo de trava magn\u00e9tica em forma de cora\u00e7\u00e3o de liga de zinco para bolsa de metal, amostra gr\u00e1tis no atacado\" data-spm-anchor-id=\"a2700.wholesale.maonnacta.i1.7dac1ceewoqAeY\">Cor: ouro claro, n\u00edquel, ouro rosa, lat\u00e3o antigo, pincel antigo e outras cores.<br \/>\nMaterial: liga de zinco<br \/>\nUso: fabrica\u00e7\u00e3o de bolsas, montagem com fechos magn\u00e9ticos<br \/>\nUnit weight: 27 g<br \/>\nMOQ: 1000 unidades (3 cores mistas) por remessa<\/p>\n<p title=\"Novo estilo de trava magn\u00e9tica em forma de cora\u00e7\u00e3o de liga de zinco para bolsa de metal, amostra gr\u00e1tis no atacado\" data-spm-anchor-id=\"a2700.wholesale.maonnacta.i1.7dac1ceewoqAeY\">Tamanho conforme abaixo:<\/p>\n<p title=\"Novo estilo de trava magn\u00e9tica em forma de cora\u00e7\u00e3o de liga de zinco para bolsa de metal, amostra gr\u00e1tis no atacado\" data-spm-anchor-id=\"a2700.wholesale.maonnacta.i1.7dac1ceewoqAeY\"><img decoding=\"async\" class=\"lazyload alignnone wp-image-6945 size-full\" src=\"https:\/\/richarms.com\/wp-content\/uploads\/2020\/09\/rectangular-3.jpg\" data-orig-src=\"https:\/\/richarms.com\/wp-content\/uploads\/2020\/09\/rectangular-3.jpg\" alt=\"\" width=\"800\" height=\"800\" srcset=\"data:image\/svg+xml,%3Csvg%20xmlns%3D%27http%3A%2F%2Fwww.w3.org%2F2000%2Fsvg%27%20width%3D%27800%27%20height%3D%27800%27%20viewBox%3D%270%200%20800%20800%27%3E%3Crect%20width%3D%27800%27%20height%3D%27800%27%20fill-opacity%3D%220%22%2F%3E%3C%2Fsvg%3E\" data-srcset=\"https:\/\/richarms.com\/wp-content\/uploads\/2020\/09\/rectangular-3-66x66.jpg 66w, https:\/\/richarms.com\/wp-content\/uploads\/2020\/09\/rectangular-3-100x100.jpg 100w, https:\/\/richarms.com\/wp-content\/uploads\/2020\/09\/rectangular-3-150x150.jpg 150w, https:\/\/richarms.com\/wp-content\/uploads\/2020\/09\/rectangular-3-200x200.jpg 200w, https:\/\/richarms.com\/wp-content\/uploads\/2020\/09\/rectangular-3-300x300.jpg 300w, https:\/\/richarms.com\/wp-content\/uploads\/2020\/09\/rectangular-3-400x400.jpg 400w, https:\/\/richarms.com\/wp-content\/uploads\/2020\/09\/rectangular-3-500x500.jpg 500w, https:\/\/richarms.com\/wp-content\/uploads\/2020\/09\/rectangular-3-600x600.jpg 600w, https:\/\/richarms.com\/wp-content\/uploads\/2020\/09\/rectangular-3-700x700.jpg 700w, https:\/\/richarms.com\/wp-content\/uploads\/2020\/09\/rectangular-3-768x768.jpg 768w, https:\/\/richarms.com\/wp-content\/uploads\/2020\/09\/rectangular-3.jpg 800w\" data-sizes=\"auto\" data-orig-sizes=\"(max-width: 800px) 100vw, 800px\" \/><\/p>\n<p>&nbsp;<\/p>\n<p>&nbsp;<\/p>","protected":false},"excerpt":{"rendered":"<p>Badge Shape Magnetic Lock for Bag, Purse &amp; Notebook<\/p>\n<p>Cor: ouro claro, n\u00edquel, ouro rosa, lat\u00e3o antigo, pincel antigo e outras cores.<br \/>\nMaterial: liga de zinco<br \/>\nUso: fabrica\u00e7\u00e3o de bolsas, montagem com fechos magn\u00e9ticos<br \/>\nUnit weight: 27 g<br \/>\nMOQ: 1000 unidades (3 cores mistas) por remessa<\/p>","protected":false},"featured_media":6946,"template":"","meta":[],"product_brand":[],"product_cat":[77],"product_tag":[],"class_list":{"0":"post-6954","1":"product","2":"type-product","3":"status-publish","4":"has-post-thumbnail","6":"product_cat-zinc-alloy-magnetic-lock","8":"first","9":"instock","10":"shipping-taxable","11":"product-type-simple"},"aioseo_notices":[],"_links":{"self":[{"href":"https:\/\/richarms.com\/pt\/wp-json\/wp\/v2\/product\/6954","targetHints":{"allow":["GET"]}}],"collection":[{"href":"https:\/\/richarms.com\/pt\/wp-json\/wp\/v2\/product"}],"about":[{"href":"https:\/\/richarms.com\/pt\/wp-json\/wp\/v2\/types\/product"}],"wp:featuredmedia":[{"embeddable":true,"href":"https:\/\/richarms.com\/pt\/wp-json\/wp\/v2\/media\/6946"}],"wp:attachment":[{"href":"https:\/\/richarms.com\/pt\/wp-json\/wp\/v2\/media?parent=6954"}],"wp:term":[{"taxonomy":"product_brand","embeddable":true,"href":"https:\/\/richarms.com\/pt\/wp-json\/wp\/v2\/product_brand?post=6954"},{"taxonomy":"product_cat","embeddable":true,"href":"https:\/\/richarms.com\/pt\/wp-json\/wp\/v2\/product_cat?post=6954"},{"taxonomy":"product_tag","embeddable":true,"href":"https:\/\/richarms.com\/pt\/wp-json\/wp\/v2\/product_tag?post=6954"}],"curies":[{"name":"wp","href":"https:\/\/api.w.org\/{rel}","templated":true}]}}