{"id":7011,"date":"2021-07-10T17:43:14","date_gmt":"2021-07-10T09:43:14","guid":{"rendered":"https:\/\/richarms.com\/?post_type=product&#038;p=7011"},"modified":"2025-03-13T14:53:29","modified_gmt":"2025-03-13T06:53:29","slug":"magnetic-closure-half-moon","status":"publish","type":"product","link":"https:\/\/richarms.com\/pt\/product\/magnetic-closure-half-moon","title":{"rendered":"Trava magn\u00e9tica Half Moon - Hardware personalizado em liga de zinco"},"content":{"rendered":"<h1 data-start=\"309\" data-end=\"377\"><strong data-start=\"311\" data-end=\"377\">Novo estilo de trava magn\u00e9tica de meia-lua em liga de zinco para bolsas e carteiras<\/strong><\/h1>\n<p data-start=\"379\" data-end=\"910\">Quando se trata de adicionar um toque de estilo e conveni\u00eancia a bolsas, carteiras ou at\u00e9 mesmo capas de couro para di\u00e1rios, a <strong data-start=\"493\" data-end=\"541\">Novo estilo de trava magn\u00e9tica de meia-lua em liga de zinco<\/strong> se destaca como uma op\u00e7\u00e3o premium. Projetado com um formato semicircular exclusivo, esse hardware n\u00e3o s\u00f3 proporciona um fechamento seguro, mas tamb\u00e9m serve como um destaque decorativo na aba do seu produto. Com v\u00e1rias op\u00e7\u00f5es de cores e possibilidades de personaliza\u00e7\u00e3o, \u00e9 a solu\u00e7\u00e3o ideal para propriet\u00e1rios de marcas, atacadistas e designers que buscam um fechamento atraente e funcional.<\/p>\n<hr data-start=\"912\" data-end=\"915\" \/>\n<h2 data-start=\"917\" data-end=\"975\"><strong data-start=\"920\" data-end=\"975\">Por que a trava magn\u00e9tica Half Moon \u00e9 t\u00e3o atraente<\/strong><\/h2>\n<h3 data-start=\"977\" data-end=\"1021\"><strong data-start=\"981\" data-end=\"1021\">Forma elegante e fechamento seguro<\/strong><\/h3>\n<p data-start=\"1023\" data-end=\"1493\">O formato de meia-lua oferece uma silhueta elegante e curva que complementa os contornos da aba de uma bolsa ou da capa de um notebook. Esse design ajuda a proteger as bordas do couro ou de outro material, minimizando o desgaste. Enquanto isso, o mecanismo magn\u00e9tico garante um \"clique\" r\u00e1pido e confi\u00e1vel ao fechar, proporcionando aos usu\u00e1rios a sensa\u00e7\u00e3o satisfat\u00f3ria de seguran\u00e7a que eles esperam de um hardware de bolsa premium. Cada cadeado pesa cerca de 15 gramas, atingindo um equil\u00edbrio entre sensa\u00e7\u00e3o s\u00f3lida e volume m\u00ednimo.<\/p>\n<h3 data-start=\"1495\" data-end=\"1546\"><strong data-start=\"1499\" data-end=\"1546\">Uso vers\u00e1til em v\u00e1rios produtos<\/strong><\/h3>\n<p data-start=\"1548\" data-end=\"1897\">Embora inicialmente popular em bolsas e carteiras, a utilidade desse hardware vai al\u00e9m da fabrica\u00e7\u00e3o de bolsas padr\u00e3o. Muitos clientes o integram em di\u00e1rios de couro, embalagens para presentes e outros acess\u00f3rios de alta qualidade. O formato de meia-lua se torna um ponto focal no exterior do produto, acrescentando um toque sofisticado e, ao mesmo tempo, desempenhando uma fun\u00e7\u00e3o pr\u00e1tica.<\/p>\n<h3 data-start=\"1899\" data-end=\"1944\"><strong data-start=\"1903\" data-end=\"1944\">Montagem f\u00e1cil com fechos magn\u00e9ticos<\/strong><\/h3>\n<p data-start=\"1946\" data-end=\"2306\">Cada pe\u00e7a em meia-lua trabalha em conjunto com um encaixe magn\u00e9tico correspondente no corpo da bolsa. O \u00edm\u00e3 garante o alinhamento sem esfor\u00e7o toda vez que o usu\u00e1rio fecha a aba. Como \u00e9 feito de liga de zinco, voc\u00ea pode confiar em sua durabilidade para uso repetido. A trava tamb\u00e9m ajuda a proteger o material subjacente contra o estresse, preservando a apar\u00eancia geral do seu produto.<\/p>\n<hr data-start=\"2308\" data-end=\"2311\" \/>\n<h2 data-start=\"2313\" data-end=\"2367\"><strong data-start=\"2316\" data-end=\"2367\">Solu\u00e7\u00f5es sob medida para atacado personalizado B2B<\/strong><\/h2>\n<h3 data-start=\"2369\" data-end=\"2405\"><strong data-start=\"2373\" data-end=\"2405\">Logotipo e marca personalizados<\/strong><\/h3>\n<p data-start=\"2407\" data-end=\"2782\">Entendemos que cada marca tem sua pr\u00f3pria identidade. \u00c9 por isso que nossa fechadura magn\u00e9tica meia-lua oferece v\u00e1rias op\u00e7\u00f5es de personaliza\u00e7\u00e3o, incluindo logotipos gravados ou em relevo, camadas de ep\u00f3xi e grava\u00e7\u00e3o a laser. N\u00e3o importa se voc\u00ea deseja que sua marca seja gravada sutilmente ou exibida de forma ousada, nossa equipe qualificada trabalhar\u00e1 com voc\u00ea para garantir que seu hardware se destaque sem comprometer a funcionalidade.<\/p>\n<h3 data-start=\"2784\" data-end=\"2824\"><strong data-start=\"2788\" data-end=\"2824\">V\u00e1rias cores e acabamentos<\/strong><\/h3>\n<p data-start=\"2826\" data-end=\"3225\">De <strong data-start=\"2831\" data-end=\"2868\">ouro claro, n\u00edquel e ouro rosa<\/strong> para <strong data-start=\"2872\" data-end=\"2889\">lat\u00e3o antigo<\/strong> e al\u00e9m, oferecemos uma ampla variedade de acabamentos para combinar com sua vis\u00e3o de design. Voc\u00ea pode optar por um brilho polido, uma textura escovada ou at\u00e9 mesmo um acabamento colorido especializado para combinar com os materiais da sua bolsa. Ao selecionar o revestimento perfeito, voc\u00ea elevar\u00e1 a apar\u00eancia do produto final e chamar\u00e1 a aten\u00e7\u00e3o em um mercado competitivo.<\/p>\n<h3 data-start=\"3227\" data-end=\"3272\"><strong data-start=\"3231\" data-end=\"3272\">MOQ eficiente e produ\u00e7\u00e3o r\u00e1pida<\/strong><\/h3>\n<p data-start=\"3274\" data-end=\"3637\">Nosso <strong data-start=\"3278\" data-end=\"3285\">MOQ<\/strong> de 1.000 pe\u00e7as (misturadas em 3 cores) \u00e9 adequado tanto para marcas estabelecidas quanto para empresas menores que desejam expandir suas linhas de produtos. Priorizamos prazos de entrega r\u00e1pidos, para que voc\u00ea possa receber seu hardware personalizado prontamente. Gra\u00e7as a processos simplificados e a uma equipe de produ\u00e7\u00e3o dedicada, oferecemos qualidade consistente que atende \u00e0s necessidades dos exigentes compradores B2B.<\/p>\n<hr data-start=\"3639\" data-end=\"3642\" \/>\n<h2 data-start=\"3644\" data-end=\"3686\"><strong data-start=\"3647\" data-end=\"3686\">Flexibilidade de material e design<\/strong><\/h2>\n<p data-start=\"3688\" data-end=\"4113\">Os principais usos de constru\u00e7\u00e3o <strong data-start=\"3718\" data-end=\"3732\">liga de zinco<\/strong>O a\u00e7o inoxid\u00e1vel \u00e9 um material de alta qualidade, valorizado por sua resist\u00eancia \u00e0 corros\u00e3o e maleabilidade, ideal para ser moldado em um perfil de meia-lua suave. Se voc\u00ea preferir outros materiais, como cobre, ferro ou a\u00e7o inoxid\u00e1vel, podemos explorar essas op\u00e7\u00f5es para atender ao seu projeto espec\u00edfico. T\u00e9cnicas de processamento profundo, como revestimento de ep\u00f3xi, grava\u00e7\u00e3o a laser e impress\u00e3o em tela de seda, tamb\u00e9m est\u00e3o dispon\u00edveis para refinar a apar\u00eancia final do seu hardware.<\/p>\n<div id=\"attachment_7007\" style=\"width: 310px\" class=\"wp-caption alignnone\"><img decoding=\"async\" aria-describedby=\"caption-attachment-7007\" class=\"lazyload size-medium wp-image-7007\" src=\"https:\/\/richarms.com\/wp-content\/uploads\/2020\/09\/IMG_054320200922-145009-300x300.jpg\" data-orig-src=\"https:\/\/richarms.com\/wp-content\/uploads\/2020\/09\/IMG_054320200922-145009-300x300.jpg\" alt=\"Rose gold half moon magnetic lock showcasing a modern, luxurious finish\" width=\"300\" height=\"300\" srcset=\"data:image\/svg+xml,%3Csvg%20xmlns%3D%27http%3A%2F%2Fwww.w3.org%2F2000%2Fsvg%27%20width%3D%27300%27%20height%3D%27300%27%20viewBox%3D%270%200%20300%20300%27%3E%3Crect%20width%3D%27300%27%20height%3D%27300%27%20fill-opacity%3D%220%22%2F%3E%3C%2Fsvg%3E\" data-srcset=\"https:\/\/richarms.com\/wp-content\/uploads\/2020\/09\/IMG_054320200922-145009-66x66.jpg 66w, https:\/\/richarms.com\/wp-content\/uploads\/2020\/09\/IMG_054320200922-145009-100x100.jpg 100w, https:\/\/richarms.com\/wp-content\/uploads\/2020\/09\/IMG_054320200922-145009-150x150.jpg 150w, https:\/\/richarms.com\/wp-content\/uploads\/2020\/09\/IMG_054320200922-145009-200x200.jpg 200w, https:\/\/richarms.com\/wp-content\/uploads\/2020\/09\/IMG_054320200922-145009-300x300.jpg 300w, https:\/\/richarms.com\/wp-content\/uploads\/2020\/09\/IMG_054320200922-145009-400x400.jpg 400w, https:\/\/richarms.com\/wp-content\/uploads\/2020\/09\/IMG_054320200922-145009-500x500.jpg 500w, https:\/\/richarms.com\/wp-content\/uploads\/2020\/09\/IMG_054320200922-145009-600x600.jpg 600w, https:\/\/richarms.com\/wp-content\/uploads\/2020\/09\/IMG_054320200922-145009-700x700.jpg 700w, https:\/\/richarms.com\/wp-content\/uploads\/2020\/09\/IMG_054320200922-145009.jpg 750w\" data-sizes=\"auto\" data-orig-sizes=\"(max-width: 300px) 100vw, 300px\" \/><p id=\"caption-attachment-7007\" class=\"wp-caption-text\">Uma op\u00e7\u00e3o de trava refinada para designs sofisticados de bolsas e notebooks<\/p><\/div>\n<div id=\"attachment_8231\" style=\"width: 310px\" class=\"wp-caption alignnone\"><img decoding=\"async\" aria-describedby=\"caption-attachment-8231\" class=\"lazyload size-medium wp-image-8231\" src=\"https:\/\/richarms.com\/wp-content\/uploads\/2021\/07\/41861741835558_.pic_-300x205.jpg\" data-orig-src=\"https:\/\/richarms.com\/wp-content\/uploads\/2021\/07\/41861741835558_.pic_-300x205.jpg\" alt=\"Half Moon Magnetic Lock sample surrounded by multiple color swatches\" width=\"300\" height=\"205\" srcset=\"data:image\/svg+xml,%3Csvg%20xmlns%3D%27http%3A%2F%2Fwww.w3.org%2F2000%2Fsvg%27%20width%3D%27300%27%20height%3D%27205%27%20viewBox%3D%270%200%20300%20205%27%3E%3Crect%20width%3D%27300%27%20height%3D%27205%27%20fill-opacity%3D%220%22%2F%3E%3C%2Fsvg%3E\" data-srcset=\"https:\/\/richarms.com\/wp-content\/uploads\/2021\/07\/41861741835558_.pic_-200x137.jpg 200w, https:\/\/richarms.com\/wp-content\/uploads\/2021\/07\/41861741835558_.pic_-300x205.jpg 300w, https:\/\/richarms.com\/wp-content\/uploads\/2021\/07\/41861741835558_.pic_-400x274.jpg 400w, https:\/\/richarms.com\/wp-content\/uploads\/2021\/07\/41861741835558_.pic_-500x342.jpg 500w, https:\/\/richarms.com\/wp-content\/uploads\/2021\/07\/41861741835558_.pic_-600x410.jpg 600w, https:\/\/richarms.com\/wp-content\/uploads\/2021\/07\/41861741835558_.pic_-700x479.jpg 700w, https:\/\/richarms.com\/wp-content\/uploads\/2021\/07\/41861741835558_.pic_-768x525.jpg 768w, https:\/\/richarms.com\/wp-content\/uploads\/2021\/07\/41861741835558_.pic_.jpg 800w\" data-sizes=\"auto\" data-orig-sizes=\"(max-width: 300px) 100vw, 300px\" \/><p id=\"caption-attachment-8231\" class=\"wp-caption-text\">Escolha entre ouro claro, n\u00edquel, ouro rosa, lat\u00e3o antigo e muito mais<\/p><\/div>\n<hr data-start=\"4115\" data-end=\"4118\" \/>\n<h2 data-start=\"4120\" data-end=\"4174\"><strong data-start=\"4123\" data-end=\"4174\">Eleve sua marca com um fecho de declara\u00e7\u00e3o<\/strong><\/h2>\n<p data-start=\"4176\" data-end=\"4637\">Um fechamento cuidadosamente projetado pode ser a diferen\u00e7a entre um produto comum e um que realmente se destaca. Ao escolher nossas <strong data-start=\"4311\" data-end=\"4359\">Novo estilo de trava magn\u00e9tica de meia-lua em liga de zinco<\/strong>Com o \u00edm\u00e3, voc\u00ea oferece aos seus clientes um recurso elegante e f\u00e1cil de usar que aumenta a praticidade e a impress\u00e3o geral do seu item. O formato acrescenta um toque art\u00edstico, enquanto o \u00edm\u00e3 garante uma fixa\u00e7\u00e3o r\u00e1pida e confi\u00e1vel - uma combina\u00e7\u00e3o imbat\u00edvel para acess\u00f3rios modernos.<\/p>\n<p data-start=\"4639\" data-end=\"4890\" data-is-last-node=\"\" data-is-only-node=\"\">Se estiver pronto para colaborar em um projeto personalizado ou quiser saber mais sobre nossos acabamentos e materiais, entre em contato com nossa equipe. Estamos ansiosos para ajud\u00e1-lo a criar uma bolsa de alta qualidade e um hardware para notebook que se identifique com a identidade de sua marca.<\/p>","protected":false},"excerpt":{"rendered":"<p>Trava magn\u00e9tica Half Moon para bolsas, carteiras e notebooks<\/p>\n<p>Cor: ouro claro, n\u00edquel, ouro rosa, lat\u00e3o antigo, pincel antigo e outras cores.<br \/>\nMaterial: liga de zinco<br \/>\nUso: fabrica\u00e7\u00e3o de bolsas, montagem com fechos magn\u00e9ticos<br \/>\nPeso unit\u00e1rio: 25g<br \/>\nMOQ: 1000 unidades (3 cores mistas) por remessa<\/p>","protected":false},"featured_media":7009,"template":"","meta":[],"product_brand":[],"product_cat":[77],"product_tag":[],"class_list":{"0":"post-7011","1":"product","2":"type-product","3":"status-publish","4":"has-post-thumbnail","6":"product_cat-zinc-alloy-magnetic-lock","8":"first","9":"instock","10":"shipping-taxable","11":"product-type-simple"},"aioseo_notices":[],"_links":{"self":[{"href":"https:\/\/richarms.com\/pt\/wp-json\/wp\/v2\/product\/7011","targetHints":{"allow":["GET"]}}],"collection":[{"href":"https:\/\/richarms.com\/pt\/wp-json\/wp\/v2\/product"}],"about":[{"href":"https:\/\/richarms.com\/pt\/wp-json\/wp\/v2\/types\/product"}],"wp:featuredmedia":[{"embeddable":true,"href":"https:\/\/richarms.com\/pt\/wp-json\/wp\/v2\/media\/7009"}],"wp:attachment":[{"href":"https:\/\/richarms.com\/pt\/wp-json\/wp\/v2\/media?parent=7011"}],"wp:term":[{"taxonomy":"product_brand","embeddable":true,"href":"https:\/\/richarms.com\/pt\/wp-json\/wp\/v2\/product_brand?post=7011"},{"taxonomy":"product_cat","embeddable":true,"href":"https:\/\/richarms.com\/pt\/wp-json\/wp\/v2\/product_cat?post=7011"},{"taxonomy":"product_tag","embeddable":true,"href":"https:\/\/richarms.com\/pt\/wp-json\/wp\/v2\/product_tag?post=7011"}],"curies":[{"name":"wp","href":"https:\/\/api.w.org\/{rel}","templated":true}]}}