{"id":7349,"date":"2021-07-11T07:30:20","date_gmt":"2021-07-10T23:30:20","guid":{"rendered":"https:\/\/richarms.com\/?post_type=product&#038;p=7349"},"modified":"2022-04-30T17:49:38","modified_gmt":"2022-04-30T09:49:38","slug":"hijab-magnetic-clip","status":"publish","type":"product","link":"https:\/\/richarms.com\/pt\/produto\/hijab-magnetic-clip","title":{"rendered":"Alfinetes magn\u00e9ticos para Hijab"},"content":{"rendered":"<p><strong>No Hole No Neodymium Small Cute Hijab Magnets \/ Luxury Lady Jewelry<\/strong><\/p>\n<p>Muslim Strong Magnetic Silk Scarf Hijab Pins for Sale Here!<br \/>\nWe hold different color for the shiny stylish magnetic scarf jewelry. This cute magnets for sale can be customized in different shape, size, color, and with your logo.<\/p>\n<p><strong><b>C\u00f3digo e tamanho:<\/b><\/strong><\/p>\n<table>\n<tbody>\n<tr>\n<td width=\"79\">C\u00f3digo<\/td>\n<td width=\"70\">Tamanho<\/td>\n<td width=\"83\">\u00a0Espessura<\/td>\n<td width=\"93\">Tamanho do \u00edm\u00e3<\/td>\n<td width=\"125\">Imagem<\/td>\n<td width=\"269\">Descri\u00e7\u00e3o<\/td>\n<\/tr>\n<tr>\n<td width=\"79\">RC-H1460<\/td>\n<td width=\"70\">14 mm<\/td>\n<td width=\"83\">6 mm<\/td>\n<td width=\"93\">10 mm<\/td>\n<td width=\"125\"><img decoding=\"async\" class=\"lazyload alignnone size-full wp-image-7365\" src=\"https:\/\/richarms.com\/wp-content\/uploads\/2021\/09\/Richarms-star-hijab-magent-121.png\" data-orig-src=\"https:\/\/richarms.com\/wp-content\/uploads\/2021\/09\/Richarms-star-hijab-magent-121.png\" alt=\"\" width=\"969\" height=\"1001\" srcset=\"data:image\/svg+xml,%3Csvg%20xmlns%3D%27http%3A%2F%2Fwww.w3.org%2F2000%2Fsvg%27%20width%3D%27969%27%20height%3D%271001%27%20viewBox%3D%270%200%20969%201001%27%3E%3Crect%20width%3D%27969%27%20height%3D%271001%27%20fill-opacity%3D%220%22%2F%3E%3C%2Fsvg%3E\" data-srcset=\"https:\/\/richarms.com\/wp-content\/uploads\/2021\/09\/Richarms-star-hijab-magent-121-200x207.png 200w, https:\/\/richarms.com\/wp-content\/uploads\/2021\/09\/Richarms-star-hijab-magent-121-290x300.png 290w, https:\/\/richarms.com\/wp-content\/uploads\/2021\/09\/Richarms-star-hijab-magent-121-400x413.png 400w, https:\/\/richarms.com\/wp-content\/uploads\/2021\/09\/Richarms-star-hijab-magent-121-500x517.png 500w, https:\/\/richarms.com\/wp-content\/uploads\/2021\/09\/Richarms-star-hijab-magent-121-600x620.png 600w, https:\/\/richarms.com\/wp-content\/uploads\/2021\/09\/Richarms-star-hijab-magent-121-700x723.png 700w, https:\/\/richarms.com\/wp-content\/uploads\/2021\/09\/Richarms-star-hijab-magent-121-768x793.png 768w, https:\/\/richarms.com\/wp-content\/uploads\/2021\/09\/Richarms-star-hijab-magent-121-800x826.png 800w, https:\/\/richarms.com\/wp-content\/uploads\/2021\/09\/Richarms-star-hijab-magent-121.png 969w\" data-sizes=\"auto\" data-orig-sizes=\"(max-width: 969px) 100vw, 969px\" \/><\/td>\n<td width=\"269\">Acess\u00f3rios para chap\u00e9us\/ broches\/ hijab\/ len\u00e7os de seda.<\/p>\n<p>Um \u00edm\u00e3 poderoso em um tamanho muito pequeno. Para len\u00e7o de pesco\u00e7o, len\u00e7o de cabe\u00e7a.<\/td>\n<\/tr>\n<\/tbody>\n<\/table>\n<p>&nbsp;<\/p>\n<p><img decoding=\"async\" class=\"lazyload alignnone size-full wp-image-7350\" src=\"https:\/\/richarms.com\/wp-content\/uploads\/2021\/09\/Richarms-Star-Shape-Hijab-Magnetic-Pin414.jpg\" data-orig-src=\"https:\/\/richarms.com\/wp-content\/uploads\/2021\/09\/Richarms-Star-Shape-Hijab-Magnetic-Pin414.jpg\" alt=\"\" width=\"800\" height=\"800\" srcset=\"data:image\/svg+xml,%3Csvg%20xmlns%3D%27http%3A%2F%2Fwww.w3.org%2F2000%2Fsvg%27%20width%3D%27800%27%20height%3D%27800%27%20viewBox%3D%270%200%20800%20800%27%3E%3Crect%20width%3D%27800%27%20height%3D%27800%27%20fill-opacity%3D%220%22%2F%3E%3C%2Fsvg%3E\" data-srcset=\"https:\/\/richarms.com\/wp-content\/uploads\/2021\/09\/Richarms-Star-Shape-Hijab-Magnetic-Pin414-66x66.jpg 66w, https:\/\/richarms.com\/wp-content\/uploads\/2021\/09\/Richarms-Star-Shape-Hijab-Magnetic-Pin414-100x100.jpg 100w, https:\/\/richarms.com\/wp-content\/uploads\/2021\/09\/Richarms-Star-Shape-Hijab-Magnetic-Pin414-150x150.jpg 150w, https:\/\/richarms.com\/wp-content\/uploads\/2021\/09\/Richarms-Star-Shape-Hijab-Magnetic-Pin414-200x200.jpg 200w, https:\/\/richarms.com\/wp-content\/uploads\/2021\/09\/Richarms-Star-Shape-Hijab-Magnetic-Pin414-300x300.jpg 300w, https:\/\/richarms.com\/wp-content\/uploads\/2021\/09\/Richarms-Star-Shape-Hijab-Magnetic-Pin414-400x400.jpg 400w, https:\/\/richarms.com\/wp-content\/uploads\/2021\/09\/Richarms-Star-Shape-Hijab-Magnetic-Pin414-500x500.jpg 500w, https:\/\/richarms.com\/wp-content\/uploads\/2021\/09\/Richarms-Star-Shape-Hijab-Magnetic-Pin414-600x600.jpg 600w, https:\/\/richarms.com\/wp-content\/uploads\/2021\/09\/Richarms-Star-Shape-Hijab-Magnetic-Pin414-700x700.jpg 700w, https:\/\/richarms.com\/wp-content\/uploads\/2021\/09\/Richarms-Star-Shape-Hijab-Magnetic-Pin414-768x768.jpg 768w, https:\/\/richarms.com\/wp-content\/uploads\/2021\/09\/Richarms-Star-Shape-Hijab-Magnetic-Pin414.jpg 800w\" data-sizes=\"auto\" data-orig-sizes=\"(max-width: 800px) 100vw, 800px\" \/> <img decoding=\"async\" class=\"lazyload alignnone size-full wp-image-7351\" src=\"https:\/\/richarms.com\/wp-content\/uploads\/2021\/09\/Richarms-Star-Shape-Hijab-Magnetic-Pin415.jpg\" data-orig-src=\"https:\/\/richarms.com\/wp-content\/uploads\/2021\/09\/Richarms-Star-Shape-Hijab-Magnetic-Pin415.jpg\" alt=\"\" width=\"800\" height=\"800\" srcset=\"data:image\/svg+xml,%3Csvg%20xmlns%3D%27http%3A%2F%2Fwww.w3.org%2F2000%2Fsvg%27%20width%3D%27800%27%20height%3D%27800%27%20viewBox%3D%270%200%20800%20800%27%3E%3Crect%20width%3D%27800%27%20height%3D%27800%27%20fill-opacity%3D%220%22%2F%3E%3C%2Fsvg%3E\" data-srcset=\"https:\/\/richarms.com\/wp-content\/uploads\/2021\/09\/Richarms-Star-Shape-Hijab-Magnetic-Pin415-66x66.jpg 66w, https:\/\/richarms.com\/wp-content\/uploads\/2021\/09\/Richarms-Star-Shape-Hijab-Magnetic-Pin415-100x100.jpg 100w, https:\/\/richarms.com\/wp-content\/uploads\/2021\/09\/Richarms-Star-Shape-Hijab-Magnetic-Pin415-150x150.jpg 150w, https:\/\/richarms.com\/wp-content\/uploads\/2021\/09\/Richarms-Star-Shape-Hijab-Magnetic-Pin415-200x200.jpg 200w, https:\/\/richarms.com\/wp-content\/uploads\/2021\/09\/Richarms-Star-Shape-Hijab-Magnetic-Pin415-300x300.jpg 300w, https:\/\/richarms.com\/wp-content\/uploads\/2021\/09\/Richarms-Star-Shape-Hijab-Magnetic-Pin415-400x400.jpg 400w, https:\/\/richarms.com\/wp-content\/uploads\/2021\/09\/Richarms-Star-Shape-Hijab-Magnetic-Pin415-500x500.jpg 500w, https:\/\/richarms.com\/wp-content\/uploads\/2021\/09\/Richarms-Star-Shape-Hijab-Magnetic-Pin415-600x600.jpg 600w, https:\/\/richarms.com\/wp-content\/uploads\/2021\/09\/Richarms-Star-Shape-Hijab-Magnetic-Pin415-700x700.jpg 700w, https:\/\/richarms.com\/wp-content\/uploads\/2021\/09\/Richarms-Star-Shape-Hijab-Magnetic-Pin415-768x768.jpg 768w, https:\/\/richarms.com\/wp-content\/uploads\/2021\/09\/Richarms-Star-Shape-Hijab-Magnetic-Pin415.jpg 800w\" data-sizes=\"auto\" data-orig-sizes=\"(max-width: 800px) 100vw, 800px\" \/> <img decoding=\"async\" class=\"lazyload alignnone size-full wp-image-7354\" src=\"https:\/\/richarms.com\/wp-content\/uploads\/2021\/09\/Richarms-Star-Shape-Hijab-Magnetic-Pin419.jpg\" data-orig-src=\"https:\/\/richarms.com\/wp-content\/uploads\/2021\/09\/Richarms-Star-Shape-Hijab-Magnetic-Pin419.jpg\" alt=\"\" width=\"800\" height=\"800\" srcset=\"data:image\/svg+xml,%3Csvg%20xmlns%3D%27http%3A%2F%2Fwww.w3.org%2F2000%2Fsvg%27%20width%3D%27800%27%20height%3D%27800%27%20viewBox%3D%270%200%20800%20800%27%3E%3Crect%20width%3D%27800%27%20height%3D%27800%27%20fill-opacity%3D%220%22%2F%3E%3C%2Fsvg%3E\" data-srcset=\"https:\/\/richarms.com\/wp-content\/uploads\/2021\/09\/Richarms-Star-Shape-Hijab-Magnetic-Pin419-66x66.jpg 66w, https:\/\/richarms.com\/wp-content\/uploads\/2021\/09\/Richarms-Star-Shape-Hijab-Magnetic-Pin419-100x100.jpg 100w, https:\/\/richarms.com\/wp-content\/uploads\/2021\/09\/Richarms-Star-Shape-Hijab-Magnetic-Pin419-150x150.jpg 150w, https:\/\/richarms.com\/wp-content\/uploads\/2021\/09\/Richarms-Star-Shape-Hijab-Magnetic-Pin419-200x200.jpg 200w, https:\/\/richarms.com\/wp-content\/uploads\/2021\/09\/Richarms-Star-Shape-Hijab-Magnetic-Pin419-300x300.jpg 300w, https:\/\/richarms.com\/wp-content\/uploads\/2021\/09\/Richarms-Star-Shape-Hijab-Magnetic-Pin419-400x400.jpg 400w, https:\/\/richarms.com\/wp-content\/uploads\/2021\/09\/Richarms-Star-Shape-Hijab-Magnetic-Pin419-500x500.jpg 500w, https:\/\/richarms.com\/wp-content\/uploads\/2021\/09\/Richarms-Star-Shape-Hijab-Magnetic-Pin419-600x600.jpg 600w, https:\/\/richarms.com\/wp-content\/uploads\/2021\/09\/Richarms-Star-Shape-Hijab-Magnetic-Pin419-700x700.jpg 700w, https:\/\/richarms.com\/wp-content\/uploads\/2021\/09\/Richarms-Star-Shape-Hijab-Magnetic-Pin419-768x768.jpg 768w, https:\/\/richarms.com\/wp-content\/uploads\/2021\/09\/Richarms-Star-Shape-Hijab-Magnetic-Pin419.jpg 800w\" data-sizes=\"auto\" data-orig-sizes=\"(max-width: 800px) 100vw, 800px\" \/> <img decoding=\"async\" class=\"lazyload alignnone size-full wp-image-7360\" src=\"https:\/\/richarms.com\/wp-content\/uploads\/2021\/09\/Richarms-Star-Shape-Hijab-Magnetic-Pin427.jpg\" data-orig-src=\"https:\/\/richarms.com\/wp-content\/uploads\/2021\/09\/Richarms-Star-Shape-Hijab-Magnetic-Pin427.jpg\" alt=\"\" width=\"800\" height=\"800\" srcset=\"data:image\/svg+xml,%3Csvg%20xmlns%3D%27http%3A%2F%2Fwww.w3.org%2F2000%2Fsvg%27%20width%3D%27800%27%20height%3D%27800%27%20viewBox%3D%270%200%20800%20800%27%3E%3Crect%20width%3D%27800%27%20height%3D%27800%27%20fill-opacity%3D%220%22%2F%3E%3C%2Fsvg%3E\" data-srcset=\"https:\/\/richarms.com\/wp-content\/uploads\/2021\/09\/Richarms-Star-Shape-Hijab-Magnetic-Pin427-66x66.jpg 66w, https:\/\/richarms.com\/wp-content\/uploads\/2021\/09\/Richarms-Star-Shape-Hijab-Magnetic-Pin427-100x100.jpg 100w, https:\/\/richarms.com\/wp-content\/uploads\/2021\/09\/Richarms-Star-Shape-Hijab-Magnetic-Pin427-150x150.jpg 150w, https:\/\/richarms.com\/wp-content\/uploads\/2021\/09\/Richarms-Star-Shape-Hijab-Magnetic-Pin427-200x200.jpg 200w, https:\/\/richarms.com\/wp-content\/uploads\/2021\/09\/Richarms-Star-Shape-Hijab-Magnetic-Pin427-300x300.jpg 300w, https:\/\/richarms.com\/wp-content\/uploads\/2021\/09\/Richarms-Star-Shape-Hijab-Magnetic-Pin427-400x400.jpg 400w, https:\/\/richarms.com\/wp-content\/uploads\/2021\/09\/Richarms-Star-Shape-Hijab-Magnetic-Pin427-500x500.jpg 500w, https:\/\/richarms.com\/wp-content\/uploads\/2021\/09\/Richarms-Star-Shape-Hijab-Magnetic-Pin427-600x600.jpg 600w, https:\/\/richarms.com\/wp-content\/uploads\/2021\/09\/Richarms-Star-Shape-Hijab-Magnetic-Pin427-700x700.jpg 700w, https:\/\/richarms.com\/wp-content\/uploads\/2021\/09\/Richarms-Star-Shape-Hijab-Magnetic-Pin427-768x768.jpg 768w, https:\/\/richarms.com\/wp-content\/uploads\/2021\/09\/Richarms-Star-Shape-Hijab-Magnetic-Pin427.jpg 800w\" data-sizes=\"auto\" data-orig-sizes=\"(max-width: 800px) 100vw, 800px\" \/> <img decoding=\"async\" class=\"lazyload alignnone size-full wp-image-7352\" src=\"https:\/\/richarms.com\/wp-content\/uploads\/2021\/09\/Richarms-Star-Shape-Hijab-Magnetic-Pin416.jpg\" data-orig-src=\"https:\/\/richarms.com\/wp-content\/uploads\/2021\/09\/Richarms-Star-Shape-Hijab-Magnetic-Pin416.jpg\" alt=\"\" width=\"800\" height=\"800\" srcset=\"data:image\/svg+xml,%3Csvg%20xmlns%3D%27http%3A%2F%2Fwww.w3.org%2F2000%2Fsvg%27%20width%3D%27800%27%20height%3D%27800%27%20viewBox%3D%270%200%20800%20800%27%3E%3Crect%20width%3D%27800%27%20height%3D%27800%27%20fill-opacity%3D%220%22%2F%3E%3C%2Fsvg%3E\" data-srcset=\"https:\/\/richarms.com\/wp-content\/uploads\/2021\/09\/Richarms-Star-Shape-Hijab-Magnetic-Pin416-66x66.jpg 66w, https:\/\/richarms.com\/wp-content\/uploads\/2021\/09\/Richarms-Star-Shape-Hijab-Magnetic-Pin416-100x100.jpg 100w, https:\/\/richarms.com\/wp-content\/uploads\/2021\/09\/Richarms-Star-Shape-Hijab-Magnetic-Pin416-150x150.jpg 150w, https:\/\/richarms.com\/wp-content\/uploads\/2021\/09\/Richarms-Star-Shape-Hijab-Magnetic-Pin416-200x200.jpg 200w, https:\/\/richarms.com\/wp-content\/uploads\/2021\/09\/Richarms-Star-Shape-Hijab-Magnetic-Pin416-300x300.jpg 300w, https:\/\/richarms.com\/wp-content\/uploads\/2021\/09\/Richarms-Star-Shape-Hijab-Magnetic-Pin416-400x400.jpg 400w, https:\/\/richarms.com\/wp-content\/uploads\/2021\/09\/Richarms-Star-Shape-Hijab-Magnetic-Pin416-500x500.jpg 500w, https:\/\/richarms.com\/wp-content\/uploads\/2021\/09\/Richarms-Star-Shape-Hijab-Magnetic-Pin416-600x600.jpg 600w, https:\/\/richarms.com\/wp-content\/uploads\/2021\/09\/Richarms-Star-Shape-Hijab-Magnetic-Pin416-700x700.jpg 700w, https:\/\/richarms.com\/wp-content\/uploads\/2021\/09\/Richarms-Star-Shape-Hijab-Magnetic-Pin416-768x768.jpg 768w, https:\/\/richarms.com\/wp-content\/uploads\/2021\/09\/Richarms-Star-Shape-Hijab-Magnetic-Pin416.jpg 800w\" data-sizes=\"auto\" data-orig-sizes=\"(max-width: 800px) 100vw, 800px\" \/> <img decoding=\"async\" class=\"lazyload alignnone size-full wp-image-7353\" src=\"https:\/\/richarms.com\/wp-content\/uploads\/2021\/09\/Richarms-Star-Shape-Hijab-Magnetic-Pin418.jpg\" data-orig-src=\"https:\/\/richarms.com\/wp-content\/uploads\/2021\/09\/Richarms-Star-Shape-Hijab-Magnetic-Pin418.jpg\" alt=\"\" width=\"800\" height=\"800\" srcset=\"data:image\/svg+xml,%3Csvg%20xmlns%3D%27http%3A%2F%2Fwww.w3.org%2F2000%2Fsvg%27%20width%3D%27800%27%20height%3D%27800%27%20viewBox%3D%270%200%20800%20800%27%3E%3Crect%20width%3D%27800%27%20height%3D%27800%27%20fill-opacity%3D%220%22%2F%3E%3C%2Fsvg%3E\" data-srcset=\"https:\/\/richarms.com\/wp-content\/uploads\/2021\/09\/Richarms-Star-Shape-Hijab-Magnetic-Pin418-66x66.jpg 66w, https:\/\/richarms.com\/wp-content\/uploads\/2021\/09\/Richarms-Star-Shape-Hijab-Magnetic-Pin418-100x100.jpg 100w, https:\/\/richarms.com\/wp-content\/uploads\/2021\/09\/Richarms-Star-Shape-Hijab-Magnetic-Pin418-150x150.jpg 150w, https:\/\/richarms.com\/wp-content\/uploads\/2021\/09\/Richarms-Star-Shape-Hijab-Magnetic-Pin418-200x200.jpg 200w, https:\/\/richarms.com\/wp-content\/uploads\/2021\/09\/Richarms-Star-Shape-Hijab-Magnetic-Pin418-300x300.jpg 300w, https:\/\/richarms.com\/wp-content\/uploads\/2021\/09\/Richarms-Star-Shape-Hijab-Magnetic-Pin418-400x400.jpg 400w, https:\/\/richarms.com\/wp-content\/uploads\/2021\/09\/Richarms-Star-Shape-Hijab-Magnetic-Pin418-500x500.jpg 500w, https:\/\/richarms.com\/wp-content\/uploads\/2021\/09\/Richarms-Star-Shape-Hijab-Magnetic-Pin418-600x600.jpg 600w, https:\/\/richarms.com\/wp-content\/uploads\/2021\/09\/Richarms-Star-Shape-Hijab-Magnetic-Pin418-700x700.jpg 700w, https:\/\/richarms.com\/wp-content\/uploads\/2021\/09\/Richarms-Star-Shape-Hijab-Magnetic-Pin418-768x768.jpg 768w, https:\/\/richarms.com\/wp-content\/uploads\/2021\/09\/Richarms-Star-Shape-Hijab-Magnetic-Pin418.jpg 800w\" data-sizes=\"auto\" data-orig-sizes=\"(max-width: 800px) 100vw, 800px\" \/><\/p>\n<p><strong>Outra forma dispon\u00edvel,<br \/>\n<a href=\"https:\/\/richarms.com\/wp-admin\/post.php?post=7322&amp;action=edit\"> Rodada &gt;&gt;\u00a0<\/a> \u00a0 \u00a0 \u00a0 \u00a0 \u00a0 \u00a0 \u00a0 \u00a0 \u00a0 \u00a0 <a href=\"https:\/\/richarms.com\/wp-admin\/post.php?post=7308&amp;action=edit\">Cora\u00e7\u00e3o&gt;&gt;\u00a0<\/a> \u00a0 \u00a0 \u00a0 \u00a0 \u00a0 \u00a0 \u00a0 \u00a0 \u00a0 \u00a0 \u00a0 <a href=\"https:\/\/richarms.com\/wp-admin\/post.php?post=7363&amp;action=edit\">Quadrado&gt;&gt;\u00a0<\/a><br \/>\n<\/strong><\/p>\n<p><img decoding=\"async\" class=\"lazyload alignnone wp-image-7326\" src=\"https:\/\/richarms.com\/wp-content\/uploads\/2021\/07\/\u56fe\u72471-3.jpg\" data-orig-src=\"https:\/\/richarms.com\/wp-content\/uploads\/2021\/07\/\u56fe\u72471-3.jpg\" alt=\"\" width=\"547\" height=\"215\" srcset=\"data:image\/svg+xml,%3Csvg%20xmlns%3D%27http%3A%2F%2Fwww.w3.org%2F2000%2Fsvg%27%20width%3D%27547%27%20height%3D%27215%27%20viewBox%3D%270%200%20547%20215%27%3E%3Crect%20width%3D%27547%27%20height%3D%27215%27%20fill-opacity%3D%220%22%2F%3E%3C%2Fsvg%3E\" data-srcset=\"https:\/\/richarms.com\/wp-content\/uploads\/2021\/07\/\u56fe\u72471-3-200x78.jpg 200w, https:\/\/richarms.com\/wp-content\/uploads\/2021\/07\/\u56fe\u72471-3-300x118.jpg 300w, https:\/\/richarms.com\/wp-content\/uploads\/2021\/07\/\u56fe\u72471-3-400x157.jpg 400w, https:\/\/richarms.com\/wp-content\/uploads\/2021\/07\/\u56fe\u72471-3-500x196.jpg 500w, https:\/\/richarms.com\/wp-content\/uploads\/2021\/07\/\u56fe\u72471-3-600x235.jpg 600w, https:\/\/richarms.com\/wp-content\/uploads\/2021\/07\/\u56fe\u72471-3-700x275.jpg 700w, https:\/\/richarms.com\/wp-content\/uploads\/2021\/07\/\u56fe\u72471-3-768x301.jpg 768w, https:\/\/richarms.com\/wp-content\/uploads\/2021\/07\/\u56fe\u72471-3-800x314.jpg 800w, https:\/\/richarms.com\/wp-content\/uploads\/2021\/07\/\u56fe\u72471-3-1024x402.jpg 1024w, https:\/\/richarms.com\/wp-content\/uploads\/2021\/07\/\u56fe\u72471-3-1200x471.jpg 1200w, https:\/\/richarms.com\/wp-content\/uploads\/2021\/07\/\u56fe\u72471-3.jpg 1404w\" data-sizes=\"auto\" data-orig-sizes=\"(max-width: 547px) 100vw, 547px\" \/><\/p>\n<p>A Richarms oferece servi\u00e7o personalizado, abrangendo forma, tamanho, logotipo e outros acabamentos, como:<\/p>\n<p>Logotipo do laser<\/p>\n<p><img decoding=\"async\" class=\"lazyload alignnone wp-image-7312\" src=\"https:\/\/richarms.com\/wp-content\/uploads\/2021\/07\/laser-log-e1627033037639.jpg\" data-orig-src=\"https:\/\/richarms.com\/wp-content\/uploads\/2021\/07\/laser-log-e1627033037639.jpg\" alt=\"\" width=\"533\" height=\"253\" srcset=\"data:image\/svg+xml,%3Csvg%20xmlns%3D%27http%3A%2F%2Fwww.w3.org%2F2000%2Fsvg%27%20width%3D%27533%27%20height%3D%27253%27%20viewBox%3D%270%200%20533%20253%27%3E%3Crect%20width%3D%27533%27%20height%3D%27253%27%20fill-opacity%3D%220%22%2F%3E%3C%2Fsvg%3E\" data-srcset=\"https:\/\/richarms.com\/wp-content\/uploads\/2021\/07\/laser-log-e1627033037639-200x95.jpg 200w, https:\/\/richarms.com\/wp-content\/uploads\/2021\/07\/laser-log-e1627033037639-300x142.jpg 300w, https:\/\/richarms.com\/wp-content\/uploads\/2021\/07\/laser-log-e1627033037639-400x190.jpg 400w, https:\/\/richarms.com\/wp-content\/uploads\/2021\/07\/laser-log-e1627033037639-500x237.jpg 500w, https:\/\/richarms.com\/wp-content\/uploads\/2021\/07\/laser-log-e1627033037639-600x285.jpg 600w, https:\/\/richarms.com\/wp-content\/uploads\/2021\/07\/laser-log-e1627033037639-700x332.jpg 700w, https:\/\/richarms.com\/wp-content\/uploads\/2021\/07\/laser-log-e1627033037639-768x364.jpg 768w, https:\/\/richarms.com\/wp-content\/uploads\/2021\/07\/laser-log-e1627033037639-800x380.jpg 800w, https:\/\/richarms.com\/wp-content\/uploads\/2021\/07\/laser-log-e1627033037639-1024x486.jpg 1024w, https:\/\/richarms.com\/wp-content\/uploads\/2021\/07\/laser-log-e1627033037639-1200x569.jpg 1200w, https:\/\/richarms.com\/wp-content\/uploads\/2021\/07\/laser-log-e1627033037639.jpg 1494w\" data-sizes=\"auto\" data-orig-sizes=\"(max-width: 533px) 100vw, 533px\" \/><\/p>\n<p><strong>Logotipo do ferramental<\/strong><\/p>\n<p><img decoding=\"async\" class=\"lazyload alignnone wp-image-7334\" src=\"https:\/\/richarms.com\/wp-content\/uploads\/2021\/07\/H440e48e3e5ac4e0484872e0cdc1c6f9cT-e1627032972572.jpg\" data-orig-src=\"https:\/\/richarms.com\/wp-content\/uploads\/2021\/07\/H440e48e3e5ac4e0484872e0cdc1c6f9cT-e1627032972572.jpg\" alt=\"\" width=\"537\" height=\"264\" srcset=\"data:image\/svg+xml,%3Csvg%20xmlns%3D%27http%3A%2F%2Fwww.w3.org%2F2000%2Fsvg%27%20width%3D%27537%27%20height%3D%27264%27%20viewBox%3D%270%200%20537%20264%27%3E%3Crect%20width%3D%27537%27%20height%3D%27264%27%20fill-opacity%3D%220%22%2F%3E%3C%2Fsvg%3E\" data-srcset=\"https:\/\/richarms.com\/wp-content\/uploads\/2021\/07\/H440e48e3e5ac4e0484872e0cdc1c6f9cT-e1627032972572-200x98.jpg 200w, https:\/\/richarms.com\/wp-content\/uploads\/2021\/07\/H440e48e3e5ac4e0484872e0cdc1c6f9cT-e1627032972572-300x147.jpg 300w, https:\/\/richarms.com\/wp-content\/uploads\/2021\/07\/H440e48e3e5ac4e0484872e0cdc1c6f9cT-e1627032972572-400x197.jpg 400w, https:\/\/richarms.com\/wp-content\/uploads\/2021\/07\/H440e48e3e5ac4e0484872e0cdc1c6f9cT-e1627032972572-500x246.jpg 500w, https:\/\/richarms.com\/wp-content\/uploads\/2021\/07\/H440e48e3e5ac4e0484872e0cdc1c6f9cT-e1627032972572-600x295.jpg 600w, https:\/\/richarms.com\/wp-content\/uploads\/2021\/07\/H440e48e3e5ac4e0484872e0cdc1c6f9cT-e1627032972572-700x344.jpg 700w, https:\/\/richarms.com\/wp-content\/uploads\/2021\/07\/H440e48e3e5ac4e0484872e0cdc1c6f9cT-e1627032972572.jpg 749w\" data-sizes=\"auto\" data-orig-sizes=\"(max-width: 537px) 100vw, 537px\" \/><\/p>\n<p><b>Diversos<\/b><strong><b>\u00a0Op\u00e7\u00e3o de cor<\/b><\/strong><\/p>\n<p>Eletrodeposi\u00e7\u00e3o ou pintura em spray<\/p>\n<p><img decoding=\"async\" class=\"lazyload alignnone wp-image-7317\" src=\"https:\/\/richarms.com\/wp-content\/uploads\/2021\/07\/colord.jpg\" data-orig-src=\"https:\/\/richarms.com\/wp-content\/uploads\/2021\/07\/colord.jpg\" alt=\"\" width=\"447\" height=\"447\" srcset=\"data:image\/svg+xml,%3Csvg%20xmlns%3D%27http%3A%2F%2Fwww.w3.org%2F2000%2Fsvg%27%20width%3D%27447%27%20height%3D%27447%27%20viewBox%3D%270%200%20447%20447%27%3E%3Crect%20width%3D%27447%27%20height%3D%27447%27%20fill-opacity%3D%220%22%2F%3E%3C%2Fsvg%3E\" data-srcset=\"https:\/\/richarms.com\/wp-content\/uploads\/2021\/07\/colord-66x66.jpg 66w, https:\/\/richarms.com\/wp-content\/uploads\/2021\/07\/colord-100x100.jpg 100w, https:\/\/richarms.com\/wp-content\/uploads\/2021\/07\/colord-150x150.jpg 150w, https:\/\/richarms.com\/wp-content\/uploads\/2021\/07\/colord-200x200.jpg 200w, https:\/\/richarms.com\/wp-content\/uploads\/2021\/07\/colord-300x300.jpg 300w, https:\/\/richarms.com\/wp-content\/uploads\/2021\/07\/colord-400x400.jpg 400w, https:\/\/richarms.com\/wp-content\/uploads\/2021\/07\/colord-500x500.jpg 500w, https:\/\/richarms.com\/wp-content\/uploads\/2021\/07\/colord-600x599.jpg 600w, https:\/\/richarms.com\/wp-content\/uploads\/2021\/07\/colord-700x699.jpg 700w, https:\/\/richarms.com\/wp-content\/uploads\/2021\/07\/colord-768x767.jpg 768w, https:\/\/richarms.com\/wp-content\/uploads\/2021\/07\/colord-800x799.jpg 800w, https:\/\/richarms.com\/wp-content\/uploads\/2021\/07\/colord.jpg 1001w\" data-sizes=\"auto\" data-orig-sizes=\"(max-width: 447px) 100vw, 447px\" \/><\/p>\n<h3>Compre \u00edm\u00e3s de cachecol elegantes a granel na Richarms<\/h3>\n<p>Essa \u00e9 a op\u00e7\u00e3o ideal para manter seus delicados e belos len\u00e7os de cabe\u00e7a e outras roupas e dispositivos a salvo de furos feitos por agulhas afiadas! Os maravilhosos \u00edm\u00e3s multitarefas s\u00e3o a excelente op\u00e7\u00e3o para estilos desafiadores de amarra\u00e7\u00e3o de len\u00e7os de cabe\u00e7a.<\/p>\n<p><img decoding=\"async\" class=\"lazyload alignnone wp-image-7311\" src=\"https:\/\/richarms.com\/wp-content\/uploads\/2021\/07\/Ha71c1b1b753546f68935ff70264ced6dm.jpg\" data-orig-src=\"https:\/\/richarms.com\/wp-content\/uploads\/2021\/07\/Ha71c1b1b753546f68935ff70264ced6dm.jpg\" alt=\"\" width=\"551\" height=\"287\" srcset=\"data:image\/svg+xml,%3Csvg%20xmlns%3D%27http%3A%2F%2Fwww.w3.org%2F2000%2Fsvg%27%20width%3D%27551%27%20height%3D%27287%27%20viewBox%3D%270%200%20551%20287%27%3E%3Crect%20width%3D%27551%27%20height%3D%27287%27%20fill-opacity%3D%220%22%2F%3E%3C%2Fsvg%3E\" data-srcset=\"https:\/\/richarms.com\/wp-content\/uploads\/2021\/07\/Ha71c1b1b753546f68935ff70264ced6dm-200x104.jpg 200w, https:\/\/richarms.com\/wp-content\/uploads\/2021\/07\/Ha71c1b1b753546f68935ff70264ced6dm-300x156.jpg 300w, https:\/\/richarms.com\/wp-content\/uploads\/2021\/07\/Ha71c1b1b753546f68935ff70264ced6dm-400x209.jpg 400w, https:\/\/richarms.com\/wp-content\/uploads\/2021\/07\/Ha71c1b1b753546f68935ff70264ced6dm-500x261.jpg 500w, https:\/\/richarms.com\/wp-content\/uploads\/2021\/07\/Ha71c1b1b753546f68935ff70264ced6dm-600x313.jpg 600w, https:\/\/richarms.com\/wp-content\/uploads\/2021\/07\/Ha71c1b1b753546f68935ff70264ced6dm-700x365.jpg 700w, https:\/\/richarms.com\/wp-content\/uploads\/2021\/07\/Ha71c1b1b753546f68935ff70264ced6dm.jpg 750w\" data-sizes=\"auto\" data-orig-sizes=\"(max-width: 551px) 100vw, 551px\" \/><\/p>\n<p>Nossa embalagem padr\u00e3o \u00e9 de 12 conjuntos\/saco. E podemos fabricar conforme o pedido, a embalagem com seu logotipo est\u00e1 dispon\u00edvel.<\/p>\n<h3><img decoding=\"async\" class=\"lazyload alignnone wp-image-7327\" style=\"font-size: 16px;\" src=\"https:\/\/richarms.com\/wp-content\/uploads\/2021\/07\/\u56fe\u72472-2.jpg\" data-orig-src=\"https:\/\/richarms.com\/wp-content\/uploads\/2021\/07\/\u56fe\u72472-2.jpg\" alt=\"\" width=\"445\" height=\"263\" srcset=\"data:image\/svg+xml,%3Csvg%20xmlns%3D%27http%3A%2F%2Fwww.w3.org%2F2000%2Fsvg%27%20width%3D%27445%27%20height%3D%27263%27%20viewBox%3D%270%200%20445%20263%27%3E%3Crect%20width%3D%27445%27%20height%3D%27263%27%20fill-opacity%3D%220%22%2F%3E%3C%2Fsvg%3E\" data-srcset=\"https:\/\/richarms.com\/wp-content\/uploads\/2021\/07\/\u56fe\u72472-2-200x118.jpg 200w, https:\/\/richarms.com\/wp-content\/uploads\/2021\/07\/\u56fe\u72472-2-300x177.jpg 300w, https:\/\/richarms.com\/wp-content\/uploads\/2021\/07\/\u56fe\u72472-2-400x236.jpg 400w, https:\/\/richarms.com\/wp-content\/uploads\/2021\/07\/\u56fe\u72472-2-500x295.jpg 500w, https:\/\/richarms.com\/wp-content\/uploads\/2021\/07\/\u56fe\u72472-2-600x354.jpg 600w, https:\/\/richarms.com\/wp-content\/uploads\/2021\/07\/\u56fe\u72472-2-700x414.jpg 700w, https:\/\/richarms.com\/wp-content\/uploads\/2021\/07\/\u56fe\u72472-2-768x454.jpg 768w, https:\/\/richarms.com\/wp-content\/uploads\/2021\/07\/\u56fe\u72472-2-800x473.jpg 800w, https:\/\/richarms.com\/wp-content\/uploads\/2021\/07\/\u56fe\u72472-2.jpg 1014w\" data-sizes=\"auto\" data-orig-sizes=\"(max-width: 445px) 100vw, 445px\" \/><\/h3>\n<h3>A Richarms oferece os layouts mais recentes com os pre\u00e7os mais eficazes e abordagens de liquida\u00e7\u00e3o confi\u00e1veis!<\/h3>\n<p>Nossos designers de moda produzem constantemente novos modelos e os adicionam \u00e0 nossa linha de itens.<br \/>\nPara saber mais sobre nossos produtos, n\u00e3o hesite em <a href=\"https:\/\/richarms.com\/pt\/contact\/\">Entre em contato conosco HOJE!<\/a><\/p>","protected":false},"excerpt":{"rendered":"<p>Type: Hijab Magnetic snaps<br \/>\nSize: 16mm<br \/>\nMaterial: Liga de Zn, \u00edm\u00e3<br \/>\nLogotipo: pode ser personalizado<br \/>\nCor: dourado\/ pistola\/ n\u00edquel\/ preto\/ branco\/ outro<br \/>\nEmbalagem: caixa e caixa de papel\u00e3o<br \/>\nEnvio: LCL\/ DHL \/ FedEx \/ TNT \/ Outros<\/p>","protected":false},"featured_media":7355,"template":"","meta":[],"product_brand":[],"product_cat":[80],"product_tag":[],"class_list":{"0":"post-7349","1":"product","2":"type-product","3":"status-publish","4":"has-post-thumbnail","6":"product_cat-hijab-magnet","8":"first","9":"instock","10":"shipping-taxable","11":"product-type-simple"},"aioseo_notices":[],"_links":{"self":[{"href":"https:\/\/richarms.com\/pt\/wp-json\/wp\/v2\/product\/7349","targetHints":{"allow":["GET"]}}],"collection":[{"href":"https:\/\/richarms.com\/pt\/wp-json\/wp\/v2\/product"}],"about":[{"href":"https:\/\/richarms.com\/pt\/wp-json\/wp\/v2\/types\/product"}],"wp:featuredmedia":[{"embeddable":true,"href":"https:\/\/richarms.com\/pt\/wp-json\/wp\/v2\/media\/7355"}],"wp:attachment":[{"href":"https:\/\/richarms.com\/pt\/wp-json\/wp\/v2\/media?parent=7349"}],"wp:term":[{"taxonomy":"product_brand","embeddable":true,"href":"https:\/\/richarms.com\/pt\/wp-json\/wp\/v2\/product_brand?post=7349"},{"taxonomy":"product_cat","embeddable":true,"href":"https:\/\/richarms.com\/pt\/wp-json\/wp\/v2\/product_cat?post=7349"},{"taxonomy":"product_tag","embeddable":true,"href":"https:\/\/richarms.com\/pt\/wp-json\/wp\/v2\/product_tag?post=7349"}],"curies":[{"name":"wp","href":"https:\/\/api.w.org\/{rel}","templated":true}]}}