{"id":7363,"date":"2021-07-11T07:33:38","date_gmt":"2021-07-10T23:33:38","guid":{"rendered":"https:\/\/richarms.com\/?post_type=product&#038;p=7363"},"modified":"2025-02-18T22:37:16","modified_gmt":"2025-02-18T14:37:16","slug":"magnetic-brooch","status":"publish","type":"product","link":"https:\/\/richarms.com\/pt\/product\/magnetic-brooch","title":{"rendered":"\u00cdm\u00e3 de Hijab quadrado"},"content":{"rendered":"<h1><strong>No Snag Small Strong Square Hijab Magnets for Hijab Accessories<\/strong><\/h1>\n<p data-start=\"191\" data-end=\"590\">Nosso <strong data-start=\"195\" data-end=\"219\">Square Hijab Magnets<\/strong> are a popular solution for those looking for safe and snag-free hijab pins. These small but powerful magnets provide an easy way to secure hijabs, scarves, or headgear without damaging delicate fabrics like chiffon or silk. The strong magnetic power ensures a secure hold, while the design prevents snags, making it the perfect accessory for any stylish scarf or brooch.<\/p>\n<p data-start=\"592\" data-end=\"801\"><strong data-start=\"592\" data-end=\"620\">Customization Available:<\/strong><br data-start=\"620\" data-end=\"623\" \/>Richarms offers a customized service with a small minimum order quantity (MOQ) and short lead times. You can have your logo on the hijab magnets for a personal or branding touch.<\/p>\n<p data-start=\"803\" data-end=\"1204\"><strong data-start=\"803\" data-end=\"843\">Variety of Sizes &amp; Colors Available:<\/strong><br data-start=\"843\" data-end=\"846\" \/>Choose from a variety of sizes, including 10mm, 12mm, and 14mm, as well as shapes like round, square, French square, star, and heart. Our colors range from classic gold, gunmetal, and nickel to many other popular options. Additional processing options like silk screen printing, crystal embellishments, laser engraving, and epoxy finishes are also available.<\/p>\n<p data-start=\"1206\" data-end=\"1304\">Each order includes <strong data-start=\"1226\" data-end=\"1250\">two pairs of magnets<\/strong> and comes with a <strong data-start=\"1268\" data-end=\"1287\">velveteen pouch<\/strong> for safekeeping.<\/p>\n<p data-start=\"1306\" data-end=\"1398\">Para <strong>Square Hijab Magnet sample<\/strong>, visit our <a href=\"https:\/\/richarmshardware.com\" target=\"_new\" rel=\"noopener\" data-start=\"1353\" data-end=\"1397\">Loja on-line da Richarms<\/a>.<\/p>\n<p><strong><b>Square Hijab Magnet Code and size:<\/b><\/strong><\/p>\n<table>\n<tbody>\n<tr>\n<td width=\"79\">C\u00f3digo<\/td>\n<td width=\"70\">Tamanho<\/td>\n<td width=\"83\">\u00a0Espessura<\/td>\n<td width=\"93\">Tamanho do \u00edm\u00e3<\/td>\n<td width=\"125\">Imagem<\/td>\n<td width=\"269\">Descri\u00e7\u00e3o<\/td>\n<\/tr>\n<tr>\n<td width=\"79\">RC-H1356<\/td>\n<td width=\"70\">12.6mm<\/td>\n<td width=\"83\">5.6mm<\/td>\n<td width=\"93\">10 mm<\/td>\n<td width=\"125\"><img decoding=\"async\" class=\"lazyload wp-image-7377\" src=\"https:\/\/richarms.com\/wp-content\/uploads\/2021\/09\/Richarms-Square-Shape-Hijab-Magnetic-Pin449-300x291.png\" data-orig-src=\"https:\/\/richarms.com\/wp-content\/uploads\/2021\/09\/Richarms-Square-Shape-Hijab-Magnetic-Pin449-300x291.png\" alt=\"Key dimensions of Square Hijab Magnet - size, thickness, and magnet size\" width=\"112\" height=\"109\" srcset=\"data:image\/svg+xml,%3Csvg%20xmlns%3D%27http%3A%2F%2Fwww.w3.org%2F2000%2Fsvg%27%20width%3D%27112%27%20height%3D%27109%27%20viewBox%3D%270%200%20112%20109%27%3E%3Crect%20width%3D%27112%27%20height%3D%27109%27%20fill-opacity%3D%220%22%2F%3E%3C%2Fsvg%3E\" data-srcset=\"https:\/\/richarms.com\/wp-content\/uploads\/2021\/09\/Richarms-Square-Shape-Hijab-Magnetic-Pin449-200x194.png 200w, https:\/\/richarms.com\/wp-content\/uploads\/2021\/09\/Richarms-Square-Shape-Hijab-Magnetic-Pin449-300x291.png 300w, https:\/\/richarms.com\/wp-content\/uploads\/2021\/09\/Richarms-Square-Shape-Hijab-Magnetic-Pin449-400x388.png 400w, https:\/\/richarms.com\/wp-content\/uploads\/2021\/09\/Richarms-Square-Shape-Hijab-Magnetic-Pin449-500x485.png 500w, https:\/\/richarms.com\/wp-content\/uploads\/2021\/09\/Richarms-Square-Shape-Hijab-Magnetic-Pin449-600x582.png 600w, https:\/\/richarms.com\/wp-content\/uploads\/2021\/09\/Richarms-Square-Shape-Hijab-Magnetic-Pin449-700x679.png 700w, https:\/\/richarms.com\/wp-content\/uploads\/2021\/09\/Richarms-Square-Shape-Hijab-Magnetic-Pin449-768x745.png 768w, https:\/\/richarms.com\/wp-content\/uploads\/2021\/09\/Richarms-Square-Shape-Hijab-Magnetic-Pin449-800x776.png 800w, https:\/\/richarms.com\/wp-content\/uploads\/2021\/09\/Richarms-Square-Shape-Hijab-Magnetic-Pin449.png 972w\" data-sizes=\"auto\" data-orig-sizes=\"(max-width: 112px) 100vw, 112px\" \/><\/td>\n<td width=\"269\">Acess\u00f3rios para chap\u00e9us\/ broches\/ hijab\/ len\u00e7os de seda.<\/p>\n<p>Um \u00edm\u00e3 poderoso em um tamanho muito pequeno. Para len\u00e7o de pesco\u00e7o, len\u00e7o de cabe\u00e7a.<\/td>\n<\/tr>\n<\/tbody>\n<\/table>\n<p>&nbsp;<\/p>\n<p><img decoding=\"async\" class=\"lazyload wp-image-7370 size-full\" src=\"https:\/\/richarms.com\/wp-content\/uploads\/2021\/09\/Richarms-Square-Shape-Hijab-Magnetic-Pin444.jpg\" data-orig-src=\"https:\/\/richarms.com\/wp-content\/uploads\/2021\/09\/Richarms-Square-Shape-Hijab-Magnetic-Pin444.jpg\" alt=\"Hijab Magnet in different colors packed in white promotional paper card and poly bag\" width=\"800\" height=\"800\" srcset=\"data:image\/svg+xml,%3Csvg%20xmlns%3D%27http%3A%2F%2Fwww.w3.org%2F2000%2Fsvg%27%20width%3D%27800%27%20height%3D%27800%27%20viewBox%3D%270%200%20800%20800%27%3E%3Crect%20width%3D%27800%27%20height%3D%27800%27%20fill-opacity%3D%220%22%2F%3E%3C%2Fsvg%3E\" data-srcset=\"https:\/\/richarms.com\/wp-content\/uploads\/2021\/09\/Richarms-Square-Shape-Hijab-Magnetic-Pin444-66x66.jpg 66w, https:\/\/richarms.com\/wp-content\/uploads\/2021\/09\/Richarms-Square-Shape-Hijab-Magnetic-Pin444-100x100.jpg 100w, https:\/\/richarms.com\/wp-content\/uploads\/2021\/09\/Richarms-Square-Shape-Hijab-Magnetic-Pin444-150x150.jpg 150w, https:\/\/richarms.com\/wp-content\/uploads\/2021\/09\/Richarms-Square-Shape-Hijab-Magnetic-Pin444-200x200.jpg 200w, https:\/\/richarms.com\/wp-content\/uploads\/2021\/09\/Richarms-Square-Shape-Hijab-Magnetic-Pin444-300x300.jpg 300w, https:\/\/richarms.com\/wp-content\/uploads\/2021\/09\/Richarms-Square-Shape-Hijab-Magnetic-Pin444-400x400.jpg 400w, https:\/\/richarms.com\/wp-content\/uploads\/2021\/09\/Richarms-Square-Shape-Hijab-Magnetic-Pin444-500x500.jpg 500w, https:\/\/richarms.com\/wp-content\/uploads\/2021\/09\/Richarms-Square-Shape-Hijab-Magnetic-Pin444-600x600.jpg 600w, https:\/\/richarms.com\/wp-content\/uploads\/2021\/09\/Richarms-Square-Shape-Hijab-Magnetic-Pin444-700x700.jpg 700w, https:\/\/richarms.com\/wp-content\/uploads\/2021\/09\/Richarms-Square-Shape-Hijab-Magnetic-Pin444-768x768.jpg 768w, https:\/\/richarms.com\/wp-content\/uploads\/2021\/09\/Richarms-Square-Shape-Hijab-Magnetic-Pin444.jpg 800w\" data-sizes=\"auto\" data-orig-sizes=\"(max-width: 800px) 100vw, 800px\" \/><\/p>\n<p><img decoding=\"async\" class=\"lazyload wp-image-7371 size-full\" src=\"https:\/\/richarms.com\/wp-content\/uploads\/2021\/09\/Richarms-Square-Shape-Hijab-Magnetic-Pin445.jpg\" data-orig-src=\"https:\/\/richarms.com\/wp-content\/uploads\/2021\/09\/Richarms-Square-Shape-Hijab-Magnetic-Pin445.jpg\" alt=\"Hijab Magnet assortment of colors, packed 2 sets per poly bag\" width=\"800\" height=\"800\" srcset=\"data:image\/svg+xml,%3Csvg%20xmlns%3D%27http%3A%2F%2Fwww.w3.org%2F2000%2Fsvg%27%20width%3D%27800%27%20height%3D%27800%27%20viewBox%3D%270%200%20800%20800%27%3E%3Crect%20width%3D%27800%27%20height%3D%27800%27%20fill-opacity%3D%220%22%2F%3E%3C%2Fsvg%3E\" data-srcset=\"https:\/\/richarms.com\/wp-content\/uploads\/2021\/09\/Richarms-Square-Shape-Hijab-Magnetic-Pin445-66x66.jpg 66w, https:\/\/richarms.com\/wp-content\/uploads\/2021\/09\/Richarms-Square-Shape-Hijab-Magnetic-Pin445-100x100.jpg 100w, https:\/\/richarms.com\/wp-content\/uploads\/2021\/09\/Richarms-Square-Shape-Hijab-Magnetic-Pin445-150x150.jpg 150w, https:\/\/richarms.com\/wp-content\/uploads\/2021\/09\/Richarms-Square-Shape-Hijab-Magnetic-Pin445-200x200.jpg 200w, https:\/\/richarms.com\/wp-content\/uploads\/2021\/09\/Richarms-Square-Shape-Hijab-Magnetic-Pin445-300x300.jpg 300w, https:\/\/richarms.com\/wp-content\/uploads\/2021\/09\/Richarms-Square-Shape-Hijab-Magnetic-Pin445-400x400.jpg 400w, https:\/\/richarms.com\/wp-content\/uploads\/2021\/09\/Richarms-Square-Shape-Hijab-Magnetic-Pin445-500x500.jpg 500w, https:\/\/richarms.com\/wp-content\/uploads\/2021\/09\/Richarms-Square-Shape-Hijab-Magnetic-Pin445-600x600.jpg 600w, https:\/\/richarms.com\/wp-content\/uploads\/2021\/09\/Richarms-Square-Shape-Hijab-Magnetic-Pin445-700x700.jpg 700w, https:\/\/richarms.com\/wp-content\/uploads\/2021\/09\/Richarms-Square-Shape-Hijab-Magnetic-Pin445-768x768.jpg 768w, https:\/\/richarms.com\/wp-content\/uploads\/2021\/09\/Richarms-Square-Shape-Hijab-Magnetic-Pin445.jpg 800w\" data-sizes=\"auto\" data-orig-sizes=\"(max-width: 800px) 100vw, 800px\" \/><\/p>\n<p><img decoding=\"async\" class=\"lazyload wp-image-7372 size-full\" src=\"https:\/\/richarms.com\/wp-content\/uploads\/2021\/09\/Richarms-Square-Shape-Hijab-Magnetic-Pin446.jpg\" data-orig-src=\"https:\/\/richarms.com\/wp-content\/uploads\/2021\/09\/Richarms-Square-Shape-Hijab-Magnetic-Pin446.jpg\" alt=\"Hijab Magnet packaging with 4 sets per poly bag\" width=\"800\" height=\"800\" srcset=\"data:image\/svg+xml,%3Csvg%20xmlns%3D%27http%3A%2F%2Fwww.w3.org%2F2000%2Fsvg%27%20width%3D%27800%27%20height%3D%27800%27%20viewBox%3D%270%200%20800%20800%27%3E%3Crect%20width%3D%27800%27%20height%3D%27800%27%20fill-opacity%3D%220%22%2F%3E%3C%2Fsvg%3E\" data-srcset=\"https:\/\/richarms.com\/wp-content\/uploads\/2021\/09\/Richarms-Square-Shape-Hijab-Magnetic-Pin446-66x66.jpg 66w, https:\/\/richarms.com\/wp-content\/uploads\/2021\/09\/Richarms-Square-Shape-Hijab-Magnetic-Pin446-100x100.jpg 100w, https:\/\/richarms.com\/wp-content\/uploads\/2021\/09\/Richarms-Square-Shape-Hijab-Magnetic-Pin446-150x150.jpg 150w, https:\/\/richarms.com\/wp-content\/uploads\/2021\/09\/Richarms-Square-Shape-Hijab-Magnetic-Pin446-200x200.jpg 200w, https:\/\/richarms.com\/wp-content\/uploads\/2021\/09\/Richarms-Square-Shape-Hijab-Magnetic-Pin446-300x300.jpg 300w, https:\/\/richarms.com\/wp-content\/uploads\/2021\/09\/Richarms-Square-Shape-Hijab-Magnetic-Pin446-400x400.jpg 400w, https:\/\/richarms.com\/wp-content\/uploads\/2021\/09\/Richarms-Square-Shape-Hijab-Magnetic-Pin446-500x500.jpg 500w, https:\/\/richarms.com\/wp-content\/uploads\/2021\/09\/Richarms-Square-Shape-Hijab-Magnetic-Pin446-600x600.jpg 600w, https:\/\/richarms.com\/wp-content\/uploads\/2021\/09\/Richarms-Square-Shape-Hijab-Magnetic-Pin446-700x700.jpg 700w, https:\/\/richarms.com\/wp-content\/uploads\/2021\/09\/Richarms-Square-Shape-Hijab-Magnetic-Pin446-768x768.jpg 768w, https:\/\/richarms.com\/wp-content\/uploads\/2021\/09\/Richarms-Square-Shape-Hijab-Magnetic-Pin446.jpg 800w\" data-sizes=\"auto\" data-orig-sizes=\"(max-width: 800px) 100vw, 800px\" \/><\/p>\n<p><img decoding=\"async\" class=\"lazyload wp-image-7373 size-full\" src=\"https:\/\/richarms.com\/wp-content\/uploads\/2021\/09\/Richarms-Square-Shape-Hijab-Magnetic-Pin447.jpg\" data-orig-src=\"https:\/\/richarms.com\/wp-content\/uploads\/2021\/09\/Richarms-Square-Shape-Hijab-Magnetic-Pin447.jpg\" alt=\"Hijab Magnet packaging with 8 sets per poly bag\" width=\"800\" height=\"800\" srcset=\"data:image\/svg+xml,%3Csvg%20xmlns%3D%27http%3A%2F%2Fwww.w3.org%2F2000%2Fsvg%27%20width%3D%27800%27%20height%3D%27800%27%20viewBox%3D%270%200%20800%20800%27%3E%3Crect%20width%3D%27800%27%20height%3D%27800%27%20fill-opacity%3D%220%22%2F%3E%3C%2Fsvg%3E\" data-srcset=\"https:\/\/richarms.com\/wp-content\/uploads\/2021\/09\/Richarms-Square-Shape-Hijab-Magnetic-Pin447-66x66.jpg 66w, https:\/\/richarms.com\/wp-content\/uploads\/2021\/09\/Richarms-Square-Shape-Hijab-Magnetic-Pin447-100x100.jpg 100w, https:\/\/richarms.com\/wp-content\/uploads\/2021\/09\/Richarms-Square-Shape-Hijab-Magnetic-Pin447-150x150.jpg 150w, https:\/\/richarms.com\/wp-content\/uploads\/2021\/09\/Richarms-Square-Shape-Hijab-Magnetic-Pin447-200x200.jpg 200w, https:\/\/richarms.com\/wp-content\/uploads\/2021\/09\/Richarms-Square-Shape-Hijab-Magnetic-Pin447-300x300.jpg 300w, https:\/\/richarms.com\/wp-content\/uploads\/2021\/09\/Richarms-Square-Shape-Hijab-Magnetic-Pin447-400x400.jpg 400w, https:\/\/richarms.com\/wp-content\/uploads\/2021\/09\/Richarms-Square-Shape-Hijab-Magnetic-Pin447-500x500.jpg 500w, https:\/\/richarms.com\/wp-content\/uploads\/2021\/09\/Richarms-Square-Shape-Hijab-Magnetic-Pin447-600x600.jpg 600w, https:\/\/richarms.com\/wp-content\/uploads\/2021\/09\/Richarms-Square-Shape-Hijab-Magnetic-Pin447-700x700.jpg 700w, https:\/\/richarms.com\/wp-content\/uploads\/2021\/09\/Richarms-Square-Shape-Hijab-Magnetic-Pin447-768x768.jpg 768w, https:\/\/richarms.com\/wp-content\/uploads\/2021\/09\/Richarms-Square-Shape-Hijab-Magnetic-Pin447.jpg 800w\" data-sizes=\"auto\" data-orig-sizes=\"(max-width: 800px) 100vw, 800px\" \/><\/p>\n<p><strong>Outra forma dispon\u00edvel,<br \/>\n<a href=\"https:\/\/richarms.com\/wp-admin\/post.php?post=7322&amp;action=edit\"> Rodada &gt;&gt;\u00a0<\/a>\u00a0 \u00a0 \u00a0 \u00a0 \u00a0 \u00a0 \u00a0 \u00a0 \u00a0 \u00a0 \u00a0 \u00a0 \u00a0 \u00a0<a href=\"https:\/\/richarms.com\/wp-admin\/post.php?post=7308&amp;action=edit\">Cora\u00e7\u00e3o&gt;&gt;\u00a0<\/a>\u00a0 \u00a0 \u00a0 \u00a0 \u00a0 \u00a0 \u00a0 \u00a0 \u00a0 \u00a0 \u00a0 \u00a0 \u00a0 \u00a0 \u00a0 <a href=\"https:\/\/richarms.com\/wp-admin\/post.php?post=7363&amp;action=edit\">Quadrado&gt;&gt;\u00a0<\/a><br \/>\n<\/strong><\/p>\n<div id=\"attachment_7326\" style=\"width: 558px\" class=\"wp-caption alignnone\"><img decoding=\"async\" aria-describedby=\"caption-attachment-7326\" class=\"lazyload wp-image-7326\" src=\"https:\/\/richarms.com\/wp-content\/uploads\/2021\/07\/\u56fe\u72471-3.jpg\" data-orig-src=\"https:\/\/richarms.com\/wp-content\/uploads\/2021\/07\/\u56fe\u72471-3.jpg\" alt=\"Hijab Magnet Shapes - Heart, Round, and Square\" width=\"548\" height=\"215\" srcset=\"data:image\/svg+xml,%3Csvg%20xmlns%3D%27http%3A%2F%2Fwww.w3.org%2F2000%2Fsvg%27%20width%3D%27548%27%20height%3D%27215%27%20viewBox%3D%270%200%20548%20215%27%3E%3Crect%20width%3D%27548%27%20height%3D%27215%27%20fill-opacity%3D%220%22%2F%3E%3C%2Fsvg%3E\" data-srcset=\"https:\/\/richarms.com\/wp-content\/uploads\/2021\/07\/\u56fe\u72471-3-200x78.jpg 200w, https:\/\/richarms.com\/wp-content\/uploads\/2021\/07\/\u56fe\u72471-3-300x118.jpg 300w, https:\/\/richarms.com\/wp-content\/uploads\/2021\/07\/\u56fe\u72471-3-400x157.jpg 400w, https:\/\/richarms.com\/wp-content\/uploads\/2021\/07\/\u56fe\u72471-3-500x196.jpg 500w, https:\/\/richarms.com\/wp-content\/uploads\/2021\/07\/\u56fe\u72471-3-600x235.jpg 600w, https:\/\/richarms.com\/wp-content\/uploads\/2021\/07\/\u56fe\u72471-3-700x275.jpg 700w, https:\/\/richarms.com\/wp-content\/uploads\/2021\/07\/\u56fe\u72471-3-768x301.jpg 768w, https:\/\/richarms.com\/wp-content\/uploads\/2021\/07\/\u56fe\u72471-3-800x314.jpg 800w, https:\/\/richarms.com\/wp-content\/uploads\/2021\/07\/\u56fe\u72471-3-1024x402.jpg 1024w, https:\/\/richarms.com\/wp-content\/uploads\/2021\/07\/\u56fe\u72471-3-1200x471.jpg 1200w, https:\/\/richarms.com\/wp-content\/uploads\/2021\/07\/\u56fe\u72471-3.jpg 1404w\" data-sizes=\"auto\" data-orig-sizes=\"(max-width: 548px) 100vw, 548px\" \/><p id=\"caption-attachment-7326\" class=\"wp-caption-text\">Explore the different shapes of Hijab Magnets, including heart, round, and square, each offering a stylish and secure fastening solution.<\/p><\/div>\n<p>A Richarms oferece servi\u00e7o personalizado, abrangendo forma, tamanho, logotipo e outros acabamentos, como:<\/p>\n<p>Logotipo do laser<\/p>\n<div id=\"attachment_7312\" style=\"width: 528px\" class=\"wp-caption alignnone\"><img decoding=\"async\" aria-describedby=\"caption-attachment-7312\" class=\"lazyload wp-image-7312\" src=\"https:\/\/richarms.com\/wp-content\/uploads\/2021\/07\/laser-log-e1627033037639-1024x486.jpg\" data-orig-src=\"https:\/\/richarms.com\/wp-content\/uploads\/2021\/07\/laser-log-e1627033037639-1024x486.jpg\" alt=\"Hijab Magnet with customized laser logo\" width=\"518\" height=\"246\" srcset=\"data:image\/svg+xml,%3Csvg%20xmlns%3D%27http%3A%2F%2Fwww.w3.org%2F2000%2Fsvg%27%20width%3D%27518%27%20height%3D%27246%27%20viewBox%3D%270%200%20518%20246%27%3E%3Crect%20width%3D%27518%27%20height%3D%27246%27%20fill-opacity%3D%220%22%2F%3E%3C%2Fsvg%3E\" data-srcset=\"https:\/\/richarms.com\/wp-content\/uploads\/2021\/07\/laser-log-e1627033037639-200x95.jpg 200w, https:\/\/richarms.com\/wp-content\/uploads\/2021\/07\/laser-log-e1627033037639-300x142.jpg 300w, https:\/\/richarms.com\/wp-content\/uploads\/2021\/07\/laser-log-e1627033037639-400x190.jpg 400w, https:\/\/richarms.com\/wp-content\/uploads\/2021\/07\/laser-log-e1627033037639-500x237.jpg 500w, https:\/\/richarms.com\/wp-content\/uploads\/2021\/07\/laser-log-e1627033037639-600x285.jpg 600w, https:\/\/richarms.com\/wp-content\/uploads\/2021\/07\/laser-log-e1627033037639-700x332.jpg 700w, https:\/\/richarms.com\/wp-content\/uploads\/2021\/07\/laser-log-e1627033037639-768x364.jpg 768w, https:\/\/richarms.com\/wp-content\/uploads\/2021\/07\/laser-log-e1627033037639-800x380.jpg 800w, https:\/\/richarms.com\/wp-content\/uploads\/2021\/07\/laser-log-e1627033037639-1024x486.jpg 1024w, https:\/\/richarms.com\/wp-content\/uploads\/2021\/07\/laser-log-e1627033037639-1200x569.jpg 1200w, https:\/\/richarms.com\/wp-content\/uploads\/2021\/07\/laser-log-e1627033037639.jpg 1494w\" data-sizes=\"auto\" data-orig-sizes=\"(max-width: 518px) 100vw, 518px\" \/><p id=\"caption-attachment-7312\" class=\"wp-caption-text\">Personalize your hijab magnets with your logo, using laser for a professional finish.<\/p><\/div>\n<p><strong>Logotipo do ferramental<\/strong><\/p>\n<div id=\"attachment_7334\" style=\"width: 529px\" class=\"wp-caption alignnone\"><img decoding=\"async\" aria-describedby=\"caption-attachment-7334\" class=\"lazyload wp-image-7334\" src=\"https:\/\/richarms.com\/wp-content\/uploads\/2021\/07\/H440e48e3e5ac4e0484872e0cdc1c6f9cT-e1627032972572.jpg\" data-orig-src=\"https:\/\/richarms.com\/wp-content\/uploads\/2021\/07\/H440e48e3e5ac4e0484872e0cdc1c6f9cT-e1627032972572.jpg\" alt=\"Customized logo on Hijab Magnet carved in tooling design\" width=\"519\" height=\"255\" srcset=\"data:image\/svg+xml,%3Csvg%20xmlns%3D%27http%3A%2F%2Fwww.w3.org%2F2000%2Fsvg%27%20width%3D%27519%27%20height%3D%27255%27%20viewBox%3D%270%200%20519%20255%27%3E%3Crect%20width%3D%27519%27%20height%3D%27255%27%20fill-opacity%3D%220%22%2F%3E%3C%2Fsvg%3E\" data-srcset=\"https:\/\/richarms.com\/wp-content\/uploads\/2021\/07\/H440e48e3e5ac4e0484872e0cdc1c6f9cT-e1627032972572-200x98.jpg 200w, https:\/\/richarms.com\/wp-content\/uploads\/2021\/07\/H440e48e3e5ac4e0484872e0cdc1c6f9cT-e1627032972572-300x147.jpg 300w, https:\/\/richarms.com\/wp-content\/uploads\/2021\/07\/H440e48e3e5ac4e0484872e0cdc1c6f9cT-e1627032972572-400x197.jpg 400w, https:\/\/richarms.com\/wp-content\/uploads\/2021\/07\/H440e48e3e5ac4e0484872e0cdc1c6f9cT-e1627032972572-500x246.jpg 500w, https:\/\/richarms.com\/wp-content\/uploads\/2021\/07\/H440e48e3e5ac4e0484872e0cdc1c6f9cT-e1627032972572-600x295.jpg 600w, https:\/\/richarms.com\/wp-content\/uploads\/2021\/07\/H440e48e3e5ac4e0484872e0cdc1c6f9cT-e1627032972572-700x344.jpg 700w, https:\/\/richarms.com\/wp-content\/uploads\/2021\/07\/H440e48e3e5ac4e0484872e0cdc1c6f9cT-e1627032972572.jpg 749w\" data-sizes=\"auto\" data-orig-sizes=\"(max-width: 519px) 100vw, 519px\" \/><p id=\"caption-attachment-7334\" class=\"wp-caption-text\">Elevate your hijab magnet branding with a customized logo, carved directly into the tooling for lasting results.<\/p><\/div>\n<p><b>Diversos<\/b><strong><b>\u00a0Op\u00e7\u00e3o de cor<\/b><\/strong><\/p>\n<p>Eletrodeposi\u00e7\u00e3o ou pintura em spray<\/p>\n<p><img decoding=\"async\" class=\"lazyload alignnone wp-image-7317\" src=\"https:\/\/richarms.com\/wp-content\/uploads\/2021\/07\/colord.jpg\" data-orig-src=\"https:\/\/richarms.com\/wp-content\/uploads\/2021\/07\/colord.jpg\" alt=\"\" width=\"447\" height=\"447\" srcset=\"data:image\/svg+xml,%3Csvg%20xmlns%3D%27http%3A%2F%2Fwww.w3.org%2F2000%2Fsvg%27%20width%3D%27447%27%20height%3D%27447%27%20viewBox%3D%270%200%20447%20447%27%3E%3Crect%20width%3D%27447%27%20height%3D%27447%27%20fill-opacity%3D%220%22%2F%3E%3C%2Fsvg%3E\" data-srcset=\"https:\/\/richarms.com\/wp-content\/uploads\/2021\/07\/colord-66x66.jpg 66w, https:\/\/richarms.com\/wp-content\/uploads\/2021\/07\/colord-100x100.jpg 100w, https:\/\/richarms.com\/wp-content\/uploads\/2021\/07\/colord-150x150.jpg 150w, https:\/\/richarms.com\/wp-content\/uploads\/2021\/07\/colord-200x200.jpg 200w, https:\/\/richarms.com\/wp-content\/uploads\/2021\/07\/colord-300x300.jpg 300w, https:\/\/richarms.com\/wp-content\/uploads\/2021\/07\/colord-400x400.jpg 400w, https:\/\/richarms.com\/wp-content\/uploads\/2021\/07\/colord-500x500.jpg 500w, https:\/\/richarms.com\/wp-content\/uploads\/2021\/07\/colord-600x599.jpg 600w, https:\/\/richarms.com\/wp-content\/uploads\/2021\/07\/colord-700x699.jpg 700w, https:\/\/richarms.com\/wp-content\/uploads\/2021\/07\/colord-768x767.jpg 768w, https:\/\/richarms.com\/wp-content\/uploads\/2021\/07\/colord-800x799.jpg 800w, https:\/\/richarms.com\/wp-content\/uploads\/2021\/07\/colord.jpg 1001w\" data-sizes=\"auto\" data-orig-sizes=\"(max-width: 447px) 100vw, 447px\" \/><\/p>\n<h3>Compre \u00edm\u00e3s de cachecol elegantes a granel na Richarms<\/h3>\n<p>Essa \u00e9 a op\u00e7\u00e3o ideal para manter seus delicados e belos len\u00e7os de cabe\u00e7a e outras roupas e dispositivos a salvo de furos feitos por agulhas afiadas! Os maravilhosos \u00edm\u00e3s multitarefas s\u00e3o a excelente op\u00e7\u00e3o para estilos desafiadores de amarra\u00e7\u00e3o de len\u00e7os de cabe\u00e7a.<\/p>\n<div id=\"attachment_7311\" style=\"width: 493px\" class=\"wp-caption alignnone\"><img decoding=\"async\" aria-describedby=\"caption-attachment-7311\" class=\"lazyload wp-image-7311\" src=\"https:\/\/richarms.com\/wp-content\/uploads\/2021\/07\/Ha71c1b1b753546f68935ff70264ced6dm.jpg\" data-orig-src=\"https:\/\/richarms.com\/wp-content\/uploads\/2021\/07\/Ha71c1b1b753546f68935ff70264ced6dm.jpg\" alt=\"Hijab Magnet used as a brooch pin on a scarf\" width=\"483\" height=\"252\" srcset=\"data:image\/svg+xml,%3Csvg%20xmlns%3D%27http%3A%2F%2Fwww.w3.org%2F2000%2Fsvg%27%20width%3D%27483%27%20height%3D%27252%27%20viewBox%3D%270%200%20483%20252%27%3E%3Crect%20width%3D%27483%27%20height%3D%27252%27%20fill-opacity%3D%220%22%2F%3E%3C%2Fsvg%3E\" data-srcset=\"https:\/\/richarms.com\/wp-content\/uploads\/2021\/07\/Ha71c1b1b753546f68935ff70264ced6dm-200x104.jpg 200w, https:\/\/richarms.com\/wp-content\/uploads\/2021\/07\/Ha71c1b1b753546f68935ff70264ced6dm-300x156.jpg 300w, https:\/\/richarms.com\/wp-content\/uploads\/2021\/07\/Ha71c1b1b753546f68935ff70264ced6dm-400x209.jpg 400w, https:\/\/richarms.com\/wp-content\/uploads\/2021\/07\/Ha71c1b1b753546f68935ff70264ced6dm-500x261.jpg 500w, https:\/\/richarms.com\/wp-content\/uploads\/2021\/07\/Ha71c1b1b753546f68935ff70264ced6dm-600x313.jpg 600w, https:\/\/richarms.com\/wp-content\/uploads\/2021\/07\/Ha71c1b1b753546f68935ff70264ced6dm-700x365.jpg 700w, https:\/\/richarms.com\/wp-content\/uploads\/2021\/07\/Ha71c1b1b753546f68935ff70264ced6dm.jpg 750w\" data-sizes=\"auto\" data-orig-sizes=\"(max-width: 483px) 100vw, 483px\" \/><p id=\"caption-attachment-7311\" class=\"wp-caption-text\">Hijab magnet functioning as a secure brooch pin, perfect for holding scarves and hijabs in place.<\/p><\/div>\n<p>Our Standard Packaging is 12 sets\/bag. And we can made as per order, your logo packaging is available.<\/p>\n<h3><img decoding=\"async\" class=\"lazyload alignnone wp-image-7327\" style=\"font-size: 16px;\" src=\"https:\/\/richarms.com\/wp-content\/uploads\/2021\/07\/\u56fe\u72472-2.jpg\" data-orig-src=\"https:\/\/richarms.com\/wp-content\/uploads\/2021\/07\/\u56fe\u72472-2.jpg\" alt=\"\" width=\"445\" height=\"263\" srcset=\"data:image\/svg+xml,%3Csvg%20xmlns%3D%27http%3A%2F%2Fwww.w3.org%2F2000%2Fsvg%27%20width%3D%27445%27%20height%3D%27263%27%20viewBox%3D%270%200%20445%20263%27%3E%3Crect%20width%3D%27445%27%20height%3D%27263%27%20fill-opacity%3D%220%22%2F%3E%3C%2Fsvg%3E\" data-srcset=\"https:\/\/richarms.com\/wp-content\/uploads\/2021\/07\/\u56fe\u72472-2-200x118.jpg 200w, https:\/\/richarms.com\/wp-content\/uploads\/2021\/07\/\u56fe\u72472-2-300x177.jpg 300w, https:\/\/richarms.com\/wp-content\/uploads\/2021\/07\/\u56fe\u72472-2-400x236.jpg 400w, https:\/\/richarms.com\/wp-content\/uploads\/2021\/07\/\u56fe\u72472-2-500x295.jpg 500w, https:\/\/richarms.com\/wp-content\/uploads\/2021\/07\/\u56fe\u72472-2-600x354.jpg 600w, https:\/\/richarms.com\/wp-content\/uploads\/2021\/07\/\u56fe\u72472-2-700x414.jpg 700w, https:\/\/richarms.com\/wp-content\/uploads\/2021\/07\/\u56fe\u72472-2-768x454.jpg 768w, https:\/\/richarms.com\/wp-content\/uploads\/2021\/07\/\u56fe\u72472-2-800x473.jpg 800w, https:\/\/richarms.com\/wp-content\/uploads\/2021\/07\/\u56fe\u72472-2.jpg 1014w\" data-sizes=\"auto\" data-orig-sizes=\"(max-width: 445px) 100vw, 445px\" \/><\/h3>\n<h3>A Richarms oferece os layouts mais recentes com os pre\u00e7os mais eficazes e abordagens de liquida\u00e7\u00e3o confi\u00e1veis!<\/h3>\n<p>Nossos designers de moda produzem constantemente novos modelos e os adicionam \u00e0 nossa linha de itens.<br \/>\nPara saber mais sobre nossos produtos, n\u00e3o hesite em <a href=\"https:\/\/richarms.com\/pt\/contact\/\">Entre em contato conosco HOJE!<\/a><\/p>","protected":false},"excerpt":{"rendered":"<p>Type: Hijab Magnetic snaps<br \/>\nSize: 12.4mm<br \/>\nMaterial: Liga de Zn, \u00edm\u00e3<br \/>\nLogotipo: pode ser personalizado<br \/>\nCor: dourado\/ pistola\/ n\u00edquel\/ preto\/ branco\/ outro<br \/>\nEmbalagem: caixa e caixa de papel\u00e3o<br \/>\nEnvio: LCL\/ DHL \/ FedEx \/ TNT \/ Outros<\/p>","protected":false},"featured_media":7376,"template":"","meta":[],"product_brand":[],"product_cat":[80],"product_tag":[],"class_list":{"0":"post-7363","1":"product","2":"type-product","3":"status-publish","4":"has-post-thumbnail","6":"product_cat-hijab-magnet","8":"first","9":"instock","10":"shipping-taxable","11":"product-type-simple"},"aioseo_notices":[],"_links":{"self":[{"href":"https:\/\/richarms.com\/pt\/wp-json\/wp\/v2\/product\/7363","targetHints":{"allow":["GET"]}}],"collection":[{"href":"https:\/\/richarms.com\/pt\/wp-json\/wp\/v2\/product"}],"about":[{"href":"https:\/\/richarms.com\/pt\/wp-json\/wp\/v2\/types\/product"}],"wp:featuredmedia":[{"embeddable":true,"href":"https:\/\/richarms.com\/pt\/wp-json\/wp\/v2\/media\/7376"}],"wp:attachment":[{"href":"https:\/\/richarms.com\/pt\/wp-json\/wp\/v2\/media?parent=7363"}],"wp:term":[{"taxonomy":"product_brand","embeddable":true,"href":"https:\/\/richarms.com\/pt\/wp-json\/wp\/v2\/product_brand?post=7363"},{"taxonomy":"product_cat","embeddable":true,"href":"https:\/\/richarms.com\/pt\/wp-json\/wp\/v2\/product_cat?post=7363"},{"taxonomy":"product_tag","embeddable":true,"href":"https:\/\/richarms.com\/pt\/wp-json\/wp\/v2\/product_tag?post=7363"}],"curies":[{"name":"wp","href":"https:\/\/api.w.org\/{rel}","templated":true}]}}