{"id":7605,"date":"2022-04-11T22:40:16","date_gmt":"2022-04-11T14:40:16","guid":{"rendered":"https:\/\/richarms.com\/?post_type=product&#038;p=7605"},"modified":"2025-02-28T14:43:29","modified_gmt":"2025-02-28T06:43:29","slug":"segment-magnet","status":"publish","type":"product","link":"https:\/\/richarms.com\/pt\/product\/segment-magnet","title":{"rendered":"F\u00e1brica de \u00edm\u00e3s de segmento"},"content":{"rendered":"<h1>\u00cdm\u00e3 NdFeB de segmento | \u00cdm\u00e3s industriais personalizados para diversas aplica\u00e7\u00f5es<\/h1>\n<p data-start=\"429\" data-end=\"1077\"><strong data-start=\"429\" data-end=\"442\">Material:<\/strong> <strong data-start=\"443\" data-end=\"475\">NdFeB (neod\u00edmio)<\/strong><br data-start=\"475\" data-end=\"478\" \/><strong data-start=\"478\" data-end=\"496\">Op\u00e7\u00f5es de formato:<\/strong> <strong data-start=\"497\" data-end=\"505\">Disco<\/strong>, <strong data-start=\"507\" data-end=\"519\">Cilindro<\/strong>, <strong data-start=\"521\" data-end=\"530\">Bloqueio<\/strong>, <strong data-start=\"532\" data-end=\"540\">Anel<\/strong>, <strong data-start=\"542\" data-end=\"557\">Countersunk<\/strong>, <strong data-start=\"559\" data-end=\"570\">Segmento<\/strong>, <strong data-start=\"572\" data-end=\"585\">Trapezoidal<\/strong>e mais <strong data-start=\"596\" data-end=\"613\">formas personalizadas<\/strong><br data-start=\"613\" data-end=\"616\" \/><strong data-start=\"616\" data-end=\"644\">Dire\u00e7\u00e3o da magnetiza\u00e7\u00e3o:<\/strong> <strong data-start=\"645\" data-end=\"669\">Espessura Magnetizado<\/strong> ou <strong data-start=\"673\" data-end=\"696\">Magnetizado radialmente<\/strong> (personaliz\u00e1vel)<br data-start=\"711\" data-end=\"714\" \/><strong data-start=\"714\" data-end=\"734\">Op\u00e7\u00f5es de revestimento:<\/strong> <strong data-start=\"735\" data-end=\"750\">N\u00edquel (Ni)<\/strong>, <strong data-start=\"752\" data-end=\"765\" data-is-only-node=\"\">Zinco (Zn)<\/strong>, <strong data-start=\"767\" data-end=\"775\">Ouro<\/strong>, <strong data-start=\"777\" data-end=\"787\">Prata<\/strong>, <strong data-start=\"789\" data-end=\"799\">Cobre<\/strong>, <strong data-start=\"801\" data-end=\"810\">Ep\u00f3xi<\/strong> e mais<br data-start=\"819\" data-end=\"822\" \/><strong data-start=\"822\" data-end=\"845\">Tamanho e toler\u00e2ncia:<\/strong> <strong data-start=\"846\" data-end=\"862\">Tamanhos personalizados<\/strong> com toler\u00e2ncias que variam de <strong data-start=\"892\" data-end=\"918\">+\/-0,03 mm a +\/-0,15 mm<\/strong><br data-start=\"918\" data-end=\"921\" \/><strong data-start=\"921\" data-end=\"945\">Temperatura de trabalho:<\/strong> Temperatura m\u00e1xima de opera\u00e7\u00e3o de at\u00e9 <strong data-start=\"982\" data-end=\"991\">230\u00b0C<\/strong> com base na nota<br data-start=\"1006\" data-end=\"1009\" \/><strong data-start=\"1009\" data-end=\"1022\">Entrega:<\/strong> <a href=\"https:\/\/www.richarmshardware.com\/\">Pedido pequeno<\/a> dispon\u00edvel, Dispon\u00edvel por <strong data-start=\"1036\" data-end=\"1043\">mar<\/strong>, <strong data-start=\"1045\" data-end=\"1052\">ar<\/strong>ou <strong data-start=\"1057\" data-end=\"1068\">expresso<\/strong> entrega<\/p>\n<table style=\"height: 599px;\" width=\"828\">\n<tbody>\n<tr style=\"font-style: inherit; font-weight: inherit;\">\n<td style=\"font-style: inherit;\" width=\"183\">Tipo<\/td>\n<td style=\"font-style: inherit;\" width=\"504\">Permanente<\/td>\n<\/tr>\n<tr style=\"font-style: inherit; font-weight: inherit;\">\n<td style=\"font-style: inherit;\" width=\"183\" data-spm-anchor-id=\"a2700.details.pronpeci14.i0.41a61526Xi5f7X\">Composto<\/td>\n<td style=\"font-style: inherit;\" width=\"504\">\u00cdm\u00e3 NdFeB<\/td>\n<\/tr>\n<tr style=\"font-style: inherit; font-weight: inherit;\">\n<td style=\"font-style: inherit;\" rowspan=\"2\" width=\"183\">Forma<\/td>\n<td style=\"font-style: inherit;\" width=\"504\">Disco, <a href=\"https:\/\/richarms.com\/pt\/produto\/cylinder-magnet-wholesale\/\">Cilindro<\/a>, <a href=\"https:\/\/richarms.com\/pt\/produto\/strong-block-magnets-in-bulk\/\">Bloqueio<\/a>, <a href=\"https:\/\/richarms.com\/pt\/produto\/strongest-ring-magnet-neodymium-magnets\/\">Anel<\/a>, Countersunk, Trapezoidal<\/td>\n<\/tr>\n<tr>\n<td width=\"504\">Formas irregulares e mais formas personalizadas<\/td>\n<\/tr>\n<tr style=\"font-style: inherit; font-weight: inherit;\">\n<td style=\"font-style: inherit;\" width=\"183\">Aplicativo<\/td>\n<td style=\"font-style: inherit;\" width=\"504\">\u00cdm\u00e3 industrial<\/td>\n<\/tr>\n<tr style=\"font-style: inherit; font-weight: inherit;\">\n<td style=\"font-style: inherit;\" width=\"183\">Dire\u00e7\u00e3o de magnetiza\u00e7\u00e3o<\/td>\n<td style=\"font-style: inherit;\" width=\"504\">Personalizado<\/td>\n<\/tr>\n<tr style=\"font-style: inherit; font-weight: inherit;\">\n<td style=\"font-style: inherit;\" width=\"183\">Tamanho<\/td>\n<td style=\"font-style: inherit;\" width=\"504\">Personalizado<\/td>\n<\/tr>\n<tr style=\"font-style: inherit; font-weight: inherit;\">\n<td style=\"font-style: inherit;\" width=\"183\">Revestimento<\/td>\n<td style=\"font-style: inherit;\" width=\"504\">Ni, Zn, ouro, prata, cobre, ep\u00f3xi, etc.<\/td>\n<\/tr>\n<tr style=\"font-style: inherit; font-weight: inherit;\">\n<td style=\"font-style: inherit;\" width=\"183\">Toler\u00e2ncia<\/td>\n<td style=\"font-style: inherit;\" width=\"504\">+\/-0,03 a +\/-0,15<\/td>\n<\/tr>\n<tr style=\"font-style: inherit; font-weight: inherit;\">\n<td style=\"font-style: inherit;\" width=\"183\">Temperatura de trabalho<\/td>\n<td style=\"font-style: inherit;\" width=\"504\">A temperatura m\u00e1xima de opera\u00e7\u00e3o \u00e9 de at\u00e9 230 graus cent\u00edgrados<\/td>\n<\/tr>\n<tr style=\"font-style: inherit; font-weight: inherit;\">\n<td style=\"font-style: inherit;\" width=\"183\">Entrega<\/td>\n<td style=\"font-style: inherit;\" width=\"504\">Por via mar\u00edtima, a\u00e9rea ou expressa<\/td>\n<\/tr>\n<tr style=\"font-style: inherit; font-weight: inherit;\">\n<td style=\"font-style: inherit;\" width=\"183\">Temperatura m\u00e1xima de trabalho<\/td>\n<td style=\"font-style: inherit;\" width=\"504\">Grau<\/td>\n<\/tr>\n<tr>\n<td width=\"183\">80\u00b0C<\/td>\n<td width=\"504\">N33-N52<\/td>\n<\/tr>\n<tr>\n<td width=\"183\">100\u00b0C<\/td>\n<td width=\"504\">N35M-N45M<\/td>\n<\/tr>\n<tr>\n<td width=\"183\">120\u00b0C<\/td>\n<td width=\"504\">N33H-N50H<\/td>\n<\/tr>\n<tr>\n<td width=\"183\">150\u00b0C<\/td>\n<td width=\"504\">N33SH-N45SH<\/td>\n<\/tr>\n<tr>\n<td width=\"183\">180\u00b0C<\/td>\n<td width=\"504\">N30UH-N42UH<\/td>\n<\/tr>\n<tr>\n<td width=\"183\">\u00a0200\u00b0C<\/td>\n<td width=\"504\">N30EH-N38EH<\/td>\n<\/tr>\n<tr>\n<td width=\"183\">230\u00b0C<\/td>\n<td width=\"504\">N28AH-N33AH<\/td>\n<\/tr>\n<\/tbody>\n<\/table>\n<div id=\"attachment_5501\" style=\"width: 760px\" class=\"wp-caption alignnone\"><img decoding=\"async\" aria-describedby=\"caption-attachment-5501\" class=\"lazyload wp-image-5501 size-full\" src=\"https:\/\/richarms.com\/wp-content\/uploads\/2018\/12\/permanent-magnets-box-packing.jpg\" data-orig-src=\"https:\/\/richarms.com\/wp-content\/uploads\/2018\/12\/permanent-magnets-box-packing.jpg\" alt=\"Segment NdFeB Magnet carefully packaged in a small white box for safe handling and delivery.\" width=\"750\" height=\"500\" srcset=\"data:image\/svg+xml,%3Csvg%20xmlns%3D%27http%3A%2F%2Fwww.w3.org%2F2000%2Fsvg%27%20width%3D%27750%27%20height%3D%27500%27%20viewBox%3D%270%200%20750%20500%27%3E%3Crect%20width%3D%27750%27%20height%3D%27500%27%20fill-opacity%3D%220%22%2F%3E%3C%2Fsvg%3E\" data-srcset=\"https:\/\/richarms.com\/wp-content\/uploads\/2018\/12\/permanent-magnets-box-packing-200x133.jpg 200w, https:\/\/richarms.com\/wp-content\/uploads\/2018\/12\/permanent-magnets-box-packing-300x200.jpg 300w, https:\/\/richarms.com\/wp-content\/uploads\/2018\/12\/permanent-magnets-box-packing-400x267.jpg 400w, https:\/\/richarms.com\/wp-content\/uploads\/2018\/12\/permanent-magnets-box-packing-500x333.jpg 500w, https:\/\/richarms.com\/wp-content\/uploads\/2018\/12\/permanent-magnets-box-packing-600x400.jpg 600w, https:\/\/richarms.com\/wp-content\/uploads\/2018\/12\/permanent-magnets-box-packing-700x467.jpg 700w, https:\/\/richarms.com\/wp-content\/uploads\/2018\/12\/permanent-magnets-box-packing.jpg 750w\" data-sizes=\"auto\" data-orig-sizes=\"(max-width: 750px) 100vw, 750px\" \/><p id=\"caption-attachment-5501\" class=\"wp-caption-text\">Os \u00edm\u00e3s de NdFeB s\u00e3o embalados com seguran\u00e7a em pequenas caixas brancas, garantindo transporte seguro e f\u00e1cil manuseio.<\/p><\/div>\n<p><strong>Embalagem:<\/strong><\/p>\n<div id=\"attachment_5515\" style=\"width: 764px\" class=\"wp-caption alignnone\"><img decoding=\"async\" aria-describedby=\"caption-attachment-5515\" class=\"lazyload wp-image-5515 size-full\" src=\"https:\/\/richarms.com\/wp-content\/uploads\/2018\/12\/packaging.png\" data-orig-src=\"https:\/\/richarms.com\/wp-content\/uploads\/2018\/12\/packaging.png\" alt=\"De-magnetization packaging process for NdFeB magnets, showing a multi-layered protection including iron boxes, foam boxes, and paper boxes.\" width=\"754\" height=\"497\" srcset=\"data:image\/svg+xml,%3Csvg%20xmlns%3D%27http%3A%2F%2Fwww.w3.org%2F2000%2Fsvg%27%20width%3D%27754%27%20height%3D%27497%27%20viewBox%3D%270%200%20754%20497%27%3E%3Crect%20width%3D%27754%27%20height%3D%27497%27%20fill-opacity%3D%220%22%2F%3E%3C%2Fsvg%3E\" data-srcset=\"https:\/\/richarms.com\/wp-content\/uploads\/2018\/12\/packaging-200x132.png 200w, https:\/\/richarms.com\/wp-content\/uploads\/2018\/12\/packaging-300x198.png 300w, https:\/\/richarms.com\/wp-content\/uploads\/2018\/12\/packaging-400x264.png 400w, https:\/\/richarms.com\/wp-content\/uploads\/2018\/12\/packaging-500x330.png 500w, https:\/\/richarms.com\/wp-content\/uploads\/2018\/12\/packaging-600x395.png 600w, https:\/\/richarms.com\/wp-content\/uploads\/2018\/12\/packaging-700x461.png 700w, https:\/\/richarms.com\/wp-content\/uploads\/2018\/12\/packaging.png 754w\" data-sizes=\"auto\" data-orig-sizes=\"(max-width: 754px) 100vw, 754px\" \/><p id=\"caption-attachment-5515\" class=\"wp-caption-text\">Os \u00edm\u00e3s de NdFeB passam por um cuidadoso processo de embalagem de desmagnetiza\u00e7\u00e3o, que envolve camadas de caixas de ferro, espuma e caixas de papel para garantir um transporte seguro.<\/p><\/div>\n<div id=\"attachment_5499\" style=\"width: 710px\" class=\"wp-caption alignnone\"><img decoding=\"async\" aria-describedby=\"caption-attachment-5499\" class=\"lazyload wp-image-5499 size-full\" src=\"https:\/\/richarms.com\/wp-content\/uploads\/2018\/12\/drawing.jpg\" data-orig-src=\"https:\/\/richarms.com\/wp-content\/uploads\/2018\/12\/drawing.jpg\" alt=\"Illustration of two magnetization directions for NdFeB magnets: Thickness Magnetized and Radially Magnetized.\" width=\"700\" height=\"907\" srcset=\"data:image\/svg+xml,%3Csvg%20xmlns%3D%27http%3A%2F%2Fwww.w3.org%2F2000%2Fsvg%27%20width%3D%27700%27%20height%3D%27907%27%20viewBox%3D%270%200%20700%20907%27%3E%3Crect%20width%3D%27700%27%20height%3D%27907%27%20fill-opacity%3D%220%22%2F%3E%3C%2Fsvg%3E\" data-srcset=\"https:\/\/richarms.com\/wp-content\/uploads\/2018\/12\/drawing-200x259.jpg 200w, https:\/\/richarms.com\/wp-content\/uploads\/2018\/12\/drawing-232x300.jpg 232w, https:\/\/richarms.com\/wp-content\/uploads\/2018\/12\/drawing-400x518.jpg 400w, https:\/\/richarms.com\/wp-content\/uploads\/2018\/12\/drawing-500x648.jpg 500w, https:\/\/richarms.com\/wp-content\/uploads\/2018\/12\/drawing-600x777.jpg 600w, https:\/\/richarms.com\/wp-content\/uploads\/2018\/12\/drawing.jpg 700w\" data-sizes=\"auto\" data-orig-sizes=\"(max-width: 700px) 100vw, 700px\" \/><p id=\"caption-attachment-5499\" class=\"wp-caption-text\">Entendendo as duas dire\u00e7\u00f5es de magnetiza\u00e7\u00e3o dos \u00edm\u00e3s de NdFeB: Magnetizado por espessura e magnetizado radialmente.<\/p><\/div>\n<p><strong>Dire\u00e7\u00e3o da magnetiza\u00e7\u00e3o:<br \/>\n<\/strong>Espessura Magnetizado<br \/>\nMagnetizado radialmente<strong><br \/>\n<\/strong><\/p>\n<h2 data-start=\"1084\" data-end=\"1130\"><strong data-start=\"1088\" data-end=\"1129\">Principais caracter\u00edsticas dos \u00edm\u00e3s de NdFeB do segmento<\/strong>:<\/h2>\n<ul>\n<li data-start=\"1134\" data-end=\"1405\"><strong data-start=\"1134\" data-end=\"1179\">Personaliz\u00e1vel para aplica\u00e7\u00f5es industriais:<\/strong> Nosso <strong data-start=\"1184\" data-end=\"1209\">\u00cdm\u00e3s de NdFeB de segmento<\/strong> s\u00e3o altamente vers\u00e1teis e podem ser <strong data-start=\"1242\" data-end=\"1256\">personalizado<\/strong> em termos de tamanho, forma, dire\u00e7\u00e3o de magnetiza\u00e7\u00e3o e revestimento. Eles s\u00e3o projetados para atender \u00e0s suas necessidades espec\u00edficas de aplica\u00e7\u00e3o em <strong data-start=\"1381\" data-end=\"1404\">configura\u00e7\u00f5es industriais<\/strong>.<\/li>\n<li data-start=\"1409\" data-end=\"1723\"><strong data-start=\"1409\" data-end=\"1457\">Alto desempenho e resist\u00eancia \u00e0 temperatura:<\/strong> Esses \u00edm\u00e3s oferecem excepcional <strong data-start=\"1490\" data-end=\"1511\">for\u00e7a magn\u00e9tica<\/strong> e pode suportar uma ampla gama de temperaturas, com alguns graus chegando a at\u00e9 <strong data-start=\"1595\" data-end=\"1604\">230\u00b0C<\/strong> em <strong data-start=\"1608\" data-end=\"1641\">ambientes de alta temperatura<\/strong>. Perfeito para aplica\u00e7\u00f5es em <strong data-start=\"1671\" data-end=\"1681\">motores<\/strong>, <strong data-start=\"1683\" data-end=\"1694\">sensores<\/strong>e <strong data-start=\"1700\" data-end=\"1722\">dispositivos eletr\u00f4nicos<\/strong>.<\/li>\n<li data-start=\"1727\" data-end=\"2021\"><strong data-start=\"1727\" data-end=\"1759\">Dispon\u00edvel em v\u00e1rios formatos:<\/strong> Escolha entre uma ampla variedade de formatos, como <strong data-start=\"1803\" data-end=\"1812\">discos<\/strong>, <strong data-start=\"1814\" data-end=\"1827\">cilindros<\/strong>, <strong data-start=\"1829\" data-end=\"1839\">blocos<\/strong>e <strong data-start=\"1845\" data-end=\"1857\">segmentos<\/strong>, com <strong data-start=\"1864\" data-end=\"1882\">projetos personalizados<\/strong> dispon\u00edveis para requisitos mais especializados. Se voc\u00ea precisa de um <strong data-start=\"1947\" data-end=\"1960\">trapezoidal<\/strong>, <strong data-start=\"1962\" data-end=\"1970\">anel<\/strong>ou <strong data-start=\"1975\" data-end=\"1990\">escareado<\/strong> \u00edm\u00e3, temos tudo o que voc\u00ea precisa.<\/li>\n<li data-start=\"2025\" data-end=\"2184\"><strong data-start=\"2025\" data-end=\"2048\">Entrega eficiente:<\/strong> Com op\u00e7\u00f5es de entrega flex\u00edveis, garantimos o envio pontual por meio de <strong data-start=\"2111\" data-end=\"2118\">mar<\/strong>, <strong data-start=\"2120\" data-end=\"2127\">ar<\/strong>ou <strong data-start=\"2132\" data-end=\"2143\">expresso<\/strong> para atender aos prazos de seu projeto.<\/li>\n<\/ul>\n<h2 data-start=\"2191\" data-end=\"2236\"><strong data-start=\"2195\" data-end=\"2236\">Por que escolher nossos \u00edm\u00e3s de NdFeB de segmento?<\/strong><\/h2>\n<ul>\n<li data-start=\"2240\" data-end=\"2430\"><strong data-start=\"2240\" data-end=\"2265\">Magnetiza\u00e7\u00e3o personalizada:<\/strong> Nosso <strong data-start=\"2270\" data-end=\"2295\">\u00cdm\u00e3s de NdFeB de segmento<\/strong> pode ser <strong data-start=\"2303\" data-end=\"2317\">magnetizado<\/strong> em diferentes dire\u00e7\u00f5es, incluindo <strong data-start=\"2353\" data-end=\"2366\">espessura<\/strong> ou <strong data-start=\"2370\" data-end=\"2394\">magnetiza\u00e7\u00e3o radial<\/strong>para se adequar \u00e0 sua aplica\u00e7\u00e3o espec\u00edfica.<\/li>\n<li data-start=\"2434\" data-end=\"2623\"><strong data-start=\"2434\" data-end=\"2459\">Dur\u00e1vel e confi\u00e1vel:<\/strong> Com uma variedade de revestimentos, como <strong data-start=\"2495\" data-end=\"2505\">n\u00edquel<\/strong>, <strong data-start=\"2507\" data-end=\"2515\">zinco<\/strong>, <strong data-start=\"2517\" data-end=\"2525\">ouro<\/strong>e <strong data-start=\"2531\" data-end=\"2540\">ep\u00f3xi<\/strong>Esses \u00edm\u00e3s s\u00e3o protegidos contra corros\u00e3o, garantindo <strong data-start=\"2598\" data-end=\"2622\">durabilidade a longo prazo<\/strong>.<\/li>\n<li data-start=\"2627\" data-end=\"2873\"><strong data-start=\"2627\" data-end=\"2664\">For\u00e7a e efici\u00eancia superiores:<\/strong> Conhecido por suas <strong data-start=\"2681\" data-end=\"2711\">fortes propriedades magn\u00e9ticas<\/strong>, <strong data-start=\"2713\" data-end=\"2730\">\u00cdm\u00e3s de NdFeB<\/strong> proporcionam excelente desempenho em uma ampla gama de setores, incluindo <strong data-start=\"2806\" data-end=\"2821\">eletr\u00f4nicos<\/strong>, <strong data-start=\"2823\" data-end=\"2837\">automotivo<\/strong>, <strong data-start=\"2839\" data-end=\"2856\">fabrica\u00e7\u00e3o<\/strong>e <strong data-start=\"2862\" data-end=\"2872\">energia<\/strong>.<\/li>\n<\/ul>","protected":false},"excerpt":{"rendered":"<p>Tipo: \u00cdm\u00e3s permanentes<br \/>\nComposto: \u00cdm\u00e3 de neod\u00edmio<br \/>\nForma: fabricado conforme o pedido<br \/>\nAplica\u00e7\u00e3o: \u00cdm\u00e3 industrial<br \/>\nRevestimentos: Ni, Zn, ouro, prata, cobre, ep\u00f3xi, etc.<br \/>\nToler\u00e2ncia: +\/-0,03 a +\/-0,15<br \/>\nFormas: Arco\/Disco\/Barra\/Bloco...<br \/>\nGrade: N3N35M-N52M,N35H-N50H,N33SH-N45SH<br \/>\nTamanhos: personalizados<br \/>\ndire\u00e7\u00e3o de magnetiza\u00e7\u00e3o: Personalizado<br \/>\nentrega: por via mar\u00edtima, a\u00e9rea ou expressa<br \/>\nTemperatura: A temperatura m\u00e1xima de opera\u00e7\u00e3o \u00e9 de at\u00e9 230 d<\/p>","protected":false},"featured_media":7610,"template":"","meta":[],"product_brand":[],"product_cat":[53],"product_tag":[83,88,89],"class_list":{"0":"post-7605","1":"product","2":"type-product","3":"status-publish","4":"has-post-thumbnail","6":"product_cat-magnets","7":"product_tag-strong","8":"product_tag-magnet","9":"product_tag-hidden-magnet","11":"first","12":"instock","13":"shipping-taxable","14":"product-type-simple"},"aioseo_notices":[],"_links":{"self":[{"href":"https:\/\/richarms.com\/pt\/wp-json\/wp\/v2\/product\/7605","targetHints":{"allow":["GET"]}}],"collection":[{"href":"https:\/\/richarms.com\/pt\/wp-json\/wp\/v2\/product"}],"about":[{"href":"https:\/\/richarms.com\/pt\/wp-json\/wp\/v2\/types\/product"}],"wp:featuredmedia":[{"embeddable":true,"href":"https:\/\/richarms.com\/pt\/wp-json\/wp\/v2\/media\/7610"}],"wp:attachment":[{"href":"https:\/\/richarms.com\/pt\/wp-json\/wp\/v2\/media?parent=7605"}],"wp:term":[{"taxonomy":"product_brand","embeddable":true,"href":"https:\/\/richarms.com\/pt\/wp-json\/wp\/v2\/product_brand?post=7605"},{"taxonomy":"product_cat","embeddable":true,"href":"https:\/\/richarms.com\/pt\/wp-json\/wp\/v2\/product_cat?post=7605"},{"taxonomy":"product_tag","embeddable":true,"href":"https:\/\/richarms.com\/pt\/wp-json\/wp\/v2\/product_tag?post=7605"}],"curies":[{"name":"wp","href":"https:\/\/api.w.org\/{rel}","templated":true}]}}