{"id":7892,"date":"2024-02-27T15:59:05","date_gmt":"2024-02-27T07:59:05","guid":{"rendered":"https:\/\/richarms.com\/?post_type=product&#038;p=7892"},"modified":"2024-10-07T12:24:02","modified_gmt":"2024-10-07T04:24:02","slug":"magnetic-snap-button","status":"publish","type":"product","link":"https:\/\/richarms.com\/pt\/produto\/magnetic-snap-button","title":{"rendered":"Bot\u00e3o de press\u00e3o magn\u00e9tico"},"content":{"rendered":"<h2>Bot\u00e3o de press\u00e3o magn\u00e9tico com pino ajust\u00e1vel<\/h2>\n<p>Dimens\u00e3o do bot\u00e3o magn\u00e9tico de press\u00e3o<\/p>\n<div style=\"width: 387px\" class=\"wp-caption aligncenter\"><img class=\"lazyload\" decoding=\"async\" src=\"data:image\/svg+xml,%3Csvg%20xmlns%3D%27http%3A%2F%2Fwww.w3.org%2F2000%2Fsvg%27%20width%3D%27377%27%20height%3D%27227%27%20viewBox%3D%270%200%20377%20227%27%3E%3Crect%20width%3D%27377%27%20height%3D%27227%27%20fill-opacity%3D%220%22%2F%3E%3C%2Fsvg%3E\" data-orig-src=\"https:\/\/cdn.shopify.com\/s\/files\/1\/0600\/9123\/6523\/files\/9d03223752bd12913f6d1542b1453f3a_480x480.png?v=1709023551\" alt=\"Richarms Magnetic Snap Button with Adjustable Prong Wholesale \" width=\"377\" height=\"227\" \/><p class=\"wp-caption-text\">Richarms Magnetic Snap Button with Adjustable Prong Wholesale em diferentes cores, tamanhos e poste traseiro.<\/p><\/div>\n<p>&nbsp;<\/p>\n<p>&nbsp;<\/p>\n<table style=\"border-collapse: collapse; width: 752px; height: 218px;\" border=\"0\" width=\"1471\" cellspacing=\"0\" cellpadding=\"0\">\n<tbody>\n<tr style=\"height: 41.00pt;\">\n<td class=\"et4\" style=\"height: 41.00pt; width: 125.50pt;\" width=\"251\" height=\"82\"><\/td>\n<td class=\"et5\" style=\"width: 74pt; text-align: center;\" width=\"148\">8 mm<br \/>\nFeminino<\/td>\n<td class=\"et5\" style=\"width: 74pt; text-align: center;\" width=\"148\">8 mm<br \/>\nMasculino<\/td>\n<td class=\"et5\" style=\"width: 74pt; text-align: center;\" width=\"148\">10 mm<br \/>\nFeminino<\/td>\n<td class=\"et5\" style=\"width: 97.5pt; text-align: center;\" width=\"195\">Macho de 10 mm<br \/>\n(Regular)<\/td>\n<td class=\"et5\" style=\"width: 97.5pt; text-align: center;\" width=\"195\">Macho de 10 mm<br \/>\n(Curto)<\/td>\n<td class=\"et5\" style=\"width: 97.5pt; text-align: center;\" width=\"195\">Macho de 10 mm<br \/>\n(Comprimento)<\/td>\n<td class=\"et5\" style=\"width: 95.5pt; text-align: center;\" width=\"191\">Arruela de 8 mm\/10 mm<\/td>\n<\/tr>\n<tr style=\"height: 41.00pt;\">\n<td class=\"et4\" style=\"height: 41.00pt;\" height=\"82\">Di\u00e2metro (DIA)<\/td>\n<td class=\"et5\" style=\"width: 74pt; text-align: center;\" width=\"148\">8,5 mm<\/td>\n<td class=\"et5\" style=\"width: 74pt; text-align: center;\" width=\"148\">8 mm<\/td>\n<td class=\"et5\" style=\"width: 74pt; text-align: center;\" width=\"148\">10,5 mm<\/td>\n<td class=\"et5\" style=\"width: 97.5pt; text-align: center;\" width=\"195\">10 mm<\/td>\n<td class=\"et5\" style=\"width: 97.5pt; text-align: center;\" width=\"195\">10 mm<\/td>\n<td class=\"et5\" style=\"width: 97.5pt; text-align: center;\" width=\"195\">10 mm<\/td>\n<td class=\"et5\" style=\"width: 95.5pt; text-align: center;\" width=\"191\">10,5 mm<\/td>\n<\/tr>\n<tr style=\"height: 41.00pt;\">\n<td class=\"et4\" style=\"height: 41.00pt;\" height=\"82\">Espessura (T)<\/td>\n<td class=\"et5\" style=\"width: 74pt; text-align: center;\" width=\"148\">2 mm<\/td>\n<td class=\"et5\" style=\"width: 74pt; text-align: center;\" width=\"148\">2 mm<\/td>\n<td class=\"et5\" style=\"width: 74pt; text-align: center;\" width=\"148\">2 mm<\/td>\n<td class=\"et5\" style=\"width: 97.5pt; text-align: center;\" width=\"195\">0,6 mm<\/td>\n<td class=\"et5\" style=\"width: 97.5pt; text-align: center;\" width=\"195\">0,6 mm<\/td>\n<td class=\"et5\" style=\"width: 97.5pt; text-align: center;\" width=\"195\">0,6 mm<\/td>\n<td class=\"et5\" style=\"width: 95.5pt; text-align: center;\" width=\"191\">0,2 mm<\/td>\n<\/tr>\n<tr style=\"height: 41.00pt;\">\n<td class=\"et4\" style=\"height: 41.00pt;\" height=\"82\">Altura do pino (H)<\/td>\n<td class=\"et5\" style=\"width: 74pt; text-align: center;\" width=\"148\">6 mm<\/td>\n<td class=\"et5\" style=\"width: 74pt; text-align: center;\" width=\"148\">6 mm<\/td>\n<td class=\"et5\" style=\"width: 74pt; text-align: center;\" width=\"148\">6 mm<\/td>\n<td class=\"et5\" style=\"width: 97.5pt; text-align: center;\" width=\"195\">6 mm<\/td>\n<td class=\"et5\" style=\"width: 97.5pt; text-align: center;\" width=\"195\">4 mm<\/td>\n<td class=\"et5\" style=\"width: 97.5pt; text-align: center;\" width=\"195\">10 mm<\/td>\n<td class=\"et5\" style=\"width: 95.5pt; text-align: center;\" width=\"191\">&#8211;<\/td>\n<\/tr>\n<\/tbody>\n<\/table>\n<p>Apresentando nosso <strong>bot\u00e3o de press\u00e3o com \u00edm\u00e3 de pino ajust\u00e1vel<\/strong>projetado para uma fixa\u00e7\u00e3o vers\u00e1til e confi\u00e1vel em diversas aplica\u00e7\u00f5es. Esse inovador <strong>bot\u00e3o magn\u00e9tico de press\u00e3o<\/strong> apresenta pinos ajust\u00e1veis, permitindo que voc\u00ea personalize o \u00e2ngulo para uma instala\u00e7\u00e3o ideal em pain\u00e9is ou tecidos.<\/p>\n<ul>\n<li><strong>Design vers\u00e1til de pinos<\/strong>: Os pinos podem ser ajustados para se adaptarem a diferentes superf\u00edcies, garantindo sempre uma conex\u00e3o segura e personalizada.<\/li>\n<li><strong>F\u00e1cil de instalar<\/strong>: Especificamente projetado para fixa\u00e7\u00e3o r\u00e1pida em v\u00e1rios materiais, este <strong>bot\u00e3o magn\u00e9tico de press\u00e3o<\/strong> torna a instala\u00e7\u00e3o simples e eficiente.<\/li>\n<li><strong>Substitui\u00e7\u00e3o conveniente<\/strong>: O design permite uma desmontagem f\u00e1cil, o que simplifica a substitui\u00e7\u00e3o do <strong>bot\u00f5es magn\u00e9ticos de press\u00e3o<\/strong> conforme necess\u00e1rio.<\/li>\n<li><strong>Disponibilidade regular de estoque<\/strong>: Este produto est\u00e1 sempre em estoque. Pedidos de amostras podem ser feitos por meio de nosso <a href=\"https:\/\/www.richarmshardware.com\/collections\/medical-electircal-magnetic-snap\">loja on-line<\/a>enquanto os pre\u00e7os de atacado para pedidos padr\u00e3o podem ser obtidos entrando em contato com <a href=\"http:\/\/richarms.com\/pt\/contact\/\">nossa equipe de vendas<\/a>.<\/li>\n<\/ul>\n<p><strong>Principais recursos<\/strong>:<\/p>\n<ul>\n<li>Pinos ajust\u00e1veis para encaixe personalizado<\/li>\n<li>Integra\u00e7\u00e3o perfeita com v\u00e1rias superf\u00edcies<\/li>\n<li>Substitui\u00e7\u00e3o e manuten\u00e7\u00e3o sem esfor\u00e7o<\/li>\n<\/ul>\n<p>Aprimore seus projetos com nossos <strong>bot\u00f5es de press\u00e3o com \u00edm\u00e3<\/strong> para obter informa\u00e7\u00f5es confi\u00e1veis e <a href=\"https:\/\/www.pinterest.com\/richarmsaccessoriesgroups\/innovative-electric-magnetic-snaps-for-all-purpose\/\">Fechos elegantes<\/a> que se adaptam \u00e0s suas necessidades.<\/p>\n<p><strong>Material:<\/strong><\/p>\n<p>C\u00e1psula f\u00eamea: Ferro, lat\u00e3o comum ou lat\u00e3o ambiental dispon\u00edvel<br \/>\nC\u00e1psula masculina: Ferro<\/p>\n<p><img decoding=\"async\" class=\"alignnone wp-image-7161 lazyautosizes ls-is-cached lazyloaded\" src=\"https:\/\/richarms.com\/wp-content\/uploads\/2020\/03\/materials-e1626143269166.png\" sizes=\"446px\" srcset=\"https:\/\/richarms.com\/wp-content\/uploads\/2020\/03\/materials-e1626143269166-200x89.png 200w, https:\/\/richarms.com\/wp-content\/uploads\/2020\/03\/materials-e1626143269166-300x134.png 300w, https:\/\/richarms.com\/wp-content\/uploads\/2020\/03\/materials-e1626143269166-400x178.png 400w, https:\/\/richarms.com\/wp-content\/uploads\/2020\/03\/materials-e1626143269166-500x223.png 500w, https:\/\/richarms.com\/wp-content\/uploads\/2020\/03\/materials-e1626143269166.png 511w\" alt=\"\" width=\"446\" height=\"199\" data-orig-src=\"https:\/\/richarms.com\/wp-content\/uploads\/2020\/03\/materials-e1626143269166.png\" data-srcset=\"https:\/\/richarms.com\/wp-content\/uploads\/2020\/03\/materials-e1626143269166-200x89.png 200w, https:\/\/richarms.com\/wp-content\/uploads\/2020\/03\/materials-e1626143269166-300x134.png 300w, https:\/\/richarms.com\/wp-content\/uploads\/2020\/03\/materials-e1626143269166-400x178.png 400w, https:\/\/richarms.com\/wp-content\/uploads\/2020\/03\/materials-e1626143269166-500x223.png 500w, https:\/\/richarms.com\/wp-content\/uploads\/2020\/03\/materials-e1626143269166.png 511w\" data-sizes=\"auto\" data-orig-sizes=\"(max-width: 446px) 100vw, 446px\" \/><\/p>\n<p>\u00cdm\u00e3 permanente de neod\u00edmio. A pot\u00eancia do \u00edm\u00e3 depende do tamanho do \u00edm\u00e3 e do grau do \u00edm\u00e3<\/p>\n<p><img decoding=\"async\" class=\"wp-image-7163 lazyautosizes lazyloaded\" title=\"pe\u00e7a de encaixe magn\u00e9tico\" src=\"https:\/\/richarms.com\/wp-content\/uploads\/2020\/03\/%E8%B6%85%E8%96%84%E7%A3%81%E5%8A%9B-e1626186192975.png\" sizes=\"449px\" srcset=\"https:\/\/richarms.com\/wp-content\/uploads\/2020\/03\/\u8d85\u8584\u78c1\u529b-e1626186192975-200x58.png 200w, https:\/\/richarms.com\/wp-content\/uploads\/2020\/03\/\u8d85\u8584\u78c1\u529b-e1626186192975-300x87.png 300w, https:\/\/richarms.com\/wp-content\/uploads\/2020\/03\/\u8d85\u8584\u78c1\u529b-e1626186192975-400x117.png 400w, https:\/\/richarms.com\/wp-content\/uploads\/2020\/03\/\u8d85\u8584\u78c1\u529b-e1626186192975-500x146.png 500w, https:\/\/richarms.com\/wp-content\/uploads\/2020\/03\/\u8d85\u8584\u78c1\u529b-e1626186192975-600x175.png 600w, https:\/\/richarms.com\/wp-content\/uploads\/2020\/03\/\u8d85\u8584\u78c1\u529b-e1626186192975-700x204.png 700w, https:\/\/richarms.com\/wp-content\/uploads\/2020\/03\/\u8d85\u8584\u78c1\u529b-e1626186192975-768x224.png 768w, https:\/\/richarms.com\/wp-content\/uploads\/2020\/03\/\u8d85\u8584\u78c1\u529b-e1626186192975-800x233.png 800w, https:\/\/richarms.com\/wp-content\/uploads\/2020\/03\/\u8d85\u8584\u78c1\u529b-e1626186192975.png 885w\" alt=\"\" width=\"449\" height=\"131\" data-orig-src=\"https:\/\/richarms.com\/wp-content\/uploads\/2020\/03\/\u8d85\u8584\u78c1\u529b-e1626186192975.png\" data-srcset=\"https:\/\/richarms.com\/wp-content\/uploads\/2020\/03\/\u8d85\u8584\u78c1\u529b-e1626186192975-200x58.png 200w, https:\/\/richarms.com\/wp-content\/uploads\/2020\/03\/\u8d85\u8584\u78c1\u529b-e1626186192975-300x87.png 300w, https:\/\/richarms.com\/wp-content\/uploads\/2020\/03\/\u8d85\u8584\u78c1\u529b-e1626186192975-400x117.png 400w, https:\/\/richarms.com\/wp-content\/uploads\/2020\/03\/\u8d85\u8584\u78c1\u529b-e1626186192975-500x146.png 500w, https:\/\/richarms.com\/wp-content\/uploads\/2020\/03\/\u8d85\u8584\u78c1\u529b-e1626186192975-600x175.png 600w, https:\/\/richarms.com\/wp-content\/uploads\/2020\/03\/\u8d85\u8584\u78c1\u529b-e1626186192975-700x204.png 700w, https:\/\/richarms.com\/wp-content\/uploads\/2020\/03\/\u8d85\u8584\u78c1\u529b-e1626186192975-768x224.png 768w, https:\/\/richarms.com\/wp-content\/uploads\/2020\/03\/\u8d85\u8584\u78c1\u529b-e1626186192975-800x233.png 800w, https:\/\/richarms.com\/wp-content\/uploads\/2020\/03\/\u8d85\u8584\u78c1\u529b-e1626186192975.png 885w\" data-sizes=\"auto\" data-orig-sizes=\"(max-width: 449px) 100vw, 449px\" \/><\/p>\n<p><strong><b>Pacote\uff1a<\/b><\/strong><br \/>\n1 conjunto = 1 macho, 1 f\u00eamea, 2 arruelas<br \/>\n8 mm\/10 mm: 400 conjuntos\/caixa, 20 caixas\/caixa de papel\u00e3o<\/p>\n<p><strong><b>Aplica\u00e7\u00e3o\uff1a<br \/>\n<img decoding=\"async\" class=\"lazyload alignnone size-medium wp-image-7511\" src=\"https:\/\/richarms.com\/wp-content\/uploads\/2021\/10\/IMG_4041-300x300.jpg\" data-orig-src=\"https:\/\/richarms.com\/wp-content\/uploads\/2021\/10\/IMG_4041-300x300.jpg\" alt=\"\" width=\"300\" height=\"300\" srcset=\"data:image\/svg+xml,%3Csvg%20xmlns%3D%27http%3A%2F%2Fwww.w3.org%2F2000%2Fsvg%27%20width%3D%27300%27%20height%3D%27300%27%20viewBox%3D%270%200%20300%20300%27%3E%3Crect%20width%3D%27300%27%20height%3D%27300%27%20fill-opacity%3D%220%22%2F%3E%3C%2Fsvg%3E\" data-srcset=\"https:\/\/richarms.com\/wp-content\/uploads\/2021\/10\/IMG_4041-66x66.jpg 66w, https:\/\/richarms.com\/wp-content\/uploads\/2021\/10\/IMG_4041-100x100.jpg 100w, https:\/\/richarms.com\/wp-content\/uploads\/2021\/10\/IMG_4041-150x150.jpg 150w, https:\/\/richarms.com\/wp-content\/uploads\/2021\/10\/IMG_4041-200x200.jpg 200w, https:\/\/richarms.com\/wp-content\/uploads\/2021\/10\/IMG_4041-300x300.jpg 300w, https:\/\/richarms.com\/wp-content\/uploads\/2021\/10\/IMG_4041-400x400.jpg 400w, https:\/\/richarms.com\/wp-content\/uploads\/2021\/10\/IMG_4041-500x500.jpg 500w, https:\/\/richarms.com\/wp-content\/uploads\/2021\/10\/IMG_4041-600x600.jpg 600w, https:\/\/richarms.com\/wp-content\/uploads\/2021\/10\/IMG_4041-700x700.jpg 700w, https:\/\/richarms.com\/wp-content\/uploads\/2021\/10\/IMG_4041-768x768.jpg 768w, https:\/\/richarms.com\/wp-content\/uploads\/2021\/10\/IMG_4041-800x800.jpg 800w, https:\/\/richarms.com\/wp-content\/uploads\/2021\/10\/IMG_4041.jpg 1000w\" data-sizes=\"auto\" data-orig-sizes=\"(max-width: 300px) 100vw, 300px\" \/><br \/>\n<\/b><\/strong><\/p>","protected":false},"excerpt":{"rendered":"<p>Tipo:Bot\u00e3o de press\u00e3o magn\u00e9tico<br \/>\nMaterial: Lat\u00e3o, ferro, \u00edm\u00e3<br \/>\nN\u00famero do modelo: RC-EP0820\/1020\/1020S\/1020L<br \/>\nTamanho: 8x2mm, 10x2mm<br \/>\nCor: N\u00edquel<br \/>\nEmbalagem: caixa e caixa de papel\u00e3o<br \/>\nEnvio: LCL\/ DHL \/ FedEx \/ TNT \/ Outros<\/p>","protected":false},"featured_media":7897,"template":"","meta":[],"product_brand":[],"product_cat":[110],"product_tag":[],"class_list":{"0":"post-7892","1":"product","2":"type-product","3":"status-publish","4":"has-post-thumbnail","6":"product_cat-medical-electrical-snap","8":"first","9":"instock","10":"shipping-taxable","11":"product-type-simple"},"aioseo_notices":[],"_links":{"self":[{"href":"https:\/\/richarms.com\/pt\/wp-json\/wp\/v2\/product\/7892","targetHints":{"allow":["GET"]}}],"collection":[{"href":"https:\/\/richarms.com\/pt\/wp-json\/wp\/v2\/product"}],"about":[{"href":"https:\/\/richarms.com\/pt\/wp-json\/wp\/v2\/types\/product"}],"wp:featuredmedia":[{"embeddable":true,"href":"https:\/\/richarms.com\/pt\/wp-json\/wp\/v2\/media\/7897"}],"wp:attachment":[{"href":"https:\/\/richarms.com\/pt\/wp-json\/wp\/v2\/media?parent=7892"}],"wp:term":[{"taxonomy":"product_brand","embeddable":true,"href":"https:\/\/richarms.com\/pt\/wp-json\/wp\/v2\/product_brand?post=7892"},{"taxonomy":"product_cat","embeddable":true,"href":"https:\/\/richarms.com\/pt\/wp-json\/wp\/v2\/product_cat?post=7892"},{"taxonomy":"product_tag","embeddable":true,"href":"https:\/\/richarms.com\/pt\/wp-json\/wp\/v2\/product_tag?post=7892"}],"curies":[{"name":"wp","href":"https:\/\/api.w.org\/{rel}","templated":true}]}}