{"id":7900,"date":"2024-02-27T17:03:43","date_gmt":"2024-02-27T09:03:43","guid":{"rendered":"https:\/\/richarms.com\/?post_type=product&#038;p=7900"},"modified":"2024-10-07T12:43:28","modified_gmt":"2024-10-07T04:43:28","slug":"magnetic-electrical-connector","status":"publish","type":"product","link":"https:\/\/richarms.com\/pt\/produto\/magnetic-electrical-connector","title":{"rendered":"Conector magn\u00e9tico el\u00e9trico"},"content":{"rendered":"<h2>Magnetic Electrical Connector (No Prong)<\/h2>\n<table style=\"border-collapse: collapse; width: 381.52pt;\" border=\"0\" width=\"763\" cellspacing=\"0\" cellpadding=\"0\">\n<tbody>\n<tr style=\"height: 33.00pt;\">\n<td class=\"et3\" style=\"height: 33.00pt; width: 125.50pt;\" width=\"251\" height=\"66\"><\/td>\n<td class=\"et4\" style=\"width: 126.5pt; text-align: center;\" width=\"253\">10mm Female<\/td>\n<td class=\"et4\" style=\"width: 129.5pt; text-align: center;\" width=\"259\">IMAGEM<\/td>\n<\/tr>\n<tr style=\"height: 27.00pt;\">\n<td class=\"et3\" style=\"height: 27.00pt;\" height=\"54\">Di\u00e2metro (DIA)<\/td>\n<td class=\"et4\" style=\"width: 126.5pt; text-align: center;\" width=\"253\">10,5 mm<\/td>\n<td class=\"et5\" rowspan=\"2\">\n<p><div style=\"width: 256px\" class=\"wp-caption alignnone\"><img class=\"lazyload\" decoding=\"async\" style=\"display: block;\" src=\"data:image\/svg+xml,%3Csvg%20xmlns%3D%27http%3A%2F%2Fwww.w3.org%2F2000%2Fsvg%27%20width%3D%27246%27%20height%3D%27132%27%20viewBox%3D%270%200%20246%20132%27%3E%3Crect%20width%3D%27246%27%20height%3D%27132%27%20fill-opacity%3D%220%22%2F%3E%3C%2Fsvg%3E\" data-orig-src=\"https:\/\/cdn.shopify.com\/s\/files\/1\/0600\/9123\/6523\/files\/NOPRONG_480x480.png?v=1709024604\" alt=\"Richarms Magnetic Electrical Connector (No Prong) in Bulk\" width=\"246\" height=\"132\" \/><p class=\"wp-caption-text\">Richarms wholesale Magnetic Electrical Connector (No Prong), in different color, size and back post, Global delivery<\/p><\/div><\/td>\n<\/tr>\n<tr style=\"height: 27.00pt;\">\n<td class=\"et3\" style=\"height: 27.00pt;\" height=\"54\">Espessura (T)<\/td>\n<td class=\"et4\" style=\"width: 126.5pt; text-align: center;\" width=\"253\">2 mm<\/td>\n<\/tr>\n<\/tbody>\n<\/table>\n<p>Fast link: Magnetic Electrical Connector <a href=\"https:\/\/richarms.com\/pt\/categoria-produto\/medical-electrical-snap\/\">with Prong or stem<\/a> option, <a href=\"https:\/\/www.richarmshardware.com\/collections\/medical-electircal-magnetic-snap\">Small Order<\/a> Acceptable<\/p>\n<p>Apresentando nosso <strong>magnetic electrical snap connector<\/strong> designed without a prong or stem, making it perfect for embedding directly into devices. This innovative <strong>electrical snap connector<\/strong> offers seamless integration while maintaining strong magnetic strength, ensuring reliable connections in various applications.<\/p>\n<ul>\n<li><strong>Design compacto<\/strong>: With no protruding parts, this connector is ideal for embedding into sleek devices, preserving aesthetics while enhancing functionality.<\/li>\n<li><strong>Strong Magnetic Connection<\/strong>: Utilizes high-quality neodymium magnets to ensure a secure hold, minimizing the risk of disconnection during use.<\/li>\n<li><strong>Baixa resist\u00eancia el\u00e9trica<\/strong>: Guarantees optimal conductivity, making it suitable for demanding electrical applications.<\/li>\n<li><a href=\"https:\/\/www.pinterest.com\/richarmsaccessoriesgroups\/innovative-electric-magnetic-snaps-for-all-purpose\/\"><strong>Versatile Application<\/strong><\/a>: Perfect for a range of devices, from therapeutic equipment to wearable technology.<\/li>\n<\/ul>\n<h3><strong>Key Features of our Magnetic Electrical Connector (No Prong)<\/strong>:<\/h3>\n<ul>\n<li>No prong design for clean integration<\/li>\n<li>Enhanced magnetic strength for secure connections<\/li>\n<li>Ideal for compact and innovative device designs<\/li>\n<\/ul>\n<h3><strong>Material:<\/strong><\/h3>\n<p>C\u00e1psula f\u00eamea: Ferro, lat\u00e3o comum ou lat\u00e3o ambiental dispon\u00edvel<br \/>\nC\u00e1psula masculina: Ferro<\/p>\n<p><img decoding=\"async\" class=\"alignnone wp-image-7161 lazyautosizes ls-is-cached lazyloaded\" src=\"https:\/\/richarms.com\/wp-content\/uploads\/2020\/03\/materials-e1626143269166.png\" sizes=\"446px\" srcset=\"https:\/\/richarms.com\/wp-content\/uploads\/2020\/03\/materials-e1626143269166-200x89.png 200w, https:\/\/richarms.com\/wp-content\/uploads\/2020\/03\/materials-e1626143269166-300x134.png 300w, https:\/\/richarms.com\/wp-content\/uploads\/2020\/03\/materials-e1626143269166-400x178.png 400w, https:\/\/richarms.com\/wp-content\/uploads\/2020\/03\/materials-e1626143269166-500x223.png 500w, https:\/\/richarms.com\/wp-content\/uploads\/2020\/03\/materials-e1626143269166.png 511w\" alt=\"\" width=\"446\" height=\"199\" data-orig-src=\"https:\/\/richarms.com\/wp-content\/uploads\/2020\/03\/materials-e1626143269166.png\" data-srcset=\"https:\/\/richarms.com\/wp-content\/uploads\/2020\/03\/materials-e1626143269166-200x89.png 200w, https:\/\/richarms.com\/wp-content\/uploads\/2020\/03\/materials-e1626143269166-300x134.png 300w, https:\/\/richarms.com\/wp-content\/uploads\/2020\/03\/materials-e1626143269166-400x178.png 400w, https:\/\/richarms.com\/wp-content\/uploads\/2020\/03\/materials-e1626143269166-500x223.png 500w, https:\/\/richarms.com\/wp-content\/uploads\/2020\/03\/materials-e1626143269166.png 511w\" data-sizes=\"auto\" data-orig-sizes=\"(max-width: 446px) 100vw, 446px\" \/><\/p>\n<p>\u00cdm\u00e3 permanente de neod\u00edmio. A pot\u00eancia do \u00edm\u00e3 depende do tamanho do \u00edm\u00e3 e do grau do \u00edm\u00e3<\/p>\n<p><img decoding=\"async\" class=\"wp-image-7163 lazyautosizes lazyloaded\" title=\"pe\u00e7a de encaixe magn\u00e9tico\" src=\"https:\/\/richarms.com\/wp-content\/uploads\/2020\/03\/%E8%B6%85%E8%96%84%E7%A3%81%E5%8A%9B-e1626186192975.png\" sizes=\"449px\" srcset=\"https:\/\/richarms.com\/wp-content\/uploads\/2020\/03\/\u8d85\u8584\u78c1\u529b-e1626186192975-200x58.png 200w, https:\/\/richarms.com\/wp-content\/uploads\/2020\/03\/\u8d85\u8584\u78c1\u529b-e1626186192975-300x87.png 300w, https:\/\/richarms.com\/wp-content\/uploads\/2020\/03\/\u8d85\u8584\u78c1\u529b-e1626186192975-400x117.png 400w, https:\/\/richarms.com\/wp-content\/uploads\/2020\/03\/\u8d85\u8584\u78c1\u529b-e1626186192975-500x146.png 500w, https:\/\/richarms.com\/wp-content\/uploads\/2020\/03\/\u8d85\u8584\u78c1\u529b-e1626186192975-600x175.png 600w, https:\/\/richarms.com\/wp-content\/uploads\/2020\/03\/\u8d85\u8584\u78c1\u529b-e1626186192975-700x204.png 700w, https:\/\/richarms.com\/wp-content\/uploads\/2020\/03\/\u8d85\u8584\u78c1\u529b-e1626186192975-768x224.png 768w, https:\/\/richarms.com\/wp-content\/uploads\/2020\/03\/\u8d85\u8584\u78c1\u529b-e1626186192975-800x233.png 800w, https:\/\/richarms.com\/wp-content\/uploads\/2020\/03\/\u8d85\u8584\u78c1\u529b-e1626186192975.png 885w\" alt=\"\" width=\"449\" height=\"131\" data-orig-src=\"https:\/\/richarms.com\/wp-content\/uploads\/2020\/03\/\u8d85\u8584\u78c1\u529b-e1626186192975.png\" data-srcset=\"https:\/\/richarms.com\/wp-content\/uploads\/2020\/03\/\u8d85\u8584\u78c1\u529b-e1626186192975-200x58.png 200w, https:\/\/richarms.com\/wp-content\/uploads\/2020\/03\/\u8d85\u8584\u78c1\u529b-e1626186192975-300x87.png 300w, https:\/\/richarms.com\/wp-content\/uploads\/2020\/03\/\u8d85\u8584\u78c1\u529b-e1626186192975-400x117.png 400w, https:\/\/richarms.com\/wp-content\/uploads\/2020\/03\/\u8d85\u8584\u78c1\u529b-e1626186192975-500x146.png 500w, https:\/\/richarms.com\/wp-content\/uploads\/2020\/03\/\u8d85\u8584\u78c1\u529b-e1626186192975-600x175.png 600w, https:\/\/richarms.com\/wp-content\/uploads\/2020\/03\/\u8d85\u8584\u78c1\u529b-e1626186192975-700x204.png 700w, https:\/\/richarms.com\/wp-content\/uploads\/2020\/03\/\u8d85\u8584\u78c1\u529b-e1626186192975-768x224.png 768w, https:\/\/richarms.com\/wp-content\/uploads\/2020\/03\/\u8d85\u8584\u78c1\u529b-e1626186192975-800x233.png 800w, https:\/\/richarms.com\/wp-content\/uploads\/2020\/03\/\u8d85\u8584\u78c1\u529b-e1626186192975.png 885w\" data-sizes=\"auto\" data-orig-sizes=\"(max-width: 449px) 100vw, 449px\" \/><\/p>\n<h3><strong><b>Electrical Fasteners Packing\uff1a<\/b><\/strong><\/h3>\n<p>1 conjunto = 1 f\u00eamea<br \/>\n8 mm\/10 mm: 400 conjuntos\/caixa, 20 caixas\/caixa de papel\u00e3o<\/p>\n<h3><strong><b>Magnet Snap Button Application\uff1a<br \/>\n<img decoding=\"async\" class=\"lazyload alignnone size-medium wp-image-7511\" src=\"https:\/\/richarms.com\/wp-content\/uploads\/2021\/10\/IMG_4041-300x300.jpg\" data-orig-src=\"https:\/\/richarms.com\/wp-content\/uploads\/2021\/10\/IMG_4041-300x300.jpg\" alt=\"\" width=\"300\" height=\"300\" srcset=\"data:image\/svg+xml,%3Csvg%20xmlns%3D%27http%3A%2F%2Fwww.w3.org%2F2000%2Fsvg%27%20width%3D%27300%27%20height%3D%27300%27%20viewBox%3D%270%200%20300%20300%27%3E%3Crect%20width%3D%27300%27%20height%3D%27300%27%20fill-opacity%3D%220%22%2F%3E%3C%2Fsvg%3E\" data-srcset=\"https:\/\/richarms.com\/wp-content\/uploads\/2021\/10\/IMG_4041-66x66.jpg 66w, https:\/\/richarms.com\/wp-content\/uploads\/2021\/10\/IMG_4041-100x100.jpg 100w, https:\/\/richarms.com\/wp-content\/uploads\/2021\/10\/IMG_4041-150x150.jpg 150w, https:\/\/richarms.com\/wp-content\/uploads\/2021\/10\/IMG_4041-200x200.jpg 200w, https:\/\/richarms.com\/wp-content\/uploads\/2021\/10\/IMG_4041-300x300.jpg 300w, https:\/\/richarms.com\/wp-content\/uploads\/2021\/10\/IMG_4041-400x400.jpg 400w, https:\/\/richarms.com\/wp-content\/uploads\/2021\/10\/IMG_4041-500x500.jpg 500w, https:\/\/richarms.com\/wp-content\/uploads\/2021\/10\/IMG_4041-600x600.jpg 600w, https:\/\/richarms.com\/wp-content\/uploads\/2021\/10\/IMG_4041-700x700.jpg 700w, https:\/\/richarms.com\/wp-content\/uploads\/2021\/10\/IMG_4041-768x768.jpg 768w, https:\/\/richarms.com\/wp-content\/uploads\/2021\/10\/IMG_4041-800x800.jpg 800w, https:\/\/richarms.com\/wp-content\/uploads\/2021\/10\/IMG_4041.jpg 1000w\" data-sizes=\"auto\" data-orig-sizes=\"(max-width: 300px) 100vw, 300px\" \/><\/b><\/strong><\/h3>\n<p>Upgrade your technology with our <strong>conectores el\u00e9tricos de encaixe<\/strong> for dependable and efficient electrical connections.<strong><b><br \/>\n<\/b><\/strong><\/p>","protected":false},"excerpt":{"rendered":"<p>Type:Magnetic Electrical Connector (No Prong)<br \/>\nMaterial: Lat\u00e3o, ferro, \u00edm\u00e3<br \/>\nModel Number: RC-ENP1020<br \/>\nTamanho: 10x2mm<br \/>\nCor: N\u00edquel<br \/>\nEmbalagem: caixa e caixa de papel\u00e3o<br \/>\nEnvio: LCL\/ DHL \/ FedEx \/ TNT \/ Outros<\/p>","protected":false},"featured_media":7901,"template":"","meta":[],"product_brand":[],"product_cat":[110],"product_tag":[],"class_list":{"0":"post-7900","1":"product","2":"type-product","3":"status-publish","4":"has-post-thumbnail","6":"product_cat-medical-electrical-snap","8":"first","9":"instock","10":"shipping-taxable","11":"product-type-simple"},"aioseo_notices":[],"_links":{"self":[{"href":"https:\/\/richarms.com\/pt\/wp-json\/wp\/v2\/product\/7900","targetHints":{"allow":["GET"]}}],"collection":[{"href":"https:\/\/richarms.com\/pt\/wp-json\/wp\/v2\/product"}],"about":[{"href":"https:\/\/richarms.com\/pt\/wp-json\/wp\/v2\/types\/product"}],"wp:featuredmedia":[{"embeddable":true,"href":"https:\/\/richarms.com\/pt\/wp-json\/wp\/v2\/media\/7901"}],"wp:attachment":[{"href":"https:\/\/richarms.com\/pt\/wp-json\/wp\/v2\/media?parent=7900"}],"wp:term":[{"taxonomy":"product_brand","embeddable":true,"href":"https:\/\/richarms.com\/pt\/wp-json\/wp\/v2\/product_brand?post=7900"},{"taxonomy":"product_cat","embeddable":true,"href":"https:\/\/richarms.com\/pt\/wp-json\/wp\/v2\/product_cat?post=7900"},{"taxonomy":"product_tag","embeddable":true,"href":"https:\/\/richarms.com\/pt\/wp-json\/wp\/v2\/product_tag?post=7900"}],"curies":[{"name":"wp","href":"https:\/\/api.w.org\/{rel}","templated":true}]}}